{"id":22092,"date":"2018-10-15T08:51:20","date_gmt":"2018-10-15T08:51:20","guid":{"rendered":"https:\/\/www.eurotherm.com\/product\/controleurs-de-puissance-epower\/"},"modified":"2025-07-11T17:16:33","modified_gmt":"2025-07-11T09:16:33","slug":"epower-controller","status":"publish","type":"product","link":"https:\/\/www.eurotherm.com\/fr\/products\/controle-de-puissance\/controleurs-de-puissance\/epower-controller\/","title":{"rendered":"Contr\u00f4leurs de puissance EPower\u2122"},"content":{"rendered":"<ul>\n<li>Conception modulaire<\/li>\n<li>Logiciel configurable<\/li>\n<li>QuickStart pour une installation ais\u00e9e<\/li>\n<li>Configuration avanc\u00e9e \u00e0 l&rsquo;aide de l&rsquo;\u00e9diteur de c\u00e2blage graphique<\/li>\n<li>Gestion pr\u00e9dictive des charges<\/li>\n<li>Communications flexibles<\/li>\n<\/ul>\n<p>Les contr\u00f4leurs de puissance EPower font appel aux technologies et innovations les plus r\u00e9centes pour g\u00e9rer votre proc\u00e9d\u00e9 et r\u00e9duire vos co\u00fbts d&rsquo;\u00e9nergie. Ils vous apportent \u00e0 tous les niveaux la flexibilit\u00e9 n\u00e9cessaire pour r\u00e9pondre au mieux \u00e0 vos besoins, aujourd&rsquo;hui et demain. Laissez-nous le soin de nous occuper de votre r\u00e9gulation de puissance et vous offrir la tranquillit\u00e9 d&rsquo;esprit qui va de pair avec la meilleure solution pour votre proc\u00e9d\u00e9 \u2013 m\u00eame \u00e0 mesure qu&rsquo;il \u00e9volue.<\/p>\n<p><strong>Flexibilit\u00e9<\/strong>\u00a0\u2013 technologies de pointe en harmonie avec la modularit\u00e9 et la facilit\u00e9 d&rsquo;utilisation pour r\u00e9pondre \u00e0 vos besoins en mati\u00e8re de r\u00e9gulation<\/p>\n<p><strong>Efficacit\u00e9<\/strong>\u00a0\u2013 r\u00e9gulation de puissance de classe mondiale avec des fonctions novatrices alliant la minimisation de vos co\u00fbts d&rsquo;\u00e9nergie et des performances de proc\u00e9d\u00e9 exceptionnelles<\/p>\n<p><strong>Tranquillit\u00e9 d&rsquo;esprit<\/strong>\u00a0&#8211; un contr\u00f4leur de puissance vous offrant un retour sur votre investissement et qui peut \u00eatre adapt\u00e9 \u00e0 l&rsquo;avenir pour r\u00e9pondre \u00e0 vos \u00e9ventuels changements de besoins &#8211; un seul produit pour toutes les solutions<\/p>\n<h3>\u200bUne modularit\u00e9 et une configurabilit\u00e9 r\u00e9volutionnaires pour r\u00e9pondre \u00e0 vos besoins&#8230;<\/h3>\n<ul>\n<li>Passage de commande, configuration et maintenance faciles gr\u00e2ce \u00e0 une conception modulaire<\/li>\n<li>Vos besoins changent: EPower peut facilement s&rsquo;y adapter<\/li>\n<li>R\u00e9serves de pi\u00e8ces de rechange minimum &#8211; nombreuses options configurables gr\u00e2ce \u00e0 un module variateur commun, par ex. mode de conduction, charge, phases, r\u00e9gulation ect.<\/li>\n<li>Jusqu&rsquo;\u00e0 quatre modules de puissance assurent une r\u00e9gulation mono et multiphas\u00e9e avec 7 options de configuration.<\/li>\n<\/ul>\n<p>Un seul module de contr\u00f4le peut supporter jusqu&rsquo;\u00e0 4 modules de puissance et donc jusqu&rsquo;\u00e0 4 boucles de r\u00e9gulation ind\u00e9pendantes. La plage de courant nominal des modules de puissance va de 100A \u00e0 400A. Le module de contr\u00f4le lui-m\u00eame prend en charge des cartes d&rsquo;options vous offrant une meilleure flexibilit\u00e9 pour votre solution:<\/p>\n<ul>\n<li><strong>Communications<\/strong>\u00a0\u2013 Protocoles r\u00e9seau RS485 Modbus RTU, Profibus, DeviceNet\u00ae et Modbus TCP<\/li>\n<li><strong>Gestion pr\u00e9dictive des charges (PLM) (demande de brevet d\u00e9pos\u00e9e)<\/strong>\u00a0\u2013 Une fonction puissante vous permettant de g\u00e9rer efficacement vos besoins en puissance pour plusieurs machines et de r\u00e9aliser des \u00e9conomies de co\u00fbts \u00e9nerg\u00e9tiques. Pour en savoir plus sur le PLM.<\/li>\n<li><strong>E\/S flexible\u00a0<\/strong>\u2013 Le module de contr\u00f4le prend en charge les E\/S standard et jusqu&rsquo;\u00e0 trois cartes d&rsquo;E\/S suppl\u00e9mentaires avec entr\u00e9es analogiques, sorties analogiques, E\/S num\u00e9riques et sorties relais.<\/li>\n<\/ul>\n","protected":false},"excerpt":{"rendered":"<p>Les contr\u00f4leurs de puissance EPower font appel aux technologies et innovations les plus r\u00e9centes pour g\u00e9rer votre proc\u00e9d\u00e9 et r\u00e9duire vos co\u00fbts d&rsquo;\u00e9nergie. Ils vous apportent \u00e0 tous les niveaux la flexibilit\u00e9 n\u00e9cessaire pour r\u00e9pondre au mieux \u00e0 vos besoins, aujourd&rsquo;hui et demain.<\/p>\n","protected":false},"featured_media":18367,"template":"","meta":{"_acf_changed":false},"product_brand":[],"product_cat":[12148,12150,12262,12269,1110],"product_tag":[],"class_list":{"0":"post-22092","1":"product","2":"type-product","3":"status-publish","4":"has-post-thumbnail","6":"industry-food-beverage-fr-2","7":"industry-glass-manufacturing-fr-2","8":"industry-heat-treatment-fr-2","9":"industry-life-sciences-fr-2","10":"product_cat-furnaces-atmosphere-and-vacuum-fr","11":"product_cat-heat-treat-products-fr","12":"product_cat-controle-de-puissance","13":"product_cat-controleurs-de-puissance","14":"product_cat-produits","15":"product_shipping_class-1-fr","17":"first","18":"instock","19":"purchasable","20":"product-type-simple"},"acf":[],"yoast_head":"<!-- This site is optimized with the Yoast SEO plugin v27.2 - https:\/\/yoast.com\/product\/yoast-seo-wordpress\/ -->\n<title>Contr\u00f4leurs de puissance EPower\u2122 | Eurotherm Limited<\/title>\n<meta name=\"description\" content=\"Contr\u00f4leurs de puissance EPower\u2122 | Conception modulaire Logiciel configurable QuickStart pour une installation ais\u00e9e\" \/>\n<meta name=\"robots\" content=\"index, follow, max-snippet:-1, max-image-preview:large, max-video-preview:-1\" \/>\n<meta property=\"og:locale\" content=\"fr_FR\" \/>\n<meta property=\"og:type\" content=\"article\" \/>\n<meta property=\"og:title\" content=\"Contr\u00f4leurs de puissance EPower\u2122 | Eurotherm Limited\" \/>\n<meta property=\"og:description\" content=\"Contr\u00f4leurs de puissance EPower\u2122 | Les contr\u00f4leurs de puissance EPower font appel aux technologies et innovations les plus r\u00e9centes pour g\u00e9rer votre proc\u00e9d\u00e9 et r\u00e9duire vos co\u00fbts d&#039;\u00e9nergie. Ils vous apportent \u00e0 tous les niveaux la flexibilit\u00e9 n\u00e9cessaire pour r\u00e9pondre au mieux \u00e0 vos besoins, aujourd&#039;hui et demain.\" \/>\n<meta property=\"og:url\" content=\"https:\/\/www.eurotherm.com\/fr\/products\/controle-de-puissance\/controleurs-de-puissance\/epower-controller\/\" \/>\n<meta property=\"og:site_name\" content=\"Eurotherm Limited\" \/>\n<meta property=\"article:modified_time\" content=\"2025-07-11T09:16:33+00:00\" \/>\n<meta property=\"og:image\" content=\"https:\/\/www.eurotherm.com\/wp-content\/uploads\/2016\/11\/epower.jpg\" \/>\n\t<meta property=\"og:image:width\" content=\"558\" \/>\n\t<meta property=\"og:image:height\" content=\"320\" \/>\n\t<meta property=\"og:image:type\" content=\"image\/jpeg\" \/>\n<meta name=\"twitter:card\" content=\"summary_large_image\" \/>\n<meta name=\"twitter:label1\" content=\"Dur\u00e9e de lecture estim\u00e9e\" \/>\n\t<meta name=\"twitter:data1\" content=\"2 minutes\" \/>\n<script type=\"application\/ld+json\" class=\"yoast-schema-graph\">{\"@context\":\"https:\/\/schema.org\",\"@graph\":[{\"@type\":\"WebPage\",\"@id\":\"https:\/\/www.eurotherm.com\/fr\/products\/controle-de-puissance\/controleurs-de-puissance\/epower-controller\/\",\"url\":\"https:\/\/www.eurotherm.com\/fr\/products\/controle-de-puissance\/controleurs-de-puissance\/epower-controller\/\",\"name\":\"Contr\u00f4leurs de puissance EPower\u2122 | Eurotherm Limited\",\"isPartOf\":{\"@id\":\"https:\/\/www.eurotherm.com\/fr\/#website\"},\"primaryImageOfPage\":{\"@id\":\"https:\/\/www.eurotherm.com\/fr\/products\/controle-de-puissance\/controleurs-de-puissance\/epower-controller\/#primaryimage\"},\"image\":{\"@id\":\"https:\/\/www.eurotherm.com\/fr\/products\/controle-de-puissance\/controleurs-de-puissance\/epower-controller\/#primaryimage\"},\"thumbnailUrl\":\"https:\/\/www.eurotherm.com\/wp-content\/uploads\/2016\/11\/epower.jpg\",\"datePublished\":\"2018-10-15T08:51:20+00:00\",\"dateModified\":\"2025-07-11T09:16:33+00:00\",\"description\":\"Contr\u00f4leurs de puissance EPower\u2122 | Les contr\u00f4leurs de puissance EPower font appel aux technologies et innovations les plus r\u00e9centes pour g\u00e9rer votre proc\u00e9d\u00e9 et r\u00e9duire vos co\u00fbts d'\u00e9nergie. Ils vous apportent \u00e0 tous les niveaux la flexibilit\u00e9 n\u00e9cessaire pour r\u00e9pondre au mieux \u00e0 vos besoins, aujourd'hui et demain.\",\"breadcrumb\":{\"@id\":\"https:\/\/www.eurotherm.com\/fr\/products\/controle-de-puissance\/controleurs-de-puissance\/epower-controller\/#breadcrumb\"},\"inLanguage\":\"fr-FR\",\"potentialAction\":[{\"@type\":\"ReadAction\",\"target\":[\"https:\/\/www.eurotherm.com\/fr\/products\/controle-de-puissance\/controleurs-de-puissance\/epower-controller\/\"]}]},{\"@type\":\"ImageObject\",\"inLanguage\":\"fr-FR\",\"@id\":\"https:\/\/www.eurotherm.com\/fr\/products\/controle-de-puissance\/controleurs-de-puissance\/epower-controller\/#primaryimage\",\"url\":\"https:\/\/www.eurotherm.com\/wp-content\/uploads\/2016\/11\/epower.jpg\",\"contentUrl\":\"https:\/\/www.eurotherm.com\/wp-content\/uploads\/2016\/11\/epower.jpg\",\"width\":558,\"height\":320},{\"@type\":\"BreadcrumbList\",\"@id\":\"https:\/\/www.eurotherm.com\/fr\/products\/controle-de-puissance\/controleurs-de-puissance\/epower-controller\/#breadcrumb\",\"itemListElement\":[{\"@type\":\"ListItem\",\"position\":1,\"name\":\"Home\",\"item\":\"https:\/\/www.eurotherm.com\/fr\/\"},{\"@type\":\"ListItem\",\"position\":2,\"name\":\"Product Catalogue\",\"item\":\"https:\/\/www.eurotherm.com\/fr\/product-catalogue\/\"},{\"@type\":\"ListItem\",\"position\":3,\"name\":\"Contr\u00f4le de puissance\",\"item\":\"https:\/\/www.eurotherm.com\/fr\/eurotherm-products\/controle-de-puissance\/\"},{\"@type\":\"ListItem\",\"position\":4,\"name\":\"Contr\u00f4leurs de puissance\",\"item\":\"https:\/\/www.eurotherm.com\/fr\/eurotherm-products\/controle-de-puissance\/controleurs-de-puissance\/\"},{\"@type\":\"ListItem\",\"position\":5,\"name\":\"Contr\u00f4leurs de puissance EPower\u2122\"}]},{\"@type\":\"WebSite\",\"@id\":\"https:\/\/www.eurotherm.com\/fr\/#website\",\"url\":\"https:\/\/www.eurotherm.com\/fr\/\",\"name\":\"Eurotherm Limited\",\"description\":\"Temperature Control, Process Control, Measurement and Data Recording Solutions\",\"potentialAction\":[{\"@type\":\"SearchAction\",\"target\":{\"@type\":\"EntryPoint\",\"urlTemplate\":\"https:\/\/www.eurotherm.com\/fr\/?s={search_term_string}\"},\"query-input\":{\"@type\":\"PropertyValueSpecification\",\"valueRequired\":true,\"valueName\":\"search_term_string\"}}],\"inLanguage\":\"fr-FR\"}]}<\/script>\n<!-- \/ Yoast SEO plugin. -->","yoast_head_json":{"title":"Contr\u00f4leurs de puissance EPower\u2122 | Eurotherm Limited","description":"Contr\u00f4leurs de puissance EPower\u2122 | Conception modulaire Logiciel configurable QuickStart pour une installation ais\u00e9e","robots":{"index":"index","follow":"follow","max-snippet":"max-snippet:-1","max-image-preview":"max-image-preview:large","max-video-preview":"max-video-preview:-1"},"og_locale":"fr_FR","og_type":"article","og_title":"Contr\u00f4leurs de puissance EPower\u2122 | Eurotherm Limited","og_description":"Contr\u00f4leurs de puissance EPower\u2122 | Les contr\u00f4leurs de puissance EPower font appel aux technologies et innovations les plus r\u00e9centes pour g\u00e9rer votre proc\u00e9d\u00e9 et r\u00e9duire vos co\u00fbts d'\u00e9nergie. Ils vous apportent \u00e0 tous les niveaux la flexibilit\u00e9 n\u00e9cessaire pour r\u00e9pondre au mieux \u00e0 vos besoins, aujourd'hui et demain.","og_url":"https:\/\/www.eurotherm.com\/fr\/products\/controle-de-puissance\/controleurs-de-puissance\/epower-controller\/","og_site_name":"Eurotherm Limited","article_modified_time":"2025-07-11T09:16:33+00:00","og_image":[{"width":558,"height":320,"url":"https:\/\/www.eurotherm.com\/wp-content\/uploads\/2016\/11\/epower.jpg","type":"image\/jpeg"}],"twitter_card":"summary_large_image","twitter_misc":{"Dur\u00e9e de lecture estim\u00e9e":"2 minutes"},"schema":{"@context":"https:\/\/schema.org","@graph":[{"@type":"WebPage","@id":"https:\/\/www.eurotherm.com\/fr\/products\/controle-de-puissance\/controleurs-de-puissance\/epower-controller\/","url":"https:\/\/www.eurotherm.com\/fr\/products\/controle-de-puissance\/controleurs-de-puissance\/epower-controller\/","name":"Contr\u00f4leurs de puissance EPower\u2122 | Eurotherm Limited","isPartOf":{"@id":"https:\/\/www.eurotherm.com\/fr\/#website"},"primaryImageOfPage":{"@id":"https:\/\/www.eurotherm.com\/fr\/products\/controle-de-puissance\/controleurs-de-puissance\/epower-controller\/#primaryimage"},"image":{"@id":"https:\/\/www.eurotherm.com\/fr\/products\/controle-de-puissance\/controleurs-de-puissance\/epower-controller\/#primaryimage"},"thumbnailUrl":"https:\/\/www.eurotherm.com\/wp-content\/uploads\/2016\/11\/epower.jpg","datePublished":"2018-10-15T08:51:20+00:00","dateModified":"2025-07-11T09:16:33+00:00","description":"Contr\u00f4leurs de puissance EPower\u2122 | Les contr\u00f4leurs de puissance EPower font appel aux technologies et innovations les plus r\u00e9centes pour g\u00e9rer votre proc\u00e9d\u00e9 et r\u00e9duire vos co\u00fbts d'\u00e9nergie. Ils vous apportent \u00e0 tous les niveaux la flexibilit\u00e9 n\u00e9cessaire pour r\u00e9pondre au mieux \u00e0 vos besoins, aujourd'hui et demain.","breadcrumb":{"@id":"https:\/\/www.eurotherm.com\/fr\/products\/controle-de-puissance\/controleurs-de-puissance\/epower-controller\/#breadcrumb"},"inLanguage":"fr-FR","potentialAction":[{"@type":"ReadAction","target":["https:\/\/www.eurotherm.com\/fr\/products\/controle-de-puissance\/controleurs-de-puissance\/epower-controller\/"]}]},{"@type":"ImageObject","inLanguage":"fr-FR","@id":"https:\/\/www.eurotherm.com\/fr\/products\/controle-de-puissance\/controleurs-de-puissance\/epower-controller\/#primaryimage","url":"https:\/\/www.eurotherm.com\/wp-content\/uploads\/2016\/11\/epower.jpg","contentUrl":"https:\/\/www.eurotherm.com\/wp-content\/uploads\/2016\/11\/epower.jpg","width":558,"height":320},{"@type":"BreadcrumbList","@id":"https:\/\/www.eurotherm.com\/fr\/products\/controle-de-puissance\/controleurs-de-puissance\/epower-controller\/#breadcrumb","itemListElement":[{"@type":"ListItem","position":1,"name":"Home","item":"https:\/\/www.eurotherm.com\/fr\/"},{"@type":"ListItem","position":2,"name":"Product Catalogue","item":"https:\/\/www.eurotherm.com\/fr\/product-catalogue\/"},{"@type":"ListItem","position":3,"name":"Contr\u00f4le de puissance","item":"https:\/\/www.eurotherm.com\/fr\/eurotherm-products\/controle-de-puissance\/"},{"@type":"ListItem","position":4,"name":"Contr\u00f4leurs de puissance","item":"https:\/\/www.eurotherm.com\/fr\/eurotherm-products\/controle-de-puissance\/controleurs-de-puissance\/"},{"@type":"ListItem","position":5,"name":"Contr\u00f4leurs de puissance EPower\u2122"}]},{"@type":"WebSite","@id":"https:\/\/www.eurotherm.com\/fr\/#website","url":"https:\/\/www.eurotherm.com\/fr\/","name":"Eurotherm Limited","description":"Temperature Control, Process Control, Measurement and Data Recording Solutions","potentialAction":[{"@type":"SearchAction","target":{"@type":"EntryPoint","urlTemplate":"https:\/\/www.eurotherm.com\/fr\/?s={search_term_string}"},"query-input":{"@type":"PropertyValueSpecification","valueRequired":true,"valueName":"search_term_string"}}],"inLanguage":"fr-FR"}]}},"ACF":{"product_file":[27728,27454,27706,27708,27429,27698,27697,27696,27695,27994,28360,27948,27949,27320,27699,27700,27701,27530,27531,27532,27702,27533,27703,27704,27534,27705,27958,27438,27692,27715,26904,27727,27951,27711,27712,27947,27713,27723,27724,27689,27718,27491,27490,27725,29212,27492,27714,27722,27709,27950,27719,27729,27782,28219,27716,27690,28221,27721,27707,27710,27691,27693,27858,27688,27495,28355,27942,27866,29003,28076,28117,83946,83947,89818,87013,90472,105066,105703,100559,125729,106575,106576,137171,138630,133615,154317,154316,160145,160147,155795,113266],"product_status":"Active Product","enable_watlow_configurator":true,"watlow_product_type":"Single","watlow_configurator_link":"https:\/\/www.watlow.com\/Products\/Controllers\/Eurotherm\/epower-controller?econfig=123"},"jetpack_sharing_enabled":true,"_links":{"self":[{"href":"https:\/\/www.eurotherm.com\/fr\/wp-json\/wp\/v2\/product\/22092","targetHints":{"allow":["GET"]}}],"collection":[{"href":"https:\/\/www.eurotherm.com\/fr\/wp-json\/wp\/v2\/product"}],"about":[{"href":"https:\/\/www.eurotherm.com\/fr\/wp-json\/wp\/v2\/types\/product"}],"wp:featuredmedia":[{"embeddable":true,"href":"https:\/\/www.eurotherm.com\/fr\/wp-json\/wp\/v2\/media\/18367"}],"wp:attachment":[{"href":"https:\/\/www.eurotherm.com\/fr\/wp-json\/wp\/v2\/media?parent=22092"}],"wp:term":[{"taxonomy":"product_brand","embeddable":true,"href":"https:\/\/www.eurotherm.com\/fr\/wp-json\/wp\/v2\/product_brand?post=22092"},{"taxonomy":"product_cat","embeddable":true,"href":"https:\/\/www.eurotherm.com\/fr\/wp-json\/wp\/v2\/product_cat?post=22092"},{"taxonomy":"product_tag","embeddable":true,"href":"https:\/\/www.eurotherm.com\/fr\/wp-json\/wp\/v2\/product_tag?post=22092"}],"curies":[{"name":"wp","href":"https:\/\/api.w.org\/{rel}","templated":true}]}}