{"id":22090,"date":"2018-10-15T08:51:09","date_gmt":"2018-10-15T08:51:09","guid":{"rendered":"https:\/\/www.eurotherm.com\/product\/controleurs-de-puissance-efit\/"},"modified":"2023-08-18T22:09:25","modified_gmt":"2023-08-18T14:09:25","slug":"efit-scr-power-controller","status":"publish","type":"product","link":"https:\/\/www.eurotherm.com\/fr\/products\/controle-de-puissance\/controleurs-de-puissance\/efit-scr-power-controller\/","title":{"rendered":"Contr\u00f4leurs de puissance EFit"},"content":{"rendered":"<h2>Des performances sans compromis dans un format optimal<\/h2>\n<p>Simple d\u2019int\u00e9gration et de mise en service, tr\u00e8s rentable, le contr\u00f4leur de puissance EFit permet un contr\u00f4le de puissance sans compromis sur les \u00e9l\u00e9ments chauffants r\u00e9sistifs et infrarouges. Id\u00e9al pour toutes les applications de chauffage et enti\u00e8rement conforme aux standards internationaux en terme de qualit\u00e9, d\u2019immunit\u00e9 et d\u2019\u00e9missions \u00e9lectromagn\u00e9tiques, le gradateur EFit permet une r\u00e9gulation stable et pr\u00e9cise dans tous les environnements industriels, m\u00eame les plus exigeants, et aussi lorsque l\u2019espace disponible est critique.<\/p>\n<h2>La solution parfaite pour les applications de chauffage simples<\/h2>\n<p>Certains proc\u00e9d\u00e9s industriels tels que le traitement thermique exigent une tr\u00e8s grande stabilit\u00e9 des temp\u00e9ratures afin d\u2019\u00eatre en conformit\u00e9 avec la r\u00e9glementation du secteur d\u2019activit\u00e9 ; ceci implique que la temp\u00e9rature des pi\u00e8ces trait\u00e9es soit maintenue dans des plages sp\u00e9cifiques pr\u00e9cises. Cela para\u00eet difficile \u00e0 r\u00e9aliser dans certains environnements, notamment sur les installations o\u00f9 les machines peuvent provoquer des fluctuations de la tension r\u00e9seau. Une variation de 10% de la tension r\u00e9seau engendre alors une variation de 20% de la puissance sur des \u00e9l\u00e9ments r\u00e9sistifs. Gr\u00e2ce son syst\u00e8me int\u00e9gr\u00e9 de compensation des variations secteur, le gradateur de puissance EFit maintient en permanence une puissance stable aux bornes de la charge avec une pr\u00e9cision meilleure que 2%. Il en r\u00e9sulte un traitement thermique stable, reproductible et une production de qualit\u00e9 r\u00e9pondant aux exigences des standards r\u00e9glementaires.<\/p>\n<h2>Connexion facile<\/h2>\n<p>Une connexion et une mise en service imm\u00e9diates, associ\u00e9es \u00e0 un format compact, font du contr\u00f4leur de puissance EFit la r\u00e9ponse id\u00e9ale pour le contr\u00f4le de puissance aussi bien sur les nouvelles applications que pour la r\u00e9novation d&rsquo;anciennes installations.<\/p>\n<h2>Une installation simple<\/h2>\n<ul>\n<li>Rien \u00e0 configurer \u2014 produit &lsquo;plug and play&rsquo;<\/li>\n<li>Rien \u00e0 fixer \u2014 juste \u00e0 clipser sur un rail DIN<\/li>\n<li>C\u00e2blage r\u00e9duit \u2014 connecteurs pr\u00e9-c\u00e2bl\u00e9s, embrochables<\/li>\n<\/ul>\n<h2>Une int\u00e9gration facile<\/h2>\n<ul>\n<li>Des dimensions compactes permettant de r\u00e9duire le co\u00fbt des armoires<\/li>\n<li>Une int\u00e9gration partout dans le monde \u2014 conforme aux certifications internationales et aux standards de tensions des diff\u00e9rents pays<\/li>\n<li>Une conception m\u00e9canique homog\u00e8ne \u2014 m\u00eame hauteur et m\u00eame profondeur quel que soit le mod\u00e8le de calibre courant<\/li>\n<li>Une solution parfaite pour le remplacement du gradateur de puissance \u00e0 thyristors Eurotherm TE10A<\/li>\n<\/ul>\n<h2>Am\u00e9lioration du proc\u00e9d\u00e9<\/h2>\n<p>Con\u00e7u pour donner une r\u00e9ponse rapide et stable m\u00eame dans les environnements industriels les plus difficiles, le contr\u00f4leur de puissance EFit permet de faire tourner en continu un proc\u00e9d\u00e9 de chauffe optimis\u00e9, avec un minimum de temps d&rsquo;arr\u00eat. Le d\u00e9bit de production ainsi accru am\u00e9liore l&rsquo;OEE, vous permettant de r\u00e9aliser vos indicateurs de performances (KPI)<\/p>\n<h2>Augmentation de la productivit\u00e9<\/h2>\n<ul>\n<li>Utilisation optimis\u00e9e de l&rsquo;\u00e9quipement gr\u00e2ce \u00e0 une r\u00e9ponse rapide et stable<\/li>\n<\/ul>\n<h2>R\u00e9duction des temps d&rsquo;arr\u00eat<\/h2>\n<ul>\n<li>Fonctionnement fiable m\u00eame dans les environnements industriels difficiles \u2014 haute immunit\u00e9 aux perturbations \u00e9lectromagn\u00e9tique<\/li>\n<li>Robuste \u2014 fonctionnement pr\u00e9vu dans des conditions ambiantes extr\u00eames : haute temp\u00e9rature, fort taux d&rsquo;humidit\u00e9 ou altitude \u00e9lev\u00e9e.<\/li>\n<\/ul>\n<h2>R\u00e9gulation pr\u00e9cise<\/h2>\n<p>Le contr\u00f4leur de puissance \u00e0 thyristors EFit int\u00e8gre un dispositif de compensation des variations secteur et dispose d&rsquo;un large choix de modes de conduction selon le type de charge, ce qui permet des \u00e9conomies d&rsquo;\u00e9nergie et une production de meilleure qualit\u00e9, \u00e0 comparer \u00e0 la majorit\u00e9 des contr\u00f4leurs de puissance de base.<\/p>\n<h2>R\u00e9duction des co\u00fbts cach\u00e9s de l&rsquo;\u00e9nergie<\/h2>\n<ul>\n<li>Un dispositif int\u00e9gr\u00e9 de compensation automatique permet de d\u00e9livrer une puissance stable aux bornes de la charge, quelles que soient les fluctuations de la tension r\u00e9seau \u00e9vitant ainsi des variations de temp\u00e9rature non d\u00e9sir\u00e9es dans les \u00e9l\u00e9ments chauffants.<\/li>\n<li>Meilleur facteur de puissance \u2014 \u00e9vite les co\u00fbts cach\u00e9s de l&rsquo;\u00e9nergie gr\u00e2ce \u00e0 des modes de conductions d\u00e9di\u00e9s \u00e0 chaque tyoe de charge, incluant une vari\u00e9t\u00e9 de modes &lsquo;train d&rsquo;ondes&rsquo; sp\u00e9cifiques qui sont une alternative efficace au mode angle de phase, avec notamment le syncop\u00e9 qui permet de r\u00e9duire l&rsquo;effet de scintillement sur les infrarouges courts.<\/li>\n<\/ul>\n<h2>Des produits finis d&rsquo;une grande qualit\u00e9 qui r\u00e9pondent aux standards industriels<\/h2>\n<ul>\n<li>Pas de rebut ni de retraitement &#8211; lin\u00e9arit\u00e9 meilleure que \u00b12% de l&rsquo;\u00e9chelle permettant un contr\u00f4le pr\u00e9cise et stable de la temp\u00e9rature des \u00e9l\u00e9ments chauffants<\/li>\n<\/ul>\n<h2>Standardisation<\/h2>\n<p>Les contr\u00f4leurs de puissance EFit offrent toute la tranquillit\u00e9 d&rsquo;esprit n\u00e9cessaire aux constructeurs et int\u00e9grateurs travaillant dans un environnement international o\u00f9 l&rsquo;aspect r\u00e9glementaire constitue une \u00e9tape essentielle dans le processus d&rsquo;ing\u00e9nierie.<\/p>\n<ul>\n<li>Conforme \u00e0 la directive cUL (Canada et USA)<\/li>\n<li>Certification d&rsquo;exemption CCC : mat\u00e9riel ne figurant pas dans la liste des produits soumis \u00e0 une certification<\/li>\n<li>RoHS Chine<\/li>\n<li>Conformit\u00e9 CE &#8211; norme produit<\/li>\n<\/ul>\n<h3>Facile de mise en service<\/h3>\n<ul>\n<li>Pas de configuration<\/li>\n<li>Format compact<\/li>\n<li>Conforme aux standards internationaux<\/li>\n<\/ul>\n<h3>R\u00e9gulation pr\u00e9cise<\/h3>\n<ul>\n<li>Compensation des fluctuations de la tension r\u00e9seau<\/li>\n<li>Tol\u00e9rances serr\u00e9es<\/li>\n<li>Optimisation de la consommation d&rsquo;\u00e9nergie<\/li>\n<\/ul>\n<h3>Efficacit\u00e9 du proc\u00e9d\u00e9 renforc\u00e9<\/h3>\n<ul>\n<li>Diminution des temps hors service<\/li>\n<li>Augmentation de la productivit\u00e9<\/li>\n<li>R\u00e9duction du co\u00fbt de possession<\/li>\n<\/ul>\n<h3>Applications industrielles<\/h3>\n<ul>\n<li>Plastique<\/li>\n<li>Extrusion<\/li>\n<li>Moulage<\/li>\n<li>Injection<\/li>\n<li>Vulcanisation<\/li>\n<li>M\u00e9taux<\/li>\n<li>Fours<\/li>\n<li>Equipements de test<\/li>\n<li>Automotive<\/li>\n<li>S\u00e9chage de peinture<\/li>\n<li>Polym\u00e9risation<\/li>\n<li>Semi-conducteurs<\/li>\n<li>D\u00e9position<\/li>\n<li>CVD<\/li>\n<li>PVD<\/li>\n<li>MBE<\/li>\n<li>Tirage<\/li>\n<li>Machines sp\u00e9cifiques<\/li>\n<li>S\u00e9chage<\/li>\n<li>Soudage<\/li>\n<li>Chauffage<\/li>\n<li>Agroalimentaire<\/li>\n<li>St\u00e9rilisation<\/li>\n<li>Cuisson<\/li>\n<li>S\u00e9chage<\/li>\n<li>Dorage<\/li>\n<li>Nucl\u00e9aire<\/li>\n<li>Pr\u00e9-chauffage<\/li>\n<li>Chauffage par induction<\/li>\n<li>Verre et C\u00e9ramiques<\/li>\n<li>Fours \u00e0 c\u00e9ramiques<\/li>\n<li>Arches\/Feeders<\/li>\n<li>Fours de recuit<\/li>\n<li>Fibrage<\/li>\n<li>Papier<\/li>\n<li>S\u00e9chage<\/li>\n<li>Textiles<\/li>\n<li>Enduction<\/li>\n<\/ul>\n","protected":false},"excerpt":{"rendered":"<p>Simple d\u2019int\u00e9gration et de mise en service, tr\u00e8s rentable, l\u2019EFit permet un contr\u00f4le de puissance sans compromis sur les \u00e9l\u00e9ments chauffants r\u00e9sistifs et infra-rouges.<\/p>\n","protected":false},"featured_media":7182,"template":"","meta":{"_acf_changed":false},"product_brand":[],"product_cat":[12148,12150,12262,12269,1110],"product_tag":[],"class_list":{"0":"post-22090","1":"product","2":"type-product","3":"status-publish","4":"has-post-thumbnail","6":"industry-glass-manufacturing-fr-2","7":"industry-heat-treatment-fr-2","8":"industry-semiconductor-fr-2","9":"product_cat-furnaces-atmosphere-and-vacuum-fr","10":"product_cat-heat-treat-products-fr","11":"product_cat-controle-de-puissance","12":"product_cat-controleurs-de-puissance","13":"product_cat-produits","14":"product_shipping_class-1-fr","16":"first","17":"instock","18":"purchasable","19":"product-type-simple"},"acf":[],"yoast_head":"<!-- This site is optimized with the Yoast SEO plugin v27.2 - https:\/\/yoast.com\/product\/yoast-seo-wordpress\/ -->\n<title>Contr\u00f4leurs de puissance EFit | Eurotherm Limited<\/title>\n<meta name=\"description\" content=\"Contr\u00f4leurs de puissance EFit | Des performances sans compromis dans un format optimal Simple d\u2019int\u00e9gration et de mise en service, tr\u00e8s rentable, le c\" \/>\n<meta name=\"robots\" content=\"index, follow, max-snippet:-1, max-image-preview:large, max-video-preview:-1\" \/>\n<meta property=\"og:locale\" content=\"fr_FR\" \/>\n<meta property=\"og:type\" content=\"article\" \/>\n<meta property=\"og:title\" content=\"Contr\u00f4leurs de puissance EFit | Eurotherm Limited\" \/>\n<meta property=\"og:description\" content=\"Contr\u00f4leurs de puissance EFit | Simple d\u2019int\u00e9gration et de mise en service, tr\u00e8s rentable, l\u2019EFit permet un contr\u00f4le de puissance sans compromis sur les \u00e9l\u00e9ments chauffants r\u00e9sistifs et infra-rouges.\" \/>\n<meta property=\"og:url\" content=\"https:\/\/www.eurotherm.com\/fr\/products\/controle-de-puissance\/controleurs-de-puissance\/efit-scr-power-controller\/\" \/>\n<meta property=\"og:site_name\" content=\"Eurotherm Limited\" \/>\n<meta property=\"article:modified_time\" content=\"2023-08-18T14:09:25+00:00\" \/>\n<meta property=\"og:image\" content=\"https:\/\/www.eurotherm.com\/wp-content\/uploads\/2018\/10\/EFit.jpg\" \/>\n\t<meta property=\"og:image:width\" content=\"500\" \/>\n\t<meta property=\"og:image:height\" content=\"500\" \/>\n\t<meta property=\"og:image:type\" content=\"image\/jpeg\" \/>\n<meta name=\"twitter:card\" content=\"summary_large_image\" \/>\n<meta name=\"twitter:label1\" content=\"Dur\u00e9e de lecture estim\u00e9e\" \/>\n\t<meta name=\"twitter:data1\" content=\"4 minutes\" \/>\n<script type=\"application\/ld+json\" class=\"yoast-schema-graph\">{\"@context\":\"https:\/\/schema.org\",\"@graph\":[{\"@type\":\"WebPage\",\"@id\":\"https:\/\/www.eurotherm.com\/fr\/products\/controle-de-puissance\/controleurs-de-puissance\/efit-scr-power-controller\/\",\"url\":\"https:\/\/www.eurotherm.com\/fr\/products\/controle-de-puissance\/controleurs-de-puissance\/efit-scr-power-controller\/\",\"name\":\"Contr\u00f4leurs de puissance EFit | Eurotherm Limited\",\"isPartOf\":{\"@id\":\"https:\/\/www.eurotherm.com\/fr\/#website\"},\"primaryImageOfPage\":{\"@id\":\"https:\/\/www.eurotherm.com\/fr\/products\/controle-de-puissance\/controleurs-de-puissance\/efit-scr-power-controller\/#primaryimage\"},\"image\":{\"@id\":\"https:\/\/www.eurotherm.com\/fr\/products\/controle-de-puissance\/controleurs-de-puissance\/efit-scr-power-controller\/#primaryimage\"},\"thumbnailUrl\":\"https:\/\/www.eurotherm.com\/wp-content\/uploads\/2018\/10\/EFit.jpg\",\"datePublished\":\"2018-10-15T08:51:09+00:00\",\"dateModified\":\"2023-08-18T14:09:25+00:00\",\"description\":\"Contr\u00f4leurs de puissance EFit | Simple d\u2019int\u00e9gration et de mise en service, tr\u00e8s rentable, l\u2019EFit permet un contr\u00f4le de puissance sans compromis sur les \u00e9l\u00e9ments chauffants r\u00e9sistifs et infra-rouges.\",\"breadcrumb\":{\"@id\":\"https:\/\/www.eurotherm.com\/fr\/products\/controle-de-puissance\/controleurs-de-puissance\/efit-scr-power-controller\/#breadcrumb\"},\"inLanguage\":\"fr-FR\",\"potentialAction\":[{\"@type\":\"ReadAction\",\"target\":[\"https:\/\/www.eurotherm.com\/fr\/products\/controle-de-puissance\/controleurs-de-puissance\/efit-scr-power-controller\/\"]}]},{\"@type\":\"ImageObject\",\"inLanguage\":\"fr-FR\",\"@id\":\"https:\/\/www.eurotherm.com\/fr\/products\/controle-de-puissance\/controleurs-de-puissance\/efit-scr-power-controller\/#primaryimage\",\"url\":\"https:\/\/www.eurotherm.com\/wp-content\/uploads\/2018\/10\/EFit.jpg\",\"contentUrl\":\"https:\/\/www.eurotherm.com\/wp-content\/uploads\/2018\/10\/EFit.jpg\",\"width\":500,\"height\":500},{\"@type\":\"BreadcrumbList\",\"@id\":\"https:\/\/www.eurotherm.com\/fr\/products\/controle-de-puissance\/controleurs-de-puissance\/efit-scr-power-controller\/#breadcrumb\",\"itemListElement\":[{\"@type\":\"ListItem\",\"position\":1,\"name\":\"Home\",\"item\":\"https:\/\/www.eurotherm.com\/fr\/\"},{\"@type\":\"ListItem\",\"position\":2,\"name\":\"Product Catalogue\",\"item\":\"https:\/\/www.eurotherm.com\/fr\/product-catalogue\/\"},{\"@type\":\"ListItem\",\"position\":3,\"name\":\"Contr\u00f4le de puissance\",\"item\":\"https:\/\/www.eurotherm.com\/fr\/eurotherm-products\/controle-de-puissance\/\"},{\"@type\":\"ListItem\",\"position\":4,\"name\":\"Contr\u00f4leurs de puissance\",\"item\":\"https:\/\/www.eurotherm.com\/fr\/eurotherm-products\/controle-de-puissance\/controleurs-de-puissance\/\"},{\"@type\":\"ListItem\",\"position\":5,\"name\":\"Contr\u00f4leurs de puissance EFit\"}]},{\"@type\":\"WebSite\",\"@id\":\"https:\/\/www.eurotherm.com\/fr\/#website\",\"url\":\"https:\/\/www.eurotherm.com\/fr\/\",\"name\":\"Eurotherm Limited\",\"description\":\"Temperature Control, Process Control, Measurement and Data Recording Solutions\",\"potentialAction\":[{\"@type\":\"SearchAction\",\"target\":{\"@type\":\"EntryPoint\",\"urlTemplate\":\"https:\/\/www.eurotherm.com\/fr\/?s={search_term_string}\"},\"query-input\":{\"@type\":\"PropertyValueSpecification\",\"valueRequired\":true,\"valueName\":\"search_term_string\"}}],\"inLanguage\":\"fr-FR\"}]}<\/script>\n<!-- \/ Yoast SEO plugin. -->","yoast_head_json":{"title":"Contr\u00f4leurs de puissance EFit | Eurotherm Limited","description":"Contr\u00f4leurs de puissance EFit | Des performances sans compromis dans un format optimal Simple d\u2019int\u00e9gration et de mise en service, tr\u00e8s rentable, le c","robots":{"index":"index","follow":"follow","max-snippet":"max-snippet:-1","max-image-preview":"max-image-preview:large","max-video-preview":"max-video-preview:-1"},"og_locale":"fr_FR","og_type":"article","og_title":"Contr\u00f4leurs de puissance EFit | Eurotherm Limited","og_description":"Contr\u00f4leurs de puissance EFit | Simple d\u2019int\u00e9gration et de mise en service, tr\u00e8s rentable, l\u2019EFit permet un contr\u00f4le de puissance sans compromis sur les \u00e9l\u00e9ments chauffants r\u00e9sistifs et infra-rouges.","og_url":"https:\/\/www.eurotherm.com\/fr\/products\/controle-de-puissance\/controleurs-de-puissance\/efit-scr-power-controller\/","og_site_name":"Eurotherm Limited","article_modified_time":"2023-08-18T14:09:25+00:00","og_image":[{"width":500,"height":500,"url":"https:\/\/www.eurotherm.com\/wp-content\/uploads\/2018\/10\/EFit.jpg","type":"image\/jpeg"}],"twitter_card":"summary_large_image","twitter_misc":{"Dur\u00e9e de lecture estim\u00e9e":"4 minutes"},"schema":{"@context":"https:\/\/schema.org","@graph":[{"@type":"WebPage","@id":"https:\/\/www.eurotherm.com\/fr\/products\/controle-de-puissance\/controleurs-de-puissance\/efit-scr-power-controller\/","url":"https:\/\/www.eurotherm.com\/fr\/products\/controle-de-puissance\/controleurs-de-puissance\/efit-scr-power-controller\/","name":"Contr\u00f4leurs de puissance EFit | Eurotherm Limited","isPartOf":{"@id":"https:\/\/www.eurotherm.com\/fr\/#website"},"primaryImageOfPage":{"@id":"https:\/\/www.eurotherm.com\/fr\/products\/controle-de-puissance\/controleurs-de-puissance\/efit-scr-power-controller\/#primaryimage"},"image":{"@id":"https:\/\/www.eurotherm.com\/fr\/products\/controle-de-puissance\/controleurs-de-puissance\/efit-scr-power-controller\/#primaryimage"},"thumbnailUrl":"https:\/\/www.eurotherm.com\/wp-content\/uploads\/2018\/10\/EFit.jpg","datePublished":"2018-10-15T08:51:09+00:00","dateModified":"2023-08-18T14:09:25+00:00","description":"Contr\u00f4leurs de puissance EFit | Simple d\u2019int\u00e9gration et de mise en service, tr\u00e8s rentable, l\u2019EFit permet un contr\u00f4le de puissance sans compromis sur les \u00e9l\u00e9ments chauffants r\u00e9sistifs et infra-rouges.","breadcrumb":{"@id":"https:\/\/www.eurotherm.com\/fr\/products\/controle-de-puissance\/controleurs-de-puissance\/efit-scr-power-controller\/#breadcrumb"},"inLanguage":"fr-FR","potentialAction":[{"@type":"ReadAction","target":["https:\/\/www.eurotherm.com\/fr\/products\/controle-de-puissance\/controleurs-de-puissance\/efit-scr-power-controller\/"]}]},{"@type":"ImageObject","inLanguage":"fr-FR","@id":"https:\/\/www.eurotherm.com\/fr\/products\/controle-de-puissance\/controleurs-de-puissance\/efit-scr-power-controller\/#primaryimage","url":"https:\/\/www.eurotherm.com\/wp-content\/uploads\/2018\/10\/EFit.jpg","contentUrl":"https:\/\/www.eurotherm.com\/wp-content\/uploads\/2018\/10\/EFit.jpg","width":500,"height":500},{"@type":"BreadcrumbList","@id":"https:\/\/www.eurotherm.com\/fr\/products\/controle-de-puissance\/controleurs-de-puissance\/efit-scr-power-controller\/#breadcrumb","itemListElement":[{"@type":"ListItem","position":1,"name":"Home","item":"https:\/\/www.eurotherm.com\/fr\/"},{"@type":"ListItem","position":2,"name":"Product Catalogue","item":"https:\/\/www.eurotherm.com\/fr\/product-catalogue\/"},{"@type":"ListItem","position":3,"name":"Contr\u00f4le de puissance","item":"https:\/\/www.eurotherm.com\/fr\/eurotherm-products\/controle-de-puissance\/"},{"@type":"ListItem","position":4,"name":"Contr\u00f4leurs de puissance","item":"https:\/\/www.eurotherm.com\/fr\/eurotherm-products\/controle-de-puissance\/controleurs-de-puissance\/"},{"@type":"ListItem","position":5,"name":"Contr\u00f4leurs de puissance EFit"}]},{"@type":"WebSite","@id":"https:\/\/www.eurotherm.com\/fr\/#website","url":"https:\/\/www.eurotherm.com\/fr\/","name":"Eurotherm Limited","description":"Temperature Control, Process Control, Measurement and Data Recording Solutions","potentialAction":[{"@type":"SearchAction","target":{"@type":"EntryPoint","urlTemplate":"https:\/\/www.eurotherm.com\/fr\/?s={search_term_string}"},"query-input":{"@type":"PropertyValueSpecification","valueRequired":true,"valueName":"search_term_string"}}],"inLanguage":"fr-FR"}]}},"ACF":{"product_file":[27454,28057,27942,27866,27943,27939,29217,27570,27569,27568,27567,29358,27572,27584,27565,137173],"product_status":"Active Product","enable_watlow_configurator":true,"watlow_product_type":"Single","watlow_configurator_link":"https:\/\/www.watlow.com\/Products\/Controllers\/Eurotherm\/EFit-SCR-Power-Controller?econfig=123"},"jetpack_sharing_enabled":true,"_links":{"self":[{"href":"https:\/\/www.eurotherm.com\/fr\/wp-json\/wp\/v2\/product\/22090","targetHints":{"allow":["GET"]}}],"collection":[{"href":"https:\/\/www.eurotherm.com\/fr\/wp-json\/wp\/v2\/product"}],"about":[{"href":"https:\/\/www.eurotherm.com\/fr\/wp-json\/wp\/v2\/types\/product"}],"wp:featuredmedia":[{"embeddable":true,"href":"https:\/\/www.eurotherm.com\/fr\/wp-json\/wp\/v2\/media\/7182"}],"wp:attachment":[{"href":"https:\/\/www.eurotherm.com\/fr\/wp-json\/wp\/v2\/media?parent=22090"}],"wp:term":[{"taxonomy":"product_brand","embeddable":true,"href":"https:\/\/www.eurotherm.com\/fr\/wp-json\/wp\/v2\/product_brand?post=22090"},{"taxonomy":"product_cat","embeddable":true,"href":"https:\/\/www.eurotherm.com\/fr\/wp-json\/wp\/v2\/product_cat?post=22090"},{"taxonomy":"product_tag","embeddable":true,"href":"https:\/\/www.eurotherm.com\/fr\/wp-json\/wp\/v2\/product_tag?post=22090"}],"curies":[{"name":"wp","href":"https:\/\/api.w.org\/{rel}","templated":true}]}}