{"id":22088,"date":"2018-10-15T08:54:46","date_gmt":"2018-10-15T08:54:46","guid":{"rendered":"https:\/\/www.eurotherm.com\/product\/controleur-dautomatisation-programmable-pac-t2750\/"},"modified":"2023-09-21T22:12:55","modified_gmt":"2023-09-21T14:12:55","slug":"t2750-pac","status":"publish","type":"product","link":"https:\/\/www.eurotherm.com\/fr\/products\/systeme-de-controle\/materiel-dautomatisation\/t2750-pac\/","title":{"rendered":"Contr\u00f4leur d\u2019automatisation programmable PAC T2750"},"content":{"rendered":"<p>Le contr\u00f4leur d&rsquo;automatisation programmable PAC T2750 fournit un contr\u00f4le \u00e0 hautes performances avec des options de redondance \u00e9conomiques dans un syst\u00e8me modulaire polyvalent. Les instruments puissants, les unit\u00e9s de contr\u00f4le et le syst\u00e8me d&rsquo;E\/S forment la base d&rsquo;un environnement de contr\u00f4le et d&rsquo;enregistrement distribu\u00e9 complet. Cet environnement est capable d&rsquo;une commande analogique continue, logique, s\u00e9quentielle, d&rsquo;une gestion par lots, d&rsquo;un enregistrement s\u00e9curis\u00e9 des donn\u00e9es au point de mesure et d&rsquo;une programmation de point de consigne.<\/p>\n<p>&nbsp;<\/p>\n<h3>Avantages<\/h3>\n<ul>\n<li>Contr\u00f4leur haute performance<\/li>\n<li>Historian \u00ab\u00a0Store &amp; Forward\u00a0\u00bb<\/li>\n<li>Enregistrement des donn\u00e9es \u00e0 haute int\u00e9grit\u00e9<\/li>\n<li>Redondance<\/li>\n<li>Int\u00e9gration<\/li>\n<li>Programmation de points de consignes<\/li>\n<li>Syst\u00e8me de contr\u00f4le d&rsquo;entreprise<\/li>\n<\/ul>\n<p>&nbsp;<\/p>\n<h3>Possibilit\u00e9s<\/h3>\n<ul>\n<li>Fonctionnement en redondance avec la technologie E-Sync<\/li>\n<li>Enregistrement des donn\u00e9es \u201cStore &amp; Forward\u201d au niveau des E\/S avec Wonderware Historian<\/li>\n<li>Outils logiciel compatibles IEC61131 Part 3 avec une riche librairie de blocs fonctions<\/li>\n<\/ul>\n","protected":false},"excerpt":{"rendered":"<p>Le contr\u00f4leur d\u2019automatisation programmable PAC T2750 est une solution de contr\u00f4le haute performance avec des options de redondance \u00e9conomiques dans un syst\u00e8me modulaire polyvalent.\u00a0Les puissants instruments, l\u2019unit\u00e9 de contr\u00f4le et le syst\u00e8me d\u2019E\/S constituent la base d\u2019un environnement complet de contr\u00f4le et d\u2019enregistrement distribu\u00e9. Cet environnement est capable d\u2019assurer un contr\u00f4le continu analogique, logique et s\u00e9quentiel, une gestion de lots, un enregistrement s\u00e9curis\u00e9 des donn\u00e9es \u00e0 la source et une programmation du point de consigne.<\/p>\n","protected":false},"featured_media":82120,"template":"","meta":{"_acf_changed":false},"product_brand":[],"product_cat":[12148,12169,12170,1110,12150,12168],"product_tag":[],"class_list":{"0":"post-22088","1":"product","2":"type-product","3":"status-publish","4":"has-post-thumbnail","6":"industry-food-beverage-fr-2","7":"industry-glass-manufacturing-fr-2","8":"industry-life-sciences-fr-2","9":"product_cat-furnaces-atmosphere-and-vacuum-fr","10":"product_cat-materiel-dautomatisation","11":"product_cat-plc-and-pac-fr","12":"product_cat-produits","13":"product_cat-heat-treat-products-fr","14":"product_cat-systeme-de-controle","15":"product_shipping_class-1-fr","17":"first","18":"outofstock","19":"purchasable","20":"product-type-simple"},"acf":[],"yoast_head":"<!-- This site is optimized with the Yoast SEO plugin v27.2 - https:\/\/yoast.com\/product\/yoast-seo-wordpress\/ -->\n<title>Contr\u00f4leur d\u2019automatisation programmable PAC T2750 | Eurotherm Limited<\/title>\n<meta name=\"description\" content=\"Contr\u00f4leur d\u2019automatisation programmable PAC T2750 | Le contr\u00f4leur d&#039;automatisation programmable PAC T2750 fournit un contr\u00f4le \u00e0 hautes performances avec des op\" \/>\n<meta name=\"robots\" content=\"index, follow, max-snippet:-1, max-image-preview:large, max-video-preview:-1\" \/>\n<meta property=\"og:locale\" content=\"fr_FR\" \/>\n<meta property=\"og:type\" content=\"article\" \/>\n<meta property=\"og:title\" content=\"Contr\u00f4leur d\u2019automatisation programmable PAC T2750 | Eurotherm Limited\" \/>\n<meta property=\"og:description\" content=\"Contr\u00f4leur d\u2019automatisation programmable PAC T2750 | Le contr\u00f4leur d\u2019automatisation programmable PAC T2750 est une solution de contr\u00f4le haute performance avec des options de redondance \u00e9conomiques dans un syst\u00e8me modulaire polyvalent.\u00a0Les puissants instruments, l\u2019unit\u00e9 de contr\u00f4le et le syst\u00e8me d\u2019E\/S constituent la base d\u2019un environnement complet de contr\u00f4le et d\u2019enregistrement distribu\u00e9. Cet environnement est capable d\u2019assurer un contr\u00f4le continu analogique, logique et s\u00e9quentiel, une gestion de lots, un enregistrement s\u00e9curis\u00e9 des donn\u00e9es \u00e0 la source et une programmation du point de consigne.\" \/>\n<meta property=\"og:url\" content=\"https:\/\/www.eurotherm.com\/fr\/products\/systeme-de-controle\/materiel-dautomatisation\/t2750-pac\/\" \/>\n<meta property=\"og:site_name\" content=\"Eurotherm Limited\" \/>\n<meta property=\"article:modified_time\" content=\"2023-09-21T14:12:55+00:00\" \/>\n<meta property=\"og:image\" content=\"https:\/\/www.eurotherm.com\/wp-content\/uploads\/2018\/10\/Eurotherm-T2750_HD_16-Module.png\" \/>\n\t<meta property=\"og:image:width\" content=\"1920\" \/>\n\t<meta property=\"og:image:height\" content=\"1080\" \/>\n\t<meta property=\"og:image:type\" content=\"image\/png\" \/>\n<meta name=\"twitter:card\" content=\"summary_large_image\" \/>\n<meta name=\"twitter:label1\" content=\"Dur\u00e9e de lecture estim\u00e9e\" \/>\n\t<meta name=\"twitter:data1\" content=\"1 minute\" \/>\n<script type=\"application\/ld+json\" class=\"yoast-schema-graph\">{\"@context\":\"https:\/\/schema.org\",\"@graph\":[{\"@type\":\"WebPage\",\"@id\":\"https:\/\/www.eurotherm.com\/fr\/products\/systeme-de-controle\/materiel-dautomatisation\/t2750-pac\/\",\"url\":\"https:\/\/www.eurotherm.com\/fr\/products\/systeme-de-controle\/materiel-dautomatisation\/t2750-pac\/\",\"name\":\"Contr\u00f4leur d\u2019automatisation programmable PAC T2750 | Eurotherm Limited\",\"isPartOf\":{\"@id\":\"https:\/\/www.eurotherm.com\/fr\/#website\"},\"primaryImageOfPage\":{\"@id\":\"https:\/\/www.eurotherm.com\/fr\/products\/systeme-de-controle\/materiel-dautomatisation\/t2750-pac\/#primaryimage\"},\"image\":{\"@id\":\"https:\/\/www.eurotherm.com\/fr\/products\/systeme-de-controle\/materiel-dautomatisation\/t2750-pac\/#primaryimage\"},\"thumbnailUrl\":\"https:\/\/www.eurotherm.com\/wp-content\/uploads\/2018\/10\/Eurotherm-T2750_HD_16-Module.png\",\"datePublished\":\"2018-10-15T08:54:46+00:00\",\"dateModified\":\"2023-09-21T14:12:55+00:00\",\"description\":\"Contr\u00f4leur d\u2019automatisation programmable PAC T2750 | Le contr\u00f4leur d\u2019automatisation programmable PAC T2750 est une solution de contr\u00f4le haute performance avec des options de redondance \u00e9conomiques dans un syst\u00e8me modulaire polyvalent.\u00a0Les puissants instruments, l\u2019unit\u00e9 de contr\u00f4le et le syst\u00e8me d\u2019E\/S constituent la base d\u2019un environnement complet de contr\u00f4le et d\u2019enregistrement distribu\u00e9. Cet environnement est capable d\u2019assurer un contr\u00f4le continu analogique, logique et s\u00e9quentiel, une gestion de lots, un enregistrement s\u00e9curis\u00e9 des donn\u00e9es \u00e0 la source et une programmation du point de consigne.\",\"breadcrumb\":{\"@id\":\"https:\/\/www.eurotherm.com\/fr\/products\/systeme-de-controle\/materiel-dautomatisation\/t2750-pac\/#breadcrumb\"},\"inLanguage\":\"fr-FR\",\"potentialAction\":[{\"@type\":\"ReadAction\",\"target\":[\"https:\/\/www.eurotherm.com\/fr\/products\/systeme-de-controle\/materiel-dautomatisation\/t2750-pac\/\"]}]},{\"@type\":\"ImageObject\",\"inLanguage\":\"fr-FR\",\"@id\":\"https:\/\/www.eurotherm.com\/fr\/products\/systeme-de-controle\/materiel-dautomatisation\/t2750-pac\/#primaryimage\",\"url\":\"https:\/\/www.eurotherm.com\/wp-content\/uploads\/2018\/10\/Eurotherm-T2750_HD_16-Module.png\",\"contentUrl\":\"https:\/\/www.eurotherm.com\/wp-content\/uploads\/2018\/10\/Eurotherm-T2750_HD_16-Module.png\",\"width\":1920,\"height\":1080},{\"@type\":\"BreadcrumbList\",\"@id\":\"https:\/\/www.eurotherm.com\/fr\/products\/systeme-de-controle\/materiel-dautomatisation\/t2750-pac\/#breadcrumb\",\"itemListElement\":[{\"@type\":\"ListItem\",\"position\":1,\"name\":\"Home\",\"item\":\"https:\/\/www.eurotherm.com\/fr\/\"},{\"@type\":\"ListItem\",\"position\":2,\"name\":\"Product Catalogue\",\"item\":\"https:\/\/www.eurotherm.com\/fr\/product-catalogue\/\"},{\"@type\":\"ListItem\",\"position\":3,\"name\":\"Syst\u00e8me de Contr\u00f4le\",\"item\":\"https:\/\/www.eurotherm.com\/fr\/eurotherm-products\/systeme-de-controle\/\"},{\"@type\":\"ListItem\",\"position\":4,\"name\":\"Mat\u00e9riel d'automatisation\",\"item\":\"https:\/\/www.eurotherm.com\/fr\/eurotherm-products\/systeme-de-controle\/materiel-dautomatisation\/\"},{\"@type\":\"ListItem\",\"position\":5,\"name\":\"Contr\u00f4leur d\u2019automatisation programmable PAC T2750\"}]},{\"@type\":\"WebSite\",\"@id\":\"https:\/\/www.eurotherm.com\/fr\/#website\",\"url\":\"https:\/\/www.eurotherm.com\/fr\/\",\"name\":\"Eurotherm Limited\",\"description\":\"Temperature Control, Process Control, Measurement and Data Recording Solutions\",\"potentialAction\":[{\"@type\":\"SearchAction\",\"target\":{\"@type\":\"EntryPoint\",\"urlTemplate\":\"https:\/\/www.eurotherm.com\/fr\/?s={search_term_string}\"},\"query-input\":{\"@type\":\"PropertyValueSpecification\",\"valueRequired\":true,\"valueName\":\"search_term_string\"}}],\"inLanguage\":\"fr-FR\"}]}<\/script>\n<!-- \/ Yoast SEO plugin. -->","yoast_head_json":{"title":"Contr\u00f4leur d\u2019automatisation programmable PAC T2750 | Eurotherm Limited","description":"Contr\u00f4leur d\u2019automatisation programmable PAC T2750 | Le contr\u00f4leur d'automatisation programmable PAC T2750 fournit un contr\u00f4le \u00e0 hautes performances avec des op","robots":{"index":"index","follow":"follow","max-snippet":"max-snippet:-1","max-image-preview":"max-image-preview:large","max-video-preview":"max-video-preview:-1"},"og_locale":"fr_FR","og_type":"article","og_title":"Contr\u00f4leur d\u2019automatisation programmable PAC T2750 | Eurotherm Limited","og_description":"Contr\u00f4leur d\u2019automatisation programmable PAC T2750 | Le contr\u00f4leur d\u2019automatisation programmable PAC T2750 est une solution de contr\u00f4le haute performance avec des options de redondance \u00e9conomiques dans un syst\u00e8me modulaire polyvalent.\u00a0Les puissants instruments, l\u2019unit\u00e9 de contr\u00f4le et le syst\u00e8me d\u2019E\/S constituent la base d\u2019un environnement complet de contr\u00f4le et d\u2019enregistrement distribu\u00e9. Cet environnement est capable d\u2019assurer un contr\u00f4le continu analogique, logique et s\u00e9quentiel, une gestion de lots, un enregistrement s\u00e9curis\u00e9 des donn\u00e9es \u00e0 la source et une programmation du point de consigne.","og_url":"https:\/\/www.eurotherm.com\/fr\/products\/systeme-de-controle\/materiel-dautomatisation\/t2750-pac\/","og_site_name":"Eurotherm Limited","article_modified_time":"2023-09-21T14:12:55+00:00","og_image":[{"width":1920,"height":1080,"url":"https:\/\/www.eurotherm.com\/wp-content\/uploads\/2018\/10\/Eurotherm-T2750_HD_16-Module.png","type":"image\/png"}],"twitter_card":"summary_large_image","twitter_misc":{"Dur\u00e9e de lecture estim\u00e9e":"1 minute"},"schema":{"@context":"https:\/\/schema.org","@graph":[{"@type":"WebPage","@id":"https:\/\/www.eurotherm.com\/fr\/products\/systeme-de-controle\/materiel-dautomatisation\/t2750-pac\/","url":"https:\/\/www.eurotherm.com\/fr\/products\/systeme-de-controle\/materiel-dautomatisation\/t2750-pac\/","name":"Contr\u00f4leur d\u2019automatisation programmable PAC T2750 | Eurotherm Limited","isPartOf":{"@id":"https:\/\/www.eurotherm.com\/fr\/#website"},"primaryImageOfPage":{"@id":"https:\/\/www.eurotherm.com\/fr\/products\/systeme-de-controle\/materiel-dautomatisation\/t2750-pac\/#primaryimage"},"image":{"@id":"https:\/\/www.eurotherm.com\/fr\/products\/systeme-de-controle\/materiel-dautomatisation\/t2750-pac\/#primaryimage"},"thumbnailUrl":"https:\/\/www.eurotherm.com\/wp-content\/uploads\/2018\/10\/Eurotherm-T2750_HD_16-Module.png","datePublished":"2018-10-15T08:54:46+00:00","dateModified":"2023-09-21T14:12:55+00:00","description":"Contr\u00f4leur d\u2019automatisation programmable PAC T2750 | Le contr\u00f4leur d\u2019automatisation programmable PAC T2750 est une solution de contr\u00f4le haute performance avec des options de redondance \u00e9conomiques dans un syst\u00e8me modulaire polyvalent.\u00a0Les puissants instruments, l\u2019unit\u00e9 de contr\u00f4le et le syst\u00e8me d\u2019E\/S constituent la base d\u2019un environnement complet de contr\u00f4le et d\u2019enregistrement distribu\u00e9. Cet environnement est capable d\u2019assurer un contr\u00f4le continu analogique, logique et s\u00e9quentiel, une gestion de lots, un enregistrement s\u00e9curis\u00e9 des donn\u00e9es \u00e0 la source et une programmation du point de consigne.","breadcrumb":{"@id":"https:\/\/www.eurotherm.com\/fr\/products\/systeme-de-controle\/materiel-dautomatisation\/t2750-pac\/#breadcrumb"},"inLanguage":"fr-FR","potentialAction":[{"@type":"ReadAction","target":["https:\/\/www.eurotherm.com\/fr\/products\/systeme-de-controle\/materiel-dautomatisation\/t2750-pac\/"]}]},{"@type":"ImageObject","inLanguage":"fr-FR","@id":"https:\/\/www.eurotherm.com\/fr\/products\/systeme-de-controle\/materiel-dautomatisation\/t2750-pac\/#primaryimage","url":"https:\/\/www.eurotherm.com\/wp-content\/uploads\/2018\/10\/Eurotherm-T2750_HD_16-Module.png","contentUrl":"https:\/\/www.eurotherm.com\/wp-content\/uploads\/2018\/10\/Eurotherm-T2750_HD_16-Module.png","width":1920,"height":1080},{"@type":"BreadcrumbList","@id":"https:\/\/www.eurotherm.com\/fr\/products\/systeme-de-controle\/materiel-dautomatisation\/t2750-pac\/#breadcrumb","itemListElement":[{"@type":"ListItem","position":1,"name":"Home","item":"https:\/\/www.eurotherm.com\/fr\/"},{"@type":"ListItem","position":2,"name":"Product Catalogue","item":"https:\/\/www.eurotherm.com\/fr\/product-catalogue\/"},{"@type":"ListItem","position":3,"name":"Syst\u00e8me de Contr\u00f4le","item":"https:\/\/www.eurotherm.com\/fr\/eurotherm-products\/systeme-de-controle\/"},{"@type":"ListItem","position":4,"name":"Mat\u00e9riel d'automatisation","item":"https:\/\/www.eurotherm.com\/fr\/eurotherm-products\/systeme-de-controle\/materiel-dautomatisation\/"},{"@type":"ListItem","position":5,"name":"Contr\u00f4leur d\u2019automatisation programmable PAC T2750"}]},{"@type":"WebSite","@id":"https:\/\/www.eurotherm.com\/fr\/#website","url":"https:\/\/www.eurotherm.com\/fr\/","name":"Eurotherm Limited","description":"Temperature Control, Process Control, Measurement and Data Recording Solutions","potentialAction":[{"@type":"SearchAction","target":{"@type":"EntryPoint","urlTemplate":"https:\/\/www.eurotherm.com\/fr\/?s={search_term_string}"},"query-input":{"@type":"PropertyValueSpecification","valueRequired":true,"valueName":"search_term_string"}}],"inLanguage":"fr-FR"}]}},"ACF":{"product_file":[97235,28182,101298,26840,27454,28194,28193,28184,28183,28019,28185,28150,28178,28016,28724,28723,28725,28726,28727,28074,29373,28013,28010,28012,28018,28020,28008,27976,28009,83089,28011,28065,28015,105978,78471,106653,106654,137168,28229,28206,149369],"product_status":"Active Product","enable_watlow_configurator":true,"watlow_product_type":"Single","watlow_configurator_link":"https:\/\/www.watlow.com\/Products\/Controllers\/Eurotherm\/Eurotherm-T2750-PAC?econfig=123"},"jetpack_sharing_enabled":true,"_links":{"self":[{"href":"https:\/\/www.eurotherm.com\/fr\/wp-json\/wp\/v2\/product\/22088","targetHints":{"allow":["GET"]}}],"collection":[{"href":"https:\/\/www.eurotherm.com\/fr\/wp-json\/wp\/v2\/product"}],"about":[{"href":"https:\/\/www.eurotherm.com\/fr\/wp-json\/wp\/v2\/types\/product"}],"wp:featuredmedia":[{"embeddable":true,"href":"https:\/\/www.eurotherm.com\/fr\/wp-json\/wp\/v2\/media\/82120"}],"wp:attachment":[{"href":"https:\/\/www.eurotherm.com\/fr\/wp-json\/wp\/v2\/media?parent=22088"}],"wp:term":[{"taxonomy":"product_brand","embeddable":true,"href":"https:\/\/www.eurotherm.com\/fr\/wp-json\/wp\/v2\/product_brand?post=22088"},{"taxonomy":"product_cat","embeddable":true,"href":"https:\/\/www.eurotherm.com\/fr\/wp-json\/wp\/v2\/product_cat?post=22088"},{"taxonomy":"product_tag","embeddable":true,"href":"https:\/\/www.eurotherm.com\/fr\/wp-json\/wp\/v2\/product_tag?post=22088"}],"curies":[{"name":"wp","href":"https:\/\/api.w.org\/{rel}","templated":true}]}}