{"id":22075,"date":"2018-10-15T08:55:20","date_gmt":"2018-10-15T08:55:20","guid":{"rendered":"https:\/\/www.eurotherm.com\/product\/centrale-denregistrement-modulaire-versadac\/"},"modified":"2023-08-18T21:36:52","modified_gmt":"2023-08-18T13:36:52","slug":"versadac-scalable-data-recorder","status":"publish","type":"product","link":"https:\/\/www.eurotherm.com\/fr\/products\/enregistreurs-et-gestion-des-donnees\/enregistreurs-graphiques\/versadac-scalable-data-recorder\/","title":{"rendered":"Centrale d\u2019enregistrement modulaire versadac\u2122"},"content":{"rendered":"<h3>S\u00e9curisation des donn\u00e9es pour les industries r\u00e9glement\u00e9es<\/h3>\n<p>L&rsquo;enregistreur versadac\u2122 est dot\u00e9 d\u2019une s\u00e9curit\u00e9 compl\u00e8te et assure lint\u00e9grit\u00e9 des donn\u00e9es. Il est id\u00e9al pour les secteurs industriels r\u00e9glement\u00e9s tels que l\u2019industrie pharmaceutique ou le traitement thermique. Il convient \u00e9galement aux autres types d\u2019applications dans lesquelles la perte de donn\u00e9es sur un proc\u00e9d\u00e9 de fabrication occasionnerait une perte d\u2019exploitation li\u00e9e \u00e0 des rebuts ou \u00e0 une refabrication. Les donn\u00e9es sont enregistr\u00e9es dans un format de fichiers inalt\u00e9rable UHH et sauvegard\u00e9es dans une m\u00e9moire flash interne. Des strat\u00e9gies d\u2019archivage souples permettent\u00a0 que les donn\u00e9es soient stock\u00e9es en toute s\u00e9curit\u00e9 sur le long terme pour une r\u00e9cup\u00e9ration ult\u00e9rieure ou une analyse si n\u00e9cessaire.<\/p>\n<p>Propos\u00e9 dans diff\u00e9rentes tailles d\u2019embases et avec un vaste choix de modules, l&rsquo;enregistreur versadac\u2122 offre toute l\u2019adaptabilit\u00e9 qui permet de r\u00e9pondre au plus juste aux besoins de l\u2019application. Un large choix de modules logiciels est disponible, incluant le contr\u00f4le des lots, les fonctions math\u00e9matiques, les totalisateurs, les communications et l\u2019audit trail. Les signatures \u00e9lectroniques et le contr\u00f4le d\u2019acc\u00e8s par mot de passe, qui r\u00e9pondent aux exigences de la FDA 21CFR Part11 sont \u00e9galement propos\u00e9s. La mise \u00e0 jour tant sur le plan logiciel que mat\u00e9riel est facilement r\u00e9alisable sur site. Le versadac peut ainsi \u00e9voluer ais\u00e9ment avec les besoins de votre proc\u00e9d\u00e9.<\/p>\n<p>Les enregistreurs Versadac s&rsquo;int\u00e8grent facilement dans des syst\u00e8mes plus importants via les options de communication Modbus ma\u00eetre ou esclave.\u00a0Cet \u00e9quipement modulaire peut aussi \u00eatre install\u00e9 en tout point d\u2019une installation \u00e0 l\u2019emplacement optimal qui permettra de r\u00e9duire les co\u00fbts de mise en place et de c\u00e2blage.<\/p>\n<p>Une fois install\u00e9es, ces centrales d\u2019enregistrement permettent une visualisation et une gestion en tout point du r\u00e9seau de communication, am\u00e9liorant ainsi l\u2019efficacit\u00e9 des op\u00e9rations. Les donn\u00e9es archiv\u00e9es peuvent \u00eatre automatiquement sauvegard\u00e9es sur des serveurs FTP d\u00e9di\u00e9s.<\/p>\n<h4><strong>Enregistrez<\/strong><\/h4>\n<ul>\n<li>S\u00e9curis\u00e9<\/li>\n<li>Aucune perte de donn\u00e9es<\/li>\n<li>S\u00e9curit\u00e9 exceptionnelle d\u2019acc\u00e8s et des donn\u00e9es<\/li>\n<li>Signature \u00e9lectronique<\/li>\n<li>Auto-correction, archivage des donn\u00e9es valid\u00e9es<\/li>\n<\/ul>\n<h4><strong>G\u00e9rez<\/strong><\/h4>\n<ul>\n<li>Visualisation des donn\u00e9es en tout point du r\u00e9seau<\/li>\n<li>Librairie \u00e9tendue de fonctions utilisables ult\u00e9rieurement<\/li>\n<li>Enregistrement de donn\u00e9es \u00e0 partir de syst\u00e8mes d\u00e9port\u00e9s<\/li>\n<li>Archivage de donn\u00e9es intelligent<\/li>\n<li>Serveur Web<\/li>\n<li>Notification par email<\/li>\n<\/ul>\n<h4><strong>Optimisez<\/strong><\/h4>\n<ul>\n<li>Optimisation de l\u2019installation gr\u00e2ce \u00e0 un enregistrement o\u00f9 vous le souhaitez<\/li>\n<li>Evolutif gr\u00e2ce \u00e0 ses entr\u00e9es\/sorties modulaires<\/li>\n<li>Compact, facile \u00e0 mettre en place<\/li>\n<li>Simple \u00e0 mettre \u00e0 jour<\/li>\n<\/ul>\n","protected":false},"excerpt":{"rendered":"<p>La centrale d\u2019enregistrement modulaire versadac\u2122 apporte une solution souple et adaptable pour l\u2019enregistrement au plus pr\u00e8s des points de mesure. Dot\u00e9 d\u2019une s\u00e9curit\u00e9 compl\u00e8te et assurant une int\u00e9grit\u00e9 des donn\u00e9es, le versadac\u2122 convient id\u00e9alement aux secteurs industriels r\u00e9glement\u00e9s.<\/p>\n","protected":false},"featured_media":149973,"template":"","meta":{"_acf_changed":false},"product_brand":[],"product_cat":[12151,12149,12148,1110,12150],"product_tag":[],"class_list":{"0":"post-22075","1":"product","2":"type-product","3":"status-publish","4":"has-post-thumbnail","6":"product_cat-enregistreurs-et-gestion-des-donnees","7":"product_cat-enregistreurs-graphiques","8":"product_cat-furnaces-atmosphere-and-vacuum-fr","9":"product_cat-produits","10":"product_cat-heat-treat-products-fr","11":"product_shipping_class-1-fr","13":"first","14":"instock","15":"purchasable","16":"product-type-simple"},"acf":[],"yoast_head":"<!-- This site is optimized with the Yoast SEO plugin v27.2 - https:\/\/yoast.com\/product\/yoast-seo-wordpress\/ -->\n<title>Centrale d\u2019enregistrement modulaire versadac\u2122 | Eurotherm Limited<\/title>\n<meta name=\"description\" content=\"Centrale d\u2019enregistrement modulaire versadac\u2122 | S\u00e9curisation des donn\u00e9es pour les industries r\u00e9glement\u00e9es L&#039;enregistreur versadac\u2122 est dot\u00e9 d\u2019une s\u00e9cu\" \/>\n<meta name=\"robots\" content=\"index, follow, max-snippet:-1, max-image-preview:large, max-video-preview:-1\" \/>\n<meta property=\"og:locale\" content=\"fr_FR\" \/>\n<meta property=\"og:type\" content=\"article\" \/>\n<meta property=\"og:title\" content=\"Centrale d\u2019enregistrement modulaire versadac\u2122 | Eurotherm Limited\" \/>\n<meta property=\"og:description\" content=\"Centrale d\u2019enregistrement modulaire versadac\u2122 | La centrale d\u2019enregistrement modulaire versadac\u2122 apporte une solution souple et adaptable pour l\u2019enregistrement au plus pr\u00e8s des points de mesure. Dot\u00e9 d\u2019une s\u00e9curit\u00e9 compl\u00e8te et assurant une int\u00e9grit\u00e9 des donn\u00e9es, le versadac\u2122 convient id\u00e9alement aux secteurs industriels r\u00e9glement\u00e9s.\" \/>\n<meta property=\"og:url\" content=\"https:\/\/www.eurotherm.com\/fr\/products\/enregistreurs-et-gestion-des-donnees\/enregistreurs-graphiques\/versadac-scalable-data-recorder\/\" \/>\n<meta property=\"og:site_name\" content=\"Eurotherm Limited\" \/>\n<meta property=\"article:modified_time\" content=\"2023-08-18T13:36:52+00:00\" \/>\n<meta property=\"og:image\" content=\"https:\/\/www.eurotherm.com\/wp-content\/uploads\/2018\/10\/versadac-group-images.png\" \/>\n\t<meta property=\"og:image:width\" content=\"1235\" \/>\n\t<meta property=\"og:image:height\" content=\"904\" \/>\n\t<meta property=\"og:image:type\" content=\"image\/png\" \/>\n<meta name=\"twitter:card\" content=\"summary_large_image\" \/>\n<meta name=\"twitter:label1\" content=\"Dur\u00e9e de lecture estim\u00e9e\" \/>\n\t<meta name=\"twitter:data1\" content=\"2 minutes\" \/>\n<script type=\"application\/ld+json\" class=\"yoast-schema-graph\">{\"@context\":\"https:\/\/schema.org\",\"@graph\":[{\"@type\":\"WebPage\",\"@id\":\"https:\/\/www.eurotherm.com\/fr\/products\/enregistreurs-et-gestion-des-donnees\/enregistreurs-graphiques\/versadac-scalable-data-recorder\/\",\"url\":\"https:\/\/www.eurotherm.com\/fr\/products\/enregistreurs-et-gestion-des-donnees\/enregistreurs-graphiques\/versadac-scalable-data-recorder\/\",\"name\":\"Centrale d\u2019enregistrement modulaire versadac\u2122 | Eurotherm Limited\",\"isPartOf\":{\"@id\":\"https:\/\/www.eurotherm.com\/fr\/#website\"},\"primaryImageOfPage\":{\"@id\":\"https:\/\/www.eurotherm.com\/fr\/products\/enregistreurs-et-gestion-des-donnees\/enregistreurs-graphiques\/versadac-scalable-data-recorder\/#primaryimage\"},\"image\":{\"@id\":\"https:\/\/www.eurotherm.com\/fr\/products\/enregistreurs-et-gestion-des-donnees\/enregistreurs-graphiques\/versadac-scalable-data-recorder\/#primaryimage\"},\"thumbnailUrl\":\"https:\/\/www.eurotherm.com\/wp-content\/uploads\/2018\/10\/versadac-group-images.png\",\"datePublished\":\"2018-10-15T08:55:20+00:00\",\"dateModified\":\"2023-08-18T13:36:52+00:00\",\"description\":\"Centrale d\u2019enregistrement modulaire versadac\u2122 | La centrale d\u2019enregistrement modulaire versadac\u2122 apporte une solution souple et adaptable pour l\u2019enregistrement au plus pr\u00e8s des points de mesure. Dot\u00e9 d\u2019une s\u00e9curit\u00e9 compl\u00e8te et assurant une int\u00e9grit\u00e9 des donn\u00e9es, le versadac\u2122 convient id\u00e9alement aux secteurs industriels r\u00e9glement\u00e9s.\",\"breadcrumb\":{\"@id\":\"https:\/\/www.eurotherm.com\/fr\/products\/enregistreurs-et-gestion-des-donnees\/enregistreurs-graphiques\/versadac-scalable-data-recorder\/#breadcrumb\"},\"inLanguage\":\"fr-FR\",\"potentialAction\":[{\"@type\":\"ReadAction\",\"target\":[\"https:\/\/www.eurotherm.com\/fr\/products\/enregistreurs-et-gestion-des-donnees\/enregistreurs-graphiques\/versadac-scalable-data-recorder\/\"]}]},{\"@type\":\"ImageObject\",\"inLanguage\":\"fr-FR\",\"@id\":\"https:\/\/www.eurotherm.com\/fr\/products\/enregistreurs-et-gestion-des-donnees\/enregistreurs-graphiques\/versadac-scalable-data-recorder\/#primaryimage\",\"url\":\"https:\/\/www.eurotherm.com\/wp-content\/uploads\/2018\/10\/versadac-group-images.png\",\"contentUrl\":\"https:\/\/www.eurotherm.com\/wp-content\/uploads\/2018\/10\/versadac-group-images.png\",\"width\":1235,\"height\":904},{\"@type\":\"BreadcrumbList\",\"@id\":\"https:\/\/www.eurotherm.com\/fr\/products\/enregistreurs-et-gestion-des-donnees\/enregistreurs-graphiques\/versadac-scalable-data-recorder\/#breadcrumb\",\"itemListElement\":[{\"@type\":\"ListItem\",\"position\":1,\"name\":\"Home\",\"item\":\"https:\/\/www.eurotherm.com\/fr\/\"},{\"@type\":\"ListItem\",\"position\":2,\"name\":\"Product Catalogue\",\"item\":\"https:\/\/www.eurotherm.com\/fr\/product-catalogue\/\"},{\"@type\":\"ListItem\",\"position\":3,\"name\":\"Enregistreurs et Solutions de Gestion des donn\u00e9es\",\"item\":\"https:\/\/www.eurotherm.com\/fr\/eurotherm-products\/enregistreurs-et-gestion-des-donnees\/\"},{\"@type\":\"ListItem\",\"position\":4,\"name\":\"Enregistreurs graphiques\",\"item\":\"https:\/\/www.eurotherm.com\/fr\/eurotherm-products\/enregistreurs-et-gestion-des-donnees\/enregistreurs-graphiques\/\"},{\"@type\":\"ListItem\",\"position\":5,\"name\":\"Centrale d\u2019enregistrement modulaire versadac\u2122\"}]},{\"@type\":\"WebSite\",\"@id\":\"https:\/\/www.eurotherm.com\/fr\/#website\",\"url\":\"https:\/\/www.eurotherm.com\/fr\/\",\"name\":\"Eurotherm Limited\",\"description\":\"Temperature Control, Process Control, Measurement and Data Recording Solutions\",\"potentialAction\":[{\"@type\":\"SearchAction\",\"target\":{\"@type\":\"EntryPoint\",\"urlTemplate\":\"https:\/\/www.eurotherm.com\/fr\/?s={search_term_string}\"},\"query-input\":{\"@type\":\"PropertyValueSpecification\",\"valueRequired\":true,\"valueName\":\"search_term_string\"}}],\"inLanguage\":\"fr-FR\"}]}<\/script>\n<!-- \/ Yoast SEO plugin. -->","yoast_head_json":{"title":"Centrale d\u2019enregistrement modulaire versadac\u2122 | Eurotherm Limited","description":"Centrale d\u2019enregistrement modulaire versadac\u2122 | S\u00e9curisation des donn\u00e9es pour les industries r\u00e9glement\u00e9es L'enregistreur versadac\u2122 est dot\u00e9 d\u2019une s\u00e9cu","robots":{"index":"index","follow":"follow","max-snippet":"max-snippet:-1","max-image-preview":"max-image-preview:large","max-video-preview":"max-video-preview:-1"},"og_locale":"fr_FR","og_type":"article","og_title":"Centrale d\u2019enregistrement modulaire versadac\u2122 | Eurotherm Limited","og_description":"Centrale d\u2019enregistrement modulaire versadac\u2122 | La centrale d\u2019enregistrement modulaire versadac\u2122 apporte une solution souple et adaptable pour l\u2019enregistrement au plus pr\u00e8s des points de mesure. Dot\u00e9 d\u2019une s\u00e9curit\u00e9 compl\u00e8te et assurant une int\u00e9grit\u00e9 des donn\u00e9es, le versadac\u2122 convient id\u00e9alement aux secteurs industriels r\u00e9glement\u00e9s.","og_url":"https:\/\/www.eurotherm.com\/fr\/products\/enregistreurs-et-gestion-des-donnees\/enregistreurs-graphiques\/versadac-scalable-data-recorder\/","og_site_name":"Eurotherm Limited","article_modified_time":"2023-08-18T13:36:52+00:00","og_image":[{"width":1235,"height":904,"url":"https:\/\/www.eurotherm.com\/wp-content\/uploads\/2018\/10\/versadac-group-images.png","type":"image\/png"}],"twitter_card":"summary_large_image","twitter_misc":{"Dur\u00e9e de lecture estim\u00e9e":"2 minutes"},"schema":{"@context":"https:\/\/schema.org","@graph":[{"@type":"WebPage","@id":"https:\/\/www.eurotherm.com\/fr\/products\/enregistreurs-et-gestion-des-donnees\/enregistreurs-graphiques\/versadac-scalable-data-recorder\/","url":"https:\/\/www.eurotherm.com\/fr\/products\/enregistreurs-et-gestion-des-donnees\/enregistreurs-graphiques\/versadac-scalable-data-recorder\/","name":"Centrale d\u2019enregistrement modulaire versadac\u2122 | Eurotherm Limited","isPartOf":{"@id":"https:\/\/www.eurotherm.com\/fr\/#website"},"primaryImageOfPage":{"@id":"https:\/\/www.eurotherm.com\/fr\/products\/enregistreurs-et-gestion-des-donnees\/enregistreurs-graphiques\/versadac-scalable-data-recorder\/#primaryimage"},"image":{"@id":"https:\/\/www.eurotherm.com\/fr\/products\/enregistreurs-et-gestion-des-donnees\/enregistreurs-graphiques\/versadac-scalable-data-recorder\/#primaryimage"},"thumbnailUrl":"https:\/\/www.eurotherm.com\/wp-content\/uploads\/2018\/10\/versadac-group-images.png","datePublished":"2018-10-15T08:55:20+00:00","dateModified":"2023-08-18T13:36:52+00:00","description":"Centrale d\u2019enregistrement modulaire versadac\u2122 | La centrale d\u2019enregistrement modulaire versadac\u2122 apporte une solution souple et adaptable pour l\u2019enregistrement au plus pr\u00e8s des points de mesure. Dot\u00e9 d\u2019une s\u00e9curit\u00e9 compl\u00e8te et assurant une int\u00e9grit\u00e9 des donn\u00e9es, le versadac\u2122 convient id\u00e9alement aux secteurs industriels r\u00e9glement\u00e9s.","breadcrumb":{"@id":"https:\/\/www.eurotherm.com\/fr\/products\/enregistreurs-et-gestion-des-donnees\/enregistreurs-graphiques\/versadac-scalable-data-recorder\/#breadcrumb"},"inLanguage":"fr-FR","potentialAction":[{"@type":"ReadAction","target":["https:\/\/www.eurotherm.com\/fr\/products\/enregistreurs-et-gestion-des-donnees\/enregistreurs-graphiques\/versadac-scalable-data-recorder\/"]}]},{"@type":"ImageObject","inLanguage":"fr-FR","@id":"https:\/\/www.eurotherm.com\/fr\/products\/enregistreurs-et-gestion-des-donnees\/enregistreurs-graphiques\/versadac-scalable-data-recorder\/#primaryimage","url":"https:\/\/www.eurotherm.com\/wp-content\/uploads\/2018\/10\/versadac-group-images.png","contentUrl":"https:\/\/www.eurotherm.com\/wp-content\/uploads\/2018\/10\/versadac-group-images.png","width":1235,"height":904},{"@type":"BreadcrumbList","@id":"https:\/\/www.eurotherm.com\/fr\/products\/enregistreurs-et-gestion-des-donnees\/enregistreurs-graphiques\/versadac-scalable-data-recorder\/#breadcrumb","itemListElement":[{"@type":"ListItem","position":1,"name":"Home","item":"https:\/\/www.eurotherm.com\/fr\/"},{"@type":"ListItem","position":2,"name":"Product Catalogue","item":"https:\/\/www.eurotherm.com\/fr\/product-catalogue\/"},{"@type":"ListItem","position":3,"name":"Enregistreurs et Solutions de Gestion des donn\u00e9es","item":"https:\/\/www.eurotherm.com\/fr\/eurotherm-products\/enregistreurs-et-gestion-des-donnees\/"},{"@type":"ListItem","position":4,"name":"Enregistreurs graphiques","item":"https:\/\/www.eurotherm.com\/fr\/eurotherm-products\/enregistreurs-et-gestion-des-donnees\/enregistreurs-graphiques\/"},{"@type":"ListItem","position":5,"name":"Centrale d\u2019enregistrement modulaire versadac\u2122"}]},{"@type":"WebSite","@id":"https:\/\/www.eurotherm.com\/fr\/#website","url":"https:\/\/www.eurotherm.com\/fr\/","name":"Eurotherm Limited","description":"Temperature Control, Process Control, Measurement and Data Recording Solutions","potentialAction":[{"@type":"SearchAction","target":{"@type":"EntryPoint","urlTemplate":"https:\/\/www.eurotherm.com\/fr\/?s={search_term_string}"},"query-input":{"@type":"PropertyValueSpecification","valueRequired":true,"valueName":"search_term_string"}}],"inLanguage":"fr-FR"}]}},"ACF":{"product_file":[131821,27449,28034,28352,28978,28987,28979,28980,28981,28982,28983,28984,28985,28973,132028,28974,28975,28986,29374,28976,29336,28458,28990,28035,28033,29345,28988,28989,28977,28030,28991,28036,28290,27454,27942,27866,27943,27939,28077,27473,27584,27097,27145,27144,97992,105978,114739,106653,106654,137168],"product_status":"Active Product","enable_watlow_configurator":true,"watlow_product_type":"Single","watlow_configurator_link":"https:\/\/www.watlow.com\/Products\/Controllers\/Eurotherm\/versadac-Scalable-Data-Recorder?econfig=123"},"jetpack_sharing_enabled":true,"_links":{"self":[{"href":"https:\/\/www.eurotherm.com\/fr\/wp-json\/wp\/v2\/product\/22075","targetHints":{"allow":["GET"]}}],"collection":[{"href":"https:\/\/www.eurotherm.com\/fr\/wp-json\/wp\/v2\/product"}],"about":[{"href":"https:\/\/www.eurotherm.com\/fr\/wp-json\/wp\/v2\/types\/product"}],"wp:featuredmedia":[{"embeddable":true,"href":"https:\/\/www.eurotherm.com\/fr\/wp-json\/wp\/v2\/media\/149973"}],"wp:attachment":[{"href":"https:\/\/www.eurotherm.com\/fr\/wp-json\/wp\/v2\/media?parent=22075"}],"wp:term":[{"taxonomy":"product_brand","embeddable":true,"href":"https:\/\/www.eurotherm.com\/fr\/wp-json\/wp\/v2\/product_brand?post=22075"},{"taxonomy":"product_cat","embeddable":true,"href":"https:\/\/www.eurotherm.com\/fr\/wp-json\/wp\/v2\/product_cat?post=22075"},{"taxonomy":"product_tag","embeddable":true,"href":"https:\/\/www.eurotherm.com\/fr\/wp-json\/wp\/v2\/product_tag?post=22075"}],"curies":[{"name":"wp","href":"https:\/\/api.w.org\/{rel}","templated":true}]}}