{"id":22073,"date":"2018-10-15T08:50:37","date_gmt":"2018-10-15T08:50:37","guid":{"rendered":"https:\/\/www.eurotherm.com\/product\/bridge-logiciel-de-visualisation\/"},"modified":"2024-01-03T23:37:58","modified_gmt":"2024-01-03T15:37:58","slug":"bridge-visualisation-software","status":"publish","type":"product","link":"https:\/\/www.eurotherm.com\/fr\/products\/enregistreurs-et-gestion-des-donnees\/logiciels-de-gestion-des-donnees\/bridge-visualisation-software\/","title":{"rendered":"Bridge &#8211; Logiciel de visualisation"},"content":{"rendered":"<ul>\n<li>Donn\u00e9es en temps r\u00e9el affich\u00e9es en toute s\u00e9curit\u00e9<\/li>\n<li>Utilisation et configuration \u00e0 distance<\/li>\n<li>Visualisation de la gestion de donn\u00e9es sur votre PC<\/li>\n<li>Compatible Internet ou intranet<\/li>\n<\/ul>\n<p><strong>Bridge Lite<\/strong>\u00a0offre \u00e0 l&rsquo;utilisateur une fonctionnalit\u00e9 de visualisation en temps r\u00e9el \u00e0 distance. Tous les \u00e9crans standard 5000 et 6000 et l&rsquo;historique interne des appareils peuvent \u00eatre visualis\u00e9s dans une interface op\u00e9rateur ind\u00e9pendante.<\/p>\n<p><strong>Bridge Full<\/strong>\u00a0donne un acc\u00e8s total \u00e0 un appareil 5000 ou 6000 &#8211; y compris la visualisation des donn\u00e9es, l&rsquo;exploitation et la configuration.<\/p>\n<p>Les op\u00e9rateurs doivent seulement se familiariser avec une interface car Bridge pr\u00e9sente le produit de la m\u00eame fa\u00e7on que localement sur l&rsquo;appreil. Chaque utilisateur peut avoir un nom d&rsquo;utilisateur et un mot de passe sp\u00e9cifiques avec un acc\u00e8s s\u00e9curitaire personnalis\u00e9 &#8211; pour tout permettre, du simple affichage des donn\u00e9es au contr\u00f4le de lots en passant par les autorisations de configuration compl\u00e8tes. L&rsquo;utilisateur peut \u00e9galement visualiser, cr\u00e9er et \u00e9diter des \u00e9crans graphiques personnalis\u00e9s pour obtenir la meilleure pr\u00e9sentation possible du proc\u00e9d\u00e9. (N\u00e9cessite l&rsquo;activation d&rsquo;une option d&rsquo;\u00e9cran utilisateur sur le produit.)<\/p>\n<p><strong>Configuration PC minimale<\/strong><\/p>\n<p>P90 ex\u00e9cutant Windows NT\/2000\/XP<br \/>\nRAM de 32 Mo<br \/>\n50 Mo d&rsquo;espace libre sur le disque dur<br \/>\nPilote graphique capable d&rsquo;afficher &gt; 256 couleurs (recommand\u00e9)<br \/>\nCarte son n\u00e9cessaire pour la fonction d&rsquo;alarme sonore<\/p>\n<p><strong>CARACTERISTIQUES :<\/strong><\/p>\n<ul>\n<li>Fonctionne sur Internet<\/li>\n<li>Fonctionne via Intranet<\/li>\n<li>Acc\u00e8s \u00e0 distance personnalis\u00e9 et s\u00e9curis\u00e9<\/li>\n<li>Contr\u00f4le des lots \u00e0 distance<\/li>\n<\/ul>\n","protected":false},"excerpt":{"rendered":"<p>Bridge est un ensemble logiciel puissant mais facile \u00e0 utiliser offrant l&rsquo;acc\u00e8s aux appareils des s\u00e9ries 6000<br \/>\net 5000 en r\u00e9seau \u00e0 partir de n&rsquo;importe quel PC dans le monde. Avec les droits d&rsquo;acc\u00e8s corrects, l&rsquo;utilisateur peut visualiser plusieurs enregistreurs 5000 et 6000 en r\u00e9seau en utilisant le r\u00e9seau local, une connexion commut\u00e9e, intranet ou Internet.<\/p>\n<p>Deux versions de Bridge sont disponibles \u2013\u00a0<strong>Bridge Lite et Bridge Full.<\/strong><\/p>\n","protected":false},"featured_media":16870,"template":"","meta":{"_acf_changed":false},"product_brand":[],"product_cat":[1110,12151,12167],"product_tag":[],"class_list":{"0":"post-22073","1":"product","2":"type-product","3":"status-publish","4":"has-post-thumbnail","6":"product_cat-produits","7":"product_cat-enregistreurs-et-gestion-des-donnees","8":"product_cat-logiciels-de-gestion-des-donnees","9":"product_shipping_class-1-fr","11":"first","12":"outofstock","13":"purchasable","14":"product-type-simple"},"acf":[],"yoast_head":"<!-- This site is optimized with the Yoast SEO plugin v27.2 - https:\/\/yoast.com\/product\/yoast-seo-wordpress\/ -->\n<title>Bridge - Logiciel de visualisation | Eurotherm Limited<\/title>\n<meta name=\"description\" content=\"Bridge &#8211; Logiciel de visualisation | Donn\u00e9es en temps r\u00e9el affich\u00e9es en toute s\u00e9curit\u00e9 Utilisation et configuration \u00e0 distance&lt;\/li\" \/>\n<meta name=\"robots\" content=\"index, follow, max-snippet:-1, max-image-preview:large, max-video-preview:-1\" \/>\n<meta property=\"og:locale\" content=\"fr_FR\" \/>\n<meta property=\"og:type\" content=\"article\" \/>\n<meta property=\"og:title\" content=\"Bridge - Logiciel de visualisation | Eurotherm Limited\" \/>\n<meta property=\"og:description\" content=\"Bridge - Logiciel de visualisation | Bridge est un ensemble logiciel puissant mais facile \u00e0 utiliser offrant l&#039;acc\u00e8s aux appareils des s\u00e9ries 6000 et 5000 en r\u00e9seau \u00e0 partir de n&#039;importe quel PC dans le monde. Avec les droits d&#039;acc\u00e8s corrects, l&#039;utilisateur peut visualiser plusieurs enregistreurs 5000 et 6000 en r\u00e9seau en utilisant le r\u00e9seau local, une connexion commut\u00e9e, intranet ou Internet.  Deux versions de Bridge sont disponibles \u2013\u00a0Bridge Lite et Bridge Full.\" \/>\n<meta property=\"og:url\" content=\"https:\/\/www.eurotherm.com\/fr\/products\/enregistreurs-et-gestion-des-donnees\/logiciels-de-gestion-des-donnees\/bridge-visualisation-software\/\" \/>\n<meta property=\"og:site_name\" content=\"Eurotherm Limited\" \/>\n<meta property=\"article:modified_time\" content=\"2024-01-03T15:37:58+00:00\" \/>\n<meta property=\"og:image\" content=\"https:\/\/www.eurotherm.com\/wp-content\/uploads\/2018\/10\/Bridge.jpg\" \/>\n\t<meta property=\"og:image:width\" content=\"500\" \/>\n\t<meta property=\"og:image:height\" content=\"500\" \/>\n\t<meta property=\"og:image:type\" content=\"image\/jpeg\" \/>\n<meta name=\"twitter:card\" content=\"summary_large_image\" \/>\n<meta name=\"twitter:label1\" content=\"Dur\u00e9e de lecture estim\u00e9e\" \/>\n\t<meta name=\"twitter:data1\" content=\"1 minute\" \/>\n<script type=\"application\/ld+json\" class=\"yoast-schema-graph\">{\"@context\":\"https:\/\/schema.org\",\"@graph\":[{\"@type\":\"WebPage\",\"@id\":\"https:\/\/www.eurotherm.com\/fr\/products\/enregistreurs-et-gestion-des-donnees\/logiciels-de-gestion-des-donnees\/bridge-visualisation-software\/\",\"url\":\"https:\/\/www.eurotherm.com\/fr\/products\/enregistreurs-et-gestion-des-donnees\/logiciels-de-gestion-des-donnees\/bridge-visualisation-software\/\",\"name\":\"Bridge - Logiciel de visualisation | Eurotherm Limited\",\"isPartOf\":{\"@id\":\"https:\/\/www.eurotherm.com\/fr\/#website\"},\"primaryImageOfPage\":{\"@id\":\"https:\/\/www.eurotherm.com\/fr\/products\/enregistreurs-et-gestion-des-donnees\/logiciels-de-gestion-des-donnees\/bridge-visualisation-software\/#primaryimage\"},\"image\":{\"@id\":\"https:\/\/www.eurotherm.com\/fr\/products\/enregistreurs-et-gestion-des-donnees\/logiciels-de-gestion-des-donnees\/bridge-visualisation-software\/#primaryimage\"},\"thumbnailUrl\":\"https:\/\/www.eurotherm.com\/wp-content\/uploads\/2018\/10\/Bridge.jpg\",\"datePublished\":\"2018-10-15T08:50:37+00:00\",\"dateModified\":\"2024-01-03T15:37:58+00:00\",\"description\":\"Bridge - Logiciel de visualisation | Bridge est un ensemble logiciel puissant mais facile \u00e0 utiliser offrant l'acc\u00e8s aux appareils des s\u00e9ries 6000 et 5000 en r\u00e9seau \u00e0 partir de n'importe quel PC dans le monde. Avec les droits d'acc\u00e8s corrects, l'utilisateur peut visualiser plusieurs enregistreurs 5000 et 6000 en r\u00e9seau en utilisant le r\u00e9seau local, une connexion commut\u00e9e, intranet ou Internet. Deux versions de Bridge sont disponibles \u2013\u00a0Bridge Lite et Bridge Full.\",\"breadcrumb\":{\"@id\":\"https:\/\/www.eurotherm.com\/fr\/products\/enregistreurs-et-gestion-des-donnees\/logiciels-de-gestion-des-donnees\/bridge-visualisation-software\/#breadcrumb\"},\"inLanguage\":\"fr-FR\",\"potentialAction\":[{\"@type\":\"ReadAction\",\"target\":[\"https:\/\/www.eurotherm.com\/fr\/products\/enregistreurs-et-gestion-des-donnees\/logiciels-de-gestion-des-donnees\/bridge-visualisation-software\/\"]}]},{\"@type\":\"ImageObject\",\"inLanguage\":\"fr-FR\",\"@id\":\"https:\/\/www.eurotherm.com\/fr\/products\/enregistreurs-et-gestion-des-donnees\/logiciels-de-gestion-des-donnees\/bridge-visualisation-software\/#primaryimage\",\"url\":\"https:\/\/www.eurotherm.com\/wp-content\/uploads\/2018\/10\/Bridge.jpg\",\"contentUrl\":\"https:\/\/www.eurotherm.com\/wp-content\/uploads\/2018\/10\/Bridge.jpg\",\"width\":500,\"height\":500},{\"@type\":\"BreadcrumbList\",\"@id\":\"https:\/\/www.eurotherm.com\/fr\/products\/enregistreurs-et-gestion-des-donnees\/logiciels-de-gestion-des-donnees\/bridge-visualisation-software\/#breadcrumb\",\"itemListElement\":[{\"@type\":\"ListItem\",\"position\":1,\"name\":\"Home\",\"item\":\"https:\/\/www.eurotherm.com\/fr\/\"},{\"@type\":\"ListItem\",\"position\":2,\"name\":\"Product Catalogue\",\"item\":\"https:\/\/www.eurotherm.com\/fr\/product-catalogue\/\"},{\"@type\":\"ListItem\",\"position\":3,\"name\":\"Enregistreurs et Solutions de Gestion des donn\u00e9es\",\"item\":\"https:\/\/www.eurotherm.com\/fr\/eurotherm-products\/enregistreurs-et-gestion-des-donnees\/\"},{\"@type\":\"ListItem\",\"position\":4,\"name\":\"Logiciels de gestion des donn\u00e9es\",\"item\":\"https:\/\/www.eurotherm.com\/fr\/eurotherm-products\/enregistreurs-et-gestion-des-donnees\/logiciels-de-gestion-des-donnees\/\"},{\"@type\":\"ListItem\",\"position\":5,\"name\":\"Bridge &#8211; Logiciel de visualisation\"}]},{\"@type\":\"WebSite\",\"@id\":\"https:\/\/www.eurotherm.com\/fr\/#website\",\"url\":\"https:\/\/www.eurotherm.com\/fr\/\",\"name\":\"Eurotherm Limited\",\"description\":\"Temperature Control, Process Control, Measurement and Data Recording Solutions\",\"potentialAction\":[{\"@type\":\"SearchAction\",\"target\":{\"@type\":\"EntryPoint\",\"urlTemplate\":\"https:\/\/www.eurotherm.com\/fr\/?s={search_term_string}\"},\"query-input\":{\"@type\":\"PropertyValueSpecification\",\"valueRequired\":true,\"valueName\":\"search_term_string\"}}],\"inLanguage\":\"fr-FR\"}]}<\/script>\n<!-- \/ Yoast SEO plugin. -->","yoast_head_json":{"title":"Bridge - Logiciel de visualisation | Eurotherm Limited","description":"Bridge &#8211; Logiciel de visualisation | Donn\u00e9es en temps r\u00e9el affich\u00e9es en toute s\u00e9curit\u00e9 Utilisation et configuration \u00e0 distance&lt;\/li","robots":{"index":"index","follow":"follow","max-snippet":"max-snippet:-1","max-image-preview":"max-image-preview:large","max-video-preview":"max-video-preview:-1"},"og_locale":"fr_FR","og_type":"article","og_title":"Bridge - Logiciel de visualisation | Eurotherm Limited","og_description":"Bridge - Logiciel de visualisation | Bridge est un ensemble logiciel puissant mais facile \u00e0 utiliser offrant l'acc\u00e8s aux appareils des s\u00e9ries 6000 et 5000 en r\u00e9seau \u00e0 partir de n'importe quel PC dans le monde. Avec les droits d'acc\u00e8s corrects, l'utilisateur peut visualiser plusieurs enregistreurs 5000 et 6000 en r\u00e9seau en utilisant le r\u00e9seau local, une connexion commut\u00e9e, intranet ou Internet.  Deux versions de Bridge sont disponibles \u2013\u00a0Bridge Lite et Bridge Full.","og_url":"https:\/\/www.eurotherm.com\/fr\/products\/enregistreurs-et-gestion-des-donnees\/logiciels-de-gestion-des-donnees\/bridge-visualisation-software\/","og_site_name":"Eurotherm Limited","article_modified_time":"2024-01-03T15:37:58+00:00","og_image":[{"width":500,"height":500,"url":"https:\/\/www.eurotherm.com\/wp-content\/uploads\/2018\/10\/Bridge.jpg","type":"image\/jpeg"}],"twitter_card":"summary_large_image","twitter_misc":{"Dur\u00e9e de lecture estim\u00e9e":"1 minute"},"schema":{"@context":"https:\/\/schema.org","@graph":[{"@type":"WebPage","@id":"https:\/\/www.eurotherm.com\/fr\/products\/enregistreurs-et-gestion-des-donnees\/logiciels-de-gestion-des-donnees\/bridge-visualisation-software\/","url":"https:\/\/www.eurotherm.com\/fr\/products\/enregistreurs-et-gestion-des-donnees\/logiciels-de-gestion-des-donnees\/bridge-visualisation-software\/","name":"Bridge - Logiciel de visualisation | Eurotherm Limited","isPartOf":{"@id":"https:\/\/www.eurotherm.com\/fr\/#website"},"primaryImageOfPage":{"@id":"https:\/\/www.eurotherm.com\/fr\/products\/enregistreurs-et-gestion-des-donnees\/logiciels-de-gestion-des-donnees\/bridge-visualisation-software\/#primaryimage"},"image":{"@id":"https:\/\/www.eurotherm.com\/fr\/products\/enregistreurs-et-gestion-des-donnees\/logiciels-de-gestion-des-donnees\/bridge-visualisation-software\/#primaryimage"},"thumbnailUrl":"https:\/\/www.eurotherm.com\/wp-content\/uploads\/2018\/10\/Bridge.jpg","datePublished":"2018-10-15T08:50:37+00:00","dateModified":"2024-01-03T15:37:58+00:00","description":"Bridge - Logiciel de visualisation | Bridge est un ensemble logiciel puissant mais facile \u00e0 utiliser offrant l'acc\u00e8s aux appareils des s\u00e9ries 6000 et 5000 en r\u00e9seau \u00e0 partir de n'importe quel PC dans le monde. Avec les droits d'acc\u00e8s corrects, l'utilisateur peut visualiser plusieurs enregistreurs 5000 et 6000 en r\u00e9seau en utilisant le r\u00e9seau local, une connexion commut\u00e9e, intranet ou Internet. Deux versions de Bridge sont disponibles \u2013\u00a0Bridge Lite et Bridge Full.","breadcrumb":{"@id":"https:\/\/www.eurotherm.com\/fr\/products\/enregistreurs-et-gestion-des-donnees\/logiciels-de-gestion-des-donnees\/bridge-visualisation-software\/#breadcrumb"},"inLanguage":"fr-FR","potentialAction":[{"@type":"ReadAction","target":["https:\/\/www.eurotherm.com\/fr\/products\/enregistreurs-et-gestion-des-donnees\/logiciels-de-gestion-des-donnees\/bridge-visualisation-software\/"]}]},{"@type":"ImageObject","inLanguage":"fr-FR","@id":"https:\/\/www.eurotherm.com\/fr\/products\/enregistreurs-et-gestion-des-donnees\/logiciels-de-gestion-des-donnees\/bridge-visualisation-software\/#primaryimage","url":"https:\/\/www.eurotherm.com\/wp-content\/uploads\/2018\/10\/Bridge.jpg","contentUrl":"https:\/\/www.eurotherm.com\/wp-content\/uploads\/2018\/10\/Bridge.jpg","width":500,"height":500},{"@type":"BreadcrumbList","@id":"https:\/\/www.eurotherm.com\/fr\/products\/enregistreurs-et-gestion-des-donnees\/logiciels-de-gestion-des-donnees\/bridge-visualisation-software\/#breadcrumb","itemListElement":[{"@type":"ListItem","position":1,"name":"Home","item":"https:\/\/www.eurotherm.com\/fr\/"},{"@type":"ListItem","position":2,"name":"Product Catalogue","item":"https:\/\/www.eurotherm.com\/fr\/product-catalogue\/"},{"@type":"ListItem","position":3,"name":"Enregistreurs et Solutions de Gestion des donn\u00e9es","item":"https:\/\/www.eurotherm.com\/fr\/eurotherm-products\/enregistreurs-et-gestion-des-donnees\/"},{"@type":"ListItem","position":4,"name":"Logiciels de gestion des donn\u00e9es","item":"https:\/\/www.eurotherm.com\/fr\/eurotherm-products\/enregistreurs-et-gestion-des-donnees\/logiciels-de-gestion-des-donnees\/"},{"@type":"ListItem","position":5,"name":"Bridge &#8211; Logiciel de visualisation"}]},{"@type":"WebSite","@id":"https:\/\/www.eurotherm.com\/fr\/#website","url":"https:\/\/www.eurotherm.com\/fr\/","name":"Eurotherm Limited","description":"Temperature Control, Process Control, Measurement and Data Recording Solutions","potentialAction":[{"@type":"SearchAction","target":{"@type":"EntryPoint","urlTemplate":"https:\/\/www.eurotherm.com\/fr\/?s={search_term_string}"},"query-input":{"@type":"PropertyValueSpecification","valueRequired":true,"valueName":"search_term_string"}}],"inLanguage":"fr-FR"}]}},"ACF":{"product_file":[27454,29384,29382,27942,27866,27943,27939,28331,27584,126577,126576,126575],"product_status":"Active Product","enable_watlow_configurator":false},"jetpack_sharing_enabled":true,"_links":{"self":[{"href":"https:\/\/www.eurotherm.com\/fr\/wp-json\/wp\/v2\/product\/22073","targetHints":{"allow":["GET"]}}],"collection":[{"href":"https:\/\/www.eurotherm.com\/fr\/wp-json\/wp\/v2\/product"}],"about":[{"href":"https:\/\/www.eurotherm.com\/fr\/wp-json\/wp\/v2\/types\/product"}],"wp:featuredmedia":[{"embeddable":true,"href":"https:\/\/www.eurotherm.com\/fr\/wp-json\/wp\/v2\/media\/16870"}],"wp:attachment":[{"href":"https:\/\/www.eurotherm.com\/fr\/wp-json\/wp\/v2\/media?parent=22073"}],"wp:term":[{"taxonomy":"product_brand","embeddable":true,"href":"https:\/\/www.eurotherm.com\/fr\/wp-json\/wp\/v2\/product_brand?post=22073"},{"taxonomy":"product_cat","embeddable":true,"href":"https:\/\/www.eurotherm.com\/fr\/wp-json\/wp\/v2\/product_cat?post=22073"},{"taxonomy":"product_tag","embeddable":true,"href":"https:\/\/www.eurotherm.com\/fr\/wp-json\/wp\/v2\/product_tag?post=22073"}],"curies":[{"name":"wp","href":"https:\/\/api.w.org\/{rel}","templated":true}]}}