{"id":22054,"date":"2018-10-15T08:49:53","date_gmt":"2018-10-15T08:49:53","guid":{"rendered":"https:\/\/www.eurotherm.com\/product\/6180-aerodaq\/"},"modified":"2023-08-18T20:01:15","modified_gmt":"2023-08-18T12:01:15","slug":"6180-aerodaq","status":"publish","type":"product","link":"https:\/\/www.eurotherm.com\/fr\/products\/enregistreurs-et-gestion-des-donnees\/enregistreurs-graphiques\/6180-aerodaq\/","title":{"rendered":"6180 AeroDAQ"},"content":{"rendered":"<h3>Surveillance de la dur\u00e9e de vie des thermocouples<\/h3>\n<p>L&rsquo;enregistreur 6180 AeroDAQ int\u00e8gre une fonction permettant de surveiller la dur\u00e9e de vie des thermocouples. Il permet ainsi d&rsquo;\u00eatre conforme \u00e0 l&rsquo;<a href=\"https:\/\/www.eurotherm.com\/fr\/heat-treatment-solutions\/ams2750f-pyrometry-solutions\/\">AMS2750F<\/a> (sections 3.1.5 et 3.1.5.3). Le nombre d&rsquo;utilisations des thermocouples ainsi que le nombre de jours restants sont comptabilis\u00e9s pour s&rsquo;assurer qu&rsquo;ils ne sont pas utilis\u00e9s au-del\u00e0 de leur dur\u00e9e de vie maximale.<\/p>\n<h3>Programmation automatis\u00e9e<\/h3>\n<p>L&rsquo;utilisation d&rsquo;un four qui a d\u00e9pass\u00e9 la p\u00e9riode autoris\u00e9e pour l&rsquo;\u00e9talonnage, les \u00e9tudes d&rsquo;uniformit\u00e9 thermique TUS (Thermal Uniformity Surveys), ou les tests de pr\u00e9cision de la cha\u00eene de mesure SAT (System Accuracy Test ) peut se traduire par une non conformit\u00e9 d&rsquo;audit et une perte financi\u00e8re.<\/p>\n<p>L&rsquo;enregistreur 6180 AeroDAQ g\u00e9n\u00e8re des avertissements de dates d&rsquo;\u00e9ch\u00e9ance pour les \u00e9l\u00e9ments suivants :<\/p>\n<ul>\n<li>Etalonnages<\/li>\n<li>TUS<\/li>\n<li>SAT<\/li>\n<\/ul>\n<h3>Capacit\u00e9 de reporting<\/h3>\n<p>Votre succ\u00e8s d\u00e9pend non seulement de votre comp\u00e9tence \u00e0 g\u00e9rer les proc\u00e9d\u00e9s de traitement thermique, mais aussi \u00e0 prouver qu&rsquo;ils sont conformes aux sp\u00e9cifications de votre client et aux normes des organismes auditeurs.<\/p>\n<p>Le logiciel de reporting fournit une fonctionnalit\u00e9 standard de reporting par lots couvrant :<\/p>\n<ul>\n<li>Informations client<\/li>\n<li>Informations de lot<\/li>\n<li>Analyse des tendances<\/li>\n<li>R\u00e9sum\u00e9 des alarmes<\/li>\n<\/ul>\n<h3>Respecte les exigences de l&rsquo;AMS2750F<\/h3>\n<p>Sections :<\/p>\n<ul>\n<li>3.1.5 : capteurs de charge<\/li>\n<li>3.1.5.3 : The life of nonexpendable base metal load thermocouples<\/li>\n<li>3.2.5 : Etalonnage des instruments<\/li>\n<li>3.4.2 : Fr\u00e9quence des SAT<\/li>\n<li>3.5.7 : Fr\u00e9quence des TUS<\/li>\n<li>Tableau 2 : types de thermocouples<\/li>\n<li>3.2.3 et Tableau 3 : instruments d&rsquo;essai sur site<\/li>\n<li>Section 3.2.4 et Tableau 3 : instruments de commande, surveillance et enregistrement<\/li>\n<\/ul>\n<p>Le logiciel de reporting du 6180 AeroDAQ peut \u00eatre facilement personnalis\u00e9 pour r\u00e9pondre \u00e0 vos besoins sp\u00e9cifiques. Il permet de transformer des donn\u00e9es archiv\u00e9es en toute s\u00e9curit\u00e9 par des informations de lots, essentielles pour vous et vos clients.<\/p>\n<p>Consultez notre site d\u00e9di\u00e9 aux <a href=\"https:\/\/www.eurotherm.com\/fr\/heat-treatment-solutions\/\">solutions de traitement thermique<\/a> pour obtenir des compl\u00e9ments d&rsquo;information : affronter les enjeux de l&rsquo;AMS2750F<\/p>\n<p><strong>Id\u00e9al pour :<\/strong><\/p>\n<ul>\n<li>les sp\u00e9cialistes du traitement thermique certifi\u00e9s Nadcap<\/li>\n<\/ul>\n","protected":false},"excerpt":{"rendered":"<ul>\n<li>Ecran tactile couleur<\/li>\n<li>USB \u2018plug &amp; play\u2019<\/li>\n<li>6 entr\u00e9es universelles<\/li>\n<li>M\u00e9moire flash non volatile de 96mo<\/li>\n<li>Echantillonnage 125ms<\/li>\n<li>Compact Flash<\/li>\n<li>Modbus RTU<\/li>\n<li>Ethernet TCP\/IP<\/li>\n<li>Serveur Web<\/li>\n<\/ul>\n<p>L&rsquo;AMS2750F contraint les fournisseurs du secteur a\u00e9rospatial \u00e0 adopter des proc\u00e9dures rigoureuses pour la maintenance des fours. L&rsquo;enregistreur 6180 AeroDAQ est con\u00e7u pour vous aider \u00e0 respecter les normes et r\u00e9glementations de l&rsquo;industrie a\u00e9rospatiale.<\/p>\n","protected":false},"featured_media":6342,"template":"","meta":{"_acf_changed":false},"product_brand":[],"product_cat":[12151,12149,12148,1110,12150],"product_tag":[],"class_list":{"0":"post-22054","1":"product","2":"type-product","3":"status-publish","4":"has-post-thumbnail","6":"product_cat-enregistreurs-et-gestion-des-donnees","7":"product_cat-enregistreurs-graphiques","8":"product_cat-furnaces-atmosphere-and-vacuum-fr","9":"product_cat-produits","10":"product_cat-heat-treat-products-fr","11":"product_shipping_class-1-fr","13":"first","14":"instock","15":"purchasable","16":"product-type-simple"},"acf":[],"yoast_head":"<!-- This site is optimized with the Yoast SEO plugin v27.2 - https:\/\/yoast.com\/product\/yoast-seo-wordpress\/ -->\n<title>6180 AeroDAQ | Eurotherm Limited<\/title>\n<meta name=\"description\" content=\"6180 AeroDAQ | Surveillance de la dur\u00e9e de vie des thermocouples L&#039;enregistreur 6180 AeroDAQ int\u00e8gre une fonction permettant de surveiller la dur\u00e9e de\" \/>\n<meta name=\"robots\" content=\"index, follow, max-snippet:-1, max-image-preview:large, max-video-preview:-1\" \/>\n<meta property=\"og:locale\" content=\"fr_FR\" \/>\n<meta property=\"og:type\" content=\"article\" \/>\n<meta property=\"og:title\" content=\"6180 AeroDAQ | Eurotherm Limited\" \/>\n<meta property=\"og:description\" content=\"6180 AeroDAQ | Ecran tactile couleur  USB \u2018plug &amp; play\u2019  6 entr\u00e9es universelles  M\u00e9moire flash non volatile de 96mo  Echantillonnage 125ms  Compact Flash  Modbus RTU  Ethernet TCP\/IP  Serveur Web  L&#039;AMS2750F contraint les fournisseurs du secteur a\u00e9rospatial \u00e0 adopter des proc\u00e9dures rigoureuses pour la maintenance des fours. L&#039;enregistreur 6180 AeroDAQ est con\u00e7u pour vous aider \u00e0 respecter les normes et r\u00e9glementations de l&#039;industrie a\u00e9rospatiale.\" \/>\n<meta property=\"og:url\" content=\"https:\/\/www.eurotherm.com\/fr\/products\/enregistreurs-et-gestion-des-donnees\/enregistreurs-graphiques\/6180-aerodaq\/\" \/>\n<meta property=\"og:site_name\" content=\"Eurotherm Limited\" \/>\n<meta property=\"article:modified_time\" content=\"2023-08-18T12:01:15+00:00\" \/>\n<meta property=\"og:image\" content=\"https:\/\/www.eurotherm.com\/wp-content\/uploads\/2018\/10\/AeroDAQ.jpg\" \/>\n\t<meta property=\"og:image:width\" content=\"500\" \/>\n\t<meta property=\"og:image:height\" content=\"500\" \/>\n\t<meta property=\"og:image:type\" content=\"image\/jpeg\" \/>\n<meta name=\"twitter:card\" content=\"summary_large_image\" \/>\n<meta name=\"twitter:label1\" content=\"Dur\u00e9e de lecture estim\u00e9e\" \/>\n\t<meta name=\"twitter:data1\" content=\"2 minutes\" \/>\n<script type=\"application\/ld+json\" class=\"yoast-schema-graph\">{\"@context\":\"https:\/\/schema.org\",\"@graph\":[{\"@type\":\"WebPage\",\"@id\":\"https:\/\/www.eurotherm.com\/fr\/products\/enregistreurs-et-gestion-des-donnees\/enregistreurs-graphiques\/6180-aerodaq\/\",\"url\":\"https:\/\/www.eurotherm.com\/fr\/products\/enregistreurs-et-gestion-des-donnees\/enregistreurs-graphiques\/6180-aerodaq\/\",\"name\":\"6180 AeroDAQ | Eurotherm Limited\",\"isPartOf\":{\"@id\":\"https:\/\/www.eurotherm.com\/fr\/#website\"},\"primaryImageOfPage\":{\"@id\":\"https:\/\/www.eurotherm.com\/fr\/products\/enregistreurs-et-gestion-des-donnees\/enregistreurs-graphiques\/6180-aerodaq\/#primaryimage\"},\"image\":{\"@id\":\"https:\/\/www.eurotherm.com\/fr\/products\/enregistreurs-et-gestion-des-donnees\/enregistreurs-graphiques\/6180-aerodaq\/#primaryimage\"},\"thumbnailUrl\":\"https:\/\/www.eurotherm.com\/wp-content\/uploads\/2018\/10\/AeroDAQ.jpg\",\"datePublished\":\"2018-10-15T08:49:53+00:00\",\"dateModified\":\"2023-08-18T12:01:15+00:00\",\"description\":\"6180 AeroDAQ | Ecran tactile couleur USB \u2018plug &amp; play\u2019 6 entr\u00e9es universelles M\u00e9moire flash non volatile de 96mo Echantillonnage 125ms Compact Flash Modbus RTU Ethernet TCP\/IP Serveur Web L'AMS2750F contraint les fournisseurs du secteur a\u00e9rospatial \u00e0 adopter des proc\u00e9dures rigoureuses pour la maintenance des fours. L'enregistreur 6180 AeroDAQ est con\u00e7u pour vous aider \u00e0 respecter les normes et r\u00e9glementations de l'industrie a\u00e9rospatiale.\",\"breadcrumb\":{\"@id\":\"https:\/\/www.eurotherm.com\/fr\/products\/enregistreurs-et-gestion-des-donnees\/enregistreurs-graphiques\/6180-aerodaq\/#breadcrumb\"},\"inLanguage\":\"fr-FR\",\"potentialAction\":[{\"@type\":\"ReadAction\",\"target\":[\"https:\/\/www.eurotherm.com\/fr\/products\/enregistreurs-et-gestion-des-donnees\/enregistreurs-graphiques\/6180-aerodaq\/\"]}]},{\"@type\":\"ImageObject\",\"inLanguage\":\"fr-FR\",\"@id\":\"https:\/\/www.eurotherm.com\/fr\/products\/enregistreurs-et-gestion-des-donnees\/enregistreurs-graphiques\/6180-aerodaq\/#primaryimage\",\"url\":\"https:\/\/www.eurotherm.com\/wp-content\/uploads\/2018\/10\/AeroDAQ.jpg\",\"contentUrl\":\"https:\/\/www.eurotherm.com\/wp-content\/uploads\/2018\/10\/AeroDAQ.jpg\",\"width\":500,\"height\":500},{\"@type\":\"BreadcrumbList\",\"@id\":\"https:\/\/www.eurotherm.com\/fr\/products\/enregistreurs-et-gestion-des-donnees\/enregistreurs-graphiques\/6180-aerodaq\/#breadcrumb\",\"itemListElement\":[{\"@type\":\"ListItem\",\"position\":1,\"name\":\"Home\",\"item\":\"https:\/\/www.eurotherm.com\/fr\/\"},{\"@type\":\"ListItem\",\"position\":2,\"name\":\"Product Catalogue\",\"item\":\"https:\/\/www.eurotherm.com\/fr\/product-catalogue\/\"},{\"@type\":\"ListItem\",\"position\":3,\"name\":\"Enregistreurs et Solutions de Gestion des donn\u00e9es\",\"item\":\"https:\/\/www.eurotherm.com\/fr\/eurotherm-products\/enregistreurs-et-gestion-des-donnees\/\"},{\"@type\":\"ListItem\",\"position\":4,\"name\":\"Enregistreurs graphiques\",\"item\":\"https:\/\/www.eurotherm.com\/fr\/eurotherm-products\/enregistreurs-et-gestion-des-donnees\/enregistreurs-graphiques\/\"},{\"@type\":\"ListItem\",\"position\":5,\"name\":\"6180 AeroDAQ\"}]},{\"@type\":\"WebSite\",\"@id\":\"https:\/\/www.eurotherm.com\/fr\/#website\",\"url\":\"https:\/\/www.eurotherm.com\/fr\/\",\"name\":\"Eurotherm Limited\",\"description\":\"Temperature Control, Process Control, Measurement and Data Recording Solutions\",\"potentialAction\":[{\"@type\":\"SearchAction\",\"target\":{\"@type\":\"EntryPoint\",\"urlTemplate\":\"https:\/\/www.eurotherm.com\/fr\/?s={search_term_string}\"},\"query-input\":{\"@type\":\"PropertyValueSpecification\",\"valueRequired\":true,\"valueName\":\"search_term_string\"}}],\"inLanguage\":\"fr-FR\"}]}<\/script>\n<!-- \/ Yoast SEO plugin. -->","yoast_head_json":{"title":"6180 AeroDAQ | Eurotherm Limited","description":"6180 AeroDAQ | Surveillance de la dur\u00e9e de vie des thermocouples L'enregistreur 6180 AeroDAQ int\u00e8gre une fonction permettant de surveiller la dur\u00e9e de","robots":{"index":"index","follow":"follow","max-snippet":"max-snippet:-1","max-image-preview":"max-image-preview:large","max-video-preview":"max-video-preview:-1"},"og_locale":"fr_FR","og_type":"article","og_title":"6180 AeroDAQ | Eurotherm Limited","og_description":"6180 AeroDAQ | Ecran tactile couleur  USB \u2018plug &amp; play\u2019  6 entr\u00e9es universelles  M\u00e9moire flash non volatile de 96mo  Echantillonnage 125ms  Compact Flash  Modbus RTU  Ethernet TCP\/IP  Serveur Web  L'AMS2750F contraint les fournisseurs du secteur a\u00e9rospatial \u00e0 adopter des proc\u00e9dures rigoureuses pour la maintenance des fours. L'enregistreur 6180 AeroDAQ est con\u00e7u pour vous aider \u00e0 respecter les normes et r\u00e9glementations de l'industrie a\u00e9rospatiale.","og_url":"https:\/\/www.eurotherm.com\/fr\/products\/enregistreurs-et-gestion-des-donnees\/enregistreurs-graphiques\/6180-aerodaq\/","og_site_name":"Eurotherm Limited","article_modified_time":"2023-08-18T12:01:15+00:00","og_image":[{"width":500,"height":500,"url":"https:\/\/www.eurotherm.com\/wp-content\/uploads\/2018\/10\/AeroDAQ.jpg","type":"image\/jpeg"}],"twitter_card":"summary_large_image","twitter_misc":{"Dur\u00e9e de lecture estim\u00e9e":"2 minutes"},"schema":{"@context":"https:\/\/schema.org","@graph":[{"@type":"WebPage","@id":"https:\/\/www.eurotherm.com\/fr\/products\/enregistreurs-et-gestion-des-donnees\/enregistreurs-graphiques\/6180-aerodaq\/","url":"https:\/\/www.eurotherm.com\/fr\/products\/enregistreurs-et-gestion-des-donnees\/enregistreurs-graphiques\/6180-aerodaq\/","name":"6180 AeroDAQ | Eurotherm Limited","isPartOf":{"@id":"https:\/\/www.eurotherm.com\/fr\/#website"},"primaryImageOfPage":{"@id":"https:\/\/www.eurotherm.com\/fr\/products\/enregistreurs-et-gestion-des-donnees\/enregistreurs-graphiques\/6180-aerodaq\/#primaryimage"},"image":{"@id":"https:\/\/www.eurotherm.com\/fr\/products\/enregistreurs-et-gestion-des-donnees\/enregistreurs-graphiques\/6180-aerodaq\/#primaryimage"},"thumbnailUrl":"https:\/\/www.eurotherm.com\/wp-content\/uploads\/2018\/10\/AeroDAQ.jpg","datePublished":"2018-10-15T08:49:53+00:00","dateModified":"2023-08-18T12:01:15+00:00","description":"6180 AeroDAQ | Ecran tactile couleur USB \u2018plug &amp; play\u2019 6 entr\u00e9es universelles M\u00e9moire flash non volatile de 96mo Echantillonnage 125ms Compact Flash Modbus RTU Ethernet TCP\/IP Serveur Web L'AMS2750F contraint les fournisseurs du secteur a\u00e9rospatial \u00e0 adopter des proc\u00e9dures rigoureuses pour la maintenance des fours. L'enregistreur 6180 AeroDAQ est con\u00e7u pour vous aider \u00e0 respecter les normes et r\u00e9glementations de l'industrie a\u00e9rospatiale.","breadcrumb":{"@id":"https:\/\/www.eurotherm.com\/fr\/products\/enregistreurs-et-gestion-des-donnees\/enregistreurs-graphiques\/6180-aerodaq\/#breadcrumb"},"inLanguage":"fr-FR","potentialAction":[{"@type":"ReadAction","target":["https:\/\/www.eurotherm.com\/fr\/products\/enregistreurs-et-gestion-des-donnees\/enregistreurs-graphiques\/6180-aerodaq\/"]}]},{"@type":"ImageObject","inLanguage":"fr-FR","@id":"https:\/\/www.eurotherm.com\/fr\/products\/enregistreurs-et-gestion-des-donnees\/enregistreurs-graphiques\/6180-aerodaq\/#primaryimage","url":"https:\/\/www.eurotherm.com\/wp-content\/uploads\/2018\/10\/AeroDAQ.jpg","contentUrl":"https:\/\/www.eurotherm.com\/wp-content\/uploads\/2018\/10\/AeroDAQ.jpg","width":500,"height":500},{"@type":"BreadcrumbList","@id":"https:\/\/www.eurotherm.com\/fr\/products\/enregistreurs-et-gestion-des-donnees\/enregistreurs-graphiques\/6180-aerodaq\/#breadcrumb","itemListElement":[{"@type":"ListItem","position":1,"name":"Home","item":"https:\/\/www.eurotherm.com\/fr\/"},{"@type":"ListItem","position":2,"name":"Product Catalogue","item":"https:\/\/www.eurotherm.com\/fr\/product-catalogue\/"},{"@type":"ListItem","position":3,"name":"Enregistreurs et Solutions de Gestion des donn\u00e9es","item":"https:\/\/www.eurotherm.com\/fr\/eurotherm-products\/enregistreurs-et-gestion-des-donnees\/"},{"@type":"ListItem","position":4,"name":"Enregistreurs graphiques","item":"https:\/\/www.eurotherm.com\/fr\/eurotherm-products\/enregistreurs-et-gestion-des-donnees\/enregistreurs-graphiques\/"},{"@type":"ListItem","position":5,"name":"6180 AeroDAQ"}]},{"@type":"WebSite","@id":"https:\/\/www.eurotherm.com\/fr\/#website","url":"https:\/\/www.eurotherm.com\/fr\/","name":"Eurotherm Limited","description":"Temperature Control, Process Control, Measurement and Data Recording Solutions","potentialAction":[{"@type":"SearchAction","target":{"@type":"EntryPoint","urlTemplate":"https:\/\/www.eurotherm.com\/fr\/?s={search_term_string}"},"query-input":{"@type":"PropertyValueSpecification","valueRequired":true,"valueName":"search_term_string"}}],"inLanguage":"fr-FR"}]}},"ACF":{"product_file":[126577,126576,27454,27952,27143,27142,28954,29384,29382,27144,27145,27097,27942,27866,27943,27939,29246,29248,27137,27136,27133,27473,27497,27584,27088,122555],"product_status":"Active Product","enable_watlow_configurator":true,"watlow_product_type":"Single","watlow_configurator_link":"https:\/\/www.watlow.com\/Products\/Controllers\/Eurotherm\/6180-aerodaq?econfig=123"},"jetpack_sharing_enabled":true,"_links":{"self":[{"href":"https:\/\/www.eurotherm.com\/fr\/wp-json\/wp\/v2\/product\/22054","targetHints":{"allow":["GET"]}}],"collection":[{"href":"https:\/\/www.eurotherm.com\/fr\/wp-json\/wp\/v2\/product"}],"about":[{"href":"https:\/\/www.eurotherm.com\/fr\/wp-json\/wp\/v2\/types\/product"}],"wp:featuredmedia":[{"embeddable":true,"href":"https:\/\/www.eurotherm.com\/fr\/wp-json\/wp\/v2\/media\/6342"}],"wp:attachment":[{"href":"https:\/\/www.eurotherm.com\/fr\/wp-json\/wp\/v2\/media?parent=22054"}],"wp:term":[{"taxonomy":"product_brand","embeddable":true,"href":"https:\/\/www.eurotherm.com\/fr\/wp-json\/wp\/v2\/product_brand?post=22054"},{"taxonomy":"product_cat","embeddable":true,"href":"https:\/\/www.eurotherm.com\/fr\/wp-json\/wp\/v2\/product_cat?post=22054"},{"taxonomy":"product_tag","embeddable":true,"href":"https:\/\/www.eurotherm.com\/fr\/wp-json\/wp\/v2\/product_tag?post=22054"}],"curies":[{"name":"wp","href":"https:\/\/api.w.org\/{rel}","templated":true}]}}