{"id":22053,"date":"2018-10-15T08:49:41","date_gmt":"2018-10-15T08:49:41","guid":{"rendered":"https:\/\/www.eurotherm.com\/product\/6100a-tus\/"},"modified":"2022-06-08T15:52:21","modified_gmt":"2022-06-08T07:52:21","slug":"tus-recorder","status":"publish","type":"product","link":"https:\/\/www.eurotherm.com\/fr\/products\/enregistreurs-et-gestion-des-donnees\/enregistreurs-graphiques\/tus-recorder\/","title":{"rendered":"Enregistreurs TUS"},"content":{"rendered":"<p>L&rsquo;enregistreur 6100A TUS offre une pr\u00e9cision d&rsquo;entr\u00e9e in\u00e9gal\u00e9e. Le taux d&rsquo;\u00e9chantillonnage total est de 125 ms pour jusqu&rsquo;\u00e0 15 entr\u00e9es de temp\u00e9rature universelles de haute pr\u00e9cision. Il permet de :<\/p>\n<ul>\n<li><span lang=\"fr\">Afficher et enregistrer les d\u00e9calages corrig\u00e9s du thermocouple et de l&rsquo;enregistreur en temps r\u00e9el<\/span><\/li>\n<li><span lang=\"fr\">Cr\u00e9er de multiples configurations hors ligne et de les charger localement via USB ou \u00e0 distance via Ethernet<\/span><\/li>\n<li><span lang=\"fr\"> Interface facile \u00e0 utiliser indiquant T\/C min., T\/C max. et diff\u00e9rence T\/C max.<\/span><\/li>\n<li><span lang=\"fr\">Une fois toutes les donn\u00e9es collect\u00e9es et le mod\u00e8le de rapport cr\u00e9\u00e9, vous pouvez g\u00e9n\u00e9rer un rapport en quelques minutes !<\/span><\/li>\n<\/ul>\n<p>L&rsquo;enregistreur 6100A TUS r\u00e9pond facilement aux exigences de l&rsquo;<a href=\"https:\/\/www.eurotherm.com\/fr\/heat-treatment-solutions\/ams2750f-pyrometry-solutions\/\">AMS2750F<\/a> (Tableau 3 Sp\u00e9cifications &#8211; Instrument de test terrain +\/- 1\u00baF). Avec une pr\u00e9cision instantan\u00e9e, une erreur maximale globale de +\/- 0,5\u00baF et une stabilit\u00e9 \u00e9lev\u00e9e pour minimiser la d\u00e9rive, c&rsquo;est un appareil con\u00e7u pour l&rsquo;industrie du <a href=\"https:\/\/www.eurotherm.com\/fr\/heat-treatment-solutions\/\">traitement thermique<\/a>. La portabilit\u00e9 de l&rsquo;enregistreur TUS le rend extr\u00eamement polyvalent. Avec 15 entr\u00e9es de thermocouple, il est adapt\u00e9 \u00e0 tout four de petite ou moyenne taille.<\/p>\n<h2>Capacit\u00e9 de stockage<\/h2>\n<p>Les donn\u00e9es que vous avez collect\u00e9es pendant l&rsquo;\u00e9tude sont votre atout le plus pr\u00e9cieux. La protection comprend des donn\u00e9es s\u00e9curis\u00e9es et inalt\u00e9rables au format .uhh ainsi qu&rsquo;un Audit Trail pour la FDA 21 CFR Part 11 et le Nadcap. L&rsquo;audit trail permet d&rsquo;enregistrer la connexion des utilisateurs, les modifications apport\u00e9es aux configurations et l&rsquo;utilisation de noms d&rsquo;utilisateur et de mots de passe uniques. Avec 96 mo de stockage interne, vous pouvez archiver jusqu&rsquo;\u00e0 plus de 2 ans de donn\u00e9es avant de remplacer les donn\u00e9es existantes. Et avec jusqu&rsquo;\u00e0 8 Go de m\u00e9moire compact flash et sa capacit\u00e9 d&rsquo;archivage vers un emplacement distant via Ethernet, vos capacit\u00e9s de stockage peuvent devenir illimit\u00e9es.<\/p>\n<h2>Ecran tactile<\/h2>\n<p><span lang=\"fr\">L&rsquo;\u00e9cran tactile de l&rsquo;enregistreur 6100A TUS est facile \u00e0 utiliser. Cela garantit une productivit\u00e9 plus rapide et des exigences d&rsquo;apprentissage minimales. L&rsquo;\u00e9cran int\u00e8gre \u00e9galement un clavier \u00abPop Up\u00bb afin de faciliter la saisie de donn\u00e9es ou des messages. Vous pouvez \u00e9galement cr\u00e9er vos propres boutons op\u00e9rateur, n&rsquo;importe o\u00f9 sur l&rsquo;\u00e9cran.<\/span><\/p>\n<p>Id\u00e9al pour les applications de traitement thermique en environnement AMS2750F.<\/p>\n<p>Fonctionnalit\u00e9s :<\/p>\n<ul>\n<li><span lang=\"fr\">\u00c9cran tactile 5,5 \u00ab\u00a0\u00bcVGA<\/span><\/li>\n<li><span lang=\"fr\">Affichages graphiques personnalis\u00e9<\/span><\/li>\n<li><span lang=\"fr\">Visualisation\/configuration \u00e0 distance<\/span><\/li>\n<li><span lang=\"fr\">Gestion des lots<\/span><\/li>\n<li><span lang=\"fr\">Enregistrement adaptatif<\/span><\/li>\n<li><span lang=\"fr\">Fonctions math\u00e9matiques<\/span><\/li>\n<li><span lang=\"fr\">Totalisateurs, minuteries, compteurs<\/span><\/li>\n<li><span lang=\"fr\">G<\/span><span lang=\"fr\">roupes<\/span><\/li>\n<li><span lang=\"fr\">Synchronisation horaire (SNTP)<\/span><\/li>\n<li><span lang=\"fr\">Audit trail<\/span><\/li>\n<li><span lang=\"fr\">Signatures \u00e9lectroniques<\/span><\/li>\n<li><a href=\"https:\/\/www.eurotherm.com\/fr\/products\/enregistreurs-et-gestion-des-donnees\/logiciels-de-gestion-des-donnees\/security-manager\/\"><span lang=\"fr\">Security Manager<\/span><\/a><\/li>\n<li><span lang=\"fr\">FTP Client\/Serveur<\/span><\/li>\n<li><span lang=\"fr\"> Communications Ethernet<\/span><\/li>\n<li><span lang=\"fr\">Communications s\u00e9rie<\/span><\/li>\n<li><span lang=\"fr\">Entr\u00e9es d&rsquo;\u00e9v\u00e9nement<\/span><\/li>\n<li><span lang=\"fr\">Notification par e-mail\/SMS<\/span><\/li>\n<li><span lang=\"fr\">Serveur web<\/span><\/li>\n<\/ul>\n","protected":false},"excerpt":{"rendered":"<h2>Enregistreurs TUS &#8211; Uniformit\u00e9 des Temp\u00e9ratures<\/h2>\n<p><span lang=\"fr\">L&rsquo;enregistreur S\u00e9rie 6000 TUS permet de connecter jusqu&rsquo;\u00e0 15\u00a0 capteurs de thermocouples (30 voies pour le 6180A). Les thermocouples peuvent \u00eatre de tout type : J, K, N, R, S, T, etc&#8230;. Les prises sont dispos\u00e9es en trois rang\u00e9es de 5. Chaque rang\u00e9e contient son propre capteur RTD PT100 de r\u00e9f\u00e9rence \u00e0 4 fils. Une fois install\u00e9 et c\u00e2bl\u00e9, l&rsquo;\u00e9talonnage de l&rsquo;ensemble du syst\u00e8me \u00e0 l&rsquo;aide des instructions du fabricant doit \u00eatre effectu\u00e9 avant utilisation. <\/span><\/p>\n<p><span lang=\"fr\">Un instrument est \u00e9talonn\u00e9 sur site \u00e0 une temp\u00e9rature ambiante de 25 \u00b0 C. Cette proc\u00e9dure de r\u00e9glage supprime les effets des erreurs de thermocouple individuelles, de l&rsquo;erreur CJC et de l&rsquo;erreur de mesure d&rsquo;entr\u00e9e. Pour plus de d\u00e9tails, consultez le manuel d&rsquo;installation et d&rsquo;utilisation du produit concern\u00e9).<\/span><\/p>\n<ul>\n<li>15 entr\u00e9es T\/C universelles de haute pr\u00e9cision<\/li>\n<li>Bo\u00eetier portable et robuste<\/li>\n<li>M\u00e9moire interne de 96 Mo pour l&rsquo;archivage local<\/li>\n<li>Carte m\u00e9moire compact flash de 4 Go pour un stockage suppl\u00e9mentaire (jusqu&rsquo;\u00e0 8 Go disponibles)<\/li>\n<li>Visualisation et configuration \u00e0 distance<\/li>\n<li>Transfert automatique des donn\u00e9es vers la base de donn\u00e9es locale<\/li>\n<li>Audit trail<\/li>\n<li>Gestion de lots<\/li>\n<\/ul>\n","protected":false},"featured_media":68233,"template":"","meta":{"_acf_changed":false},"product_brand":[],"product_cat":[12148,12150,1110,12151,12149],"product_tag":[],"class_list":{"0":"post-22053","1":"product","2":"type-product","3":"status-publish","4":"has-post-thumbnail","6":"product_cat-furnaces-atmosphere-and-vacuum-fr","7":"product_cat-heat-treat-products-fr","8":"product_cat-produits","9":"product_cat-enregistreurs-et-gestion-des-donnees","10":"product_cat-enregistreurs-graphiques","11":"product_shipping_class-1-fr","13":"first","14":"instock","15":"purchasable","16":"product-type-simple"},"acf":[],"yoast_head":"<!-- This site is optimized with the Yoast SEO plugin v27.2 - https:\/\/yoast.com\/product\/yoast-seo-wordpress\/ -->\n<title>Enregistreurs TUS | Eurotherm Limited<\/title>\n<meta name=\"description\" content=\"Enregistreurs TUS | L&#039;enregistreur 6100A TUS offre une pr\u00e9cision d&#039;entr\u00e9e in\u00e9gal\u00e9e. Le taux d&#039;\u00e9chantillonnage total est de 125 ms pour jusqu&#039;\u00e0 15 entr\u00e9es de tem\" \/>\n<meta name=\"robots\" content=\"index, follow, max-snippet:-1, max-image-preview:large, max-video-preview:-1\" \/>\n<meta property=\"og:locale\" content=\"fr_FR\" \/>\n<meta property=\"og:type\" content=\"article\" \/>\n<meta property=\"og:title\" content=\"Enregistreurs TUS | Eurotherm Limited\" \/>\n<meta property=\"og:description\" content=\"Enregistreurs TUS | Enregistreurs TUS - Uniformit\u00e9 des Temp\u00e9ratures L&#039;enregistreur S\u00e9rie 6000 TUS permet de connecter jusqu&#039;\u00e0 15\u00a0 capteurs de thermocouples (30 voies pour le 6180A). Les thermocouples peuvent \u00eatre de tout type : J, K, N, R, S, T, etc.... Les prises sont dispos\u00e9es en trois rang\u00e9es de 5. Chaque rang\u00e9e contient son propre capteur RTD PT100 de r\u00e9f\u00e9rence \u00e0 4 fils. Une fois install\u00e9 et c\u00e2bl\u00e9, l&#039;\u00e9talonnage de l&#039;ensemble du syst\u00e8me \u00e0 l&#039;aide des instructions du fabricant doit \u00eatre effectu\u00e9 avant utilisation.   Un instrument est \u00e9talonn\u00e9 sur site \u00e0 une temp\u00e9rature ambiante de 25 \u00b0 C. Cette proc\u00e9dure de r\u00e9glage supprime les effets des erreurs de thermocouple individuelles, de l&#039;erreur CJC et de l&#039;erreur de mesure d&#039;entr\u00e9e. Pour plus de d\u00e9tails, consultez le manuel d&#039;installation et d&#039;utilisation du produit concern\u00e9).   15 entr\u00e9es T\/C universelles de haute pr\u00e9cision  Bo\u00eetier portable et robuste  M\u00e9moire interne de 96 Mo pour l&#039;archivage local  Carte m\u00e9moire compact flash de 4 Go pour un stockage suppl\u00e9mentaire (jusqu&#039;\u00e0 8 Go disponibles)  Visualisation et configuration \u00e0 distance  Transfert automatique des donn\u00e9es vers la base de donn\u00e9es locale  Audit trail  Gestion de lots\" \/>\n<meta property=\"og:url\" content=\"https:\/\/www.eurotherm.com\/fr\/products\/enregistreurs-et-gestion-des-donnees\/enregistreurs-graphiques\/tus-recorder\/\" \/>\n<meta property=\"og:site_name\" content=\"Eurotherm Limited\" \/>\n<meta property=\"article:modified_time\" content=\"2022-06-08T07:52:21+00:00\" \/>\n<meta property=\"og:image\" content=\"https:\/\/www.eurotherm.com\/wp-content\/uploads\/2018\/10\/6100A_6180A_Product-shot-1.jpg\" \/>\n\t<meta property=\"og:image:width\" content=\"1382\" \/>\n\t<meta property=\"og:image:height\" content=\"1228\" \/>\n\t<meta property=\"og:image:type\" content=\"image\/jpeg\" \/>\n<meta name=\"twitter:card\" content=\"summary_large_image\" \/>\n<meta name=\"twitter:label1\" content=\"Dur\u00e9e de lecture estim\u00e9e\" \/>\n\t<meta name=\"twitter:data1\" content=\"2 minutes\" \/>\n<script type=\"application\/ld+json\" class=\"yoast-schema-graph\">{\"@context\":\"https:\/\/schema.org\",\"@graph\":[{\"@type\":\"WebPage\",\"@id\":\"https:\/\/www.eurotherm.com\/fr\/products\/enregistreurs-et-gestion-des-donnees\/enregistreurs-graphiques\/tus-recorder\/\",\"url\":\"https:\/\/www.eurotherm.com\/fr\/products\/enregistreurs-et-gestion-des-donnees\/enregistreurs-graphiques\/tus-recorder\/\",\"name\":\"Enregistreurs TUS | Eurotherm Limited\",\"isPartOf\":{\"@id\":\"https:\/\/www.eurotherm.com\/fr\/#website\"},\"primaryImageOfPage\":{\"@id\":\"https:\/\/www.eurotherm.com\/fr\/products\/enregistreurs-et-gestion-des-donnees\/enregistreurs-graphiques\/tus-recorder\/#primaryimage\"},\"image\":{\"@id\":\"https:\/\/www.eurotherm.com\/fr\/products\/enregistreurs-et-gestion-des-donnees\/enregistreurs-graphiques\/tus-recorder\/#primaryimage\"},\"thumbnailUrl\":\"https:\/\/www.eurotherm.com\/wp-content\/uploads\/2018\/10\/6100A_6180A_Product-shot-1.jpg\",\"datePublished\":\"2018-10-15T08:49:41+00:00\",\"dateModified\":\"2022-06-08T07:52:21+00:00\",\"description\":\"Enregistreurs TUS | Enregistreurs TUS - Uniformit\u00e9 des Temp\u00e9ratures L'enregistreur S\u00e9rie 6000 TUS permet de connecter jusqu'\u00e0 15\u00a0 capteurs de thermocouples (30 voies pour le 6180A). Les thermocouples peuvent \u00eatre de tout type : J, K, N, R, S, T, etc.... Les prises sont dispos\u00e9es en trois rang\u00e9es de 5. Chaque rang\u00e9e contient son propre capteur RTD PT100 de r\u00e9f\u00e9rence \u00e0 4 fils. Une fois install\u00e9 et c\u00e2bl\u00e9, l'\u00e9talonnage de l'ensemble du syst\u00e8me \u00e0 l'aide des instructions du fabricant doit \u00eatre effectu\u00e9 avant utilisation. Un instrument est \u00e9talonn\u00e9 sur site \u00e0 une temp\u00e9rature ambiante de 25 \u00b0 C. Cette proc\u00e9dure de r\u00e9glage supprime les effets des erreurs de thermocouple individuelles, de l'erreur CJC et de l'erreur de mesure d'entr\u00e9e. Pour plus de d\u00e9tails, consultez le manuel d'installation et d'utilisation du produit concern\u00e9). 15 entr\u00e9es T\/C universelles de haute pr\u00e9cision Bo\u00eetier portable et robuste M\u00e9moire interne de 96 Mo pour l'archivage local Carte m\u00e9moire compact flash de 4 Go pour un stockage suppl\u00e9mentaire (jusqu'\u00e0 8 Go disponibles) Visualisation et configuration \u00e0 distance Transfert automatique des donn\u00e9es vers la base de donn\u00e9es locale Audit trail Gestion de lots\",\"breadcrumb\":{\"@id\":\"https:\/\/www.eurotherm.com\/fr\/products\/enregistreurs-et-gestion-des-donnees\/enregistreurs-graphiques\/tus-recorder\/#breadcrumb\"},\"inLanguage\":\"fr-FR\",\"potentialAction\":[{\"@type\":\"ReadAction\",\"target\":[\"https:\/\/www.eurotherm.com\/fr\/products\/enregistreurs-et-gestion-des-donnees\/enregistreurs-graphiques\/tus-recorder\/\"]}]},{\"@type\":\"ImageObject\",\"inLanguage\":\"fr-FR\",\"@id\":\"https:\/\/www.eurotherm.com\/fr\/products\/enregistreurs-et-gestion-des-donnees\/enregistreurs-graphiques\/tus-recorder\/#primaryimage\",\"url\":\"https:\/\/www.eurotherm.com\/wp-content\/uploads\/2018\/10\/6100A_6180A_Product-shot-1.jpg\",\"contentUrl\":\"https:\/\/www.eurotherm.com\/wp-content\/uploads\/2018\/10\/6100A_6180A_Product-shot-1.jpg\",\"width\":1382,\"height\":1228},{\"@type\":\"BreadcrumbList\",\"@id\":\"https:\/\/www.eurotherm.com\/fr\/products\/enregistreurs-et-gestion-des-donnees\/enregistreurs-graphiques\/tus-recorder\/#breadcrumb\",\"itemListElement\":[{\"@type\":\"ListItem\",\"position\":1,\"name\":\"Home\",\"item\":\"https:\/\/www.eurotherm.com\/fr\/\"},{\"@type\":\"ListItem\",\"position\":2,\"name\":\"Product Catalogue\",\"item\":\"https:\/\/www.eurotherm.com\/fr\/product-catalogue\/\"},{\"@type\":\"ListItem\",\"position\":3,\"name\":\"Enregistreurs et Solutions de Gestion des donn\u00e9es\",\"item\":\"https:\/\/www.eurotherm.com\/fr\/eurotherm-products\/enregistreurs-et-gestion-des-donnees\/\"},{\"@type\":\"ListItem\",\"position\":4,\"name\":\"Enregistreurs graphiques\",\"item\":\"https:\/\/www.eurotherm.com\/fr\/eurotherm-products\/enregistreurs-et-gestion-des-donnees\/enregistreurs-graphiques\/\"},{\"@type\":\"ListItem\",\"position\":5,\"name\":\"Enregistreurs TUS\"}]},{\"@type\":\"WebSite\",\"@id\":\"https:\/\/www.eurotherm.com\/fr\/#website\",\"url\":\"https:\/\/www.eurotherm.com\/fr\/\",\"name\":\"Eurotherm Limited\",\"description\":\"Temperature Control, Process Control, Measurement and Data Recording Solutions\",\"potentialAction\":[{\"@type\":\"SearchAction\",\"target\":{\"@type\":\"EntryPoint\",\"urlTemplate\":\"https:\/\/www.eurotherm.com\/fr\/?s={search_term_string}\"},\"query-input\":{\"@type\":\"PropertyValueSpecification\",\"valueRequired\":true,\"valueName\":\"search_term_string\"}}],\"inLanguage\":\"fr-FR\"}]}<\/script>\n<!-- \/ Yoast SEO plugin. -->","yoast_head_json":{"title":"Enregistreurs TUS | Eurotherm Limited","description":"Enregistreurs TUS | L'enregistreur 6100A TUS offre une pr\u00e9cision d'entr\u00e9e in\u00e9gal\u00e9e. Le taux d'\u00e9chantillonnage total est de 125 ms pour jusqu'\u00e0 15 entr\u00e9es de tem","robots":{"index":"index","follow":"follow","max-snippet":"max-snippet:-1","max-image-preview":"max-image-preview:large","max-video-preview":"max-video-preview:-1"},"og_locale":"fr_FR","og_type":"article","og_title":"Enregistreurs TUS | Eurotherm Limited","og_description":"Enregistreurs TUS | Enregistreurs TUS - Uniformit\u00e9 des Temp\u00e9ratures L'enregistreur S\u00e9rie 6000 TUS permet de connecter jusqu'\u00e0 15\u00a0 capteurs de thermocouples (30 voies pour le 6180A). Les thermocouples peuvent \u00eatre de tout type : J, K, N, R, S, T, etc.... Les prises sont dispos\u00e9es en trois rang\u00e9es de 5. Chaque rang\u00e9e contient son propre capteur RTD PT100 de r\u00e9f\u00e9rence \u00e0 4 fils. Une fois install\u00e9 et c\u00e2bl\u00e9, l'\u00e9talonnage de l'ensemble du syst\u00e8me \u00e0 l'aide des instructions du fabricant doit \u00eatre effectu\u00e9 avant utilisation.   Un instrument est \u00e9talonn\u00e9 sur site \u00e0 une temp\u00e9rature ambiante de 25 \u00b0 C. Cette proc\u00e9dure de r\u00e9glage supprime les effets des erreurs de thermocouple individuelles, de l'erreur CJC et de l'erreur de mesure d'entr\u00e9e. Pour plus de d\u00e9tails, consultez le manuel d'installation et d'utilisation du produit concern\u00e9).   15 entr\u00e9es T\/C universelles de haute pr\u00e9cision  Bo\u00eetier portable et robuste  M\u00e9moire interne de 96 Mo pour l'archivage local  Carte m\u00e9moire compact flash de 4 Go pour un stockage suppl\u00e9mentaire (jusqu'\u00e0 8 Go disponibles)  Visualisation et configuration \u00e0 distance  Transfert automatique des donn\u00e9es vers la base de donn\u00e9es locale  Audit trail  Gestion de lots","og_url":"https:\/\/www.eurotherm.com\/fr\/products\/enregistreurs-et-gestion-des-donnees\/enregistreurs-graphiques\/tus-recorder\/","og_site_name":"Eurotherm Limited","article_modified_time":"2022-06-08T07:52:21+00:00","og_image":[{"width":1382,"height":1228,"url":"https:\/\/www.eurotherm.com\/wp-content\/uploads\/2018\/10\/6100A_6180A_Product-shot-1.jpg","type":"image\/jpeg"}],"twitter_card":"summary_large_image","twitter_misc":{"Dur\u00e9e de lecture estim\u00e9e":"2 minutes"},"schema":{"@context":"https:\/\/schema.org","@graph":[{"@type":"WebPage","@id":"https:\/\/www.eurotherm.com\/fr\/products\/enregistreurs-et-gestion-des-donnees\/enregistreurs-graphiques\/tus-recorder\/","url":"https:\/\/www.eurotherm.com\/fr\/products\/enregistreurs-et-gestion-des-donnees\/enregistreurs-graphiques\/tus-recorder\/","name":"Enregistreurs TUS | Eurotherm Limited","isPartOf":{"@id":"https:\/\/www.eurotherm.com\/fr\/#website"},"primaryImageOfPage":{"@id":"https:\/\/www.eurotherm.com\/fr\/products\/enregistreurs-et-gestion-des-donnees\/enregistreurs-graphiques\/tus-recorder\/#primaryimage"},"image":{"@id":"https:\/\/www.eurotherm.com\/fr\/products\/enregistreurs-et-gestion-des-donnees\/enregistreurs-graphiques\/tus-recorder\/#primaryimage"},"thumbnailUrl":"https:\/\/www.eurotherm.com\/wp-content\/uploads\/2018\/10\/6100A_6180A_Product-shot-1.jpg","datePublished":"2018-10-15T08:49:41+00:00","dateModified":"2022-06-08T07:52:21+00:00","description":"Enregistreurs TUS | Enregistreurs TUS - Uniformit\u00e9 des Temp\u00e9ratures L'enregistreur S\u00e9rie 6000 TUS permet de connecter jusqu'\u00e0 15\u00a0 capteurs de thermocouples (30 voies pour le 6180A). Les thermocouples peuvent \u00eatre de tout type : J, K, N, R, S, T, etc.... Les prises sont dispos\u00e9es en trois rang\u00e9es de 5. Chaque rang\u00e9e contient son propre capteur RTD PT100 de r\u00e9f\u00e9rence \u00e0 4 fils. Une fois install\u00e9 et c\u00e2bl\u00e9, l'\u00e9talonnage de l'ensemble du syst\u00e8me \u00e0 l'aide des instructions du fabricant doit \u00eatre effectu\u00e9 avant utilisation. Un instrument est \u00e9talonn\u00e9 sur site \u00e0 une temp\u00e9rature ambiante de 25 \u00b0 C. Cette proc\u00e9dure de r\u00e9glage supprime les effets des erreurs de thermocouple individuelles, de l'erreur CJC et de l'erreur de mesure d'entr\u00e9e. Pour plus de d\u00e9tails, consultez le manuel d'installation et d'utilisation du produit concern\u00e9). 15 entr\u00e9es T\/C universelles de haute pr\u00e9cision Bo\u00eetier portable et robuste M\u00e9moire interne de 96 Mo pour l'archivage local Carte m\u00e9moire compact flash de 4 Go pour un stockage suppl\u00e9mentaire (jusqu'\u00e0 8 Go disponibles) Visualisation et configuration \u00e0 distance Transfert automatique des donn\u00e9es vers la base de donn\u00e9es locale Audit trail Gestion de lots","breadcrumb":{"@id":"https:\/\/www.eurotherm.com\/fr\/products\/enregistreurs-et-gestion-des-donnees\/enregistreurs-graphiques\/tus-recorder\/#breadcrumb"},"inLanguage":"fr-FR","potentialAction":[{"@type":"ReadAction","target":["https:\/\/www.eurotherm.com\/fr\/products\/enregistreurs-et-gestion-des-donnees\/enregistreurs-graphiques\/tus-recorder\/"]}]},{"@type":"ImageObject","inLanguage":"fr-FR","@id":"https:\/\/www.eurotherm.com\/fr\/products\/enregistreurs-et-gestion-des-donnees\/enregistreurs-graphiques\/tus-recorder\/#primaryimage","url":"https:\/\/www.eurotherm.com\/wp-content\/uploads\/2018\/10\/6100A_6180A_Product-shot-1.jpg","contentUrl":"https:\/\/www.eurotherm.com\/wp-content\/uploads\/2018\/10\/6100A_6180A_Product-shot-1.jpg","width":1382,"height":1228},{"@type":"BreadcrumbList","@id":"https:\/\/www.eurotherm.com\/fr\/products\/enregistreurs-et-gestion-des-donnees\/enregistreurs-graphiques\/tus-recorder\/#breadcrumb","itemListElement":[{"@type":"ListItem","position":1,"name":"Home","item":"https:\/\/www.eurotherm.com\/fr\/"},{"@type":"ListItem","position":2,"name":"Product Catalogue","item":"https:\/\/www.eurotherm.com\/fr\/product-catalogue\/"},{"@type":"ListItem","position":3,"name":"Enregistreurs et Solutions de Gestion des donn\u00e9es","item":"https:\/\/www.eurotherm.com\/fr\/eurotherm-products\/enregistreurs-et-gestion-des-donnees\/"},{"@type":"ListItem","position":4,"name":"Enregistreurs graphiques","item":"https:\/\/www.eurotherm.com\/fr\/eurotherm-products\/enregistreurs-et-gestion-des-donnees\/enregistreurs-graphiques\/"},{"@type":"ListItem","position":5,"name":"Enregistreurs TUS"}]},{"@type":"WebSite","@id":"https:\/\/www.eurotherm.com\/fr\/#website","url":"https:\/\/www.eurotherm.com\/fr\/","name":"Eurotherm Limited","description":"Temperature Control, Process Control, Measurement and Data Recording Solutions","potentialAction":[{"@type":"SearchAction","target":{"@type":"EntryPoint","urlTemplate":"https:\/\/www.eurotherm.com\/fr\/?s={search_term_string}"},"query-input":{"@type":"PropertyValueSpecification","valueRequired":true,"valueName":"search_term_string"}}],"inLanguage":"fr-FR"}]}},"ACF":{"product_file":[126577,126576,27454,27116,28535,27924,27923,27928,27143,27142,28954,29384,29382,27144,27145,27097,27942,27866,27943,27939,29248,27130,27473,27497,27584,27088,122555]},"jetpack_sharing_enabled":true,"_links":{"self":[{"href":"https:\/\/www.eurotherm.com\/fr\/wp-json\/wp\/v2\/product\/22053","targetHints":{"allow":["GET"]}}],"collection":[{"href":"https:\/\/www.eurotherm.com\/fr\/wp-json\/wp\/v2\/product"}],"about":[{"href":"https:\/\/www.eurotherm.com\/fr\/wp-json\/wp\/v2\/types\/product"}],"wp:featuredmedia":[{"embeddable":true,"href":"https:\/\/www.eurotherm.com\/fr\/wp-json\/wp\/v2\/media\/68233"}],"wp:attachment":[{"href":"https:\/\/www.eurotherm.com\/fr\/wp-json\/wp\/v2\/media?parent=22053"}],"wp:term":[{"taxonomy":"product_brand","embeddable":true,"href":"https:\/\/www.eurotherm.com\/fr\/wp-json\/wp\/v2\/product_brand?post=22053"},{"taxonomy":"product_cat","embeddable":true,"href":"https:\/\/www.eurotherm.com\/fr\/wp-json\/wp\/v2\/product_cat?post=22053"},{"taxonomy":"product_tag","embeddable":true,"href":"https:\/\/www.eurotherm.com\/fr\/wp-json\/wp\/v2\/product_tag?post=22053"}],"curies":[{"name":"wp","href":"https:\/\/api.w.org\/{rel}","templated":true}]}}