{"id":156120,"date":"2024-11-16T01:19:57","date_gmt":"2024-11-15T17:19:57","guid":{"rendered":"https:\/\/www.eurotherm.com\/?post_type=product&#038;p=156120"},"modified":"2025-02-26T00:52:38","modified_gmt":"2025-02-25T16:52:38","slug":"solid-state-relays","status":"publish","type":"product","link":"https:\/\/www.eurotherm.com\/fr\/products\/controle-de-puissance\/solid-state-relays-ssrs-fr\/solid-state-relays\/","title":{"rendered":"Solid State Relays"},"content":{"rendered":"<p>Watlow solid state relays (SSR) offer many of the advantages of solid state power controllers, but at a lower cost. Test results show that zero-cross solid state relays promote better temperature control and longer heater life than slow cycle relays. Through a time proportional cycle rate of 1\u204410 of a second, heater life will be extended. Both low and high voltage solid state relays are available from 24 to 660VAC. All ac output models include back-to-back silicon controlled rectifiers (SCRs) for a more rugged design than the traditional triac-based solid state relay. The internal design allows it to tolerate high currents and harsh electrical environments of heavy industry. Watlow also offers a switched VDC model for dc heating applications. Watlow provides all of the components necessary for trouble-free operation. This includes two standard convenience items: a thermal foil to ensure proper thermal transfer from the relay to the heat sink and belleville washers to ensure that the relay is mounted with sufficient pressure to enable good heat transfer. Matched semiconductor fuses and heat sinks are available to complete the power switching package.<\/p>\n","protected":false},"excerpt":{"rendered":"<h2>More for Less: Longer Heater Life at Lower Cost<\/h2>\n","protected":false},"featured_media":156098,"template":"","meta":{"_acf_changed":false},"product_brand":[],"product_cat":[12262,1110,15379],"product_tag":[],"class_list":{"0":"post-156120","1":"product","2":"type-product","3":"status-publish","4":"has-post-thumbnail","6":"product_cat-controle-de-puissance","7":"product_cat-produits","8":"product_cat-solid-state-relays-ssrs-fr","10":"first","11":"instock","12":"shipping-taxable","13":"product-type-simple"},"acf":[],"yoast_head":"<!-- This site is optimized with the Yoast SEO plugin v27.2 - https:\/\/yoast.com\/product\/yoast-seo-wordpress\/ -->\n<title>Solid State Relays | Eurotherm Limited<\/title>\n<meta name=\"description\" content=\"Solid State Relays | Watlow solid state relays (SSR) offer many of the advantages of solid state power controllers, but at a lower cost. Test results show that\" \/>\n<meta name=\"robots\" content=\"index, follow, max-snippet:-1, max-image-preview:large, max-video-preview:-1\" \/>\n<meta property=\"og:locale\" content=\"fr_FR\" \/>\n<meta property=\"og:type\" content=\"article\" \/>\n<meta property=\"og:title\" content=\"Solid State Relays | Eurotherm Limited\" \/>\n<meta property=\"og:description\" content=\"Solid State Relays | More for Less: Longer Heater Life at Lower Cost\" \/>\n<meta property=\"og:url\" content=\"https:\/\/www.eurotherm.com\/fr\/products\/controle-de-puissance\/solid-state-relays-ssrs-fr\/solid-state-relays\/\" \/>\n<meta property=\"og:site_name\" content=\"Eurotherm Limited\" \/>\n<meta property=\"article:modified_time\" content=\"2025-02-25T16:52:38+00:00\" \/>\n<meta property=\"og:image\" content=\"https:\/\/www.eurotherm.com\/wp-content\/uploads\/2024\/11\/ps_ssr_480.png\" \/>\n\t<meta property=\"og:image:width\" content=\"480\" \/>\n\t<meta property=\"og:image:height\" content=\"480\" \/>\n\t<meta property=\"og:image:type\" content=\"image\/png\" \/>\n<meta name=\"twitter:card\" content=\"summary_large_image\" \/>\n<meta name=\"twitter:label1\" content=\"Dur\u00e9e de lecture estim\u00e9e\" \/>\n\t<meta name=\"twitter:data1\" content=\"1 minute\" \/>\n<script type=\"application\/ld+json\" class=\"yoast-schema-graph\">{\"@context\":\"https:\/\/schema.org\",\"@graph\":[{\"@type\":\"WebPage\",\"@id\":\"https:\/\/www.eurotherm.com\/fr\/products\/controle-de-puissance\/solid-state-relays-ssrs-fr\/solid-state-relays\/\",\"url\":\"https:\/\/www.eurotherm.com\/fr\/products\/controle-de-puissance\/solid-state-relays-ssrs-fr\/solid-state-relays\/\",\"name\":\"Solid State Relays | Eurotherm Limited\",\"isPartOf\":{\"@id\":\"https:\/\/www.eurotherm.com\/fr\/#website\"},\"primaryImageOfPage\":{\"@id\":\"https:\/\/www.eurotherm.com\/fr\/products\/controle-de-puissance\/solid-state-relays-ssrs-fr\/solid-state-relays\/#primaryimage\"},\"image\":{\"@id\":\"https:\/\/www.eurotherm.com\/fr\/products\/controle-de-puissance\/solid-state-relays-ssrs-fr\/solid-state-relays\/#primaryimage\"},\"thumbnailUrl\":\"https:\/\/www.eurotherm.com\/wp-content\/uploads\/2024\/11\/ps_ssr_480.png\",\"datePublished\":\"2024-11-15T17:19:57+00:00\",\"dateModified\":\"2025-02-25T16:52:38+00:00\",\"description\":\"Solid State Relays | More for Less: Longer Heater Life at Lower Cost\",\"breadcrumb\":{\"@id\":\"https:\/\/www.eurotherm.com\/fr\/products\/controle-de-puissance\/solid-state-relays-ssrs-fr\/solid-state-relays\/#breadcrumb\"},\"inLanguage\":\"fr-FR\",\"potentialAction\":[{\"@type\":\"ReadAction\",\"target\":[\"https:\/\/www.eurotherm.com\/fr\/products\/controle-de-puissance\/solid-state-relays-ssrs-fr\/solid-state-relays\/\"]}]},{\"@type\":\"ImageObject\",\"inLanguage\":\"fr-FR\",\"@id\":\"https:\/\/www.eurotherm.com\/fr\/products\/controle-de-puissance\/solid-state-relays-ssrs-fr\/solid-state-relays\/#primaryimage\",\"url\":\"https:\/\/www.eurotherm.com\/wp-content\/uploads\/2024\/11\/ps_ssr_480.png\",\"contentUrl\":\"https:\/\/www.eurotherm.com\/wp-content\/uploads\/2024\/11\/ps_ssr_480.png\",\"width\":480,\"height\":480},{\"@type\":\"BreadcrumbList\",\"@id\":\"https:\/\/www.eurotherm.com\/fr\/products\/controle-de-puissance\/solid-state-relays-ssrs-fr\/solid-state-relays\/#breadcrumb\",\"itemListElement\":[{\"@type\":\"ListItem\",\"position\":1,\"name\":\"Home\",\"item\":\"https:\/\/www.eurotherm.com\/fr\/\"},{\"@type\":\"ListItem\",\"position\":2,\"name\":\"Product Catalogue\",\"item\":\"https:\/\/www.eurotherm.com\/fr\/product-catalogue\/\"},{\"@type\":\"ListItem\",\"position\":3,\"name\":\"Contr\u00f4le de puissance\",\"item\":\"https:\/\/www.eurotherm.com\/fr\/eurotherm-products\/controle-de-puissance\/\"},{\"@type\":\"ListItem\",\"position\":4,\"name\":\"Solid State Relays (SSRs)\",\"item\":\"https:\/\/www.eurotherm.com\/fr\/eurotherm-products\/controle-de-puissance\/solid-state-relays-ssrs-fr\/\"},{\"@type\":\"ListItem\",\"position\":5,\"name\":\"Solid State Relays\"}]},{\"@type\":\"WebSite\",\"@id\":\"https:\/\/www.eurotherm.com\/fr\/#website\",\"url\":\"https:\/\/www.eurotherm.com\/fr\/\",\"name\":\"Eurotherm Limited\",\"description\":\"Temperature Control, Process Control, Measurement and Data Recording Solutions\",\"potentialAction\":[{\"@type\":\"SearchAction\",\"target\":{\"@type\":\"EntryPoint\",\"urlTemplate\":\"https:\/\/www.eurotherm.com\/fr\/?s={search_term_string}\"},\"query-input\":{\"@type\":\"PropertyValueSpecification\",\"valueRequired\":true,\"valueName\":\"search_term_string\"}}],\"inLanguage\":\"fr-FR\"}]}<\/script>\n<!-- \/ Yoast SEO plugin. -->","yoast_head_json":{"title":"Solid State Relays | Eurotherm Limited","description":"Solid State Relays | Watlow solid state relays (SSR) offer many of the advantages of solid state power controllers, but at a lower cost. Test results show that","robots":{"index":"index","follow":"follow","max-snippet":"max-snippet:-1","max-image-preview":"max-image-preview:large","max-video-preview":"max-video-preview:-1"},"og_locale":"fr_FR","og_type":"article","og_title":"Solid State Relays | Eurotherm Limited","og_description":"Solid State Relays | More for Less: Longer Heater Life at Lower Cost","og_url":"https:\/\/www.eurotherm.com\/fr\/products\/controle-de-puissance\/solid-state-relays-ssrs-fr\/solid-state-relays\/","og_site_name":"Eurotherm Limited","article_modified_time":"2025-02-25T16:52:38+00:00","og_image":[{"width":480,"height":480,"url":"https:\/\/www.eurotherm.com\/wp-content\/uploads\/2024\/11\/ps_ssr_480.png","type":"image\/png"}],"twitter_card":"summary_large_image","twitter_misc":{"Dur\u00e9e de lecture estim\u00e9e":"1 minute"},"schema":{"@context":"https:\/\/schema.org","@graph":[{"@type":"WebPage","@id":"https:\/\/www.eurotherm.com\/fr\/products\/controle-de-puissance\/solid-state-relays-ssrs-fr\/solid-state-relays\/","url":"https:\/\/www.eurotherm.com\/fr\/products\/controle-de-puissance\/solid-state-relays-ssrs-fr\/solid-state-relays\/","name":"Solid State Relays | Eurotherm Limited","isPartOf":{"@id":"https:\/\/www.eurotherm.com\/fr\/#website"},"primaryImageOfPage":{"@id":"https:\/\/www.eurotherm.com\/fr\/products\/controle-de-puissance\/solid-state-relays-ssrs-fr\/solid-state-relays\/#primaryimage"},"image":{"@id":"https:\/\/www.eurotherm.com\/fr\/products\/controle-de-puissance\/solid-state-relays-ssrs-fr\/solid-state-relays\/#primaryimage"},"thumbnailUrl":"https:\/\/www.eurotherm.com\/wp-content\/uploads\/2024\/11\/ps_ssr_480.png","datePublished":"2024-11-15T17:19:57+00:00","dateModified":"2025-02-25T16:52:38+00:00","description":"Solid State Relays | More for Less: Longer Heater Life at Lower Cost","breadcrumb":{"@id":"https:\/\/www.eurotherm.com\/fr\/products\/controle-de-puissance\/solid-state-relays-ssrs-fr\/solid-state-relays\/#breadcrumb"},"inLanguage":"fr-FR","potentialAction":[{"@type":"ReadAction","target":["https:\/\/www.eurotherm.com\/fr\/products\/controle-de-puissance\/solid-state-relays-ssrs-fr\/solid-state-relays\/"]}]},{"@type":"ImageObject","inLanguage":"fr-FR","@id":"https:\/\/www.eurotherm.com\/fr\/products\/controle-de-puissance\/solid-state-relays-ssrs-fr\/solid-state-relays\/#primaryimage","url":"https:\/\/www.eurotherm.com\/wp-content\/uploads\/2024\/11\/ps_ssr_480.png","contentUrl":"https:\/\/www.eurotherm.com\/wp-content\/uploads\/2024\/11\/ps_ssr_480.png","width":480,"height":480},{"@type":"BreadcrumbList","@id":"https:\/\/www.eurotherm.com\/fr\/products\/controle-de-puissance\/solid-state-relays-ssrs-fr\/solid-state-relays\/#breadcrumb","itemListElement":[{"@type":"ListItem","position":1,"name":"Home","item":"https:\/\/www.eurotherm.com\/fr\/"},{"@type":"ListItem","position":2,"name":"Product Catalogue","item":"https:\/\/www.eurotherm.com\/fr\/product-catalogue\/"},{"@type":"ListItem","position":3,"name":"Contr\u00f4le de puissance","item":"https:\/\/www.eurotherm.com\/fr\/eurotherm-products\/controle-de-puissance\/"},{"@type":"ListItem","position":4,"name":"Solid State Relays (SSRs)","item":"https:\/\/www.eurotherm.com\/fr\/eurotherm-products\/controle-de-puissance\/solid-state-relays-ssrs-fr\/"},{"@type":"ListItem","position":5,"name":"Solid State Relays"}]},{"@type":"WebSite","@id":"https:\/\/www.eurotherm.com\/fr\/#website","url":"https:\/\/www.eurotherm.com\/fr\/","name":"Eurotherm Limited","description":"Temperature Control, Process Control, Measurement and Data Recording Solutions","potentialAction":[{"@type":"SearchAction","target":{"@type":"EntryPoint","urlTemplate":"https:\/\/www.eurotherm.com\/fr\/?s={search_term_string}"},"query-input":{"@type":"PropertyValueSpecification","valueRequired":true,"valueName":"search_term_string"}}],"inLanguage":"fr-FR"}]}},"ACF":{"product_status":"Active Product","enable_watlow_configurator":false,"product_file":[156109,156108,156107,156114,28210,156115,156111,156110,156113,156112],"related_products":[{"ID":138487,"post_author":"4","post_date":"2022-11-02 16:56:34","post_date_gmt":"2022-11-02 08:56:34","post_content":"Le r\u00e9gulateur de dispositif de commutation d\u2019alimentation DIN-A-MITE\u00ae A est con\u00e7u et fabriqu\u00e9 avec les caract\u00e9ristiques de qualit\u00e9 attendues de Watlow. Les capacit\u00e9s DIN-A-MITE A incluent une commutation monophas\u00e9e \u00e0 z\u00e9ro de tension jusqu\u2019\u00e0 25\u00a0amp\u00e8res \u00e0 600VAC (voir la courbe nominale). Une conception int\u00e9gr\u00e9e unique \u00e9limine les conjectures associ\u00e9es \u00e0 la s\u00e9lection d\u2019un dissipateur thermique appropri\u00e9 et de terminaisons ad\u00e9quates pour l\u2019application. Le montage sur rail DIN et panneau arri\u00e8re est standard sur cette gamme de dispositifs de commutation d\u2019alimentation. Le DIN-A-MITE est \u00e9galement sans mercure. Des versions \u00e0 base de temps variable, 4-20mA de contr\u00f4le de processus ou \u00e0 contacteur d\u2019entr\u00e9e V c.a.\/c.c. sont disponibles. Toutes les configurations d\u00e9pendent du num\u00e9ro de mod\u00e8le et peuvent \u00eatre s\u00e9lectionn\u00e9es en usine. Ce r\u00e9gulateur d\u2019alimentation inclut un courant de court-circuit nominal (SCCR) de 200KA test\u00e9 jusqu\u2019\u00e0 480VAC pour \u00e9viter les arcs \u00e9lectriques avec les fusibles requis.","post_title":"DIN-A-MITE\u00ae A","post_excerpt":"<h5>Le r\u00e9gulateur d\u2019alimentation statique compact offre de grandes performances<\/h5>\r\n<h3 class=\"green-title\">Standard SELECT\u00ae lead times may be temporarily unavailable. Use the Visual Designer\u2122 to view current lead times.<\/h3>\r\nPour plus de d\u00e9tails sur le produit et une liste compl\u00e8te des t\u00e9l\u00e9chargements associ\u00e9s, rendez-vous <a href=\"https:\/\/www.watlow.com\/fr-fr\/products\/controllers\/power-switching-devices\/din-a-mite-a-power-controller\" target=\"_blank\" rel=\"noopener\">ici<\/a>.","post_status":"publish","comment_status":"closed","ping_status":"closed","post_password":"","post_name":"din-a-mite-a","to_ping":"","pinged":"","post_modified":"2023-01-06 22:56:32","post_modified_gmt":"2023-01-06 14:56:32","post_content_filtered":"","post_parent":0,"guid":"https:\/\/eurothermdev.co.uk\/products\/non%20class\u00e9\/din-a-mite-a\/","menu_order":-60,"post_type":"product","post_mime_type":"","comment_count":"0","filter":"raw"},{"ID":138899,"post_author":"4","post_date":"2022-11-03 16:56:13","post_date_gmt":"2022-11-03 08:56:13","post_content":"Le DIN-A-MITE\u00ae B est un r\u00e9gulateur de chaleur \u00e9lectrique statique \u00e9conomique, tr\u00e8s compact et polyvalent. Les capacit\u00e9s DIN-A-MITE B incluent une commutation monophas\u00e9e et triphas\u00e9e \u00e0 z\u00e9ro de tension jusqu\u2019\u00e0 40\u00a0et 22\u00a0amp\u00e8res, respectivement \u00e0 600VAC.a. (voir la courbe nominale). La conception de ce r\u00e9gulateur de chaleur \u00e9lectrique comprend un dissipateur thermique et des terminaisons appropri\u00e9s, simplifiant ainsi l\u2019int\u00e9gration dans les applications. Le montage sur rail DIN et sur panneau arri\u00e8re est standard sur ce r\u00e9gulateur de chauffage \u00e9lectrique. Le r\u00e9gulateur DIN-A-MITE est \u00e9galement sans mercure. Des versions \u00e0 base de temps variable, 4-20mA de contr\u00f4le de processus ou \u00e0 contacteur d\u2019entr\u00e9e V c.a.\/c.c. sont disponibles. Une option d\u2019alarme de redresseur \u00e0 court-circuit et r\u00e9gulation au silicium (SCR) est \u00e9galement disponible. Toutes les configurations d\u00e9pendent du num\u00e9ro de mod\u00e8le et peuvent \u00eatre s\u00e9lectionn\u00e9es en usine. Ce r\u00e9gulateur d\u2019alimentation inclut \u00e9galement un courant de court-circuit nominal (SCCR) de 200KA test\u00e9 jusquto480VAC pour \u00e9viter les arcs \u00e9lectriques avec les fusibles requis.","post_title":"DIN-A-MITE\u00ae B","post_excerpt":"<h5>Alimentation monophas\u00e9e et triphas\u00e9e dans un bo\u00eetier compact et s\u00fbr<\/h5>\r\n<h3 class=\"green-title\">Standard SELECT\u00ae lead times may be temporarily unavailable. Use the Visual Designer\u2122 to view current lead times.<\/h3>\r\nPour plus de d\u00e9tails sur le produit et une liste compl\u00e8te des t\u00e9l\u00e9chargements associ\u00e9s, rendez-vous <a href=\"https:\/\/www.watlow.com\/fr-fr\/products\/controllers\/power-switching-devices\/din-a-mite-b-power-controller\" target=\"_blank\" rel=\"noopener\">ici<\/a>.","post_status":"publish","comment_status":"closed","ping_status":"closed","post_password":"","post_name":"din-a-mite-b","to_ping":"","pinged":"","post_modified":"2023-01-06 23:03:04","post_modified_gmt":"2023-01-06 15:03:04","post_content_filtered":"","post_parent":0,"guid":"https:\/\/eurothermdev.co.uk\/products\/non%20class\u00e9\/din-a-mite-b\/","menu_order":-50,"post_type":"product","post_mime_type":"","comment_count":"0","filter":"raw"},{"ID":138888,"post_author":"4","post_date":"2022-11-03 17:01:09","post_date_gmt":"2022-11-03 09:01:09","post_content":"Le r\u00e9gulateur d\u2019alimentation \u00e0 redresseur contr\u00f4l\u00e9 au silicium (SCR) DIN-A-MITE C offre une option de r\u00e9gulateur statique \u00e9conomique, compacte et polyvalente pour contr\u00f4ler le chauffage \u00e9lectrique. Ce r\u00e9gulateur statique est con\u00e7u et fabriqu\u00e9 avec les caract\u00e9ristiques de qualit\u00e9 attendues de Watlow. Un montage sur rail DIN et un montage sur panneau standard ainsi qu\u2019une version \u00e0 montage mural sont disponibles. Les caract\u00e9ristiques de base du r\u00e9gulateur statique incluent un fonctionnement monophas\u00e9, triphas\u00e9\/deux branches et triphas\u00e9\/trois branches, 24-600VAC. Les capacit\u00e9s de commutation de courant vont de 30 \u00e0 80A selon le mod\u00e8le command\u00e9. Des versions \u00e0 base de temps variable, \u00e0 tension lin\u00e9aire et \u00e0 courant de process ou \u00e0 contacteur d\u2019entr\u00e9e V c.a.\/c.c. sont disponibles. Un allumage monophas\u00e9, \u00e0 angle de phase et une limitation de courant sont \u00e9galement disponibles. Toutes les configurations d\u00e9pendent du num\u00e9ro de mod\u00e8le et peuvent \u00eatre s\u00e9lectionn\u00e9es en usine. Ce r\u00e9gulateur d\u2019alimentation statique inclut un courant de court-circuit nominal (SCCR) de 200KA test\u00e9 jusqu\u2019\u00e0 480VAC pour \u00e9viter les arcs \u00e9lectriques avec les fusibles requis.","post_title":"DIN-A-MITE\u00ae C","post_excerpt":"<h5>Le r\u00e9gulateur d\u2019alimentation SCR fournit jusqu\u2019\u00e0 80\u00a0amp\u00e8res dans un bo\u00eetier compact<\/h5>\r\n<h3 class=\"green-title\">Standard SELECT\u00ae lead times may be temporarily unavailable. Use the Visual Designer\u2122 to view current lead times.<\/h3>\r\nPour plus de d\u00e9tails sur le produit et une liste compl\u00e8te des t\u00e9l\u00e9chargements associ\u00e9s, rendez-vous <a href=\"https:\/\/www.watlow.com\/fr-fr\/products\/controllers\/power-switching-devices\/din-a-mite-c-power-controller\" target=\"_blank\" rel=\"noopener\">ici<\/a>.","post_status":"publish","comment_status":"closed","ping_status":"closed","post_password":"","post_name":"din-a-mite-c","to_ping":"","pinged":"","post_modified":"2023-01-06 23:08:07","post_modified_gmt":"2023-01-06 15:08:07","post_content_filtered":"","post_parent":0,"guid":"https:\/\/eurothermdev.co.uk\/products\/non%20class\u00e9\/din-a-mite-c\/","menu_order":-40,"post_type":"product","post_mime_type":"","comment_count":"0","filter":"raw"},{"ID":138870,"post_author":"4","post_date":"2022-11-03 17:10:13","post_date_gmt":"2022-11-03 09:10:13","post_content":"Le r\u00e9gulateur d\u2019alimentation \u00e0 redresseur contr\u00f4l\u00e9 au silicium (SCR) DIN-A-MITE\u00ae D fournit un produit polyvalent et peu co\u00fbteux pour contr\u00f4ler la chaleur dans un bo\u00eetier efficace. Ce r\u00e9gulateur SCR est con\u00e7u et fabriqu\u00e9 avec les caract\u00e9ristiques de qualit\u00e9 attendues de Watlow. Le montage du panneau arri\u00e8re correspond \u00e0 l\u2019empreinte du relais de d\u00e9placement de mercure standard de l\u2019industrie. Il n\u2019est pas n\u00e9cessaire de s\u2019inqui\u00e9ter du mercure ; le r\u00e9gulateur DIN-A-MITE est sans mercure. Le DIN-A-MITE Style D est capable de commuter \u00e0 z\u00e9ro de tension jusqu\u2019\u00e0 100\u00a0amp\u00e8res monophas\u00e9, \u00e0 600VAC \u00e0 86 \u00b0F (30 \u00b0C), selon le mod\u00e8le s\u00e9lectionn\u00e9. Deux ou trois r\u00e9gulateurs utilis\u00e9s ensemble peuvent r\u00e9guler le triphas\u00e9. Il est totalement s\u00fbr au toucher et comprend un montage sur panneau arri\u00e8re standard, des fusibles semi-conducteurs int\u00e9gr\u00e9s (accessibles par l\u2019avant) et une option de transformateur de courant pour la surveillance du courant de charge externe. Une fonction optionnelle de \u00ab d\u00e9tecteur SCR court-circuit\u00e9 \u00bb est disponible sur certains mod\u00e8les. Ce mod\u00e8le est homologu\u00e9 UL\u00ae508\u00a0et certifi\u00e9 C-UL\u00ae et CE. Ces homologations sont id\u00e9ales pour les tableautiers qui exigent des homologations sur leurs panneaux et armoires. Des options de contacteur d\u2019entr\u00e9e V c.a.\/c.c. sont disponibles, \u00e0 base de temps variable, de contr\u00f4le de processus 4-20mA ou de contacteur d\u2019entr\u00e9e V c.a.\/c.c. Toutes les configurations d\u00e9pendent du num\u00e9ro de mod\u00e8le et peuvent \u00eatre s\u00e9lectionn\u00e9es en usine. Ce r\u00e9gulateur d\u2019alimentation inclut \u00e9galement un courant de court-circuit nominal (SCCR) de 200KA test\u00e9 jusqu\u2019\u00e0 480VAC pour \u00e9viter les arcs \u00e9lectriques avec les fusibles requis.","post_title":"DIN-A-MITE\u00ae D","post_excerpt":"<h5>Le r\u00e9gulateur d\u2019alimentation SCR fournit jusqu\u2019\u00e0 100\u00a0amp\u00e8res dans un bo\u00eetier intelligent<\/h5>\r\nPour plus de d\u00e9tails sur le produit et une liste compl\u00e8te des t\u00e9l\u00e9chargements associ\u00e9s, rendez-vous <a href=\"https:\/\/www.watlow.com\/fr-fr\/products\/controllers\/power-switching-devices\/din-a-mite-d-power-controller\" target=\"_blank\" rel=\"noopener\">ici<\/a>.","post_status":"publish","comment_status":"closed","ping_status":"closed","post_password":"","post_name":"din-a-mite-d","to_ping":"","pinged":"","post_modified":"2023-01-06 23:12:37","post_modified_gmt":"2023-01-06 15:12:37","post_content_filtered":"","post_parent":0,"guid":"https:\/\/eurothermdev.co.uk\/products\/non%20class\u00e9\/din-a-mite-d\/","menu_order":-30,"post_type":"product","post_mime_type":"","comment_count":"0","filter":"raw"},{"ID":22092,"post_author":"4","post_date":"2018-10-15 08:51:20","post_date_gmt":"2018-10-15 08:51:20","post_content":"<ul>\r\n \t<li>Conception modulaire<\/li>\r\n \t<li>Logiciel configurable<\/li>\r\n \t<li>QuickStart pour une installation ais\u00e9e<\/li>\r\n \t<li>Configuration avanc\u00e9e \u00e0 l'aide de l'\u00e9diteur de c\u00e2blage graphique<\/li>\r\n \t<li>Gestion pr\u00e9dictive des charges<\/li>\r\n \t<li>Communications flexibles<\/li>\r\n<\/ul>\r\nLes contr\u00f4leurs de puissance EPower font appel aux technologies et innovations les plus r\u00e9centes pour g\u00e9rer votre proc\u00e9d\u00e9 et r\u00e9duire vos co\u00fbts d'\u00e9nergie. Ils vous apportent \u00e0 tous les niveaux la flexibilit\u00e9 n\u00e9cessaire pour r\u00e9pondre au mieux \u00e0 vos besoins, aujourd'hui et demain. Laissez-nous le soin de nous occuper de votre r\u00e9gulation de puissance et vous offrir la tranquillit\u00e9 d'esprit qui va de pair avec la meilleure solution pour votre proc\u00e9d\u00e9 \u2013 m\u00eame \u00e0 mesure qu'il \u00e9volue.\r\n\r\n<strong>Flexibilit\u00e9<\/strong>\u00a0\u2013 technologies de pointe en harmonie avec la modularit\u00e9 et la facilit\u00e9 d'utilisation pour r\u00e9pondre \u00e0 vos besoins en mati\u00e8re de r\u00e9gulation\r\n\r\n<strong>Efficacit\u00e9<\/strong>\u00a0\u2013 r\u00e9gulation de puissance de classe mondiale avec des fonctions novatrices alliant la minimisation de vos co\u00fbts d'\u00e9nergie et des performances de proc\u00e9d\u00e9 exceptionnelles\r\n\r\n<strong>Tranquillit\u00e9 d'esprit<\/strong>\u00a0- un contr\u00f4leur de puissance vous offrant un retour sur votre investissement et qui peut \u00eatre adapt\u00e9 \u00e0 l'avenir pour r\u00e9pondre \u00e0 vos \u00e9ventuels changements de besoins - un seul produit pour toutes les solutions\r\n<h3>\u200bUne modularit\u00e9 et une configurabilit\u00e9 r\u00e9volutionnaires pour r\u00e9pondre \u00e0 vos besoins...<\/h3>\r\n<ul>\r\n \t<li>Passage de commande, configuration et maintenance faciles gr\u00e2ce \u00e0 une conception modulaire<\/li>\r\n \t<li>Vos besoins changent: EPower peut facilement s'y adapter<\/li>\r\n \t<li>R\u00e9serves de pi\u00e8ces de rechange minimum - nombreuses options configurables gr\u00e2ce \u00e0 un module variateur commun, par ex. mode de conduction, charge, phases, r\u00e9gulation ect.<\/li>\r\n \t<li>Jusqu'\u00e0 quatre modules de puissance assurent une r\u00e9gulation mono et multiphas\u00e9e avec 7 options de configuration.<\/li>\r\n<\/ul>\r\nUn seul module de contr\u00f4le peut supporter jusqu'\u00e0 4 modules de puissance et donc jusqu'\u00e0 4 boucles de r\u00e9gulation ind\u00e9pendantes. La plage de courant nominal des modules de puissance va de 100A \u00e0 400A. Le module de contr\u00f4le lui-m\u00eame prend en charge des cartes d'options vous offrant une meilleure flexibilit\u00e9 pour votre solution:\r\n<ul>\r\n \t<li><strong>Communications<\/strong>\u00a0\u2013 Protocoles r\u00e9seau RS485 Modbus RTU, Profibus, DeviceNet\u00ae et Modbus TCP<\/li>\r\n \t<li><strong>Gestion pr\u00e9dictive des charges (PLM) (demande de brevet d\u00e9pos\u00e9e)<\/strong>\u00a0\u2013 Une fonction puissante vous permettant de g\u00e9rer efficacement vos besoins en puissance pour plusieurs machines et de r\u00e9aliser des \u00e9conomies de co\u00fbts \u00e9nerg\u00e9tiques. Pour en savoir plus sur le PLM.<\/li>\r\n \t<li><strong>E\/S flexible\u00a0<\/strong>\u2013 Le module de contr\u00f4le prend en charge les E\/S standard et jusqu'\u00e0 trois cartes d'E\/S suppl\u00e9mentaires avec entr\u00e9es analogiques, sorties analogiques, E\/S num\u00e9riques et sorties relais.<\/li>\r\n<\/ul>","post_title":"Contr\u00f4leurs de puissance EPower\u2122","post_excerpt":"Les contr\u00f4leurs de puissance EPower font appel aux technologies et innovations les plus r\u00e9centes pour g\u00e9rer votre proc\u00e9d\u00e9 et r\u00e9duire vos co\u00fbts d'\u00e9nergie. Ils vous apportent \u00e0 tous les niveaux la flexibilit\u00e9 n\u00e9cessaire pour r\u00e9pondre au mieux \u00e0 vos besoins, aujourd'hui et demain.","post_status":"publish","comment_status":"closed","ping_status":"closed","post_password":"","post_name":"epower-controller","to_ping":"","pinged":"","post_modified":"2025-07-11 17:16:33","post_modified_gmt":"2025-07-11 09:16:33","post_content_filtered":"","post_parent":0,"guid":"https:\/\/www.eurotherm.com\/product\/controleurs-de-puissance-epower\/","menu_order":-100,"post_type":"product","post_mime_type":"","comment_count":"0","filter":"raw"}]},"jetpack_sharing_enabled":true,"_links":{"self":[{"href":"https:\/\/www.eurotherm.com\/fr\/wp-json\/wp\/v2\/product\/156120","targetHints":{"allow":["GET"]}}],"collection":[{"href":"https:\/\/www.eurotherm.com\/fr\/wp-json\/wp\/v2\/product"}],"about":[{"href":"https:\/\/www.eurotherm.com\/fr\/wp-json\/wp\/v2\/types\/product"}],"wp:featuredmedia":[{"embeddable":true,"href":"https:\/\/www.eurotherm.com\/fr\/wp-json\/wp\/v2\/media\/156098"}],"wp:attachment":[{"href":"https:\/\/www.eurotherm.com\/fr\/wp-json\/wp\/v2\/media?parent=156120"}],"wp:term":[{"taxonomy":"product_brand","embeddable":true,"href":"https:\/\/www.eurotherm.com\/fr\/wp-json\/wp\/v2\/product_brand?post=156120"},{"taxonomy":"product_cat","embeddable":true,"href":"https:\/\/www.eurotherm.com\/fr\/wp-json\/wp\/v2\/product_cat?post=156120"},{"taxonomy":"product_tag","embeddable":true,"href":"https:\/\/www.eurotherm.com\/fr\/wp-json\/wp\/v2\/product_tag?post=156120"}],"curies":[{"name":"wp","href":"https:\/\/api.w.org\/{rel}","templated":true}]}}