{"id":138899,"date":"2022-11-03T16:56:13","date_gmt":"2022-11-03T08:56:13","guid":{"rendered":"https:\/\/eurothermdev.co.uk\/products\/non%20class\u00e9\/din-a-mite-b\/"},"modified":"2023-01-06T23:03:04","modified_gmt":"2023-01-06T15:03:04","slug":"din-a-mite-b","status":"publish","type":"product","link":"https:\/\/www.eurotherm.com\/fr\/products\/controle-de-puissance\/controleurs-de-puissance\/din-a-mite-b\/","title":{"rendered":"DIN-A-MITE\u00ae B"},"content":{"rendered":"<p>Le DIN-A-MITE\u00ae B est un r\u00e9gulateur de chaleur \u00e9lectrique statique \u00e9conomique, tr\u00e8s compact et polyvalent. Les capacit\u00e9s DIN-A-MITE B incluent une commutation monophas\u00e9e et triphas\u00e9e \u00e0 z\u00e9ro de tension jusqu\u2019\u00e0 40\u00a0et 22\u00a0amp\u00e8res, respectivement \u00e0 600VAC.a. (voir la courbe nominale). La conception de ce r\u00e9gulateur de chaleur \u00e9lectrique comprend un dissipateur thermique et des terminaisons appropri\u00e9s, simplifiant ainsi l\u2019int\u00e9gration dans les applications. Le montage sur rail DIN et sur panneau arri\u00e8re est standard sur ce r\u00e9gulateur de chauffage \u00e9lectrique. Le r\u00e9gulateur DIN-A-MITE est \u00e9galement sans mercure. Des versions \u00e0 base de temps variable, 4-20mA de contr\u00f4le de processus ou \u00e0 contacteur d\u2019entr\u00e9e V c.a.\/c.c. sont disponibles. Une option d\u2019alarme de redresseur \u00e0 court-circuit et r\u00e9gulation au silicium (SCR) est \u00e9galement disponible. Toutes les configurations d\u00e9pendent du num\u00e9ro de mod\u00e8le et peuvent \u00eatre s\u00e9lectionn\u00e9es en usine. Ce r\u00e9gulateur d\u2019alimentation inclut \u00e9galement un courant de court-circuit nominal (SCCR) de 200KA test\u00e9 jusquto480VAC pour \u00e9viter les arcs \u00e9lectriques avec les fusibles requis.<\/p>\n","protected":false},"excerpt":{"rendered":"<h5>Alimentation monophas\u00e9e et triphas\u00e9e dans un bo\u00eetier compact et s\u00fbr<\/h5>\n<h3 class=\"green-title\">Standard SELECT\u00ae lead times may be temporarily unavailable. Use the Visual Designer\u2122 to view current lead times.<\/h3>\n<p>Pour plus de d\u00e9tails sur le produit et une liste compl\u00e8te des t\u00e9l\u00e9chargements associ\u00e9s, rendez-vous <a href=\"https:\/\/www.watlow.com\/fr-fr\/products\/controllers\/power-switching-devices\/din-a-mite-b-power-controller\" target=\"_blank\" rel=\"noopener\">ici<\/a>.<\/p>\n","protected":false},"featured_media":138801,"template":"","meta":{"_acf_changed":false},"product_brand":[],"product_cat":[12269,17710],"product_tag":[],"class_list":{"0":"post-138899","1":"product","2":"type-product","3":"status-publish","4":"has-post-thumbnail","6":"product_cat-controleurs-de-puissance","7":"product_cat-watlow-featured-products-and-software-fr","9":"first","10":"instock","11":"shipping-taxable","12":"product-type-simple"},"acf":[],"yoast_head":"<!-- This site is optimized with the Yoast SEO plugin v27.2 - https:\/\/yoast.com\/product\/yoast-seo-wordpress\/ -->\n<title>DIN-A-MITE\u00ae B | Eurotherm Limited<\/title>\n<meta name=\"description\" content=\"DIN-A-MITE\u00ae B | Le DIN-A-MITE\u00ae B est un r\u00e9gulateur de chaleur \u00e9lectrique statique \u00e9conomique, tr\u00e8s compact et polyvalent. Les capacit\u00e9s DIN-A-MITE B incluent un\" \/>\n<meta name=\"robots\" content=\"noindex, nofollow\" \/>\n<meta property=\"og:locale\" content=\"fr_FR\" \/>\n<meta property=\"og:type\" content=\"article\" \/>\n<meta property=\"og:title\" content=\"DIN-A-MITE\u00ae B | Eurotherm Limited\" \/>\n<meta property=\"og:description\" content=\"DIN-A-MITE\u00ae B | Alimentation monophas\u00e9e et triphas\u00e9e dans un bo\u00eetier compact et s\u00fbr Standard SELECT\u00ae lead times may be temporarily unavailable. Use the Visual Designer\u2122 to view current lead times. Pour plus de d\u00e9tails sur le produit et une liste compl\u00e8te des t\u00e9l\u00e9chargements associ\u00e9s, rendez-vous ici.\" \/>\n<meta property=\"og:url\" content=\"https:\/\/www.eurotherm.com\/fr\/products\/controle-de-puissance\/controleurs-de-puissance\/din-a-mite-b\/\" \/>\n<meta property=\"og:site_name\" content=\"Eurotherm Limited\" \/>\n<meta property=\"article:modified_time\" content=\"2023-01-06T15:03:04+00:00\" \/>\n<meta property=\"og:image\" content=\"https:\/\/www.eurotherm.com\/wp-content\/uploads\/2022\/11\/ps_din_b_480.png\" \/>\n\t<meta property=\"og:image:width\" content=\"480\" \/>\n\t<meta property=\"og:image:height\" content=\"480\" \/>\n\t<meta property=\"og:image:type\" content=\"image\/png\" \/>\n<meta name=\"twitter:card\" content=\"summary_large_image\" \/>\n<meta name=\"twitter:label1\" content=\"Dur\u00e9e de lecture estim\u00e9e\" \/>\n\t<meta name=\"twitter:data1\" content=\"1 minute\" \/>\n<script type=\"application\/ld+json\" class=\"yoast-schema-graph\">{\"@context\":\"https:\/\/schema.org\",\"@graph\":[{\"@type\":\"WebPage\",\"@id\":\"https:\/\/www.eurotherm.com\/fr\/products\/controle-de-puissance\/controleurs-de-puissance\/din-a-mite-b\/\",\"url\":\"https:\/\/www.eurotherm.com\/fr\/products\/controle-de-puissance\/controleurs-de-puissance\/din-a-mite-b\/\",\"name\":\"DIN-A-MITE\u00ae B | Eurotherm Limited\",\"isPartOf\":{\"@id\":\"https:\/\/www.eurotherm.com\/fr\/#website\"},\"primaryImageOfPage\":{\"@id\":\"https:\/\/www.eurotherm.com\/fr\/products\/controle-de-puissance\/controleurs-de-puissance\/din-a-mite-b\/#primaryimage\"},\"image\":{\"@id\":\"https:\/\/www.eurotherm.com\/fr\/products\/controle-de-puissance\/controleurs-de-puissance\/din-a-mite-b\/#primaryimage\"},\"thumbnailUrl\":\"https:\/\/www.eurotherm.com\/wp-content\/uploads\/2022\/11\/ps_din_b_480.png\",\"datePublished\":\"2022-11-03T08:56:13+00:00\",\"dateModified\":\"2023-01-06T15:03:04+00:00\",\"description\":\"DIN-A-MITE\u00ae B | Alimentation monophas\u00e9e et triphas\u00e9e dans un bo\u00eetier compact et s\u00fbr Standard SELECT\u00ae lead times may be temporarily unavailable. Use the Visual Designer\u2122 to view current lead times. Pour plus de d\u00e9tails sur le produit et une liste compl\u00e8te des t\u00e9l\u00e9chargements associ\u00e9s, rendez-vous ici.\",\"breadcrumb\":{\"@id\":\"https:\/\/www.eurotherm.com\/fr\/products\/controle-de-puissance\/controleurs-de-puissance\/din-a-mite-b\/#breadcrumb\"},\"inLanguage\":\"fr-FR\",\"potentialAction\":[{\"@type\":\"ReadAction\",\"target\":[\"https:\/\/www.eurotherm.com\/fr\/products\/controle-de-puissance\/controleurs-de-puissance\/din-a-mite-b\/\"]}]},{\"@type\":\"ImageObject\",\"inLanguage\":\"fr-FR\",\"@id\":\"https:\/\/www.eurotherm.com\/fr\/products\/controle-de-puissance\/controleurs-de-puissance\/din-a-mite-b\/#primaryimage\",\"url\":\"https:\/\/www.eurotherm.com\/wp-content\/uploads\/2022\/11\/ps_din_b_480.png\",\"contentUrl\":\"https:\/\/www.eurotherm.com\/wp-content\/uploads\/2022\/11\/ps_din_b_480.png\",\"width\":480,\"height\":480},{\"@type\":\"BreadcrumbList\",\"@id\":\"https:\/\/www.eurotherm.com\/fr\/products\/controle-de-puissance\/controleurs-de-puissance\/din-a-mite-b\/#breadcrumb\",\"itemListElement\":[{\"@type\":\"ListItem\",\"position\":1,\"name\":\"Home\",\"item\":\"https:\/\/www.eurotherm.com\/fr\/\"},{\"@type\":\"ListItem\",\"position\":2,\"name\":\"Product Catalogue\",\"item\":\"https:\/\/www.eurotherm.com\/fr\/product-catalogue\/\"},{\"@type\":\"ListItem\",\"position\":3,\"name\":\"Contr\u00f4le de puissance\",\"item\":\"https:\/\/www.eurotherm.com\/fr\/eurotherm-products\/controle-de-puissance\/\"},{\"@type\":\"ListItem\",\"position\":4,\"name\":\"Contr\u00f4leurs de puissance\",\"item\":\"https:\/\/www.eurotherm.com\/fr\/eurotherm-products\/controle-de-puissance\/controleurs-de-puissance\/\"},{\"@type\":\"ListItem\",\"position\":5,\"name\":\"DIN-A-MITE\u00ae B\"}]},{\"@type\":\"WebSite\",\"@id\":\"https:\/\/www.eurotherm.com\/fr\/#website\",\"url\":\"https:\/\/www.eurotherm.com\/fr\/\",\"name\":\"Eurotherm Limited\",\"description\":\"Temperature Control, Process Control, Measurement and Data Recording Solutions\",\"potentialAction\":[{\"@type\":\"SearchAction\",\"target\":{\"@type\":\"EntryPoint\",\"urlTemplate\":\"https:\/\/www.eurotherm.com\/fr\/?s={search_term_string}\"},\"query-input\":{\"@type\":\"PropertyValueSpecification\",\"valueRequired\":true,\"valueName\":\"search_term_string\"}}],\"inLanguage\":\"fr-FR\"}]}<\/script>\n<!-- \/ Yoast SEO plugin. -->","yoast_head_json":{"title":"DIN-A-MITE\u00ae B | Eurotherm Limited","description":"DIN-A-MITE\u00ae B | Le DIN-A-MITE\u00ae B est un r\u00e9gulateur de chaleur \u00e9lectrique statique \u00e9conomique, tr\u00e8s compact et polyvalent. Les capacit\u00e9s DIN-A-MITE B incluent un","robots":{"index":"noindex","follow":"nofollow"},"og_locale":"fr_FR","og_type":"article","og_title":"DIN-A-MITE\u00ae B | Eurotherm Limited","og_description":"DIN-A-MITE\u00ae B | Alimentation monophas\u00e9e et triphas\u00e9e dans un bo\u00eetier compact et s\u00fbr Standard SELECT\u00ae lead times may be temporarily unavailable. Use the Visual Designer\u2122 to view current lead times. Pour plus de d\u00e9tails sur le produit et une liste compl\u00e8te des t\u00e9l\u00e9chargements associ\u00e9s, rendez-vous ici.","og_url":"https:\/\/www.eurotherm.com\/fr\/products\/controle-de-puissance\/controleurs-de-puissance\/din-a-mite-b\/","og_site_name":"Eurotherm Limited","article_modified_time":"2023-01-06T15:03:04+00:00","og_image":[{"width":480,"height":480,"url":"https:\/\/www.eurotherm.com\/wp-content\/uploads\/2022\/11\/ps_din_b_480.png","type":"image\/png"}],"twitter_card":"summary_large_image","twitter_misc":{"Dur\u00e9e de lecture estim\u00e9e":"1 minute"},"schema":{"@context":"https:\/\/schema.org","@graph":[{"@type":"WebPage","@id":"https:\/\/www.eurotherm.com\/fr\/products\/controle-de-puissance\/controleurs-de-puissance\/din-a-mite-b\/","url":"https:\/\/www.eurotherm.com\/fr\/products\/controle-de-puissance\/controleurs-de-puissance\/din-a-mite-b\/","name":"DIN-A-MITE\u00ae B | Eurotherm Limited","isPartOf":{"@id":"https:\/\/www.eurotherm.com\/fr\/#website"},"primaryImageOfPage":{"@id":"https:\/\/www.eurotherm.com\/fr\/products\/controle-de-puissance\/controleurs-de-puissance\/din-a-mite-b\/#primaryimage"},"image":{"@id":"https:\/\/www.eurotherm.com\/fr\/products\/controle-de-puissance\/controleurs-de-puissance\/din-a-mite-b\/#primaryimage"},"thumbnailUrl":"https:\/\/www.eurotherm.com\/wp-content\/uploads\/2022\/11\/ps_din_b_480.png","datePublished":"2022-11-03T08:56:13+00:00","dateModified":"2023-01-06T15:03:04+00:00","description":"DIN-A-MITE\u00ae B | Alimentation monophas\u00e9e et triphas\u00e9e dans un bo\u00eetier compact et s\u00fbr Standard SELECT\u00ae lead times may be temporarily unavailable. Use the Visual Designer\u2122 to view current lead times. Pour plus de d\u00e9tails sur le produit et une liste compl\u00e8te des t\u00e9l\u00e9chargements associ\u00e9s, rendez-vous ici.","breadcrumb":{"@id":"https:\/\/www.eurotherm.com\/fr\/products\/controle-de-puissance\/controleurs-de-puissance\/din-a-mite-b\/#breadcrumb"},"inLanguage":"fr-FR","potentialAction":[{"@type":"ReadAction","target":["https:\/\/www.eurotherm.com\/fr\/products\/controle-de-puissance\/controleurs-de-puissance\/din-a-mite-b\/"]}]},{"@type":"ImageObject","inLanguage":"fr-FR","@id":"https:\/\/www.eurotherm.com\/fr\/products\/controle-de-puissance\/controleurs-de-puissance\/din-a-mite-b\/#primaryimage","url":"https:\/\/www.eurotherm.com\/wp-content\/uploads\/2022\/11\/ps_din_b_480.png","contentUrl":"https:\/\/www.eurotherm.com\/wp-content\/uploads\/2022\/11\/ps_din_b_480.png","width":480,"height":480},{"@type":"BreadcrumbList","@id":"https:\/\/www.eurotherm.com\/fr\/products\/controle-de-puissance\/controleurs-de-puissance\/din-a-mite-b\/#breadcrumb","itemListElement":[{"@type":"ListItem","position":1,"name":"Home","item":"https:\/\/www.eurotherm.com\/fr\/"},{"@type":"ListItem","position":2,"name":"Product Catalogue","item":"https:\/\/www.eurotherm.com\/fr\/product-catalogue\/"},{"@type":"ListItem","position":3,"name":"Contr\u00f4le de puissance","item":"https:\/\/www.eurotherm.com\/fr\/eurotherm-products\/controle-de-puissance\/"},{"@type":"ListItem","position":4,"name":"Contr\u00f4leurs de puissance","item":"https:\/\/www.eurotherm.com\/fr\/eurotherm-products\/controle-de-puissance\/controleurs-de-puissance\/"},{"@type":"ListItem","position":5,"name":"DIN-A-MITE\u00ae B"}]},{"@type":"WebSite","@id":"https:\/\/www.eurotherm.com\/fr\/#website","url":"https:\/\/www.eurotherm.com\/fr\/","name":"Eurotherm Limited","description":"Temperature Control, Process Control, Measurement and Data Recording Solutions","potentialAction":[{"@type":"SearchAction","target":{"@type":"EntryPoint","urlTemplate":"https:\/\/www.eurotherm.com\/fr\/?s={search_term_string}"},"query-input":{"@type":"PropertyValueSpecification","valueRequired":true,"valueName":"search_term_string"}}],"inLanguage":"fr-FR"}]}},"ACF":{"product_file":[138810,138811,138790,138791]},"jetpack_sharing_enabled":true,"_links":{"self":[{"href":"https:\/\/www.eurotherm.com\/fr\/wp-json\/wp\/v2\/product\/138899","targetHints":{"allow":["GET"]}}],"collection":[{"href":"https:\/\/www.eurotherm.com\/fr\/wp-json\/wp\/v2\/product"}],"about":[{"href":"https:\/\/www.eurotherm.com\/fr\/wp-json\/wp\/v2\/types\/product"}],"wp:featuredmedia":[{"embeddable":true,"href":"https:\/\/www.eurotherm.com\/fr\/wp-json\/wp\/v2\/media\/138801"}],"wp:attachment":[{"href":"https:\/\/www.eurotherm.com\/fr\/wp-json\/wp\/v2\/media?parent=138899"}],"wp:term":[{"taxonomy":"product_brand","embeddable":true,"href":"https:\/\/www.eurotherm.com\/fr\/wp-json\/wp\/v2\/product_brand?post=138899"},{"taxonomy":"product_cat","embeddable":true,"href":"https:\/\/www.eurotherm.com\/fr\/wp-json\/wp\/v2\/product_cat?post=138899"},{"taxonomy":"product_tag","embeddable":true,"href":"https:\/\/www.eurotherm.com\/fr\/wp-json\/wp\/v2\/product_tag?post=138899"}],"curies":[{"name":"wp","href":"https:\/\/api.w.org\/{rel}","templated":true}]}}