{"id":138870,"date":"2022-11-03T17:10:13","date_gmt":"2022-11-03T09:10:13","guid":{"rendered":"https:\/\/eurothermdev.co.uk\/products\/non%20class\u00e9\/din-a-mite-d\/"},"modified":"2023-01-06T23:12:37","modified_gmt":"2023-01-06T15:12:37","slug":"din-a-mite-d","status":"publish","type":"product","link":"https:\/\/www.eurotherm.com\/fr\/products\/controle-de-puissance\/controleurs-de-puissance\/din-a-mite-d\/","title":{"rendered":"DIN-A-MITE\u00ae D"},"content":{"rendered":"<p>Le r\u00e9gulateur d\u2019alimentation \u00e0 redresseur contr\u00f4l\u00e9 au silicium (SCR) DIN-A-MITE\u00ae D fournit un produit polyvalent et peu co\u00fbteux pour contr\u00f4ler la chaleur dans un bo\u00eetier efficace. Ce r\u00e9gulateur SCR est con\u00e7u et fabriqu\u00e9 avec les caract\u00e9ristiques de qualit\u00e9 attendues de Watlow. Le montage du panneau arri\u00e8re correspond \u00e0 l\u2019empreinte du relais de d\u00e9placement de mercure standard de l\u2019industrie. Il n\u2019est pas n\u00e9cessaire de s\u2019inqui\u00e9ter du mercure ; le r\u00e9gulateur DIN-A-MITE est sans mercure. Le DIN-A-MITE Style D est capable de commuter \u00e0 z\u00e9ro de tension jusqu\u2019\u00e0 100\u00a0amp\u00e8res monophas\u00e9, \u00e0 600VAC \u00e0 86 \u00b0F (30 \u00b0C), selon le mod\u00e8le s\u00e9lectionn\u00e9. Deux ou trois r\u00e9gulateurs utilis\u00e9s ensemble peuvent r\u00e9guler le triphas\u00e9. Il est totalement s\u00fbr au toucher et comprend un montage sur panneau arri\u00e8re standard, des fusibles semi-conducteurs int\u00e9gr\u00e9s (accessibles par l\u2019avant) et une option de transformateur de courant pour la surveillance du courant de charge externe. Une fonction optionnelle de \u00ab d\u00e9tecteur SCR court-circuit\u00e9 \u00bb est disponible sur certains mod\u00e8les. Ce mod\u00e8le est homologu\u00e9 UL\u00ae508\u00a0et certifi\u00e9 C-UL\u00ae et CE. Ces homologations sont id\u00e9ales pour les tableautiers qui exigent des homologations sur leurs panneaux et armoires. Des options de contacteur d\u2019entr\u00e9e V c.a.\/c.c. sont disponibles, \u00e0 base de temps variable, de contr\u00f4le de processus 4-20mA ou de contacteur d\u2019entr\u00e9e V c.a.\/c.c. Toutes les configurations d\u00e9pendent du num\u00e9ro de mod\u00e8le et peuvent \u00eatre s\u00e9lectionn\u00e9es en usine. Ce r\u00e9gulateur d\u2019alimentation inclut \u00e9galement un courant de court-circuit nominal (SCCR) de 200KA test\u00e9 jusqu\u2019\u00e0 480VAC pour \u00e9viter les arcs \u00e9lectriques avec les fusibles requis.<\/p>\n","protected":false},"excerpt":{"rendered":"<h5>Le r\u00e9gulateur d\u2019alimentation SCR fournit jusqu\u2019\u00e0 100\u00a0amp\u00e8res dans un bo\u00eetier intelligent<\/h5>\n<p>Pour plus de d\u00e9tails sur le produit et une liste compl\u00e8te des t\u00e9l\u00e9chargements associ\u00e9s, rendez-vous <a href=\"https:\/\/www.watlow.com\/fr-fr\/products\/controllers\/power-switching-devices\/din-a-mite-d-power-controller\" target=\"_blank\" rel=\"noopener\">ici<\/a>.<\/p>\n","protected":false},"featured_media":138851,"template":"","meta":{"_acf_changed":false},"product_brand":[],"product_cat":[12269,17710],"product_tag":[],"class_list":{"0":"post-138870","1":"product","2":"type-product","3":"status-publish","4":"has-post-thumbnail","6":"product_cat-controleurs-de-puissance","7":"product_cat-watlow-featured-products-and-software-fr","9":"first","10":"instock","11":"shipping-taxable","12":"product-type-simple"},"acf":[],"yoast_head":"<!-- This site is optimized with the Yoast SEO plugin v27.2 - https:\/\/yoast.com\/product\/yoast-seo-wordpress\/ -->\n<title>DIN-A-MITE\u00ae D | Eurotherm Limited<\/title>\n<meta name=\"description\" content=\"DIN-A-MITE\u00ae D | Le r\u00e9gulateur d\u2019alimentation \u00e0 redresseur contr\u00f4l\u00e9 au silicium (SCR) DIN-A-MITE\u00ae D fournit un produit polyvalent et peu co\u00fbteux pour contr\u00f4ler l\" \/>\n<meta name=\"robots\" content=\"noindex, nofollow\" \/>\n<meta property=\"og:locale\" content=\"fr_FR\" \/>\n<meta property=\"og:type\" content=\"article\" \/>\n<meta property=\"og:title\" content=\"DIN-A-MITE\u00ae D | Eurotherm Limited\" \/>\n<meta property=\"og:description\" content=\"DIN-A-MITE\u00ae D | Le r\u00e9gulateur d\u2019alimentation SCR fournit jusqu\u2019\u00e0 100\u00a0amp\u00e8res dans un bo\u00eetier intelligent Pour plus de d\u00e9tails sur le produit et une liste compl\u00e8te des t\u00e9l\u00e9chargements associ\u00e9s, rendez-vous ici.\" \/>\n<meta property=\"og:url\" content=\"https:\/\/www.eurotherm.com\/fr\/products\/controle-de-puissance\/controleurs-de-puissance\/din-a-mite-d\/\" \/>\n<meta property=\"og:site_name\" content=\"Eurotherm Limited\" \/>\n<meta property=\"article:modified_time\" content=\"2023-01-06T15:12:37+00:00\" \/>\n<meta property=\"og:image\" content=\"https:\/\/www.eurotherm.com\/wp-content\/uploads\/2022\/11\/ps_din_d_480.png\" \/>\n\t<meta property=\"og:image:width\" content=\"480\" \/>\n\t<meta property=\"og:image:height\" content=\"480\" \/>\n\t<meta property=\"og:image:type\" content=\"image\/png\" \/>\n<meta name=\"twitter:card\" content=\"summary_large_image\" \/>\n<meta name=\"twitter:label1\" content=\"Dur\u00e9e de lecture estim\u00e9e\" \/>\n\t<meta name=\"twitter:data1\" content=\"2 minutes\" \/>\n<script type=\"application\/ld+json\" class=\"yoast-schema-graph\">{\"@context\":\"https:\/\/schema.org\",\"@graph\":[{\"@type\":\"WebPage\",\"@id\":\"https:\/\/www.eurotherm.com\/fr\/products\/controle-de-puissance\/controleurs-de-puissance\/din-a-mite-d\/\",\"url\":\"https:\/\/www.eurotherm.com\/fr\/products\/controle-de-puissance\/controleurs-de-puissance\/din-a-mite-d\/\",\"name\":\"DIN-A-MITE\u00ae D | Eurotherm Limited\",\"isPartOf\":{\"@id\":\"https:\/\/www.eurotherm.com\/fr\/#website\"},\"primaryImageOfPage\":{\"@id\":\"https:\/\/www.eurotherm.com\/fr\/products\/controle-de-puissance\/controleurs-de-puissance\/din-a-mite-d\/#primaryimage\"},\"image\":{\"@id\":\"https:\/\/www.eurotherm.com\/fr\/products\/controle-de-puissance\/controleurs-de-puissance\/din-a-mite-d\/#primaryimage\"},\"thumbnailUrl\":\"https:\/\/www.eurotherm.com\/wp-content\/uploads\/2022\/11\/ps_din_d_480.png\",\"datePublished\":\"2022-11-03T09:10:13+00:00\",\"dateModified\":\"2023-01-06T15:12:37+00:00\",\"description\":\"DIN-A-MITE\u00ae D | Le r\u00e9gulateur d\u2019alimentation SCR fournit jusqu\u2019\u00e0 100\u00a0amp\u00e8res dans un bo\u00eetier intelligent Pour plus de d\u00e9tails sur le produit et une liste compl\u00e8te des t\u00e9l\u00e9chargements associ\u00e9s, rendez-vous ici.\",\"breadcrumb\":{\"@id\":\"https:\/\/www.eurotherm.com\/fr\/products\/controle-de-puissance\/controleurs-de-puissance\/din-a-mite-d\/#breadcrumb\"},\"inLanguage\":\"fr-FR\",\"potentialAction\":[{\"@type\":\"ReadAction\",\"target\":[\"https:\/\/www.eurotherm.com\/fr\/products\/controle-de-puissance\/controleurs-de-puissance\/din-a-mite-d\/\"]}]},{\"@type\":\"ImageObject\",\"inLanguage\":\"fr-FR\",\"@id\":\"https:\/\/www.eurotherm.com\/fr\/products\/controle-de-puissance\/controleurs-de-puissance\/din-a-mite-d\/#primaryimage\",\"url\":\"https:\/\/www.eurotherm.com\/wp-content\/uploads\/2022\/11\/ps_din_d_480.png\",\"contentUrl\":\"https:\/\/www.eurotherm.com\/wp-content\/uploads\/2022\/11\/ps_din_d_480.png\",\"width\":480,\"height\":480},{\"@type\":\"BreadcrumbList\",\"@id\":\"https:\/\/www.eurotherm.com\/fr\/products\/controle-de-puissance\/controleurs-de-puissance\/din-a-mite-d\/#breadcrumb\",\"itemListElement\":[{\"@type\":\"ListItem\",\"position\":1,\"name\":\"Home\",\"item\":\"https:\/\/www.eurotherm.com\/fr\/\"},{\"@type\":\"ListItem\",\"position\":2,\"name\":\"Product Catalogue\",\"item\":\"https:\/\/www.eurotherm.com\/fr\/product-catalogue\/\"},{\"@type\":\"ListItem\",\"position\":3,\"name\":\"Contr\u00f4le de puissance\",\"item\":\"https:\/\/www.eurotherm.com\/fr\/eurotherm-products\/controle-de-puissance\/\"},{\"@type\":\"ListItem\",\"position\":4,\"name\":\"Contr\u00f4leurs de puissance\",\"item\":\"https:\/\/www.eurotherm.com\/fr\/eurotherm-products\/controle-de-puissance\/controleurs-de-puissance\/\"},{\"@type\":\"ListItem\",\"position\":5,\"name\":\"DIN-A-MITE\u00ae D\"}]},{\"@type\":\"WebSite\",\"@id\":\"https:\/\/www.eurotherm.com\/fr\/#website\",\"url\":\"https:\/\/www.eurotherm.com\/fr\/\",\"name\":\"Eurotherm Limited\",\"description\":\"Temperature Control, Process Control, Measurement and Data Recording Solutions\",\"potentialAction\":[{\"@type\":\"SearchAction\",\"target\":{\"@type\":\"EntryPoint\",\"urlTemplate\":\"https:\/\/www.eurotherm.com\/fr\/?s={search_term_string}\"},\"query-input\":{\"@type\":\"PropertyValueSpecification\",\"valueRequired\":true,\"valueName\":\"search_term_string\"}}],\"inLanguage\":\"fr-FR\"}]}<\/script>\n<!-- \/ Yoast SEO plugin. -->","yoast_head_json":{"title":"DIN-A-MITE\u00ae D | Eurotherm Limited","description":"DIN-A-MITE\u00ae D | Le r\u00e9gulateur d\u2019alimentation \u00e0 redresseur contr\u00f4l\u00e9 au silicium (SCR) DIN-A-MITE\u00ae D fournit un produit polyvalent et peu co\u00fbteux pour contr\u00f4ler l","robots":{"index":"noindex","follow":"nofollow"},"og_locale":"fr_FR","og_type":"article","og_title":"DIN-A-MITE\u00ae D | Eurotherm Limited","og_description":"DIN-A-MITE\u00ae D | Le r\u00e9gulateur d\u2019alimentation SCR fournit jusqu\u2019\u00e0 100\u00a0amp\u00e8res dans un bo\u00eetier intelligent Pour plus de d\u00e9tails sur le produit et une liste compl\u00e8te des t\u00e9l\u00e9chargements associ\u00e9s, rendez-vous ici.","og_url":"https:\/\/www.eurotherm.com\/fr\/products\/controle-de-puissance\/controleurs-de-puissance\/din-a-mite-d\/","og_site_name":"Eurotherm Limited","article_modified_time":"2023-01-06T15:12:37+00:00","og_image":[{"width":480,"height":480,"url":"https:\/\/www.eurotherm.com\/wp-content\/uploads\/2022\/11\/ps_din_d_480.png","type":"image\/png"}],"twitter_card":"summary_large_image","twitter_misc":{"Dur\u00e9e de lecture estim\u00e9e":"2 minutes"},"schema":{"@context":"https:\/\/schema.org","@graph":[{"@type":"WebPage","@id":"https:\/\/www.eurotherm.com\/fr\/products\/controle-de-puissance\/controleurs-de-puissance\/din-a-mite-d\/","url":"https:\/\/www.eurotherm.com\/fr\/products\/controle-de-puissance\/controleurs-de-puissance\/din-a-mite-d\/","name":"DIN-A-MITE\u00ae D | Eurotherm Limited","isPartOf":{"@id":"https:\/\/www.eurotherm.com\/fr\/#website"},"primaryImageOfPage":{"@id":"https:\/\/www.eurotherm.com\/fr\/products\/controle-de-puissance\/controleurs-de-puissance\/din-a-mite-d\/#primaryimage"},"image":{"@id":"https:\/\/www.eurotherm.com\/fr\/products\/controle-de-puissance\/controleurs-de-puissance\/din-a-mite-d\/#primaryimage"},"thumbnailUrl":"https:\/\/www.eurotherm.com\/wp-content\/uploads\/2022\/11\/ps_din_d_480.png","datePublished":"2022-11-03T09:10:13+00:00","dateModified":"2023-01-06T15:12:37+00:00","description":"DIN-A-MITE\u00ae D | Le r\u00e9gulateur d\u2019alimentation SCR fournit jusqu\u2019\u00e0 100\u00a0amp\u00e8res dans un bo\u00eetier intelligent Pour plus de d\u00e9tails sur le produit et une liste compl\u00e8te des t\u00e9l\u00e9chargements associ\u00e9s, rendez-vous ici.","breadcrumb":{"@id":"https:\/\/www.eurotherm.com\/fr\/products\/controle-de-puissance\/controleurs-de-puissance\/din-a-mite-d\/#breadcrumb"},"inLanguage":"fr-FR","potentialAction":[{"@type":"ReadAction","target":["https:\/\/www.eurotherm.com\/fr\/products\/controle-de-puissance\/controleurs-de-puissance\/din-a-mite-d\/"]}]},{"@type":"ImageObject","inLanguage":"fr-FR","@id":"https:\/\/www.eurotherm.com\/fr\/products\/controle-de-puissance\/controleurs-de-puissance\/din-a-mite-d\/#primaryimage","url":"https:\/\/www.eurotherm.com\/wp-content\/uploads\/2022\/11\/ps_din_d_480.png","contentUrl":"https:\/\/www.eurotherm.com\/wp-content\/uploads\/2022\/11\/ps_din_d_480.png","width":480,"height":480},{"@type":"BreadcrumbList","@id":"https:\/\/www.eurotherm.com\/fr\/products\/controle-de-puissance\/controleurs-de-puissance\/din-a-mite-d\/#breadcrumb","itemListElement":[{"@type":"ListItem","position":1,"name":"Home","item":"https:\/\/www.eurotherm.com\/fr\/"},{"@type":"ListItem","position":2,"name":"Product Catalogue","item":"https:\/\/www.eurotherm.com\/fr\/product-catalogue\/"},{"@type":"ListItem","position":3,"name":"Contr\u00f4le de puissance","item":"https:\/\/www.eurotherm.com\/fr\/eurotherm-products\/controle-de-puissance\/"},{"@type":"ListItem","position":4,"name":"Contr\u00f4leurs de puissance","item":"https:\/\/www.eurotherm.com\/fr\/eurotherm-products\/controle-de-puissance\/controleurs-de-puissance\/"},{"@type":"ListItem","position":5,"name":"DIN-A-MITE\u00ae D"}]},{"@type":"WebSite","@id":"https:\/\/www.eurotherm.com\/fr\/#website","url":"https:\/\/www.eurotherm.com\/fr\/","name":"Eurotherm Limited","description":"Temperature Control, Process Control, Measurement and Data Recording Solutions","potentialAction":[{"@type":"SearchAction","target":{"@type":"EntryPoint","urlTemplate":"https:\/\/www.eurotherm.com\/fr\/?s={search_term_string}"},"query-input":{"@type":"PropertyValueSpecification","valueRequired":true,"valueName":"search_term_string"}}],"inLanguage":"fr-FR"}]}},"ACF":{"product_file":[138863,138862,138790,138791]},"jetpack_sharing_enabled":true,"_links":{"self":[{"href":"https:\/\/www.eurotherm.com\/fr\/wp-json\/wp\/v2\/product\/138870","targetHints":{"allow":["GET"]}}],"collection":[{"href":"https:\/\/www.eurotherm.com\/fr\/wp-json\/wp\/v2\/product"}],"about":[{"href":"https:\/\/www.eurotherm.com\/fr\/wp-json\/wp\/v2\/types\/product"}],"wp:featuredmedia":[{"embeddable":true,"href":"https:\/\/www.eurotherm.com\/fr\/wp-json\/wp\/v2\/media\/138851"}],"wp:attachment":[{"href":"https:\/\/www.eurotherm.com\/fr\/wp-json\/wp\/v2\/media?parent=138870"}],"wp:term":[{"taxonomy":"product_brand","embeddable":true,"href":"https:\/\/www.eurotherm.com\/fr\/wp-json\/wp\/v2\/product_brand?post=138870"},{"taxonomy":"product_cat","embeddable":true,"href":"https:\/\/www.eurotherm.com\/fr\/wp-json\/wp\/v2\/product_cat?post=138870"},{"taxonomy":"product_tag","embeddable":true,"href":"https:\/\/www.eurotherm.com\/fr\/wp-json\/wp\/v2\/product_tag?post=138870"}],"curies":[{"name":"wp","href":"https:\/\/api.w.org\/{rel}","templated":true}]}}