{"id":138525,"date":"2022-11-02T16:44:53","date_gmt":"2022-11-02T08:44:53","guid":{"rendered":"https:\/\/eurothermdev.co.uk\/products\/non%20class\u00e9\/composer\/"},"modified":"2023-02-07T00:23:50","modified_gmt":"2023-02-06T16:23:50","slug":"composer","status":"publish","type":"product","link":"https:\/\/www.eurotherm.com\/fr\/products\/regulateur-pid-indicateurs-unites-alarme\/logiciel\/composer\/","title":{"rendered":"COMPOSER\u00ae"},"content":{"rendered":"<h3>Derni\u00e8re version\u00a0: 3.14.34 2022<\/h3>\n<p>Pour t\u00e9l\u00e9charger le fichier d\u2019installation\u00a0:<\/p>\n<ol>\n<li><a href=\"https:\/\/www.watlow.com\/-\/media\/documents\/software-and-demos\/composerv314340.ashx?la=fr-fr\">T\u00e9l\u00e9charger COMPOSER v 3.14.34<\/a><\/li>\n<li>sauvegardez le fichier d installation sur votre bureau<\/li>\n<li>Lorsque le t\u00e9l\u00e9chargement est termin\u00e9, fermez votre navigateur et toute autre application.<\/li>\n<li>Double-cliquez sur le programme d\u2019installation et suivez les instructions \u00e0 l\u2019\u00e9cran.<\/li>\n<\/ol>\n<h3>Configuration syst\u00e8me minimale requise\u00a0:<\/h3>\n<p><strong>Microprocesseur\u00a0:<\/strong>\u00a01\u00a0gigahertz (GHz) ou plus rapide 32\u00a0bits ou 64\u00a0bits<\/p>\n<p><strong>M\u00e9moire\u00a0:\u00a0<\/strong>1\u00a0gigaoctet (Go) RAM (32\u00a0bits) ou 2\u00a0Go RAM (64\u00a0bits) Espace<\/p>\n<p><strong>disque\u00a0:<\/strong>\u00a0250\u00a0m\u00e9gaoctets (Mo)<\/p>\n<p><strong>Vid\u00e9o\u00a0:\u00a0<\/strong>1 280\u00a0x 720\u00a0ou plus<\/p>\n<p><strong>Port pour la communication du r\u00e9gulateur\u00a0:<\/strong>\u00a0Ethernet pour F4T ou EIA-485\u00a0semi-duplex (2\u00a0fils) pour la communication EZ-ZONE<\/p>\n<p>RM<\/p>\n<p><strong>\u00aeBluetooth<\/strong>\u00a0: PM\u00a0\u00aePLUS\u00ae n\u00e9cessite l\u2019\u00ae<\/p>\n<p>&nbsp;<\/p>\n<p>utilisation d\u2019une licence d<\/p>\n<p>\u2019utilisateur EZ-485.<\/p>\n<h6>Microsoft\u00ae\u00a0est une marque d\u00e9pos\u00e9e de Microsoft Corporation.<\/h6>\n<h6>Windows\u00ae\u00a0est une marque d\u00e9pos\u00e9e de Microsoft Corporation.<\/h6>\n<h6>La marque et le\u00aelogo Bluetooth\u00a0 sont des marques d\u00e9pos\u00e9es de Bluetooth\u00ae SIG, Inc.3<\/h6>\n<p>Pour plus de d\u00e9tails sur le produit et une liste compl\u00e8te des t\u00e9l\u00e9chargements associ\u00e9s, rendez-vous <a href=\"https:\/\/www.watlow.com\/Products\/Controllers\/Software\/COMPOSER-Software\">ici<\/a>.<\/p>\n","protected":false},"excerpt":{"rendered":"<p>COMPOSER\u00ae est le nouveau logiciel facile \u00e0 utiliser de Watlow pour la configuration et la personnalisation des r\u00e9gulateurs. Utilisez-le pour optimiser les produits F4T, D4T, EZ-ZONE\u00ae RM et EZ-ZONE PM de Watlow pour des applications sp\u00e9cifiques. Les vues sp\u00e9cifiques aux t\u00e2ches simplifient tous les aspects de la mise en service de nouveaux r\u00e9gulateurs, y compris la gestion des entr\u00e9es et sorties des modules flex enfichables, la configuration de fonctions telles que les boucles de contr\u00f4le et les alarmes, ainsi que la cr\u00e9ation et la modification de profils.<\/p>\n<p>Le logiciel COMPOSER peut \u00eatre t\u00e9l\u00e9charg\u00e9 <a href=\"https:\/\/www.watlow.com\/-\/media\/documents\/software-and-demos\/composerv314340.ashx?la=en\">ici<\/a>.<\/p>\n","protected":false},"featured_media":138108,"template":"","meta":{"_acf_changed":false},"product_brand":[],"product_cat":[12391,17710],"product_tag":[],"class_list":{"0":"post-138525","1":"product","2":"type-product","3":"status-publish","4":"has-post-thumbnail","6":"product_cat-logiciel","7":"product_cat-watlow-featured-products-and-software-fr","9":"first","10":"instock","11":"shipping-taxable","12":"product-type-simple"},"acf":[],"yoast_head":"<!-- This site is optimized with the Yoast SEO plugin v27.5 - https:\/\/yoast.com\/product\/yoast-seo-wordpress\/ -->\n<title>COMPOSER\u00ae | Eurotherm Limited<\/title>\n<meta name=\"description\" content=\"COMPOSER\u00ae | Derni\u00e8re version\u00a0: 3.14.34 2022 Pour t\u00e9l\u00e9charger le fichier d\u2019installation\u00a0: &lt;a href=&quot;https:\/\/www.watlow.com\/-\/media\/document\" \/>\n<meta name=\"robots\" content=\"noindex, nofollow\" \/>\n<meta property=\"og:locale\" content=\"fr_FR\" \/>\n<meta property=\"og:type\" content=\"article\" \/>\n<meta property=\"og:title\" content=\"COMPOSER\u00ae | Eurotherm Limited\" \/>\n<meta property=\"og:description\" content=\"COMPOSER\u00ae | COMPOSER\u00ae est le nouveau logiciel facile \u00e0 utiliser de Watlow pour la configuration et la personnalisation des r\u00e9gulateurs. Utilisez-le pour optimiser les produits F4T, D4T, EZ-ZONE\u00ae RM et EZ-ZONE PM de Watlow pour des applications sp\u00e9cifiques. Les vues sp\u00e9cifiques aux t\u00e2ches simplifient tous les aspects de la mise en service de nouveaux r\u00e9gulateurs, y compris la gestion des entr\u00e9es et sorties des modules flex enfichables, la configuration de fonctions telles que les boucles de contr\u00f4le et les alarmes, ainsi que la cr\u00e9ation et la modification de profils.  Le logiciel COMPOSER peut \u00eatre t\u00e9l\u00e9charg\u00e9 ici.\" \/>\n<meta property=\"og:url\" content=\"https:\/\/www.eurotherm.com\/fr\/products\/regulateur-pid-indicateurs-unites-alarme\/logiciel\/composer\/\" \/>\n<meta property=\"og:site_name\" content=\"Eurotherm Limited\" \/>\n<meta property=\"article:modified_time\" content=\"2023-02-06T16:23:50+00:00\" \/>\n<meta property=\"og:image\" content=\"https:\/\/www.eurotherm.com\/wp-content\/uploads\/2022\/11\/composer_480.png\" \/>\n\t<meta property=\"og:image:width\" content=\"480\" \/>\n\t<meta property=\"og:image:height\" content=\"480\" \/>\n\t<meta property=\"og:image:type\" content=\"image\/png\" \/>\n<meta name=\"twitter:card\" content=\"summary_large_image\" \/>\n<meta name=\"twitter:label1\" content=\"Dur\u00e9e de lecture estim\u00e9e\" \/>\n\t<meta name=\"twitter:data1\" content=\"1 minute\" \/>\n<script type=\"application\/ld+json\" class=\"yoast-schema-graph\">{\"@context\":\"https:\\\/\\\/schema.org\",\"@graph\":[{\"@type\":\"WebPage\",\"@id\":\"https:\\\/\\\/www.eurotherm.com\\\/fr\\\/products\\\/regulateur-pid-indicateurs-unites-alarme\\\/logiciel\\\/composer\\\/\",\"url\":\"https:\\\/\\\/www.eurotherm.com\\\/fr\\\/products\\\/regulateur-pid-indicateurs-unites-alarme\\\/logiciel\\\/composer\\\/\",\"name\":\"COMPOSER\u00ae | Eurotherm Limited\",\"isPartOf\":{\"@id\":\"https:\\\/\\\/www.eurotherm.com\\\/fr\\\/#website\"},\"primaryImageOfPage\":{\"@id\":\"https:\\\/\\\/www.eurotherm.com\\\/fr\\\/products\\\/regulateur-pid-indicateurs-unites-alarme\\\/logiciel\\\/composer\\\/#primaryimage\"},\"image\":{\"@id\":\"https:\\\/\\\/www.eurotherm.com\\\/fr\\\/products\\\/regulateur-pid-indicateurs-unites-alarme\\\/logiciel\\\/composer\\\/#primaryimage\"},\"thumbnailUrl\":\"https:\\\/\\\/www.eurotherm.com\\\/wp-content\\\/uploads\\\/2022\\\/11\\\/composer_480.png\",\"datePublished\":\"2022-11-02T08:44:53+00:00\",\"dateModified\":\"2023-02-06T16:23:50+00:00\",\"description\":\"COMPOSER\u00ae | COMPOSER\u00ae est le nouveau logiciel facile \u00e0 utiliser de Watlow pour la configuration et la personnalisation des r\u00e9gulateurs. Utilisez-le pour optimiser les produits F4T, D4T, EZ-ZONE\u00ae RM et EZ-ZONE PM de Watlow pour des applications sp\u00e9cifiques. Les vues sp\u00e9cifiques aux t\u00e2ches simplifient tous les aspects de la mise en service de nouveaux r\u00e9gulateurs, y compris la gestion des entr\u00e9es et sorties des modules flex enfichables, la configuration de fonctions telles que les boucles de contr\u00f4le et les alarmes, ainsi que la cr\u00e9ation et la modification de profils. Le logiciel COMPOSER peut \u00eatre t\u00e9l\u00e9charg\u00e9 ici.\",\"breadcrumb\":{\"@id\":\"https:\\\/\\\/www.eurotherm.com\\\/fr\\\/products\\\/regulateur-pid-indicateurs-unites-alarme\\\/logiciel\\\/composer\\\/#breadcrumb\"},\"inLanguage\":\"fr-FR\",\"potentialAction\":[{\"@type\":\"ReadAction\",\"target\":[\"https:\\\/\\\/www.eurotherm.com\\\/fr\\\/products\\\/regulateur-pid-indicateurs-unites-alarme\\\/logiciel\\\/composer\\\/\"]}]},{\"@type\":\"ImageObject\",\"inLanguage\":\"fr-FR\",\"@id\":\"https:\\\/\\\/www.eurotherm.com\\\/fr\\\/products\\\/regulateur-pid-indicateurs-unites-alarme\\\/logiciel\\\/composer\\\/#primaryimage\",\"url\":\"https:\\\/\\\/www.eurotherm.com\\\/wp-content\\\/uploads\\\/2022\\\/11\\\/composer_480.png\",\"contentUrl\":\"https:\\\/\\\/www.eurotherm.com\\\/wp-content\\\/uploads\\\/2022\\\/11\\\/composer_480.png\",\"width\":480,\"height\":480},{\"@type\":\"BreadcrumbList\",\"@id\":\"https:\\\/\\\/www.eurotherm.com\\\/fr\\\/products\\\/regulateur-pid-indicateurs-unites-alarme\\\/logiciel\\\/composer\\\/#breadcrumb\",\"itemListElement\":[{\"@type\":\"ListItem\",\"position\":1,\"name\":\"Home\",\"item\":\"https:\\\/\\\/www.eurotherm.com\\\/fr\\\/\"},{\"@type\":\"ListItem\",\"position\":2,\"name\":\"Product Catalogue\",\"item\":\"https:\\\/\\\/www.eurotherm.com\\\/fr\\\/product-catalogue\\\/\"},{\"@type\":\"ListItem\",\"position\":3,\"name\":\"R\u00e9gulateurs PID, indicateurs et unit\u00e9s d\u2019alarme\",\"item\":\"https:\\\/\\\/www.eurotherm.com\\\/fr\\\/eurotherm-products\\\/regulateur-pid-indicateurs-unites-alarme\\\/\"},{\"@type\":\"ListItem\",\"position\":4,\"name\":\"Logiciel\",\"item\":\"https:\\\/\\\/www.eurotherm.com\\\/fr\\\/eurotherm-products\\\/regulateur-pid-indicateurs-unites-alarme\\\/logiciel\\\/\"},{\"@type\":\"ListItem\",\"position\":5,\"name\":\"COMPOSER\u00ae\"}]},{\"@type\":\"WebSite\",\"@id\":\"https:\\\/\\\/www.eurotherm.com\\\/fr\\\/#website\",\"url\":\"https:\\\/\\\/www.eurotherm.com\\\/fr\\\/\",\"name\":\"Eurotherm Limited\",\"description\":\"Temperature Control, Process Control, Measurement and Data Recording Solutions\",\"potentialAction\":[{\"@type\":\"SearchAction\",\"target\":{\"@type\":\"EntryPoint\",\"urlTemplate\":\"https:\\\/\\\/www.eurotherm.com\\\/fr\\\/?s={search_term_string}\"},\"query-input\":{\"@type\":\"PropertyValueSpecification\",\"valueRequired\":true,\"valueName\":\"search_term_string\"}}],\"inLanguage\":\"fr-FR\"}]}<\/script>\n<!-- \/ Yoast SEO plugin. -->","yoast_head_json":{"title":"COMPOSER\u00ae | Eurotherm Limited","description":"COMPOSER\u00ae | Derni\u00e8re version\u00a0: 3.14.34 2022 Pour t\u00e9l\u00e9charger le fichier d\u2019installation\u00a0: &lt;a href=&quot;https:\/\/www.watlow.com\/-\/media\/document","robots":{"index":"noindex","follow":"nofollow"},"og_locale":"fr_FR","og_type":"article","og_title":"COMPOSER\u00ae | Eurotherm Limited","og_description":"COMPOSER\u00ae | COMPOSER\u00ae est le nouveau logiciel facile \u00e0 utiliser de Watlow pour la configuration et la personnalisation des r\u00e9gulateurs. Utilisez-le pour optimiser les produits F4T, D4T, EZ-ZONE\u00ae RM et EZ-ZONE PM de Watlow pour des applications sp\u00e9cifiques. Les vues sp\u00e9cifiques aux t\u00e2ches simplifient tous les aspects de la mise en service de nouveaux r\u00e9gulateurs, y compris la gestion des entr\u00e9es et sorties des modules flex enfichables, la configuration de fonctions telles que les boucles de contr\u00f4le et les alarmes, ainsi que la cr\u00e9ation et la modification de profils.  Le logiciel COMPOSER peut \u00eatre t\u00e9l\u00e9charg\u00e9 ici.","og_url":"https:\/\/www.eurotherm.com\/fr\/products\/regulateur-pid-indicateurs-unites-alarme\/logiciel\/composer\/","og_site_name":"Eurotherm Limited","article_modified_time":"2023-02-06T16:23:50+00:00","og_image":[{"width":480,"height":480,"url":"https:\/\/www.eurotherm.com\/wp-content\/uploads\/2022\/11\/composer_480.png","type":"image\/png"}],"twitter_card":"summary_large_image","twitter_misc":{"Dur\u00e9e de lecture estim\u00e9e":"1 minute"},"schema":{"@context":"https:\/\/schema.org","@graph":[{"@type":"WebPage","@id":"https:\/\/www.eurotherm.com\/fr\/products\/regulateur-pid-indicateurs-unites-alarme\/logiciel\/composer\/","url":"https:\/\/www.eurotherm.com\/fr\/products\/regulateur-pid-indicateurs-unites-alarme\/logiciel\/composer\/","name":"COMPOSER\u00ae | Eurotherm Limited","isPartOf":{"@id":"https:\/\/www.eurotherm.com\/fr\/#website"},"primaryImageOfPage":{"@id":"https:\/\/www.eurotherm.com\/fr\/products\/regulateur-pid-indicateurs-unites-alarme\/logiciel\/composer\/#primaryimage"},"image":{"@id":"https:\/\/www.eurotherm.com\/fr\/products\/regulateur-pid-indicateurs-unites-alarme\/logiciel\/composer\/#primaryimage"},"thumbnailUrl":"https:\/\/www.eurotherm.com\/wp-content\/uploads\/2022\/11\/composer_480.png","datePublished":"2022-11-02T08:44:53+00:00","dateModified":"2023-02-06T16:23:50+00:00","description":"COMPOSER\u00ae | COMPOSER\u00ae est le nouveau logiciel facile \u00e0 utiliser de Watlow pour la configuration et la personnalisation des r\u00e9gulateurs. Utilisez-le pour optimiser les produits F4T, D4T, EZ-ZONE\u00ae RM et EZ-ZONE PM de Watlow pour des applications sp\u00e9cifiques. Les vues sp\u00e9cifiques aux t\u00e2ches simplifient tous les aspects de la mise en service de nouveaux r\u00e9gulateurs, y compris la gestion des entr\u00e9es et sorties des modules flex enfichables, la configuration de fonctions telles que les boucles de contr\u00f4le et les alarmes, ainsi que la cr\u00e9ation et la modification de profils. Le logiciel COMPOSER peut \u00eatre t\u00e9l\u00e9charg\u00e9 ici.","breadcrumb":{"@id":"https:\/\/www.eurotherm.com\/fr\/products\/regulateur-pid-indicateurs-unites-alarme\/logiciel\/composer\/#breadcrumb"},"inLanguage":"fr-FR","potentialAction":[{"@type":"ReadAction","target":["https:\/\/www.eurotherm.com\/fr\/products\/regulateur-pid-indicateurs-unites-alarme\/logiciel\/composer\/"]}]},{"@type":"ImageObject","inLanguage":"fr-FR","@id":"https:\/\/www.eurotherm.com\/fr\/products\/regulateur-pid-indicateurs-unites-alarme\/logiciel\/composer\/#primaryimage","url":"https:\/\/www.eurotherm.com\/wp-content\/uploads\/2022\/11\/composer_480.png","contentUrl":"https:\/\/www.eurotherm.com\/wp-content\/uploads\/2022\/11\/composer_480.png","width":480,"height":480},{"@type":"BreadcrumbList","@id":"https:\/\/www.eurotherm.com\/fr\/products\/regulateur-pid-indicateurs-unites-alarme\/logiciel\/composer\/#breadcrumb","itemListElement":[{"@type":"ListItem","position":1,"name":"Home","item":"https:\/\/www.eurotherm.com\/fr\/"},{"@type":"ListItem","position":2,"name":"Product Catalogue","item":"https:\/\/www.eurotherm.com\/fr\/product-catalogue\/"},{"@type":"ListItem","position":3,"name":"R\u00e9gulateurs PID, indicateurs et unit\u00e9s d\u2019alarme","item":"https:\/\/www.eurotherm.com\/fr\/eurotherm-products\/regulateur-pid-indicateurs-unites-alarme\/"},{"@type":"ListItem","position":4,"name":"Logiciel","item":"https:\/\/www.eurotherm.com\/fr\/eurotherm-products\/regulateur-pid-indicateurs-unites-alarme\/logiciel\/"},{"@type":"ListItem","position":5,"name":"COMPOSER\u00ae"}]},{"@type":"WebSite","@id":"https:\/\/www.eurotherm.com\/fr\/#website","url":"https:\/\/www.eurotherm.com\/fr\/","name":"Eurotherm Limited","description":"Temperature Control, Process Control, Measurement and Data Recording Solutions","potentialAction":[{"@type":"SearchAction","target":{"@type":"EntryPoint","urlTemplate":"https:\/\/www.eurotherm.com\/fr\/?s={search_term_string}"},"query-input":{"@type":"PropertyValueSpecification","valueRequired":true,"valueName":"search_term_string"}}],"inLanguage":"fr-FR"}]}},"ACF":{"product_file":[138131,138132]},"jetpack_sharing_enabled":true,"_links":{"self":[{"href":"https:\/\/www.eurotherm.com\/fr\/wp-json\/wp\/v2\/product\/138525","targetHints":{"allow":["GET"]}}],"collection":[{"href":"https:\/\/www.eurotherm.com\/fr\/wp-json\/wp\/v2\/product"}],"about":[{"href":"https:\/\/www.eurotherm.com\/fr\/wp-json\/wp\/v2\/types\/product"}],"wp:featuredmedia":[{"embeddable":true,"href":"https:\/\/www.eurotherm.com\/fr\/wp-json\/wp\/v2\/media\/138108"}],"wp:attachment":[{"href":"https:\/\/www.eurotherm.com\/fr\/wp-json\/wp\/v2\/media?parent=138525"}],"wp:term":[{"taxonomy":"product_brand","embeddable":true,"href":"https:\/\/www.eurotherm.com\/fr\/wp-json\/wp\/v2\/product_brand?post=138525"},{"taxonomy":"product_cat","embeddable":true,"href":"https:\/\/www.eurotherm.com\/fr\/wp-json\/wp\/v2\/product_cat?post=138525"},{"taxonomy":"product_tag","embeddable":true,"href":"https:\/\/www.eurotherm.com\/fr\/wp-json\/wp\/v2\/product_tag?post=138525"}],"curies":[{"name":"wp","href":"https:\/\/api.w.org\/{rel}","templated":true}]}}