{"id":138498,"date":"2022-11-02T16:49:15","date_gmt":"2022-11-02T08:49:15","guid":{"rendered":"https:\/\/eurothermdev.co.uk\/products\/non%20class\u00e9\/f4t-temperature-and-process-controller\/"},"modified":"2023-02-07T00:47:50","modified_gmt":"2023-02-06T16:47:50","slug":"f4t-temperature-and-process-controller","status":"publish","type":"product","link":"https:\/\/www.eurotherm.com\/fr\/products\/regulateur-pid-indicateurs-unites-alarme\/multi-boucles\/f4t-temperature-and-process-controller\/","title":{"rendered":"R\u00e9gulateur de temp\u00e9rature et de process F4T\u00ae"},"content":{"rendered":"<p>D\u00e9sormais dot\u00e9 d\u2019alertes par e-mail et SMS. Avertir les utilisateurs d\u2019un \u00e9v\u00e9nement qui s\u2019est produit tel qu\u2019un profil ou une \u00e9tape sp\u00e9cifique dans un profil, une condition d\u2019alarme, une condition de limite ou une erreur d\u2019entr\u00e9e analogique. Le r\u00e9gulateur de temp\u00e9rature de &amp; process F4T de Watlow offre une large gamme de modules d\u2019E\/S amovibles sur site pour une flexibilit\u00e9 de conception maximale. Les configurations peuvent \u00eatre personnalis\u00e9es pour r\u00e9pondre aux besoins d\u2019\u00e9volutivit\u00e9 d\u2019une gamme exceptionnelle d\u2019\u00e9quipements et d\u2019applications tout en fournissant exactement les types de mat\u00e9riel requis pour la compatibilit\u00e9. Le r\u00e9gulateur F4T dispose \u00e9galement d\u2019un \u00e9cran tactile graphique couleur de 4,3\u00a0pouces. Associant puissance, flexibilit\u00e9 et fonctionnalit\u00e9, ce nouveau r\u00e9gulateur offre une polyvalence in\u00e9gal\u00e9e, et sa facilit\u00e9 d\u2019utilisation de premier ordre pourrait tr\u00e8s bien faire des manuels d\u2019utilisation une chose du pass\u00e9.<\/p>\n<h3>Mises \u00e0 jour du firmware<\/h3>\n<p>Derni\u00e8re version\u00a0:\u00a0<strong>4.08.0029<\/strong>\u00a0(f\u00e9vrier 2021)<\/p>\n<ul>\n<li><a href=\"https:\/\/www.watlow.com\/-\/media\/documents\/software-and-demos\/f4t-firmware-4080029-use-with-306-or-older.ashx?la=fr-fr\">T\u00e9l\u00e9charger\u00a0<\/a>(firmware v3.06\u00a0ou version ant\u00e9rieure)<\/li>\n<li><a href=\"https:\/\/www.watlow.com\/-\/media\/documents\/software-and-demos\/f4t-firmware-4080029-use-with-400-or-newer.ashx?la=fr-fr\">T\u00e9l\u00e9charger\u00a0<\/a>(firmware v4.00\u00a0ou version ult\u00e9rieure) Versions<\/li>\n<\/ul>\n<p>ant\u00e9rieures\u00a0:\u00a0<a href=\"https:\/\/www.watlow.com\/fr-fr\/resources-and-support\/technical-library\/software-and-demos\">cliquez ici<\/a><\/p>\n<p>Pour plus de d\u00e9tails sur le produit et une liste compl\u00e8te des t\u00e9l\u00e9chargements associ\u00e9s, rendez-vous <a href=\"https:\/\/www.watlow.com\/fr-fr\/products\/controllers\/temperature-and-process-controllers\/f4t-integrated-controller\" target=\"_blank\" rel=\"noopener\">ici<\/a>.<\/p>\n","protected":false},"excerpt":{"rendered":"<p>Le r\u00e9gulateur de processus int\u00e9gr\u00e9 F4T\u00ae combine la flexibilit\u00e9 d\u2019une E\/S modulaire avec la meilleure facilit\u00e9 d\u2019utilisation de sa cat\u00e9gorie et une interface utilisateur \u00e0 \u00e9cran tactile \u00e9l\u00e9gante, offrant en outre des configurations sur mesure pour r\u00e9pondre aux besoins d\u2019\u00e9volutivit\u00e9 d\u2019applications et d\u2019\u00e9quipements \u00e0 large gamme<\/p>\n","protected":false},"featured_media":138329,"template":"","meta":{"_acf_changed":false},"product_brand":[],"product_cat":[12230,17710],"product_tag":[],"class_list":{"0":"post-138498","1":"product","2":"type-product","3":"status-publish","4":"has-post-thumbnail","6":"industry-food-beverage-fr-2","7":"product_cat-multi-boucles","8":"product_cat-watlow-featured-products-and-software-fr","10":"first","11":"instock","12":"shipping-taxable","13":"product-type-simple"},"acf":[],"yoast_head":"<!-- This site is optimized with the Yoast SEO plugin v27.2 - https:\/\/yoast.com\/product\/yoast-seo-wordpress\/ -->\n<title>R\u00e9gulateur de temp\u00e9rature et de process F4T\u00ae | Eurotherm Limited<\/title>\n<meta name=\"description\" content=\"R\u00e9gulateur de temp\u00e9rature et de process F4T\u00ae | D\u00e9sormais dot\u00e9 d\u2019alertes par e-mail et SMS. Avertir les utilisateurs d\u2019un \u00e9v\u00e9nement qui s\u2019est produit tel qu\u2019un p\" \/>\n<meta name=\"robots\" content=\"noindex, nofollow\" \/>\n<meta property=\"og:locale\" content=\"fr_FR\" \/>\n<meta property=\"og:type\" content=\"article\" \/>\n<meta property=\"og:title\" content=\"R\u00e9gulateur de temp\u00e9rature et de process F4T\u00ae | Eurotherm Limited\" \/>\n<meta property=\"og:description\" content=\"R\u00e9gulateur de temp\u00e9rature et de process F4T\u00ae | Le r\u00e9gulateur de processus int\u00e9gr\u00e9 F4T\u00ae combine la flexibilit\u00e9 d\u2019une E\/S modulaire avec la meilleure facilit\u00e9 d\u2019utilisation de sa cat\u00e9gorie et une interface utilisateur \u00e0 \u00e9cran tactile \u00e9l\u00e9gante, offrant en outre des configurations sur mesure pour r\u00e9pondre aux besoins d\u2019\u00e9volutivit\u00e9 d\u2019applications et d\u2019\u00e9quipements \u00e0 large gamme\" \/>\n<meta property=\"og:url\" content=\"https:\/\/www.eurotherm.com\/fr\/products\/regulateur-pid-indicateurs-unites-alarme\/multi-boucles\/f4t-temperature-and-process-controller\/\" \/>\n<meta property=\"og:site_name\" content=\"Eurotherm Limited\" \/>\n<meta property=\"article:modified_time\" content=\"2023-02-06T16:47:50+00:00\" \/>\n<meta property=\"og:image\" content=\"https:\/\/www.eurotherm.com\/wp-content\/uploads\/2022\/11\/f4t_integrated_controller_480.png\" \/>\n\t<meta property=\"og:image:width\" content=\"480\" \/>\n\t<meta property=\"og:image:height\" content=\"480\" \/>\n\t<meta property=\"og:image:type\" content=\"image\/png\" \/>\n<meta name=\"twitter:card\" content=\"summary_large_image\" \/>\n<meta name=\"twitter:label1\" content=\"Dur\u00e9e de lecture estim\u00e9e\" \/>\n\t<meta name=\"twitter:data1\" content=\"1 minute\" \/>\n<script type=\"application\/ld+json\" class=\"yoast-schema-graph\">{\"@context\":\"https:\/\/schema.org\",\"@graph\":[{\"@type\":\"WebPage\",\"@id\":\"https:\/\/www.eurotherm.com\/fr\/products\/regulateur-pid-indicateurs-unites-alarme\/multi-boucles\/f4t-temperature-and-process-controller\/\",\"url\":\"https:\/\/www.eurotherm.com\/fr\/products\/regulateur-pid-indicateurs-unites-alarme\/multi-boucles\/f4t-temperature-and-process-controller\/\",\"name\":\"R\u00e9gulateur de temp\u00e9rature et de process F4T\u00ae | Eurotherm Limited\",\"isPartOf\":{\"@id\":\"https:\/\/www.eurotherm.com\/fr\/#website\"},\"primaryImageOfPage\":{\"@id\":\"https:\/\/www.eurotherm.com\/fr\/products\/regulateur-pid-indicateurs-unites-alarme\/multi-boucles\/f4t-temperature-and-process-controller\/#primaryimage\"},\"image\":{\"@id\":\"https:\/\/www.eurotherm.com\/fr\/products\/regulateur-pid-indicateurs-unites-alarme\/multi-boucles\/f4t-temperature-and-process-controller\/#primaryimage\"},\"thumbnailUrl\":\"https:\/\/www.eurotherm.com\/wp-content\/uploads\/2022\/11\/f4t_integrated_controller_480.png\",\"datePublished\":\"2022-11-02T08:49:15+00:00\",\"dateModified\":\"2023-02-06T16:47:50+00:00\",\"description\":\"R\u00e9gulateur de temp\u00e9rature et de process F4T\u00ae | Le r\u00e9gulateur de processus int\u00e9gr\u00e9 F4T\u00ae combine la flexibilit\u00e9 d\u2019une E\/S modulaire avec la meilleure facilit\u00e9 d\u2019utilisation de sa cat\u00e9gorie et une interface utilisateur \u00e0 \u00e9cran tactile \u00e9l\u00e9gante, offrant en outre des configurations sur mesure pour r\u00e9pondre aux besoins d\u2019\u00e9volutivit\u00e9 d\u2019applications et d\u2019\u00e9quipements \u00e0 large gamme\",\"breadcrumb\":{\"@id\":\"https:\/\/www.eurotherm.com\/fr\/products\/regulateur-pid-indicateurs-unites-alarme\/multi-boucles\/f4t-temperature-and-process-controller\/#breadcrumb\"},\"inLanguage\":\"fr-FR\",\"potentialAction\":[{\"@type\":\"ReadAction\",\"target\":[\"https:\/\/www.eurotherm.com\/fr\/products\/regulateur-pid-indicateurs-unites-alarme\/multi-boucles\/f4t-temperature-and-process-controller\/\"]}]},{\"@type\":\"ImageObject\",\"inLanguage\":\"fr-FR\",\"@id\":\"https:\/\/www.eurotherm.com\/fr\/products\/regulateur-pid-indicateurs-unites-alarme\/multi-boucles\/f4t-temperature-and-process-controller\/#primaryimage\",\"url\":\"https:\/\/www.eurotherm.com\/wp-content\/uploads\/2022\/11\/f4t_integrated_controller_480.png\",\"contentUrl\":\"https:\/\/www.eurotherm.com\/wp-content\/uploads\/2022\/11\/f4t_integrated_controller_480.png\",\"width\":480,\"height\":480},{\"@type\":\"BreadcrumbList\",\"@id\":\"https:\/\/www.eurotherm.com\/fr\/products\/regulateur-pid-indicateurs-unites-alarme\/multi-boucles\/f4t-temperature-and-process-controller\/#breadcrumb\",\"itemListElement\":[{\"@type\":\"ListItem\",\"position\":1,\"name\":\"Home\",\"item\":\"https:\/\/www.eurotherm.com\/fr\/\"},{\"@type\":\"ListItem\",\"position\":2,\"name\":\"Product Catalogue\",\"item\":\"https:\/\/www.eurotherm.com\/fr\/product-catalogue\/\"},{\"@type\":\"ListItem\",\"position\":3,\"name\":\"R\u00e9gulateurs PID, indicateurs et unit\u00e9s d\u2019alarme\",\"item\":\"https:\/\/www.eurotherm.com\/fr\/eurotherm-products\/regulateur-pid-indicateurs-unites-alarme\/\"},{\"@type\":\"ListItem\",\"position\":4,\"name\":\"Multi-boucles\",\"item\":\"https:\/\/www.eurotherm.com\/fr\/eurotherm-products\/regulateur-pid-indicateurs-unites-alarme\/multi-boucles\/\"},{\"@type\":\"ListItem\",\"position\":5,\"name\":\"R\u00e9gulateur de temp\u00e9rature et de process F4T\u00ae\"}]},{\"@type\":\"WebSite\",\"@id\":\"https:\/\/www.eurotherm.com\/fr\/#website\",\"url\":\"https:\/\/www.eurotherm.com\/fr\/\",\"name\":\"Eurotherm Limited\",\"description\":\"Temperature Control, Process Control, Measurement and Data Recording Solutions\",\"potentialAction\":[{\"@type\":\"SearchAction\",\"target\":{\"@type\":\"EntryPoint\",\"urlTemplate\":\"https:\/\/www.eurotherm.com\/fr\/?s={search_term_string}\"},\"query-input\":{\"@type\":\"PropertyValueSpecification\",\"valueRequired\":true,\"valueName\":\"search_term_string\"}}],\"inLanguage\":\"fr-FR\"}]}<\/script>\n<!-- \/ Yoast SEO plugin. -->","yoast_head_json":{"title":"R\u00e9gulateur de temp\u00e9rature et de process F4T\u00ae | Eurotherm Limited","description":"R\u00e9gulateur de temp\u00e9rature et de process F4T\u00ae | D\u00e9sormais dot\u00e9 d\u2019alertes par e-mail et SMS. Avertir les utilisateurs d\u2019un \u00e9v\u00e9nement qui s\u2019est produit tel qu\u2019un p","robots":{"index":"noindex","follow":"nofollow"},"og_locale":"fr_FR","og_type":"article","og_title":"R\u00e9gulateur de temp\u00e9rature et de process F4T\u00ae | Eurotherm Limited","og_description":"R\u00e9gulateur de temp\u00e9rature et de process F4T\u00ae | Le r\u00e9gulateur de processus int\u00e9gr\u00e9 F4T\u00ae combine la flexibilit\u00e9 d\u2019une E\/S modulaire avec la meilleure facilit\u00e9 d\u2019utilisation de sa cat\u00e9gorie et une interface utilisateur \u00e0 \u00e9cran tactile \u00e9l\u00e9gante, offrant en outre des configurations sur mesure pour r\u00e9pondre aux besoins d\u2019\u00e9volutivit\u00e9 d\u2019applications et d\u2019\u00e9quipements \u00e0 large gamme","og_url":"https:\/\/www.eurotherm.com\/fr\/products\/regulateur-pid-indicateurs-unites-alarme\/multi-boucles\/f4t-temperature-and-process-controller\/","og_site_name":"Eurotherm Limited","article_modified_time":"2023-02-06T16:47:50+00:00","og_image":[{"width":480,"height":480,"url":"https:\/\/www.eurotherm.com\/wp-content\/uploads\/2022\/11\/f4t_integrated_controller_480.png","type":"image\/png"}],"twitter_card":"summary_large_image","twitter_misc":{"Dur\u00e9e de lecture estim\u00e9e":"1 minute"},"schema":{"@context":"https:\/\/schema.org","@graph":[{"@type":"WebPage","@id":"https:\/\/www.eurotherm.com\/fr\/products\/regulateur-pid-indicateurs-unites-alarme\/multi-boucles\/f4t-temperature-and-process-controller\/","url":"https:\/\/www.eurotherm.com\/fr\/products\/regulateur-pid-indicateurs-unites-alarme\/multi-boucles\/f4t-temperature-and-process-controller\/","name":"R\u00e9gulateur de temp\u00e9rature et de process F4T\u00ae | Eurotherm Limited","isPartOf":{"@id":"https:\/\/www.eurotherm.com\/fr\/#website"},"primaryImageOfPage":{"@id":"https:\/\/www.eurotherm.com\/fr\/products\/regulateur-pid-indicateurs-unites-alarme\/multi-boucles\/f4t-temperature-and-process-controller\/#primaryimage"},"image":{"@id":"https:\/\/www.eurotherm.com\/fr\/products\/regulateur-pid-indicateurs-unites-alarme\/multi-boucles\/f4t-temperature-and-process-controller\/#primaryimage"},"thumbnailUrl":"https:\/\/www.eurotherm.com\/wp-content\/uploads\/2022\/11\/f4t_integrated_controller_480.png","datePublished":"2022-11-02T08:49:15+00:00","dateModified":"2023-02-06T16:47:50+00:00","description":"R\u00e9gulateur de temp\u00e9rature et de process F4T\u00ae | Le r\u00e9gulateur de processus int\u00e9gr\u00e9 F4T\u00ae combine la flexibilit\u00e9 d\u2019une E\/S modulaire avec la meilleure facilit\u00e9 d\u2019utilisation de sa cat\u00e9gorie et une interface utilisateur \u00e0 \u00e9cran tactile \u00e9l\u00e9gante, offrant en outre des configurations sur mesure pour r\u00e9pondre aux besoins d\u2019\u00e9volutivit\u00e9 d\u2019applications et d\u2019\u00e9quipements \u00e0 large gamme","breadcrumb":{"@id":"https:\/\/www.eurotherm.com\/fr\/products\/regulateur-pid-indicateurs-unites-alarme\/multi-boucles\/f4t-temperature-and-process-controller\/#breadcrumb"},"inLanguage":"fr-FR","potentialAction":[{"@type":"ReadAction","target":["https:\/\/www.eurotherm.com\/fr\/products\/regulateur-pid-indicateurs-unites-alarme\/multi-boucles\/f4t-temperature-and-process-controller\/"]}]},{"@type":"ImageObject","inLanguage":"fr-FR","@id":"https:\/\/www.eurotherm.com\/fr\/products\/regulateur-pid-indicateurs-unites-alarme\/multi-boucles\/f4t-temperature-and-process-controller\/#primaryimage","url":"https:\/\/www.eurotherm.com\/wp-content\/uploads\/2022\/11\/f4t_integrated_controller_480.png","contentUrl":"https:\/\/www.eurotherm.com\/wp-content\/uploads\/2022\/11\/f4t_integrated_controller_480.png","width":480,"height":480},{"@type":"BreadcrumbList","@id":"https:\/\/www.eurotherm.com\/fr\/products\/regulateur-pid-indicateurs-unites-alarme\/multi-boucles\/f4t-temperature-and-process-controller\/#breadcrumb","itemListElement":[{"@type":"ListItem","position":1,"name":"Home","item":"https:\/\/www.eurotherm.com\/fr\/"},{"@type":"ListItem","position":2,"name":"Product Catalogue","item":"https:\/\/www.eurotherm.com\/fr\/product-catalogue\/"},{"@type":"ListItem","position":3,"name":"R\u00e9gulateurs PID, indicateurs et unit\u00e9s d\u2019alarme","item":"https:\/\/www.eurotherm.com\/fr\/eurotherm-products\/regulateur-pid-indicateurs-unites-alarme\/"},{"@type":"ListItem","position":4,"name":"Multi-boucles","item":"https:\/\/www.eurotherm.com\/fr\/eurotherm-products\/regulateur-pid-indicateurs-unites-alarme\/multi-boucles\/"},{"@type":"ListItem","position":5,"name":"R\u00e9gulateur de temp\u00e9rature et de process F4T\u00ae"}]},{"@type":"WebSite","@id":"https:\/\/www.eurotherm.com\/fr\/#website","url":"https:\/\/www.eurotherm.com\/fr\/","name":"Eurotherm Limited","description":"Temperature Control, Process Control, Measurement and Data Recording Solutions","potentialAction":[{"@type":"SearchAction","target":{"@type":"EntryPoint","urlTemplate":"https:\/\/www.eurotherm.com\/fr\/?s={search_term_string}"},"query-input":{"@type":"PropertyValueSpecification","valueRequired":true,"valueName":"search_term_string"}}],"inLanguage":"fr-FR"}]}},"ACF":{"product_file":[138380,138381,138382]},"jetpack_sharing_enabled":true,"_links":{"self":[{"href":"https:\/\/www.eurotherm.com\/fr\/wp-json\/wp\/v2\/product\/138498","targetHints":{"allow":["GET"]}}],"collection":[{"href":"https:\/\/www.eurotherm.com\/fr\/wp-json\/wp\/v2\/product"}],"about":[{"href":"https:\/\/www.eurotherm.com\/fr\/wp-json\/wp\/v2\/types\/product"}],"wp:featuredmedia":[{"embeddable":true,"href":"https:\/\/www.eurotherm.com\/fr\/wp-json\/wp\/v2\/media\/138329"}],"wp:attachment":[{"href":"https:\/\/www.eurotherm.com\/fr\/wp-json\/wp\/v2\/media?parent=138498"}],"wp:term":[{"taxonomy":"product_brand","embeddable":true,"href":"https:\/\/www.eurotherm.com\/fr\/wp-json\/wp\/v2\/product_brand?post=138498"},{"taxonomy":"product_cat","embeddable":true,"href":"https:\/\/www.eurotherm.com\/fr\/wp-json\/wp\/v2\/product_cat?post=138498"},{"taxonomy":"product_tag","embeddable":true,"href":"https:\/\/www.eurotherm.com\/fr\/wp-json\/wp\/v2\/product_tag?post=138498"}],"curies":[{"name":"wp","href":"https:\/\/api.w.org\/{rel}","templated":true}]}}