{"id":138487,"date":"2022-11-02T16:56:34","date_gmt":"2022-11-02T08:56:34","guid":{"rendered":"https:\/\/eurothermdev.co.uk\/products\/non%20class\u00e9\/din-a-mite-a\/"},"modified":"2023-01-06T22:56:32","modified_gmt":"2023-01-06T14:56:32","slug":"din-a-mite-a","status":"publish","type":"product","link":"https:\/\/www.eurotherm.com\/fr\/products\/controle-de-puissance\/controleurs-de-puissance\/din-a-mite-a\/","title":{"rendered":"DIN-A-MITE\u00ae A"},"content":{"rendered":"<p>Le r\u00e9gulateur de dispositif de commutation d\u2019alimentation DIN-A-MITE\u00ae A est con\u00e7u et fabriqu\u00e9 avec les caract\u00e9ristiques de qualit\u00e9 attendues de Watlow. Les capacit\u00e9s DIN-A-MITE A incluent une commutation monophas\u00e9e \u00e0 z\u00e9ro de tension jusqu\u2019\u00e0 25\u00a0amp\u00e8res \u00e0 600VAC (voir la courbe nominale). Une conception int\u00e9gr\u00e9e unique \u00e9limine les conjectures associ\u00e9es \u00e0 la s\u00e9lection d\u2019un dissipateur thermique appropri\u00e9 et de terminaisons ad\u00e9quates pour l\u2019application. Le montage sur rail DIN et panneau arri\u00e8re est standard sur cette gamme de dispositifs de commutation d\u2019alimentation. Le DIN-A-MITE est \u00e9galement sans mercure. Des versions \u00e0 base de temps variable, 4-20mA de contr\u00f4le de processus ou \u00e0 contacteur d\u2019entr\u00e9e V c.a.\/c.c. sont disponibles. Toutes les configurations d\u00e9pendent du num\u00e9ro de mod\u00e8le et peuvent \u00eatre s\u00e9lectionn\u00e9es en usine. Ce r\u00e9gulateur d\u2019alimentation inclut un courant de court-circuit nominal (SCCR) de 200KA test\u00e9 jusqu\u2019\u00e0 480VAC pour \u00e9viter les arcs \u00e9lectriques avec les fusibles requis.<\/p>\n","protected":false},"excerpt":{"rendered":"<h5>Le r\u00e9gulateur d\u2019alimentation statique compact offre de grandes performances<\/h5>\n<h3 class=\"green-title\">Standard SELECT\u00ae lead times may be temporarily unavailable. Use the Visual Designer\u2122 to view current lead times.<\/h3>\n<p>Pour plus de d\u00e9tails sur le produit et une liste compl\u00e8te des t\u00e9l\u00e9chargements associ\u00e9s, rendez-vous <a href=\"https:\/\/www.watlow.com\/fr-fr\/products\/controllers\/power-switching-devices\/din-a-mite-a-power-controller\" target=\"_blank\" rel=\"noopener\">ici<\/a>.<\/p>\n","protected":false},"featured_media":138389,"template":"","meta":{"_acf_changed":false},"product_brand":[],"product_cat":[12269,17710],"product_tag":[],"class_list":{"0":"post-138487","1":"product","2":"type-product","3":"status-publish","4":"has-post-thumbnail","6":"product_cat-controleurs-de-puissance","7":"product_cat-watlow-featured-products-and-software-fr","9":"first","10":"instock","11":"shipping-taxable","12":"product-type-simple"},"acf":[],"yoast_head":"<!-- This site is optimized with the Yoast SEO plugin v27.2 - https:\/\/yoast.com\/product\/yoast-seo-wordpress\/ -->\n<title>DIN-A-MITE\u00ae A | Eurotherm Limited<\/title>\n<meta name=\"description\" content=\"DIN-A-MITE\u00ae A | Le r\u00e9gulateur de dispositif de commutation d\u2019alimentation DIN-A-MITE\u00ae A est con\u00e7u et fabriqu\u00e9 avec les caract\u00e9ristiques de qualit\u00e9 attendues de\" \/>\n<meta name=\"robots\" content=\"noindex, nofollow\" \/>\n<meta property=\"og:locale\" content=\"fr_FR\" \/>\n<meta property=\"og:type\" content=\"article\" \/>\n<meta property=\"og:title\" content=\"DIN-A-MITE\u00ae A | Eurotherm Limited\" \/>\n<meta property=\"og:description\" content=\"DIN-A-MITE\u00ae A | Le r\u00e9gulateur d\u2019alimentation statique compact offre de grandes performances Standard SELECT\u00ae lead times may be temporarily unavailable. Use the Visual Designer\u2122 to view current lead times. Pour plus de d\u00e9tails sur le produit et une liste compl\u00e8te des t\u00e9l\u00e9chargements associ\u00e9s, rendez-vous ici.\" \/>\n<meta property=\"og:url\" content=\"https:\/\/www.eurotherm.com\/fr\/products\/controle-de-puissance\/controleurs-de-puissance\/din-a-mite-a\/\" \/>\n<meta property=\"og:site_name\" content=\"Eurotherm Limited\" \/>\n<meta property=\"article:modified_time\" content=\"2023-01-06T14:56:32+00:00\" \/>\n<meta property=\"og:image\" content=\"https:\/\/www.eurotherm.com\/wp-content\/uploads\/2022\/11\/ps_din_a_480.png\" \/>\n\t<meta property=\"og:image:width\" content=\"480\" \/>\n\t<meta property=\"og:image:height\" content=\"480\" \/>\n\t<meta property=\"og:image:type\" content=\"image\/png\" \/>\n<meta name=\"twitter:card\" content=\"summary_large_image\" \/>\n<meta name=\"twitter:label1\" content=\"Dur\u00e9e de lecture estim\u00e9e\" \/>\n\t<meta name=\"twitter:data1\" content=\"1 minute\" \/>\n<script type=\"application\/ld+json\" class=\"yoast-schema-graph\">{\"@context\":\"https:\/\/schema.org\",\"@graph\":[{\"@type\":\"WebPage\",\"@id\":\"https:\/\/www.eurotherm.com\/fr\/products\/controle-de-puissance\/controleurs-de-puissance\/din-a-mite-a\/\",\"url\":\"https:\/\/www.eurotherm.com\/fr\/products\/controle-de-puissance\/controleurs-de-puissance\/din-a-mite-a\/\",\"name\":\"DIN-A-MITE\u00ae A | Eurotherm Limited\",\"isPartOf\":{\"@id\":\"https:\/\/www.eurotherm.com\/fr\/#website\"},\"primaryImageOfPage\":{\"@id\":\"https:\/\/www.eurotherm.com\/fr\/products\/controle-de-puissance\/controleurs-de-puissance\/din-a-mite-a\/#primaryimage\"},\"image\":{\"@id\":\"https:\/\/www.eurotherm.com\/fr\/products\/controle-de-puissance\/controleurs-de-puissance\/din-a-mite-a\/#primaryimage\"},\"thumbnailUrl\":\"https:\/\/www.eurotherm.com\/wp-content\/uploads\/2022\/11\/ps_din_a_480.png\",\"datePublished\":\"2022-11-02T08:56:34+00:00\",\"dateModified\":\"2023-01-06T14:56:32+00:00\",\"description\":\"DIN-A-MITE\u00ae A | Le r\u00e9gulateur d\u2019alimentation statique compact offre de grandes performances Standard SELECT\u00ae lead times may be temporarily unavailable. Use the Visual Designer\u2122 to view current lead times. Pour plus de d\u00e9tails sur le produit et une liste compl\u00e8te des t\u00e9l\u00e9chargements associ\u00e9s, rendez-vous ici.\",\"breadcrumb\":{\"@id\":\"https:\/\/www.eurotherm.com\/fr\/products\/controle-de-puissance\/controleurs-de-puissance\/din-a-mite-a\/#breadcrumb\"},\"inLanguage\":\"fr-FR\",\"potentialAction\":[{\"@type\":\"ReadAction\",\"target\":[\"https:\/\/www.eurotherm.com\/fr\/products\/controle-de-puissance\/controleurs-de-puissance\/din-a-mite-a\/\"]}]},{\"@type\":\"ImageObject\",\"inLanguage\":\"fr-FR\",\"@id\":\"https:\/\/www.eurotherm.com\/fr\/products\/controle-de-puissance\/controleurs-de-puissance\/din-a-mite-a\/#primaryimage\",\"url\":\"https:\/\/www.eurotherm.com\/wp-content\/uploads\/2022\/11\/ps_din_a_480.png\",\"contentUrl\":\"https:\/\/www.eurotherm.com\/wp-content\/uploads\/2022\/11\/ps_din_a_480.png\",\"width\":480,\"height\":480},{\"@type\":\"BreadcrumbList\",\"@id\":\"https:\/\/www.eurotherm.com\/fr\/products\/controle-de-puissance\/controleurs-de-puissance\/din-a-mite-a\/#breadcrumb\",\"itemListElement\":[{\"@type\":\"ListItem\",\"position\":1,\"name\":\"Home\",\"item\":\"https:\/\/www.eurotherm.com\/fr\/\"},{\"@type\":\"ListItem\",\"position\":2,\"name\":\"Product Catalogue\",\"item\":\"https:\/\/www.eurotherm.com\/fr\/product-catalogue\/\"},{\"@type\":\"ListItem\",\"position\":3,\"name\":\"Contr\u00f4le de puissance\",\"item\":\"https:\/\/www.eurotherm.com\/fr\/eurotherm-products\/controle-de-puissance\/\"},{\"@type\":\"ListItem\",\"position\":4,\"name\":\"Contr\u00f4leurs de puissance\",\"item\":\"https:\/\/www.eurotherm.com\/fr\/eurotherm-products\/controle-de-puissance\/controleurs-de-puissance\/\"},{\"@type\":\"ListItem\",\"position\":5,\"name\":\"DIN-A-MITE\u00ae A\"}]},{\"@type\":\"WebSite\",\"@id\":\"https:\/\/www.eurotherm.com\/fr\/#website\",\"url\":\"https:\/\/www.eurotherm.com\/fr\/\",\"name\":\"Eurotherm Limited\",\"description\":\"Temperature Control, Process Control, Measurement and Data Recording Solutions\",\"potentialAction\":[{\"@type\":\"SearchAction\",\"target\":{\"@type\":\"EntryPoint\",\"urlTemplate\":\"https:\/\/www.eurotherm.com\/fr\/?s={search_term_string}\"},\"query-input\":{\"@type\":\"PropertyValueSpecification\",\"valueRequired\":true,\"valueName\":\"search_term_string\"}}],\"inLanguage\":\"fr-FR\"}]}<\/script>\n<!-- \/ Yoast SEO plugin. -->","yoast_head_json":{"title":"DIN-A-MITE\u00ae A | Eurotherm Limited","description":"DIN-A-MITE\u00ae A | Le r\u00e9gulateur de dispositif de commutation d\u2019alimentation DIN-A-MITE\u00ae A est con\u00e7u et fabriqu\u00e9 avec les caract\u00e9ristiques de qualit\u00e9 attendues de","robots":{"index":"noindex","follow":"nofollow"},"og_locale":"fr_FR","og_type":"article","og_title":"DIN-A-MITE\u00ae A | Eurotherm Limited","og_description":"DIN-A-MITE\u00ae A | Le r\u00e9gulateur d\u2019alimentation statique compact offre de grandes performances Standard SELECT\u00ae lead times may be temporarily unavailable. Use the Visual Designer\u2122 to view current lead times. Pour plus de d\u00e9tails sur le produit et une liste compl\u00e8te des t\u00e9l\u00e9chargements associ\u00e9s, rendez-vous ici.","og_url":"https:\/\/www.eurotherm.com\/fr\/products\/controle-de-puissance\/controleurs-de-puissance\/din-a-mite-a\/","og_site_name":"Eurotherm Limited","article_modified_time":"2023-01-06T14:56:32+00:00","og_image":[{"width":480,"height":480,"url":"https:\/\/www.eurotherm.com\/wp-content\/uploads\/2022\/11\/ps_din_a_480.png","type":"image\/png"}],"twitter_card":"summary_large_image","twitter_misc":{"Dur\u00e9e de lecture estim\u00e9e":"1 minute"},"schema":{"@context":"https:\/\/schema.org","@graph":[{"@type":"WebPage","@id":"https:\/\/www.eurotherm.com\/fr\/products\/controle-de-puissance\/controleurs-de-puissance\/din-a-mite-a\/","url":"https:\/\/www.eurotherm.com\/fr\/products\/controle-de-puissance\/controleurs-de-puissance\/din-a-mite-a\/","name":"DIN-A-MITE\u00ae A | Eurotherm Limited","isPartOf":{"@id":"https:\/\/www.eurotherm.com\/fr\/#website"},"primaryImageOfPage":{"@id":"https:\/\/www.eurotherm.com\/fr\/products\/controle-de-puissance\/controleurs-de-puissance\/din-a-mite-a\/#primaryimage"},"image":{"@id":"https:\/\/www.eurotherm.com\/fr\/products\/controle-de-puissance\/controleurs-de-puissance\/din-a-mite-a\/#primaryimage"},"thumbnailUrl":"https:\/\/www.eurotherm.com\/wp-content\/uploads\/2022\/11\/ps_din_a_480.png","datePublished":"2022-11-02T08:56:34+00:00","dateModified":"2023-01-06T14:56:32+00:00","description":"DIN-A-MITE\u00ae A | Le r\u00e9gulateur d\u2019alimentation statique compact offre de grandes performances Standard SELECT\u00ae lead times may be temporarily unavailable. Use the Visual Designer\u2122 to view current lead times. Pour plus de d\u00e9tails sur le produit et une liste compl\u00e8te des t\u00e9l\u00e9chargements associ\u00e9s, rendez-vous ici.","breadcrumb":{"@id":"https:\/\/www.eurotherm.com\/fr\/products\/controle-de-puissance\/controleurs-de-puissance\/din-a-mite-a\/#breadcrumb"},"inLanguage":"fr-FR","potentialAction":[{"@type":"ReadAction","target":["https:\/\/www.eurotherm.com\/fr\/products\/controle-de-puissance\/controleurs-de-puissance\/din-a-mite-a\/"]}]},{"@type":"ImageObject","inLanguage":"fr-FR","@id":"https:\/\/www.eurotherm.com\/fr\/products\/controle-de-puissance\/controleurs-de-puissance\/din-a-mite-a\/#primaryimage","url":"https:\/\/www.eurotherm.com\/wp-content\/uploads\/2022\/11\/ps_din_a_480.png","contentUrl":"https:\/\/www.eurotherm.com\/wp-content\/uploads\/2022\/11\/ps_din_a_480.png","width":480,"height":480},{"@type":"BreadcrumbList","@id":"https:\/\/www.eurotherm.com\/fr\/products\/controle-de-puissance\/controleurs-de-puissance\/din-a-mite-a\/#breadcrumb","itemListElement":[{"@type":"ListItem","position":1,"name":"Home","item":"https:\/\/www.eurotherm.com\/fr\/"},{"@type":"ListItem","position":2,"name":"Product Catalogue","item":"https:\/\/www.eurotherm.com\/fr\/product-catalogue\/"},{"@type":"ListItem","position":3,"name":"Contr\u00f4le de puissance","item":"https:\/\/www.eurotherm.com\/fr\/eurotherm-products\/controle-de-puissance\/"},{"@type":"ListItem","position":4,"name":"Contr\u00f4leurs de puissance","item":"https:\/\/www.eurotherm.com\/fr\/eurotherm-products\/controle-de-puissance\/controleurs-de-puissance\/"},{"@type":"ListItem","position":5,"name":"DIN-A-MITE\u00ae A"}]},{"@type":"WebSite","@id":"https:\/\/www.eurotherm.com\/fr\/#website","url":"https:\/\/www.eurotherm.com\/fr\/","name":"Eurotherm Limited","description":"Temperature Control, Process Control, Measurement and Data Recording Solutions","potentialAction":[{"@type":"SearchAction","target":{"@type":"EntryPoint","urlTemplate":"https:\/\/www.eurotherm.com\/fr\/?s={search_term_string}"},"query-input":{"@type":"PropertyValueSpecification","valueRequired":true,"valueName":"search_term_string"}}],"inLanguage":"fr-FR"}]}},"ACF":{"product_file":[138398,138399,138400,138790,138791]},"jetpack_sharing_enabled":true,"_links":{"self":[{"href":"https:\/\/www.eurotherm.com\/fr\/wp-json\/wp\/v2\/product\/138487","targetHints":{"allow":["GET"]}}],"collection":[{"href":"https:\/\/www.eurotherm.com\/fr\/wp-json\/wp\/v2\/product"}],"about":[{"href":"https:\/\/www.eurotherm.com\/fr\/wp-json\/wp\/v2\/types\/product"}],"wp:featuredmedia":[{"embeddable":true,"href":"https:\/\/www.eurotherm.com\/fr\/wp-json\/wp\/v2\/media\/138389"}],"wp:attachment":[{"href":"https:\/\/www.eurotherm.com\/fr\/wp-json\/wp\/v2\/media?parent=138487"}],"wp:term":[{"taxonomy":"product_brand","embeddable":true,"href":"https:\/\/www.eurotherm.com\/fr\/wp-json\/wp\/v2\/product_brand?post=138487"},{"taxonomy":"product_cat","embeddable":true,"href":"https:\/\/www.eurotherm.com\/fr\/wp-json\/wp\/v2\/product_cat?post=138487"},{"taxonomy":"product_tag","embeddable":true,"href":"https:\/\/www.eurotherm.com\/fr\/wp-json\/wp\/v2\/product_tag?post=138487"}],"curies":[{"name":"wp","href":"https:\/\/api.w.org\/{rel}","templated":true}]}}