{"id":138471,"date":"2022-11-02T17:00:38","date_gmt":"2022-11-02T09:00:38","guid":{"rendered":"https:\/\/eurothermdev.co.uk\/products\/non%20class\u00e9\/pm-legacy-panel-mount-controller\/"},"modified":"2023-02-07T00:07:27","modified_gmt":"2023-02-06T16:07:27","slug":"pm-legacy-panel-mount-controller","status":"publish","type":"product","link":"https:\/\/www.eurotherm.com\/fr\/products\/regulateur-pid-indicateurs-unites-alarme\/monoboucles\/pm-legacy-panel-mount-controller\/","title":{"rendered":"R\u00e9gulateur PM LEGACY\u2122 \u00e0 montage sur panneau"},"content":{"rendered":"<p>Le r\u00e9gulateur \u00e0 montage sur panneau de la S\u00c9RIE LEGACY de Watlow\u00ae est un r\u00e9gulateur PID de pointe qui permet des performances optimales en utilisant des fonctionnalit\u00e9s de r\u00e9gulation et de menu simples sans caract\u00e9ristiques complexes. Il convient parfaitement aux applications de base et aux niveaux d\u2019utilisation. Le LEGACY comprend une entr\u00e9e universelle et une option pour jusqu\u2019\u00e0 deux sorties et est disponible en bo\u00eetiers de montage sur panneau DIN 1\/16\u00a0et DIN 1\/32. Il peut \u00eatre command\u00e9 en tant que r\u00e9gulateur de process PID ou en tant que r\u00e9gulateur de limite de surtemp\u00e9rature et de sous-temp\u00e9rature d\u00e9di\u00e9.<\/p>\n<p>Pour plus de d\u00e9tails sur le produit et une liste compl\u00e8te des t\u00e9l\u00e9chargements associ\u00e9s, rendez-vous <a href=\"https:\/\/www.watlow.com\/fr-fr\/products\/controllers\/temperature-and-process-controllers\/pm-legacy\" target=\"_blank\" rel=\"noopener\">ici<\/a>.<\/p>\n","protected":false},"excerpt":{"rendered":"<p>Un r\u00e9gulateur PID de pointe qui permet des performances optimales en utilisant des fonctionnalit\u00e9s de r\u00e9gulation et de menu simples sans caract\u00e9ristiques complexes. Il convient parfaitement aux applications de base et aux niveaux d\u2019utilisation.<\/p>\n<p>&nbsp;<\/p>\n","protected":false},"featured_media":138139,"template":"","meta":{"_acf_changed":false},"product_brand":[],"product_cat":[12196,17710],"product_tag":[],"class_list":{"0":"post-138471","1":"product","2":"type-product","3":"status-publish","4":"has-post-thumbnail","6":"product_cat-monoboucles","7":"product_cat-watlow-featured-products-and-software-fr","9":"first","10":"instock","11":"shipping-taxable","12":"product-type-simple"},"acf":[],"yoast_head":"<!-- This site is optimized with the Yoast SEO plugin v27.2 - https:\/\/yoast.com\/product\/yoast-seo-wordpress\/ -->\n<title>R\u00e9gulateur PM LEGACY\u2122 \u00e0 montage sur panneau | Eurotherm Limited<\/title>\n<meta name=\"description\" content=\"R\u00e9gulateur PM LEGACY\u2122 \u00e0 montage sur panneau | Le r\u00e9gulateur \u00e0 montage sur panneau de la S\u00c9RIE LEGACY de Watlow\u00ae est un r\u00e9gulateur PID de pointe qui permet des p\" \/>\n<meta name=\"robots\" content=\"noindex, nofollow\" \/>\n<meta property=\"og:locale\" content=\"fr_FR\" \/>\n<meta property=\"og:type\" content=\"article\" \/>\n<meta property=\"og:title\" content=\"R\u00e9gulateur PM LEGACY\u2122 \u00e0 montage sur panneau | Eurotherm Limited\" \/>\n<meta property=\"og:description\" content=\"R\u00e9gulateur PM LEGACY\u2122 \u00e0 montage sur panneau | Un r\u00e9gulateur PID de pointe qui permet des performances optimales en utilisant des fonctionnalit\u00e9s de r\u00e9gulation et de menu simples sans caract\u00e9ristiques complexes. Il convient parfaitement aux applications de base et aux niveaux d\u2019utilisation.  &nbsp;\" \/>\n<meta property=\"og:url\" content=\"https:\/\/www.eurotherm.com\/fr\/products\/regulateur-pid-indicateurs-unites-alarme\/monoboucles\/pm-legacy-panel-mount-controller\/\" \/>\n<meta property=\"og:site_name\" content=\"Eurotherm Limited\" \/>\n<meta property=\"article:modified_time\" content=\"2023-02-06T16:07:27+00:00\" \/>\n<meta property=\"og:image\" content=\"https:\/\/www.eurotherm.com\/wp-content\/uploads\/2022\/11\/PM-LEGACY-6-limit_rt-face_1951.png\" \/>\n\t<meta property=\"og:image:width\" content=\"500\" \/>\n\t<meta property=\"og:image:height\" content=\"432\" \/>\n\t<meta property=\"og:image:type\" content=\"image\/png\" \/>\n<meta name=\"twitter:card\" content=\"summary_large_image\" \/>\n<meta name=\"twitter:label1\" content=\"Dur\u00e9e de lecture estim\u00e9e\" \/>\n\t<meta name=\"twitter:data1\" content=\"1 minute\" \/>\n<script type=\"application\/ld+json\" class=\"yoast-schema-graph\">{\"@context\":\"https:\/\/schema.org\",\"@graph\":[{\"@type\":\"WebPage\",\"@id\":\"https:\/\/www.eurotherm.com\/fr\/products\/regulateur-pid-indicateurs-unites-alarme\/monoboucles\/pm-legacy-panel-mount-controller\/\",\"url\":\"https:\/\/www.eurotherm.com\/fr\/products\/regulateur-pid-indicateurs-unites-alarme\/monoboucles\/pm-legacy-panel-mount-controller\/\",\"name\":\"R\u00e9gulateur PM LEGACY\u2122 \u00e0 montage sur panneau | Eurotherm Limited\",\"isPartOf\":{\"@id\":\"https:\/\/www.eurotherm.com\/fr\/#website\"},\"primaryImageOfPage\":{\"@id\":\"https:\/\/www.eurotherm.com\/fr\/products\/regulateur-pid-indicateurs-unites-alarme\/monoboucles\/pm-legacy-panel-mount-controller\/#primaryimage\"},\"image\":{\"@id\":\"https:\/\/www.eurotherm.com\/fr\/products\/regulateur-pid-indicateurs-unites-alarme\/monoboucles\/pm-legacy-panel-mount-controller\/#primaryimage\"},\"thumbnailUrl\":\"https:\/\/www.eurotherm.com\/wp-content\/uploads\/2022\/11\/PM-LEGACY-6-limit_rt-face_1951.png\",\"datePublished\":\"2022-11-02T09:00:38+00:00\",\"dateModified\":\"2023-02-06T16:07:27+00:00\",\"description\":\"R\u00e9gulateur PM LEGACY\u2122 \u00e0 montage sur panneau | Un r\u00e9gulateur PID de pointe qui permet des performances optimales en utilisant des fonctionnalit\u00e9s de r\u00e9gulation et de menu simples sans caract\u00e9ristiques complexes. Il convient parfaitement aux applications de base et aux niveaux d\u2019utilisation. &nbsp;\",\"breadcrumb\":{\"@id\":\"https:\/\/www.eurotherm.com\/fr\/products\/regulateur-pid-indicateurs-unites-alarme\/monoboucles\/pm-legacy-panel-mount-controller\/#breadcrumb\"},\"inLanguage\":\"fr-FR\",\"potentialAction\":[{\"@type\":\"ReadAction\",\"target\":[\"https:\/\/www.eurotherm.com\/fr\/products\/regulateur-pid-indicateurs-unites-alarme\/monoboucles\/pm-legacy-panel-mount-controller\/\"]}]},{\"@type\":\"ImageObject\",\"inLanguage\":\"fr-FR\",\"@id\":\"https:\/\/www.eurotherm.com\/fr\/products\/regulateur-pid-indicateurs-unites-alarme\/monoboucles\/pm-legacy-panel-mount-controller\/#primaryimage\",\"url\":\"https:\/\/www.eurotherm.com\/wp-content\/uploads\/2022\/11\/PM-LEGACY-6-limit_rt-face_1951.png\",\"contentUrl\":\"https:\/\/www.eurotherm.com\/wp-content\/uploads\/2022\/11\/PM-LEGACY-6-limit_rt-face_1951.png\",\"width\":500,\"height\":432},{\"@type\":\"BreadcrumbList\",\"@id\":\"https:\/\/www.eurotherm.com\/fr\/products\/regulateur-pid-indicateurs-unites-alarme\/monoboucles\/pm-legacy-panel-mount-controller\/#breadcrumb\",\"itemListElement\":[{\"@type\":\"ListItem\",\"position\":1,\"name\":\"Home\",\"item\":\"https:\/\/www.eurotherm.com\/fr\/\"},{\"@type\":\"ListItem\",\"position\":2,\"name\":\"Product Catalogue\",\"item\":\"https:\/\/www.eurotherm.com\/fr\/product-catalogue\/\"},{\"@type\":\"ListItem\",\"position\":3,\"name\":\"R\u00e9gulateurs PID, indicateurs et unit\u00e9s d\u2019alarme\",\"item\":\"https:\/\/www.eurotherm.com\/fr\/eurotherm-products\/regulateur-pid-indicateurs-unites-alarme\/\"},{\"@type\":\"ListItem\",\"position\":4,\"name\":\"R\u00e9gulateurs monoboucles\",\"item\":\"https:\/\/www.eurotherm.com\/fr\/eurotherm-products\/regulateur-pid-indicateurs-unites-alarme\/monoboucles\/\"},{\"@type\":\"ListItem\",\"position\":5,\"name\":\"R\u00e9gulateur PM LEGACY\u2122 \u00e0 montage sur panneau\"}]},{\"@type\":\"WebSite\",\"@id\":\"https:\/\/www.eurotherm.com\/fr\/#website\",\"url\":\"https:\/\/www.eurotherm.com\/fr\/\",\"name\":\"Eurotherm Limited\",\"description\":\"Temperature Control, Process Control, Measurement and Data Recording Solutions\",\"potentialAction\":[{\"@type\":\"SearchAction\",\"target\":{\"@type\":\"EntryPoint\",\"urlTemplate\":\"https:\/\/www.eurotherm.com\/fr\/?s={search_term_string}\"},\"query-input\":{\"@type\":\"PropertyValueSpecification\",\"valueRequired\":true,\"valueName\":\"search_term_string\"}}],\"inLanguage\":\"fr-FR\"}]}<\/script>\n<!-- \/ Yoast SEO plugin. -->","yoast_head_json":{"title":"R\u00e9gulateur PM LEGACY\u2122 \u00e0 montage sur panneau | Eurotherm Limited","description":"R\u00e9gulateur PM LEGACY\u2122 \u00e0 montage sur panneau | Le r\u00e9gulateur \u00e0 montage sur panneau de la S\u00c9RIE LEGACY de Watlow\u00ae est un r\u00e9gulateur PID de pointe qui permet des p","robots":{"index":"noindex","follow":"nofollow"},"og_locale":"fr_FR","og_type":"article","og_title":"R\u00e9gulateur PM LEGACY\u2122 \u00e0 montage sur panneau | Eurotherm Limited","og_description":"R\u00e9gulateur PM LEGACY\u2122 \u00e0 montage sur panneau | Un r\u00e9gulateur PID de pointe qui permet des performances optimales en utilisant des fonctionnalit\u00e9s de r\u00e9gulation et de menu simples sans caract\u00e9ristiques complexes. Il convient parfaitement aux applications de base et aux niveaux d\u2019utilisation.  &nbsp;","og_url":"https:\/\/www.eurotherm.com\/fr\/products\/regulateur-pid-indicateurs-unites-alarme\/monoboucles\/pm-legacy-panel-mount-controller\/","og_site_name":"Eurotherm Limited","article_modified_time":"2023-02-06T16:07:27+00:00","og_image":[{"width":500,"height":432,"url":"https:\/\/www.eurotherm.com\/wp-content\/uploads\/2022\/11\/PM-LEGACY-6-limit_rt-face_1951.png","type":"image\/png"}],"twitter_card":"summary_large_image","twitter_misc":{"Dur\u00e9e de lecture estim\u00e9e":"1 minute"},"schema":{"@context":"https:\/\/schema.org","@graph":[{"@type":"WebPage","@id":"https:\/\/www.eurotherm.com\/fr\/products\/regulateur-pid-indicateurs-unites-alarme\/monoboucles\/pm-legacy-panel-mount-controller\/","url":"https:\/\/www.eurotherm.com\/fr\/products\/regulateur-pid-indicateurs-unites-alarme\/monoboucles\/pm-legacy-panel-mount-controller\/","name":"R\u00e9gulateur PM LEGACY\u2122 \u00e0 montage sur panneau | Eurotherm Limited","isPartOf":{"@id":"https:\/\/www.eurotherm.com\/fr\/#website"},"primaryImageOfPage":{"@id":"https:\/\/www.eurotherm.com\/fr\/products\/regulateur-pid-indicateurs-unites-alarme\/monoboucles\/pm-legacy-panel-mount-controller\/#primaryimage"},"image":{"@id":"https:\/\/www.eurotherm.com\/fr\/products\/regulateur-pid-indicateurs-unites-alarme\/monoboucles\/pm-legacy-panel-mount-controller\/#primaryimage"},"thumbnailUrl":"https:\/\/www.eurotherm.com\/wp-content\/uploads\/2022\/11\/PM-LEGACY-6-limit_rt-face_1951.png","datePublished":"2022-11-02T09:00:38+00:00","dateModified":"2023-02-06T16:07:27+00:00","description":"R\u00e9gulateur PM LEGACY\u2122 \u00e0 montage sur panneau | Un r\u00e9gulateur PID de pointe qui permet des performances optimales en utilisant des fonctionnalit\u00e9s de r\u00e9gulation et de menu simples sans caract\u00e9ristiques complexes. Il convient parfaitement aux applications de base et aux niveaux d\u2019utilisation. &nbsp;","breadcrumb":{"@id":"https:\/\/www.eurotherm.com\/fr\/products\/regulateur-pid-indicateurs-unites-alarme\/monoboucles\/pm-legacy-panel-mount-controller\/#breadcrumb"},"inLanguage":"fr-FR","potentialAction":[{"@type":"ReadAction","target":["https:\/\/www.eurotherm.com\/fr\/products\/regulateur-pid-indicateurs-unites-alarme\/monoboucles\/pm-legacy-panel-mount-controller\/"]}]},{"@type":"ImageObject","inLanguage":"fr-FR","@id":"https:\/\/www.eurotherm.com\/fr\/products\/regulateur-pid-indicateurs-unites-alarme\/monoboucles\/pm-legacy-panel-mount-controller\/#primaryimage","url":"https:\/\/www.eurotherm.com\/wp-content\/uploads\/2022\/11\/PM-LEGACY-6-limit_rt-face_1951.png","contentUrl":"https:\/\/www.eurotherm.com\/wp-content\/uploads\/2022\/11\/PM-LEGACY-6-limit_rt-face_1951.png","width":500,"height":432},{"@type":"BreadcrumbList","@id":"https:\/\/www.eurotherm.com\/fr\/products\/regulateur-pid-indicateurs-unites-alarme\/monoboucles\/pm-legacy-panel-mount-controller\/#breadcrumb","itemListElement":[{"@type":"ListItem","position":1,"name":"Home","item":"https:\/\/www.eurotherm.com\/fr\/"},{"@type":"ListItem","position":2,"name":"Product Catalogue","item":"https:\/\/www.eurotherm.com\/fr\/product-catalogue\/"},{"@type":"ListItem","position":3,"name":"R\u00e9gulateurs PID, indicateurs et unit\u00e9s d\u2019alarme","item":"https:\/\/www.eurotherm.com\/fr\/eurotherm-products\/regulateur-pid-indicateurs-unites-alarme\/"},{"@type":"ListItem","position":4,"name":"R\u00e9gulateurs monoboucles","item":"https:\/\/www.eurotherm.com\/fr\/eurotherm-products\/regulateur-pid-indicateurs-unites-alarme\/monoboucles\/"},{"@type":"ListItem","position":5,"name":"R\u00e9gulateur PM LEGACY\u2122 \u00e0 montage sur panneau"}]},{"@type":"WebSite","@id":"https:\/\/www.eurotherm.com\/fr\/#website","url":"https:\/\/www.eurotherm.com\/fr\/","name":"Eurotherm Limited","description":"Temperature Control, Process Control, Measurement and Data Recording Solutions","potentialAction":[{"@type":"SearchAction","target":{"@type":"EntryPoint","urlTemplate":"https:\/\/www.eurotherm.com\/fr\/?s={search_term_string}"},"query-input":{"@type":"PropertyValueSpecification","valueRequired":true,"valueName":"search_term_string"}}],"inLanguage":"fr-FR"}]}},"ACF":{"product_file":[138190,138191,138192]},"jetpack_sharing_enabled":true,"_links":{"self":[{"href":"https:\/\/www.eurotherm.com\/fr\/wp-json\/wp\/v2\/product\/138471","targetHints":{"allow":["GET"]}}],"collection":[{"href":"https:\/\/www.eurotherm.com\/fr\/wp-json\/wp\/v2\/product"}],"about":[{"href":"https:\/\/www.eurotherm.com\/fr\/wp-json\/wp\/v2\/types\/product"}],"wp:featuredmedia":[{"embeddable":true,"href":"https:\/\/www.eurotherm.com\/fr\/wp-json\/wp\/v2\/media\/138139"}],"wp:attachment":[{"href":"https:\/\/www.eurotherm.com\/fr\/wp-json\/wp\/v2\/media?parent=138471"}],"wp:term":[{"taxonomy":"product_brand","embeddable":true,"href":"https:\/\/www.eurotherm.com\/fr\/wp-json\/wp\/v2\/product_brand?post=138471"},{"taxonomy":"product_cat","embeddable":true,"href":"https:\/\/www.eurotherm.com\/fr\/wp-json\/wp\/v2\/product_cat?post=138471"},{"taxonomy":"product_tag","embeddable":true,"href":"https:\/\/www.eurotherm.com\/fr\/wp-json\/wp\/v2\/product_tag?post=138471"}],"curies":[{"name":"wp","href":"https:\/\/api.w.org\/{rel}","templated":true}]}}