{"id":126652,"date":"2022-03-09T22:33:24","date_gmt":"2022-03-09T14:33:24","guid":{"rendered":"https:\/\/eurothermdev.co.uk\/?post_type=product&#038;p=126652"},"modified":"2022-03-09T22:33:24","modified_gmt":"2022-03-09T14:33:24","slug":"thermocouples","status":"publish","type":"product","link":"https:\/\/www.eurotherm.com\/fr\/products\/produits\/thermocouples\/","title":{"rendered":"Thermocouples"},"content":{"rendered":"<ul>\n<li>Canne pyrom\u00e9trique pour les fours \u00e0 hautes temp\u00e9ratures jusqu&rsquo;\u00e0 1250\u00b0C<\/li>\n<li>Canne pyrom\u00e9trique adapt\u00e9e \u00e0 l\u2019incin\u00e9ration<\/li>\n<li>Thermocouple flexible de -60\u00b0C \u00e0 350\u00b0C<\/li>\n<li>Thermocouple pour environnement difficile -100\u00b0C \u00e0 +800\u00b0C<\/li>\n<li>Thermocouple standard de -60\u00b0C \u00e0 350\u00b0C<\/li>\n<li>Thermocouple \u00e0 isolant min\u00e9ral de -100\u00b0C \u00e0 1250\u00b0C<\/li>\n<\/ul>\n","protected":false},"excerpt":{"rendered":"<p>Canne pyrom\u00e9trique pour les fours \u00e0 hautes temp\u00e9ratures jusqu&rsquo;\u00e0 1250\u00b0C Canne pyrom\u00e9trique adapt\u00e9e \u00e0 l\u2019incin\u00e9ration Thermocouple flexible de -60\u00b0C \u00e0 [&hellip;]<\/p>\n","protected":false},"featured_media":0,"template":"","meta":{"_acf_changed":false},"product_brand":[],"product_cat":[1110],"product_tag":[],"class_list":{"0":"post-126652","1":"product","2":"type-product","3":"status-publish","5":"product_cat-produits","7":"first","8":"instock","9":"shipping-taxable","10":"product-type-simple"},"acf":[],"yoast_head":"<!-- This site is optimized with the Yoast SEO plugin v27.2 - https:\/\/yoast.com\/product\/yoast-seo-wordpress\/ -->\n<title>Thermocouples | Eurotherm Limited<\/title>\n<meta name=\"description\" content=\"Thermocouples | Canne pyrom\u00e9trique pour les fours \u00e0 hautes temp\u00e9ratures jusqu&#039;\u00e0 1250\u00b0C Canne pyrom\u00e9trique adapt\u00e9e \u00e0 l\u2019incin\u00e9ration\" \/>\n<meta name=\"robots\" content=\"index, follow, max-snippet:-1, max-image-preview:large, max-video-preview:-1\" \/>\n<meta property=\"og:locale\" content=\"fr_FR\" \/>\n<meta property=\"og:type\" content=\"article\" \/>\n<meta property=\"og:title\" content=\"Thermocouples | Eurotherm Limited\" \/>\n<meta property=\"og:description\" content=\"Thermocouples | Canne pyrom\u00e9trique pour les fours \u00e0 hautes temp\u00e9ratures jusqu&#039;\u00e0 1250\u00b0C Canne pyrom\u00e9trique adapt\u00e9e \u00e0 l\u2019incin\u00e9ration Thermocouple flexible de -60\u00b0C \u00e0 350\u00b0C\" \/>\n<meta property=\"og:url\" content=\"https:\/\/www.eurotherm.com\/fr\/products\/produits\/thermocouples\/\" \/>\n<meta property=\"og:site_name\" content=\"Eurotherm Limited\" \/>\n<meta name=\"twitter:card\" content=\"summary_large_image\" \/>\n<meta name=\"twitter:label1\" content=\"Dur\u00e9e de lecture estim\u00e9e\" \/>\n\t<meta name=\"twitter:data1\" content=\"1 minute\" \/>\n<script type=\"application\/ld+json\" class=\"yoast-schema-graph\">{\"@context\":\"https:\/\/schema.org\",\"@graph\":[{\"@type\":\"WebPage\",\"@id\":\"https:\/\/www.eurotherm.com\/fr\/products\/produits\/thermocouples\/\",\"url\":\"https:\/\/www.eurotherm.com\/fr\/products\/produits\/thermocouples\/\",\"name\":\"Thermocouples | Eurotherm Limited\",\"isPartOf\":{\"@id\":\"https:\/\/www.eurotherm.com\/fr\/#website\"},\"datePublished\":\"2022-03-09T14:33:24+00:00\",\"description\":\"Thermocouples | Canne pyrom\u00e9trique pour les fours \u00e0 hautes temp\u00e9ratures jusqu'\u00e0 1250\u00b0C Canne pyrom\u00e9trique adapt\u00e9e \u00e0 l\u2019incin\u00e9ration Thermocouple flexible de -60\u00b0C \u00e0 350\u00b0C\",\"breadcrumb\":{\"@id\":\"https:\/\/www.eurotherm.com\/fr\/products\/produits\/thermocouples\/#breadcrumb\"},\"inLanguage\":\"fr-FR\",\"potentialAction\":[{\"@type\":\"ReadAction\",\"target\":[\"https:\/\/www.eurotherm.com\/fr\/products\/produits\/thermocouples\/\"]}]},{\"@type\":\"BreadcrumbList\",\"@id\":\"https:\/\/www.eurotherm.com\/fr\/products\/produits\/thermocouples\/#breadcrumb\",\"itemListElement\":[{\"@type\":\"ListItem\",\"position\":1,\"name\":\"Home\",\"item\":\"https:\/\/www.eurotherm.com\/fr\/\"},{\"@type\":\"ListItem\",\"position\":2,\"name\":\"Product Catalogue\",\"item\":\"https:\/\/www.eurotherm.com\/fr\/product-catalogue\/\"},{\"@type\":\"ListItem\",\"position\":3,\"name\":\"Produits\",\"item\":\"https:\/\/www.eurotherm.com\/fr\/eurotherm-products\/produits\/\"},{\"@type\":\"ListItem\",\"position\":4,\"name\":\"Thermocouples\"}]},{\"@type\":\"WebSite\",\"@id\":\"https:\/\/www.eurotherm.com\/fr\/#website\",\"url\":\"https:\/\/www.eurotherm.com\/fr\/\",\"name\":\"Eurotherm Limited\",\"description\":\"Temperature Control, Process Control, Measurement and Data Recording Solutions\",\"potentialAction\":[{\"@type\":\"SearchAction\",\"target\":{\"@type\":\"EntryPoint\",\"urlTemplate\":\"https:\/\/www.eurotherm.com\/fr\/?s={search_term_string}\"},\"query-input\":{\"@type\":\"PropertyValueSpecification\",\"valueRequired\":true,\"valueName\":\"search_term_string\"}}],\"inLanguage\":\"fr-FR\"}]}<\/script>\n<!-- \/ Yoast SEO plugin. -->","yoast_head_json":{"title":"Thermocouples | Eurotherm Limited","description":"Thermocouples | Canne pyrom\u00e9trique pour les fours \u00e0 hautes temp\u00e9ratures jusqu'\u00e0 1250\u00b0C Canne pyrom\u00e9trique adapt\u00e9e \u00e0 l\u2019incin\u00e9ration","robots":{"index":"index","follow":"follow","max-snippet":"max-snippet:-1","max-image-preview":"max-image-preview:large","max-video-preview":"max-video-preview:-1"},"og_locale":"fr_FR","og_type":"article","og_title":"Thermocouples | Eurotherm Limited","og_description":"Thermocouples | Canne pyrom\u00e9trique pour les fours \u00e0 hautes temp\u00e9ratures jusqu'\u00e0 1250\u00b0C Canne pyrom\u00e9trique adapt\u00e9e \u00e0 l\u2019incin\u00e9ration Thermocouple flexible de -60\u00b0C \u00e0 350\u00b0C","og_url":"https:\/\/www.eurotherm.com\/fr\/products\/produits\/thermocouples\/","og_site_name":"Eurotherm Limited","twitter_card":"summary_large_image","twitter_misc":{"Dur\u00e9e de lecture estim\u00e9e":"1 minute"},"schema":{"@context":"https:\/\/schema.org","@graph":[{"@type":"WebPage","@id":"https:\/\/www.eurotherm.com\/fr\/products\/produits\/thermocouples\/","url":"https:\/\/www.eurotherm.com\/fr\/products\/produits\/thermocouples\/","name":"Thermocouples | Eurotherm Limited","isPartOf":{"@id":"https:\/\/www.eurotherm.com\/fr\/#website"},"datePublished":"2022-03-09T14:33:24+00:00","description":"Thermocouples | Canne pyrom\u00e9trique pour les fours \u00e0 hautes temp\u00e9ratures jusqu'\u00e0 1250\u00b0C Canne pyrom\u00e9trique adapt\u00e9e \u00e0 l\u2019incin\u00e9ration Thermocouple flexible de -60\u00b0C \u00e0 350\u00b0C","breadcrumb":{"@id":"https:\/\/www.eurotherm.com\/fr\/products\/produits\/thermocouples\/#breadcrumb"},"inLanguage":"fr-FR","potentialAction":[{"@type":"ReadAction","target":["https:\/\/www.eurotherm.com\/fr\/products\/produits\/thermocouples\/"]}]},{"@type":"BreadcrumbList","@id":"https:\/\/www.eurotherm.com\/fr\/products\/produits\/thermocouples\/#breadcrumb","itemListElement":[{"@type":"ListItem","position":1,"name":"Home","item":"https:\/\/www.eurotherm.com\/fr\/"},{"@type":"ListItem","position":2,"name":"Product Catalogue","item":"https:\/\/www.eurotherm.com\/fr\/product-catalogue\/"},{"@type":"ListItem","position":3,"name":"Produits","item":"https:\/\/www.eurotherm.com\/fr\/eurotherm-products\/produits\/"},{"@type":"ListItem","position":4,"name":"Thermocouples"}]},{"@type":"WebSite","@id":"https:\/\/www.eurotherm.com\/fr\/#website","url":"https:\/\/www.eurotherm.com\/fr\/","name":"Eurotherm Limited","description":"Temperature Control, Process Control, Measurement and Data Recording Solutions","potentialAction":[{"@type":"SearchAction","target":{"@type":"EntryPoint","urlTemplate":"https:\/\/www.eurotherm.com\/fr\/?s={search_term_string}"},"query-input":{"@type":"PropertyValueSpecification","valueRequired":true,"valueName":"search_term_string"}}],"inLanguage":"fr-FR"}]}},"ACF":false,"jetpack_sharing_enabled":true,"_links":{"self":[{"href":"https:\/\/www.eurotherm.com\/fr\/wp-json\/wp\/v2\/product\/126652","targetHints":{"allow":["GET"]}}],"collection":[{"href":"https:\/\/www.eurotherm.com\/fr\/wp-json\/wp\/v2\/product"}],"about":[{"href":"https:\/\/www.eurotherm.com\/fr\/wp-json\/wp\/v2\/types\/product"}],"wp:attachment":[{"href":"https:\/\/www.eurotherm.com\/fr\/wp-json\/wp\/v2\/media?parent=126652"}],"wp:term":[{"taxonomy":"product_brand","embeddable":true,"href":"https:\/\/www.eurotherm.com\/fr\/wp-json\/wp\/v2\/product_brand?post=126652"},{"taxonomy":"product_cat","embeddable":true,"href":"https:\/\/www.eurotherm.com\/fr\/wp-json\/wp\/v2\/product_cat?post=126652"},{"taxonomy":"product_tag","embeddable":true,"href":"https:\/\/www.eurotherm.com\/fr\/wp-json\/wp\/v2\/product_tag?post=126652"}],"curies":[{"name":"wp","href":"https:\/\/api.w.org\/{rel}","templated":true}]}}