{"id":125216,"date":"2018-10-15T08:52:45","date_gmt":"2018-10-15T08:52:45","guid":{"rendered":"https:\/\/eurothermdev.co.uk\/products\/non%20class\u00e9\/omni-series\/"},"modified":"2024-04-05T04:36:51","modified_gmt":"2024-04-04T20:36:51","slug":"omni-series","status":"publish","type":"product","link":"https:\/\/www.eurotherm.com\/fr\/products\/produits\/omni-series\/","title":{"rendered":"Omni"},"content":{"rendered":"<h2>Isolation<\/h2>\n<div id=\"tw-container\" data-cp=\"1\" data-is-ver=\"false\" data-nnttsvi=\"1\" data-sm=\"1\" data-sugg-time=\"500\" data-sugg-url=\"https:\/\/clients1.google.com\/complete\/search\" data-uilc=\"fr\">\n<div id=\"tw-ob\" class=\"tw-src-ltr\">\n<div class=\"oSioSc\">\n<div id=\"tw-target\">\n<div id=\"kAz1tf\" class=\"g9WsWb\">\n<div id=\"tw-target-text-container\" class=\"tw-ta-container F0azHf tw-nfl\" tabindex=\"0\">\n<p id=\"tw-target-text\" class=\"tw-data-text tw-text-large tw-ta\" dir=\"ltr\" data-placeholder=\"Traduction\"><span class=\"Y2IQFc\" lang=\"fr\">Une boucle de masse peut se produire si plus d&rsquo;une connexion de masse est \u00e9tablie avec un seul signal de commande. \u00c9tant donn\u00e9 que les masses sont rarement au m\u00eame potentiel, un courant ind\u00e9sirable sera g\u00e9n\u00e9r\u00e9 et interf\u00e9rera avec le signal de commande. Les isolateurs de signal coupent le chemin du courant de boucle de terre et maintiennent l&rsquo;int\u00e9grit\u00e9 de la mesure.<\/span><\/p>\n<\/div>\n<\/div>\n<\/div>\n<\/div>\n<\/div>\n<\/div>\n<h2>Filtrage du bruit<\/h2>\n<div id=\"tw-container\" data-cp=\"1\" data-is-ver=\"false\" data-nnttsvi=\"1\" data-sm=\"1\" data-sugg-time=\"500\" data-sugg-url=\"https:\/\/clients1.google.com\/complete\/search\" data-uilc=\"fr\">\n<div id=\"tw-ob\" class=\"tw-src-ltr\">\n<div class=\"oSioSc\">\n<div id=\"tw-target\">\n<div id=\"kAz1tf\" class=\"g9WsWb\">\n<div id=\"tw-target-text-container\" class=\"tw-ta-container F0azHf tw-nfl\" tabindex=\"0\">\n<p id=\"tw-target-text\" class=\"tw-data-text tw-text-large tw-ta\" dir=\"ltr\" data-placeholder=\"Traduction\"><span class=\"Y2IQFc\" lang=\"fr\">Les isolateurs int\u00e8grent des filtres passe bas qui \u00e9liminent les EMI\/RFI haute fr\u00e9quence et les signaux ind\u00e9sirables des lignes \u00e9lectriques, des g\u00e9n\u00e9rateurs et des moteurs.<\/span><\/p>\n<\/div>\n<\/div>\n<\/div>\n<\/div>\n<\/div>\n<\/div>\n<h2>Lin\u00e9arisation<\/h2>\n<div id=\"tw-container\" data-cp=\"1\" data-is-ver=\"false\" data-nnttsvi=\"1\" data-sm=\"1\" data-sugg-time=\"500\" data-sugg-url=\"https:\/\/clients1.google.com\/complete\/search\" data-uilc=\"fr\">\n<div id=\"tw-ob\" class=\"tw-src-ltr\">\n<div class=\"oSioSc\">\n<div id=\"tw-target\">\n<div id=\"kAz1tf\" class=\"g9WsWb\">\n<div id=\"tw-target-text-container\" class=\"tw-ta-container F0azHf tw-nfl\" tabindex=\"0\">\n<p id=\"tw-target-text\" class=\"tw-data-text tw-text-large tw-ta\" dir=\"ltr\" data-placeholder=\"Traduction\"><span class=\"Y2IQFc\" lang=\"fr\">De nombreux capteurs \u00e9mettent un signal qui n&rsquo;est pas lin\u00e9airement li\u00e9 \u00e0 la valeur technique mesur\u00e9e. Par exemple, un thermocouple utilis\u00e9 pour mesurer la temp\u00e9rature a une sortie en millivolts non lin\u00e9aire. Un isolateur de signal d&rsquo;entr\u00e9e de thermocouple traduit cela en un signal lin\u00e9aire robuste standard tel que 4 \u00e0 20 MA.<\/span><\/p>\n<\/div>\n<\/div>\n<\/div>\n<\/div>\n<\/div>\n<\/div>\n<h2>Conversion de signal<\/h2>\n<div id=\"tw-container\" data-cp=\"1\" data-is-ver=\"false\" data-nnttsvi=\"1\" data-sm=\"1\" data-sugg-time=\"500\" data-sugg-url=\"https:\/\/clients1.google.com\/complete\/search\" data-uilc=\"fr\">\n<div id=\"tw-ob\" class=\"tw-src-ltr\">\n<div class=\"oSioSc\">\n<div id=\"tw-target\">\n<div id=\"kAz1tf\" class=\"g9WsWb\">\n<div id=\"tw-target-text-container\" class=\"tw-ta-container F0azHf tw-nfl\" tabindex=\"0\">\n<p id=\"tw-target-text\" class=\"tw-data-text tw-text-large tw-ta\" dir=\"ltr\" data-placeholder=\"Traduction\"><span class=\"Y2IQFc\" lang=\"fr\">Les applications industrielles utilisent un large \u00e9ventail de capteurs pour mesurer la temp\u00e9rature, le d\u00e9bit, la longueur, la vitesse, etc. Ces signaux peuvent ensuite devoir \u00eatre convertis en une forme utilisable par l&rsquo;instrumentation \u00e0 laquelle ils sont connect\u00e9s. Tout signal de capteur (thermocouple, RTD, tension continue, courant continu) peut \u00eatre converti en n&rsquo;importe quel signal de process standard.<\/span><\/p>\n<\/div>\n<\/div>\n<\/div>\n<\/div>\n<\/div>\n<\/div>\n<h2>Produits Omni<\/h2>\n<h3>Convertisseur isol\u00e9 OmniSLIM SL408<\/h3>\n<ul>\n<li><span class=\"Y2IQFc\" lang=\"fr\">Isolation et conversion des signaux CC standards<\/span><\/li>\n<li><span class=\"Y2IQFc\" lang=\"fr\">Bo\u00eetier Slimline de 6 mm<\/span><\/li>\n<li><span class=\"Y2IQFc\" lang=\"fr\">Alimentation et isolateur de signal pour transmetteur 2 fils<\/span><\/li>\n<li><span class=\"Y2IQFc\" lang=\"fr\">Alimentation de boucle &gt;17 V <\/span><\/li>\n<li><span class=\"Y2IQFc\" lang=\"fr\">Commutateur DIP configur\u00e9<\/span><\/li>\n<\/ul>\n<h3>Convertisseur isol\u00e9 bi-polaire OmniSLIM SL408-B<\/h3>\n<ul>\n<li>Conversion de signaux de tension et de courant de proc\u00e9d\u00e9s bipolaires en signaux unipolaires<\/li>\n<li>Plusieurs plages de signaux s\u00e9lectionnables via des commutateurs DIP<\/li>\n<li>Temps de r\u00e9ponse rapide &lt; 7 ms et stabilit\u00e9 \u00e9lev\u00e9e de la charge de sortie<\/li>\n<li>Excellente pr\u00e9cision, meilleure que 0,05 % de la plage s\u00e9lectionn\u00e9e<\/li>\n<li>Bo\u00eetier fin de 6 mm<\/li>\n<\/ul>\n<h3>Isolateur aliment\u00e9 par boucle OmniSLIM SL500<\/h3>\n<ul>\n<li>Isolateur aliment\u00e9 par boucle d&rsquo;entr\u00e9e \u00e0 1 ou 2 canaux<\/li>\n<li>Signal 1:1 plage fonctionnelle 0&#8230;23 mA<\/li>\n<li>Faible chute de tension d&rsquo;entr\u00e9e et temps de r\u00e9ponse rapide<\/li>\n<li>Excellente pr\u00e9cision et grande stabilit\u00e9 de charge<\/li>\n<li>Bo\u00eetier fin de 6 mm<\/li>\n<\/ul>\n<h3>Isolateur de transmetteur 2 fils OmniSLIM SL501<\/h3>\n<ul>\n<li>Isolateur transmetteur 1 ou 2 voies 2 fils<\/li>\n<li>Signal 1:1 plage fonctionnelle 3,5&#8230;23 mA<\/li>\n<li>Chute de tension de canal faible et temps de r\u00e9ponse rapide<\/li>\n<li>Excellente pr\u00e9cision<\/li>\n<li>Bo\u00eetier fin de 6 mm<\/li>\n<\/ul>\n<h3>Coonvertisseur\/R\u00e9partiteur bi-polaires OmniSLIM SL508-B<\/h3>\n<ul>\n<li>Conversion de signaux\u00a0 de tension et de courant de proc\u00e9d\u00e9s bipolaires en signaux uni\/bipolaires<\/li>\n<li>Plusieurs plages de signaux sont s\u00e9lectionnables via des commutateurs DIP<\/li>\n<li>Fonction Splitter : 1 entr\u00e9e de signal et 2 sorties de signal<\/li>\n<li>Excellente pr\u00e9cision, meilleure que 0,05 % de la plage s\u00e9lectionn\u00e9e et stabilit\u00e9 \u00e9lev\u00e9e de la charge de sortie<\/li>\n<li>Bo\u00eetier fin de 6 mm<\/li>\n<\/ul>\n<h3>Convertisseur Pt100 isol\u00e9 OmniSLIM SL418<\/h3>\n<ul>\n<li>Convertit les mesures de processus des capteurs de temp\u00e9rature Pt100 en sorties de tension ou de courant<\/li>\n<li>Plusieurs plages de temp\u00e9rature pr\u00e9-calibr\u00e9es sont s\u00e9lectionnables via des commutateurs DIP<\/li>\n<li>Excellente pr\u00e9cision, meilleure que 0,1 \u00b0C ou 0,05 % de la plage s\u00e9lectionn\u00e9e<\/li>\n<li>Temps de r\u00e9ponse s\u00e9lectionnable &lt; 30 ms \/ 300 ms<\/li>\n<li>Excellente suppression du bruit 50\/60 Hz<\/li>\n<li>Bo\u00eetier fin de 6 mm<\/li>\n<\/ul>\n<h3>Convertisseur de temp\u00e9rature aliment\u00e9 en boucle isol\u00e9 OmniSLIM SL558-T<\/h3>\n<ul>\n<li>Convertit les mesures de processus des capteurs de temp\u00e9rature Pt100 et thermocouples J et K en une sortie de courant passive isol\u00e9e de 4 \u00e0 20 mA<\/li>\n<li>Plusieurs plages de temp\u00e9rature pr\u00e9-calibr\u00e9es sont s\u00e9lectionnables via des commutateurs DIP<\/li>\n<li>Excellente pr\u00e9cision, meilleure que 0,05 % de la plage s\u00e9lectionn\u00e9e<\/li>\n<li>Temps de r\u00e9ponse s\u00e9lectionnable &lt; 30 ms \/ 300 ms<\/li>\n<li>Excellente suppression du bruit 50\/60 Hz<\/li>\n<li>Bo\u00eetier fin de 6 mm<\/li>\n<\/ul>\n","protected":false},"excerpt":{"rendered":"<p>Conditionneurs de signaux Omni<\/p>\n<div id=\"tw-container\" data-cp=\"1\" data-is-ver=\"false\" data-nnttsvi=\"1\" data-sm=\"1\" data-sugg-time=\"500\" data-sugg-url=\"https:\/\/clients1.google.com\/complete\/search\" data-uilc=\"fr\">\n<div id=\"tw-ob\" class=\"tw-src-ltr\">\n<div class=\"oSioSc\">\n<div id=\"tw-target\">\n<div id=\"kAz1tf\" class=\"g9WsWb\">\n<div id=\"tw-target-text-container\" class=\"tw-ta-container F0azHf tw-nfl\" tabindex=\"0\">\n<p id=\"tw-target-text\" class=\"tw-data-text tw-text-large tw-ta\" dir=\"ltr\" data-placeholder=\"Traduction\"><span class=\"Y2IQFc\" lang=\"fr\">Les conditionneurs de signaux s&rsquo;appliquent \u00e0 toute une gamme d&rsquo;exigences ; amplifier ou diviser les signaux, conditionner les sorties des capteurs, isoler les probl\u00e8mes de mise \u00e0 la terre ou ajouter plus d&rsquo;entra\u00eenement aux boucles de courant.<\/span><\/p>\n<\/div>\n<\/div>\n<\/div>\n<\/div>\n<\/div>\n<\/div>\n","protected":false},"featured_media":7938,"template":"","meta":{"_acf_changed":false},"product_brand":[],"product_cat":[15923,1110],"product_tag":[],"class_list":{"0":"post-125216","1":"product","2":"type-product","3":"status-publish","4":"has-post-thumbnail","6":"product_cat-i-o-signal-conditioning-fr","7":"product_cat-produits","8":"product_shipping_class-1-fr","10":"first","11":"instock","12":"purchasable","13":"product-type-simple"},"acf":[],"yoast_head":"<!-- This site is optimized with the Yoast SEO plugin v27.2 - https:\/\/yoast.com\/product\/yoast-seo-wordpress\/ -->\n<title>Omni | Eurotherm Limited<\/title>\n<meta name=\"description\" content=\"Omni | Isolation &lt;div id=&quot;tw-container&quot; data-cp=&quot;1&quot; data-is-ver=&quot;false&quot; data-nnttsvi=&quot;1&quot; data-sm=&quot;1&quot; data-sugg-time=&quot;500&quot; data-sugg-url=&quot;https:\/\/clien\" \/>\n<meta name=\"robots\" content=\"index, follow, max-snippet:-1, max-image-preview:large, max-video-preview:-1\" \/>\n<meta property=\"og:locale\" content=\"fr_FR\" \/>\n<meta property=\"og:type\" content=\"article\" \/>\n<meta property=\"og:title\" content=\"Omni | Eurotherm Limited\" \/>\n<meta property=\"og:description\" content=\"Omni | Conditionneurs de signaux Omni       Les conditionneurs de signaux s&#039;appliquent \u00e0 toute une gamme d&#039;exigences ; amplifier ou diviser les signaux, conditionner les sorties des capteurs, isoler les probl\u00e8mes de mise \u00e0 la terre ou ajouter plus d&#039;entra\u00eenement aux boucles de courant.\" \/>\n<meta property=\"og:url\" content=\"https:\/\/www.eurotherm.com\/fr\/products\/produits\/omni-series\/\" \/>\n<meta property=\"og:site_name\" content=\"Eurotherm Limited\" \/>\n<meta property=\"article:modified_time\" content=\"2024-04-04T20:36:51+00:00\" \/>\n<meta property=\"og:image\" content=\"https:\/\/www.eurotherm.com\/wp-content\/uploads\/2018\/10\/omniSLIM_fv.jpg\" \/>\n\t<meta property=\"og:image:width\" content=\"500\" \/>\n\t<meta property=\"og:image:height\" content=\"500\" \/>\n\t<meta property=\"og:image:type\" content=\"image\/jpeg\" \/>\n<meta name=\"twitter:card\" content=\"summary_large_image\" \/>\n<meta name=\"twitter:label1\" content=\"Dur\u00e9e de lecture estim\u00e9e\" \/>\n\t<meta name=\"twitter:data1\" content=\"3 minutes\" \/>\n<script type=\"application\/ld+json\" class=\"yoast-schema-graph\">{\"@context\":\"https:\/\/schema.org\",\"@graph\":[{\"@type\":\"WebPage\",\"@id\":\"https:\/\/www.eurotherm.com\/fr\/products\/produits\/omni-series\/\",\"url\":\"https:\/\/www.eurotherm.com\/fr\/products\/produits\/omni-series\/\",\"name\":\"Omni | Eurotherm Limited\",\"isPartOf\":{\"@id\":\"https:\/\/www.eurotherm.com\/fr\/#website\"},\"primaryImageOfPage\":{\"@id\":\"https:\/\/www.eurotherm.com\/fr\/products\/produits\/omni-series\/#primaryimage\"},\"image\":{\"@id\":\"https:\/\/www.eurotherm.com\/fr\/products\/produits\/omni-series\/#primaryimage\"},\"thumbnailUrl\":\"https:\/\/www.eurotherm.com\/wp-content\/uploads\/2018\/10\/omniSLIM_fv.jpg\",\"datePublished\":\"2018-10-15T08:52:45+00:00\",\"dateModified\":\"2024-04-04T20:36:51+00:00\",\"description\":\"Omni | Conditionneurs de signaux Omni Les conditionneurs de signaux s'appliquent \u00e0 toute une gamme d'exigences ; amplifier ou diviser les signaux, conditionner les sorties des capteurs, isoler les probl\u00e8mes de mise \u00e0 la terre ou ajouter plus d'entra\u00eenement aux boucles de courant.\",\"breadcrumb\":{\"@id\":\"https:\/\/www.eurotherm.com\/fr\/products\/produits\/omni-series\/#breadcrumb\"},\"inLanguage\":\"fr-FR\",\"potentialAction\":[{\"@type\":\"ReadAction\",\"target\":[\"https:\/\/www.eurotherm.com\/fr\/products\/produits\/omni-series\/\"]}]},{\"@type\":\"ImageObject\",\"inLanguage\":\"fr-FR\",\"@id\":\"https:\/\/www.eurotherm.com\/fr\/products\/produits\/omni-series\/#primaryimage\",\"url\":\"https:\/\/www.eurotherm.com\/wp-content\/uploads\/2018\/10\/omniSLIM_fv.jpg\",\"contentUrl\":\"https:\/\/www.eurotherm.com\/wp-content\/uploads\/2018\/10\/omniSLIM_fv.jpg\",\"width\":500,\"height\":500},{\"@type\":\"BreadcrumbList\",\"@id\":\"https:\/\/www.eurotherm.com\/fr\/products\/produits\/omni-series\/#breadcrumb\",\"itemListElement\":[{\"@type\":\"ListItem\",\"position\":1,\"name\":\"Home\",\"item\":\"https:\/\/www.eurotherm.com\/fr\/\"},{\"@type\":\"ListItem\",\"position\":2,\"name\":\"Product Catalogue\",\"item\":\"https:\/\/www.eurotherm.com\/fr\/product-catalogue\/\"},{\"@type\":\"ListItem\",\"position\":3,\"name\":\"Produits compl\u00e9mentaires\",\"item\":\"https:\/\/www.eurotherm.com\/fr\/eurotherm-products\/ancillary-equipment-fr\/\"},{\"@type\":\"ListItem\",\"position\":4,\"name\":\"Conditionneurs de signaux\",\"item\":\"https:\/\/www.eurotherm.com\/fr\/eurotherm-products\/i-o-signal-conditioning-fr\/\"},{\"@type\":\"ListItem\",\"position\":5,\"name\":\"Omni\"}]},{\"@type\":\"WebSite\",\"@id\":\"https:\/\/www.eurotherm.com\/fr\/#website\",\"url\":\"https:\/\/www.eurotherm.com\/fr\/\",\"name\":\"Eurotherm Limited\",\"description\":\"Temperature Control, Process Control, Measurement and Data Recording Solutions\",\"potentialAction\":[{\"@type\":\"SearchAction\",\"target\":{\"@type\":\"EntryPoint\",\"urlTemplate\":\"https:\/\/www.eurotherm.com\/fr\/?s={search_term_string}\"},\"query-input\":{\"@type\":\"PropertyValueSpecification\",\"valueRequired\":true,\"valueName\":\"search_term_string\"}}],\"inLanguage\":\"fr-FR\"}]}<\/script>\n<!-- \/ Yoast SEO plugin. -->","yoast_head_json":{"title":"Omni | Eurotherm Limited","description":"Omni | Isolation &lt;div id=&quot;tw-container&quot; data-cp=&quot;1&quot; data-is-ver=&quot;false&quot; data-nnttsvi=&quot;1&quot; data-sm=&quot;1&quot; data-sugg-time=&quot;500&quot; data-sugg-url=&quot;https:\/\/clien","robots":{"index":"index","follow":"follow","max-snippet":"max-snippet:-1","max-image-preview":"max-image-preview:large","max-video-preview":"max-video-preview:-1"},"og_locale":"fr_FR","og_type":"article","og_title":"Omni | Eurotherm Limited","og_description":"Omni | Conditionneurs de signaux Omni       Les conditionneurs de signaux s'appliquent \u00e0 toute une gamme d'exigences ; amplifier ou diviser les signaux, conditionner les sorties des capteurs, isoler les probl\u00e8mes de mise \u00e0 la terre ou ajouter plus d'entra\u00eenement aux boucles de courant.","og_url":"https:\/\/www.eurotherm.com\/fr\/products\/produits\/omni-series\/","og_site_name":"Eurotherm Limited","article_modified_time":"2024-04-04T20:36:51+00:00","og_image":[{"width":500,"height":500,"url":"https:\/\/www.eurotherm.com\/wp-content\/uploads\/2018\/10\/omniSLIM_fv.jpg","type":"image\/jpeg"}],"twitter_card":"summary_large_image","twitter_misc":{"Dur\u00e9e de lecture estim\u00e9e":"3 minutes"},"schema":{"@context":"https:\/\/schema.org","@graph":[{"@type":"WebPage","@id":"https:\/\/www.eurotherm.com\/fr\/products\/produits\/omni-series\/","url":"https:\/\/www.eurotherm.com\/fr\/products\/produits\/omni-series\/","name":"Omni | Eurotherm Limited","isPartOf":{"@id":"https:\/\/www.eurotherm.com\/fr\/#website"},"primaryImageOfPage":{"@id":"https:\/\/www.eurotherm.com\/fr\/products\/produits\/omni-series\/#primaryimage"},"image":{"@id":"https:\/\/www.eurotherm.com\/fr\/products\/produits\/omni-series\/#primaryimage"},"thumbnailUrl":"https:\/\/www.eurotherm.com\/wp-content\/uploads\/2018\/10\/omniSLIM_fv.jpg","datePublished":"2018-10-15T08:52:45+00:00","dateModified":"2024-04-04T20:36:51+00:00","description":"Omni | Conditionneurs de signaux Omni Les conditionneurs de signaux s'appliquent \u00e0 toute une gamme d'exigences ; amplifier ou diviser les signaux, conditionner les sorties des capteurs, isoler les probl\u00e8mes de mise \u00e0 la terre ou ajouter plus d'entra\u00eenement aux boucles de courant.","breadcrumb":{"@id":"https:\/\/www.eurotherm.com\/fr\/products\/produits\/omni-series\/#breadcrumb"},"inLanguage":"fr-FR","potentialAction":[{"@type":"ReadAction","target":["https:\/\/www.eurotherm.com\/fr\/products\/produits\/omni-series\/"]}]},{"@type":"ImageObject","inLanguage":"fr-FR","@id":"https:\/\/www.eurotherm.com\/fr\/products\/produits\/omni-series\/#primaryimage","url":"https:\/\/www.eurotherm.com\/wp-content\/uploads\/2018\/10\/omniSLIM_fv.jpg","contentUrl":"https:\/\/www.eurotherm.com\/wp-content\/uploads\/2018\/10\/omniSLIM_fv.jpg","width":500,"height":500},{"@type":"BreadcrumbList","@id":"https:\/\/www.eurotherm.com\/fr\/products\/produits\/omni-series\/#breadcrumb","itemListElement":[{"@type":"ListItem","position":1,"name":"Home","item":"https:\/\/www.eurotherm.com\/fr\/"},{"@type":"ListItem","position":2,"name":"Product Catalogue","item":"https:\/\/www.eurotherm.com\/fr\/product-catalogue\/"},{"@type":"ListItem","position":3,"name":"Produits compl\u00e9mentaires","item":"https:\/\/www.eurotherm.com\/fr\/eurotherm-products\/ancillary-equipment-fr\/"},{"@type":"ListItem","position":4,"name":"Conditionneurs de signaux","item":"https:\/\/www.eurotherm.com\/fr\/eurotherm-products\/i-o-signal-conditioning-fr\/"},{"@type":"ListItem","position":5,"name":"Omni"}]},{"@type":"WebSite","@id":"https:\/\/www.eurotherm.com\/fr\/#website","url":"https:\/\/www.eurotherm.com\/fr\/","name":"Eurotherm Limited","description":"Temperature Control, Process Control, Measurement and Data Recording Solutions","potentialAction":[{"@type":"SearchAction","target":{"@type":"EntryPoint","urlTemplate":"https:\/\/www.eurotherm.com\/fr\/?s={search_term_string}"},"query-input":{"@type":"PropertyValueSpecification","valueRequired":true,"valueName":"search_term_string"}}],"inLanguage":"fr-FR"}]}},"ACF":{"product_file":[28429,27454,27942,27866,27943,27939,28436,28634,29360,29361,29362,29363,28633,28632,28631,27584,27497,29281,29280,29174,28430,28431,28435,28434,28433,28432,28437],"product_status":"Discontinued","enable_watlow_configurator":false},"jetpack_sharing_enabled":true,"_links":{"self":[{"href":"https:\/\/www.eurotherm.com\/fr\/wp-json\/wp\/v2\/product\/125216","targetHints":{"allow":["GET"]}}],"collection":[{"href":"https:\/\/www.eurotherm.com\/fr\/wp-json\/wp\/v2\/product"}],"about":[{"href":"https:\/\/www.eurotherm.com\/fr\/wp-json\/wp\/v2\/types\/product"}],"wp:featuredmedia":[{"embeddable":true,"href":"https:\/\/www.eurotherm.com\/fr\/wp-json\/wp\/v2\/media\/7938"}],"wp:attachment":[{"href":"https:\/\/www.eurotherm.com\/fr\/wp-json\/wp\/v2\/media?parent=125216"}],"wp:term":[{"taxonomy":"product_brand","embeddable":true,"href":"https:\/\/www.eurotherm.com\/fr\/wp-json\/wp\/v2\/product_brand?post=125216"},{"taxonomy":"product_cat","embeddable":true,"href":"https:\/\/www.eurotherm.com\/fr\/wp-json\/wp\/v2\/product_cat?post=125216"},{"taxonomy":"product_tag","embeddable":true,"href":"https:\/\/www.eurotherm.com\/fr\/wp-json\/wp\/v2\/product_tag?post=125216"}],"curies":[{"name":"wp","href":"https:\/\/api.w.org\/{rel}","templated":true}]}}