{"id":86207,"date":"2020-02-06T11:58:31","date_gmt":"2020-02-06T11:58:31","guid":{"rendered":"https:\/\/www.eurothermdev.co.uk\/eurotherm-products\/"},"modified":"2023-08-02T17:25:27","modified_gmt":"2023-08-02T09:25:27","slug":"eurotherm-products","status":"publish","type":"page","link":"https:\/\/www.eurotherm.com\/fr\/eurotherm-products\/","title":{"rendered":"Eurotherm Products"},"content":{"rendered":"","protected":false},"excerpt":{"rendered":"","protected":false},"author":4,"featured_media":0,"parent":0,"menu_order":0,"comment_status":"closed","ping_status":"closed","template":"templates\/page-product.php","meta":{"_acf_changed":false,"footnotes":""},"class_list":["post-86207","page","type-page","status-publish","hentry"],"acf":[],"yoast_head":"<!-- This site is optimized with the Yoast SEO plugin v27.5 - https:\/\/yoast.com\/product\/yoast-seo-wordpress\/ -->\n<title>Eurotherm Products | Eurotherm Limited<\/title>\n<meta name=\"description\" content=\"Eurotherm Temperature Control, Measurement and Data Recording Solutions\" \/>\n<meta name=\"robots\" content=\"index, follow, max-snippet:-1, max-image-preview:large, max-video-preview:-1\" \/>\n<meta property=\"og:locale\" content=\"fr_FR\" \/>\n<meta property=\"og:type\" content=\"article\" \/>\n<meta property=\"og:title\" content=\"Eurotherm Products | Eurotherm Limited\" \/>\n<meta property=\"og:description\" content=\"Eurotherm Temperature Control, Measurement and Data Recording Solutions\" \/>\n<meta property=\"og:url\" content=\"https:\/\/www.eurotherm.com\/fr\/eurotherm-products\/\" \/>\n<meta property=\"og:site_name\" content=\"Eurotherm Limited\" \/>\n<meta property=\"article:modified_time\" content=\"2023-08-02T09:25:27+00:00\" \/>\n<meta name=\"twitter:card\" content=\"summary_large_image\" \/>\n<script type=\"application\/ld+json\" class=\"yoast-schema-graph\">{\"@context\":\"https:\\\/\\\/schema.org\",\"@graph\":[{\"@type\":\"WebPage\",\"@id\":\"https:\\\/\\\/www.eurotherm.com\\\/fr\\\/eurotherm-products\\\/\",\"url\":\"https:\\\/\\\/www.eurotherm.com\\\/fr\\\/eurotherm-products\\\/\",\"name\":\"Eurotherm Products | Eurotherm Limited\",\"isPartOf\":{\"@id\":\"https:\\\/\\\/www.eurotherm.com\\\/fr\\\/#website\"},\"datePublished\":\"2020-02-06T11:58:31+00:00\",\"dateModified\":\"2023-08-02T09:25:27+00:00\",\"description\":\"Eurotherm Temperature Control, Measurement and Data Recording Solutions\",\"breadcrumb\":{\"@id\":\"https:\\\/\\\/www.eurotherm.com\\\/fr\\\/eurotherm-products\\\/#breadcrumb\"},\"inLanguage\":\"fr-FR\",\"potentialAction\":[{\"@type\":\"ReadAction\",\"target\":[\"https:\\\/\\\/www.eurotherm.com\\\/fr\\\/eurotherm-products\\\/\"]}]},{\"@type\":\"BreadcrumbList\",\"@id\":\"https:\\\/\\\/www.eurotherm.com\\\/fr\\\/eurotherm-products\\\/#breadcrumb\",\"itemListElement\":[{\"@type\":\"ListItem\",\"position\":1,\"name\":\"Home\",\"item\":\"https:\\\/\\\/www.eurotherm.com\\\/fr\\\/\"},{\"@type\":\"ListItem\",\"position\":2,\"name\":\"Eurotherm Products\"}]},{\"@type\":\"WebSite\",\"@id\":\"https:\\\/\\\/www.eurotherm.com\\\/fr\\\/#website\",\"url\":\"https:\\\/\\\/www.eurotherm.com\\\/fr\\\/\",\"name\":\"Eurotherm Limited\",\"description\":\"Temperature Control, Process Control, Measurement and Data Recording Solutions\",\"potentialAction\":[{\"@type\":\"SearchAction\",\"target\":{\"@type\":\"EntryPoint\",\"urlTemplate\":\"https:\\\/\\\/www.eurotherm.com\\\/fr\\\/?s={search_term_string}\"},\"query-input\":{\"@type\":\"PropertyValueSpecification\",\"valueRequired\":true,\"valueName\":\"search_term_string\"}}],\"inLanguage\":\"fr-FR\"}]}<\/script>\n<!-- \/ Yoast SEO plugin. -->","yoast_head_json":{"title":"Eurotherm Products | Eurotherm Limited","description":"Eurotherm Temperature Control, Measurement and Data Recording Solutions","robots":{"index":"index","follow":"follow","max-snippet":"max-snippet:-1","max-image-preview":"max-image-preview:large","max-video-preview":"max-video-preview:-1"},"og_locale":"fr_FR","og_type":"article","og_title":"Eurotherm Products | Eurotherm Limited","og_description":"Eurotherm Temperature Control, Measurement and Data Recording Solutions","og_url":"https:\/\/www.eurotherm.com\/fr\/eurotherm-products\/","og_site_name":"Eurotherm Limited","article_modified_time":"2023-08-02T09:25:27+00:00","twitter_card":"summary_large_image","schema":{"@context":"https:\/\/schema.org","@graph":[{"@type":"WebPage","@id":"https:\/\/www.eurotherm.com\/fr\/eurotherm-products\/","url":"https:\/\/www.eurotherm.com\/fr\/eurotherm-products\/","name":"Eurotherm Products | Eurotherm Limited","isPartOf":{"@id":"https:\/\/www.eurotherm.com\/fr\/#website"},"datePublished":"2020-02-06T11:58:31+00:00","dateModified":"2023-08-02T09:25:27+00:00","description":"Eurotherm Temperature Control, Measurement and Data Recording Solutions","breadcrumb":{"@id":"https:\/\/www.eurotherm.com\/fr\/eurotherm-products\/#breadcrumb"},"inLanguage":"fr-FR","potentialAction":[{"@type":"ReadAction","target":["https:\/\/www.eurotherm.com\/fr\/eurotherm-products\/"]}]},{"@type":"BreadcrumbList","@id":"https:\/\/www.eurotherm.com\/fr\/eurotherm-products\/#breadcrumb","itemListElement":[{"@type":"ListItem","position":1,"name":"Home","item":"https:\/\/www.eurotherm.com\/fr\/"},{"@type":"ListItem","position":2,"name":"Eurotherm Products"}]},{"@type":"WebSite","@id":"https:\/\/www.eurotherm.com\/fr\/#website","url":"https:\/\/www.eurotherm.com\/fr\/","name":"Eurotherm Limited","description":"Temperature Control, Process Control, Measurement and Data Recording Solutions","potentialAction":[{"@type":"SearchAction","target":{"@type":"EntryPoint","urlTemplate":"https:\/\/www.eurotherm.com\/fr\/?s={search_term_string}"},"query-input":{"@type":"PropertyValueSpecification","valueRequired":true,"valueName":"search_term_string"}}],"inLanguage":"fr-FR"}]}},"ACF":{"two_third_textarea":"<h2>R\u00e9gulation et Contr\u00f4le de Proc\u00e9d\u00e9s, Mesure, Enregistrement et Gestion de Donn\u00e9es \u2013 Solutions Produits &amp; Logiciels Eurotherm pour l\u2019Automatisation Industrielle<\/h2>\n<p>Notre large gamme de produits est riche en fonctionnalit\u00e9s et con\u00e7ue pour une utilisation facile et un temps d\u2019ing\u00e9nierie r\u00e9duit. Nos produits int\u00e8grent des algorithmes de r\u00e9gulation de pointe et des strat\u00e9gies d\u2019enregistrement et de gestion des donn\u00e9es qui ajoutent de la valeur aux proc\u00e9d\u00e9s industriels, aidant ainsi \u00e0 am\u00e9liorer la qualit\u00e9, r\u00e9duire les rebuts et garantir la s\u00e9curit\u00e9 des donn\u00e9es aussi longtemps qu\u2019elles sont n\u00e9cessaires.<\/p>\n<p>Des d\u00e9cennies d\u2019exp\u00e9rience dans la fourniture de solutions de contr\u00f4le et de r\u00e9gulation de proc\u00e9d\u00e9s, d\u2019enregistrement et d\u2019automatisation de premier ordre sont soutenues par un programme de recherche et d\u00e9veloppement continu pour garantir que nos solutions r\u00e9pondent aux d\u00e9fis actuels rencontr\u00e9s dans un large \u00e9ventail d\u2019industries. Nos clients sont enti\u00e8rement pris en charge par un r\u00e9seau global de ventes et de services compos\u00e9 d\u2019ing\u00e9nieurs hautement qualifi\u00e9s qui comprennent les applications et les industries qu\u2019ils servent.<\/p>\n","flexible_content":[{"acf_fc_layout":"3_column_block_areas","three_blocks_activate_card_mode":true,"custom_section_id":"","three_blocks":[{"three_featured_image":{"ID":149310,"id":149310,"title":"choose a product banner_0423","filename":"choose-a-product-banner_lg_French_0423.jpg","filesize":227255,"url":"https:\/\/www.eurotherm.com\/wp-content\/uploads\/2023\/08\/choose-a-product-banner_lg_French_0423.jpg","link":"https:\/\/www.eurotherm.com\/fr\/eurotherm-products\/attachment\/choose-a-product-banner_0423-4\/","alt":"","author":"4","description":"","caption":"","name":"choose-a-product-banner_0423-4","status":"inherit","uploaded_to":86207,"date":"2023-08-02 09:25:17","modified":"2023-08-02 09:25:17","menu_order":0,"mime_type":"image\/jpeg","type":"image","subtype":"jpeg","icon":"https:\/\/www.eurotherm.com\/wp-includes\/images\/media\/default.png","width":1670,"height":614,"sizes":{"thumbnail":"https:\/\/www.eurotherm.com\/wp-content\/uploads\/2023\/08\/choose-a-product-banner_lg_French_0423-150x150.jpg","thumbnail-width":150,"thumbnail-height":150,"medium":"https:\/\/www.eurotherm.com\/wp-content\/uploads\/2023\/08\/choose-a-product-banner_lg_French_0423-300x110.jpg","medium-width":300,"medium-height":110,"medium_large":"https:\/\/www.eurotherm.com\/wp-content\/uploads\/2023\/08\/choose-a-product-banner_lg_French_0423-768x282.jpg","medium_large-width":768,"medium_large-height":282,"large":"https:\/\/www.eurotherm.com\/wp-content\/uploads\/2023\/08\/choose-a-product-banner_lg_French_0423-1024x376.jpg","large-width":1024,"large-height":376,"1536x1536":"https:\/\/www.eurotherm.com\/wp-content\/uploads\/2023\/08\/choose-a-product-banner_lg_French_0423-1536x565.jpg","1536x1536-width":1536,"1536x1536-height":565,"2048x2048":"https:\/\/www.eurotherm.com\/wp-content\/uploads\/2023\/08\/choose-a-product-banner_lg_French_0423.jpg","2048x2048-width":1670,"2048x2048-height":614,"woocommerce_thumbnail":"https:\/\/www.eurotherm.com\/wp-content\/uploads\/2023\/08\/choose-a-product-banner_lg_French_0423-300x300.jpg","woocommerce_thumbnail-width":300,"woocommerce_thumbnail-height":300,"woocommerce_single":"https:\/\/www.eurotherm.com\/wp-content\/uploads\/2023\/08\/choose-a-product-banner_lg_French_0423-600x221.jpg","woocommerce_single-width":600,"woocommerce_single-height":221,"woocommerce_gallery_thumbnail":"https:\/\/www.eurotherm.com\/wp-content\/uploads\/2023\/08\/choose-a-product-banner_lg_French_0423-100x100.jpg","woocommerce_gallery_thumbnail-width":100,"woocommerce_gallery_thumbnail-height":100}},"small_featured_image_alt":false,"three_text_block":"<h2>Help Me Choose a Product<\/h2>\n<p>Our tool will match the best product to your needs.<\/p>\n","three_col_contact_form_instead_of_link":false,"three_col_button_link":"https:\/\/www.eurotherm.com\/product-selector\/","three_col_button_text":"Launch product selector","three_col_shortcode":"","three_col_open_in_new_tab":false},{"three_featured_image":{"ID":55697,"id":55697,"title":"support-uk-2","filename":"support-uk-2.jpg","filesize":81685,"url":"https:\/\/www.eurotherm.com\/wp-content\/uploads\/2018\/12\/support-uk-2.jpg","link":"https:\/\/www.eurotherm.com\/fr\/contact-us\/attachment\/support-uk-2-2\/","alt":"","author":"3","description":"","caption":"","name":"support-uk-2-2","status":"inherit","uploaded_to":121908,"date":"2018-12-06 09:32:43","modified":"2019-06-24 15:23:30","menu_order":0,"mime_type":"image\/jpeg","type":"image","subtype":"jpeg","icon":"https:\/\/www.eurotherm.com\/wp-includes\/images\/media\/default.png","width":2560,"height":600,"sizes":{"thumbnail":"https:\/\/www.eurotherm.com\/wp-content\/uploads\/2018\/12\/support-uk-2-150x150.jpg","thumbnail-width":150,"thumbnail-height":150,"medium":"https:\/\/www.eurotherm.com\/wp-content\/uploads\/2018\/12\/support-uk-2-300x70.jpg","medium-width":300,"medium-height":70,"medium_large":"https:\/\/www.eurotherm.com\/wp-content\/uploads\/2018\/12\/support-uk-2-768x180.jpg","medium_large-width":768,"medium_large-height":180,"large":"https:\/\/www.eurotherm.com\/wp-content\/uploads\/2018\/12\/support-uk-2-1024x240.jpg","large-width":1024,"large-height":240,"1536x1536":"https:\/\/www.eurotherm.com\/wp-content\/uploads\/2018\/12\/support-uk-2.jpg","1536x1536-width":1536,"1536x1536-height":360,"2048x2048":"https:\/\/www.eurotherm.com\/wp-content\/uploads\/2018\/12\/support-uk-2.jpg","2048x2048-width":2048,"2048x2048-height":480,"woocommerce_thumbnail":"https:\/\/www.eurotherm.com\/wp-content\/uploads\/2018\/12\/support-uk-2-300x300.jpg","woocommerce_thumbnail-width":300,"woocommerce_thumbnail-height":300,"woocommerce_single":"https:\/\/www.eurotherm.com\/wp-content\/uploads\/2018\/12\/support-uk-2-768x180.jpg","woocommerce_single-width":600,"woocommerce_single-height":141,"woocommerce_gallery_thumbnail":"https:\/\/www.eurotherm.com\/wp-content\/uploads\/2018\/12\/support-uk-2-100x100.jpg","woocommerce_gallery_thumbnail-width":100,"woocommerce_gallery_thumbnail-height":100}},"small_featured_image_alt":false,"three_text_block":"<h2>Discuss Your Product Requirements with a Specialist<\/h2>\n","three_col_contact_form_instead_of_link":false,"three_col_button_link":"https:\/\/www.eurotherm.com\/fr\/contact-us\/","three_col_button_text":"Contact us","three_col_shortcode":"","three_col_open_in_new_tab":false},{"three_featured_image":{"ID":63023,"id":63023,"title":"_0030_GettyImages-485206425-no-button","filename":"0030_GettyImages-485206425-no-button.jpg","filesize":96527,"url":"https:\/\/www.eurotherm.com\/wp-content\/uploads\/2019\/02\/0030_GettyImages-485206425-no-button.jpg","link":"https:\/\/www.eurotherm.com\/fr\/life-sciences-cpg\/attachment\/_0030_gettyimages-485206425-no-button-2\/","alt":"","author":"3","description":"","caption":"","name":"_0030_gettyimages-485206425-no-button-2","status":"inherit","uploaded_to":72436,"date":"2019-02-06 12:45:44","modified":"2019-02-06 12:45:44","menu_order":0,"mime_type":"image\/jpeg","type":"image","subtype":"jpeg","icon":"https:\/\/www.eurotherm.com\/wp-includes\/images\/media\/default.png","width":1920,"height":450,"sizes":{"thumbnail":"https:\/\/www.eurotherm.com\/wp-content\/uploads\/2019\/02\/0030_GettyImages-485206425-no-button-150x150.jpg","thumbnail-width":150,"thumbnail-height":150,"medium":"https:\/\/www.eurotherm.com\/wp-content\/uploads\/2019\/02\/0030_GettyImages-485206425-no-button-300x70.jpg","medium-width":300,"medium-height":70,"medium_large":"https:\/\/www.eurotherm.com\/wp-content\/uploads\/2019\/02\/0030_GettyImages-485206425-no-button-768x180.jpg","medium_large-width":768,"medium_large-height":180,"large":"https:\/\/www.eurotherm.com\/wp-content\/uploads\/2019\/02\/0030_GettyImages-485206425-no-button-1024x240.jpg","large-width":1024,"large-height":240,"1536x1536":"https:\/\/www.eurotherm.com\/wp-content\/uploads\/2019\/02\/0030_GettyImages-485206425-no-button.jpg","1536x1536-width":1536,"1536x1536-height":360,"2048x2048":"https:\/\/www.eurotherm.com\/wp-content\/uploads\/2019\/02\/0030_GettyImages-485206425-no-button.jpg","2048x2048-width":1920,"2048x2048-height":450,"woocommerce_thumbnail":"https:\/\/www.eurotherm.com\/wp-content\/uploads\/2019\/02\/0030_GettyImages-485206425-no-button-300x300.jpg","woocommerce_thumbnail-width":300,"woocommerce_thumbnail-height":300,"woocommerce_single":"https:\/\/www.eurotherm.com\/wp-content\/uploads\/2019\/02\/0030_GettyImages-485206425-no-button-768x180.jpg","woocommerce_single-width":600,"woocommerce_single-height":141,"woocommerce_gallery_thumbnail":"https:\/\/www.eurotherm.com\/wp-content\/uploads\/2019\/02\/0030_GettyImages-485206425-no-button-100x100.jpg","woocommerce_gallery_thumbnail-width":100,"woocommerce_gallery_thumbnail-height":100}},"small_featured_image_alt":false,"three_text_block":"<h2>Meeting Evolving Regulatory Requirements<\/h2>\n<p>We support our customers by embedding regulatory know-how directly into products, systems and service solutions to meet the specialized requirements of the industrial standards.<\/p>\n","three_col_contact_form_instead_of_link":false,"three_col_button_link":"https:\/\/www.eurotherm.com\/fr\/meeting-regulatory-industry-compliance\/","three_col_button_text":"Learn more","three_col_shortcode":"","three_col_open_in_new_tab":false}]}],"show_sidebar":true,"display_accreditations":false},"jetpack_sharing_enabled":true,"_links":{"self":[{"href":"https:\/\/www.eurotherm.com\/fr\/wp-json\/wp\/v2\/pages\/86207","targetHints":{"allow":["GET"]}}],"collection":[{"href":"https:\/\/www.eurotherm.com\/fr\/wp-json\/wp\/v2\/pages"}],"about":[{"href":"https:\/\/www.eurotherm.com\/fr\/wp-json\/wp\/v2\/types\/page"}],"author":[{"embeddable":true,"href":"https:\/\/www.eurotherm.com\/fr\/wp-json\/wp\/v2\/users\/4"}],"replies":[{"embeddable":true,"href":"https:\/\/www.eurotherm.com\/fr\/wp-json\/wp\/v2\/comments?post=86207"}],"version-history":[{"count":5,"href":"https:\/\/www.eurotherm.com\/fr\/wp-json\/wp\/v2\/pages\/86207\/revisions"}],"predecessor-version":[{"id":149324,"href":"https:\/\/www.eurotherm.com\/fr\/wp-json\/wp\/v2\/pages\/86207\/revisions\/149324"}],"wp:attachment":[{"href":"https:\/\/www.eurotherm.com\/fr\/wp-json\/wp\/v2\/media?parent=86207"}],"curies":[{"name":"wp","href":"https:\/\/api.w.org\/{rel}","templated":true}]}}