{"id":82673,"date":"2019-11-11T11:19:32","date_gmt":"2019-11-11T11:19:32","guid":{"rendered":"https:\/\/eurothermdev.co.uk\/ecostruxure-manufacturing-compliance-advisor\/freetrial\/"},"modified":"2019-11-11T12:49:38","modified_gmt":"2019-11-11T12:49:38","slug":"freetrial","status":"publish","type":"page","link":"https:\/\/www.eurotherm.com\/fr\/freetrial\/","title":{"rendered":"EcoStruxure Manufacturing Compliance Advisor Trial"},"content":{"rendered":"","protected":false},"excerpt":{"rendered":"","protected":false},"author":4,"featured_media":0,"parent":0,"menu_order":0,"comment_status":"closed","ping_status":"closed","template":"","meta":{"_acf_changed":false,"footnotes":""},"class_list":["post-82673","page","type-page","status-publish","hentry"],"acf":[],"yoast_head":"<!-- This site is optimized with the Yoast SEO plugin v27.2 - https:\/\/yoast.com\/product\/yoast-seo-wordpress\/ -->\n<title>EcoStruxure Manufacturing Compliance Advisor Trial | Eurotherm Limited<\/title>\n<meta name=\"description\" content=\"EcoStruxure Manufacturing Compliance Advisor Trial | Eurotherm\" \/>\n<meta name=\"robots\" content=\"index, follow, max-snippet:-1, max-image-preview:large, max-video-preview:-1\" \/>\n<meta property=\"og:locale\" content=\"fr_FR\" \/>\n<meta property=\"og:type\" content=\"article\" \/>\n<meta property=\"og:title\" content=\"EcoStruxure Manufacturing Compliance Advisor Trial | Eurotherm Limited\" \/>\n<meta property=\"og:url\" content=\"https:\/\/www.eurotherm.com\/fr\/freetrial\/\" \/>\n<meta property=\"og:site_name\" content=\"Eurotherm Limited\" \/>\n<meta property=\"article:modified_time\" content=\"2019-11-11T12:49:38+00:00\" \/>\n<meta name=\"twitter:card\" content=\"summary_large_image\" \/>\n<script type=\"application\/ld+json\" class=\"yoast-schema-graph\">{\"@context\":\"https:\/\/schema.org\",\"@graph\":[{\"@type\":\"WebPage\",\"@id\":\"https:\/\/www.eurotherm.com\/fr\/freetrial\/\",\"url\":\"https:\/\/www.eurotherm.com\/fr\/freetrial\/\",\"name\":\"EcoStruxure Manufacturing Compliance Advisor Trial | Eurotherm Limited\",\"isPartOf\":{\"@id\":\"https:\/\/www.eurotherm.com\/fr\/#website\"},\"datePublished\":\"2019-11-11T11:19:32+00:00\",\"dateModified\":\"2019-11-11T12:49:38+00:00\",\"breadcrumb\":{\"@id\":\"https:\/\/www.eurotherm.com\/fr\/freetrial\/#breadcrumb\"},\"inLanguage\":\"fr-FR\",\"potentialAction\":[{\"@type\":\"ReadAction\",\"target\":[\"https:\/\/www.eurotherm.com\/fr\/freetrial\/\"]}]},{\"@type\":\"BreadcrumbList\",\"@id\":\"https:\/\/www.eurotherm.com\/fr\/freetrial\/#breadcrumb\",\"itemListElement\":[{\"@type\":\"ListItem\",\"position\":1,\"name\":\"Home\",\"item\":\"https:\/\/www.eurotherm.com\/fr\/\"},{\"@type\":\"ListItem\",\"position\":2,\"name\":\"EcoStruxure Manufacturing Compliance Advisor Trial\"}]},{\"@type\":\"WebSite\",\"@id\":\"https:\/\/www.eurotherm.com\/fr\/#website\",\"url\":\"https:\/\/www.eurotherm.com\/fr\/\",\"name\":\"Eurotherm Limited\",\"description\":\"Temperature Control, Process Control, Measurement and Data Recording Solutions\",\"potentialAction\":[{\"@type\":\"SearchAction\",\"target\":{\"@type\":\"EntryPoint\",\"urlTemplate\":\"https:\/\/www.eurotherm.com\/fr\/?s={search_term_string}\"},\"query-input\":{\"@type\":\"PropertyValueSpecification\",\"valueRequired\":true,\"valueName\":\"search_term_string\"}}],\"inLanguage\":\"fr-FR\"}]}<\/script>\n<!-- \/ Yoast SEO plugin. -->","yoast_head_json":{"title":"EcoStruxure Manufacturing Compliance Advisor Trial | Eurotherm Limited","description":"EcoStruxure Manufacturing Compliance Advisor Trial | Eurotherm","robots":{"index":"index","follow":"follow","max-snippet":"max-snippet:-1","max-image-preview":"max-image-preview:large","max-video-preview":"max-video-preview:-1"},"og_locale":"fr_FR","og_type":"article","og_title":"EcoStruxure Manufacturing Compliance Advisor Trial | Eurotherm Limited","og_url":"https:\/\/www.eurotherm.com\/fr\/freetrial\/","og_site_name":"Eurotherm Limited","article_modified_time":"2019-11-11T12:49:38+00:00","twitter_card":"summary_large_image","schema":{"@context":"https:\/\/schema.org","@graph":[{"@type":"WebPage","@id":"https:\/\/www.eurotherm.com\/fr\/freetrial\/","url":"https:\/\/www.eurotherm.com\/fr\/freetrial\/","name":"EcoStruxure Manufacturing Compliance Advisor Trial | Eurotherm Limited","isPartOf":{"@id":"https:\/\/www.eurotherm.com\/fr\/#website"},"datePublished":"2019-11-11T11:19:32+00:00","dateModified":"2019-11-11T12:49:38+00:00","breadcrumb":{"@id":"https:\/\/www.eurotherm.com\/fr\/freetrial\/#breadcrumb"},"inLanguage":"fr-FR","potentialAction":[{"@type":"ReadAction","target":["https:\/\/www.eurotherm.com\/fr\/freetrial\/"]}]},{"@type":"BreadcrumbList","@id":"https:\/\/www.eurotherm.com\/fr\/freetrial\/#breadcrumb","itemListElement":[{"@type":"ListItem","position":1,"name":"Home","item":"https:\/\/www.eurotherm.com\/fr\/"},{"@type":"ListItem","position":2,"name":"EcoStruxure Manufacturing Compliance Advisor Trial"}]},{"@type":"WebSite","@id":"https:\/\/www.eurotherm.com\/fr\/#website","url":"https:\/\/www.eurotherm.com\/fr\/","name":"Eurotherm Limited","description":"Temperature Control, Process Control, Measurement and Data Recording Solutions","potentialAction":[{"@type":"SearchAction","target":{"@type":"EntryPoint","urlTemplate":"https:\/\/www.eurotherm.com\/fr\/?s={search_term_string}"},"query-input":{"@type":"PropertyValueSpecification","valueRequired":true,"valueName":"search_term_string"}}],"inLanguage":"fr-FR"}]}},"ACF":{"flexible_content":[{"acf_fc_layout":"full_width_image_header","header_textarea":"<h1>Optimisez les Activit\u00e9s de Tests et d\u2019Etalonnages avec EcoStruxure\u2122 Manufacturing Compliance Advisor<\/h1>\n","background_image":{"ID":76651,"id":76651,"title":"manufacturing-compliance-advisor-homeapge","filename":"manufacturing-compliance-advisor-homeapge.jpg","filesize":143762,"url":"https:\/\/www.eurotherm.com\/wp-content\/uploads\/2019\/05\/manufacturing-compliance-advisor-homeapge.jpg","link":"https:\/\/www.eurotherm.com\/fr\/accueil\/attachment\/manufacturing-compliance-advisor-homeapge-2\/","alt":"","author":"3","description":"","caption":"","name":"manufacturing-compliance-advisor-homeapge-2","status":"inherit","uploaded_to":13,"date":"2019-05-30 09:52:00","modified":"2019-05-30 09:52:00","menu_order":0,"mime_type":"image\/jpeg","type":"image","subtype":"jpeg","icon":"https:\/\/www.eurotherm.com\/wp-includes\/images\/media\/default.png","width":2133,"height":435,"sizes":{"thumbnail":"https:\/\/www.eurotherm.com\/wp-content\/uploads\/2019\/05\/manufacturing-compliance-advisor-homeapge-150x150.jpg","thumbnail-width":150,"thumbnail-height":150,"medium":"https:\/\/www.eurotherm.com\/wp-content\/uploads\/2019\/05\/manufacturing-compliance-advisor-homeapge-300x61.jpg","medium-width":300,"medium-height":61,"medium_large":"https:\/\/www.eurotherm.com\/wp-content\/uploads\/2019\/05\/manufacturing-compliance-advisor-homeapge-768x157.jpg","medium_large-width":768,"medium_large-height":157,"large":"https:\/\/www.eurotherm.com\/wp-content\/uploads\/2019\/05\/manufacturing-compliance-advisor-homeapge-1024x209.jpg","large-width":1024,"large-height":209,"1536x1536":"https:\/\/www.eurotherm.com\/wp-content\/uploads\/2019\/05\/manufacturing-compliance-advisor-homeapge.jpg","1536x1536-width":1536,"1536x1536-height":313,"2048x2048":"https:\/\/www.eurotherm.com\/wp-content\/uploads\/2019\/05\/manufacturing-compliance-advisor-homeapge.jpg","2048x2048-width":2048,"2048x2048-height":418,"woocommerce_thumbnail":"https:\/\/www.eurotherm.com\/wp-content\/uploads\/2019\/05\/manufacturing-compliance-advisor-homeapge-300x300.jpg","woocommerce_thumbnail-width":300,"woocommerce_thumbnail-height":300,"woocommerce_single":"https:\/\/www.eurotherm.com\/wp-content\/uploads\/2019\/05\/manufacturing-compliance-advisor-homeapge-600x122.jpg","woocommerce_single-width":600,"woocommerce_single-height":122,"woocommerce_gallery_thumbnail":"https:\/\/www.eurotherm.com\/wp-content\/uploads\/2019\/05\/manufacturing-compliance-advisor-homeapge-100x100.jpg","woocommerce_gallery_thumbnail-width":100,"woocommerce_gallery_thumbnail-height":100}},"header_buttons":false},{"acf_fc_layout":"full_width_text_block","full_text_block":"<h2 id=\"contact\">B\u00e9n\u00e9ficiez d\u2019un mois d\u2019essai gratuit *<\/h2>\n<p>&nbsp;<\/p>\n<p><iframe loading=\"lazy\" style=\"border: 0;\" src=\"https:\/\/go.contact.eurothermdev.co.uk\/l\/18412\/2018-04-19\/bnzcdp\" width=\"100%\" height=\"300\" frameborder=\"0\"><\/iframe><\/p>\n","button_link":"","button_text":"","remove_top_margin":false,"remove_bottom_margin":false},{"acf_fc_layout":"full_width_text_block","full_text_block":"<p>*Vous pouvez utiliser gratuitement toutes les fonctions d\u2019EcoStruxure Manufacturing Compliance Advisor pendant une p\u00e9riode de 30 jours. \u00c0 la fin de la p\u00e9riode d\u2019essai gratuit, le compte peut \u00eatre mis \u00e0 niveau vers un abonnement adapt\u00e9 \u00e0 vos besoins. Le compte d\u2019essai gratuit n\u2019a aucune limite en termes de cr\u00e9ation d\u2019utilisateurs, d\u2019ajout d\u2019actifs ou de tests r\u00e9alis\u00e9s.<\/p>\n","button_link":"","button_text":"","remove_top_margin":false,"remove_bottom_margin":false}],"show_sidebar":false,"display_accreditations":false,"related_products":[]},"jetpack_sharing_enabled":true,"_links":{"self":[{"href":"https:\/\/www.eurotherm.com\/fr\/wp-json\/wp\/v2\/pages\/82673","targetHints":{"allow":["GET"]}}],"collection":[{"href":"https:\/\/www.eurotherm.com\/fr\/wp-json\/wp\/v2\/pages"}],"about":[{"href":"https:\/\/www.eurotherm.com\/fr\/wp-json\/wp\/v2\/types\/page"}],"author":[{"embeddable":true,"href":"https:\/\/www.eurotherm.com\/fr\/wp-json\/wp\/v2\/users\/4"}],"replies":[{"embeddable":true,"href":"https:\/\/www.eurotherm.com\/fr\/wp-json\/wp\/v2\/comments?post=82673"}],"version-history":[{"count":0,"href":"https:\/\/www.eurotherm.com\/fr\/wp-json\/wp\/v2\/pages\/82673\/revisions"}],"wp:attachment":[{"href":"https:\/\/www.eurotherm.com\/fr\/wp-json\/wp\/v2\/media?parent=82673"}],"curies":[{"name":"wp","href":"https:\/\/api.w.org\/{rel}","templated":true}]}}