{"id":72611,"date":"2018-11-12T18:49:14","date_gmt":"2018-11-12T18:49:14","guid":{"rendered":"https:\/\/www.eurotherm.com\/solutions\/"},"modified":"2022-05-18T21:09:31","modified_gmt":"2022-05-18T13:09:31","slug":"solutions","status":"publish","type":"page","link":"https:\/\/www.eurotherm.com\/fr\/solutions\/","title":{"rendered":"Solutions"},"content":{"rendered":"","protected":false},"excerpt":{"rendered":"","protected":false},"author":3,"featured_media":49782,"parent":0,"menu_order":0,"comment_status":"closed","ping_status":"closed","template":"","meta":{"_acf_changed":false,"footnotes":""},"class_list":["post-72611","page","type-page","status-publish","has-post-thumbnail","hentry"],"acf":[],"yoast_head":"<!-- This site is optimized with the Yoast SEO plugin v27.2 - https:\/\/yoast.com\/product\/yoast-seo-wordpress\/ -->\n<title>Solutions | Eurotherm Limited<\/title>\n<meta name=\"description\" content=\"Solutions | Eurotherm\" \/>\n<meta name=\"robots\" content=\"index, follow, max-snippet:-1, max-image-preview:large, max-video-preview:-1\" \/>\n<meta property=\"og:locale\" content=\"fr_FR\" \/>\n<meta property=\"og:type\" content=\"article\" \/>\n<meta property=\"og:title\" content=\"Solutions | Eurotherm Limited\" \/>\n<meta property=\"og:url\" content=\"https:\/\/www.eurotherm.com\/fr\/solutions\/\" \/>\n<meta property=\"og:site_name\" content=\"Eurotherm Limited\" \/>\n<meta property=\"article:modified_time\" content=\"2022-05-18T13:09:31+00:00\" \/>\n<meta property=\"og:image\" content=\"https:\/\/www.eurotherm.com\/wp-content\/uploads\/2018\/11\/14_ARGOS-2560x600.jpg\" \/>\n\t<meta property=\"og:image:width\" content=\"2560\" \/>\n\t<meta property=\"og:image:height\" content=\"600\" \/>\n\t<meta property=\"og:image:type\" content=\"image\/jpeg\" \/>\n<meta name=\"twitter:card\" content=\"summary_large_image\" \/>\n<script type=\"application\/ld+json\" class=\"yoast-schema-graph\">{\"@context\":\"https:\/\/schema.org\",\"@graph\":[{\"@type\":\"WebPage\",\"@id\":\"https:\/\/www.eurotherm.com\/fr\/solutions\/\",\"url\":\"https:\/\/www.eurotherm.com\/fr\/solutions\/\",\"name\":\"Solutions | Eurotherm Limited\",\"isPartOf\":{\"@id\":\"https:\/\/www.eurotherm.com\/fr\/#website\"},\"primaryImageOfPage\":{\"@id\":\"https:\/\/www.eurotherm.com\/fr\/solutions\/#primaryimage\"},\"image\":{\"@id\":\"https:\/\/www.eurotherm.com\/fr\/solutions\/#primaryimage\"},\"thumbnailUrl\":\"https:\/\/www.eurotherm.com\/wp-content\/uploads\/2018\/11\/14_ARGOS-2560x600.jpg\",\"datePublished\":\"2018-11-12T18:49:14+00:00\",\"dateModified\":\"2022-05-18T13:09:31+00:00\",\"breadcrumb\":{\"@id\":\"https:\/\/www.eurotherm.com\/fr\/solutions\/#breadcrumb\"},\"inLanguage\":\"fr-FR\",\"potentialAction\":[{\"@type\":\"ReadAction\",\"target\":[\"https:\/\/www.eurotherm.com\/fr\/solutions\/\"]}]},{\"@type\":\"ImageObject\",\"inLanguage\":\"fr-FR\",\"@id\":\"https:\/\/www.eurotherm.com\/fr\/solutions\/#primaryimage\",\"url\":\"https:\/\/www.eurotherm.com\/wp-content\/uploads\/2018\/11\/14_ARGOS-2560x600.jpg\",\"contentUrl\":\"https:\/\/www.eurotherm.com\/wp-content\/uploads\/2018\/11\/14_ARGOS-2560x600.jpg\",\"width\":2560,\"height\":600},{\"@type\":\"BreadcrumbList\",\"@id\":\"https:\/\/www.eurotherm.com\/fr\/solutions\/#breadcrumb\",\"itemListElement\":[{\"@type\":\"ListItem\",\"position\":1,\"name\":\"Home\",\"item\":\"https:\/\/www.eurotherm.com\/fr\/\"},{\"@type\":\"ListItem\",\"position\":2,\"name\":\"Solutions\"}]},{\"@type\":\"WebSite\",\"@id\":\"https:\/\/www.eurotherm.com\/fr\/#website\",\"url\":\"https:\/\/www.eurotherm.com\/fr\/\",\"name\":\"Eurotherm Limited\",\"description\":\"Temperature Control, Process Control, Measurement and Data Recording Solutions\",\"potentialAction\":[{\"@type\":\"SearchAction\",\"target\":{\"@type\":\"EntryPoint\",\"urlTemplate\":\"https:\/\/www.eurotherm.com\/fr\/?s={search_term_string}\"},\"query-input\":{\"@type\":\"PropertyValueSpecification\",\"valueRequired\":true,\"valueName\":\"search_term_string\"}}],\"inLanguage\":\"fr-FR\"}]}<\/script>\n<!-- \/ Yoast SEO plugin. -->","yoast_head_json":{"title":"Solutions | Eurotherm Limited","description":"Solutions | Eurotherm","robots":{"index":"index","follow":"follow","max-snippet":"max-snippet:-1","max-image-preview":"max-image-preview:large","max-video-preview":"max-video-preview:-1"},"og_locale":"fr_FR","og_type":"article","og_title":"Solutions | Eurotherm Limited","og_url":"https:\/\/www.eurotherm.com\/fr\/solutions\/","og_site_name":"Eurotherm Limited","article_modified_time":"2022-05-18T13:09:31+00:00","og_image":[{"width":2560,"height":600,"url":"https:\/\/www.eurotherm.com\/wp-content\/uploads\/2018\/11\/14_ARGOS-2560x600.jpg","type":"image\/jpeg"}],"twitter_card":"summary_large_image","schema":{"@context":"https:\/\/schema.org","@graph":[{"@type":"WebPage","@id":"https:\/\/www.eurotherm.com\/fr\/solutions\/","url":"https:\/\/www.eurotherm.com\/fr\/solutions\/","name":"Solutions | Eurotherm Limited","isPartOf":{"@id":"https:\/\/www.eurotherm.com\/fr\/#website"},"primaryImageOfPage":{"@id":"https:\/\/www.eurotherm.com\/fr\/solutions\/#primaryimage"},"image":{"@id":"https:\/\/www.eurotherm.com\/fr\/solutions\/#primaryimage"},"thumbnailUrl":"https:\/\/www.eurotherm.com\/wp-content\/uploads\/2018\/11\/14_ARGOS-2560x600.jpg","datePublished":"2018-11-12T18:49:14+00:00","dateModified":"2022-05-18T13:09:31+00:00","breadcrumb":{"@id":"https:\/\/www.eurotherm.com\/fr\/solutions\/#breadcrumb"},"inLanguage":"fr-FR","potentialAction":[{"@type":"ReadAction","target":["https:\/\/www.eurotherm.com\/fr\/solutions\/"]}]},{"@type":"ImageObject","inLanguage":"fr-FR","@id":"https:\/\/www.eurotherm.com\/fr\/solutions\/#primaryimage","url":"https:\/\/www.eurotherm.com\/wp-content\/uploads\/2018\/11\/14_ARGOS-2560x600.jpg","contentUrl":"https:\/\/www.eurotherm.com\/wp-content\/uploads\/2018\/11\/14_ARGOS-2560x600.jpg","width":2560,"height":600},{"@type":"BreadcrumbList","@id":"https:\/\/www.eurotherm.com\/fr\/solutions\/#breadcrumb","itemListElement":[{"@type":"ListItem","position":1,"name":"Home","item":"https:\/\/www.eurotherm.com\/fr\/"},{"@type":"ListItem","position":2,"name":"Solutions"}]},{"@type":"WebSite","@id":"https:\/\/www.eurotherm.com\/fr\/#website","url":"https:\/\/www.eurotherm.com\/fr\/","name":"Eurotherm Limited","description":"Temperature Control, Process Control, Measurement and Data Recording Solutions","potentialAction":[{"@type":"SearchAction","target":{"@type":"EntryPoint","urlTemplate":"https:\/\/www.eurotherm.com\/fr\/?s={search_term_string}"},"query-input":{"@type":"PropertyValueSpecification","valueRequired":true,"valueName":"search_term_string"}}],"inLanguage":"fr-FR"}]}},"ACF":{"display_accreditations":true,"show_sidebar":false,"flexible_content":[{"acf_fc_layout":"full_width_image_header","header_textarea":"<h1 class=\"et_pb_module_header\">Solutions<\/h1>\n<p>Eurotherm dispose d&rsquo;\u00e9quipes d&rsquo;experts march\u00e9s pr\u00eates \u00e0 vous accompagner.<\/p>\n","background_image":{"ID":49782,"id":49782,"title":"14_ARGOS-2560x600","filename":"14_ARGOS-2560x600.jpg","filesize":224574,"url":"https:\/\/www.eurotherm.com\/wp-content\/uploads\/2018\/11\/14_ARGOS-2560x600.jpg","link":"https:\/\/www.eurotherm.com\/fr\/solutions\/attachment\/14_argos-2560x600-2\/","alt":"","author":"3","description":"","caption":"","name":"14_argos-2560x600-2","status":"inherit","uploaded_to":72611,"date":"2018-11-23 16:57:59","modified":"2018-11-23 16:57:59","menu_order":0,"mime_type":"image\/jpeg","type":"image","subtype":"jpeg","icon":"https:\/\/www.eurotherm.com\/wp-includes\/images\/media\/default.png","width":2560,"height":600,"sizes":{"thumbnail":"https:\/\/www.eurotherm.com\/wp-content\/uploads\/2018\/11\/14_ARGOS-2560x600-150x150.jpg","thumbnail-width":150,"thumbnail-height":150,"medium":"https:\/\/www.eurotherm.com\/wp-content\/uploads\/2018\/11\/14_ARGOS-2560x600-300x70.jpg","medium-width":300,"medium-height":70,"medium_large":"https:\/\/www.eurotherm.com\/wp-content\/uploads\/2018\/11\/14_ARGOS-2560x600-768x180.jpg","medium_large-width":768,"medium_large-height":180,"large":"https:\/\/www.eurotherm.com\/wp-content\/uploads\/2018\/11\/14_ARGOS-2560x600-1024x240.jpg","large-width":1024,"large-height":240,"1536x1536":"https:\/\/www.eurotherm.com\/wp-content\/uploads\/2018\/11\/14_ARGOS-2560x600.jpg","1536x1536-width":1536,"1536x1536-height":360,"2048x2048":"https:\/\/www.eurotherm.com\/wp-content\/uploads\/2018\/11\/14_ARGOS-2560x600.jpg","2048x2048-width":2048,"2048x2048-height":480,"woocommerce_thumbnail":"https:\/\/www.eurotherm.com\/wp-content\/uploads\/2018\/11\/14_ARGOS-2560x600-300x300.jpg","woocommerce_thumbnail-width":300,"woocommerce_thumbnail-height":300,"woocommerce_single":"https:\/\/www.eurotherm.com\/wp-content\/uploads\/2018\/11\/14_ARGOS-2560x600-600x141.jpg","woocommerce_single-width":600,"woocommerce_single-height":141,"woocommerce_gallery_thumbnail":"https:\/\/www.eurotherm.com\/wp-content\/uploads\/2018\/11\/14_ARGOS-2560x600-100x100.jpg","woocommerce_gallery_thumbnail-width":100,"woocommerce_gallery_thumbnail-height":100}},"header_buttons":false},{"acf_fc_layout":"two_third_text_-_one_third_text","left_column_two_third":"<h2>L&rsquo;innovation dans toutes les industries<\/h2>\n<p>Forts de plusieurs d\u00e9cennies d\u2019exp\u00e9rience en r\u00e9gulation de proc\u00e9d\u00e9, enregistrement et automatisation, nous nous assurons au travers de nos programmes de Recherche &amp; D\u00e9veloppement que nos solutions r\u00e9pondent aux d\u00e9fis actuels d&rsquo;un large spectre d&rsquo;industries. Nos clients sont soutenus par une \u00e9quipe de vente globale et un r\u00e9seau de services avec des ing\u00e9nieurs hautement qualifi\u00e9s qui comprennent les applications et les industries qu\u2019ils servent.<\/p>\n<div class=\"jhH5U r-iZUuzjgixC30\" data-rtid=\"iZUuzjgixC30\">\n<div id=\"tw-ob\" class=\"tw-src-ltr\">\n<div class=\"oSioSc\">\n<div id=\"tw-target\">\n<div id=\"kAz1tf\" class=\"g9WsWb\">\n<div class=\"iYB33c\">\n<div class=\"dlJLJe\"><\/div>\n<div id=\"tw-tmenu\" class=\"tw-menu\"><\/div>\n<\/div>\n<\/div>\n<\/div>\n<\/div>\n<\/div>\n<div id=\"tw-images\"><\/div>\n<div class=\"dURPtb\"><\/div>\n<div>\n<div><\/div>\n<\/div>\n<\/div>\n","right_column_one_third":"<h2>Liens Rapides<\/h2>\n<p><a href=\"https:\/\/www.eurotherm.com\/glass-manufacturing-process-solutions\/\">Verre &gt;<\/a><br \/>\n<a href=\"https:\/\/www.eurotherm.com\/heat-treatment-solutions\/\">Traitement Thermique &gt;<\/a><br \/>\n<a href=\"https:\/\/www.eurotherm.com\/life-sciences-cpg\/\">Sciences De La Vie \u2013 CPG &gt;<\/a><br \/>\n<a href=\"https:\/\/www.eurotherm.com\/food-and-beverage-cpg\/\">Industrie Agro-Alimentaire \u2013 CPG &gt;<\/a><br \/>\n<a href=\"https:\/\/www.eurotherm.com\/oem-custom-solutions\/\">Solutions OEM &gt;<\/a><br \/>\n<a href=\"https:\/\/www.eurotherm.com\/fr\/solutions\/plastics-solutions\/\">Plastique &gt;<\/a><br \/>\n<a href=\"https:\/\/www.eurotherm.com\/fr\/semiconductor\/\">Semiconducteurs &gt;<\/a><\/p>\n"},{"acf_fc_layout":"solution_page_links","solution_links_new":[{"ID":72446,"post_author":"3","post_date":"2018-11-23 17:32:41","post_date_gmt":"2018-11-23 17:32:41","post_content":"","post_title":"Verre","post_excerpt":"","post_status":"publish","comment_status":"closed","ping_status":"closed","post_password":"","post_name":"glass-manufacturing-process-solutions","to_ping":"","pinged":"","post_modified":"2026-02-24 16:43:37","post_modified_gmt":"2026-02-24 08:43:37","post_content_filtered":"","post_parent":0,"guid":"https:\/\/www.eurotherm.com\/glass-manufacturing-process-solutions\/","menu_order":0,"post_type":"page","post_mime_type":"","comment_count":"0","filter":"raw"},{"ID":72436,"post_author":"3","post_date":"2018-11-23 17:35:32","post_date_gmt":"2018-11-23 17:35:32","post_content":"","post_title":"Sciences de la vie","post_excerpt":"","post_status":"publish","comment_status":"closed","ping_status":"closed","post_password":"","post_name":"life-sciences-cpg","to_ping":"","pinged":"","post_modified":"2024-01-11 20:28:35","post_modified_gmt":"2024-01-11 12:28:35","post_content_filtered":"","post_parent":0,"guid":"https:\/\/www.eurotherm.com\/life-sciences-cpg\/","menu_order":0,"post_type":"page","post_mime_type":"","comment_count":"0","filter":"raw"},{"ID":75964,"post_author":"3","post_date":"2018-11-21 18:54:53","post_date_gmt":"2018-11-21 18:54:53","post_content":"","post_title":"Solutions pour l'agroalimentaire","post_excerpt":"","post_status":"publish","comment_status":"closed","ping_status":"closed","post_password":"","post_name":"food-and-beverage-cpg","to_ping":"","pinged":"","post_modified":"2023-06-16 17:27:46","post_modified_gmt":"2023-06-16 09:27:46","post_content_filtered":"","post_parent":0,"guid":"https:\/\/www.eurotherm.com\/food-and-beverage-cpg-2\/","menu_order":0,"post_type":"page","post_mime_type":"","comment_count":"0","filter":"raw"},{"ID":78559,"post_author":"3","post_date":"2019-04-12 08:26:43","post_date_gmt":"2019-04-12 08:26:43","post_content":"","post_title":"Solutions OEM","post_excerpt":"","post_status":"publish","comment_status":"closed","ping_status":"closed","post_password":"","post_name":"oem-custom-solutions","to_ping":"","pinged":"","post_modified":"2022-03-10 23:24:28","post_modified_gmt":"2022-03-10 15:24:28","post_content_filtered":"","post_parent":0,"guid":"https:\/\/eurothermdev.co.uk\/oem-custom-solutions\/","menu_order":0,"post_type":"page","post_mime_type":"","comment_count":"0","filter":"raw"},{"ID":100145,"post_author":"40","post_date":"2020-06-05 15:12:20","post_date_gmt":"2020-06-05 07:12:20","post_content":"","post_title":"Solutions pour le Traitement Thermique","post_excerpt":"","post_status":"publish","comment_status":"closed","ping_status":"closed","post_password":"","post_name":"heat-treatment-solutions","to_ping":"","pinged":"","post_modified":"2026-01-20 19:32:07","post_modified_gmt":"2026-01-20 11:32:07","post_content_filtered":"","post_parent":0,"guid":"https:\/\/eurothermdev.co.uk\/heat-treatment-solutions-2\/","menu_order":0,"post_type":"page","post_mime_type":"","comment_count":"0","filter":"raw"},{"ID":72381,"post_author":"3","post_date":"2018-11-26 10:33:58","post_date_gmt":"2018-11-26 10:33:58","post_content":"","post_title":"Plastique","post_excerpt":"","post_status":"publish","comment_status":"closed","ping_status":"closed","post_password":"","post_name":"plastics-solutions","to_ping":"","pinged":"","post_modified":"2020-04-16 17:02:22","post_modified_gmt":"2020-04-16 09:02:22","post_content_filtered":"","post_parent":72611,"guid":"https:\/\/www.eurotherm.com\/plastics-solutions\/","menu_order":0,"post_type":"page","post_mime_type":"","comment_count":"0","filter":"raw"},{"ID":83046,"post_author":"3","post_date":"2019-11-06 14:01:45","post_date_gmt":"2019-11-06 14:01:45","post_content":"","post_title":"Semiconductor Manufacturing Solutions","post_excerpt":"","post_status":"publish","comment_status":"closed","ping_status":"closed","post_password":"","post_name":"semiconductor","to_ping":"","pinged":"","post_modified":"2024-12-05 18:38:47","post_modified_gmt":"2024-12-05 10:38:47","post_content_filtered":"","post_parent":0,"guid":"https:\/\/eurothermdev.co.uk\/semiconductor\/","menu_order":0,"post_type":"page","post_mime_type":"","comment_count":"0","filter":"raw"}]},{"acf_fc_layout":"2_column_block_areas","activate_card_mode":false,"blocks":[{"featured_image":false,"small_featured_image":false,"text_block":"<h2>Petites solutions techniques pour l&rsquo;automatisation totale des installations et les syst\u00e8mes d&rsquo;alimentation<\/h2>\n<p>Innovative, durable, highly configurable products, services &amp; systems<\/p>\n","two_col_contact_form_instead_of_link":false,"two_col_button_link":"","two_col_button_text":"","two_col_shortcode":""},{"featured_image":false,"small_featured_image":false,"text_block":"<div class=\"sketchfab-embed-wrapper\"><iframe loading=\"lazy\" src=\"https:\/\/sketchfab.com\/models\/ebe7a3d4ca1a4006a853165d20473c7c\/embed?autospin=0.2\" width=\"640\" height=\"480\" frameborder=\"0\"><\/iframe><\/div>\n","two_col_contact_form_instead_of_link":false,"two_col_button_link":"","two_col_button_text":"","two_col_shortcode":""}]},{"acf_fc_layout":"3_column_block_areas","three_blocks_activate_card_mode":false,"custom_section_id":"","three_blocks":[{"three_featured_image":{"ID":55833,"id":55833,"title":"SE_solution_Lifecycle","filename":"SE_solution_Lifecycle.png","filesize":4740,"url":"https:\/\/www.eurotherm.com\/wp-content\/uploads\/2018\/12\/SE_solution_Lifecycle.png","link":"https:\/\/www.eurotherm.com\/fr\/services\/attachment\/se_solution_lifecycle-2\/","alt":"","author":"3","description":"","caption":"","name":"se_solution_lifecycle-2","status":"inherit","uploaded_to":72601,"date":"2018-12-12 11:21:15","modified":"2018-12-12 11:21:15","menu_order":0,"mime_type":"image\/png","type":"image","subtype":"png","icon":"https:\/\/www.eurotherm.com\/wp-includes\/images\/media\/default.png","width":122,"height":121,"sizes":{"thumbnail":"https:\/\/www.eurotherm.com\/wp-content\/uploads\/2018\/12\/SE_solution_Lifecycle.png","thumbnail-width":122,"thumbnail-height":121,"medium":"https:\/\/www.eurotherm.com\/wp-content\/uploads\/2018\/12\/SE_solution_Lifecycle.png","medium-width":122,"medium-height":121,"medium_large":"https:\/\/www.eurotherm.com\/wp-content\/uploads\/2018\/12\/SE_solution_Lifecycle.png","medium_large-width":122,"medium_large-height":121,"large":"https:\/\/www.eurotherm.com\/wp-content\/uploads\/2018\/12\/SE_solution_Lifecycle.png","large-width":122,"large-height":121,"1536x1536":"https:\/\/www.eurotherm.com\/wp-content\/uploads\/2018\/12\/SE_solution_Lifecycle.png","1536x1536-width":122,"1536x1536-height":121,"2048x2048":"https:\/\/www.eurotherm.com\/wp-content\/uploads\/2018\/12\/SE_solution_Lifecycle.png","2048x2048-width":122,"2048x2048-height":121,"woocommerce_thumbnail":"https:\/\/www.eurotherm.com\/wp-content\/uploads\/2018\/12\/SE_solution_Lifecycle.png","woocommerce_thumbnail-width":122,"woocommerce_thumbnail-height":121,"woocommerce_single":"https:\/\/www.eurotherm.com\/wp-content\/uploads\/2018\/12\/SE_solution_Lifecycle.png","woocommerce_single-width":122,"woocommerce_single-height":121,"woocommerce_gallery_thumbnail":"https:\/\/www.eurotherm.com\/wp-content\/uploads\/2018\/12\/SE_solution_Lifecycle-100x100.png","woocommerce_gallery_thumbnail-width":100,"woocommerce_gallery_thumbnail-height":100}},"small_featured_image_alt":true,"three_text_block":"<h4>Livre blanc sur les nouvelles connaissances en contr\u00f4le de puissance<\/h4>\n<p>Les b\u00e9n\u00e9fices du contr\u00f4le de puissance 2 phases VS 3 phases, dans les applications de chauffe triphas\u00e9es.<\/p>\n<p><a href=\"https:\/\/www.eurotherm.com\/fr\/download\/two-leg-vs-three-leg-power-control-white-paper-ha032954-iss-2\/?wpdmdl=28117&#038;masterkey=\">Lire le livre blanc<\/a><\/p>\n","three_col_contact_form_instead_of_link":false,"three_col_button_link":"","three_col_button_text":"","three_col_shortcode":"","three_col_open_in_new_tab":false},{"three_featured_image":{"ID":48793,"id":48793,"title":"SE_solution_Education","filename":"SE_solution_Education.png","filesize":3373,"url":"https:\/\/www.eurotherm.com\/wp-content\/uploads\/2018\/11\/SE_solution_Education.png","link":"https:\/\/www.eurotherm.com\/fr\/services\/attachment\/se_solution_education-2\/","alt":"","author":"3","description":"","caption":"","name":"se_solution_education-2","status":"inherit","uploaded_to":72601,"date":"2018-11-20 22:32:55","modified":"2018-11-20 22:32:55","menu_order":0,"mime_type":"image\/png","type":"image","subtype":"png","icon":"https:\/\/www.eurotherm.com\/wp-includes\/images\/media\/default.png","width":122,"height":121,"sizes":{"thumbnail":"https:\/\/www.eurotherm.com\/wp-content\/uploads\/2018\/11\/SE_solution_Education.png","thumbnail-width":122,"thumbnail-height":121,"medium":"https:\/\/www.eurotherm.com\/wp-content\/uploads\/2018\/11\/SE_solution_Education.png","medium-width":122,"medium-height":121,"medium_large":"https:\/\/www.eurotherm.com\/wp-content\/uploads\/2018\/11\/SE_solution_Education.png","medium_large-width":122,"medium_large-height":121,"large":"https:\/\/www.eurotherm.com\/wp-content\/uploads\/2018\/11\/SE_solution_Education.png","large-width":122,"large-height":121,"1536x1536":"https:\/\/www.eurotherm.com\/wp-content\/uploads\/2018\/11\/SE_solution_Education.png","1536x1536-width":122,"1536x1536-height":121,"2048x2048":"https:\/\/www.eurotherm.com\/wp-content\/uploads\/2018\/11\/SE_solution_Education.png","2048x2048-width":122,"2048x2048-height":121,"woocommerce_thumbnail":"https:\/\/www.eurotherm.com\/wp-content\/uploads\/2018\/11\/SE_solution_Education.png","woocommerce_thumbnail-width":122,"woocommerce_thumbnail-height":121,"woocommerce_single":"https:\/\/www.eurotherm.com\/wp-content\/uploads\/2018\/11\/SE_solution_Education.png","woocommerce_single-width":122,"woocommerce_single-height":121,"woocommerce_gallery_thumbnail":"https:\/\/www.eurotherm.com\/wp-content\/uploads\/2018\/11\/SE_solution_Education-100x100.png","woocommerce_gallery_thumbnail-width":100,"woocommerce_gallery_thumbnail-height":100}},"small_featured_image_alt":false,"three_text_block":"<h4>Etudes de cas<\/h4>\n<p>D\u00e9couvrez nos dernier succ\u00e8s et \u00e9tudes de cas<\/p>\n<p><a href=\"\/case-studies\/\">Etudes de cas Eurotherm<\/a><\/p>\n","three_col_contact_form_instead_of_link":false,"three_col_button_link":"","three_col_button_text":"","three_col_shortcode":"","three_col_open_in_new_tab":false},{"three_featured_image":{"ID":48807,"id":48807,"title":"SE_solution_prosumer","filename":"SE_solution_prosumer.png","filesize":4874,"url":"https:\/\/www.eurotherm.com\/wp-content\/uploads\/2018\/11\/SE_solution_prosumer.png","link":"https:\/\/www.eurotherm.com\/fr\/services\/attachment\/se_solution_prosumer-2\/","alt":"","author":"3","description":"","caption":"","name":"se_solution_prosumer-2","status":"inherit","uploaded_to":72601,"date":"2018-11-20 22:37:33","modified":"2018-11-20 22:37:33","menu_order":0,"mime_type":"image\/png","type":"image","subtype":"png","icon":"https:\/\/www.eurotherm.com\/wp-includes\/images\/media\/default.png","width":122,"height":121,"sizes":{"thumbnail":"https:\/\/www.eurotherm.com\/wp-content\/uploads\/2018\/11\/SE_solution_prosumer.png","thumbnail-width":122,"thumbnail-height":121,"medium":"https:\/\/www.eurotherm.com\/wp-content\/uploads\/2018\/11\/SE_solution_prosumer.png","medium-width":122,"medium-height":121,"medium_large":"https:\/\/www.eurotherm.com\/wp-content\/uploads\/2018\/11\/SE_solution_prosumer.png","medium_large-width":122,"medium_large-height":121,"large":"https:\/\/www.eurotherm.com\/wp-content\/uploads\/2018\/11\/SE_solution_prosumer.png","large-width":122,"large-height":121,"1536x1536":"https:\/\/www.eurotherm.com\/wp-content\/uploads\/2018\/11\/SE_solution_prosumer.png","1536x1536-width":122,"1536x1536-height":121,"2048x2048":"https:\/\/www.eurotherm.com\/wp-content\/uploads\/2018\/11\/SE_solution_prosumer.png","2048x2048-width":122,"2048x2048-height":121,"woocommerce_thumbnail":"https:\/\/www.eurotherm.com\/wp-content\/uploads\/2018\/11\/SE_solution_prosumer.png","woocommerce_thumbnail-width":122,"woocommerce_thumbnail-height":121,"woocommerce_single":"https:\/\/www.eurotherm.com\/wp-content\/uploads\/2018\/11\/SE_solution_prosumer.png","woocommerce_single-width":122,"woocommerce_single-height":121,"woocommerce_gallery_thumbnail":"https:\/\/www.eurotherm.com\/wp-content\/uploads\/2018\/11\/SE_solution_prosumer-100x100.png","woocommerce_gallery_thumbnail-width":100,"woocommerce_gallery_thumbnail-height":100}},"small_featured_image_alt":false,"three_text_block":"<h4>Obtenez le meilleur de votre proc\u00e9d\u00e9<\/h4>\n<div data-service=\"youtube\" data-id=\"WnVgC6sUxBU\"><\/div>\n","three_col_contact_form_instead_of_link":false,"three_col_button_link":"","three_col_button_text":"","three_col_shortcode":"","three_col_open_in_new_tab":false}]},{"acf_fc_layout":"dark_column_block","dark_text_block":"<p>Nous soutenons nos clients en int\u00e9grant notre savoir-faire li\u00e9 aux normes et r\u00e9glementations directement dans nos produits, syst\u00e8mes et solutions afin de r\u00e9pondre aux exigences industrielles. <strong>En savoir plus :<\/strong><\/p>\n","dark_background_image":{"ID":57791,"id":57791,"title":"epc3000-banner","filename":"epc3000-banner.jpg","filesize":207764,"url":"https:\/\/www.eurotherm.com\/wp-content\/uploads\/2018\/12\/epc3000-banner.jpg","link":"https:\/\/www.eurotherm.com\/fr\/careers\/attachment\/epc3000-banner-3-2\/","alt":"","author":"8","description":"","caption":"","name":"epc3000-banner-3-2","status":"inherit","uploaded_to":72431,"date":"2018-12-19 16:23:09","modified":"2020-07-23 12:40:46","menu_order":0,"mime_type":"image\/jpeg","type":"image","subtype":"jpeg","icon":"https:\/\/www.eurotherm.com\/wp-includes\/images\/media\/default.png","width":1920,"height":550,"sizes":{"thumbnail":"https:\/\/www.eurotherm.com\/wp-content\/uploads\/2018\/12\/epc3000-banner-150x150.jpg","thumbnail-width":150,"thumbnail-height":150,"medium":"https:\/\/www.eurotherm.com\/wp-content\/uploads\/2018\/12\/epc3000-banner-300x86.jpg","medium-width":300,"medium-height":86,"medium_large":"https:\/\/www.eurotherm.com\/wp-content\/uploads\/2018\/12\/epc3000-banner-768x220.jpg","medium_large-width":768,"medium_large-height":220,"large":"https:\/\/www.eurotherm.com\/wp-content\/uploads\/2018\/12\/epc3000-banner-1024x293.jpg","large-width":1024,"large-height":293,"1536x1536":"https:\/\/www.eurotherm.com\/wp-content\/uploads\/2018\/12\/epc3000-banner.jpg","1536x1536-width":1536,"1536x1536-height":440,"2048x2048":"https:\/\/www.eurotherm.com\/wp-content\/uploads\/2018\/12\/epc3000-banner.jpg","2048x2048-width":1920,"2048x2048-height":550,"woocommerce_thumbnail":"https:\/\/www.eurotherm.com\/wp-content\/uploads\/2018\/12\/epc3000-banner-300x300.jpg","woocommerce_thumbnail-width":300,"woocommerce_thumbnail-height":300,"woocommerce_single":"https:\/\/www.eurotherm.com\/wp-content\/uploads\/2018\/12\/epc3000-banner-768x220.jpg","woocommerce_single-width":600,"woocommerce_single-height":172,"woocommerce_gallery_thumbnail":"https:\/\/www.eurotherm.com\/wp-content\/uploads\/2018\/12\/epc3000-banner-100x100.jpg","woocommerce_gallery_thumbnail-width":100,"woocommerce_gallery_thumbnail-height":100}},"dark_buttons":[{"dark_button_link":"\/solutions\/meeting-regulatory-industry-compliance\/","dark_button_text":"Meeting evolving regulatory requirements"}],"dark_reduce_padding":false,"dark_reduce_text_width":false}],"related_products":null},"jetpack_sharing_enabled":true,"_links":{"self":[{"href":"https:\/\/www.eurotherm.com\/fr\/wp-json\/wp\/v2\/pages\/72611","targetHints":{"allow":["GET"]}}],"collection":[{"href":"https:\/\/www.eurotherm.com\/fr\/wp-json\/wp\/v2\/pages"}],"about":[{"href":"https:\/\/www.eurotherm.com\/fr\/wp-json\/wp\/v2\/types\/page"}],"author":[{"embeddable":true,"href":"https:\/\/www.eurotherm.com\/fr\/wp-json\/wp\/v2\/users\/3"}],"replies":[{"embeddable":true,"href":"https:\/\/www.eurotherm.com\/fr\/wp-json\/wp\/v2\/comments?post=72611"}],"version-history":[{"count":7,"href":"https:\/\/www.eurotherm.com\/fr\/wp-json\/wp\/v2\/pages\/72611\/revisions"}],"predecessor-version":[{"id":129440,"href":"https:\/\/www.eurotherm.com\/fr\/wp-json\/wp\/v2\/pages\/72611\/revisions\/129440"}],"wp:featuredmedia":[{"embeddable":true,"href":"https:\/\/www.eurotherm.com\/fr\/wp-json\/wp\/v2\/media\/49782"}],"wp:attachment":[{"href":"https:\/\/www.eurotherm.com\/fr\/wp-json\/wp\/v2\/media?parent=72611"}],"curies":[{"name":"wp","href":"https:\/\/api.w.org\/{rel}","templated":true}]}}