{"id":72501,"date":"2018-11-23T09:49:19","date_gmt":"2018-11-23T09:49:19","guid":{"rendered":"https:\/\/www.eurotherm.com\/accreditation-services\/nadcap-services\/"},"modified":"2020-03-24T17:30:33","modified_gmt":"2020-03-24T09:30:33","slug":"nadcap-services","status":"publish","type":"page","link":"https:\/\/www.eurotherm.com\/fr\/services\/accreditation-services\/nadcap-services\/","title":{"rendered":"Services Nadcap"},"content":{"rendered":"","protected":false},"excerpt":{"rendered":"","protected":false},"author":3,"featured_media":0,"parent":72471,"menu_order":0,"comment_status":"closed","ping_status":"closed","template":"","meta":{"_acf_changed":false,"footnotes":""},"class_list":["post-72501","page","type-page","status-publish","hentry"],"acf":[],"yoast_head":"<!-- This site is optimized with the Yoast SEO plugin v27.2 - https:\/\/yoast.com\/product\/yoast-seo-wordpress\/ -->\n<title>Services Nadcap | Eurotherm Limited<\/title>\n<meta name=\"description\" content=\"Services Nadcap | Eurotherm\" \/>\n<meta name=\"robots\" content=\"index, follow, max-snippet:-1, max-image-preview:large, max-video-preview:-1\" \/>\n<meta property=\"og:locale\" content=\"fr_FR\" \/>\n<meta property=\"og:type\" content=\"article\" \/>\n<meta property=\"og:title\" content=\"Services Nadcap | Eurotherm Limited\" \/>\n<meta property=\"og:url\" content=\"https:\/\/www.eurotherm.com\/fr\/services\/accreditation-services\/nadcap-services\/\" \/>\n<meta property=\"og:site_name\" content=\"Eurotherm Limited\" \/>\n<meta property=\"article:modified_time\" content=\"2020-03-24T09:30:33+00:00\" \/>\n<meta name=\"twitter:card\" content=\"summary_large_image\" \/>\n<script type=\"application\/ld+json\" class=\"yoast-schema-graph\">{\"@context\":\"https:\/\/schema.org\",\"@graph\":[{\"@type\":\"WebPage\",\"@id\":\"https:\/\/www.eurotherm.com\/fr\/services\/accreditation-services\/nadcap-services\/\",\"url\":\"https:\/\/www.eurotherm.com\/fr\/services\/accreditation-services\/nadcap-services\/\",\"name\":\"Services Nadcap | Eurotherm Limited\",\"isPartOf\":{\"@id\":\"https:\/\/www.eurotherm.com\/fr\/#website\"},\"datePublished\":\"2018-11-23T09:49:19+00:00\",\"dateModified\":\"2020-03-24T09:30:33+00:00\",\"breadcrumb\":{\"@id\":\"https:\/\/www.eurotherm.com\/fr\/services\/accreditation-services\/nadcap-services\/#breadcrumb\"},\"inLanguage\":\"fr-FR\",\"potentialAction\":[{\"@type\":\"ReadAction\",\"target\":[\"https:\/\/www.eurotherm.com\/fr\/services\/accreditation-services\/nadcap-services\/\"]}]},{\"@type\":\"BreadcrumbList\",\"@id\":\"https:\/\/www.eurotherm.com\/fr\/services\/accreditation-services\/nadcap-services\/#breadcrumb\",\"itemListElement\":[{\"@type\":\"ListItem\",\"position\":1,\"name\":\"Home\",\"item\":\"https:\/\/www.eurotherm.com\/fr\/\"},{\"@type\":\"ListItem\",\"position\":2,\"name\":\"Services d&rsquo;automatisation industrielle\",\"item\":\"https:\/\/www.eurotherm.com\/fr\/services\/\"},{\"@type\":\"ListItem\",\"position\":3,\"name\":\"M\u00e9trologie\",\"item\":\"https:\/\/www.eurotherm.com\/fr\/services\/accreditation-services\/\"},{\"@type\":\"ListItem\",\"position\":4,\"name\":\"Services Nadcap\"}]},{\"@type\":\"WebSite\",\"@id\":\"https:\/\/www.eurotherm.com\/fr\/#website\",\"url\":\"https:\/\/www.eurotherm.com\/fr\/\",\"name\":\"Eurotherm Limited\",\"description\":\"Temperature Control, Process Control, Measurement and Data Recording Solutions\",\"potentialAction\":[{\"@type\":\"SearchAction\",\"target\":{\"@type\":\"EntryPoint\",\"urlTemplate\":\"https:\/\/www.eurotherm.com\/fr\/?s={search_term_string}\"},\"query-input\":{\"@type\":\"PropertyValueSpecification\",\"valueRequired\":true,\"valueName\":\"search_term_string\"}}],\"inLanguage\":\"fr-FR\"}]}<\/script>\n<!-- \/ Yoast SEO plugin. -->","yoast_head_json":{"title":"Services Nadcap | Eurotherm Limited","description":"Services Nadcap | Eurotherm","robots":{"index":"index","follow":"follow","max-snippet":"max-snippet:-1","max-image-preview":"max-image-preview:large","max-video-preview":"max-video-preview:-1"},"og_locale":"fr_FR","og_type":"article","og_title":"Services Nadcap | Eurotherm Limited","og_url":"https:\/\/www.eurotherm.com\/fr\/services\/accreditation-services\/nadcap-services\/","og_site_name":"Eurotherm Limited","article_modified_time":"2020-03-24T09:30:33+00:00","twitter_card":"summary_large_image","schema":{"@context":"https:\/\/schema.org","@graph":[{"@type":"WebPage","@id":"https:\/\/www.eurotherm.com\/fr\/services\/accreditation-services\/nadcap-services\/","url":"https:\/\/www.eurotherm.com\/fr\/services\/accreditation-services\/nadcap-services\/","name":"Services Nadcap | Eurotherm Limited","isPartOf":{"@id":"https:\/\/www.eurotherm.com\/fr\/#website"},"datePublished":"2018-11-23T09:49:19+00:00","dateModified":"2020-03-24T09:30:33+00:00","breadcrumb":{"@id":"https:\/\/www.eurotherm.com\/fr\/services\/accreditation-services\/nadcap-services\/#breadcrumb"},"inLanguage":"fr-FR","potentialAction":[{"@type":"ReadAction","target":["https:\/\/www.eurotherm.com\/fr\/services\/accreditation-services\/nadcap-services\/"]}]},{"@type":"BreadcrumbList","@id":"https:\/\/www.eurotherm.com\/fr\/services\/accreditation-services\/nadcap-services\/#breadcrumb","itemListElement":[{"@type":"ListItem","position":1,"name":"Home","item":"https:\/\/www.eurotherm.com\/fr\/"},{"@type":"ListItem","position":2,"name":"Services d&rsquo;automatisation industrielle","item":"https:\/\/www.eurotherm.com\/fr\/services\/"},{"@type":"ListItem","position":3,"name":"M\u00e9trologie","item":"https:\/\/www.eurotherm.com\/fr\/services\/accreditation-services\/"},{"@type":"ListItem","position":4,"name":"Services Nadcap"}]},{"@type":"WebSite","@id":"https:\/\/www.eurotherm.com\/fr\/#website","url":"https:\/\/www.eurotherm.com\/fr\/","name":"Eurotherm Limited","description":"Temperature Control, Process Control, Measurement and Data Recording Solutions","potentialAction":[{"@type":"SearchAction","target":{"@type":"EntryPoint","urlTemplate":"https:\/\/www.eurotherm.com\/fr\/?s={search_term_string}"},"query-input":{"@type":"PropertyValueSpecification","valueRequired":true,"valueName":"search_term_string"}}],"inLanguage":"fr-FR"}]}},"ACF":{"flexible_content":[{"acf_fc_layout":"full_width_text_block","full_text_block":"<h2>R\u00e9glementation pour le traitement thermique<\/h2>\n<p>Eurotherm dispose d&rsquo;une large gamme de produits et services con\u00e7us pour r\u00e9pondre \u00e0 la r\u00e9glementation.<\/p>\n<p>La r\u00e9glementation se r\u00e9partit en 2 cat\u00e9gories principales et Eurotherm peut vous apporter des solutions pour ces deux ensembles d&rsquo;exigences :<\/p>\n<ul>\n<li>Syst\u00e8me de qualit\u00e9 pour l&rsquo;accr\u00e9ditation comme les normes a\u00e9rospatiales AS7102 (Nadcap) et AMS2750<\/li>\n<li>Syst\u00e8me de qualit\u00e9 de l&rsquo;entreprise comme les normes QS9000 et TS16949 de l&rsquo;industrie automobile<\/li>\n<\/ul>\n","button_link":"","button_text":"","remove_top_margin":false,"remove_bottom_margin":false},{"acf_fc_layout":"3_column_block_areas","three_blocks_activate_card_mode":false,"custom_section_id":"","three_blocks":[{"three_featured_image":false,"small_featured_image_alt":false,"three_text_block":"<h2>Nadcap (National aerospace and defense contractors accreditation program)<\/h2>\n<p>Eurotherm s&rsquo;engage pour vous aider \u00e0 atteindre le standard de qualit\u00e9 qui \u00e9mane des exigences de ces sp\u00e9cifications :<\/p>\n<ul>\n<li>AS7102 &#8211; Exigences Nadcap pour le traitement thermique<\/li>\n<li>AS7102\/1 &#8211; Exigences du programme d&rsquo;accr\u00e9ditation des contractants des industries de la d\u00e9fence et a\u00e9rospatiale pour le brasage<\/li>\n<\/ul>\n","three_col_contact_form_instead_of_link":false,"three_col_button_link":"","three_col_button_text":"","three_col_shortcode":"","three_col_open_in_new_tab":false},{"three_featured_image":false,"small_featured_image_alt":false,"three_text_block":"<h2>Services pour le Traitement Thermique<\/h2>\n<ul>\n<li>Solutions de contr\u00f4le pour le traitement thermique<\/li>\n<li>Cartographie d&rsquo;uniformit\u00e9 des temp\u00e9ratures<\/li>\n<li>Produits pour aider \u00e0 atteindre la conformit\u00e9 AMS2750<\/li>\n<\/ul>\n","three_col_contact_form_instead_of_link":false,"three_col_button_link":"","three_col_button_text":"","three_col_shortcode":"","three_col_open_in_new_tab":false},{"three_featured_image":false,"small_featured_image_alt":false,"three_text_block":"<h2>Qu&rsquo;est ce que la r\u00e9glementation Nadcap ?<\/h2>\n<p>Les r\u00e8glementations d\u00e9finies pour l&rsquo;industrie a\u00e9rospatiale sont \u00e9nonc\u00e9es dans le National Aerospace and Defence Contractors Accreditation Programme (Nadcap). Pour le traitement thermique, Nadcap a des exigences d&rsquo;audit sp\u00e9cifiques couvertes dans l&rsquo;AS7102 et les crit\u00e8res d&rsquo;audit AC7102. Eurotherm s&rsquo;engage \u00e0 vous aider \u00e0 atteindre les exigences de cette norme et les exigences thermiques AMS2750 associ\u00e9es.<\/p>\n","three_col_contact_form_instead_of_link":false,"three_col_button_link":"","three_col_button_text":"","three_col_shortcode":"","three_col_open_in_new_tab":false}]},{"acf_fc_layout":"full_width_text_block","full_text_block":"<h3>Les services Nadcap que nous proposons :<\/h3>\n<ul>\n<li>Incorporation des exigences Nadcap dans la conception des produits pour l&rsquo;instrumentation de r\u00e9gulation et les \u00e9quipements de gestion de donn\u00e9es pour aider \u00e0 la conformit\u00e9<\/li>\n<li>Incorporation des routines utilisateur dans l&rsquo;instrumentation de r\u00e9gulation et les \u00e9quipement de gestion de donn\u00e9es pour aider \u00e0 la conformit\u00e9 aux SAT &#8211; Pr\u00e9cision de la cha\u00eene de temp\u00e9rature<\/li>\n<li>Algorithmes de r\u00e9gulation de renomm\u00e9e mondiale pour aider les performances pr\u00e9cises \u00e0 des profils thermiques d\u00e9finies<\/li>\n<li>Routines sp\u00e9ciales pour \u00e9liminer les d\u00e9passements thermiques et atteindre des temps de trempe thermique garantis<\/li>\n<li>Des solutions de r\u00e9gulation c\u00e2bl\u00e9es par soft pour s&rsquo;adapter \u00e0 la charge de surveillance des thermocouples<\/li>\n<li>La fourniture d&rsquo;\u00e9quipements et de services pour permettre aux cartographies (TUS) d&rsquo;\u00eatre en conformit\u00e9 avec la r\u00e9glementation<\/li>\n<li>Enregistrement s\u00e9curis\u00e9 local et \u00e0 distance \u00e0 tous les niveaux<\/li>\n<li>Routines pour la gestion de la r\u00e9vision des lots et l&rsquo;enregistrement des profils de recette s\u00e9lectionn\u00e9s par rapport \u00e0 la performance r\u00e9elle du four<\/li>\n<li>Routines sp\u00e9ciales et types d&rsquo;entr\u00e9es pour supporter une r\u00e9gulation pr\u00e9cise des fours sous vide et \u00e0 atmosph\u00e8re<\/li>\n<\/ul>\n","button_link":"","button_text":"","remove_top_margin":false,"remove_bottom_margin":false},{"acf_fc_layout":"full_width_text_block","full_text_block":"<h3>Eurotherm travaille avec la norme A\u00e9rospatiale AS7102<\/h3>\n<p><strong>Syst\u00e8me de qualit\u00e9 g\u00e9n\u00e9ral (AS7102 Section 3)<\/strong><\/p>\n<p>Eurotherm comprend les exigences li\u00e9es aux syst\u00e8mes de qualit\u00e9 et dispose d&rsquo;un domaine d&rsquo;activit\u00e9 cl\u00e9 pour fournir des produits, des services et des conseils qui aident les entreprises \u00e0 obtenir l&rsquo;accr\u00e9ditation Nadcap.<\/p>\n<p>Eurotherm fonctionne selon un syst\u00e8me de qualit\u00e9 conforme \u00e0 la norme ISO9001 afin d&rsquo;assurer et de d\u00e9montrer la conception, le d\u00e9veloppement et la fabrication de produits et de services conformes \u00e0 leurs exigences sp\u00e9cifiques.<\/p>\n<p>Eurotherm maintient sa r\u00e9putation en tant que fournisseur d&rsquo;\u00e9quipements, de logiciels de haute qualit\u00e9 et de services d&rsquo;ing\u00e9nierie efficaces tout au long de la dur\u00e9e de vie de ses produits.<\/p>\n<p><strong>Planning et Contr\u00f4le du proc\u00e9d\u00e9 (AS7102 Section 4)\u00a0<\/strong><\/p>\n<ul>\n<li>Routines de gestion des lots<\/li>\n<li>Syst\u00e8mes pour la gestion des recettes, le contr\u00f4le de la r\u00e9vision des recettes et l&rsquo;enregistrement des recettes s\u00e9lectionn\u00e9es<\/li>\n<li>Enregistrement simultan\u00e9 du proc\u00e9d\u00e9 courant et des param\u00e8tres du proc\u00e9d\u00e9 requis<\/li>\n<li>Support pour la tenue de dossiers automatis\u00e9s et les sauvegardes d&rsquo;archivage multiples<\/li>\n<li>Enregistrement embarqu\u00e9 des d\u00e9faillances du four et des \u00e9v\u00e8nements d&rsquo;interruption<\/li>\n<\/ul>\n<p><strong>Personnel (AS7102 Section 5)\u00a0<\/strong><\/p>\n<ul>\n<li>Guide utilisateur des produits d\u00e9taill\u00e9<\/li>\n<li>Guides d&rsquo;applications pour les \u00e9quipements de traitement thermique<\/li>\n<li>Services formation et conseils<\/li>\n<\/ul>\n<p><strong>Manipulation du mat\u00e9riel et Protection (AS7102 Section 6)\u00a0<\/strong><\/p>\n<ul>\n<li>Syst\u00e8mes pour l&rsquo;automatisation de l&rsquo;ordonnancement<\/li>\n<li>Syst\u00e8mes pour surveiller les enregistrements de temp\u00e9rature et de temps \u00e0 distance pour la r\u00e9frig\u00e9ration et les temp\u00e9ratures n\u00e9gatives<\/li>\n<\/ul>\n<p><strong>Test et Inspection (AS7102 Section 7)\u00a0<\/strong><\/p>\n<p>Capacit\u00e9 \u00e0 int\u00e9grer manuelement ou \u00e9lectroniquement les r\u00e9sultats des tests de clients pertinents dans les fichiers de donn\u00e9es s\u00e9curis\u00e9s.<\/p>\n<p><strong>Contr\u00f4le du four et Maintenance (AS7102 Section 8)\u00a0<\/strong><\/p>\n<p>L&rsquo;AS7102 section 8 couvre les exigences pour le contr\u00f4le et la maintenance des fours. Il s&rsquo;agit d&rsquo;un domaine d&rsquo;activit\u00e9 cl\u00e9 pour Eurotherm qui fournit les fabricants et les fournisseurs de l&rsquo;A\u00e9rospatial, en particulier en ce qui concerne les domaines suivants:<\/p>\n<ul>\n<li>Enregistrements des cycles de chauffe<\/li>\n<li>Diagnostic du four<\/li>\n<li>Contr\u00f4le de l&rsquo;environnement de chauffe<\/li>\n<li>Enregistrements et routines de contr\u00f4le pour les syst\u00e8mes \u00e9tanches<\/li>\n<li>Essais pyrom\u00e9triques<\/li>\n<li>Taux de fuite automatique des fours sous vide et routine de pompe vers le bas<\/li>\n<\/ul>\n<p><strong>Documentation\u00a0<\/strong><\/p>\n<p>Des informations sur l&rsquo;AS7102 peuvent \u00eatre trouv\u00e9es dans la <a href=\"https:\/\/www.eurotherm.com\/?wpdmdl=28422\">documentation d\u00e9di\u00e9e<\/a>.<\/p>\n","button_link":"","button_text":"","remove_top_margin":false,"remove_bottom_margin":false}],"show_sidebar":false,"display_accreditations":false},"jetpack_sharing_enabled":true,"_links":{"self":[{"href":"https:\/\/www.eurotherm.com\/fr\/wp-json\/wp\/v2\/pages\/72501","targetHints":{"allow":["GET"]}}],"collection":[{"href":"https:\/\/www.eurotherm.com\/fr\/wp-json\/wp\/v2\/pages"}],"about":[{"href":"https:\/\/www.eurotherm.com\/fr\/wp-json\/wp\/v2\/types\/page"}],"author":[{"embeddable":true,"href":"https:\/\/www.eurotherm.com\/fr\/wp-json\/wp\/v2\/users\/3"}],"replies":[{"embeddable":true,"href":"https:\/\/www.eurotherm.com\/fr\/wp-json\/wp\/v2\/comments?post=72501"}],"version-history":[{"count":0,"href":"https:\/\/www.eurotherm.com\/fr\/wp-json\/wp\/v2\/pages\/72501\/revisions"}],"up":[{"embeddable":true,"href":"https:\/\/www.eurotherm.com\/fr\/wp-json\/wp\/v2\/pages\/72471"}],"wp:attachment":[{"href":"https:\/\/www.eurotherm.com\/fr\/wp-json\/wp\/v2\/media?parent=72501"}],"curies":[{"name":"wp","href":"https:\/\/api.w.org\/{rel}","templated":true}]}}