{"id":72496,"date":"2018-11-23T10:21:53","date_gmt":"2018-11-23T10:21:53","guid":{"rendered":"https:\/\/www.eurotherm.com\/preventative-maintenance\/"},"modified":"2020-03-24T17:53:09","modified_gmt":"2020-03-24T09:53:09","slug":"preventative-maintenance","status":"publish","type":"page","link":"https:\/\/www.eurotherm.com\/fr\/services\/preventative-maintenance\/","title":{"rendered":"Maintenance Pr\u00e9ventive"},"content":{"rendered":"","protected":false},"excerpt":{"rendered":"","protected":false},"author":3,"featured_media":0,"parent":72601,"menu_order":0,"comment_status":"closed","ping_status":"closed","template":"","meta":{"_acf_changed":false,"footnotes":""},"class_list":["post-72496","page","type-page","status-publish","hentry"],"acf":[],"yoast_head":"<!-- This site is optimized with the Yoast SEO plugin v27.2 - https:\/\/yoast.com\/product\/yoast-seo-wordpress\/ -->\n<title>Maintenance Pr\u00e9ventive | Eurotherm Limited<\/title>\n<meta name=\"description\" content=\"Maintenance Pr\u00e9ventive | Eurotherm\" \/>\n<meta name=\"robots\" content=\"index, follow, max-snippet:-1, max-image-preview:large, max-video-preview:-1\" \/>\n<meta property=\"og:locale\" content=\"fr_FR\" \/>\n<meta property=\"og:type\" content=\"article\" \/>\n<meta property=\"og:title\" content=\"Maintenance Pr\u00e9ventive | Eurotherm Limited\" \/>\n<meta property=\"og:url\" content=\"https:\/\/www.eurotherm.com\/fr\/services\/preventative-maintenance\/\" \/>\n<meta property=\"og:site_name\" content=\"Eurotherm Limited\" \/>\n<meta property=\"article:modified_time\" content=\"2020-03-24T09:53:09+00:00\" \/>\n<meta name=\"twitter:card\" content=\"summary_large_image\" \/>\n<script type=\"application\/ld+json\" class=\"yoast-schema-graph\">{\"@context\":\"https:\/\/schema.org\",\"@graph\":[{\"@type\":\"WebPage\",\"@id\":\"https:\/\/www.eurotherm.com\/fr\/services\/preventative-maintenance\/\",\"url\":\"https:\/\/www.eurotherm.com\/fr\/services\/preventative-maintenance\/\",\"name\":\"Maintenance Pr\u00e9ventive | Eurotherm Limited\",\"isPartOf\":{\"@id\":\"https:\/\/www.eurotherm.com\/fr\/#website\"},\"datePublished\":\"2018-11-23T10:21:53+00:00\",\"dateModified\":\"2020-03-24T09:53:09+00:00\",\"breadcrumb\":{\"@id\":\"https:\/\/www.eurotherm.com\/fr\/services\/preventative-maintenance\/#breadcrumb\"},\"inLanguage\":\"fr-FR\",\"potentialAction\":[{\"@type\":\"ReadAction\",\"target\":[\"https:\/\/www.eurotherm.com\/fr\/services\/preventative-maintenance\/\"]}]},{\"@type\":\"BreadcrumbList\",\"@id\":\"https:\/\/www.eurotherm.com\/fr\/services\/preventative-maintenance\/#breadcrumb\",\"itemListElement\":[{\"@type\":\"ListItem\",\"position\":1,\"name\":\"Home\",\"item\":\"https:\/\/www.eurotherm.com\/fr\/\"},{\"@type\":\"ListItem\",\"position\":2,\"name\":\"Services d&rsquo;automatisation industrielle\",\"item\":\"https:\/\/www.eurotherm.com\/fr\/services\/\"},{\"@type\":\"ListItem\",\"position\":3,\"name\":\"Maintenance Pr\u00e9ventive\"}]},{\"@type\":\"WebSite\",\"@id\":\"https:\/\/www.eurotherm.com\/fr\/#website\",\"url\":\"https:\/\/www.eurotherm.com\/fr\/\",\"name\":\"Eurotherm Limited\",\"description\":\"Temperature Control, Process Control, Measurement and Data Recording Solutions\",\"potentialAction\":[{\"@type\":\"SearchAction\",\"target\":{\"@type\":\"EntryPoint\",\"urlTemplate\":\"https:\/\/www.eurotherm.com\/fr\/?s={search_term_string}\"},\"query-input\":{\"@type\":\"PropertyValueSpecification\",\"valueRequired\":true,\"valueName\":\"search_term_string\"}}],\"inLanguage\":\"fr-FR\"}]}<\/script>\n<!-- \/ Yoast SEO plugin. -->","yoast_head_json":{"title":"Maintenance Pr\u00e9ventive | Eurotherm Limited","description":"Maintenance Pr\u00e9ventive | Eurotherm","robots":{"index":"index","follow":"follow","max-snippet":"max-snippet:-1","max-image-preview":"max-image-preview:large","max-video-preview":"max-video-preview:-1"},"og_locale":"fr_FR","og_type":"article","og_title":"Maintenance Pr\u00e9ventive | Eurotherm Limited","og_url":"https:\/\/www.eurotherm.com\/fr\/services\/preventative-maintenance\/","og_site_name":"Eurotherm Limited","article_modified_time":"2020-03-24T09:53:09+00:00","twitter_card":"summary_large_image","schema":{"@context":"https:\/\/schema.org","@graph":[{"@type":"WebPage","@id":"https:\/\/www.eurotherm.com\/fr\/services\/preventative-maintenance\/","url":"https:\/\/www.eurotherm.com\/fr\/services\/preventative-maintenance\/","name":"Maintenance Pr\u00e9ventive | Eurotherm Limited","isPartOf":{"@id":"https:\/\/www.eurotherm.com\/fr\/#website"},"datePublished":"2018-11-23T10:21:53+00:00","dateModified":"2020-03-24T09:53:09+00:00","breadcrumb":{"@id":"https:\/\/www.eurotherm.com\/fr\/services\/preventative-maintenance\/#breadcrumb"},"inLanguage":"fr-FR","potentialAction":[{"@type":"ReadAction","target":["https:\/\/www.eurotherm.com\/fr\/services\/preventative-maintenance\/"]}]},{"@type":"BreadcrumbList","@id":"https:\/\/www.eurotherm.com\/fr\/services\/preventative-maintenance\/#breadcrumb","itemListElement":[{"@type":"ListItem","position":1,"name":"Home","item":"https:\/\/www.eurotherm.com\/fr\/"},{"@type":"ListItem","position":2,"name":"Services d&rsquo;automatisation industrielle","item":"https:\/\/www.eurotherm.com\/fr\/services\/"},{"@type":"ListItem","position":3,"name":"Maintenance Pr\u00e9ventive"}]},{"@type":"WebSite","@id":"https:\/\/www.eurotherm.com\/fr\/#website","url":"https:\/\/www.eurotherm.com\/fr\/","name":"Eurotherm Limited","description":"Temperature Control, Process Control, Measurement and Data Recording Solutions","potentialAction":[{"@type":"SearchAction","target":{"@type":"EntryPoint","urlTemplate":"https:\/\/www.eurotherm.com\/fr\/?s={search_term_string}"},"query-input":{"@type":"PropertyValueSpecification","valueRequired":true,"valueName":"search_term_string"}}],"inLanguage":"fr-FR"}]}},"ACF":{"related_products":"","flexible_content":[{"acf_fc_layout":"full_width_text_block","full_text_block":"<p id=\"tw-target-text\" class=\"tw-data-text tw-text-large tw-ta\" dir=\"ltr\" data-placeholder=\"Traduction\"><span lang=\"fr\">La maintenance pr\u00e9ventive aide \u00e0 prot\u00e9ger la disponibilit\u00e9 de votre usine et \u00e0 optimiser la productivit\u00e9. Notre \u00e9quipe de services collabore avec vous pour \u00e9tablir un calendrier garantissant que la maintenance est effectu\u00e9e \u00e0 des intervalles rentables qui vous permettent d&rsquo;am\u00e9liorer les performances et vous apporte la tranquillit\u00e9 d&rsquo;esprit dont vous avez besoin pour votre proc\u00e9d\u00e9.<\/span><\/p>\n<p>Nos services de maintenance pr\u00e9ventive font partie d&rsquo;un plan de services sur mesure et peuvent inclure:<\/p>\n<ul>\n<li id=\"tw-target-text\" class=\"tw-data-text tw-text-large tw-ta\" dir=\"ltr\" data-placeholder=\"Traduction\"><span lang=\"fr\">Diagnostic de performance et v\u00e9rification des erreurs<\/span><\/li>\n<li class=\"tw-data-text tw-text-large tw-ta\" dir=\"ltr\" data-placeholder=\"Traduction\"><span lang=\"fr\">Nettoyage \u00e0 sec pour \u00e9liminer les contaminants corrosifs et la poussi\u00e8re<\/span><\/li>\n<li class=\"tw-data-text tw-text-large tw-ta\" dir=\"ltr\" data-placeholder=\"Traduction\"><span lang=\"fr\">Remplacement des filtres, des ventilateurs et v\u00e9rification des temps d&rsquo;arr\u00eat des ventilateurs<\/span><\/li>\n<li class=\"tw-data-text tw-text-large tw-ta\" dir=\"ltr\" data-placeholder=\"Traduction\"><span lang=\"fr\">D\u00e9fragmentation<\/span><\/li>\n<li class=\"tw-data-text tw-text-large tw-ta\" dir=\"ltr\" data-placeholder=\"Traduction\"><span lang=\"fr\">V\u00e9rification des antivirus hors ligne <\/span><\/li>\n<li class=\"tw-data-text tw-text-large tw-ta\" dir=\"ltr\" data-placeholder=\"Traduction\"><span lang=\"fr\">Audit et validation des pi\u00e8ces d\u00e9tach\u00e9es<\/span><\/li>\n<li class=\"tw-data-text tw-text-large tw-ta\" dir=\"ltr\" data-placeholder=\"Traduction\"><span lang=\"fr\">Conseils proactifs sur les exigences de mise \u00e0 niveau mat\u00e9rielle et logicielle<\/span><\/li>\n<li class=\"tw-data-text tw-text-large tw-ta\" dir=\"ltr\" data-placeholder=\"Traduction\"><span lang=\"fr\">Rapport de site complet d\u00e9taillant les travaux r\u00e9alis\u00e9s et les recommandations<\/span><\/li>\n<\/ul>\n","button_link":"","button_text":"","remove_top_margin":false,"remove_bottom_margin":false},{"acf_fc_layout":"half_text_-_half_image","textarea":"<h3>Plan de Reprise apr\u00e8s Sinistre<\/h3>\n<div class=\"jhH5U\">\n<div id=\"tw-ob\" class=\"tw-src-ltr\">\n<div class=\"oSioSc\">\n<div id=\"tw-target\">\n<div id=\"kAz1tf\" class=\"g9WsWb\">\n<div id=\"tw-target-text-container\" class=\"tw-ta-container hide-focus-ring tw-nfl\" tabindex=\"0\">\n<p id=\"tw-target-text\" class=\"tw-data-text tw-text-large tw-ta\" dir=\"ltr\" data-placeholder=\"Traduction\"><span lang=\"fr\">La reprise apr\u00e8s sinistre est un \u00e9l\u00e9ment cl\u00e9 de notre programme de maintenance pr\u00e9ventive pour vous assurer une remise en service le plus rapidement possible en cas de panne. Des sauvegardes de r\u00e9cup\u00e9ration apr\u00e8s sinistre des instruments, des postes de travail PC, DCS et SCADA sont r\u00e9alisables et peuvent \u00eatre utilis\u00e9es pour garantir que les pi\u00e8ces de rechange peuvent \u00eatre op\u00e9rationnelles simplement et rapidement si n\u00e9cessaire, minimisant ainsi tout temps d&rsquo;arr\u00eat impr\u00e9vu.<\/span><\/p>\n<\/div>\n<\/div>\n<\/div>\n<\/div>\n<\/div>\n<div class=\"dURPtb\"><\/div>\n<div>\n<div><\/div>\n<\/div>\n<\/div>\n","lay_seven_button_link":"","lay_seven_button_text":"","limage":{"ID":40520,"id":40520,"title":"CF_Lifetime2","filename":"CF_Lifetime2-1.jpg","filesize":25105,"url":"https:\/\/www.eurotherm.com\/wp-content\/uploads\/2018\/11\/CF_Lifetime2-1.jpg","link":"https:\/\/www.eurotherm.com\/fr\/services\/preventative-maintenance\/attachment\/cf_lifetime2-2-2\/","alt":"","author":"3","description":"","caption":"","name":"cf_lifetime2-2-2","status":"inherit","uploaded_to":72496,"date":"2018-11-16 19:23:56","modified":"2018-11-16 19:23:56","menu_order":0,"mime_type":"image\/jpeg","type":"image","subtype":"jpeg","icon":"https:\/\/www.eurotherm.com\/wp-includes\/images\/media\/default.png","width":411,"height":411,"sizes":{"thumbnail":"https:\/\/www.eurotherm.com\/wp-content\/uploads\/2018\/11\/CF_Lifetime2-1-150x150.jpg","thumbnail-width":150,"thumbnail-height":150,"medium":"https:\/\/www.eurotherm.com\/wp-content\/uploads\/2018\/11\/CF_Lifetime2-1-300x300.jpg","medium-width":300,"medium-height":300,"medium_large":"https:\/\/www.eurotherm.com\/wp-content\/uploads\/2018\/11\/CF_Lifetime2-1.jpg","medium_large-width":411,"medium_large-height":411,"large":"https:\/\/www.eurotherm.com\/wp-content\/uploads\/2018\/11\/CF_Lifetime2-1.jpg","large-width":411,"large-height":411,"1536x1536":"https:\/\/www.eurotherm.com\/wp-content\/uploads\/2018\/11\/CF_Lifetime2-1.jpg","1536x1536-width":411,"1536x1536-height":411,"2048x2048":"https:\/\/www.eurotherm.com\/wp-content\/uploads\/2018\/11\/CF_Lifetime2-1.jpg","2048x2048-width":411,"2048x2048-height":411,"woocommerce_thumbnail":"https:\/\/www.eurotherm.com\/wp-content\/uploads\/2018\/11\/CF_Lifetime2-1-300x300.jpg","woocommerce_thumbnail-width":300,"woocommerce_thumbnail-height":300,"woocommerce_single":"https:\/\/www.eurotherm.com\/wp-content\/uploads\/2018\/11\/CF_Lifetime2-1.jpg","woocommerce_single-width":411,"woocommerce_single-height":411,"woocommerce_gallery_thumbnail":"https:\/\/www.eurotherm.com\/wp-content\/uploads\/2018\/11\/CF_Lifetime2-1-100x100.jpg","woocommerce_gallery_thumbnail-width":100,"woocommerce_gallery_thumbnail-height":100}},"limage_image_caption":""}],"show_sidebar":false,"display_accreditations":false},"jetpack_sharing_enabled":true,"_links":{"self":[{"href":"https:\/\/www.eurotherm.com\/fr\/wp-json\/wp\/v2\/pages\/72496","targetHints":{"allow":["GET"]}}],"collection":[{"href":"https:\/\/www.eurotherm.com\/fr\/wp-json\/wp\/v2\/pages"}],"about":[{"href":"https:\/\/www.eurotherm.com\/fr\/wp-json\/wp\/v2\/types\/page"}],"author":[{"embeddable":true,"href":"https:\/\/www.eurotherm.com\/fr\/wp-json\/wp\/v2\/users\/3"}],"replies":[{"embeddable":true,"href":"https:\/\/www.eurotherm.com\/fr\/wp-json\/wp\/v2\/comments?post=72496"}],"version-history":[{"count":0,"href":"https:\/\/www.eurotherm.com\/fr\/wp-json\/wp\/v2\/pages\/72496\/revisions"}],"up":[{"embeddable":true,"href":"https:\/\/www.eurotherm.com\/fr\/wp-json\/wp\/v2\/pages\/72601"}],"wp:attachment":[{"href":"https:\/\/www.eurotherm.com\/fr\/wp-json\/wp\/v2\/media?parent=72496"}],"curies":[{"name":"wp","href":"https:\/\/api.w.org\/{rel}","templated":true}]}}