{"id":72486,"date":"2018-11-23T10:29:21","date_gmt":"2018-11-23T10:29:21","guid":{"rendered":"https:\/\/www.eurotherm.com\/commissioning-and-training\/"},"modified":"2026-02-17T23:59:10","modified_gmt":"2026-02-17T15:59:10","slug":"commissioning-and-training","status":"publish","type":"page","link":"https:\/\/www.eurotherm.com\/fr\/services\/commissioning-and-training\/","title":{"rendered":"Formation Eurotherm"},"content":{"rendered":"","protected":false},"excerpt":{"rendered":"","protected":false},"author":3,"featured_media":40492,"parent":72601,"menu_order":0,"comment_status":"closed","ping_status":"closed","template":"","meta":{"_acf_changed":false,"footnotes":""},"class_list":["post-72486","page","type-page","status-publish","has-post-thumbnail","hentry"],"acf":[],"yoast_head":"<!-- This site is optimized with the Yoast SEO plugin v27.5 - https:\/\/yoast.com\/product\/yoast-seo-wordpress\/ -->\n<title>Formation Eurotherm | Eurotherm Limited<\/title>\n<meta name=\"description\" content=\"Formation Eurotherm | Eurotherm\" \/>\n<meta name=\"robots\" content=\"index, follow, max-snippet:-1, max-image-preview:large, max-video-preview:-1\" \/>\n<meta property=\"og:locale\" content=\"fr_FR\" \/>\n<meta property=\"og:type\" content=\"article\" \/>\n<meta property=\"og:title\" content=\"Formation Eurotherm | Eurotherm Limited\" \/>\n<meta property=\"og:url\" content=\"https:\/\/www.eurotherm.com\/fr\/services\/commissioning-and-training\/\" \/>\n<meta property=\"og:site_name\" content=\"Eurotherm Limited\" \/>\n<meta property=\"article:modified_time\" content=\"2026-02-17T15:59:10+00:00\" \/>\n<meta property=\"og:image\" content=\"https:\/\/www.eurotherm.com\/wp-content\/uploads\/2018\/11\/CF_Support-1.jpg\" \/>\n\t<meta property=\"og:image:width\" content=\"405\" \/>\n\t<meta property=\"og:image:height\" content=\"410\" \/>\n\t<meta property=\"og:image:type\" content=\"image\/jpeg\" \/>\n<meta name=\"twitter:card\" content=\"summary_large_image\" \/>\n<meta name=\"twitter:label1\" content=\"Dur\u00e9e de lecture estim\u00e9e\" \/>\n\t<meta name=\"twitter:data1\" content=\"1 minute\" \/>\n<script type=\"application\/ld+json\" class=\"yoast-schema-graph\">{\"@context\":\"https:\\\/\\\/schema.org\",\"@graph\":[{\"@type\":\"WebPage\",\"@id\":\"https:\\\/\\\/www.eurotherm.com\\\/fr\\\/services\\\/commissioning-and-training\\\/\",\"url\":\"https:\\\/\\\/www.eurotherm.com\\\/fr\\\/services\\\/commissioning-and-training\\\/\",\"name\":\"Formation Eurotherm | Eurotherm Limited\",\"isPartOf\":{\"@id\":\"https:\\\/\\\/www.eurotherm.com\\\/fr\\\/#website\"},\"primaryImageOfPage\":{\"@id\":\"https:\\\/\\\/www.eurotherm.com\\\/fr\\\/services\\\/commissioning-and-training\\\/#primaryimage\"},\"image\":{\"@id\":\"https:\\\/\\\/www.eurotherm.com\\\/fr\\\/services\\\/commissioning-and-training\\\/#primaryimage\"},\"thumbnailUrl\":\"https:\\\/\\\/www.eurotherm.com\\\/wp-content\\\/uploads\\\/2018\\\/11\\\/CF_Support-1.jpg\",\"datePublished\":\"2018-11-23T10:29:21+00:00\",\"dateModified\":\"2026-02-17T15:59:10+00:00\",\"breadcrumb\":{\"@id\":\"https:\\\/\\\/www.eurotherm.com\\\/fr\\\/services\\\/commissioning-and-training\\\/#breadcrumb\"},\"inLanguage\":\"fr-FR\",\"potentialAction\":[{\"@type\":\"ReadAction\",\"target\":[\"https:\\\/\\\/www.eurotherm.com\\\/fr\\\/services\\\/commissioning-and-training\\\/\"]}]},{\"@type\":\"ImageObject\",\"inLanguage\":\"fr-FR\",\"@id\":\"https:\\\/\\\/www.eurotherm.com\\\/fr\\\/services\\\/commissioning-and-training\\\/#primaryimage\",\"url\":\"https:\\\/\\\/www.eurotherm.com\\\/wp-content\\\/uploads\\\/2018\\\/11\\\/CF_Support-1.jpg\",\"contentUrl\":\"https:\\\/\\\/www.eurotherm.com\\\/wp-content\\\/uploads\\\/2018\\\/11\\\/CF_Support-1.jpg\",\"width\":405,\"height\":410},{\"@type\":\"BreadcrumbList\",\"@id\":\"https:\\\/\\\/www.eurotherm.com\\\/fr\\\/services\\\/commissioning-and-training\\\/#breadcrumb\",\"itemListElement\":[{\"@type\":\"ListItem\",\"position\":1,\"name\":\"Home\",\"item\":\"https:\\\/\\\/www.eurotherm.com\\\/fr\\\/\"},{\"@type\":\"ListItem\",\"position\":2,\"name\":\"Services d&rsquo;automatisation industrielle\",\"item\":\"https:\\\/\\\/www.eurotherm.com\\\/fr\\\/services\\\/\"},{\"@type\":\"ListItem\",\"position\":3,\"name\":\"Formation Eurotherm\"}]},{\"@type\":\"WebSite\",\"@id\":\"https:\\\/\\\/www.eurotherm.com\\\/fr\\\/#website\",\"url\":\"https:\\\/\\\/www.eurotherm.com\\\/fr\\\/\",\"name\":\"Eurotherm Limited\",\"description\":\"Temperature Control, Process Control, Measurement and Data Recording Solutions\",\"potentialAction\":[{\"@type\":\"SearchAction\",\"target\":{\"@type\":\"EntryPoint\",\"urlTemplate\":\"https:\\\/\\\/www.eurotherm.com\\\/fr\\\/?s={search_term_string}\"},\"query-input\":{\"@type\":\"PropertyValueSpecification\",\"valueRequired\":true,\"valueName\":\"search_term_string\"}}],\"inLanguage\":\"fr-FR\"}]}<\/script>\n<!-- \/ Yoast SEO plugin. -->","yoast_head_json":{"title":"Formation Eurotherm | Eurotherm Limited","description":"Formation Eurotherm | Eurotherm","robots":{"index":"index","follow":"follow","max-snippet":"max-snippet:-1","max-image-preview":"max-image-preview:large","max-video-preview":"max-video-preview:-1"},"og_locale":"fr_FR","og_type":"article","og_title":"Formation Eurotherm | Eurotherm Limited","og_url":"https:\/\/www.eurotherm.com\/fr\/services\/commissioning-and-training\/","og_site_name":"Eurotherm Limited","article_modified_time":"2026-02-17T15:59:10+00:00","og_image":[{"width":405,"height":410,"url":"https:\/\/www.eurotherm.com\/wp-content\/uploads\/2018\/11\/CF_Support-1.jpg","type":"image\/jpeg"}],"twitter_card":"summary_large_image","twitter_misc":{"Dur\u00e9e de lecture estim\u00e9e":"1 minute"},"schema":{"@context":"https:\/\/schema.org","@graph":[{"@type":"WebPage","@id":"https:\/\/www.eurotherm.com\/fr\/services\/commissioning-and-training\/","url":"https:\/\/www.eurotherm.com\/fr\/services\/commissioning-and-training\/","name":"Formation Eurotherm | Eurotherm Limited","isPartOf":{"@id":"https:\/\/www.eurotherm.com\/fr\/#website"},"primaryImageOfPage":{"@id":"https:\/\/www.eurotherm.com\/fr\/services\/commissioning-and-training\/#primaryimage"},"image":{"@id":"https:\/\/www.eurotherm.com\/fr\/services\/commissioning-and-training\/#primaryimage"},"thumbnailUrl":"https:\/\/www.eurotherm.com\/wp-content\/uploads\/2018\/11\/CF_Support-1.jpg","datePublished":"2018-11-23T10:29:21+00:00","dateModified":"2026-02-17T15:59:10+00:00","breadcrumb":{"@id":"https:\/\/www.eurotherm.com\/fr\/services\/commissioning-and-training\/#breadcrumb"},"inLanguage":"fr-FR","potentialAction":[{"@type":"ReadAction","target":["https:\/\/www.eurotherm.com\/fr\/services\/commissioning-and-training\/"]}]},{"@type":"ImageObject","inLanguage":"fr-FR","@id":"https:\/\/www.eurotherm.com\/fr\/services\/commissioning-and-training\/#primaryimage","url":"https:\/\/www.eurotherm.com\/wp-content\/uploads\/2018\/11\/CF_Support-1.jpg","contentUrl":"https:\/\/www.eurotherm.com\/wp-content\/uploads\/2018\/11\/CF_Support-1.jpg","width":405,"height":410},{"@type":"BreadcrumbList","@id":"https:\/\/www.eurotherm.com\/fr\/services\/commissioning-and-training\/#breadcrumb","itemListElement":[{"@type":"ListItem","position":1,"name":"Home","item":"https:\/\/www.eurotherm.com\/fr\/"},{"@type":"ListItem","position":2,"name":"Services d&rsquo;automatisation industrielle","item":"https:\/\/www.eurotherm.com\/fr\/services\/"},{"@type":"ListItem","position":3,"name":"Formation Eurotherm"}]},{"@type":"WebSite","@id":"https:\/\/www.eurotherm.com\/fr\/#website","url":"https:\/\/www.eurotherm.com\/fr\/","name":"Eurotherm Limited","description":"Temperature Control, Process Control, Measurement and Data Recording Solutions","potentialAction":[{"@type":"SearchAction","target":{"@type":"EntryPoint","urlTemplate":"https:\/\/www.eurotherm.com\/fr\/?s={search_term_string}"},"query-input":{"@type":"PropertyValueSpecification","valueRequired":true,"valueName":"search_term_string"}}],"inLanguage":"fr-FR"}]}},"ACF":{"show_sidebar":false,"flexible_content":[{"acf_fc_layout":"full_width_image_header","header_textarea":"<h1>Formation Eurotherm<\/h1>\n<p class=\"p1\">\n","background_image":{"ID":56321,"id":56321,"title":"_0025_GettyImages-556419603_enlarged","filename":"0025_GettyImages-556419603_enlarged.jpg","filesize":101248,"url":"https:\/\/www.eurotherm.com\/wp-content\/uploads\/2018\/12\/0025_GettyImages-556419603_enlarged.jpg","link":"https:\/\/www.eurotherm.com\/fr\/services\/commissioning-and-training\/attachment\/_0025_gettyimages-556419603_enlarged-2\/","alt":"","author":"3","description":"","caption":"","name":"_0025_gettyimages-556419603_enlarged-2","status":"inherit","uploaded_to":72486,"date":"2018-12-13 18:07:28","modified":"2018-12-13 18:07:28","menu_order":0,"mime_type":"image\/jpeg","type":"image","subtype":"jpeg","icon":"https:\/\/www.eurotherm.com\/wp-includes\/images\/media\/default.png","width":1920,"height":450,"sizes":{"thumbnail":"https:\/\/www.eurotherm.com\/wp-content\/uploads\/2018\/12\/0025_GettyImages-556419603_enlarged-150x150.jpg","thumbnail-width":150,"thumbnail-height":150,"medium":"https:\/\/www.eurotherm.com\/wp-content\/uploads\/2018\/12\/0025_GettyImages-556419603_enlarged-300x70.jpg","medium-width":300,"medium-height":70,"medium_large":"https:\/\/www.eurotherm.com\/wp-content\/uploads\/2018\/12\/0025_GettyImages-556419603_enlarged-768x180.jpg","medium_large-width":768,"medium_large-height":180,"large":"https:\/\/www.eurotherm.com\/wp-content\/uploads\/2018\/12\/0025_GettyImages-556419603_enlarged-1024x240.jpg","large-width":1024,"large-height":240,"1536x1536":"https:\/\/www.eurotherm.com\/wp-content\/uploads\/2018\/12\/0025_GettyImages-556419603_enlarged.jpg","1536x1536-width":1536,"1536x1536-height":360,"2048x2048":"https:\/\/www.eurotherm.com\/wp-content\/uploads\/2018\/12\/0025_GettyImages-556419603_enlarged.jpg","2048x2048-width":1920,"2048x2048-height":450,"woocommerce_thumbnail":"https:\/\/www.eurotherm.com\/wp-content\/uploads\/2018\/12\/0025_GettyImages-556419603_enlarged-300x300.jpg","woocommerce_thumbnail-width":300,"woocommerce_thumbnail-height":300,"woocommerce_single":"https:\/\/www.eurotherm.com\/wp-content\/uploads\/2018\/12\/0025_GettyImages-556419603_enlarged-768x180.jpg","woocommerce_single-width":600,"woocommerce_single-height":141,"woocommerce_gallery_thumbnail":"https:\/\/www.eurotherm.com\/wp-content\/uploads\/2018\/12\/0025_GettyImages-556419603_enlarged-100x100.jpg","woocommerce_gallery_thumbnail-width":100,"woocommerce_gallery_thumbnail-height":100}},"header_buttons":false},{"acf_fc_layout":"full_width_text_block","full_text_block":"<h3 style=\"text-align: center;\">Ces formations ne constituent pas des actions de formation professionnelle<\/h3>\n<h3 style=\"text-align: center;\">au sens du Code du travail<\/h3>\n","button_link":"","button_text":"SE training for Eurotherm equipment","remove_top_margin":false,"remove_bottom_margin":false},{"acf_fc_layout":"three_column_text_block","three_text_columns":[{"text_column":"<h2>Formation \u00e0 distance<\/h2>\n<p>Anim\u00e9es par un formateur Eurotherm, les formations \u00e0 distance vous permettent d\u2019acqu\u00e9rir des comp\u00e9tences sur un sujet pr\u00e9cis. Au m\u00eame titre que les formations en pr\u00e9sentiel, nous pouvons vous proposer des programmes personnalis\u00e9s, adapt\u00e9s \u00e0 vos probl\u00e9matiques m\u00e9tiers.<\/p>\n","ttc_button_link":null,"ttc_button_text":""},{"text_column":"<h2 class=\"p1\">Formations sur mesure<\/h2>\n<p class=\"p1\">Pour proposer \u00e0 vos \u00e9quipes des formations adapt\u00e9es \u00e0 leurs besoins sp\u00e9cifiques.<\/p>\n<h4 class=\"p4\">Dates<\/h4>\n<p class=\"p2\">Vous trouverez dans le pr\u00e9sent catalogue toutes les sessions programm\u00e9es pour l\u2019ann\u00e9e \u00e0 venir. Si elles ne sont pas adapt\u00e9es aux contraintes de vos \u00e9quipes, nous pouvons vous proposer d\u2019autres dates.<\/p>\n<h4 class=\"p4\">Lieux<\/h4>\n<p class=\"p2\">Les formations peuvent \u00eatre dispens\u00e9es sur votre site, afin de s\u2019adapter \u00e0 votre installation et \u00e0 votre probl\u00e9matique m\u00e9tiers, et vous \u00e9viter les d\u00e9placements.<\/p>\n<h4 class=\"p4\">Contenu<\/h4>\n<p class=\"p2\">Pour r\u00e9pondre au plus juste \u00e0 la probl\u00e9matique de vos \u00e9quipes, le contenu des formations peut \u00eatre construit sur mesure.<\/p>\n<p>&nbsp;<\/p>\n<p class=\"p1\">\n","ttc_button_link":null,"ttc_button_text":""},{"text_column":"<h2>Formations catalogue<\/h2>\n<p class=\"p2\">Pour r\u00e9pondre aux besoins les plus courants.<\/p>\n<h4 class=\"p4\">Dans nos locaux de Lyon (Dardilly) &amp; Paris (Les Ulis)<\/h4>\n<p class=\"p2\">Dispens\u00e9es dans nos locaux, ces formations en pr\u00e9sentiel mettent \u00e0 disposition les moyens techniques n\u00e9cessaires dans des salles sp\u00e9cialement \u00e9quip\u00e9es, et favorisent l\u2019\u00e9change d\u2019exp\u00e9rience.<\/p>\n","ttc_button_link":null,"ttc_button_text":""}]},{"acf_fc_layout":"half_image_-_half_text","image":{"ID":133940,"id":133940,"title":"GettyImages-1182697690_EDITED 1","filename":"GettyImages-1182697690_EDITED-1.jpg","filesize":239605,"url":"https:\/\/www.eurotherm.com\/wp-content\/uploads\/2022\/08\/GettyImages-1182697690_EDITED-1.jpg","link":"https:\/\/www.eurotherm.com\/fr\/services\/commissioning-and-training\/attachment\/gettyimages-1182697690_edited-1-2\/","alt":"","author":"4","description":"","caption":"","name":"gettyimages-1182697690_edited-1-2","status":"inherit","uploaded_to":72486,"date":"2022-08-12 11:11:28","modified":"2022-09-19 09:38:00","menu_order":0,"mime_type":"image\/jpeg","type":"image","subtype":"jpeg","icon":"https:\/\/www.eurotherm.com\/wp-includes\/images\/media\/default.png","width":586,"height":328,"sizes":{"thumbnail":"https:\/\/www.eurotherm.com\/wp-content\/uploads\/2022\/08\/GettyImages-1182697690_EDITED-1-150x150.jpg","thumbnail-width":150,"thumbnail-height":150,"medium":"https:\/\/www.eurotherm.com\/wp-content\/uploads\/2022\/08\/GettyImages-1182697690_EDITED-1-300x168.jpg","medium-width":300,"medium-height":168,"medium_large":"https:\/\/www.eurotherm.com\/wp-content\/uploads\/2022\/08\/GettyImages-1182697690_EDITED-1.jpg","medium_large-width":586,"medium_large-height":328,"large":"https:\/\/www.eurotherm.com\/wp-content\/uploads\/2022\/08\/GettyImages-1182697690_EDITED-1.jpg","large-width":586,"large-height":328,"1536x1536":"https:\/\/www.eurotherm.com\/wp-content\/uploads\/2022\/08\/GettyImages-1182697690_EDITED-1.jpg","1536x1536-width":586,"1536x1536-height":328,"2048x2048":"https:\/\/www.eurotherm.com\/wp-content\/uploads\/2022\/08\/GettyImages-1182697690_EDITED-1.jpg","2048x2048-width":586,"2048x2048-height":328,"woocommerce_thumbnail":"https:\/\/www.eurotherm.com\/wp-content\/uploads\/2022\/08\/GettyImages-1182697690_EDITED-1-300x300.jpg","woocommerce_thumbnail-width":300,"woocommerce_thumbnail-height":300,"woocommerce_single":"https:\/\/www.eurotherm.com\/wp-content\/uploads\/2022\/08\/GettyImages-1182697690_EDITED-1.jpg","woocommerce_single-width":586,"woocommerce_single-height":328,"woocommerce_gallery_thumbnail":"https:\/\/www.eurotherm.com\/wp-content\/uploads\/2022\/08\/GettyImages-1182697690_EDITED-1-100x100.jpg","woocommerce_gallery_thumbnail-width":100,"woocommerce_gallery_thumbnail-height":100}},"image_caption_alt":"","textarea":"<h2>Catalogue formation<\/h2>\n<p class=\"p3\"><a href=\"https:\/\/www.eurotherm.com\/?wpdmdl=81723\" target=\"_blank\" rel=\"noopener\">T\u00e9l\u00e9charger le catalogue formation 2026<\/a><\/p>\n<p>&nbsp;<\/p>\n<h2>Contact<\/h2>\n<p class=\"p3\"><span class=\"s1\">Pour toute information ou pour vous inscrire, contactez nostre<\/span> service commercial :<\/p>\n<ul>\n<li class=\"p3\">04 78 66 55 44<\/li>\n<li class=\"p3\"><a href=\"mailto:commercial.fr@watlow.com\">commercial.fr@watlow.com<\/a><\/li>\n<\/ul>\n","lay_eight_button_link":null,"lay_eight_button_text":""}],"display_accreditations":true},"jetpack_sharing_enabled":true,"_links":{"self":[{"href":"https:\/\/www.eurotherm.com\/fr\/wp-json\/wp\/v2\/pages\/72486","targetHints":{"allow":["GET"]}}],"collection":[{"href":"https:\/\/www.eurotherm.com\/fr\/wp-json\/wp\/v2\/pages"}],"about":[{"href":"https:\/\/www.eurotherm.com\/fr\/wp-json\/wp\/v2\/types\/page"}],"author":[{"embeddable":true,"href":"https:\/\/www.eurotherm.com\/fr\/wp-json\/wp\/v2\/users\/3"}],"replies":[{"embeddable":true,"href":"https:\/\/www.eurotherm.com\/fr\/wp-json\/wp\/v2\/comments?post=72486"}],"version-history":[{"count":48,"href":"https:\/\/www.eurotherm.com\/fr\/wp-json\/wp\/v2\/pages\/72486\/revisions"}],"predecessor-version":[{"id":161755,"href":"https:\/\/www.eurotherm.com\/fr\/wp-json\/wp\/v2\/pages\/72486\/revisions\/161755"}],"up":[{"embeddable":true,"href":"https:\/\/www.eurotherm.com\/fr\/wp-json\/wp\/v2\/pages\/72601"}],"wp:featuredmedia":[{"embeddable":true,"href":"https:\/\/www.eurotherm.com\/fr\/wp-json\/wp\/v2\/media\/40492"}],"wp:attachment":[{"href":"https:\/\/www.eurotherm.com\/fr\/wp-json\/wp\/v2\/media?parent=72486"}],"curies":[{"name":"wp","href":"https:\/\/api.w.org\/{rel}","templated":true}]}}