{"id":72476,"date":"2018-11-23T10:34:31","date_gmt":"2018-11-23T10:34:31","guid":{"rendered":"https:\/\/www.eurotherm.com\/support\/technical-support-helpdesk\/"},"modified":"2019-05-22T06:44:53","modified_gmt":"2019-05-22T06:44:53","slug":"technical-support-helpdesk","status":"publish","type":"page","link":"https:\/\/www.eurotherm.com\/fr\/support\/technical-support-helpdesk\/","title":{"rendered":"Support technique et Contrats de service"},"content":{"rendered":"","protected":false},"excerpt":{"rendered":"","protected":false},"author":3,"featured_media":0,"parent":72001,"menu_order":0,"comment_status":"closed","ping_status":"closed","template":"","meta":{"_acf_changed":false,"footnotes":""},"class_list":["post-72476","page","type-page","status-publish","hentry"],"acf":[],"yoast_head":"<!-- This site is optimized with the Yoast SEO plugin v27.2 - https:\/\/yoast.com\/product\/yoast-seo-wordpress\/ -->\n<title>Support technique et Contrats de service | Eurotherm Limited<\/title>\n<meta name=\"description\" content=\"Support technique et Contrats de service | Eurotherm\" \/>\n<meta name=\"robots\" content=\"index, follow, max-snippet:-1, max-image-preview:large, max-video-preview:-1\" \/>\n<meta property=\"og:locale\" content=\"fr_FR\" \/>\n<meta property=\"og:type\" content=\"article\" \/>\n<meta property=\"og:title\" content=\"Support technique et Contrats de service | Eurotherm Limited\" \/>\n<meta property=\"og:url\" content=\"https:\/\/www.eurotherm.com\/fr\/support\/technical-support-helpdesk\/\" \/>\n<meta property=\"og:site_name\" content=\"Eurotherm Limited\" \/>\n<meta property=\"article:modified_time\" content=\"2019-05-22T06:44:53+00:00\" \/>\n<meta name=\"twitter:card\" content=\"summary_large_image\" \/>\n<script type=\"application\/ld+json\" class=\"yoast-schema-graph\">{\"@context\":\"https:\/\/schema.org\",\"@graph\":[{\"@type\":\"WebPage\",\"@id\":\"https:\/\/www.eurotherm.com\/fr\/support\/technical-support-helpdesk\/\",\"url\":\"https:\/\/www.eurotherm.com\/fr\/support\/technical-support-helpdesk\/\",\"name\":\"Support technique et Contrats de service | Eurotherm Limited\",\"isPartOf\":{\"@id\":\"https:\/\/www.eurotherm.com\/fr\/#website\"},\"datePublished\":\"2018-11-23T10:34:31+00:00\",\"dateModified\":\"2019-05-22T06:44:53+00:00\",\"breadcrumb\":{\"@id\":\"https:\/\/www.eurotherm.com\/fr\/support\/technical-support-helpdesk\/#breadcrumb\"},\"inLanguage\":\"fr-FR\",\"potentialAction\":[{\"@type\":\"ReadAction\",\"target\":[\"https:\/\/www.eurotherm.com\/fr\/support\/technical-support-helpdesk\/\"]}]},{\"@type\":\"BreadcrumbList\",\"@id\":\"https:\/\/www.eurotherm.com\/fr\/support\/technical-support-helpdesk\/#breadcrumb\",\"itemListElement\":[{\"@type\":\"ListItem\",\"position\":1,\"name\":\"Home\",\"item\":\"https:\/\/www.eurotherm.com\/fr\/\"},{\"@type\":\"ListItem\",\"position\":2,\"name\":\"Assistance\",\"item\":\"https:\/\/www.eurotherm.com\/fr\/support\/\"},{\"@type\":\"ListItem\",\"position\":3,\"name\":\"Support technique et Contrats de service\"}]},{\"@type\":\"WebSite\",\"@id\":\"https:\/\/www.eurotherm.com\/fr\/#website\",\"url\":\"https:\/\/www.eurotherm.com\/fr\/\",\"name\":\"Eurotherm Limited\",\"description\":\"Temperature Control, Process Control, Measurement and Data Recording Solutions\",\"potentialAction\":[{\"@type\":\"SearchAction\",\"target\":{\"@type\":\"EntryPoint\",\"urlTemplate\":\"https:\/\/www.eurotherm.com\/fr\/?s={search_term_string}\"},\"query-input\":{\"@type\":\"PropertyValueSpecification\",\"valueRequired\":true,\"valueName\":\"search_term_string\"}}],\"inLanguage\":\"fr-FR\"}]}<\/script>\n<!-- \/ Yoast SEO plugin. -->","yoast_head_json":{"title":"Support technique et Contrats de service | Eurotherm Limited","description":"Support technique et Contrats de service | Eurotherm","robots":{"index":"index","follow":"follow","max-snippet":"max-snippet:-1","max-image-preview":"max-image-preview:large","max-video-preview":"max-video-preview:-1"},"og_locale":"fr_FR","og_type":"article","og_title":"Support technique et Contrats de service | Eurotherm Limited","og_url":"https:\/\/www.eurotherm.com\/fr\/support\/technical-support-helpdesk\/","og_site_name":"Eurotherm Limited","article_modified_time":"2019-05-22T06:44:53+00:00","twitter_card":"summary_large_image","schema":{"@context":"https:\/\/schema.org","@graph":[{"@type":"WebPage","@id":"https:\/\/www.eurotherm.com\/fr\/support\/technical-support-helpdesk\/","url":"https:\/\/www.eurotherm.com\/fr\/support\/technical-support-helpdesk\/","name":"Support technique et Contrats de service | Eurotherm Limited","isPartOf":{"@id":"https:\/\/www.eurotherm.com\/fr\/#website"},"datePublished":"2018-11-23T10:34:31+00:00","dateModified":"2019-05-22T06:44:53+00:00","breadcrumb":{"@id":"https:\/\/www.eurotherm.com\/fr\/support\/technical-support-helpdesk\/#breadcrumb"},"inLanguage":"fr-FR","potentialAction":[{"@type":"ReadAction","target":["https:\/\/www.eurotherm.com\/fr\/support\/technical-support-helpdesk\/"]}]},{"@type":"BreadcrumbList","@id":"https:\/\/www.eurotherm.com\/fr\/support\/technical-support-helpdesk\/#breadcrumb","itemListElement":[{"@type":"ListItem","position":1,"name":"Home","item":"https:\/\/www.eurotherm.com\/fr\/"},{"@type":"ListItem","position":2,"name":"Assistance","item":"https:\/\/www.eurotherm.com\/fr\/support\/"},{"@type":"ListItem","position":3,"name":"Support technique et Contrats de service"}]},{"@type":"WebSite","@id":"https:\/\/www.eurotherm.com\/fr\/#website","url":"https:\/\/www.eurotherm.com\/fr\/","name":"Eurotherm Limited","description":"Temperature Control, Process Control, Measurement and Data Recording Solutions","potentialAction":[{"@type":"SearchAction","target":{"@type":"EntryPoint","urlTemplate":"https:\/\/www.eurotherm.com\/fr\/?s={search_term_string}"},"query-input":{"@type":"PropertyValueSpecification","valueRequired":true,"valueName":"search_term_string"}}],"inLanguage":"fr-FR"}]}},"ACF":{"flexible_content":[{"acf_fc_layout":"full_width_text_block","full_text_block":"<p>La section T\u00e9l\u00e9chargements vous permet de retrouver les manuels utilsateurs, les sp\u00e9cifications techniques et les logiciels de nos produits.<\/p>\n<h2>Une maintenance efficace et une offre de services<\/h2>\n<h3>Contrats de service<\/h3>\n<p>Pendant toute la dur\u00e9e de vie de vos installation, Eurotherm vous accompagne en vous proposant une gamme de services personnalis\u00e9s adapt\u00e9e \u00e0 vos besoins : contrat de maintenance annuel, assistance technique t\u00e9l\u00e9phonique 24h\/24 et 7J\/7, &#8230;<\/p>\n<h3>Assistance sur site<\/h3>\n<p>D\u00e9pannage, conseil, optimisation, maintenance curative &#8230; Notre \u00e9quipe de techniciens qualifi\u00e9s se tient \u00e0 votre disposition pour toute intervention sur site.<\/p>\n<h3>Assistance t\u00e9l\u00e9phonique<\/h3>\n<p>Pour un diagnostic de panne, un conseil technique ou une aide \u00e0 la configuration sur nos produits, contactez notre hotline durant nos heures d&rsquo;ouverture au\u00a0<strong>08 90 71 17 18<\/strong>.<\/p>\n","button_link":"","button_text":"","remove_top_margin":false,"remove_bottom_margin":false},{"acf_fc_layout":"full_width_text_block","full_text_block":"<p><img loading=\"lazy\" decoding=\"async\" class=\"alignright size-full wp-image-12166\" src=\"https:\/\/www.eurotherm.com\/wp-content\/uploads\/2018\/10\/Contrats-de-service.png\" alt=\"\" width=\"1090\" height=\"718\" srcset=\"https:\/\/www.eurotherm.com\/wp-content\/uploads\/2018\/10\/Contrats-de-service.png 1090w, https:\/\/www.eurotherm.com\/wp-content\/uploads\/2018\/10\/Contrats-de-service-300x198.png 300w, https:\/\/www.eurotherm.com\/wp-content\/uploads\/2018\/10\/Contrats-de-service-768x506.png 768w, https:\/\/www.eurotherm.com\/wp-content\/uploads\/2018\/10\/Contrats-de-service-1024x675.png 1024w, https:\/\/www.eurotherm.com\/wp-content\/uploads\/2018\/10\/Contrats-de-service-600x395.png 600w\" sizes=\"auto, (max-width: 1090px) 100vw, 1090px\" \/><\/p>\n","button_link":"","button_text":"","remove_top_margin":false,"remove_bottom_margin":false},{"acf_fc_layout":"full_width_text_block","full_text_block":"<h3>Les contrats de services Eurotherm<\/h3>\n<p>Les produits et les services Eurotherm font partie int\u00e9grante de votre activit\u00e9 ; nous comprenons que vous vouliez maintenir la valeur qu&rsquo;ils vous apportent et qu&rsquo;un contrat de service adapt\u00e9 \u00e0 vos besoins soit essentiel. Les contrats de service Eurotherm sont con\u00e7us pour prot\u00e9ger et accro\u00eetre la valeur des solutions Eurotherm. A chaque \u00e9tape du cycle de vie de votre installation, nos contrats de service vous apportent le support, les services et les ressources dont vous avez besoin pour r\u00e9ussir .<br \/>\nProfitez des nombreux avantages d&rsquo;une \u00e9troite collaboration avec Eurotherm. Des services adapt\u00e9s, une expertise approfondie, une planification proactive, des mises \u00e0 jour des produits et des services \u00e0 forte valeur ajout\u00e9e font des contrats de service un composant essentiel dans la r\u00e9ussite de votre activit\u00e9. Nous vous proposons 3 niveaux de support : Standard, Premium ou Elite.<br \/>\nEn compl\u00e9ment du support technique et de la maintenance, nos contrats vous donnent \u00e9galement acc\u00e8s \u00e0 une vaste gamme de services optionnels tels que la gestion des pi\u00e8ces d\u00e9tach\u00e9es, les mises \u00e0 jour des produits, les ressources sur site et les services de conseil.<\/p>\n<h4>B\u00e9n\u00e9fices<\/h4>\n<ul>\n<li>Vous aider \u00e0 maximiser la valeur que vous offre les produits et solutions Eurotherm<\/li>\n<li>Vous aider \u00e0 r\u00e9duire les co\u00fbts de possession en r\u00e9duisant les temps d&rsquo;arr\u00eats et en augmentant la productivit\u00e9 des op\u00e9rateurs.<\/li>\n<li>Vous fournir un acc\u00e8s rapide aux experts &lsquo;produits&rsquo; pour obtenir un diagnostic et remedier aux probl\u00e8mes techniques.<\/li>\n<li>Vous fournir un acc\u00e8s aux am\u00e9liorations produits et aux nouvelles technologies pour maintenir vos installations au meilleur niveau.<\/li>\n<\/ul>\n<h4>Moyens<\/h4>\n<ul>\n<li>Une \u00e9quipe exp\u00e9riment\u00e9e b\u00e9n\u00e9ficiant des ressources techniques approfondies n\u00e9cessaires pour r\u00e9pondre \u00e0 vos besoins avec rapidit\u00e9<\/li>\n<li>Des services de support constant et fiable dans de multiples industries, technologies et zones g\u00e9ographiques<\/li>\n<li>Un soutien tout au long du cycle de vie de votre produit, vous fournissant de la visibilit\u00e9 pour une planification, une budg\u00e9tisation et un contr\u00f4le efficace<\/li>\n<li>Une flexibilit\u00e9 pour s\u00e9lectionner les services optionnels qui vous conviendraient<\/li>\n<\/ul>\n","button_link":"","button_text":"","remove_top_margin":false,"remove_bottom_margin":false}],"show_sidebar":false,"display_accreditations":false,"related_products":""},"jetpack_sharing_enabled":true,"_links":{"self":[{"href":"https:\/\/www.eurotherm.com\/fr\/wp-json\/wp\/v2\/pages\/72476","targetHints":{"allow":["GET"]}}],"collection":[{"href":"https:\/\/www.eurotherm.com\/fr\/wp-json\/wp\/v2\/pages"}],"about":[{"href":"https:\/\/www.eurotherm.com\/fr\/wp-json\/wp\/v2\/types\/page"}],"author":[{"embeddable":true,"href":"https:\/\/www.eurotherm.com\/fr\/wp-json\/wp\/v2\/users\/3"}],"replies":[{"embeddable":true,"href":"https:\/\/www.eurotherm.com\/fr\/wp-json\/wp\/v2\/comments?post=72476"}],"version-history":[{"count":0,"href":"https:\/\/www.eurotherm.com\/fr\/wp-json\/wp\/v2\/pages\/72476\/revisions"}],"up":[{"embeddable":true,"href":"https:\/\/www.eurotherm.com\/fr\/wp-json\/wp\/v2\/pages\/72001"}],"wp:attachment":[{"href":"https:\/\/www.eurotherm.com\/fr\/wp-json\/wp\/v2\/media?parent=72476"}],"curies":[{"name":"wp","href":"https:\/\/api.w.org\/{rel}","templated":true}]}}