{"id":72471,"date":"2018-11-23T16:32:21","date_gmt":"2018-11-23T16:32:21","guid":{"rendered":"https:\/\/www.eurotherm.com\/accreditation-services\/"},"modified":"2023-07-11T22:25:52","modified_gmt":"2023-07-11T14:25:52","slug":"accreditation-services","status":"publish","type":"page","link":"https:\/\/www.eurotherm.com\/fr\/services\/accreditation-services\/","title":{"rendered":"M\u00e9trologie"},"content":{"rendered":"","protected":false},"excerpt":{"rendered":"","protected":false},"author":3,"featured_media":0,"parent":72601,"menu_order":0,"comment_status":"closed","ping_status":"closed","template":"","meta":{"_acf_changed":false,"footnotes":""},"class_list":["post-72471","page","type-page","status-publish","hentry"],"acf":[],"yoast_head":"<!-- This site is optimized with the Yoast SEO plugin v27.2 - https:\/\/yoast.com\/product\/yoast-seo-wordpress\/ -->\n<title>M\u00e9trologie | Eurotherm Limited<\/title>\n<meta name=\"description\" content=\"M\u00e9trologie | Eurotherm\" \/>\n<meta name=\"robots\" content=\"index, follow, max-snippet:-1, max-image-preview:large, max-video-preview:-1\" \/>\n<meta property=\"og:locale\" content=\"fr_FR\" \/>\n<meta property=\"og:type\" content=\"article\" \/>\n<meta property=\"og:title\" content=\"M\u00e9trologie | Eurotherm Limited\" \/>\n<meta property=\"og:url\" content=\"https:\/\/www.eurotherm.com\/fr\/services\/accreditation-services\/\" \/>\n<meta property=\"og:site_name\" content=\"Eurotherm Limited\" \/>\n<meta property=\"article:modified_time\" content=\"2023-07-11T14:25:52+00:00\" \/>\n<meta name=\"twitter:card\" content=\"summary_large_image\" \/>\n<script type=\"application\/ld+json\" class=\"yoast-schema-graph\">{\"@context\":\"https:\/\/schema.org\",\"@graph\":[{\"@type\":\"WebPage\",\"@id\":\"https:\/\/www.eurotherm.com\/fr\/services\/accreditation-services\/\",\"url\":\"https:\/\/www.eurotherm.com\/fr\/services\/accreditation-services\/\",\"name\":\"M\u00e9trologie | Eurotherm Limited\",\"isPartOf\":{\"@id\":\"https:\/\/www.eurotherm.com\/fr\/#website\"},\"datePublished\":\"2018-11-23T16:32:21+00:00\",\"dateModified\":\"2023-07-11T14:25:52+00:00\",\"breadcrumb\":{\"@id\":\"https:\/\/www.eurotherm.com\/fr\/services\/accreditation-services\/#breadcrumb\"},\"inLanguage\":\"fr-FR\",\"potentialAction\":[{\"@type\":\"ReadAction\",\"target\":[\"https:\/\/www.eurotherm.com\/fr\/services\/accreditation-services\/\"]}]},{\"@type\":\"BreadcrumbList\",\"@id\":\"https:\/\/www.eurotherm.com\/fr\/services\/accreditation-services\/#breadcrumb\",\"itemListElement\":[{\"@type\":\"ListItem\",\"position\":1,\"name\":\"Home\",\"item\":\"https:\/\/www.eurotherm.com\/fr\/\"},{\"@type\":\"ListItem\",\"position\":2,\"name\":\"Services d&rsquo;automatisation industrielle\",\"item\":\"https:\/\/www.eurotherm.com\/fr\/services\/\"},{\"@type\":\"ListItem\",\"position\":3,\"name\":\"M\u00e9trologie\"}]},{\"@type\":\"WebSite\",\"@id\":\"https:\/\/www.eurotherm.com\/fr\/#website\",\"url\":\"https:\/\/www.eurotherm.com\/fr\/\",\"name\":\"Eurotherm Limited\",\"description\":\"Temperature Control, Process Control, Measurement and Data Recording Solutions\",\"potentialAction\":[{\"@type\":\"SearchAction\",\"target\":{\"@type\":\"EntryPoint\",\"urlTemplate\":\"https:\/\/www.eurotherm.com\/fr\/?s={search_term_string}\"},\"query-input\":{\"@type\":\"PropertyValueSpecification\",\"valueRequired\":true,\"valueName\":\"search_term_string\"}}],\"inLanguage\":\"fr-FR\"}]}<\/script>\n<!-- \/ Yoast SEO plugin. -->","yoast_head_json":{"title":"M\u00e9trologie | Eurotherm Limited","description":"M\u00e9trologie | Eurotherm","robots":{"index":"index","follow":"follow","max-snippet":"max-snippet:-1","max-image-preview":"max-image-preview:large","max-video-preview":"max-video-preview:-1"},"og_locale":"fr_FR","og_type":"article","og_title":"M\u00e9trologie | Eurotherm Limited","og_url":"https:\/\/www.eurotherm.com\/fr\/services\/accreditation-services\/","og_site_name":"Eurotherm Limited","article_modified_time":"2023-07-11T14:25:52+00:00","twitter_card":"summary_large_image","schema":{"@context":"https:\/\/schema.org","@graph":[{"@type":"WebPage","@id":"https:\/\/www.eurotherm.com\/fr\/services\/accreditation-services\/","url":"https:\/\/www.eurotherm.com\/fr\/services\/accreditation-services\/","name":"M\u00e9trologie | Eurotherm Limited","isPartOf":{"@id":"https:\/\/www.eurotherm.com\/fr\/#website"},"datePublished":"2018-11-23T16:32:21+00:00","dateModified":"2023-07-11T14:25:52+00:00","breadcrumb":{"@id":"https:\/\/www.eurotherm.com\/fr\/services\/accreditation-services\/#breadcrumb"},"inLanguage":"fr-FR","potentialAction":[{"@type":"ReadAction","target":["https:\/\/www.eurotherm.com\/fr\/services\/accreditation-services\/"]}]},{"@type":"BreadcrumbList","@id":"https:\/\/www.eurotherm.com\/fr\/services\/accreditation-services\/#breadcrumb","itemListElement":[{"@type":"ListItem","position":1,"name":"Home","item":"https:\/\/www.eurotherm.com\/fr\/"},{"@type":"ListItem","position":2,"name":"Services d&rsquo;automatisation industrielle","item":"https:\/\/www.eurotherm.com\/fr\/services\/"},{"@type":"ListItem","position":3,"name":"M\u00e9trologie"}]},{"@type":"WebSite","@id":"https:\/\/www.eurotherm.com\/fr\/#website","url":"https:\/\/www.eurotherm.com\/fr\/","name":"Eurotherm Limited","description":"Temperature Control, Process Control, Measurement and Data Recording Solutions","potentialAction":[{"@type":"SearchAction","target":{"@type":"EntryPoint","urlTemplate":"https:\/\/www.eurotherm.com\/fr\/?s={search_term_string}"},"query-input":{"@type":"PropertyValueSpecification","valueRequired":true,"valueName":"search_term_string"}}],"inLanguage":"fr-FR"}]}},"ACF":{"flexible_content":[{"acf_fc_layout":"full_width_image_header","header_textarea":"<h1>M\u00e9trologie<\/h1>\n<p>Notre \u00e9quipe de techniciens accr\u00e9dit\u00e9s UKAS &#8211; norme ISO\/CEI 17025 &#8211; vous proposent un panel de prestations r\u00e9alisables au sein de notre laboratoire certifi\u00e9 ISO9001 et ISO14001 ou sur site.<\/p>\n","background_image":{"ID":54796,"id":54796,"title":"585285403_screen_ESX-SMB-IC-490x280","filename":"585285403_screen_ESX-SMB-IC-490x280.jpg","filesize":37271,"url":"https:\/\/www.eurotherm.com\/wp-content\/uploads\/2018\/12\/585285403_screen_ESX-SMB-IC-490x280.jpg","link":"https:\/\/www.eurotherm.com\/fr\/accueil\/attachment\/585285403_screen_esx-smb-ic-490x280-2\/","alt":"","author":"3","description":"","caption":"","name":"585285403_screen_esx-smb-ic-490x280-2","status":"inherit","uploaded_to":13,"date":"2018-12-04 11:46:29","modified":"2018-12-04 11:46:29","menu_order":0,"mime_type":"image\/jpeg","type":"image","subtype":"jpeg","icon":"https:\/\/www.eurotherm.com\/wp-includes\/images\/media\/default.png","width":490,"height":280,"sizes":{"thumbnail":"https:\/\/www.eurotherm.com\/wp-content\/uploads\/2018\/12\/585285403_screen_ESX-SMB-IC-490x280-150x150.jpg","thumbnail-width":150,"thumbnail-height":150,"medium":"https:\/\/www.eurotherm.com\/wp-content\/uploads\/2018\/12\/585285403_screen_ESX-SMB-IC-490x280-300x171.jpg","medium-width":300,"medium-height":171,"medium_large":"https:\/\/www.eurotherm.com\/wp-content\/uploads\/2018\/12\/585285403_screen_ESX-SMB-IC-490x280.jpg","medium_large-width":490,"medium_large-height":280,"large":"https:\/\/www.eurotherm.com\/wp-content\/uploads\/2018\/12\/585285403_screen_ESX-SMB-IC-490x280.jpg","large-width":490,"large-height":280,"1536x1536":"https:\/\/www.eurotherm.com\/wp-content\/uploads\/2018\/12\/585285403_screen_ESX-SMB-IC-490x280.jpg","1536x1536-width":490,"1536x1536-height":280,"2048x2048":"https:\/\/www.eurotherm.com\/wp-content\/uploads\/2018\/12\/585285403_screen_ESX-SMB-IC-490x280.jpg","2048x2048-width":490,"2048x2048-height":280,"woocommerce_thumbnail":"https:\/\/www.eurotherm.com\/wp-content\/uploads\/2018\/12\/585285403_screen_ESX-SMB-IC-490x280-300x280.jpg","woocommerce_thumbnail-width":300,"woocommerce_thumbnail-height":280,"woocommerce_single":"https:\/\/www.eurotherm.com\/wp-content\/uploads\/2018\/12\/585285403_screen_ESX-SMB-IC-490x280.jpg","woocommerce_single-width":490,"woocommerce_single-height":280,"woocommerce_gallery_thumbnail":"https:\/\/www.eurotherm.com\/wp-content\/uploads\/2018\/12\/585285403_screen_ESX-SMB-IC-490x280-100x100.jpg","woocommerce_gallery_thumbnail-width":100,"woocommerce_gallery_thumbnail-height":100}},"header_buttons":false},{"acf_fc_layout":"full_width_text_block","full_text_block":"<h2>Pourquoi \u00e9talonner ?<\/h2>\n<p>Afin d&rsquo;\u00eatre en conformit\u00e9 avec la r\u00e9glementation de votre m\u00e9tier qui vous impose le respect d\u2019une norme &#8211; AMS2750, CQI9, FDA 21 CFR Part 11 &#8211; ou tout simplement pour rester comp\u00e9titif en garantissant la qualit\u00e9 de votre production, nous vous proposons des prestations adapt\u00e9es \u00e0 vos besoins.<\/p>\n<p>L&rsquo;\u00e9talonnage identifie les appareils non conformes et vous permet des gains de productivit\u00e9 gr\u00e2ce \u00e0 une diminution des rebuts et une meilleure homog\u00e9n\u00e9it\u00e9 des pi\u00e8ces produites. Il vous permet ainsi de travailler en toute confiance avec vos imp\u00e9ratifs de production. Avec l\u2019\u00e9talonnage, vous garantissez \u00e0 vos clients la plus grande qualit\u00e9.<\/p>\n","button_link":null,"button_text":"","remove_top_margin":false,"remove_bottom_margin":false},{"acf_fc_layout":"3_column_block_areas","three_blocks_activate_card_mode":false,"custom_section_id":"","three_blocks":[{"three_featured_image":false,"small_featured_image_alt":false,"three_text_block":"<h2>Etalonnage<\/h2>\n<p>Sur site ou en laboratoire, nous \u00e9talonnons vos instruments par injection d&rsquo;un signal \u00e9lectrique avec un appareil \u00e9talon rattach\u00e9 UKAS.<\/p>\n<p>Nous \u00e9talonnons \u00e9galement en temp\u00e9rature vos capteurs et cha\u00eenes de mesure &#8211; pyrom\u00e8tres, PT100, PTC.<\/p>\n","three_col_contact_form_instead_of_link":false,"three_col_button_link":"","three_col_button_text":"","three_col_shortcode":"","three_col_open_in_new_tab":false},{"three_featured_image":false,"small_featured_image_alt":false,"three_text_block":"<h2>Pr\u00e9cision de la cha\u00eene de temp\u00e9rature &#8211; SAT<\/h2>\n<p>Sur site, nous \u00e9talonnons votre cha\u00eene de mesure jusqu&rsquo;\u00e0 1200\u00b0C*.<\/p>\n<p>*au del\u00e0, nous consulter, des sondes sp\u00e9cifiques pouvant \u00eatre n\u00e9cessaires.<\/p>\n","three_col_contact_form_instead_of_link":false,"three_col_button_link":"","three_col_button_text":"","three_col_shortcode":"","three_col_open_in_new_tab":false},{"three_featured_image":false,"small_featured_image_alt":false,"three_text_block":"<h2>Cartographie &#8211; TUS (Thermal Uniformity Survey)<\/h2>\n<p>Etude d&rsquo;homog\u00e9n\u00e9it\u00e9 des temp\u00e9ratures pour vos fours et enceintes climatiques et cartographie des entrep\u00f4ts.<\/p>\n","three_col_contact_form_instead_of_link":false,"three_col_button_link":"","three_col_button_text":"","three_col_shortcode":"","three_col_open_in_new_tab":false}]},{"acf_fc_layout":"half_image_-_half_text","image":{"ID":55788,"id":55788,"title":"998-4399_P7_Nadcap-Services","filename":"998-4399_P7_Nadcap-Services.jpg","filesize":60561,"url":"https:\/\/www.eurotherm.com\/wp-content\/uploads\/2018\/12\/998-4399_P7_Nadcap-Services.jpg","link":"https:\/\/www.eurotherm.com\/fr\/services\/accreditation-services\/attachment\/998-4399_p7_nadcap-services-2\/","alt":"","author":"3","description":"","caption":"","name":"998-4399_p7_nadcap-services-2","status":"inherit","uploaded_to":72471,"date":"2018-12-12 09:13:45","modified":"2018-12-12 09:13:45","menu_order":0,"mime_type":"image\/jpeg","type":"image","subtype":"jpeg","icon":"https:\/\/www.eurotherm.com\/wp-includes\/images\/media\/default.png","width":800,"height":400,"sizes":{"thumbnail":"https:\/\/www.eurotherm.com\/wp-content\/uploads\/2018\/12\/998-4399_P7_Nadcap-Services-150x150.jpg","thumbnail-width":150,"thumbnail-height":150,"medium":"https:\/\/www.eurotherm.com\/wp-content\/uploads\/2018\/12\/998-4399_P7_Nadcap-Services-300x150.jpg","medium-width":300,"medium-height":150,"medium_large":"https:\/\/www.eurotherm.com\/wp-content\/uploads\/2018\/12\/998-4399_P7_Nadcap-Services-768x384.jpg","medium_large-width":768,"medium_large-height":384,"large":"https:\/\/www.eurotherm.com\/wp-content\/uploads\/2018\/12\/998-4399_P7_Nadcap-Services.jpg","large-width":800,"large-height":400,"1536x1536":"https:\/\/www.eurotherm.com\/wp-content\/uploads\/2018\/12\/998-4399_P7_Nadcap-Services.jpg","1536x1536-width":800,"1536x1536-height":400,"2048x2048":"https:\/\/www.eurotherm.com\/wp-content\/uploads\/2018\/12\/998-4399_P7_Nadcap-Services.jpg","2048x2048-width":800,"2048x2048-height":400,"woocommerce_thumbnail":"https:\/\/www.eurotherm.com\/wp-content\/uploads\/2018\/12\/998-4399_P7_Nadcap-Services-300x300.jpg","woocommerce_thumbnail-width":300,"woocommerce_thumbnail-height":300,"woocommerce_single":"https:\/\/www.eurotherm.com\/wp-content\/uploads\/2018\/12\/998-4399_P7_Nadcap-Services-768x384.jpg","woocommerce_single-width":600,"woocommerce_single-height":300,"woocommerce_gallery_thumbnail":"https:\/\/www.eurotherm.com\/wp-content\/uploads\/2018\/12\/998-4399_P7_Nadcap-Services-100x100.jpg","woocommerce_gallery_thumbnail-width":100,"woocommerce_gallery_thumbnail-height":100}},"image_caption_alt":"","textarea":"<h2>D\u00e9couvrez nos Services Nadcap<\/h2>\n<h3>R\u00e9gl\u00e9mentation pour le Traitement Thermique<\/h3>\n<div class=\"jhH5U\">\n<div id=\"tw-ob\" class=\"tw-src-ltr\">\n<div class=\"oSioSc\">\n<div id=\"tw-target\">\n<div id=\"kAz1tf\" class=\"g9WsWb\">\n<div id=\"tw-target-text-container\" class=\"tw-ta-container hide-focus-ring tw-nfl\" tabindex=\"0\">\n<p id=\"tw-target-text\" class=\"tw-data-text tw-text-large tw-ta\" dir=\"ltr\" data-placeholder=\"Traduction\"><span lang=\"fr\">Eurotherm dispose d&rsquo;une large gamme de produits et services con\u00e7us pour r\u00e9pondre aux r\u00e9glementations sp\u00e9cifiques de l&rsquo;industrie du traitement thermique.\u00a0<\/span><\/p>\n<\/div>\n<\/div>\n<\/div>\n<\/div>\n<\/div>\n<\/div>\n","lay_eight_button_link":"\/support-services\/technical-remote-on-site-support-training\/nadcap-services\/","lay_eight_button_text":"R\u00e9glementation Nadcap"}],"show_sidebar":false,"display_accreditations":false,"related_products":null},"jetpack_sharing_enabled":true,"_links":{"self":[{"href":"https:\/\/www.eurotherm.com\/fr\/wp-json\/wp\/v2\/pages\/72471","targetHints":{"allow":["GET"]}}],"collection":[{"href":"https:\/\/www.eurotherm.com\/fr\/wp-json\/wp\/v2\/pages"}],"about":[{"href":"https:\/\/www.eurotherm.com\/fr\/wp-json\/wp\/v2\/types\/page"}],"author":[{"embeddable":true,"href":"https:\/\/www.eurotherm.com\/fr\/wp-json\/wp\/v2\/users\/3"}],"replies":[{"embeddable":true,"href":"https:\/\/www.eurotherm.com\/fr\/wp-json\/wp\/v2\/comments?post=72471"}],"version-history":[{"count":3,"href":"https:\/\/www.eurotherm.com\/fr\/wp-json\/wp\/v2\/pages\/72471\/revisions"}],"predecessor-version":[{"id":148612,"href":"https:\/\/www.eurotherm.com\/fr\/wp-json\/wp\/v2\/pages\/72471\/revisions\/148612"}],"up":[{"embeddable":true,"href":"https:\/\/www.eurotherm.com\/fr\/wp-json\/wp\/v2\/pages\/72601"}],"wp:attachment":[{"href":"https:\/\/www.eurotherm.com\/fr\/wp-json\/wp\/v2\/media?parent=72471"}],"curies":[{"name":"wp","href":"https:\/\/api.w.org\/{rel}","templated":true}]}}