{"id":72336,"date":"2018-11-28T15:28:11","date_gmt":"2018-11-28T15:28:11","guid":{"rendered":"https:\/\/www.eurotherm.com\/working-with-ams2750e-and-ams2750d\/"},"modified":"2020-08-26T17:00:13","modified_gmt":"2020-08-26T09:00:13","slug":"working-with-ams2750e-and-ams2750d","status":"publish","type":"page","link":"https:\/\/www.eurotherm.com\/fr\/meeting-regulatory-industry-compliance\/heat-treatment-regulatory-compliance\/working-with-ams2750e-and-ams2750d\/","title":{"rendered":"La Norme AMS2750E"},"content":{"rendered":"","protected":false},"excerpt":{"rendered":"","protected":false},"author":3,"featured_media":0,"parent":72346,"menu_order":0,"comment_status":"closed","ping_status":"closed","template":"","meta":{"_acf_changed":false,"footnotes":""},"class_list":["post-72336","page","type-page","status-publish","hentry"],"acf":[],"yoast_head":"<!-- This site is optimized with the Yoast SEO plugin v27.2 - https:\/\/yoast.com\/product\/yoast-seo-wordpress\/ -->\n<title>La Norme AMS2750E | Eurotherm Limited<\/title>\n<meta name=\"description\" content=\"La Norme AMS2750E | Eurotherm\" \/>\n<meta name=\"robots\" content=\"index, follow, max-snippet:-1, max-image-preview:large, max-video-preview:-1\" \/>\n<meta property=\"og:locale\" content=\"fr_FR\" \/>\n<meta property=\"og:type\" content=\"article\" \/>\n<meta property=\"og:title\" content=\"La Norme AMS2750E | Eurotherm Limited\" \/>\n<meta property=\"og:url\" content=\"https:\/\/www.eurotherm.com\/fr\/meeting-regulatory-industry-compliance\/heat-treatment-regulatory-compliance\/working-with-ams2750e-and-ams2750d\/\" \/>\n<meta property=\"og:site_name\" content=\"Eurotherm Limited\" \/>\n<meta property=\"article:modified_time\" content=\"2020-08-26T09:00:13+00:00\" \/>\n<meta name=\"twitter:card\" content=\"summary_large_image\" \/>\n<script type=\"application\/ld+json\" class=\"yoast-schema-graph\">{\"@context\":\"https:\/\/schema.org\",\"@graph\":[{\"@type\":\"WebPage\",\"@id\":\"https:\/\/www.eurotherm.com\/fr\/meeting-regulatory-industry-compliance\/heat-treatment-regulatory-compliance\/working-with-ams2750e-and-ams2750d\/\",\"url\":\"https:\/\/www.eurotherm.com\/fr\/meeting-regulatory-industry-compliance\/heat-treatment-regulatory-compliance\/working-with-ams2750e-and-ams2750d\/\",\"name\":\"La Norme AMS2750E | Eurotherm Limited\",\"isPartOf\":{\"@id\":\"https:\/\/www.eurotherm.com\/fr\/#website\"},\"datePublished\":\"2018-11-28T15:28:11+00:00\",\"dateModified\":\"2020-08-26T09:00:13+00:00\",\"breadcrumb\":{\"@id\":\"https:\/\/www.eurotherm.com\/fr\/meeting-regulatory-industry-compliance\/heat-treatment-regulatory-compliance\/working-with-ams2750e-and-ams2750d\/#breadcrumb\"},\"inLanguage\":\"fr-FR\",\"potentialAction\":[{\"@type\":\"ReadAction\",\"target\":[\"https:\/\/www.eurotherm.com\/fr\/meeting-regulatory-industry-compliance\/heat-treatment-regulatory-compliance\/working-with-ams2750e-and-ams2750d\/\"]}]},{\"@type\":\"BreadcrumbList\",\"@id\":\"https:\/\/www.eurotherm.com\/fr\/meeting-regulatory-industry-compliance\/heat-treatment-regulatory-compliance\/working-with-ams2750e-and-ams2750d\/#breadcrumb\",\"itemListElement\":[{\"@type\":\"ListItem\",\"position\":1,\"name\":\"Home\",\"item\":\"https:\/\/www.eurotherm.com\/fr\/\"},{\"@type\":\"ListItem\",\"position\":2,\"name\":\"Le Respect des Normes et des R\u00e9glementations Industrielles\",\"item\":\"https:\/\/www.eurotherm.com\/fr\/meeting-regulatory-industry-compliance\/\"},{\"@type\":\"ListItem\",\"position\":3,\"name\":\"Traitement Thermique &#8211; La Conformit\u00e9 R\u00e9glementaire\",\"item\":\"https:\/\/www.eurotherm.com\/fr\/meeting-regulatory-industry-compliance\/heat-treatment-regulatory-compliance\/\"},{\"@type\":\"ListItem\",\"position\":4,\"name\":\"La Norme AMS2750E\"}]},{\"@type\":\"WebSite\",\"@id\":\"https:\/\/www.eurotherm.com\/fr\/#website\",\"url\":\"https:\/\/www.eurotherm.com\/fr\/\",\"name\":\"Eurotherm Limited\",\"description\":\"Temperature Control, Process Control, Measurement and Data Recording Solutions\",\"potentialAction\":[{\"@type\":\"SearchAction\",\"target\":{\"@type\":\"EntryPoint\",\"urlTemplate\":\"https:\/\/www.eurotherm.com\/fr\/?s={search_term_string}\"},\"query-input\":{\"@type\":\"PropertyValueSpecification\",\"valueRequired\":true,\"valueName\":\"search_term_string\"}}],\"inLanguage\":\"fr-FR\"}]}<\/script>\n<!-- \/ Yoast SEO plugin. -->","yoast_head_json":{"title":"La Norme AMS2750E | Eurotherm Limited","description":"La Norme AMS2750E | Eurotherm","robots":{"index":"index","follow":"follow","max-snippet":"max-snippet:-1","max-image-preview":"max-image-preview:large","max-video-preview":"max-video-preview:-1"},"og_locale":"fr_FR","og_type":"article","og_title":"La Norme AMS2750E | Eurotherm Limited","og_url":"https:\/\/www.eurotherm.com\/fr\/meeting-regulatory-industry-compliance\/heat-treatment-regulatory-compliance\/working-with-ams2750e-and-ams2750d\/","og_site_name":"Eurotherm Limited","article_modified_time":"2020-08-26T09:00:13+00:00","twitter_card":"summary_large_image","schema":{"@context":"https:\/\/schema.org","@graph":[{"@type":"WebPage","@id":"https:\/\/www.eurotherm.com\/fr\/meeting-regulatory-industry-compliance\/heat-treatment-regulatory-compliance\/working-with-ams2750e-and-ams2750d\/","url":"https:\/\/www.eurotherm.com\/fr\/meeting-regulatory-industry-compliance\/heat-treatment-regulatory-compliance\/working-with-ams2750e-and-ams2750d\/","name":"La Norme AMS2750E | Eurotherm Limited","isPartOf":{"@id":"https:\/\/www.eurotherm.com\/fr\/#website"},"datePublished":"2018-11-28T15:28:11+00:00","dateModified":"2020-08-26T09:00:13+00:00","breadcrumb":{"@id":"https:\/\/www.eurotherm.com\/fr\/meeting-regulatory-industry-compliance\/heat-treatment-regulatory-compliance\/working-with-ams2750e-and-ams2750d\/#breadcrumb"},"inLanguage":"fr-FR","potentialAction":[{"@type":"ReadAction","target":["https:\/\/www.eurotherm.com\/fr\/meeting-regulatory-industry-compliance\/heat-treatment-regulatory-compliance\/working-with-ams2750e-and-ams2750d\/"]}]},{"@type":"BreadcrumbList","@id":"https:\/\/www.eurotherm.com\/fr\/meeting-regulatory-industry-compliance\/heat-treatment-regulatory-compliance\/working-with-ams2750e-and-ams2750d\/#breadcrumb","itemListElement":[{"@type":"ListItem","position":1,"name":"Home","item":"https:\/\/www.eurotherm.com\/fr\/"},{"@type":"ListItem","position":2,"name":"Le Respect des Normes et des R\u00e9glementations Industrielles","item":"https:\/\/www.eurotherm.com\/fr\/meeting-regulatory-industry-compliance\/"},{"@type":"ListItem","position":3,"name":"Traitement Thermique &#8211; La Conformit\u00e9 R\u00e9glementaire","item":"https:\/\/www.eurotherm.com\/fr\/meeting-regulatory-industry-compliance\/heat-treatment-regulatory-compliance\/"},{"@type":"ListItem","position":4,"name":"La Norme AMS2750E"}]},{"@type":"WebSite","@id":"https:\/\/www.eurotherm.com\/fr\/#website","url":"https:\/\/www.eurotherm.com\/fr\/","name":"Eurotherm Limited","description":"Temperature Control, Process Control, Measurement and Data Recording Solutions","potentialAction":[{"@type":"SearchAction","target":{"@type":"EntryPoint","urlTemplate":"https:\/\/www.eurotherm.com\/fr\/?s={search_term_string}"},"query-input":{"@type":"PropertyValueSpecification","valueRequired":true,"valueName":"search_term_string"}}],"inLanguage":"fr-FR"}]}},"ACF":{"related_products":[22128],"display_accreditations":false,"flexible_content":[{"acf_fc_layout":"2_column_block_areas","activate_card_mode":false,"blocks":[{"featured_image":false,"small_featured_image":false,"text_block":"<h3>Des Produits de Premier Ordre pour le Contr\u00f4le<\/h3>\n<p id=\"tw-target-text\" class=\"tw-data-text tw-text-large XcVN5d tw-ta\" dir=\"ltr\" data-placeholder=\"Traduction\"><span lang=\"fr\">Eurotherm \u00e9labore des solutions de contr\u00f4le pour r\u00e9pondre \u00e0 la plus large plage d&rsquo;exigences Nadcap couvrant les instruments tels que d\u00e9finis dans AMS2750E, classes A &#8211; E et \u00e0 travers les classes de four 1 &#8211; 6. Les solutions peuvent \u00eatre constitu\u00e9es de produits autonomes ou de syst\u00e8mes int\u00e9gr\u00e9s qui incluent des avantages uniques pour l&rsquo;a\u00e9rospatiale et Fabricants et fournisseurs automobiles.<\/span><\/p>\n","two_col_contact_form_instead_of_link":false,"two_col_button_link":"","two_col_button_text":"","two_col_shortcode":""},{"featured_image":false,"small_featured_image":false,"text_block":"<div data-service=\"youtube\" data-id=\"i-sg0fnIZIY\"><\/div>\n","two_col_contact_form_instead_of_link":false,"two_col_button_link":"","two_col_button_text":"","two_col_shortcode":""}]},{"acf_fc_layout":"full_width_text_block","full_text_block":"<ul>\n<li><span lang=\"fr\">Plus de 50 ans de r\u00e9putation en mati\u00e8re de contr\u00f4le de haute qualit\u00e9 dans l&rsquo;industrie a\u00e9rospatiale et automobile<\/span><\/li>\n<li><span lang=\"fr\">Programmateurs de temp\u00e9rature et de profil de proc\u00e9d\u00e9s de haute pr\u00e9cision<\/span><\/li>\n<li><span lang=\"fr\">Fonctionnalit\u00e9s int\u00e9gr\u00e9es pour faciliter les tests de pr\u00e9cision des syst\u00e8mes<\/span><\/li>\n<li><span lang=\"fr\">Gestion des lots et des recettes<\/span><\/li>\n<li><span lang=\"fr\">Algorithme de contr\u00f4le de renomm\u00e9e mondiale<\/span><\/li>\n<li><span lang=\"fr\">Assistance pour le diagnostic et la maintenance du four<\/span><\/li>\n<li><span lang=\"fr\">Produits de haute pr\u00e9cision et haute pr\u00e9cision, avec une r\u00e9p\u00e9tabilit\u00e9 et des performances \u00e0 long terme<\/span><\/li>\n<li><span lang=\"fr\">Parfait pour une utilisation dans des applications de vide et d&rsquo;atmosph\u00e8re \u00e0 temp\u00e9rature int\u00e9gr\u00e9e<\/span><\/li>\n<li><span lang=\"fr\">Protection par mot de passe multi-utilisateur et Audit Trail complet<\/span><\/li>\n<li><span lang=\"fr\">Communication avec la protection contre la surchauffe de suivi des pi\u00e8ces<\/span><\/li>\n<\/ul>\n","button_link":"","button_text":"","remove_top_margin":false,"remove_bottom_margin":false},{"acf_fc_layout":"full_width_text_block","full_text_block":"<h3>Des Fonctions pour faciliter l&rsquo;\u00e9talonnage et les tests de pr\u00e9cision des syst\u00e8mes d&rsquo;instruments<\/h3>\n<ul>\n<li><span lang=\"fr\">Tous les produits disposent d&rsquo;un num\u00e9ro de s\u00e9rie unique et\/ou d&rsquo;une \u00e9tiquette prot\u00e9g\u00e9e par mot de passe<\/span><\/li>\n<li><span lang=\"fr\">La conversion d&rsquo;entr\u00e9e de thermocouple est conforme \u00e0 la norme ASTM230 ou aux normes nationales<\/span><\/li>\n<li><span lang=\"fr\">Routines pour restreindre l&rsquo;utilisation du thermocouple en dehors de la plage autoris\u00e9e<\/span><\/li>\n<li><span lang=\"fr\">Routines pour enregistrer la surveillance des commandes et les cycles et l&rsquo;utilisation des thermocouples de charge de travail<\/span><\/li>\n<li><span lang=\"fr\">\u00c9talonnage de l&rsquo;instrumentation pour r\u00e9pondre aux exigences d\u00e9finies par l&rsquo;AMS2750 dans le tableau 3 pour :<\/span>\n<ul>\n<li><span lang=\"fr\">Instruments de test sur le terrain<\/span><\/li>\n<li><span lang=\"fr\">Instruments de contr\u00f4le, de surveillance ou d&rsquo;enregistrement<\/span><\/li>\n<\/ul>\n<\/li>\n<li><span lang=\"fr\">Enregistreurs de diagrammes et solutions de gestion des donn\u00e9es pour r\u00e9pondre aux exigences de r\u00e9solution et de vitesse des tableaux 4 et 5 de l&rsquo;AMS2750<\/span><\/li>\n<li><span lang=\"fr\">Produits con\u00e7us pour une stabilit\u00e9 d&rsquo;\u00e9talonnage \u00e0 long terme<\/span><\/li>\n<li><span lang=\"fr\">Proc\u00e9dures du fabricant enti\u00e8rement document\u00e9es pour le r\u00e9-\u00e9talonnage et l&rsquo;introduction de compensations<\/span><\/li>\n<li><span lang=\"fr\">Proc\u00e9dures pour r\u00e9pondre aux exigences de pr\u00e9cision pour : <\/span>\n<ul>\n<li><span lang=\"fr\">Instrumentation de test sur le terrain<\/span><\/li>\n<li><span lang=\"fr\">Instruments de contr\u00f4le, de surveillance et d&rsquo;enregistrement <\/span><\/li>\n<\/ul>\n<\/li>\n<li><span lang=\"fr\">Calibrage et d\u00e9rives prot\u00e9g\u00e9s par mot de passe<\/span><\/li>\n<li><span lang=\"fr\">Communications num\u00e9riques de tous les param\u00e8tres pour un enregistrement facile des SAT et des d\u00e9rives<\/span><\/li>\n<li><span lang=\"fr\">Les instruments num\u00e9riques ont une lisibilit\u00e9 pour r\u00e9pondre aux exigences du tableau 4 de l&rsquo;AMS2750 Note 2<\/span><\/li>\n<li><span lang=\"fr\">Les produits r\u00e9pondent aux exigences de sensibilit\u00e9 de l&rsquo;AMS2750 tableau 3 Note 4<\/span><\/li>\n<li><span lang=\"fr\">V\u00e9rification des erreurs pour les param\u00e8tres trait\u00e9s num\u00e9riquement utilis\u00e9s dans les syst\u00e8mes de contr\u00f4le<\/span><\/li>\n<\/ul>\n","button_link":"","button_text":"","remove_top_margin":false,"remove_bottom_margin":false},{"acf_fc_layout":"2_column_block_areas","activate_card_mode":false,"blocks":[{"featured_image":false,"small_featured_image":false,"text_block":"<div class=\"jhH5U\">\n<div id=\"tw-ob\" class=\"tw-src-ltr\">\n<div class=\"oSioSc\">\n<div id=\"tw-target\">\n<div id=\"kAz1tf\" class=\"g9WsWb\">\n<div id=\"tw-target-text-container\" class=\"tw-ta-container hide-focus-ring tw-nfl\" tabindex=\"0\">\n<h3 id=\"tw-target-text\" class=\"tw-data-text tw-text-large XcVN5d tw-ta\" dir=\"ltr\" data-placeholder=\"Traduction\"><span lang=\"fr\">Des Fonctionnalit\u00e9s am\u00e9lior\u00e9es pour am\u00e9liorer les performances d&rsquo;uniformit\u00e9 de la temp\u00e9rature du four<\/span><\/h3>\n<\/div>\n<\/div>\n<\/div>\n<\/div>\n<\/div>\n<\/div>\n<ul>\n<li><span lang=\"fr\">Param\u00e8tres sp\u00e9cialis\u00e9s de r\u00e9duction des d\u00e9passements<\/span><\/li>\n<li><span lang=\"fr\">Techniques de d\u00e9passement sp\u00e9cialis\u00e9es pour les transitions rampe\/palier<\/span><\/li>\n<li><span lang=\"fr\">Algorithmes alternatifs de contr\u00f4le de stabilit\u00e9 \u00e9lev\u00e9e pour les fours \u00e0 gaz et \u00e9lectriques<\/span><\/li>\n<li><span lang=\"fr\">Plusieurs ensembles de r\u00e9glage ou r\u00e9glage dynamique pour aider les TUS sur une large gamme de points de consigne et de tailles de charge<\/span><\/li>\n<li><span lang=\"fr\">Routines de surveillance et de contr\u00f4le des thermocouples de travail<\/span><\/li>\n<li><span lang=\"fr\">Routines de retour d&rsquo;alimentation pour \u00e9liminer l&rsquo;impact des changements de tension d&rsquo;alimentation sur la stabilit\u00e9 du contr\u00f4le<\/span><\/li>\n<li><span lang=\"fr\">Fonctions math\u00e9matiques et solutions graphiques c\u00e2bl\u00e9es<\/span><\/li>\n<li><span lang=\"fr\">Capacit\u00e9 de contr\u00f4le continu et s\u00e9quentiel du four<\/span><\/li>\n<\/ul>\n","two_col_contact_form_instead_of_link":false,"two_col_button_link":"","two_col_button_text":"","two_col_shortcode":""},{"featured_image":false,"small_featured_image":false,"text_block":"<h3>Support et Connaissance des Applications<\/h3>\n<ul>\n<li><span lang=\"fr\">Fourniture de services accr\u00e9dit\u00e9s au niveau local et connaissance des applications<\/span><\/li>\n<li><span lang=\"fr\">Audits du syst\u00e8me d&rsquo;instrumentation du four<\/span><\/li>\n<li><span lang=\"fr\">Support de service de r\u00e9seau de gestion de donn\u00e9es<\/span><\/li>\n<li><span lang=\"fr\">Services d&rsquo;optimisation des fours<\/span><\/li>\n<li><span lang=\"fr\">Services r\u00e9gionaux sur site pour les tests d&rsquo;exactitude du syst\u00e8me selon les normes nationales accr\u00e9dit\u00e9es<\/span><\/li>\n<li><span lang=\"fr\">Services r\u00e9gionaux sur site pour les tests d&rsquo;uniformit\u00e9 de la temp\u00e9rature<\/span><\/li>\n<\/ul>\n","two_col_contact_form_instead_of_link":false,"two_col_button_link":"","two_col_button_text":"","two_col_shortcode":""}]}],"show_sidebar":false},"jetpack_sharing_enabled":true,"_links":{"self":[{"href":"https:\/\/www.eurotherm.com\/fr\/wp-json\/wp\/v2\/pages\/72336","targetHints":{"allow":["GET"]}}],"collection":[{"href":"https:\/\/www.eurotherm.com\/fr\/wp-json\/wp\/v2\/pages"}],"about":[{"href":"https:\/\/www.eurotherm.com\/fr\/wp-json\/wp\/v2\/types\/page"}],"author":[{"embeddable":true,"href":"https:\/\/www.eurotherm.com\/fr\/wp-json\/wp\/v2\/users\/3"}],"replies":[{"embeddable":true,"href":"https:\/\/www.eurotherm.com\/fr\/wp-json\/wp\/v2\/comments?post=72336"}],"version-history":[{"count":2,"href":"https:\/\/www.eurotherm.com\/fr\/wp-json\/wp\/v2\/pages\/72336\/revisions"}],"predecessor-version":[{"id":98593,"href":"https:\/\/www.eurotherm.com\/fr\/wp-json\/wp\/v2\/pages\/72336\/revisions\/98593"}],"up":[{"embeddable":true,"href":"https:\/\/www.eurotherm.com\/fr\/wp-json\/wp\/v2\/pages\/72346"}],"wp:attachment":[{"href":"https:\/\/www.eurotherm.com\/fr\/wp-json\/wp\/v2\/media?parent=72336"}],"curies":[{"name":"wp","href":"https:\/\/api.w.org\/{rel}","templated":true}]}}