{"id":72296,"date":"2018-11-28T16:31:20","date_gmt":"2018-11-28T16:31:20","guid":{"rendered":"https:\/\/www.eurotherm.com\/meeting-regulatory-industry-compliance\/food-beverage-regulatory-compliance\/wrap-comply\/"},"modified":"2019-05-21T20:01:58","modified_gmt":"2019-05-21T20:01:58","slug":"wrap-comply","status":"publish","type":"page","link":"https:\/\/www.eurotherm.com\/fr\/meeting-regulatory-industry-compliance\/food-beverage-regulatory-compliance\/wrap-comply\/","title":{"rendered":"\u00ab\u00a0Wrap &#038; Comply\u00a0\u00bb"},"content":{"rendered":"","protected":false},"excerpt":{"rendered":"","protected":false},"author":3,"featured_media":0,"parent":71941,"menu_order":0,"comment_status":"closed","ping_status":"closed","template":"","meta":{"_acf_changed":false,"footnotes":""},"class_list":["post-72296","page","type-page","status-publish","hentry"],"acf":[],"yoast_head":"<!-- This site is optimized with the Yoast SEO plugin v27.2 - https:\/\/yoast.com\/product\/yoast-seo-wordpress\/ -->\n<title>&quot;Wrap &amp; Comply&quot; | Eurotherm Limited<\/title>\n<meta name=\"description\" content=\"\u00ab\u00a0Wrap &#038; Comply\u00a0\u00bb | Eurotherm\" \/>\n<meta name=\"robots\" content=\"index, follow, max-snippet:-1, max-image-preview:large, max-video-preview:-1\" \/>\n<meta property=\"og:locale\" content=\"fr_FR\" \/>\n<meta property=\"og:type\" content=\"article\" \/>\n<meta property=\"og:title\" content=\"&quot;Wrap &amp; Comply&quot; | Eurotherm Limited\" \/>\n<meta property=\"og:url\" content=\"https:\/\/www.eurotherm.com\/fr\/meeting-regulatory-industry-compliance\/food-beverage-regulatory-compliance\/wrap-comply\/\" \/>\n<meta property=\"og:site_name\" content=\"Eurotherm Limited\" \/>\n<meta property=\"article:modified_time\" content=\"2019-05-21T20:01:58+00:00\" \/>\n<meta name=\"twitter:card\" content=\"summary_large_image\" \/>\n<script type=\"application\/ld+json\" class=\"yoast-schema-graph\">{\"@context\":\"https:\/\/schema.org\",\"@graph\":[{\"@type\":\"WebPage\",\"@id\":\"https:\/\/www.eurotherm.com\/fr\/meeting-regulatory-industry-compliance\/food-beverage-regulatory-compliance\/wrap-comply\/\",\"url\":\"https:\/\/www.eurotherm.com\/fr\/meeting-regulatory-industry-compliance\/food-beverage-regulatory-compliance\/wrap-comply\/\",\"name\":\"\\\"Wrap & Comply\\\" | Eurotherm Limited\",\"isPartOf\":{\"@id\":\"https:\/\/www.eurotherm.com\/fr\/#website\"},\"datePublished\":\"2018-11-28T16:31:20+00:00\",\"dateModified\":\"2019-05-21T20:01:58+00:00\",\"breadcrumb\":{\"@id\":\"https:\/\/www.eurotherm.com\/fr\/meeting-regulatory-industry-compliance\/food-beverage-regulatory-compliance\/wrap-comply\/#breadcrumb\"},\"inLanguage\":\"fr-FR\",\"potentialAction\":[{\"@type\":\"ReadAction\",\"target\":[\"https:\/\/www.eurotherm.com\/fr\/meeting-regulatory-industry-compliance\/food-beverage-regulatory-compliance\/wrap-comply\/\"]}]},{\"@type\":\"BreadcrumbList\",\"@id\":\"https:\/\/www.eurotherm.com\/fr\/meeting-regulatory-industry-compliance\/food-beverage-regulatory-compliance\/wrap-comply\/#breadcrumb\",\"itemListElement\":[{\"@type\":\"ListItem\",\"position\":1,\"name\":\"Home\",\"item\":\"https:\/\/www.eurotherm.com\/fr\/\"},{\"@type\":\"ListItem\",\"position\":2,\"name\":\"Le Respect des Normes et des R\u00e9glementations Industrielles\",\"item\":\"https:\/\/www.eurotherm.com\/fr\/meeting-regulatory-industry-compliance\/\"},{\"@type\":\"ListItem\",\"position\":3,\"name\":\"Agroalimentaire &#8211; La Conformit\u00e9 R\u00e9glementaire\",\"item\":\"https:\/\/www.eurotherm.com\/fr\/meeting-regulatory-industry-compliance\/food-beverage-regulatory-compliance\/\"},{\"@type\":\"ListItem\",\"position\":4,\"name\":\"\u00ab\u00a0Wrap &#038; Comply\u00a0\u00bb\"}]},{\"@type\":\"WebSite\",\"@id\":\"https:\/\/www.eurotherm.com\/fr\/#website\",\"url\":\"https:\/\/www.eurotherm.com\/fr\/\",\"name\":\"Eurotherm Limited\",\"description\":\"Temperature Control, Process Control, Measurement and Data Recording Solutions\",\"potentialAction\":[{\"@type\":\"SearchAction\",\"target\":{\"@type\":\"EntryPoint\",\"urlTemplate\":\"https:\/\/www.eurotherm.com\/fr\/?s={search_term_string}\"},\"query-input\":{\"@type\":\"PropertyValueSpecification\",\"valueRequired\":true,\"valueName\":\"search_term_string\"}}],\"inLanguage\":\"fr-FR\"}]}<\/script>\n<!-- \/ Yoast SEO plugin. -->","yoast_head_json":{"title":"\"Wrap & Comply\" | Eurotherm Limited","description":"\u00ab\u00a0Wrap &#038; Comply\u00a0\u00bb | Eurotherm","robots":{"index":"index","follow":"follow","max-snippet":"max-snippet:-1","max-image-preview":"max-image-preview:large","max-video-preview":"max-video-preview:-1"},"og_locale":"fr_FR","og_type":"article","og_title":"\"Wrap & Comply\" | Eurotherm Limited","og_url":"https:\/\/www.eurotherm.com\/fr\/meeting-regulatory-industry-compliance\/food-beverage-regulatory-compliance\/wrap-comply\/","og_site_name":"Eurotherm Limited","article_modified_time":"2019-05-21T20:01:58+00:00","twitter_card":"summary_large_image","schema":{"@context":"https:\/\/schema.org","@graph":[{"@type":"WebPage","@id":"https:\/\/www.eurotherm.com\/fr\/meeting-regulatory-industry-compliance\/food-beverage-regulatory-compliance\/wrap-comply\/","url":"https:\/\/www.eurotherm.com\/fr\/meeting-regulatory-industry-compliance\/food-beverage-regulatory-compliance\/wrap-comply\/","name":"\"Wrap & Comply\" | Eurotherm Limited","isPartOf":{"@id":"https:\/\/www.eurotherm.com\/fr\/#website"},"datePublished":"2018-11-28T16:31:20+00:00","dateModified":"2019-05-21T20:01:58+00:00","breadcrumb":{"@id":"https:\/\/www.eurotherm.com\/fr\/meeting-regulatory-industry-compliance\/food-beverage-regulatory-compliance\/wrap-comply\/#breadcrumb"},"inLanguage":"fr-FR","potentialAction":[{"@type":"ReadAction","target":["https:\/\/www.eurotherm.com\/fr\/meeting-regulatory-industry-compliance\/food-beverage-regulatory-compliance\/wrap-comply\/"]}]},{"@type":"BreadcrumbList","@id":"https:\/\/www.eurotherm.com\/fr\/meeting-regulatory-industry-compliance\/food-beverage-regulatory-compliance\/wrap-comply\/#breadcrumb","itemListElement":[{"@type":"ListItem","position":1,"name":"Home","item":"https:\/\/www.eurotherm.com\/fr\/"},{"@type":"ListItem","position":2,"name":"Le Respect des Normes et des R\u00e9glementations Industrielles","item":"https:\/\/www.eurotherm.com\/fr\/meeting-regulatory-industry-compliance\/"},{"@type":"ListItem","position":3,"name":"Agroalimentaire &#8211; La Conformit\u00e9 R\u00e9glementaire","item":"https:\/\/www.eurotherm.com\/fr\/meeting-regulatory-industry-compliance\/food-beverage-regulatory-compliance\/"},{"@type":"ListItem","position":4,"name":"\u00ab\u00a0Wrap &#038; Comply\u00a0\u00bb"}]},{"@type":"WebSite","@id":"https:\/\/www.eurotherm.com\/fr\/#website","url":"https:\/\/www.eurotherm.com\/fr\/","name":"Eurotherm Limited","description":"Temperature Control, Process Control, Measurement and Data Recording Solutions","potentialAction":[{"@type":"SearchAction","target":{"@type":"EntryPoint","urlTemplate":"https:\/\/www.eurotherm.com\/fr\/?s={search_term_string}"},"query-input":{"@type":"PropertyValueSpecification","valueRequired":true,"valueName":"search_term_string"}}],"inLanguage":"fr-FR"}]}},"ACF":{"related_products":"","flexible_content":[{"acf_fc_layout":"full_width_text_block","full_text_block":"<p>Vous n&rsquo;\u00eates pas toujours dans l&rsquo;obligation de devoir changer vos syst\u00e8mes d&rsquo;information ou \u00ab\u00a0legacy systems\u00a0\u00bb pour r\u00e9pondre aux r\u00e9glementations applicables&#8230;<\/p>\n<p>Le concept \u00ab\u00a0Wrap &amp; Comply\u00a0\u00bb consiste \u00e0 travailler avec les composants de vos syst\u00e8mes actuels pour r\u00e9duire vos efforts de validation. L&rsquo;optimisation de r\u00e9utilisation des logiciels et mat\u00e9riel existants vous permet ainsi de \u00ab\u00a0Conditionner\u00a0\u00bb votre syst\u00e8me d&rsquo;information dans une architecture valid\u00e9e pour le syst\u00e8me GxP afin d&rsquo;obtenir une \u00ab\u00a0Mise en conformit\u00e9\u00a0\u00bb avec les exigences r\u00e9glementaires comprises dans la r\u00e9glementation 21 CFR Part 11 de la FDA.<\/p>\n","button_link":"","button_text":"","remove_top_margin":false,"remove_bottom_margin":false},{"acf_fc_layout":"2_column_block_areas","activate_card_mode":false,"blocks":[{"featured_image":false,"small_featured_image":false,"text_block":"<h3>Des \u00e9conomies de temps et d&rsquo;argent&#8230;<\/h3>\n<ul>\n<li>R\u00e9utilisation du mat\u00e9riel existant<\/li>\n<li>R\u00e9utilisation des logiciels existants<\/li>\n<li>R\u00e9duire les SOP (Proc\u00e9dures d&rsquo;exploitation normalis\u00e9es)<\/li>\n<li>Am\u00e9liorer le rendement et la qualit\u00e9 des installations<\/li>\n<li>Temps de mise sur le march\u00e9 plus rapide<\/li>\n<li>Validation r\u00e9duite<\/li>\n<\/ul>\n","two_col_contact_form_instead_of_link":false,"two_col_button_link":"","two_col_button_text":"","two_col_shortcode":""},{"featured_image":false,"small_featured_image":false,"text_block":"<p>Nous sommes l\u00e0 pour vous aider \u00e0 identifier les syst\u00e8mes non conformes et entreprendre les actions correctives n\u00e9cessaires pour les valider :<\/p>\n<ul>\n<li><strong>Analyse des \u00e9carts<\/strong>\u00a0&#8211; Identifier les \u00e9carts en validation informatique des syst\u00e8mes<\/li>\n<li><strong>Evaluation des couvertures applicables<\/strong>\u00a0&#8211; D\u00e9terminer les normes GxP auxquelles il faut r\u00e9pondre<\/li>\n<li><strong>Evaluation des risques<\/strong>\u00a0&#8211; D\u00e9terminer et hi\u00e9rarchiser les actions potentielles de mise en conformit\u00e9<\/li>\n<li><strong>Plan d&rsquo;att\u00e9nuation \/ Rem\u00e9diation<\/strong>\u00a0&#8211; Formuler un plan d&rsquo;actions correctives r\u00e9pondant aux d\u00e9ficiences selon le principe suivant : \u00ab\u00a0Conserver dans la mesure du possible les logiciels et mat\u00e9riel existants\u00a0\u00bb<\/li>\n<li><strong>Mise en application<\/strong>\u00a0&#8211; Instaurer des actions correctives<\/li>\n<\/ul>\n","two_col_contact_form_instead_of_link":false,"two_col_button_link":"","two_col_button_text":"","two_col_shortcode":""}]}],"show_sidebar":false,"display_accreditations":false},"jetpack_sharing_enabled":true,"_links":{"self":[{"href":"https:\/\/www.eurotherm.com\/fr\/wp-json\/wp\/v2\/pages\/72296","targetHints":{"allow":["GET"]}}],"collection":[{"href":"https:\/\/www.eurotherm.com\/fr\/wp-json\/wp\/v2\/pages"}],"about":[{"href":"https:\/\/www.eurotherm.com\/fr\/wp-json\/wp\/v2\/types\/page"}],"author":[{"embeddable":true,"href":"https:\/\/www.eurotherm.com\/fr\/wp-json\/wp\/v2\/users\/3"}],"replies":[{"embeddable":true,"href":"https:\/\/www.eurotherm.com\/fr\/wp-json\/wp\/v2\/comments?post=72296"}],"version-history":[{"count":0,"href":"https:\/\/www.eurotherm.com\/fr\/wp-json\/wp\/v2\/pages\/72296\/revisions"}],"up":[{"embeddable":true,"href":"https:\/\/www.eurotherm.com\/fr\/wp-json\/wp\/v2\/pages\/71941"}],"wp:attachment":[{"href":"https:\/\/www.eurotherm.com\/fr\/wp-json\/wp\/v2\/media?parent=72296"}],"curies":[{"name":"wp","href":"https:\/\/api.w.org\/{rel}","templated":true}]}}