{"id":72267,"date":"2018-12-27T21:21:50","date_gmt":"2018-12-27T21:21:50","guid":{"rendered":"https:\/\/www.eurotherm.com\/events\/"},"modified":"2025-03-26T18:43:35","modified_gmt":"2025-03-26T10:43:35","slug":"events","status":"publish","type":"page","link":"https:\/\/www.eurotherm.com\/fr\/events\/","title":{"rendered":"Ev\u00e9nements &#038; Webinars"},"content":{"rendered":"","protected":false},"excerpt":{"rendered":"","protected":false},"author":3,"featured_media":0,"parent":0,"menu_order":0,"comment_status":"closed","ping_status":"closed","template":"templates\/events.php","meta":{"_acf_changed":false,"footnotes":""},"class_list":["post-72267","page","type-page","status-publish","hentry"],"acf":[],"yoast_head":"<!-- This site is optimized with the Yoast SEO plugin v27.2 - https:\/\/yoast.com\/product\/yoast-seo-wordpress\/ -->\n<title>Ev\u00e9nements &amp; Webinars | Eurotherm Limited<\/title>\n<meta name=\"description\" content=\"Ev\u00e9nements &#038; Webinars | Eurotherm\" \/>\n<meta name=\"robots\" content=\"index, follow, max-snippet:-1, max-image-preview:large, max-video-preview:-1\" \/>\n<meta property=\"og:locale\" content=\"fr_FR\" \/>\n<meta property=\"og:type\" content=\"article\" \/>\n<meta property=\"og:title\" content=\"Ev\u00e9nements &amp; Webinars | Eurotherm Limited\" \/>\n<meta property=\"og:url\" content=\"https:\/\/www.eurotherm.com\/fr\/events\/\" \/>\n<meta property=\"og:site_name\" content=\"Eurotherm Limited\" \/>\n<meta property=\"article:modified_time\" content=\"2025-03-26T10:43:35+00:00\" \/>\n<meta name=\"twitter:card\" content=\"summary_large_image\" \/>\n<script type=\"application\/ld+json\" class=\"yoast-schema-graph\">{\"@context\":\"https:\/\/schema.org\",\"@graph\":[{\"@type\":\"WebPage\",\"@id\":\"https:\/\/www.eurotherm.com\/fr\/events\/\",\"url\":\"https:\/\/www.eurotherm.com\/fr\/events\/\",\"name\":\"Ev\u00e9nements & Webinars | Eurotherm Limited\",\"isPartOf\":{\"@id\":\"https:\/\/www.eurotherm.com\/fr\/#website\"},\"datePublished\":\"2018-12-27T21:21:50+00:00\",\"dateModified\":\"2025-03-26T10:43:35+00:00\",\"breadcrumb\":{\"@id\":\"https:\/\/www.eurotherm.com\/fr\/events\/#breadcrumb\"},\"inLanguage\":\"fr-FR\",\"potentialAction\":[{\"@type\":\"ReadAction\",\"target\":[\"https:\/\/www.eurotherm.com\/fr\/events\/\"]}]},{\"@type\":\"BreadcrumbList\",\"@id\":\"https:\/\/www.eurotherm.com\/fr\/events\/#breadcrumb\",\"itemListElement\":[{\"@type\":\"ListItem\",\"position\":1,\"name\":\"Home\",\"item\":\"https:\/\/www.eurotherm.com\/fr\/\"},{\"@type\":\"ListItem\",\"position\":2,\"name\":\"Ev\u00e9nements &#038; Webinars\"}]},{\"@type\":\"WebSite\",\"@id\":\"https:\/\/www.eurotherm.com\/fr\/#website\",\"url\":\"https:\/\/www.eurotherm.com\/fr\/\",\"name\":\"Eurotherm Limited\",\"description\":\"Temperature Control, Process Control, Measurement and Data Recording Solutions\",\"potentialAction\":[{\"@type\":\"SearchAction\",\"target\":{\"@type\":\"EntryPoint\",\"urlTemplate\":\"https:\/\/www.eurotherm.com\/fr\/?s={search_term_string}\"},\"query-input\":{\"@type\":\"PropertyValueSpecification\",\"valueRequired\":true,\"valueName\":\"search_term_string\"}}],\"inLanguage\":\"fr-FR\"}]}<\/script>\n<!-- \/ Yoast SEO plugin. -->","yoast_head_json":{"title":"Ev\u00e9nements & Webinars | Eurotherm Limited","description":"Ev\u00e9nements &#038; Webinars | Eurotherm","robots":{"index":"index","follow":"follow","max-snippet":"max-snippet:-1","max-image-preview":"max-image-preview:large","max-video-preview":"max-video-preview:-1"},"og_locale":"fr_FR","og_type":"article","og_title":"Ev\u00e9nements & Webinars | Eurotherm Limited","og_url":"https:\/\/www.eurotherm.com\/fr\/events\/","og_site_name":"Eurotherm Limited","article_modified_time":"2025-03-26T10:43:35+00:00","twitter_card":"summary_large_image","schema":{"@context":"https:\/\/schema.org","@graph":[{"@type":"WebPage","@id":"https:\/\/www.eurotherm.com\/fr\/events\/","url":"https:\/\/www.eurotherm.com\/fr\/events\/","name":"Ev\u00e9nements & Webinars | Eurotherm Limited","isPartOf":{"@id":"https:\/\/www.eurotherm.com\/fr\/#website"},"datePublished":"2018-12-27T21:21:50+00:00","dateModified":"2025-03-26T10:43:35+00:00","breadcrumb":{"@id":"https:\/\/www.eurotherm.com\/fr\/events\/#breadcrumb"},"inLanguage":"fr-FR","potentialAction":[{"@type":"ReadAction","target":["https:\/\/www.eurotherm.com\/fr\/events\/"]}]},{"@type":"BreadcrumbList","@id":"https:\/\/www.eurotherm.com\/fr\/events\/#breadcrumb","itemListElement":[{"@type":"ListItem","position":1,"name":"Home","item":"https:\/\/www.eurotherm.com\/fr\/"},{"@type":"ListItem","position":2,"name":"Ev\u00e9nements &#038; Webinars"}]},{"@type":"WebSite","@id":"https:\/\/www.eurotherm.com\/fr\/#website","url":"https:\/\/www.eurotherm.com\/fr\/","name":"Eurotherm Limited","description":"Temperature Control, Process Control, Measurement and Data Recording Solutions","potentialAction":[{"@type":"SearchAction","target":{"@type":"EntryPoint","urlTemplate":"https:\/\/www.eurotherm.com\/fr\/?s={search_term_string}"},"query-input":{"@type":"PropertyValueSpecification","valueRequired":true,"valueName":"search_term_string"}}],"inLanguage":"fr-FR"}]}},"ACF":{"display_accreditations":false,"show_sidebar":false,"flexible_content":[{"acf_fc_layout":"full_width_image_header","header_textarea":"<h1>D\u00e9couvrez nos innovations lors de conf\u00e9rences internationales renomm\u00e9es et de webinaires en ligne.<\/h1>\n<p>Laissez nos experts vous d\u00e9voiler des solutions de boucles thermiques novatrices con\u00e7ues pour r\u00e9pondre aux processus de fabrication les plus exigeants. D\u00e9couvrez les derni\u00e8res tendances et les solutions de haute technologie qui fa\u00e7onnent l\u2019avenir.<\/p>\n","background_image":{"ID":83065,"id":83065,"title":"Event Banner General 2019_background","filename":"Event-Banner-General-2019_background.jpg","filesize":748974,"url":"https:\/\/www.eurotherm.com\/wp-content\/uploads\/2019\/11\/Event-Banner-General-2019_background.jpg","link":"https:\/\/www.eurotherm.com\/fr\/events\/attachment\/event-banner-general-2019_background-3\/","alt":"","author":"4","description":"","caption":"","name":"event-banner-general-2019_background-3","status":"inherit","uploaded_to":72267,"date":"2019-11-26 10:08:59","modified":"2019-11-26 10:08:59","menu_order":0,"mime_type":"image\/jpeg","type":"image","subtype":"jpeg","icon":"https:\/\/www.eurotherm.com\/wp-includes\/images\/media\/default.png","width":1920,"height":550,"sizes":{"thumbnail":"https:\/\/www.eurotherm.com\/wp-content\/uploads\/2019\/11\/Event-Banner-General-2019_background-150x150.jpg","thumbnail-width":150,"thumbnail-height":150,"medium":"https:\/\/www.eurotherm.com\/wp-content\/uploads\/2019\/11\/Event-Banner-General-2019_background-300x86.jpg","medium-width":300,"medium-height":86,"medium_large":"https:\/\/www.eurotherm.com\/wp-content\/uploads\/2019\/11\/Event-Banner-General-2019_background-768x220.jpg","medium_large-width":768,"medium_large-height":220,"large":"https:\/\/www.eurotherm.com\/wp-content\/uploads\/2019\/11\/Event-Banner-General-2019_background-1024x293.jpg","large-width":1024,"large-height":293,"1536x1536":"https:\/\/www.eurotherm.com\/wp-content\/uploads\/2019\/11\/Event-Banner-General-2019_background.jpg","1536x1536-width":1536,"1536x1536-height":440,"2048x2048":"https:\/\/www.eurotherm.com\/wp-content\/uploads\/2019\/11\/Event-Banner-General-2019_background.jpg","2048x2048-width":1920,"2048x2048-height":550,"woocommerce_thumbnail":"https:\/\/www.eurotherm.com\/wp-content\/uploads\/2019\/11\/Event-Banner-General-2019_background-300x300.jpg","woocommerce_thumbnail-width":300,"woocommerce_thumbnail-height":300,"woocommerce_single":"https:\/\/www.eurotherm.com\/wp-content\/uploads\/2019\/11\/Event-Banner-General-2019_background-600x172.jpg","woocommerce_single-width":600,"woocommerce_single-height":172,"woocommerce_gallery_thumbnail":"https:\/\/www.eurotherm.com\/wp-content\/uploads\/2019\/11\/Event-Banner-General-2019_background-100x100.jpg","woocommerce_gallery_thumbnail-width":100,"woocommerce_gallery_thumbnail-height":100}},"header_buttons":false}]},"jetpack_sharing_enabled":true,"_links":{"self":[{"href":"https:\/\/www.eurotherm.com\/fr\/wp-json\/wp\/v2\/pages\/72267","targetHints":{"allow":["GET"]}}],"collection":[{"href":"https:\/\/www.eurotherm.com\/fr\/wp-json\/wp\/v2\/pages"}],"about":[{"href":"https:\/\/www.eurotherm.com\/fr\/wp-json\/wp\/v2\/types\/page"}],"author":[{"embeddable":true,"href":"https:\/\/www.eurotherm.com\/fr\/wp-json\/wp\/v2\/users\/3"}],"replies":[{"embeddable":true,"href":"https:\/\/www.eurotherm.com\/fr\/wp-json\/wp\/v2\/comments?post=72267"}],"version-history":[{"count":4,"href":"https:\/\/www.eurotherm.com\/fr\/wp-json\/wp\/v2\/pages\/72267\/revisions"}],"predecessor-version":[{"id":158876,"href":"https:\/\/www.eurotherm.com\/fr\/wp-json\/wp\/v2\/pages\/72267\/revisions\/158876"}],"wp:attachment":[{"href":"https:\/\/www.eurotherm.com\/fr\/wp-json\/wp\/v2\/media?parent=72267"}],"curies":[{"name":"wp","href":"https:\/\/api.w.org\/{rel}","templated":true}]}}