{"id":72256,"date":"2018-11-28T16:47:24","date_gmt":"2018-11-28T16:47:24","guid":{"rendered":"https:\/\/www.eurotherm.com\/life-sciences-performance-services\/"},"modified":"2020-08-26T20:15:55","modified_gmt":"2020-08-26T12:15:55","slug":"life-sciences-performance-services","status":"publish","type":"page","link":"https:\/\/www.eurotherm.com\/fr\/life-sciences-cpg\/solutions-services\/life-sciences-performance-services\/","title":{"rendered":"Life Sciences Performance Services"},"content":{"rendered":"","protected":false},"excerpt":{"rendered":"","protected":false},"author":3,"featured_media":0,"parent":72276,"menu_order":0,"comment_status":"closed","ping_status":"closed","template":"","meta":{"_acf_changed":false,"footnotes":""},"class_list":["post-72256","page","type-page","status-publish","hentry"],"acf":[],"yoast_head":"<!-- This site is optimized with the Yoast SEO plugin v27.2 - https:\/\/yoast.com\/product\/yoast-seo-wordpress\/ -->\n<title>Life Sciences Performance Services | Eurotherm Limited<\/title>\n<meta name=\"description\" content=\"Life Sciences Performance Services | Eurotherm\" \/>\n<meta name=\"robots\" content=\"index, follow, max-snippet:-1, max-image-preview:large, max-video-preview:-1\" \/>\n<meta property=\"og:locale\" content=\"fr_FR\" \/>\n<meta property=\"og:type\" content=\"article\" \/>\n<meta property=\"og:title\" content=\"Life Sciences Performance Services | Eurotherm Limited\" \/>\n<meta property=\"og:url\" content=\"https:\/\/www.eurotherm.com\/fr\/life-sciences-cpg\/solutions-services\/life-sciences-performance-services\/\" \/>\n<meta property=\"og:site_name\" content=\"Eurotherm Limited\" \/>\n<meta property=\"article:modified_time\" content=\"2020-08-26T12:15:55+00:00\" \/>\n<meta name=\"twitter:card\" content=\"summary_large_image\" \/>\n<script type=\"application\/ld+json\" class=\"yoast-schema-graph\">{\"@context\":\"https:\/\/schema.org\",\"@graph\":[{\"@type\":\"WebPage\",\"@id\":\"https:\/\/www.eurotherm.com\/fr\/life-sciences-cpg\/solutions-services\/life-sciences-performance-services\/\",\"url\":\"https:\/\/www.eurotherm.com\/fr\/life-sciences-cpg\/solutions-services\/life-sciences-performance-services\/\",\"name\":\"Life Sciences Performance Services | Eurotherm Limited\",\"isPartOf\":{\"@id\":\"https:\/\/www.eurotherm.com\/fr\/#website\"},\"datePublished\":\"2018-11-28T16:47:24+00:00\",\"dateModified\":\"2020-08-26T12:15:55+00:00\",\"breadcrumb\":{\"@id\":\"https:\/\/www.eurotherm.com\/fr\/life-sciences-cpg\/solutions-services\/life-sciences-performance-services\/#breadcrumb\"},\"inLanguage\":\"fr-FR\",\"potentialAction\":[{\"@type\":\"ReadAction\",\"target\":[\"https:\/\/www.eurotherm.com\/fr\/life-sciences-cpg\/solutions-services\/life-sciences-performance-services\/\"]}]},{\"@type\":\"BreadcrumbList\",\"@id\":\"https:\/\/www.eurotherm.com\/fr\/life-sciences-cpg\/solutions-services\/life-sciences-performance-services\/#breadcrumb\",\"itemListElement\":[{\"@type\":\"ListItem\",\"position\":1,\"name\":\"Home\",\"item\":\"https:\/\/www.eurotherm.com\/fr\/\"},{\"@type\":\"ListItem\",\"position\":2,\"name\":\"Sciences de la vie\",\"item\":\"https:\/\/www.eurotherm.com\/fr\/life-sciences-cpg\/\"},{\"@type\":\"ListItem\",\"position\":3,\"name\":\"Solutions et Services\",\"item\":\"https:\/\/www.eurotherm.com\/fr\/life-sciences-cpg\/solutions-services\/\"},{\"@type\":\"ListItem\",\"position\":4,\"name\":\"Life Sciences Performance Services\"}]},{\"@type\":\"WebSite\",\"@id\":\"https:\/\/www.eurotherm.com\/fr\/#website\",\"url\":\"https:\/\/www.eurotherm.com\/fr\/\",\"name\":\"Eurotherm Limited\",\"description\":\"Temperature Control, Process Control, Measurement and Data Recording Solutions\",\"potentialAction\":[{\"@type\":\"SearchAction\",\"target\":{\"@type\":\"EntryPoint\",\"urlTemplate\":\"https:\/\/www.eurotherm.com\/fr\/?s={search_term_string}\"},\"query-input\":{\"@type\":\"PropertyValueSpecification\",\"valueRequired\":true,\"valueName\":\"search_term_string\"}}],\"inLanguage\":\"fr-FR\"}]}<\/script>\n<!-- \/ Yoast SEO plugin. -->","yoast_head_json":{"title":"Life Sciences Performance Services | Eurotherm Limited","description":"Life Sciences Performance Services | Eurotherm","robots":{"index":"index","follow":"follow","max-snippet":"max-snippet:-1","max-image-preview":"max-image-preview:large","max-video-preview":"max-video-preview:-1"},"og_locale":"fr_FR","og_type":"article","og_title":"Life Sciences Performance Services | Eurotherm Limited","og_url":"https:\/\/www.eurotherm.com\/fr\/life-sciences-cpg\/solutions-services\/life-sciences-performance-services\/","og_site_name":"Eurotherm Limited","article_modified_time":"2020-08-26T12:15:55+00:00","twitter_card":"summary_large_image","schema":{"@context":"https:\/\/schema.org","@graph":[{"@type":"WebPage","@id":"https:\/\/www.eurotherm.com\/fr\/life-sciences-cpg\/solutions-services\/life-sciences-performance-services\/","url":"https:\/\/www.eurotherm.com\/fr\/life-sciences-cpg\/solutions-services\/life-sciences-performance-services\/","name":"Life Sciences Performance Services | Eurotherm Limited","isPartOf":{"@id":"https:\/\/www.eurotherm.com\/fr\/#website"},"datePublished":"2018-11-28T16:47:24+00:00","dateModified":"2020-08-26T12:15:55+00:00","breadcrumb":{"@id":"https:\/\/www.eurotherm.com\/fr\/life-sciences-cpg\/solutions-services\/life-sciences-performance-services\/#breadcrumb"},"inLanguage":"fr-FR","potentialAction":[{"@type":"ReadAction","target":["https:\/\/www.eurotherm.com\/fr\/life-sciences-cpg\/solutions-services\/life-sciences-performance-services\/"]}]},{"@type":"BreadcrumbList","@id":"https:\/\/www.eurotherm.com\/fr\/life-sciences-cpg\/solutions-services\/life-sciences-performance-services\/#breadcrumb","itemListElement":[{"@type":"ListItem","position":1,"name":"Home","item":"https:\/\/www.eurotherm.com\/fr\/"},{"@type":"ListItem","position":2,"name":"Sciences de la vie","item":"https:\/\/www.eurotherm.com\/fr\/life-sciences-cpg\/"},{"@type":"ListItem","position":3,"name":"Solutions et Services","item":"https:\/\/www.eurotherm.com\/fr\/life-sciences-cpg\/solutions-services\/"},{"@type":"ListItem","position":4,"name":"Life Sciences Performance Services"}]},{"@type":"WebSite","@id":"https:\/\/www.eurotherm.com\/fr\/#website","url":"https:\/\/www.eurotherm.com\/fr\/","name":"Eurotherm Limited","description":"Temperature Control, Process Control, Measurement and Data Recording Solutions","potentialAction":[{"@type":"SearchAction","target":{"@type":"EntryPoint","urlTemplate":"https:\/\/www.eurotherm.com\/fr\/?s={search_term_string}"},"query-input":{"@type":"PropertyValueSpecification","valueRequired":true,"valueName":"search_term_string"}}],"inLanguage":"fr-FR"}]}},"ACF":{"related_products":"","flexible_content":[{"acf_fc_layout":"two_third_text_-_one_third_image","left_text":"<h3>Optimisation des Proc\u00e9d\u00e9s<\/h3>\n<p id=\"tw-target-text\" class=\"tw-data-text tw-text-large XcVN5d tw-ta\" dir=\"ltr\" data-placeholder=\"Traduction\"><span lang=\"fr\">La plupart des entreprises r\u00e9duisent fortement les co\u00fbts CAPEX et OPEX et s&rsquo;efforcent d&rsquo;am\u00e9liorer leurs performances. Eurotherm joue un r\u00f4le dans ce processus en faisant venir sur site des ing\u00e9nieurs exp\u00e9riment\u00e9s, en r\u00e9alisant un audit du proc\u00e9d\u00e9 et en identifiant les am\u00e9liorations possibles. <\/span><\/p>\n<p class=\"tw-data-text tw-text-large XcVN5d tw-ta\" dir=\"ltr\" data-placeholder=\"Traduction\"><span lang=\"fr\">Un \u00e9quipement de surveillance peut \u00eatre install\u00e9 pour comprendre les performances et les co\u00fbts, pour cr\u00e9er une base de r\u00e9f\u00e9rence sur laquelle les am\u00e9liorations peuvent \u00eatre mesur\u00e9es.<\/span><\/p>\n<p>&nbsp;<\/p>\n","lay_three_button_link":"","lay_three_button_text":"","right_image":{"ID":82062,"id":82062,"title":"Man wearing lab coat and safety goggles at machine in factory looking at tablet","filename":"GettyImages-934890340.jpg","filesize":3289425,"url":"https:\/\/www.eurotherm.com\/wp-content\/uploads\/2019\/10\/GettyImages-934890340.jpg","link":"https:\/\/www.eurotherm.com\/fr\/life-sciences-cpg\/solutions-services\/life-sciences-performance-services\/attachment\/man-wearing-lab-coat-and-safety-goggles-at-machine-in-factory-looking-at-tablet-2\/","alt":"","author":"29","description":"","caption":"","name":"man-wearing-lab-coat-and-safety-goggles-at-machine-in-factory-looking-at-tablet-2","status":"inherit","uploaded_to":72256,"date":"2019-10-30 16:17:07","modified":"2019-10-30 16:17:07","menu_order":0,"mime_type":"image\/jpeg","type":"image","subtype":"jpeg","icon":"https:\/\/www.eurotherm.com\/wp-includes\/images\/media\/default.png","width":5600,"height":3738,"sizes":{"thumbnail":"https:\/\/www.eurotherm.com\/wp-content\/uploads\/2019\/10\/GettyImages-934890340-150x150.jpg","thumbnail-width":150,"thumbnail-height":150,"medium":"https:\/\/www.eurotherm.com\/wp-content\/uploads\/2019\/10\/GettyImages-934890340-300x200.jpg","medium-width":300,"medium-height":200,"medium_large":"https:\/\/www.eurotherm.com\/wp-content\/uploads\/2019\/10\/GettyImages-934890340-768x513.jpg","medium_large-width":768,"medium_large-height":513,"large":"https:\/\/www.eurotherm.com\/wp-content\/uploads\/2019\/10\/GettyImages-934890340-1024x684.jpg","large-width":1024,"large-height":684,"1536x1536":"https:\/\/www.eurotherm.com\/wp-content\/uploads\/2019\/10\/GettyImages-934890340.jpg","1536x1536-width":1536,"1536x1536-height":1025,"2048x2048":"https:\/\/www.eurotherm.com\/wp-content\/uploads\/2019\/10\/GettyImages-934890340.jpg","2048x2048-width":2048,"2048x2048-height":1367,"woocommerce_thumbnail":"https:\/\/www.eurotherm.com\/wp-content\/uploads\/2019\/10\/GettyImages-934890340-300x300.jpg","woocommerce_thumbnail-width":300,"woocommerce_thumbnail-height":300,"woocommerce_single":"https:\/\/www.eurotherm.com\/wp-content\/uploads\/2019\/10\/GettyImages-934890340-600x401.jpg","woocommerce_single-width":600,"woocommerce_single-height":401,"woocommerce_gallery_thumbnail":"https:\/\/www.eurotherm.com\/wp-content\/uploads\/2019\/10\/GettyImages-934890340-100x100.jpg","woocommerce_gallery_thumbnail-width":100,"woocommerce_gallery_thumbnail-height":100}},"right_image_caption":""},{"acf_fc_layout":"full_width_text_block","full_text_block":"<p>Les solutions vont de simples am\u00e9liorations, \u00e0 la remise en service ou \u00e9ventuellement \u00e0 une approche compl\u00e8tement nouvelle de la solution de contr\u00f4le vers une solution de contr\u00f4le vanc\u00e9 (impliquant \u00e9ventuellement la technologie IA). En r\u00e8gle g\u00e9n\u00e9rale, ce travail n&rsquo;est termin\u00e9 que lorsque de nouveaux projets sont entrepris, mais nous pensons qu&rsquo;il peut am\u00e9liorer la productivit\u00e9 de l&rsquo;usine en appliquant l&rsquo;exp\u00e9rience de nos ing\u00e9nieurs au jour le jour.<\/p>\n<p>L&rsquo;\u00e9quipe d&rsquo;ing\u00e9nierie d&rsquo;Eurotherm (\u00e9galement appel\u00e9e \u00e9quipe D\u00e9livery) est une \u00e9quipe mondiale de plus de 60 ing\u00e9nieurs et techniciens parfaitement inform\u00e9s et exp\u00e9riment\u00e9s dans les applications des sciences de la vie et dans le respect des contraintes sp\u00e9cifiques de ce march\u00e9, comprenant des professionnels qualifi\u00e9s en gestion de projet (PMP) qui sont \u00e9galement parfaitement form\u00e9s et exp\u00e9riment\u00e9s pour travailler selon les directives ISPE GAMP\u00ae 5. De la collecte des informations sur site \u00e0 l&rsquo;interaction avec les fournisseurs et les tiers, nous sommes en mesure de concevoir votre projet d&rsquo;automatisation, de d\u00e9marrer votre ligne de production et finalement pour vous fournir un contrat de support \u00e0 vie vous assurant d&rsquo;\u00eatre inform\u00e9 de l&rsquo;\u00e9volution de la technologie et des \u00e9ventuelles am\u00e9liorations de votre installation, plus rapidement, mieux et plus rentable.<\/p>\n<p>Nos ing\u00e9nieurs peuvent \u00e9galement vous aider \u00e0 cr\u00e9er votre sp\u00e9cification d&rsquo;exigence utilisateur (URS) conform\u00e9ment aux directives ISPE GAMP\u00ae 5, \u00e0 la suite d&rsquo;une analyse compl\u00e8te de vos processus et m\u00e9thodes bas\u00e9es sur les risques, ainsi que d&rsquo;une compr\u00e9hension de vos exigences commerciales et de vos attentes.<\/p>\n","button_link":"","button_text":"","remove_top_margin":false,"remove_bottom_margin":false},{"acf_fc_layout":"two_third_text_-_one_third_image","left_text":"<h3>Expertise en Sciences de la Vie<\/h3>\n<div class=\"jhH5U\">\n<div id=\"tw-ob\" class=\"tw-src-ltr\">\n<div class=\"oSioSc\">\n<div id=\"tw-target\">\n<div id=\"kAz1tf\" class=\"g9WsWb\">\n<div id=\"tw-target-text-container\" class=\"tw-ta-container hide-focus-ring tw-nfl\" tabindex=\"0\">\n<p id=\"tw-target-text\" class=\"tw-data-text tw-text-large XcVN5d tw-ta\" dir=\"ltr\" data-placeholder=\"Traduction\"><span lang=\"fr\">Nos ing\u00e9nieurs de projets ont d\u00e9j\u00e0 livr\u00e9 de nombreux projets dans le contexte r\u00e9glement\u00e9 de l&rsquo;environnement pharmaceutique, g\u00e9n\u00e9rique, biotechnologique et des dispositifs m\u00e9dicaux. Ils sont de confiance et de grands conseillers bas\u00e9s sur leurs connaissances et leur exp\u00e9rience, ils sont pr\u00eats \u00e0 \u00e9changer avec vous, \u00e0 r\u00e9aliser un audit de votre proc\u00e9d\u00e9 sur l&rsquo;INT\u00c9GRIT\u00c9 DES DONN\u00c9ES (concept ALCOA+), la perspective de qualification et de validation (ISPE GAMP\u00ae 5). Dites-nous comment nous pouvons vous aider ?<\/span><\/p>\n<\/div>\n<\/div>\n<\/div>\n<\/div>\n<\/div>\n<div id=\"tw-images\"><\/div>\n<div class=\"dURPtb\"><\/div>\n<div>\n<div><\/div>\n<\/div>\n<\/div>\n","lay_three_button_link":"","lay_three_button_text":"","right_image":{"ID":82075,"id":82075,"title":"Chemist with helmet in chemical laboratory","filename":"GettyImages-1011456568.jpg","filesize":21706860,"url":"https:\/\/www.eurotherm.com\/wp-content\/uploads\/2019\/10\/GettyImages-1011456568.jpg","link":"https:\/\/www.eurotherm.com\/fr\/life-sciences-cpg\/solutions-services\/life-sciences-performance-services\/attachment\/chemist-with-helmet-in-chemical-laboratory-2\/","alt":"","author":"29","description":"","caption":"","name":"chemist-with-helmet-in-chemical-laboratory-2","status":"inherit","uploaded_to":72256,"date":"2019-10-30 16:17:51","modified":"2019-10-30 16:17:51","menu_order":0,"mime_type":"image\/jpeg","type":"image","subtype":"jpeg","icon":"https:\/\/www.eurotherm.com\/wp-includes\/images\/media\/default.png","width":7500,"height":5626,"sizes":{"thumbnail":"https:\/\/www.eurotherm.com\/wp-content\/uploads\/2019\/10\/GettyImages-1011456568-150x150.jpg","thumbnail-width":150,"thumbnail-height":150,"medium":"https:\/\/www.eurotherm.com\/wp-content\/uploads\/2019\/10\/GettyImages-1011456568-300x225.jpg","medium-width":300,"medium-height":225,"medium_large":"https:\/\/www.eurotherm.com\/wp-content\/uploads\/2019\/10\/GettyImages-1011456568-768x576.jpg","medium_large-width":768,"medium_large-height":576,"large":"https:\/\/www.eurotherm.com\/wp-content\/uploads\/2019\/10\/GettyImages-1011456568-1024x768.jpg","large-width":1024,"large-height":768,"1536x1536":"https:\/\/www.eurotherm.com\/wp-content\/uploads\/2019\/10\/GettyImages-1011456568.jpg","1536x1536-width":1536,"1536x1536-height":1152,"2048x2048":"https:\/\/www.eurotherm.com\/wp-content\/uploads\/2019\/10\/GettyImages-1011456568.jpg","2048x2048-width":2048,"2048x2048-height":1536,"woocommerce_thumbnail":"https:\/\/www.eurotherm.com\/wp-content\/uploads\/2019\/10\/GettyImages-1011456568-300x300.jpg","woocommerce_thumbnail-width":300,"woocommerce_thumbnail-height":300,"woocommerce_single":"https:\/\/www.eurotherm.com\/wp-content\/uploads\/2019\/10\/GettyImages-1011456568-600x450.jpg","woocommerce_single-width":600,"woocommerce_single-height":450,"woocommerce_gallery_thumbnail":"https:\/\/www.eurotherm.com\/wp-content\/uploads\/2019\/10\/GettyImages-1011456568-100x100.jpg","woocommerce_gallery_thumbnail-width":100,"woocommerce_gallery_thumbnail-height":100}},"right_image_caption":""},{"acf_fc_layout":"full_width_text_block","full_text_block":"<div class=\"jhH5U\">\n<div id=\"tw-ob\" class=\"tw-src-ltr\">\n<div class=\"oSioSc\">\n<div id=\"tw-target\">\n<div id=\"kAz1tf\" class=\"g9WsWb\">\n<div id=\"tw-target-text-container\" class=\"tw-ta-container hide-focus-ring tw-nfl\" tabindex=\"0\">\n<h3 id=\"tw-target-text\" class=\"tw-data-text tw-text-large XcVN5d tw-ta\" dir=\"ltr\" data-placeholder=\"Traduction\"><span lang=\"fr\">Analyse du r\u00e9seau et de la cybers\u00e9curit\u00e9<\/span><\/h3>\n<\/div>\n<\/div>\n<\/div>\n<\/div>\n<\/div>\n<\/div>\n<p id=\"tw-target-text\" class=\"tw-data-text tw-text-large XcVN5d tw-ta\" dir=\"ltr\" data-placeholder=\"Traduction\"><span lang=\"fr\">Les r\u00e9seaux et la cybers\u00e9curit\u00e9 sont la colonne vert\u00e9brale des syst\u00e8mes de contr\u00f4le et de surveillance actuels, transmettant les donn\u00e9es de processus entre les appareils, les contr\u00f4leurs locaux et les syst\u00e8mes de supervision. Leur d\u00e9faillance peut clairement avoir un impact s\u00e9rieux sur les syst\u00e8mes de l&rsquo;usine.<\/span><\/p>\n<p class=\"tw-data-text tw-text-large XcVN5d tw-ta\" dir=\"ltr\" data-placeholder=\"Traduction\"><span lang=\"fr\">\u00c0 l&rsquo;aide d&rsquo;\u00e9quipements sp\u00e9cialis\u00e9s, nos ing\u00e9nieurs cr\u00e9eront un rapport d\u00e9taillant les qualit\u00e9s physiques et \u00e9lectriques du r\u00e9seau. Les performances, la capacit\u00e9 et l&rsquo;architecture en mati\u00e8re de qualit\u00e9 et d&rsquo;utilisation seront mesur\u00e9es et \u00e9valu\u00e9es. Les d\u00e9faillances physiques, les goulots d&rsquo;\u00e9tranglement et la capacit\u00e9 globale du syst\u00e8me seront identifi\u00e9s.<\/span><\/p>\n<p class=\"tw-data-text tw-text-large XcVN5d tw-ta\" dir=\"ltr\" data-placeholder=\"Traduction\"><span lang=\"fr\">Cette analyse se traduira par une meilleure compr\u00e9hension de votre r\u00e9seau, r\u00e9duisant les temps d&rsquo;arr\u00eat et am\u00e9liorant les performances.<\/span><\/p>\n","button_link":"","button_text":"","remove_top_margin":false,"remove_bottom_margin":false}],"show_sidebar":false,"display_accreditations":false},"jetpack_sharing_enabled":true,"_links":{"self":[{"href":"https:\/\/www.eurotherm.com\/fr\/wp-json\/wp\/v2\/pages\/72256","targetHints":{"allow":["GET"]}}],"collection":[{"href":"https:\/\/www.eurotherm.com\/fr\/wp-json\/wp\/v2\/pages"}],"about":[{"href":"https:\/\/www.eurotherm.com\/fr\/wp-json\/wp\/v2\/types\/page"}],"author":[{"embeddable":true,"href":"https:\/\/www.eurotherm.com\/fr\/wp-json\/wp\/v2\/users\/3"}],"replies":[{"embeddable":true,"href":"https:\/\/www.eurotherm.com\/fr\/wp-json\/wp\/v2\/comments?post=72256"}],"version-history":[{"count":2,"href":"https:\/\/www.eurotherm.com\/fr\/wp-json\/wp\/v2\/pages\/72256\/revisions"}],"predecessor-version":[{"id":98617,"href":"https:\/\/www.eurotherm.com\/fr\/wp-json\/wp\/v2\/pages\/72256\/revisions\/98617"}],"up":[{"embeddable":true,"href":"https:\/\/www.eurotherm.com\/fr\/wp-json\/wp\/v2\/pages\/72276"}],"wp:attachment":[{"href":"https:\/\/www.eurotherm.com\/fr\/wp-json\/wp\/v2\/media?parent=72256"}],"curies":[{"name":"wp","href":"https:\/\/api.w.org\/{rel}","templated":true}]}}