{"id":72170,"date":"2018-12-04T10:21:25","date_gmt":"2018-12-04T10:21:25","guid":{"rendered":"https:\/\/www.eurotherm.com\/about-eurotherm\/company-profile\/"},"modified":"2022-11-08T23:56:49","modified_gmt":"2022-11-08T15:56:49","slug":"company-profile","status":"publish","type":"page","link":"https:\/\/www.eurotherm.com\/fr\/about-eurotherm\/company-profile\/","title":{"rendered":"Profil de la Soci\u00e9t\u00e9"},"content":{"rendered":"","protected":false},"excerpt":{"rendered":"","protected":false},"author":3,"featured_media":0,"parent":72042,"menu_order":0,"comment_status":"closed","ping_status":"closed","template":"","meta":{"_acf_changed":false,"footnotes":""},"class_list":["post-72170","page","type-page","status-publish","hentry"],"acf":[],"yoast_head":"<!-- This site is optimized with the Yoast SEO plugin v27.2 - https:\/\/yoast.com\/product\/yoast-seo-wordpress\/ -->\n<title>Profil de la Soci\u00e9t\u00e9 | Eurotherm Limited<\/title>\n<meta name=\"description\" content=\"Profil de la Soci\u00e9t\u00e9 | Eurotherm\" \/>\n<meta name=\"robots\" content=\"index, follow, max-snippet:-1, max-image-preview:large, max-video-preview:-1\" \/>\n<meta property=\"og:locale\" content=\"fr_FR\" \/>\n<meta property=\"og:type\" content=\"article\" \/>\n<meta property=\"og:title\" content=\"Profil de la Soci\u00e9t\u00e9 | Eurotherm Limited\" \/>\n<meta property=\"og:url\" content=\"https:\/\/www.eurotherm.com\/fr\/about-eurotherm\/company-profile\/\" \/>\n<meta property=\"og:site_name\" content=\"Eurotherm Limited\" \/>\n<meta property=\"article:modified_time\" content=\"2022-11-08T15:56:49+00:00\" \/>\n<meta name=\"twitter:card\" content=\"summary_large_image\" \/>\n<script type=\"application\/ld+json\" class=\"yoast-schema-graph\">{\"@context\":\"https:\/\/schema.org\",\"@graph\":[{\"@type\":\"WebPage\",\"@id\":\"https:\/\/www.eurotherm.com\/fr\/about-eurotherm\/company-profile\/\",\"url\":\"https:\/\/www.eurotherm.com\/fr\/about-eurotherm\/company-profile\/\",\"name\":\"Profil de la Soci\u00e9t\u00e9 | Eurotherm Limited\",\"isPartOf\":{\"@id\":\"https:\/\/www.eurotherm.com\/fr\/#website\"},\"datePublished\":\"2018-12-04T10:21:25+00:00\",\"dateModified\":\"2022-11-08T15:56:49+00:00\",\"breadcrumb\":{\"@id\":\"https:\/\/www.eurotherm.com\/fr\/about-eurotherm\/company-profile\/#breadcrumb\"},\"inLanguage\":\"fr-FR\",\"potentialAction\":[{\"@type\":\"ReadAction\",\"target\":[\"https:\/\/www.eurotherm.com\/fr\/about-eurotherm\/company-profile\/\"]}]},{\"@type\":\"BreadcrumbList\",\"@id\":\"https:\/\/www.eurotherm.com\/fr\/about-eurotherm\/company-profile\/#breadcrumb\",\"itemListElement\":[{\"@type\":\"ListItem\",\"position\":1,\"name\":\"Home\",\"item\":\"https:\/\/www.eurotherm.com\/fr\/\"},{\"@type\":\"ListItem\",\"position\":2,\"name\":\"A propos d\u2019Eurotherm\",\"item\":\"https:\/\/www.eurotherm.com\/fr\/about-eurotherm\/\"},{\"@type\":\"ListItem\",\"position\":3,\"name\":\"Profil de la Soci\u00e9t\u00e9\"}]},{\"@type\":\"WebSite\",\"@id\":\"https:\/\/www.eurotherm.com\/fr\/#website\",\"url\":\"https:\/\/www.eurotherm.com\/fr\/\",\"name\":\"Eurotherm Limited\",\"description\":\"Temperature Control, Process Control, Measurement and Data Recording Solutions\",\"potentialAction\":[{\"@type\":\"SearchAction\",\"target\":{\"@type\":\"EntryPoint\",\"urlTemplate\":\"https:\/\/www.eurotherm.com\/fr\/?s={search_term_string}\"},\"query-input\":{\"@type\":\"PropertyValueSpecification\",\"valueRequired\":true,\"valueName\":\"search_term_string\"}}],\"inLanguage\":\"fr-FR\"}]}<\/script>\n<!-- \/ Yoast SEO plugin. -->","yoast_head_json":{"title":"Profil de la Soci\u00e9t\u00e9 | Eurotherm Limited","description":"Profil de la Soci\u00e9t\u00e9 | Eurotherm","robots":{"index":"index","follow":"follow","max-snippet":"max-snippet:-1","max-image-preview":"max-image-preview:large","max-video-preview":"max-video-preview:-1"},"og_locale":"fr_FR","og_type":"article","og_title":"Profil de la Soci\u00e9t\u00e9 | Eurotherm Limited","og_url":"https:\/\/www.eurotherm.com\/fr\/about-eurotherm\/company-profile\/","og_site_name":"Eurotherm Limited","article_modified_time":"2022-11-08T15:56:49+00:00","twitter_card":"summary_large_image","schema":{"@context":"https:\/\/schema.org","@graph":[{"@type":"WebPage","@id":"https:\/\/www.eurotherm.com\/fr\/about-eurotherm\/company-profile\/","url":"https:\/\/www.eurotherm.com\/fr\/about-eurotherm\/company-profile\/","name":"Profil de la Soci\u00e9t\u00e9 | Eurotherm Limited","isPartOf":{"@id":"https:\/\/www.eurotherm.com\/fr\/#website"},"datePublished":"2018-12-04T10:21:25+00:00","dateModified":"2022-11-08T15:56:49+00:00","breadcrumb":{"@id":"https:\/\/www.eurotherm.com\/fr\/about-eurotherm\/company-profile\/#breadcrumb"},"inLanguage":"fr-FR","potentialAction":[{"@type":"ReadAction","target":["https:\/\/www.eurotherm.com\/fr\/about-eurotherm\/company-profile\/"]}]},{"@type":"BreadcrumbList","@id":"https:\/\/www.eurotherm.com\/fr\/about-eurotherm\/company-profile\/#breadcrumb","itemListElement":[{"@type":"ListItem","position":1,"name":"Home","item":"https:\/\/www.eurotherm.com\/fr\/"},{"@type":"ListItem","position":2,"name":"A propos d\u2019Eurotherm","item":"https:\/\/www.eurotherm.com\/fr\/about-eurotherm\/"},{"@type":"ListItem","position":3,"name":"Profil de la Soci\u00e9t\u00e9"}]},{"@type":"WebSite","@id":"https:\/\/www.eurotherm.com\/fr\/#website","url":"https:\/\/www.eurotherm.com\/fr\/","name":"Eurotherm Limited","description":"Temperature Control, Process Control, Measurement and Data Recording Solutions","potentialAction":[{"@type":"SearchAction","target":{"@type":"EntryPoint","urlTemplate":"https:\/\/www.eurotherm.com\/fr\/?s={search_term_string}"},"query-input":{"@type":"PropertyValueSpecification","valueRequired":true,"valueName":"search_term_string"}}],"inLanguage":"fr-FR"}]}},"ACF":{"display_accreditations":false,"flexible_content":[{"acf_fc_layout":"full_width_image_header","header_textarea":"<h1>Profil de la Soci\u00e9t\u00e9<\/h1>\n<p>Eurotherm accompagne ses clients en partageant son exp\u00e9rience et ses connaissances m\u00e9tiers pour conduire les proc\u00e9d\u00e9s vers l\u2019excellence.<\/p>\n","background_image":{"ID":66634,"id":66634,"title":"_0002_iStock-819734684","filename":"0002_iStock-819734684.jpg","filesize":211702,"url":"https:\/\/www.eurotherm.com\/wp-content\/uploads\/2019\/03\/0002_iStock-819734684.jpg","link":"https:\/\/www.eurotherm.com\/fr\/about-eurotherm\/company-profile\/attachment\/_0002_istock-819734684-2\/","alt":"","author":"3","description":"","caption":"","name":"_0002_istock-819734684-2","status":"inherit","uploaded_to":72170,"date":"2019-03-04 18:50:00","modified":"2019-03-04 18:50:00","menu_order":0,"mime_type":"image\/jpeg","type":"image","subtype":"jpeg","icon":"https:\/\/www.eurotherm.com\/wp-includes\/images\/media\/default.png","width":1920,"height":450,"sizes":{"thumbnail":"https:\/\/www.eurotherm.com\/wp-content\/uploads\/2019\/03\/0002_iStock-819734684-150x150.jpg","thumbnail-width":150,"thumbnail-height":150,"medium":"https:\/\/www.eurotherm.com\/wp-content\/uploads\/2019\/03\/0002_iStock-819734684-300x70.jpg","medium-width":300,"medium-height":70,"medium_large":"https:\/\/www.eurotherm.com\/wp-content\/uploads\/2019\/03\/0002_iStock-819734684-768x180.jpg","medium_large-width":768,"medium_large-height":180,"large":"https:\/\/www.eurotherm.com\/wp-content\/uploads\/2019\/03\/0002_iStock-819734684-1024x240.jpg","large-width":1024,"large-height":240,"1536x1536":"https:\/\/www.eurotherm.com\/wp-content\/uploads\/2019\/03\/0002_iStock-819734684.jpg","1536x1536-width":1536,"1536x1536-height":360,"2048x2048":"https:\/\/www.eurotherm.com\/wp-content\/uploads\/2019\/03\/0002_iStock-819734684.jpg","2048x2048-width":1920,"2048x2048-height":450,"woocommerce_thumbnail":"https:\/\/www.eurotherm.com\/wp-content\/uploads\/2019\/03\/0002_iStock-819734684-300x300.jpg","woocommerce_thumbnail-width":300,"woocommerce_thumbnail-height":300,"woocommerce_single":"https:\/\/www.eurotherm.com\/wp-content\/uploads\/2019\/03\/0002_iStock-819734684-600x141.jpg","woocommerce_single-width":600,"woocommerce_single-height":141,"woocommerce_gallery_thumbnail":"https:\/\/www.eurotherm.com\/wp-content\/uploads\/2019\/03\/0002_iStock-819734684-100x100.jpg","woocommerce_gallery_thumbnail-width":100,"woocommerce_gallery_thumbnail-height":100}},"header_buttons":false},{"acf_fc_layout":"internal_nav_basic","navigation":[{"nav_link":"#whatwedo","nav_text":"> Ce que nous faisons"},{"nav_link":"#success","nav_text":">Success Stories"},{"nav_link":"#events","nav_text":"> \u00c9v\u00e9nements"},{"nav_link":"#directory","nav_text":"> Pr\u00e9sence Mondiale"},{"nav_link":"#about","nav_text":"> A Propos de Nous"},{"nav_link":"https:\/\/www.eurotherm.com\/fr\/50-2\/","nav_text":"> + de 50 ans d\u2019Innovation"}]},{"acf_fc_layout":"half_image_-_half_text","image":{"ID":61697,"id":61697,"title":"169263628-900x500","filename":"169263628-900x500.jpg","filesize":48263,"url":"https:\/\/www.eurotherm.com\/wp-content\/uploads\/2019\/02\/169263628-900x500.jpg","link":"https:\/\/www.eurotherm.com\/fr\/about-eurotherm\/company-profile\/attachment\/169263628-900x500-2-2\/","alt":"","author":"3","description":"","caption":"","name":"169263628-900x500-2-2","status":"inherit","uploaded_to":72170,"date":"2019-02-03 13:53:23","modified":"2019-02-03 13:53:23","menu_order":0,"mime_type":"image\/jpeg","type":"image","subtype":"jpeg","icon":"https:\/\/www.eurotherm.com\/wp-includes\/images\/media\/default.png","width":900,"height":500,"sizes":{"thumbnail":"https:\/\/www.eurotherm.com\/wp-content\/uploads\/2019\/02\/169263628-900x500-150x150.jpg","thumbnail-width":150,"thumbnail-height":150,"medium":"https:\/\/www.eurotherm.com\/wp-content\/uploads\/2019\/02\/169263628-900x500-300x167.jpg","medium-width":300,"medium-height":167,"medium_large":"https:\/\/www.eurotherm.com\/wp-content\/uploads\/2019\/02\/169263628-900x500-768x427.jpg","medium_large-width":768,"medium_large-height":427,"large":"https:\/\/www.eurotherm.com\/wp-content\/uploads\/2019\/02\/169263628-900x500.jpg","large-width":900,"large-height":500,"1536x1536":"https:\/\/www.eurotherm.com\/wp-content\/uploads\/2019\/02\/169263628-900x500.jpg","1536x1536-width":900,"1536x1536-height":500,"2048x2048":"https:\/\/www.eurotherm.com\/wp-content\/uploads\/2019\/02\/169263628-900x500.jpg","2048x2048-width":900,"2048x2048-height":500,"woocommerce_thumbnail":"https:\/\/www.eurotherm.com\/wp-content\/uploads\/2019\/02\/169263628-900x500-300x300.jpg","woocommerce_thumbnail-width":300,"woocommerce_thumbnail-height":300,"woocommerce_single":"https:\/\/www.eurotherm.com\/wp-content\/uploads\/2019\/02\/169263628-900x500-768x427.jpg","woocommerce_single-width":600,"woocommerce_single-height":334,"woocommerce_gallery_thumbnail":"https:\/\/www.eurotherm.com\/wp-content\/uploads\/2019\/02\/169263628-900x500-100x100.jpg","woocommerce_gallery_thumbnail-width":100,"woocommerce_gallery_thumbnail-height":100}},"image_caption_alt":"","textarea":"<h2 id=\"whatwedo\">Ce que nous faisons chez Eurotherm<\/h2>\n<p>Chez Eurotherm, nous supportons nos clients avec passion. Notre exp\u00e9rience et nos connaissances m\u00e9tiers nous permettent de conduire les proc\u00e9d\u00e9s vers l\u2019excellence gr\u00e2ce \u00e0 une automatisation efficace des machines et dans le respect des exigences r\u00e9glementaires.<\/p>\n","lay_eight_button_link":"https:\/\/www.eurotherm.com\/fr\/produits-eurotherm\/","lay_eight_button_text":"Apprendre encore plus"},{"acf_fc_layout":"half_text_-_half_image","textarea":"<h2>Eurotherm rejoint Watlow<\/h2>\n<h3>\u00c0 propos de Watlow<\/h3>\n<p>Watlow est un leader mondial de la technologie industrielle et de la fabrication qui fournit une expertise en ing\u00e9nierie de classe mondiale et des produits et syst\u00e8mes thermiques innovants \u00e0 de nombreuses industries. La soci\u00e9t\u00e9 d\u00e9tient plus de 1 000 brevets et emploie plus de 4 800 membres d&rsquo;\u00e9quipe travaillant dans 13 usines de fabrication et sept centres de d\u00e9veloppement et de technologie de pointe aux \u00c9tats-Unis, au Mexique, en Europe et en Asie. Watlow continue de cro\u00eetre alors que l&rsquo;engagement reste le m\u00eame : fournir des produits et services de qualit\u00e9 sup\u00e9rieure qui permettent \u00e0 ses clients de prosp\u00e9rer.<\/p>\n","lay_seven_button_link":null,"lay_seven_button_text":"En savoir plus","limage":{"ID":138419,"id":138419,"title":"Industrial_Watlow-Electric-crop","filename":"Industrial_Watlow-Electric-crop.jpg","filesize":754474,"url":"https:\/\/www.eurotherm.com\/wp-content\/uploads\/2022\/11\/Industrial_Watlow-Electric-crop.jpg","link":"https:\/\/www.eurotherm.com\/fr\/about-eurotherm\/company-profile\/attachment\/industrial_watlow-electric-crop-2\/","alt":"","author":"4","description":"","caption":"","name":"industrial_watlow-electric-crop-2","status":"inherit","uploaded_to":72170,"date":"2022-11-01 15:35:33","modified":"2022-11-01 15:35:33","menu_order":0,"mime_type":"image\/jpeg","type":"image","subtype":"jpeg","icon":"https:\/\/www.eurotherm.com\/wp-includes\/images\/media\/default.png","width":1920,"height":1067,"sizes":{"thumbnail":"https:\/\/www.eurotherm.com\/wp-content\/uploads\/2022\/11\/Industrial_Watlow-Electric-crop-150x150.jpg","thumbnail-width":150,"thumbnail-height":150,"medium":"https:\/\/www.eurotherm.com\/wp-content\/uploads\/2022\/11\/Industrial_Watlow-Electric-crop-300x167.jpg","medium-width":300,"medium-height":167,"medium_large":"https:\/\/www.eurotherm.com\/wp-content\/uploads\/2022\/11\/Industrial_Watlow-Electric-crop-768x427.jpg","medium_large-width":768,"medium_large-height":427,"large":"https:\/\/www.eurotherm.com\/wp-content\/uploads\/2022\/11\/Industrial_Watlow-Electric-crop-1024x569.jpg","large-width":1024,"large-height":569,"1536x1536":"https:\/\/www.eurotherm.com\/wp-content\/uploads\/2022\/11\/Industrial_Watlow-Electric-crop-1536x854.jpg","1536x1536-width":1536,"1536x1536-height":854,"2048x2048":"https:\/\/www.eurotherm.com\/wp-content\/uploads\/2022\/11\/Industrial_Watlow-Electric-crop.jpg","2048x2048-width":1920,"2048x2048-height":1067,"woocommerce_thumbnail":"https:\/\/www.eurotherm.com\/wp-content\/uploads\/2022\/11\/Industrial_Watlow-Electric-crop-300x300.jpg","woocommerce_thumbnail-width":300,"woocommerce_thumbnail-height":300,"woocommerce_single":"https:\/\/www.eurotherm.com\/wp-content\/uploads\/2022\/11\/Industrial_Watlow-Electric-crop-600x333.jpg","woocommerce_single-width":600,"woocommerce_single-height":333,"woocommerce_gallery_thumbnail":"https:\/\/www.eurotherm.com\/wp-content\/uploads\/2022\/11\/Industrial_Watlow-Electric-crop-100x100.jpg","woocommerce_gallery_thumbnail-width":100,"woocommerce_gallery_thumbnail-height":100}},"limage_image_caption":""},{"acf_fc_layout":"half_image_-_half_text","image":{"ID":54651,"id":54651,"title":"189820403-900x500","filename":"189820403-900x500.jpg","filesize":47105,"url":"https:\/\/www.eurotherm.com\/wp-content\/uploads\/2018\/12\/189820403-900x500.jpg","link":"https:\/\/www.eurotherm.com\/fr\/about-eurotherm\/company-profile\/attachment\/189820403-900x500-2\/","alt":"","author":"3","description":"","caption":"","name":"189820403-900x500-2","status":"inherit","uploaded_to":72170,"date":"2018-12-04 10:37:50","modified":"2018-12-04 10:37:50","menu_order":0,"mime_type":"image\/jpeg","type":"image","subtype":"jpeg","icon":"https:\/\/www.eurotherm.com\/wp-includes\/images\/media\/default.png","width":900,"height":500,"sizes":{"thumbnail":"https:\/\/www.eurotherm.com\/wp-content\/uploads\/2018\/12\/189820403-900x500-150x150.jpg","thumbnail-width":150,"thumbnail-height":150,"medium":"https:\/\/www.eurotherm.com\/wp-content\/uploads\/2018\/12\/189820403-900x500-300x167.jpg","medium-width":300,"medium-height":167,"medium_large":"https:\/\/www.eurotherm.com\/wp-content\/uploads\/2018\/12\/189820403-900x500-768x427.jpg","medium_large-width":768,"medium_large-height":427,"large":"https:\/\/www.eurotherm.com\/wp-content\/uploads\/2018\/12\/189820403-900x500.jpg","large-width":900,"large-height":500,"1536x1536":"https:\/\/www.eurotherm.com\/wp-content\/uploads\/2018\/12\/189820403-900x500.jpg","1536x1536-width":900,"1536x1536-height":500,"2048x2048":"https:\/\/www.eurotherm.com\/wp-content\/uploads\/2018\/12\/189820403-900x500.jpg","2048x2048-width":900,"2048x2048-height":500,"woocommerce_thumbnail":"https:\/\/www.eurotherm.com\/wp-content\/uploads\/2018\/12\/189820403-900x500-300x300.jpg","woocommerce_thumbnail-width":300,"woocommerce_thumbnail-height":300,"woocommerce_single":"https:\/\/www.eurotherm.com\/wp-content\/uploads\/2018\/12\/189820403-900x500-768x427.jpg","woocommerce_single-width":600,"woocommerce_single-height":334,"woocommerce_gallery_thumbnail":"https:\/\/www.eurotherm.com\/wp-content\/uploads\/2018\/12\/189820403-900x500-100x100.jpg","woocommerce_gallery_thumbnail-width":100,"woocommerce_gallery_thumbnail-height":100}},"image_caption_alt":"","textarea":"<h2 id=\"success\">Etude de Cas Eurotherm<\/h2>\n<p>D\u00e9couvrez des Success Stories et Etudes de Cas dans lesquelles Eurotherm a aid\u00e9 \u00e0 r\u00e9volutionner les industries sp\u00e9cialis\u00e9es.<\/p>\n","lay_eight_button_link":"\/case-studies\/","lay_eight_button_text":"D\u00e9couvrez nos Succ\u00e8s"},{"acf_fc_layout":"dark_column_block","dark_text_block":"<h1 id=\"events\">\u00c9v\u00e9nements \u00e0 venir<\/h1>\n<p>D\u00e9couvrez les \u00e9v\u00e8nements et webinars \u00e0 venir et d\u00e9couvrez o\u00f9 venir nous rencontrer, \u00e9changer avec nous et en apprendre davantage sur nos solutions compl\u00e8tes.<\/p>\n","dark_background_image":{"ID":53331,"id":53331,"title":"42-52290400_CMYK","filename":"42-52290400_CMYK.jpg","filesize":295852,"url":"https:\/\/www.eurotherm.com\/wp-content\/uploads\/2018\/11\/42-52290400_CMYK.jpg","link":"https:\/\/www.eurotherm.com\/fr\/about-eurotherm\/company-profile\/attachment\/42-52290400_cmyk-2\/","alt":"","author":"3","description":"","caption":"","name":"42-52290400_cmyk-2","status":"inherit","uploaded_to":72170,"date":"2018-11-28 14:41:05","modified":"2018-11-28 14:41:05","menu_order":0,"mime_type":"image\/jpeg","type":"image","subtype":"jpeg","icon":"https:\/\/www.eurotherm.com\/wp-includes\/images\/media\/default.png","width":833,"height":833,"sizes":{"thumbnail":"https:\/\/www.eurotherm.com\/wp-content\/uploads\/2018\/11\/42-52290400_CMYK-150x150.jpg","thumbnail-width":150,"thumbnail-height":150,"medium":"https:\/\/www.eurotherm.com\/wp-content\/uploads\/2018\/11\/42-52290400_CMYK-300x300.jpg","medium-width":300,"medium-height":300,"medium_large":"https:\/\/www.eurotherm.com\/wp-content\/uploads\/2018\/11\/42-52290400_CMYK-768x768.jpg","medium_large-width":768,"medium_large-height":768,"large":"https:\/\/www.eurotherm.com\/wp-content\/uploads\/2018\/11\/42-52290400_CMYK.jpg","large-width":833,"large-height":833,"1536x1536":"https:\/\/www.eurotherm.com\/wp-content\/uploads\/2018\/11\/42-52290400_CMYK.jpg","1536x1536-width":833,"1536x1536-height":833,"2048x2048":"https:\/\/www.eurotherm.com\/wp-content\/uploads\/2018\/11\/42-52290400_CMYK.jpg","2048x2048-width":833,"2048x2048-height":833,"woocommerce_thumbnail":"https:\/\/www.eurotherm.com\/wp-content\/uploads\/2018\/11\/42-52290400_CMYK-300x300.jpg","woocommerce_thumbnail-width":300,"woocommerce_thumbnail-height":300,"woocommerce_single":"https:\/\/www.eurotherm.com\/wp-content\/uploads\/2018\/11\/42-52290400_CMYK-768x768.jpg","woocommerce_single-width":600,"woocommerce_single-height":600,"woocommerce_gallery_thumbnail":"https:\/\/www.eurotherm.com\/wp-content\/uploads\/2018\/11\/42-52290400_CMYK-100x100.jpg","woocommerce_gallery_thumbnail-width":100,"woocommerce_gallery_thumbnail-height":100}},"dark_buttons":[{"dark_button_link":"https:\/\/www.eurotherm.com\/fr\/events\/","dark_button_text":"\u00c9v\u00e8nements \u00e0 venir et Webinars "}],"dark_reduce_padding":false,"dark_reduce_text_width":false},{"acf_fc_layout":"full_width_text_block","full_text_block":"<h1 id=\"about\">\u00c0 propos d&rsquo;Eurotherm<\/h1>\n<h2 class=\"p2\">Produits, services et syst\u00e8mes innovants, durables et hautement configurables<\/h2>\n","button_link":"https:\/\/www.eurotherm.com\/fr\/about-eurotherm\/","button_text":"About Eurotherm","remove_top_margin":false,"remove_bottom_margin":false},{"acf_fc_layout":"3_column_block_areas","three_blocks_activate_card_mode":false,"custom_section_id":"","three_blocks":[{"three_featured_image":false,"small_featured_image_alt":false,"three_text_block":"<h2>Produits<\/h2>\n<p><a href=\"https:\/\/www.eurotherm.com\/fr\/eurotherm-products\/regulateur-pid-indicateurs-unites-alarme\/\">&gt; R\u00e9gulation de Temp\u00e9rature<\/a><br \/>\n<a href=\"https:\/\/www.eurotherm.com\/fr\/eurotherm-products\/enregistreurs-et-gestion-des-donnees\/\">&gt; Enregistrement de Donn\u00e9es<\/a><br \/>\n<a href=\"https:\/\/www.eurotherm.com\/fr\/eurotherm-products\/enregistreurs-et-gestion-des-donnees\/\">&gt; Acquisition de Donn\u00e9es<\/a><br \/>\n<a href=\"https:\/\/www.eurotherm.com\/fr\/services\/eos-advisor\/\">&gt; Gestion de Donn\u00e9es<\/a><br \/>\n<a href=\"https:\/\/www.eurotherm.com\/fr\/eurotherm-products\/controle-de-puissance\/\">&gt; Contr\u00f4le de Puissance<\/a><br \/>\n<a href=\"https:\/\/www.eurotherm.com\/fr\/eurotherm-products\/i-o-signal-conditioning-fr\/\">&gt; Conditionneurs de Signaux<\/a><br \/>\n<a href=\"\/fr?product_cat=zelio-solid-state-relays-ssrs\">&gt; Relais Statiques<\/a><br \/>\n<a href=\"https:\/\/www.eurotherm.com\/fr\/about-eurotherm\/company-profile\/\">&gt; Produits OEM Personnalis\u00e9s<\/a><\/p>\n","three_col_contact_form_instead_of_link":false,"three_col_button_link":null,"three_col_button_text":"","three_col_shortcode":"","three_col_open_in_new_tab":false},{"three_featured_image":false,"small_featured_image_alt":false,"three_text_block":"<h2>Solutions\/Syst\u00e8mes<\/h2>\n<p><a href=\"https:\/\/www.eurotherm.com\/fr\/services\/\">&gt; Services<\/a><br \/>\n<a href=\"https:\/\/www.eurotherm.com\/fr\/services\/eos-advisor\/\">&gt; Digitalisation (EcoStruxure Manufacturing Compliance Advisor)<\/a><br \/>\n<a href=\"https:\/\/www.eurotherm.com\/fr\/services\/\">&gt; Consultation Projets<\/a><br \/>\n<a href=\"https:\/\/www.eurotherm.com\/fr\/services\/technical-remote-on-site-support-training\/service-level-agreements-sla\/\">&gt; Contrats de Services \u2013 SLA<\/a><br \/>\n<a href=\"https:\/\/www.eurotherm.com\/fr\/services\/accreditation-services\/\">&gt; M\u00e9trologie<\/a><br \/>\n<a href=\"https:\/\/www.eurotherm.com\/fr\/optimizing-efficiency-and-regulatory-compliance-eplc\/\">&gt; Optimisation<\/a><\/p>\n","three_col_contact_form_instead_of_link":false,"three_col_button_link":null,"three_col_button_text":"","three_col_shortcode":"","three_col_open_in_new_tab":false},{"three_featured_image":false,"small_featured_image_alt":false,"three_text_block":"<h2>Systems\/Solutions<\/h2>\n<p><a href=\"https:\/\/www.eurotherm.com\/fr\/solutions\/\">&gt; Utilisateurs Finaux<\/a><br \/>\n<a href=\"https:\/\/www.eurotherm.com\/fr\/solutions\/\">&gt; Comptes Cl\u00e9s<\/a><br \/>\n<a href=\"https:\/\/www.eurotherm.com\/fr\/solutions\/\">&gt; Solutions OEM<\/a><br \/>\n<a href=\"https:\/\/www.eurotherm.com\/fr\/solutions\/\">&gt; Int\u00e9grateurs Syst\u00e8mes<\/a><br \/>\n<a href=\"https:\/\/www.eurotherm.com\/fr\/solutions\/\">&gt; Produits Syst\u00e8mes<\/a><br \/>\n<a href=\"https:\/\/www.eurotherm.com\/fr\/solutions\/\">&gt; Consultation Avant-vente<\/a><br \/>\n<a href=\"https:\/\/www.eurotherm.com\/fr\/solutions\/\">&gt; Solutions<\/a><br \/>\n<a href=\"https:\/\/www.eurotherm.com\/fr\/solutions\/\">&gt; Service Apr\u00e8s-vente<\/a><br \/>\n<a href=\"https:\/\/www.eurotherm.com\/fr\/solutions\/\">&gt; Logiciels Industriels<\/a><\/p>\n","three_col_contact_form_instead_of_link":false,"three_col_button_link":null,"three_col_button_text":"","three_col_shortcode":"","three_col_open_in_new_tab":false}]},{"acf_fc_layout":"dark_column_block","dark_text_block":"<h2 class=\"et_pb_module_header id=\">50 ans d\u2019innovation<\/h2>\n","dark_background_image":{"ID":118163,"id":118163,"title":"innovation 3","filename":"innovation-3.jpg","filesize":47864,"url":"https:\/\/www.eurotherm.com\/wp-content\/uploads\/2021\/07\/innovation-3.jpg","link":"https:\/\/www.eurotherm.com\/fr\/about-eurotherm\/company-profile\/attachment\/innovation-3-2\/","alt":"Eurotherm_50 Years of innovation","author":"3","description":"","caption":"","name":"innovation-3-2","status":"inherit","uploaded_to":72170,"date":"2021-07-01 13:17:05","modified":"2021-07-01 13:24:15","menu_order":0,"mime_type":"image\/jpeg","type":"image","subtype":"jpeg","icon":"https:\/\/www.eurotherm.com\/wp-includes\/images\/media\/default.png","width":1000,"height":258,"sizes":{"thumbnail":"https:\/\/www.eurotherm.com\/wp-content\/uploads\/2021\/07\/innovation-3-150x150.jpg","thumbnail-width":150,"thumbnail-height":150,"medium":"https:\/\/www.eurotherm.com\/wp-content\/uploads\/2021\/07\/innovation-3-300x77.jpg","medium-width":300,"medium-height":77,"medium_large":"https:\/\/www.eurotherm.com\/wp-content\/uploads\/2021\/07\/innovation-3-768x198.jpg","medium_large-width":768,"medium_large-height":198,"large":"https:\/\/www.eurotherm.com\/wp-content\/uploads\/2021\/07\/innovation-3.jpg","large-width":1000,"large-height":258,"1536x1536":"https:\/\/www.eurotherm.com\/wp-content\/uploads\/2021\/07\/innovation-3.jpg","1536x1536-width":1000,"1536x1536-height":258,"2048x2048":"https:\/\/www.eurotherm.com\/wp-content\/uploads\/2021\/07\/innovation-3.jpg","2048x2048-width":1000,"2048x2048-height":258,"woocommerce_thumbnail":"https:\/\/www.eurotherm.com\/wp-content\/uploads\/2021\/07\/innovation-3-300x258.jpg","woocommerce_thumbnail-width":300,"woocommerce_thumbnail-height":258,"woocommerce_single":"https:\/\/www.eurotherm.com\/wp-content\/uploads\/2021\/07\/innovation-3-600x155.jpg","woocommerce_single-width":600,"woocommerce_single-height":155,"woocommerce_gallery_thumbnail":"https:\/\/www.eurotherm.com\/wp-content\/uploads\/2021\/07\/innovation-3-100x100.jpg","woocommerce_gallery_thumbnail-width":100,"woocommerce_gallery_thumbnail-height":100}},"dark_buttons":[{"dark_button_link":"https:\/\/www.eurotherm.com\/fr\/50-2\/","dark_button_text":"D\u00e9couvrez 50 ans d\u2019innovation"}],"dark_reduce_padding":false,"dark_reduce_text_width":false}],"show_sidebar":false},"jetpack_sharing_enabled":true,"_links":{"self":[{"href":"https:\/\/www.eurotherm.com\/fr\/wp-json\/wp\/v2\/pages\/72170","targetHints":{"allow":["GET"]}}],"collection":[{"href":"https:\/\/www.eurotherm.com\/fr\/wp-json\/wp\/v2\/pages"}],"about":[{"href":"https:\/\/www.eurotherm.com\/fr\/wp-json\/wp\/v2\/types\/page"}],"author":[{"embeddable":true,"href":"https:\/\/www.eurotherm.com\/fr\/wp-json\/wp\/v2\/users\/3"}],"replies":[{"embeddable":true,"href":"https:\/\/www.eurotherm.com\/fr\/wp-json\/wp\/v2\/comments?post=72170"}],"version-history":[{"count":10,"href":"https:\/\/www.eurotherm.com\/fr\/wp-json\/wp\/v2\/pages\/72170\/revisions"}],"predecessor-version":[{"id":139302,"href":"https:\/\/www.eurotherm.com\/fr\/wp-json\/wp\/v2\/pages\/72170\/revisions\/139302"}],"up":[{"embeddable":true,"href":"https:\/\/www.eurotherm.com\/fr\/wp-json\/wp\/v2\/pages\/72042"}],"wp:attachment":[{"href":"https:\/\/www.eurotherm.com\/fr\/wp-json\/wp\/v2\/media?parent=72170"}],"curies":[{"name":"wp","href":"https:\/\/api.w.org\/{rel}","templated":true}]}}