{"id":72122,"date":"2018-12-07T18:26:06","date_gmt":"2018-12-07T18:26:06","guid":{"rendered":"https:\/\/www.eurotherm.com\/after-sales-services\/"},"modified":"2020-07-15T20:40:03","modified_gmt":"2020-07-15T12:40:03","slug":"after-sales-services","status":"publish","type":"page","link":"https:\/\/www.eurotherm.com\/fr\/solutions\/engineered-systems-projects\/after-sales-services\/","title":{"rendered":"Services Apr\u00e8s-Vente"},"content":{"rendered":"","protected":false},"excerpt":{"rendered":"","protected":false},"author":3,"featured_media":56274,"parent":72606,"menu_order":0,"comment_status":"closed","ping_status":"closed","template":"","meta":{"_acf_changed":false,"footnotes":""},"class_list":["post-72122","page","type-page","status-publish","has-post-thumbnail","hentry"],"acf":[],"yoast_head":"<!-- This site is optimized with the Yoast SEO plugin v27.2 - https:\/\/yoast.com\/product\/yoast-seo-wordpress\/ -->\n<title>Services Apr\u00e8s-Vente | Eurotherm Limited<\/title>\n<meta name=\"description\" content=\"Services Apr\u00e8s-Vente | Eurotherm\" \/>\n<meta name=\"robots\" content=\"index, follow, max-snippet:-1, max-image-preview:large, max-video-preview:-1\" \/>\n<meta property=\"og:locale\" content=\"fr_FR\" \/>\n<meta property=\"og:type\" content=\"article\" \/>\n<meta property=\"og:title\" content=\"Services Apr\u00e8s-Vente | Eurotherm Limited\" \/>\n<meta property=\"og:url\" content=\"https:\/\/www.eurotherm.com\/fr\/solutions\/engineered-systems-projects\/after-sales-services\/\" \/>\n<meta property=\"og:site_name\" content=\"Eurotherm Limited\" \/>\n<meta property=\"article:modified_time\" content=\"2020-07-15T12:40:03+00:00\" \/>\n<meta property=\"og:image\" content=\"https:\/\/www.eurotherm.com\/wp-content\/uploads\/2018\/12\/systems-sales-large.jpg\" \/>\n\t<meta property=\"og:image:width\" content=\"700\" \/>\n\t<meta property=\"og:image:height\" content=\"350\" \/>\n\t<meta property=\"og:image:type\" content=\"image\/jpeg\" \/>\n<meta name=\"twitter:card\" content=\"summary_large_image\" \/>\n<script type=\"application\/ld+json\" class=\"yoast-schema-graph\">{\"@context\":\"https:\/\/schema.org\",\"@graph\":[{\"@type\":\"WebPage\",\"@id\":\"https:\/\/www.eurotherm.com\/fr\/solutions\/engineered-systems-projects\/after-sales-services\/\",\"url\":\"https:\/\/www.eurotherm.com\/fr\/solutions\/engineered-systems-projects\/after-sales-services\/\",\"name\":\"Services Apr\u00e8s-Vente | Eurotherm Limited\",\"isPartOf\":{\"@id\":\"https:\/\/www.eurotherm.com\/fr\/#website\"},\"primaryImageOfPage\":{\"@id\":\"https:\/\/www.eurotherm.com\/fr\/solutions\/engineered-systems-projects\/after-sales-services\/#primaryimage\"},\"image\":{\"@id\":\"https:\/\/www.eurotherm.com\/fr\/solutions\/engineered-systems-projects\/after-sales-services\/#primaryimage\"},\"thumbnailUrl\":\"https:\/\/www.eurotherm.com\/wp-content\/uploads\/2018\/12\/systems-sales-large.jpg\",\"datePublished\":\"2018-12-07T18:26:06+00:00\",\"dateModified\":\"2020-07-15T12:40:03+00:00\",\"breadcrumb\":{\"@id\":\"https:\/\/www.eurotherm.com\/fr\/solutions\/engineered-systems-projects\/after-sales-services\/#breadcrumb\"},\"inLanguage\":\"fr-FR\",\"potentialAction\":[{\"@type\":\"ReadAction\",\"target\":[\"https:\/\/www.eurotherm.com\/fr\/solutions\/engineered-systems-projects\/after-sales-services\/\"]}]},{\"@type\":\"ImageObject\",\"inLanguage\":\"fr-FR\",\"@id\":\"https:\/\/www.eurotherm.com\/fr\/solutions\/engineered-systems-projects\/after-sales-services\/#primaryimage\",\"url\":\"https:\/\/www.eurotherm.com\/wp-content\/uploads\/2018\/12\/systems-sales-large.jpg\",\"contentUrl\":\"https:\/\/www.eurotherm.com\/wp-content\/uploads\/2018\/12\/systems-sales-large.jpg\",\"width\":700,\"height\":350},{\"@type\":\"BreadcrumbList\",\"@id\":\"https:\/\/www.eurotherm.com\/fr\/solutions\/engineered-systems-projects\/after-sales-services\/#breadcrumb\",\"itemListElement\":[{\"@type\":\"ListItem\",\"position\":1,\"name\":\"Home\",\"item\":\"https:\/\/www.eurotherm.com\/fr\/\"},{\"@type\":\"ListItem\",\"position\":2,\"name\":\"Solutions\",\"item\":\"https:\/\/www.eurotherm.com\/fr\/solutions\/\"},{\"@type\":\"ListItem\",\"position\":3,\"name\":\"Services d&rsquo;Ing\u00e9nierie\",\"item\":\"https:\/\/www.eurotherm.com\/fr\/solutions\/engineered-systems-projects\/\"},{\"@type\":\"ListItem\",\"position\":4,\"name\":\"Services Apr\u00e8s-Vente\"}]},{\"@type\":\"WebSite\",\"@id\":\"https:\/\/www.eurotherm.com\/fr\/#website\",\"url\":\"https:\/\/www.eurotherm.com\/fr\/\",\"name\":\"Eurotherm Limited\",\"description\":\"Temperature Control, Process Control, Measurement and Data Recording Solutions\",\"potentialAction\":[{\"@type\":\"SearchAction\",\"target\":{\"@type\":\"EntryPoint\",\"urlTemplate\":\"https:\/\/www.eurotherm.com\/fr\/?s={search_term_string}\"},\"query-input\":{\"@type\":\"PropertyValueSpecification\",\"valueRequired\":true,\"valueName\":\"search_term_string\"}}],\"inLanguage\":\"fr-FR\"}]}<\/script>\n<!-- \/ Yoast SEO plugin. -->","yoast_head_json":{"title":"Services Apr\u00e8s-Vente | Eurotherm Limited","description":"Services Apr\u00e8s-Vente | Eurotherm","robots":{"index":"index","follow":"follow","max-snippet":"max-snippet:-1","max-image-preview":"max-image-preview:large","max-video-preview":"max-video-preview:-1"},"og_locale":"fr_FR","og_type":"article","og_title":"Services Apr\u00e8s-Vente | Eurotherm Limited","og_url":"https:\/\/www.eurotherm.com\/fr\/solutions\/engineered-systems-projects\/after-sales-services\/","og_site_name":"Eurotherm Limited","article_modified_time":"2020-07-15T12:40:03+00:00","og_image":[{"width":700,"height":350,"url":"https:\/\/www.eurotherm.com\/wp-content\/uploads\/2018\/12\/systems-sales-large.jpg","type":"image\/jpeg"}],"twitter_card":"summary_large_image","schema":{"@context":"https:\/\/schema.org","@graph":[{"@type":"WebPage","@id":"https:\/\/www.eurotherm.com\/fr\/solutions\/engineered-systems-projects\/after-sales-services\/","url":"https:\/\/www.eurotherm.com\/fr\/solutions\/engineered-systems-projects\/after-sales-services\/","name":"Services Apr\u00e8s-Vente | Eurotherm Limited","isPartOf":{"@id":"https:\/\/www.eurotherm.com\/fr\/#website"},"primaryImageOfPage":{"@id":"https:\/\/www.eurotherm.com\/fr\/solutions\/engineered-systems-projects\/after-sales-services\/#primaryimage"},"image":{"@id":"https:\/\/www.eurotherm.com\/fr\/solutions\/engineered-systems-projects\/after-sales-services\/#primaryimage"},"thumbnailUrl":"https:\/\/www.eurotherm.com\/wp-content\/uploads\/2018\/12\/systems-sales-large.jpg","datePublished":"2018-12-07T18:26:06+00:00","dateModified":"2020-07-15T12:40:03+00:00","breadcrumb":{"@id":"https:\/\/www.eurotherm.com\/fr\/solutions\/engineered-systems-projects\/after-sales-services\/#breadcrumb"},"inLanguage":"fr-FR","potentialAction":[{"@type":"ReadAction","target":["https:\/\/www.eurotherm.com\/fr\/solutions\/engineered-systems-projects\/after-sales-services\/"]}]},{"@type":"ImageObject","inLanguage":"fr-FR","@id":"https:\/\/www.eurotherm.com\/fr\/solutions\/engineered-systems-projects\/after-sales-services\/#primaryimage","url":"https:\/\/www.eurotherm.com\/wp-content\/uploads\/2018\/12\/systems-sales-large.jpg","contentUrl":"https:\/\/www.eurotherm.com\/wp-content\/uploads\/2018\/12\/systems-sales-large.jpg","width":700,"height":350},{"@type":"BreadcrumbList","@id":"https:\/\/www.eurotherm.com\/fr\/solutions\/engineered-systems-projects\/after-sales-services\/#breadcrumb","itemListElement":[{"@type":"ListItem","position":1,"name":"Home","item":"https:\/\/www.eurotherm.com\/fr\/"},{"@type":"ListItem","position":2,"name":"Solutions","item":"https:\/\/www.eurotherm.com\/fr\/solutions\/"},{"@type":"ListItem","position":3,"name":"Services d&rsquo;Ing\u00e9nierie","item":"https:\/\/www.eurotherm.com\/fr\/solutions\/engineered-systems-projects\/"},{"@type":"ListItem","position":4,"name":"Services Apr\u00e8s-Vente"}]},{"@type":"WebSite","@id":"https:\/\/www.eurotherm.com\/fr\/#website","url":"https:\/\/www.eurotherm.com\/fr\/","name":"Eurotherm Limited","description":"Temperature Control, Process Control, Measurement and Data Recording Solutions","potentialAction":[{"@type":"SearchAction","target":{"@type":"EntryPoint","urlTemplate":"https:\/\/www.eurotherm.com\/fr\/?s={search_term_string}"},"query-input":{"@type":"PropertyValueSpecification","valueRequired":true,"valueName":"search_term_string"}}],"inLanguage":"fr-FR"}]}},"ACF":{"display_accreditations":false,"related_products":"","flexible_content":[{"acf_fc_layout":"full_width_image_header","header_textarea":"<h1>Services Apr\u00e8s-Vente<\/h1>\n<div class=\"jhH5U\">\n<div id=\"tw-ob\" class=\"tw-src-ltr\">\n<div class=\"oSioSc\">\n<div id=\"tw-target\">\n<div id=\"kAz1tf\" class=\"g9WsWb\">\n<div id=\"tw-target-text-container\" class=\"tw-ta-container hide-focus-ring tw-nfl\" tabindex=\"0\">\n<p id=\"tw-target-text\" class=\"tw-data-text tw-text-large XcVN5d tw-ta\" dir=\"ltr\" data-placeholder=\"Traduction\"><span lang=\"fr\">Eurotherm propose une large gamme de services apr\u00e8s-vente incluant la formation, les r\u00e9parations, l&rsquo;assistance et le support technique.<\/span><\/p>\n<\/div>\n<\/div>\n<\/div>\n<\/div>\n<\/div>\n<\/div>\n","background_image":{"ID":67861,"id":67861,"title":"After-sale-support","filename":"After-sale-support.jpg","filesize":191092,"url":"https:\/\/www.eurotherm.com\/wp-content\/uploads\/2019\/04\/After-sale-support.jpg","link":"https:\/\/www.eurotherm.com\/fr\/solutions\/engineered-systems-projects\/after-sales-services\/attachment\/after-sale-support-2\/","alt":"","author":"3","description":"","caption":"","name":"after-sale-support-2","status":"inherit","uploaded_to":72122,"date":"2019-04-11 07:55:17","modified":"2019-04-11 07:55:17","menu_order":0,"mime_type":"image\/jpeg","type":"image","subtype":"jpeg","icon":"https:\/\/www.eurotherm.com\/wp-includes\/images\/media\/default.png","width":2560,"height":600,"sizes":{"thumbnail":"https:\/\/www.eurotherm.com\/wp-content\/uploads\/2019\/04\/After-sale-support-150x150.jpg","thumbnail-width":150,"thumbnail-height":150,"medium":"https:\/\/www.eurotherm.com\/wp-content\/uploads\/2019\/04\/After-sale-support-300x70.jpg","medium-width":300,"medium-height":70,"medium_large":"https:\/\/www.eurotherm.com\/wp-content\/uploads\/2019\/04\/After-sale-support-768x180.jpg","medium_large-width":768,"medium_large-height":180,"large":"https:\/\/www.eurotherm.com\/wp-content\/uploads\/2019\/04\/After-sale-support-1024x240.jpg","large-width":1024,"large-height":240,"1536x1536":"https:\/\/www.eurotherm.com\/wp-content\/uploads\/2019\/04\/After-sale-support.jpg","1536x1536-width":1536,"1536x1536-height":360,"2048x2048":"https:\/\/www.eurotherm.com\/wp-content\/uploads\/2019\/04\/After-sale-support.jpg","2048x2048-width":2048,"2048x2048-height":480,"woocommerce_thumbnail":"https:\/\/www.eurotherm.com\/wp-content\/uploads\/2019\/04\/After-sale-support-300x300.jpg","woocommerce_thumbnail-width":300,"woocommerce_thumbnail-height":300,"woocommerce_single":"https:\/\/www.eurotherm.com\/wp-content\/uploads\/2019\/04\/After-sale-support-600x141.jpg","woocommerce_single-width":600,"woocommerce_single-height":141,"woocommerce_gallery_thumbnail":"https:\/\/www.eurotherm.com\/wp-content\/uploads\/2019\/04\/After-sale-support-100x100.jpg","woocommerce_gallery_thumbnail-width":100,"woocommerce_gallery_thumbnail-height":100}},"header_buttons":false},{"acf_fc_layout":"two_third_text_-_one_third_text","left_column_two_third":"<h2>Apr\u00e8s l&rsquo;installation et les tests<\/h2>\n<div class=\"jhH5U\">\n<div id=\"tw-ob\" class=\"tw-src-ltr\">\n<div class=\"oSioSc\">\n<div id=\"tw-target\">\n<div id=\"kAz1tf\" class=\"g9WsWb\">\n<div id=\"tw-target-text-container\" class=\"tw-ta-container hide-focus-ring tw-nfl\" tabindex=\"0\">\n<p id=\"tw-target-text\" class=\"tw-data-text tw-text-large XcVN5d tw-ta\" dir=\"ltr\" data-placeholder=\"Traduction\"><span lang=\"fr\">Eurotherm propose une large gamme de services apr\u00e8s-vente incluant la formation, les r\u00e9parations, l&rsquo;assistance et le support technique. En faisant appel \u00e0 nos sp\u00e9cialistes techniques, ing\u00e9nieurs et partenaires dans le monde entier, et en combinaison avec nos contrats de services (SLA), vous pouvez \u00eatre s\u00fbr que votre syst\u00e8me est couvert pour tous les sc\u00e9narios \u00e0 venir.<\/span><\/p>\n<\/div>\n<\/div>\n<\/div>\n<\/div>\n<\/div>\n<\/div>\n","right_column_one_third":"<h2>Liens Rapides<\/h2>\n<p><a href=\"https:\/\/www.eurotherm.com\/solutions\/engineered-systems-projects\/\">&gt; Ing\u00e9nierie Syst\u00e8mes &amp; Projets<\/a><\/p>\n<p><a href=\"https:\/\/www.eurotherm.com\/solutions\/engineered-systems-projects\/\/hybrid-industries\">&gt; Solutions Industries Hybrides<\/a><\/p>\n<p><a href=\"https:\/\/www.eurotherm.com\/solutions\/engineered-systems-projects\/\/our-engineers\">&gt; Nos Ing\u00e9nieurs<\/a><\/p>\n<p><a href=\"https:\/\/www.eurotherm.com\/solutions\/engineered-systems-projects\/\/project-services\">&gt; Services Projet<\/a><\/p>\n<p><a href=\"https:\/\/www.eurotherm.com\/solutions\/engineered-systems-projects\/\/project-management\">&gt; Gestion de Projet<\/a><\/p>\n<p><a href=\"https:\/\/www.eurotherm.com\/solutions\/engineered-systems-projects\/\/eurotherm-business-approvals-certificates\">&gt; Certifications Eurotherm<\/a><\/p>\n<p><a href=\"https:\/\/www.eurotherm.com\/services\/service-level-agreements-sla\/\">&gt; Contrats de Services (SLA)<\/a><\/p>\n"},{"acf_fc_layout":"dark_column_block","dark_text_block":"<h2>D\u00e9couvrez nos Solutions d&rsquo;Automatisation des Proc\u00e9d\u00e9s<\/h2>\n<div class=\"jhH5U\">\n<div id=\"tw-ob\" class=\"tw-src-ltr\">\n<div class=\"oSioSc\">\n<div id=\"tw-target\">\n<div id=\"kAz1tf\" class=\"g9WsWb\">\n<div id=\"tw-target-text-container\" class=\"tw-ta-container hide-focus-ring tw-nfl\" tabindex=\"0\">\n<p id=\"tw-target-text\" class=\"tw-data-text tw-text-large XcVN5d tw-ta\" dir=\"ltr\" data-placeholder=\"Traduction\"><span lang=\"fr\">D\u00e9couvrez les produits et logiciels Eurotherm pour le contr\u00f4le et l&rsquo;automatisation des proc\u00e9d\u00e9s qui peuvent r\u00e9volutionner votre activit\u00e9.<\/span><\/p>\n<\/div>\n<\/div>\n<\/div>\n<\/div>\n<\/div>\n<\/div>\n","dark_background_image":{"ID":66634,"id":66634,"title":"_0002_iStock-819734684","filename":"0002_iStock-819734684.jpg","filesize":211702,"url":"https:\/\/www.eurotherm.com\/wp-content\/uploads\/2019\/03\/0002_iStock-819734684.jpg","link":"https:\/\/www.eurotherm.com\/fr\/about-eurotherm\/company-profile\/attachment\/_0002_istock-819734684-2\/","alt":"","author":"3","description":"","caption":"","name":"_0002_istock-819734684-2","status":"inherit","uploaded_to":72170,"date":"2019-03-04 18:50:00","modified":"2019-03-04 18:50:00","menu_order":0,"mime_type":"image\/jpeg","type":"image","subtype":"jpeg","icon":"https:\/\/www.eurotherm.com\/wp-includes\/images\/media\/default.png","width":1920,"height":450,"sizes":{"thumbnail":"https:\/\/www.eurotherm.com\/wp-content\/uploads\/2019\/03\/0002_iStock-819734684-150x150.jpg","thumbnail-width":150,"thumbnail-height":150,"medium":"https:\/\/www.eurotherm.com\/wp-content\/uploads\/2019\/03\/0002_iStock-819734684-300x70.jpg","medium-width":300,"medium-height":70,"medium_large":"https:\/\/www.eurotherm.com\/wp-content\/uploads\/2019\/03\/0002_iStock-819734684-768x180.jpg","medium_large-width":768,"medium_large-height":180,"large":"https:\/\/www.eurotherm.com\/wp-content\/uploads\/2019\/03\/0002_iStock-819734684-1024x240.jpg","large-width":1024,"large-height":240,"1536x1536":"https:\/\/www.eurotherm.com\/wp-content\/uploads\/2019\/03\/0002_iStock-819734684.jpg","1536x1536-width":1536,"1536x1536-height":360,"2048x2048":"https:\/\/www.eurotherm.com\/wp-content\/uploads\/2019\/03\/0002_iStock-819734684.jpg","2048x2048-width":1920,"2048x2048-height":450,"woocommerce_thumbnail":"https:\/\/www.eurotherm.com\/wp-content\/uploads\/2019\/03\/0002_iStock-819734684-300x300.jpg","woocommerce_thumbnail-width":300,"woocommerce_thumbnail-height":300,"woocommerce_single":"https:\/\/www.eurotherm.com\/wp-content\/uploads\/2019\/03\/0002_iStock-819734684-600x141.jpg","woocommerce_single-width":600,"woocommerce_single-height":141,"woocommerce_gallery_thumbnail":"https:\/\/www.eurotherm.com\/wp-content\/uploads\/2019\/03\/0002_iStock-819734684-100x100.jpg","woocommerce_gallery_thumbnail-width":100,"woocommerce_gallery_thumbnail-height":100}},"dark_buttons":[{"dark_button_link":"\/eurotherm-products\/machine-control-and-process-automation\/","dark_button_text":"Solutions d'Automatisation"}],"dark_reduce_padding":false,"dark_reduce_text_width":false}],"show_sidebar":false},"jetpack_sharing_enabled":true,"_links":{"self":[{"href":"https:\/\/www.eurotherm.com\/fr\/wp-json\/wp\/v2\/pages\/72122","targetHints":{"allow":["GET"]}}],"collection":[{"href":"https:\/\/www.eurotherm.com\/fr\/wp-json\/wp\/v2\/pages"}],"about":[{"href":"https:\/\/www.eurotherm.com\/fr\/wp-json\/wp\/v2\/types\/page"}],"author":[{"embeddable":true,"href":"https:\/\/www.eurotherm.com\/fr\/wp-json\/wp\/v2\/users\/3"}],"replies":[{"embeddable":true,"href":"https:\/\/www.eurotherm.com\/fr\/wp-json\/wp\/v2\/comments?post=72122"}],"version-history":[{"count":9,"href":"https:\/\/www.eurotherm.com\/fr\/wp-json\/wp\/v2\/pages\/72122\/revisions"}],"predecessor-version":[{"id":95706,"href":"https:\/\/www.eurotherm.com\/fr\/wp-json\/wp\/v2\/pages\/72122\/revisions\/95706"}],"up":[{"embeddable":true,"href":"https:\/\/www.eurotherm.com\/fr\/wp-json\/wp\/v2\/pages\/72606"}],"wp:featuredmedia":[{"embeddable":true,"href":"https:\/\/www.eurotherm.com\/fr\/wp-json\/wp\/v2\/media\/56274"}],"wp:attachment":[{"href":"https:\/\/www.eurotherm.com\/fr\/wp-json\/wp\/v2\/media?parent=72122"}],"curies":[{"name":"wp","href":"https:\/\/api.w.org\/{rel}","templated":true}]}}