{"id":72112,"date":"2018-12-08T18:22:06","date_gmt":"2018-12-08T18:22:06","guid":{"rendered":"https:\/\/www.eurotherm.com\/project-management\/"},"modified":"2020-07-15T21:05:09","modified_gmt":"2020-07-15T13:05:09","slug":"project-management","status":"publish","type":"page","link":"https:\/\/www.eurotherm.com\/fr\/solutions\/engineered-systems-projects\/project-management\/","title":{"rendered":"Gestion de Projets"},"content":{"rendered":"","protected":false},"excerpt":{"rendered":"","protected":false},"author":3,"featured_media":56234,"parent":72606,"menu_order":0,"comment_status":"closed","ping_status":"closed","template":"","meta":{"_acf_changed":false,"footnotes":""},"class_list":["post-72112","page","type-page","status-publish","has-post-thumbnail","hentry"],"acf":[],"yoast_head":"<!-- This site is optimized with the Yoast SEO plugin v27.2 - https:\/\/yoast.com\/product\/yoast-seo-wordpress\/ -->\n<title>Gestion de Projets | Eurotherm Limited<\/title>\n<meta name=\"description\" content=\"Gestion de Projets | Eurotherm\" \/>\n<meta name=\"robots\" content=\"index, follow, max-snippet:-1, max-image-preview:large, max-video-preview:-1\" \/>\n<meta property=\"og:locale\" content=\"fr_FR\" \/>\n<meta property=\"og:type\" content=\"article\" \/>\n<meta property=\"og:title\" content=\"Gestion de Projets | Eurotherm Limited\" \/>\n<meta property=\"og:url\" content=\"https:\/\/www.eurotherm.com\/fr\/solutions\/engineered-systems-projects\/project-management\/\" \/>\n<meta property=\"og:site_name\" content=\"Eurotherm Limited\" \/>\n<meta property=\"article:modified_time\" content=\"2020-07-15T13:05:09+00:00\" \/>\n<meta property=\"og:image\" content=\"https:\/\/www.eurotherm.com\/wp-content\/uploads\/2018\/12\/Sytem-training-large.jpg\" \/>\n\t<meta property=\"og:image:width\" content=\"700\" \/>\n\t<meta property=\"og:image:height\" content=\"350\" \/>\n\t<meta property=\"og:image:type\" content=\"image\/jpeg\" \/>\n<meta name=\"twitter:card\" content=\"summary_large_image\" \/>\n<script type=\"application\/ld+json\" class=\"yoast-schema-graph\">{\"@context\":\"https:\/\/schema.org\",\"@graph\":[{\"@type\":\"WebPage\",\"@id\":\"https:\/\/www.eurotherm.com\/fr\/solutions\/engineered-systems-projects\/project-management\/\",\"url\":\"https:\/\/www.eurotherm.com\/fr\/solutions\/engineered-systems-projects\/project-management\/\",\"name\":\"Gestion de Projets | Eurotherm Limited\",\"isPartOf\":{\"@id\":\"https:\/\/www.eurotherm.com\/fr\/#website\"},\"primaryImageOfPage\":{\"@id\":\"https:\/\/www.eurotherm.com\/fr\/solutions\/engineered-systems-projects\/project-management\/#primaryimage\"},\"image\":{\"@id\":\"https:\/\/www.eurotherm.com\/fr\/solutions\/engineered-systems-projects\/project-management\/#primaryimage\"},\"thumbnailUrl\":\"https:\/\/www.eurotherm.com\/wp-content\/uploads\/2018\/12\/Sytem-training-large.jpg\",\"datePublished\":\"2018-12-08T18:22:06+00:00\",\"dateModified\":\"2020-07-15T13:05:09+00:00\",\"breadcrumb\":{\"@id\":\"https:\/\/www.eurotherm.com\/fr\/solutions\/engineered-systems-projects\/project-management\/#breadcrumb\"},\"inLanguage\":\"fr-FR\",\"potentialAction\":[{\"@type\":\"ReadAction\",\"target\":[\"https:\/\/www.eurotherm.com\/fr\/solutions\/engineered-systems-projects\/project-management\/\"]}]},{\"@type\":\"ImageObject\",\"inLanguage\":\"fr-FR\",\"@id\":\"https:\/\/www.eurotherm.com\/fr\/solutions\/engineered-systems-projects\/project-management\/#primaryimage\",\"url\":\"https:\/\/www.eurotherm.com\/wp-content\/uploads\/2018\/12\/Sytem-training-large.jpg\",\"contentUrl\":\"https:\/\/www.eurotherm.com\/wp-content\/uploads\/2018\/12\/Sytem-training-large.jpg\",\"width\":700,\"height\":350},{\"@type\":\"BreadcrumbList\",\"@id\":\"https:\/\/www.eurotherm.com\/fr\/solutions\/engineered-systems-projects\/project-management\/#breadcrumb\",\"itemListElement\":[{\"@type\":\"ListItem\",\"position\":1,\"name\":\"Home\",\"item\":\"https:\/\/www.eurotherm.com\/fr\/\"},{\"@type\":\"ListItem\",\"position\":2,\"name\":\"Solutions\",\"item\":\"https:\/\/www.eurotherm.com\/fr\/solutions\/\"},{\"@type\":\"ListItem\",\"position\":3,\"name\":\"Services d&rsquo;Ing\u00e9nierie\",\"item\":\"https:\/\/www.eurotherm.com\/fr\/solutions\/engineered-systems-projects\/\"},{\"@type\":\"ListItem\",\"position\":4,\"name\":\"Gestion de Projets\"}]},{\"@type\":\"WebSite\",\"@id\":\"https:\/\/www.eurotherm.com\/fr\/#website\",\"url\":\"https:\/\/www.eurotherm.com\/fr\/\",\"name\":\"Eurotherm Limited\",\"description\":\"Temperature Control, Process Control, Measurement and Data Recording Solutions\",\"potentialAction\":[{\"@type\":\"SearchAction\",\"target\":{\"@type\":\"EntryPoint\",\"urlTemplate\":\"https:\/\/www.eurotherm.com\/fr\/?s={search_term_string}\"},\"query-input\":{\"@type\":\"PropertyValueSpecification\",\"valueRequired\":true,\"valueName\":\"search_term_string\"}}],\"inLanguage\":\"fr-FR\"}]}<\/script>\n<!-- \/ Yoast SEO plugin. -->","yoast_head_json":{"title":"Gestion de Projets | Eurotherm Limited","description":"Gestion de Projets | Eurotherm","robots":{"index":"index","follow":"follow","max-snippet":"max-snippet:-1","max-image-preview":"max-image-preview:large","max-video-preview":"max-video-preview:-1"},"og_locale":"fr_FR","og_type":"article","og_title":"Gestion de Projets | Eurotherm Limited","og_url":"https:\/\/www.eurotherm.com\/fr\/solutions\/engineered-systems-projects\/project-management\/","og_site_name":"Eurotherm Limited","article_modified_time":"2020-07-15T13:05:09+00:00","og_image":[{"width":700,"height":350,"url":"https:\/\/www.eurotherm.com\/wp-content\/uploads\/2018\/12\/Sytem-training-large.jpg","type":"image\/jpeg"}],"twitter_card":"summary_large_image","schema":{"@context":"https:\/\/schema.org","@graph":[{"@type":"WebPage","@id":"https:\/\/www.eurotherm.com\/fr\/solutions\/engineered-systems-projects\/project-management\/","url":"https:\/\/www.eurotherm.com\/fr\/solutions\/engineered-systems-projects\/project-management\/","name":"Gestion de Projets | Eurotherm Limited","isPartOf":{"@id":"https:\/\/www.eurotherm.com\/fr\/#website"},"primaryImageOfPage":{"@id":"https:\/\/www.eurotherm.com\/fr\/solutions\/engineered-systems-projects\/project-management\/#primaryimage"},"image":{"@id":"https:\/\/www.eurotherm.com\/fr\/solutions\/engineered-systems-projects\/project-management\/#primaryimage"},"thumbnailUrl":"https:\/\/www.eurotherm.com\/wp-content\/uploads\/2018\/12\/Sytem-training-large.jpg","datePublished":"2018-12-08T18:22:06+00:00","dateModified":"2020-07-15T13:05:09+00:00","breadcrumb":{"@id":"https:\/\/www.eurotherm.com\/fr\/solutions\/engineered-systems-projects\/project-management\/#breadcrumb"},"inLanguage":"fr-FR","potentialAction":[{"@type":"ReadAction","target":["https:\/\/www.eurotherm.com\/fr\/solutions\/engineered-systems-projects\/project-management\/"]}]},{"@type":"ImageObject","inLanguage":"fr-FR","@id":"https:\/\/www.eurotherm.com\/fr\/solutions\/engineered-systems-projects\/project-management\/#primaryimage","url":"https:\/\/www.eurotherm.com\/wp-content\/uploads\/2018\/12\/Sytem-training-large.jpg","contentUrl":"https:\/\/www.eurotherm.com\/wp-content\/uploads\/2018\/12\/Sytem-training-large.jpg","width":700,"height":350},{"@type":"BreadcrumbList","@id":"https:\/\/www.eurotherm.com\/fr\/solutions\/engineered-systems-projects\/project-management\/#breadcrumb","itemListElement":[{"@type":"ListItem","position":1,"name":"Home","item":"https:\/\/www.eurotherm.com\/fr\/"},{"@type":"ListItem","position":2,"name":"Solutions","item":"https:\/\/www.eurotherm.com\/fr\/solutions\/"},{"@type":"ListItem","position":3,"name":"Services d&rsquo;Ing\u00e9nierie","item":"https:\/\/www.eurotherm.com\/fr\/solutions\/engineered-systems-projects\/"},{"@type":"ListItem","position":4,"name":"Gestion de Projets"}]},{"@type":"WebSite","@id":"https:\/\/www.eurotherm.com\/fr\/#website","url":"https:\/\/www.eurotherm.com\/fr\/","name":"Eurotherm Limited","description":"Temperature Control, Process Control, Measurement and Data Recording Solutions","potentialAction":[{"@type":"SearchAction","target":{"@type":"EntryPoint","urlTemplate":"https:\/\/www.eurotherm.com\/fr\/?s={search_term_string}"},"query-input":{"@type":"PropertyValueSpecification","valueRequired":true,"valueName":"search_term_string"}}],"inLanguage":"fr-FR"}]}},"ACF":{"display_accreditations":false,"related_products":"","flexible_content":[{"acf_fc_layout":"full_width_image_header","header_textarea":"<h1>Gestion de Projets<\/h1>\n","background_image":{"ID":67874,"id":67874,"title":"Project-managment","filename":"Project-managment.jpg","filesize":98123,"url":"https:\/\/www.eurotherm.com\/wp-content\/uploads\/2019\/04\/Project-managment.jpg","link":"https:\/\/www.eurotherm.com\/fr\/solutions\/engineered-systems-projects\/project-management\/attachment\/project-managment-2\/","alt":"","author":"3","description":"","caption":"","name":"project-managment-2","status":"inherit","uploaded_to":72112,"date":"2019-04-11 07:56:23","modified":"2019-04-11 07:56:23","menu_order":0,"mime_type":"image\/jpeg","type":"image","subtype":"jpeg","icon":"https:\/\/www.eurotherm.com\/wp-includes\/images\/media\/default.png","width":2560,"height":600,"sizes":{"thumbnail":"https:\/\/www.eurotherm.com\/wp-content\/uploads\/2019\/04\/Project-managment-150x150.jpg","thumbnail-width":150,"thumbnail-height":150,"medium":"https:\/\/www.eurotherm.com\/wp-content\/uploads\/2019\/04\/Project-managment-300x70.jpg","medium-width":300,"medium-height":70,"medium_large":"https:\/\/www.eurotherm.com\/wp-content\/uploads\/2019\/04\/Project-managment-768x180.jpg","medium_large-width":768,"medium_large-height":180,"large":"https:\/\/www.eurotherm.com\/wp-content\/uploads\/2019\/04\/Project-managment-1024x240.jpg","large-width":1024,"large-height":240,"1536x1536":"https:\/\/www.eurotherm.com\/wp-content\/uploads\/2019\/04\/Project-managment.jpg","1536x1536-width":1536,"1536x1536-height":360,"2048x2048":"https:\/\/www.eurotherm.com\/wp-content\/uploads\/2019\/04\/Project-managment.jpg","2048x2048-width":2048,"2048x2048-height":480,"woocommerce_thumbnail":"https:\/\/www.eurotherm.com\/wp-content\/uploads\/2019\/04\/Project-managment-300x300.jpg","woocommerce_thumbnail-width":300,"woocommerce_thumbnail-height":300,"woocommerce_single":"https:\/\/www.eurotherm.com\/wp-content\/uploads\/2019\/04\/Project-managment-600x141.jpg","woocommerce_single-width":600,"woocommerce_single-height":141,"woocommerce_gallery_thumbnail":"https:\/\/www.eurotherm.com\/wp-content\/uploads\/2019\/04\/Project-managment-100x100.jpg","woocommerce_gallery_thumbnail-width":100,"woocommerce_gallery_thumbnail-height":100}},"header_buttons":false},{"acf_fc_layout":"two_third_text_-_one_third_text","left_column_two_third":"<h2 id=\"tw-target-text\" class=\"tw-data-text tw-text-large XcVN5d tw-ta\" dir=\"ltr\" data-placeholder=\"Traduction\"><span lang=\"fr\">Du chiffrage jusqu&rsquo;\u00e0 la livraison, nos chefs de projets hautement qualifi\u00e9s connaissent parfaitement les normes actuelles, les proc\u00e9dures de tests et la gestion des risques.<\/span><\/h2>\n<p>Ils apportent une visibilit\u00e9 tout au long de la dur\u00e9e du projet aux diff\u00e9rentes parties prenantes en fournissant r\u00e9guli\u00e8rement un \u00e9tat d&rsquo;avancement et des audits trails pour aider \u00e0 r\u00e9duire les risques et \u00e0 maintenir les objectifs, le budget et les calendriers sous contr\u00f4le.<\/p>\n","right_column_one_third":"<h2>Liens Rapides<\/h2>\n<p><a href=\"https:\/\/www.eurotherm.com\/zh-hans\/solutions\/engineered-systems-projects\/\">&gt; Projets et Syst\u00e8mes d&rsquo;Ing\u00e9nierie<\/a><\/p>\n<p><a href=\"https:\/\/www.eurotherm.com\/solutions\/engineered-systems-projects\/\/hybrid-industries\">&gt; Solutions pour les Industries Hybrides<\/a><\/p>\n<p><a href=\"https:\/\/www.eurotherm.com\/solutions\/engineered-systems-projects\/\/our-engineers\">&gt; Nos Ing\u00e9nieurs<\/a><\/p>\n<p><a href=\"https:\/\/www.eurotherm.com\/solutions\/engineered-systems-projects\/\/project-services\">&gt; Services Projet<\/a><\/p>\n<p><a href=\"https:\/\/www.eurotherm.com\/solutions\/engineered-systems-projects\/\/after-sales-services\">&gt; Services Apr\u00e8s-Vente<\/a><\/p>\n<p><a href=\"https:\/\/www.eurotherm.com\/solutions\/engineered-systems-projects\/\/eurotherm-business-approvals-certificates\">&gt; Certifications Eurotherm<\/a><\/p>\n<p><a href=\"https:\/\/www.eurotherm.com\/fr\/services\/service-level-agreements-sla\/\">&gt; Contrats de Services (SLA)<\/a><\/p>\n"},{"acf_fc_layout":"full_width_text_block","full_text_block":"<h3>Les Diff\u00e9rentes Phases<\/h3>\n<h4>Phase de vente<\/h4>\n<div class=\"jhH5U\">\n<div id=\"tw-ob\" class=\"tw-src-ltr\">\n<div class=\"oSioSc\">\n<div id=\"tw-target\">\n<div id=\"kAz1tf\" class=\"g9WsWb\">\n<div id=\"tw-target-text-container\" class=\"tw-ta-container hide-focus-ring tw-nfl\" tabindex=\"0\">\n<p id=\"tw-target-text\" class=\"tw-data-text tw-text-large XcVN5d tw-ta\" dir=\"ltr\" data-placeholder=\"Traduction\"><span lang=\"fr\">Apr\u00e8s vous avoir rencontr\u00e9 pour \u00e9couter vos besoins et sugg\u00e9rer des id\u00e9es, votre chef de projet d\u00e9di\u00e9 vous fournira une proposition de projet int\u00e9grant les \u00e9l\u00e9ments suivants :<\/span><\/p>\n<\/div>\n<\/div>\n<\/div>\n<\/div>\n<\/div>\n<\/div>\n<ul>\n<li><em>R\u00e9sum\u00e9 du projet<\/em><\/li>\n<li><em>Contexte<\/em><\/li>\n<li><em>Pr\u00e9sentation de la solution<\/em> &#8211; produits, logiciels et services propos\u00e9s.<\/li>\n<li><em>Mise en \u0153uvre de la solution<\/em> &#8211; objectifs, d\u00e9tails de l&rsquo;approche, strat\u00e9gie d&rsquo;ex\u00e9cution, \u00e9valuation et att\u00e9nuation des risques, strat\u00e9gie d&rsquo;approbation, fourniture d&rsquo;ing\u00e9nierie, services associ\u00e9s au projet (gestion, analyse des risques, dessins, configuration, fourniture de produits, documentations, r\u00e9unions, tests, calendriers, sp\u00e9cifications, etc, &#8230;) , Activit\u00e9s du site (installation, supervision, mise en service, etc, &#8230;), hypoth\u00e8ses.<\/li>\n<li><em>Offre commerciale<\/em> &#8211; r\u00e9sum\u00e9 des prix et des options<\/li>\n<li><em>Informations sur la soci\u00e9t\u00e9<\/em><\/li>\n<li><em>Annexes<\/em> &#8211; services apr\u00e8s-vente, formation, contrats de services (SLA), support logiciel, service de d\u00e9pannage et d&rsquo;intervention et service de maintenance pr\u00e9ventive<\/li>\n<li><em>Nomenclature<\/em><\/li>\n<\/ul>\n","button_link":"","button_text":"","remove_top_margin":false,"remove_bottom_margin":false},{"acf_fc_layout":"full_width_text_block","full_text_block":"<h4>Phase de Projet<\/h4>\n<div class=\"jhH5U\">\n<div id=\"tw-ob\" class=\"tw-src-ltr\">\n<div class=\"oSioSc\">\n<div id=\"tw-target\">\n<div id=\"kAz1tf\" class=\"g9WsWb\">\n<div id=\"tw-target-text-container\" class=\"tw-ta-container hide-focus-ring tw-nfl\" tabindex=\"0\">\n<p id=\"tw-target-text\" class=\"tw-data-text tw-text-large XcVN5d tw-ta\" dir=\"ltr\" data-placeholder=\"Traduction\"><span lang=\"fr\">Apr\u00e8s acceptation de notre offre, nos \u00e9quipes r\u00e9aliseront le projet selon la proposition retenue et votre chef de projet d\u00e9di\u00e9 vous fournira des mises \u00e0 jour r\u00e9guli\u00e8res.<\/span><\/p>\n<\/div>\n<div class=\"iYB33c\">\n<div id=\"tw-tmenu\" class=\"tw-menu\"><\/div>\n<\/div>\n<\/div>\n<\/div>\n<\/div>\n<\/div>\n<div id=\"tw-images\"><\/div>\n<div class=\"dURPtb\"><\/div>\n<div>\n<div><\/div>\n<\/div>\n<\/div>\n","button_link":"","button_text":"","remove_top_margin":false,"remove_bottom_margin":false},{"acf_fc_layout":"dark_column_block","dark_text_block":"<h2>D\u00e9couvrez nos Solutions d&rsquo;Automatisation des Proc\u00e9d\u00e9s<\/h2>\n<div class=\"jhH5U\">\n<div id=\"tw-ob\" class=\"tw-src-ltr\">\n<div class=\"oSioSc\">\n<div id=\"tw-target\">\n<div id=\"kAz1tf\" class=\"g9WsWb\">\n<div id=\"tw-target-text-container\" class=\"tw-ta-container hide-focus-ring tw-nfl\" tabindex=\"0\">\n<p id=\"tw-target-text\" class=\"tw-data-text tw-text-large XcVN5d tw-ta\" dir=\"ltr\" data-placeholder=\"Traduction\"><span lang=\"fr\">D\u00e9couvrez les produits et logiciels Eurotherm pour le contr\u00f4le et l&rsquo;automatisation des proc\u00e9d\u00e9s qui peuvent r\u00e9volutionner votre activit\u00e9.<\/span><\/p>\n<\/div>\n<\/div>\n<\/div>\n<\/div>\n<\/div>\n<\/div>\n","dark_background_image":{"ID":66634,"id":66634,"title":"_0002_iStock-819734684","filename":"0002_iStock-819734684.jpg","filesize":211702,"url":"https:\/\/www.eurotherm.com\/wp-content\/uploads\/2019\/03\/0002_iStock-819734684.jpg","link":"https:\/\/www.eurotherm.com\/fr\/about-eurotherm\/company-profile\/attachment\/_0002_istock-819734684-2\/","alt":"","author":"3","description":"","caption":"","name":"_0002_istock-819734684-2","status":"inherit","uploaded_to":72170,"date":"2019-03-04 18:50:00","modified":"2019-03-04 18:50:00","menu_order":0,"mime_type":"image\/jpeg","type":"image","subtype":"jpeg","icon":"https:\/\/www.eurotherm.com\/wp-includes\/images\/media\/default.png","width":1920,"height":450,"sizes":{"thumbnail":"https:\/\/www.eurotherm.com\/wp-content\/uploads\/2019\/03\/0002_iStock-819734684-150x150.jpg","thumbnail-width":150,"thumbnail-height":150,"medium":"https:\/\/www.eurotherm.com\/wp-content\/uploads\/2019\/03\/0002_iStock-819734684-300x70.jpg","medium-width":300,"medium-height":70,"medium_large":"https:\/\/www.eurotherm.com\/wp-content\/uploads\/2019\/03\/0002_iStock-819734684-768x180.jpg","medium_large-width":768,"medium_large-height":180,"large":"https:\/\/www.eurotherm.com\/wp-content\/uploads\/2019\/03\/0002_iStock-819734684-1024x240.jpg","large-width":1024,"large-height":240,"1536x1536":"https:\/\/www.eurotherm.com\/wp-content\/uploads\/2019\/03\/0002_iStock-819734684.jpg","1536x1536-width":1536,"1536x1536-height":360,"2048x2048":"https:\/\/www.eurotherm.com\/wp-content\/uploads\/2019\/03\/0002_iStock-819734684.jpg","2048x2048-width":1920,"2048x2048-height":450,"woocommerce_thumbnail":"https:\/\/www.eurotherm.com\/wp-content\/uploads\/2019\/03\/0002_iStock-819734684-300x300.jpg","woocommerce_thumbnail-width":300,"woocommerce_thumbnail-height":300,"woocommerce_single":"https:\/\/www.eurotherm.com\/wp-content\/uploads\/2019\/03\/0002_iStock-819734684-600x141.jpg","woocommerce_single-width":600,"woocommerce_single-height":141,"woocommerce_gallery_thumbnail":"https:\/\/www.eurotherm.com\/wp-content\/uploads\/2019\/03\/0002_iStock-819734684-100x100.jpg","woocommerce_gallery_thumbnail-width":100,"woocommerce_gallery_thumbnail-height":100}},"dark_buttons":[{"dark_button_link":"\/eurotherm-products\/machine-control-and-process-automation\/","dark_button_text":"Solutions d'Automatisation"}],"dark_reduce_padding":false,"dark_reduce_text_width":false}],"show_sidebar":false},"jetpack_sharing_enabled":true,"_links":{"self":[{"href":"https:\/\/www.eurotherm.com\/fr\/wp-json\/wp\/v2\/pages\/72112","targetHints":{"allow":["GET"]}}],"collection":[{"href":"https:\/\/www.eurotherm.com\/fr\/wp-json\/wp\/v2\/pages"}],"about":[{"href":"https:\/\/www.eurotherm.com\/fr\/wp-json\/wp\/v2\/types\/page"}],"author":[{"embeddable":true,"href":"https:\/\/www.eurotherm.com\/fr\/wp-json\/wp\/v2\/users\/3"}],"replies":[{"embeddable":true,"href":"https:\/\/www.eurotherm.com\/fr\/wp-json\/wp\/v2\/comments?post=72112"}],"version-history":[{"count":8,"href":"https:\/\/www.eurotherm.com\/fr\/wp-json\/wp\/v2\/pages\/72112\/revisions"}],"predecessor-version":[{"id":95782,"href":"https:\/\/www.eurotherm.com\/fr\/wp-json\/wp\/v2\/pages\/72112\/revisions\/95782"}],"up":[{"embeddable":true,"href":"https:\/\/www.eurotherm.com\/fr\/wp-json\/wp\/v2\/pages\/72606"}],"wp:featuredmedia":[{"embeddable":true,"href":"https:\/\/www.eurotherm.com\/fr\/wp-json\/wp\/v2\/media\/56234"}],"wp:attachment":[{"href":"https:\/\/www.eurotherm.com\/fr\/wp-json\/wp\/v2\/media?parent=72112"}],"curies":[{"name":"wp","href":"https:\/\/api.w.org\/{rel}","templated":true}]}}