{"id":72071,"date":"2018-12-11T18:18:39","date_gmt":"2018-12-11T18:18:39","guid":{"rendered":"https:\/\/www.eurotherm.com\/hybrid-industries\/"},"modified":"2025-02-15T04:21:42","modified_gmt":"2025-02-14T20:21:42","slug":"hybrid-industries","status":"publish","type":"page","link":"https:\/\/www.eurotherm.com\/fr\/solutions\/engineered-systems-projects\/hybrid-industries\/","title":{"rendered":"Solutions pour les industries hybrides"},"content":{"rendered":"","protected":false},"excerpt":{"rendered":"","protected":false},"author":3,"featured_media":49134,"parent":72606,"menu_order":0,"comment_status":"closed","ping_status":"closed","template":"","meta":{"_acf_changed":false,"footnotes":""},"class_list":["post-72071","page","type-page","status-publish","has-post-thumbnail","hentry"],"acf":[],"yoast_head":"<!-- This site is optimized with the Yoast SEO plugin v27.5 - https:\/\/yoast.com\/product\/yoast-seo-wordpress\/ -->\n<title>Solutions pour les industries hybrides | Eurotherm Limited<\/title>\n<meta name=\"description\" content=\"Solutions pour les industries hybrides | Eurotherm\" \/>\n<meta name=\"robots\" content=\"index, follow, max-snippet:-1, max-image-preview:large, max-video-preview:-1\" \/>\n<meta property=\"og:locale\" content=\"fr_FR\" \/>\n<meta property=\"og:type\" content=\"article\" \/>\n<meta property=\"og:title\" content=\"Solutions pour les industries hybrides | Eurotherm Limited\" \/>\n<meta property=\"og:url\" content=\"https:\/\/www.eurotherm.com\/fr\/solutions\/engineered-systems-projects\/hybrid-industries\/\" \/>\n<meta property=\"og:site_name\" content=\"Eurotherm Limited\" \/>\n<meta property=\"article:modified_time\" content=\"2025-02-14T20:21:42+00:00\" \/>\n<meta property=\"og:image\" content=\"https:\/\/www.eurotherm.com\/wp-content\/uploads\/2018\/11\/hybrid1_solutions-2.jpg\" \/>\n\t<meta property=\"og:image:width\" content=\"700\" \/>\n\t<meta property=\"og:image:height\" content=\"567\" \/>\n\t<meta property=\"og:image:type\" content=\"image\/jpeg\" \/>\n<meta name=\"twitter:card\" content=\"summary_large_image\" \/>\n<meta name=\"twitter:label1\" content=\"Dur\u00e9e de lecture estim\u00e9e\" \/>\n\t<meta name=\"twitter:data1\" content=\"1 minute\" \/>\n<script type=\"application\/ld+json\" class=\"yoast-schema-graph\">{\"@context\":\"https:\\\/\\\/schema.org\",\"@graph\":[{\"@type\":\"WebPage\",\"@id\":\"https:\\\/\\\/www.eurotherm.com\\\/fr\\\/solutions\\\/engineered-systems-projects\\\/hybrid-industries\\\/\",\"url\":\"https:\\\/\\\/www.eurotherm.com\\\/fr\\\/solutions\\\/engineered-systems-projects\\\/hybrid-industries\\\/\",\"name\":\"Solutions pour les industries hybrides | Eurotherm Limited\",\"isPartOf\":{\"@id\":\"https:\\\/\\\/www.eurotherm.com\\\/fr\\\/#website\"},\"primaryImageOfPage\":{\"@id\":\"https:\\\/\\\/www.eurotherm.com\\\/fr\\\/solutions\\\/engineered-systems-projects\\\/hybrid-industries\\\/#primaryimage\"},\"image\":{\"@id\":\"https:\\\/\\\/www.eurotherm.com\\\/fr\\\/solutions\\\/engineered-systems-projects\\\/hybrid-industries\\\/#primaryimage\"},\"thumbnailUrl\":\"https:\\\/\\\/www.eurotherm.com\\\/wp-content\\\/uploads\\\/2018\\\/11\\\/hybrid1_solutions-2.jpg\",\"datePublished\":\"2018-12-11T18:18:39+00:00\",\"dateModified\":\"2025-02-14T20:21:42+00:00\",\"breadcrumb\":{\"@id\":\"https:\\\/\\\/www.eurotherm.com\\\/fr\\\/solutions\\\/engineered-systems-projects\\\/hybrid-industries\\\/#breadcrumb\"},\"inLanguage\":\"fr-FR\",\"potentialAction\":[{\"@type\":\"ReadAction\",\"target\":[\"https:\\\/\\\/www.eurotherm.com\\\/fr\\\/solutions\\\/engineered-systems-projects\\\/hybrid-industries\\\/\"]}]},{\"@type\":\"ImageObject\",\"inLanguage\":\"fr-FR\",\"@id\":\"https:\\\/\\\/www.eurotherm.com\\\/fr\\\/solutions\\\/engineered-systems-projects\\\/hybrid-industries\\\/#primaryimage\",\"url\":\"https:\\\/\\\/www.eurotherm.com\\\/wp-content\\\/uploads\\\/2018\\\/11\\\/hybrid1_solutions-2.jpg\",\"contentUrl\":\"https:\\\/\\\/www.eurotherm.com\\\/wp-content\\\/uploads\\\/2018\\\/11\\\/hybrid1_solutions-2.jpg\",\"width\":700,\"height\":567},{\"@type\":\"BreadcrumbList\",\"@id\":\"https:\\\/\\\/www.eurotherm.com\\\/fr\\\/solutions\\\/engineered-systems-projects\\\/hybrid-industries\\\/#breadcrumb\",\"itemListElement\":[{\"@type\":\"ListItem\",\"position\":1,\"name\":\"Home\",\"item\":\"https:\\\/\\\/www.eurotherm.com\\\/fr\\\/\"},{\"@type\":\"ListItem\",\"position\":2,\"name\":\"Solutions\",\"item\":\"https:\\\/\\\/www.eurotherm.com\\\/fr\\\/solutions\\\/\"},{\"@type\":\"ListItem\",\"position\":3,\"name\":\"Services d&rsquo;Ing\u00e9nierie\",\"item\":\"https:\\\/\\\/www.eurotherm.com\\\/fr\\\/solutions\\\/engineered-systems-projects\\\/\"},{\"@type\":\"ListItem\",\"position\":4,\"name\":\"Solutions pour les industries hybrides\"}]},{\"@type\":\"WebSite\",\"@id\":\"https:\\\/\\\/www.eurotherm.com\\\/fr\\\/#website\",\"url\":\"https:\\\/\\\/www.eurotherm.com\\\/fr\\\/\",\"name\":\"Eurotherm Limited\",\"description\":\"Temperature Control, Process Control, Measurement and Data Recording Solutions\",\"potentialAction\":[{\"@type\":\"SearchAction\",\"target\":{\"@type\":\"EntryPoint\",\"urlTemplate\":\"https:\\\/\\\/www.eurotherm.com\\\/fr\\\/?s={search_term_string}\"},\"query-input\":{\"@type\":\"PropertyValueSpecification\",\"valueRequired\":true,\"valueName\":\"search_term_string\"}}],\"inLanguage\":\"fr-FR\"}]}<\/script>\n<!-- \/ Yoast SEO plugin. -->","yoast_head_json":{"title":"Solutions pour les industries hybrides | Eurotherm Limited","description":"Solutions pour les industries hybrides | Eurotherm","robots":{"index":"index","follow":"follow","max-snippet":"max-snippet:-1","max-image-preview":"max-image-preview:large","max-video-preview":"max-video-preview:-1"},"og_locale":"fr_FR","og_type":"article","og_title":"Solutions pour les industries hybrides | Eurotherm Limited","og_url":"https:\/\/www.eurotherm.com\/fr\/solutions\/engineered-systems-projects\/hybrid-industries\/","og_site_name":"Eurotherm Limited","article_modified_time":"2025-02-14T20:21:42+00:00","og_image":[{"width":700,"height":567,"url":"https:\/\/www.eurotherm.com\/wp-content\/uploads\/2018\/11\/hybrid1_solutions-2.jpg","type":"image\/jpeg"}],"twitter_card":"summary_large_image","twitter_misc":{"Dur\u00e9e de lecture estim\u00e9e":"1 minute"},"schema":{"@context":"https:\/\/schema.org","@graph":[{"@type":"WebPage","@id":"https:\/\/www.eurotherm.com\/fr\/solutions\/engineered-systems-projects\/hybrid-industries\/","url":"https:\/\/www.eurotherm.com\/fr\/solutions\/engineered-systems-projects\/hybrid-industries\/","name":"Solutions pour les industries hybrides | Eurotherm Limited","isPartOf":{"@id":"https:\/\/www.eurotherm.com\/fr\/#website"},"primaryImageOfPage":{"@id":"https:\/\/www.eurotherm.com\/fr\/solutions\/engineered-systems-projects\/hybrid-industries\/#primaryimage"},"image":{"@id":"https:\/\/www.eurotherm.com\/fr\/solutions\/engineered-systems-projects\/hybrid-industries\/#primaryimage"},"thumbnailUrl":"https:\/\/www.eurotherm.com\/wp-content\/uploads\/2018\/11\/hybrid1_solutions-2.jpg","datePublished":"2018-12-11T18:18:39+00:00","dateModified":"2025-02-14T20:21:42+00:00","breadcrumb":{"@id":"https:\/\/www.eurotherm.com\/fr\/solutions\/engineered-systems-projects\/hybrid-industries\/#breadcrumb"},"inLanguage":"fr-FR","potentialAction":[{"@type":"ReadAction","target":["https:\/\/www.eurotherm.com\/fr\/solutions\/engineered-systems-projects\/hybrid-industries\/"]}]},{"@type":"ImageObject","inLanguage":"fr-FR","@id":"https:\/\/www.eurotherm.com\/fr\/solutions\/engineered-systems-projects\/hybrid-industries\/#primaryimage","url":"https:\/\/www.eurotherm.com\/wp-content\/uploads\/2018\/11\/hybrid1_solutions-2.jpg","contentUrl":"https:\/\/www.eurotherm.com\/wp-content\/uploads\/2018\/11\/hybrid1_solutions-2.jpg","width":700,"height":567},{"@type":"BreadcrumbList","@id":"https:\/\/www.eurotherm.com\/fr\/solutions\/engineered-systems-projects\/hybrid-industries\/#breadcrumb","itemListElement":[{"@type":"ListItem","position":1,"name":"Home","item":"https:\/\/www.eurotherm.com\/fr\/"},{"@type":"ListItem","position":2,"name":"Solutions","item":"https:\/\/www.eurotherm.com\/fr\/solutions\/"},{"@type":"ListItem","position":3,"name":"Services d&rsquo;Ing\u00e9nierie","item":"https:\/\/www.eurotherm.com\/fr\/solutions\/engineered-systems-projects\/"},{"@type":"ListItem","position":4,"name":"Solutions pour les industries hybrides"}]},{"@type":"WebSite","@id":"https:\/\/www.eurotherm.com\/fr\/#website","url":"https:\/\/www.eurotherm.com\/fr\/","name":"Eurotherm Limited","description":"Temperature Control, Process Control, Measurement and Data Recording Solutions","potentialAction":[{"@type":"SearchAction","target":{"@type":"EntryPoint","urlTemplate":"https:\/\/www.eurotherm.com\/fr\/?s={search_term_string}"},"query-input":{"@type":"PropertyValueSpecification","valueRequired":true,"valueName":"search_term_string"}}],"inLanguage":"fr-FR"}]}},"ACF":{"display_accreditations":false,"flexible_content":[{"acf_fc_layout":"full_width_image_header","header_textarea":"<h1 class=\"et_pb_module_header\">Solutions pour les industries hybrides<\/h1>\n<p><span class=\"Y2IQFc\" lang=\"fr\">Pour savoir quel syst\u00e8me ou quelle solution correspond le mieux \u00e0 vos besoins<\/span><\/p>\n","background_image":{"ID":51117,"id":51117,"title":"497324463-2560x600","filename":"497324463-2560x600.jpg","filesize":101314,"url":"https:\/\/www.eurotherm.com\/wp-content\/uploads\/2018\/11\/497324463-2560x600.jpg","link":"https:\/\/www.eurotherm.com\/fr\/solutions\/engineered-systems-projects\/hybrid-industries\/attachment\/497324463-2560x600-2\/","alt":"","author":"3","description":"","caption":"","name":"497324463-2560x600-2","status":"inherit","uploaded_to":72071,"date":"2018-11-26 14:11:00","modified":"2020-07-15 12:15:53","menu_order":0,"mime_type":"image\/jpeg","type":"image","subtype":"jpeg","icon":"https:\/\/www.eurotherm.com\/wp-includes\/images\/media\/default.png","width":2560,"height":600,"sizes":{"thumbnail":"https:\/\/www.eurotherm.com\/wp-content\/uploads\/2018\/11\/497324463-2560x600-150x150.jpg","thumbnail-width":150,"thumbnail-height":150,"medium":"https:\/\/www.eurotherm.com\/wp-content\/uploads\/2018\/11\/497324463-2560x600-300x70.jpg","medium-width":300,"medium-height":70,"medium_large":"https:\/\/www.eurotherm.com\/wp-content\/uploads\/2018\/11\/497324463-2560x600-768x180.jpg","medium_large-width":768,"medium_large-height":180,"large":"https:\/\/www.eurotherm.com\/wp-content\/uploads\/2018\/11\/497324463-2560x600-1024x240.jpg","large-width":1024,"large-height":240,"1536x1536":"https:\/\/www.eurotherm.com\/wp-content\/uploads\/2018\/11\/497324463-2560x600.jpg","1536x1536-width":1536,"1536x1536-height":360,"2048x2048":"https:\/\/www.eurotherm.com\/wp-content\/uploads\/2018\/11\/497324463-2560x600.jpg","2048x2048-width":2048,"2048x2048-height":480,"woocommerce_thumbnail":"https:\/\/www.eurotherm.com\/wp-content\/uploads\/2018\/11\/497324463-2560x600-300x300.jpg","woocommerce_thumbnail-width":300,"woocommerce_thumbnail-height":300,"woocommerce_single":"https:\/\/www.eurotherm.com\/wp-content\/uploads\/2018\/11\/497324463-2560x600-600x141.jpg","woocommerce_single-width":600,"woocommerce_single-height":141,"woocommerce_gallery_thumbnail":"https:\/\/www.eurotherm.com\/wp-content\/uploads\/2018\/11\/497324463-2560x600-100x100.jpg","woocommerce_gallery_thumbnail-width":100,"woocommerce_gallery_thumbnail-height":100}},"header_buttons":[{"internal_or_external":"External\/#","header_button_link":null,"link_url":"https:\/\/www.eurotherm.com\/en\/download\/eplc-range-brochure-ha032111usa-issue-4\/?wpdmdl=28071","header_button_text":"T\u00e9l\u00e9charger la brochure"},{"internal_or_external":"External\/#","header_button_link":null,"link_url":"\/contact-us","header_button_text":"Nous contacter"}]},{"acf_fc_layout":"two_third_text_-_one_third_text","left_column_two_third":"<h2 id=\"tw-target-text\" class=\"tw-data-text tw-text-large XcVN5d tw-ta\" data-placeholder=\"Traduction\"><span lang=\"fr\">Les projets Eurotherm peuvent \u00eatre bas\u00e9s sur des produits et logiciels Eurotherm, Watlow ou de fournisseurs tiers.<\/span><\/h2>\n<p id=\"tw-target-text\" class=\"tw-data-text tw-text-large XcVN5d tw-ta\" dir=\"ltr\" data-placeholder=\"Traduction\"><span lang=\"fr\">Cependant, les solutions pour les industries r\u00e9glement\u00e9es sont g\u00e9n\u00e9ralement bas\u00e9es sur les automates &#8211; PAC ou PLC &#8211; Eurotherm qui sont sp\u00e9cifiquement con\u00e7us pour fournir un contr\u00f4le et une r\u00e9gulation de pr\u00e9cision. Notre offre comprend la r\u00e9gulation PID de pr\u00e9cision, la supervision, les syst\u00e8mes de s\u00e9curit\u00e9, le contr\u00f4le intelligent de l&rsquo;\u00e9nergie \u00e9lectrique et les drives.<\/span><\/p>\n<div class=\"jhH5U\">\n<div id=\"tw-ob\" class=\"tw-src-ltr\">\n<div class=\"oSioSc\">\n<div id=\"tw-target\">\n<div id=\"kAz1tf\" class=\"g9WsWb\">\n<div id=\"tw-target-text-container\" class=\"tw-ta-container hide-focus-ring tw-nfl\">\n<p id=\"tw-target-text\" class=\"tw-data-text tw-text-large XcVN5d tw-ta\" dir=\"ltr\" data-placeholder=\"Traduction\"><span lang=\"fr\">\u00c0 partir du r\u00e9seau de contr\u00f4le de l&rsquo;usine, les variables du proc\u00e9d\u00e9 s&rsquo;int\u00e8grent de mani\u00e8re transparente \u00e0 la plateforme syst\u00e8me AVEVA (Wonderware) de Schneider Electric pour la supervision, le contr\u00f4le de l&rsquo;op\u00e9rateur, le suivi des lots, la planification, l&rsquo;analyse des donn\u00e9es et le reporting. Des solutions Wonderware Operations Management et Manufacturing Execution Systems (MES) peuvent \u00eatre ajout\u00e9es pour fournir la colonne vert\u00e9brale d&rsquo;une entreprise optimis\u00e9e, y compris l&rsquo;ex\u00e9cution de la fabrication, l&rsquo;int\u00e9gration de l&rsquo;entreprise, la qualit\u00e9, les op\u00e9rations et la gestion des performances.<\/span><\/p>\n<\/div>\n<\/div>\n<\/div>\n<\/div>\n<\/div>\n<\/div>\n","right_column_one_third":"<h2>Liens Rapides<\/h2>\n<p><a href=\"https:\/\/www.eurotherm.com\/solutions\/engineered-systems-projects\/\">&gt; Projets &amp; Syst\u00e8mes d&rsquo;Ing\u00e9nierie<\/a><\/p>\n<p><a href=\"https:\/\/www.eurotherm.com\/solutions\/engineered-systems-projects\/\/our-engineers\">&gt; Nos Ing\u00e9nieurs<\/a><\/p>\n<p><a href=\"https:\/\/www.eurotherm.com\/solutions\/engineered-systems-projects\/\/project-services\">&gt; Services Projets<\/a><\/p>\n<p><a href=\"https:\/\/www.eurotherm.com\/solutions\/engineered-systems-projects\/\/project-management\">&gt; Gestion de Projet<\/a><\/p>\n<p><a href=\"https:\/\/www.eurotherm.com\/solutions\/engineered-systems-projects\/\/after-sales-services\">&gt; Services Apr\u00e8s-Vente<\/a><\/p>\n<p><a href=\"https:\/\/www.eurotherm.com\/solutions\/engineered-systems-projects\/\/eurotherm-business-approvals-certificates\">&gt; Eurotherm Business Approvals \/ Certificates<\/a><\/p>\n<p><a href=\"https:\/\/www.eurotherm.com\/us\/services\/service-level-agreements-sla\/\">&gt; Contrats de Services (SLA)<\/a><\/p>\n"},{"acf_fc_layout":"two_third_text_-_one_third_text","left_column_two_third":"<p><img decoding=\"async\" src=\"https:\/\/www.eurotherm.com\/wp-content\/uploads\/2018\/11\/hybrid1_solutions-2.jpg\" \/><\/p>\n","right_column_one_third":"<p>Ce type de syst\u00e8me permet une agilit\u00e9, une flexibilit\u00e9 et une transparence op\u00e9rationnelle dans la fabrication tout en \u00e9tablissant une base pour la conformit\u00e9 r\u00e9glementaire, les bonnes pratiques de fabrication (BPF) et une meilleure rentabilit\u00e9.<\/p>\n"},{"acf_fc_layout":"dark_column_block","dark_text_block":"<h2>D\u00e9couvrez notre gamme de solutions de commande de machine et d&rsquo;automatisation de process<\/h2>\n<p>D\u00e9couvrez les produits et logiciels de commande de machine et d&rsquo;automatisation de process qui peuvent vous aider \u00e0 r\u00e9volutionner votre entreprise<\/p>\n","dark_background_image":{"ID":66634,"id":66634,"title":"_0002_iStock-819734684","filename":"0002_iStock-819734684.jpg","filesize":211702,"url":"https:\/\/www.eurotherm.com\/wp-content\/uploads\/2019\/03\/0002_iStock-819734684.jpg","link":"https:\/\/www.eurotherm.com\/fr\/about-eurotherm\/company-profile\/attachment\/_0002_istock-819734684-2\/","alt":"","author":"3","description":"","caption":"","name":"_0002_istock-819734684-2","status":"inherit","uploaded_to":72170,"date":"2019-03-04 18:50:00","modified":"2019-03-04 18:50:00","menu_order":0,"mime_type":"image\/jpeg","type":"image","subtype":"jpeg","icon":"https:\/\/www.eurotherm.com\/wp-includes\/images\/media\/default.png","width":1920,"height":450,"sizes":{"thumbnail":"https:\/\/www.eurotherm.com\/wp-content\/uploads\/2019\/03\/0002_iStock-819734684-150x150.jpg","thumbnail-width":150,"thumbnail-height":150,"medium":"https:\/\/www.eurotherm.com\/wp-content\/uploads\/2019\/03\/0002_iStock-819734684-300x70.jpg","medium-width":300,"medium-height":70,"medium_large":"https:\/\/www.eurotherm.com\/wp-content\/uploads\/2019\/03\/0002_iStock-819734684-768x180.jpg","medium_large-width":768,"medium_large-height":180,"large":"https:\/\/www.eurotherm.com\/wp-content\/uploads\/2019\/03\/0002_iStock-819734684-1024x240.jpg","large-width":1024,"large-height":240,"1536x1536":"https:\/\/www.eurotherm.com\/wp-content\/uploads\/2019\/03\/0002_iStock-819734684.jpg","1536x1536-width":1536,"1536x1536-height":360,"2048x2048":"https:\/\/www.eurotherm.com\/wp-content\/uploads\/2019\/03\/0002_iStock-819734684.jpg","2048x2048-width":1920,"2048x2048-height":450,"woocommerce_thumbnail":"https:\/\/www.eurotherm.com\/wp-content\/uploads\/2019\/03\/0002_iStock-819734684-300x300.jpg","woocommerce_thumbnail-width":300,"woocommerce_thumbnail-height":300,"woocommerce_single":"https:\/\/www.eurotherm.com\/wp-content\/uploads\/2019\/03\/0002_iStock-819734684-600x141.jpg","woocommerce_single-width":600,"woocommerce_single-height":141,"woocommerce_gallery_thumbnail":"https:\/\/www.eurotherm.com\/wp-content\/uploads\/2019\/03\/0002_iStock-819734684-100x100.jpg","woocommerce_gallery_thumbnail-width":100,"woocommerce_gallery_thumbnail-height":100}},"dark_buttons":[{"dark_button_link":"\/eurotherm-products\/machine-control-and-process-automation\/","dark_button_text":"Contr\u00f4le de machine et automatisation des proc\u00e9d\u00e9s"}],"dark_reduce_padding":false,"dark_reduce_text_width":false}],"show_sidebar":false},"jetpack_sharing_enabled":true,"_links":{"self":[{"href":"https:\/\/www.eurotherm.com\/fr\/wp-json\/wp\/v2\/pages\/72071","targetHints":{"allow":["GET"]}}],"collection":[{"href":"https:\/\/www.eurotherm.com\/fr\/wp-json\/wp\/v2\/pages"}],"about":[{"href":"https:\/\/www.eurotherm.com\/fr\/wp-json\/wp\/v2\/types\/page"}],"author":[{"embeddable":true,"href":"https:\/\/www.eurotherm.com\/fr\/wp-json\/wp\/v2\/users\/3"}],"replies":[{"embeddable":true,"href":"https:\/\/www.eurotherm.com\/fr\/wp-json\/wp\/v2\/comments?post=72071"}],"version-history":[{"count":6,"href":"https:\/\/www.eurotherm.com\/fr\/wp-json\/wp\/v2\/pages\/72071\/revisions"}],"predecessor-version":[{"id":157486,"href":"https:\/\/www.eurotherm.com\/fr\/wp-json\/wp\/v2\/pages\/72071\/revisions\/157486"}],"up":[{"embeddable":true,"href":"https:\/\/www.eurotherm.com\/fr\/wp-json\/wp\/v2\/pages\/72606"}],"wp:featuredmedia":[{"embeddable":true,"href":"https:\/\/www.eurotherm.com\/fr\/wp-json\/wp\/v2\/media\/49134"}],"wp:attachment":[{"href":"https:\/\/www.eurotherm.com\/fr\/wp-json\/wp\/v2\/media?parent=72071"}],"curies":[{"name":"wp","href":"https:\/\/api.w.org\/{rel}","templated":true}]}}