{"id":21163,"date":"2018-10-15T08:49:41","date_gmt":"2018-10-15T08:49:41","guid":{"rendered":"https:\/\/www.eurotherm.com\/product\/videoregistradores-6100a-6180a\/"},"modified":"2025-05-08T00:00:20","modified_gmt":"2025-05-07T16:00:20","slug":"6100a-6180a-paperless-graphic-recorder","status":"publish","type":"product","link":"https:\/\/www.eurotherm.com\/es\/products\/registradores-y-adquisicion-de-datos\/registradores-graficos\/6100a-6180a-paperless-graphic-recorder\/","title":{"rendered":"Videoregistradores 6100A\/6180A"},"content":{"rendered":"<ul>\n<li>Registro seguro de datos<\/li>\n<li>Pantalla t\u00e1ctil a todo color de m\u00e1xima resoluci\u00f3n<\/li>\n<li>Hasta 48 canales de entrada universales<\/li>\n<li>Funciones de lotes<\/li>\n<li>Visualizaci\u00f3n y configuraci\u00f3n a distancia<\/li>\n<li>Ruta de auditor\u00eda completa<\/li>\n<li>Conectores USB \u00abconectar y listo\u00bb<\/li>\n<li>Impresi\u00f3n local<\/li>\n<\/ul>\n<p>La serie 6000 A ofrece una precisi\u00f3n de entrada inigualable con una velocidad de muestreo total de 125 ms para un m\u00e1ximo de 48 canales de entrada. Los canales de entrada se configuran libremente para adaptarse a las necesidades de su proceso. Cada instrumento tiene una pantalla t\u00e1ctil intuitiva \u00a0que permite a los operadores visualizar con claridad los datos de proceso en diferentes formatos.<\/p>\n<p>Todas tienen capacidad para almacenar datos en la memoria flash integrada, comunicaciones Ethernet y la posibilidad de elegir tarjetas SD o CF. Los datos se almacenan en un formato binario<br \/>\na prueba de manipulaci\u00f3n que puede utilizarse como registro seguro de su proceso a largo plazo .<\/p>\n<p>La Serie 6000 se adapta a una gran variedad de aplicaciones gracias a sus funciones de software vers\u00e1tiles y a sus opciones flexibles de E\/S, que se pueden agregar en cualquier momento. Un exclusivo \u00abmodo de prueba\u00bb elimina la incertidumbre sobre qu\u00e9 opciones hay que adquirir, ya que permite \u00abprobar antes de comprar\u00bb.<\/p>\n<h2>Pantalla t\u00e1ctil<\/h2>\n<p>La interfaz de la Serie 6000 es intuitiva y f\u00e1cil de usar, lo que garantiza una mayor productividad y un tiempo m\u00ednimo de aprendizaje. Adem\u00e1s incluye un teclado \u00abemergente\u00bb de tipo QWERTY para que resulte m\u00e1s f\u00e1cil introducir datos o mensajes. No hay complicadas combinaciones de botones: puede crear sus propios botones de operador en cualquier lugar de la pantalla. El uso de los men\u00fas intuitivos desplegables facilita la nevegaci\u00f3n.<\/p>\n<h2>Completas comunicaciones<\/h2>\n<p>La flexibilidad de las comunicaciones es esencial para las soluciones actuales en el exigente mercado global. Es posible acceder a la serie 6000 a trav\u00e9s de una red de \u00e1rea local, una conexi\u00f3n telef\u00f3nica, intranet o internet.<\/p>\n<h2>Datos protegidos y bajo control<\/h2>\n<p>Los datos que recoge para sus procesos o para cumplir los requisitos legales son su valor m\u00e1s preciado. La protecci\u00f3n incluye la ruta de auditor\u00eda para aplicaciones 21 CFR parte 11 y Nadcap, con inicios de sesi\u00f3n registrados y utilizaci\u00f3n de nombres de usuario y contrase\u00f1as \u00fanicas.<\/p>\n<h2>Entre las opciones est\u00e1n:<\/h2>\n<p>Versiones port\u00e1tiles<\/p>\n<p><strong>IDEAL PARA:<\/strong><\/p>\n<ul>\n<li>Aplicaciones de Ciencias de la vida seg\u00fan la norma 21 CFR parte 11<\/li>\n<li>Aplicaciones de tratamiento t\u00e9rmico seg\u00fan el est\u00e1ndar <a href=\"\/heat-treatment-solutions\/ams2750f-pyrometry-solutions\/\">AMS2750F<\/a><\/li>\n<li>Generaci\u00f3n el\u00e9ctrica<\/li>\n<li>Agua y depuradoras<\/li>\n<li>Esterilizadores y autoclaves<\/li>\n<\/ul>\n<p><strong>CARACTER\u00cdSTICAS:<\/strong><\/p>\n<ul>\n<li>Pantalla t\u00e1ctil VGA de 5,5&#8243; y \u00bc<\/li>\n<li>Pantalla t\u00e1ctil XGA de 12,1&#8243;<\/li>\n<li>Visualizaci\u00f3n gr\u00e1fica personalizable<\/li>\n<li>Visualizaci\u00f3n y configuraci\u00f3n a distancia<\/li>\n<li>Funciones por lotes<\/li>\n<li>Grabaci\u00f3n adaptativa<\/li>\n<li>Funciones matem\u00e1ticas<\/li>\n<li>Totalizadores, temporizadores y contadores<\/li>\n<li>Grupos<\/li>\n<li>Sincronizaci\u00f3n de la hora (SNTP)<\/li>\n<li>Ruta de auditor\u00eda<\/li>\n<li>Firmas electr\u00f3nicas<\/li>\n<li>Security Manager<\/li>\n<li>Cliente y servidor FTP<\/li>\n<li>Comunicaciones v\u00eda Ethernet<\/li>\n<li>Comunicaciones en serie<\/li>\n<li>Entradas de eventos<\/li>\n<li>Avisos por correo electr\u00f3nico\/SMS<\/li>\n<li>Servidor web<\/li>\n<\/ul>\n","protected":false},"excerpt":{"rendered":"<p>La serie 6000 A ofrece una precisi\u00f3n de entrada inigualable con una velocidad de muestreo total de 125 ms para un m\u00e1ximo de 48 canales de entrada.<\/p>\n","protected":false},"featured_media":6055,"template":"","meta":{"_acf_changed":false},"product_brand":[],"product_cat":[12705,12707,952,12708,12706],"product_tag":[],"class_list":{"0":"post-21163","1":"product","2":"type-product","3":"status-publish","4":"has-post-thumbnail","6":"industry-food-beverage-es-2","7":"industry-heat-treatment-es-2","8":"industry-life-sciences-es-2","9":"product_cat-furnaces-atmosphere-and-vacuum-es","10":"product_cat-heat-treat-products-es","11":"product_cat-productos-spain","12":"product_cat-registradores-y-adquisicion-de-datos","13":"product_cat-registradores-graficos","14":"product_shipping_class-1-es","16":"first","17":"instock","18":"purchasable","19":"product-type-simple"},"acf":[],"yoast_head":"<!-- This site is optimized with the Yoast SEO plugin v27.2 - https:\/\/yoast.com\/product\/yoast-seo-wordpress\/ -->\n<title>Videoregistradores 6100A\/6180A | Eurotherm Limited<\/title>\n<meta name=\"description\" content=\"Videoregistradores 6100A\/6180A | Registro seguro de datos Pantalla t\u00e1ctil a todo color de m\u00e1xima resoluci\u00f3n Hasta 48 canales\" \/>\n<meta name=\"robots\" content=\"index, follow, max-snippet:-1, max-image-preview:large, max-video-preview:-1\" \/>\n<meta property=\"og:locale\" content=\"es_ES\" \/>\n<meta property=\"og:type\" content=\"article\" \/>\n<meta property=\"og:title\" content=\"Videoregistradores 6100A\/6180A | Eurotherm Limited\" \/>\n<meta property=\"og:description\" content=\"Videoregistradores 6100A\/6180A | La serie 6000 A ofrece una precisi\u00f3n de entrada inigualable con una velocidad de muestreo total de 125 ms para un m\u00e1ximo de 48 canales de entrada.\" \/>\n<meta property=\"og:url\" content=\"https:\/\/www.eurotherm.com\/es\/products\/registradores-y-adquisicion-de-datos\/registradores-graficos\/6100a-6180a-paperless-graphic-recorder\/\" \/>\n<meta property=\"og:site_name\" content=\"Eurotherm Limited\" \/>\n<meta property=\"article:modified_time\" content=\"2025-05-07T16:00:20+00:00\" \/>\n<meta property=\"og:image\" content=\"https:\/\/www.eurotherm.com\/wp-content\/uploads\/2018\/10\/6000_series.jpg\" \/>\n\t<meta property=\"og:image:width\" content=\"500\" \/>\n\t<meta property=\"og:image:height\" content=\"500\" \/>\n\t<meta property=\"og:image:type\" content=\"image\/jpeg\" \/>\n<meta name=\"twitter:card\" content=\"summary_large_image\" \/>\n<meta name=\"twitter:label1\" content=\"Tiempo de lectura\" \/>\n\t<meta name=\"twitter:data1\" content=\"3 minutos\" \/>\n<script type=\"application\/ld+json\" class=\"yoast-schema-graph\">{\"@context\":\"https:\/\/schema.org\",\"@graph\":[{\"@type\":\"WebPage\",\"@id\":\"https:\/\/www.eurotherm.com\/es\/products\/registradores-y-adquisicion-de-datos\/registradores-graficos\/6100a-6180a-paperless-graphic-recorder\/\",\"url\":\"https:\/\/www.eurotherm.com\/es\/products\/registradores-y-adquisicion-de-datos\/registradores-graficos\/6100a-6180a-paperless-graphic-recorder\/\",\"name\":\"Videoregistradores 6100A\/6180A | Eurotherm Limited\",\"isPartOf\":{\"@id\":\"https:\/\/www.eurotherm.com\/es\/#website\"},\"primaryImageOfPage\":{\"@id\":\"https:\/\/www.eurotherm.com\/es\/products\/registradores-y-adquisicion-de-datos\/registradores-graficos\/6100a-6180a-paperless-graphic-recorder\/#primaryimage\"},\"image\":{\"@id\":\"https:\/\/www.eurotherm.com\/es\/products\/registradores-y-adquisicion-de-datos\/registradores-graficos\/6100a-6180a-paperless-graphic-recorder\/#primaryimage\"},\"thumbnailUrl\":\"https:\/\/www.eurotherm.com\/wp-content\/uploads\/2018\/10\/6000_series.jpg\",\"datePublished\":\"2018-10-15T08:49:41+00:00\",\"dateModified\":\"2025-05-07T16:00:20+00:00\",\"description\":\"Videoregistradores 6100A\/6180A | La serie 6000 A ofrece una precisi\u00f3n de entrada inigualable con una velocidad de muestreo total de 125 ms para un m\u00e1ximo de 48 canales de entrada.\",\"breadcrumb\":{\"@id\":\"https:\/\/www.eurotherm.com\/es\/products\/registradores-y-adquisicion-de-datos\/registradores-graficos\/6100a-6180a-paperless-graphic-recorder\/#breadcrumb\"},\"inLanguage\":\"es\",\"potentialAction\":[{\"@type\":\"ReadAction\",\"target\":[\"https:\/\/www.eurotherm.com\/es\/products\/registradores-y-adquisicion-de-datos\/registradores-graficos\/6100a-6180a-paperless-graphic-recorder\/\"]}]},{\"@type\":\"ImageObject\",\"inLanguage\":\"es\",\"@id\":\"https:\/\/www.eurotherm.com\/es\/products\/registradores-y-adquisicion-de-datos\/registradores-graficos\/6100a-6180a-paperless-graphic-recorder\/#primaryimage\",\"url\":\"https:\/\/www.eurotherm.com\/wp-content\/uploads\/2018\/10\/6000_series.jpg\",\"contentUrl\":\"https:\/\/www.eurotherm.com\/wp-content\/uploads\/2018\/10\/6000_series.jpg\",\"width\":500,\"height\":500},{\"@type\":\"BreadcrumbList\",\"@id\":\"https:\/\/www.eurotherm.com\/es\/products\/registradores-y-adquisicion-de-datos\/registradores-graficos\/6100a-6180a-paperless-graphic-recorder\/#breadcrumb\",\"itemListElement\":[{\"@type\":\"ListItem\",\"position\":1,\"name\":\"Home\",\"item\":\"https:\/\/www.eurotherm.com\/es\/\"},{\"@type\":\"ListItem\",\"position\":2,\"name\":\"Product Catalogue\",\"item\":\"https:\/\/www.eurotherm.com\/es\/product-catalogue\/\"},{\"@type\":\"ListItem\",\"position\":3,\"name\":\"Registradores y Adquisici\u00f3n de Datos\",\"item\":\"https:\/\/www.eurotherm.com\/es\/eurotherm-products\/registradores-y-adquisicion-de-datos\/\"},{\"@type\":\"ListItem\",\"position\":4,\"name\":\"Registradores gr\u00e1ficos\",\"item\":\"https:\/\/www.eurotherm.com\/es\/eurotherm-products\/registradores-y-adquisicion-de-datos\/registradores-graficos\/\"},{\"@type\":\"ListItem\",\"position\":5,\"name\":\"Videoregistradores 6100A\/6180A\"}]},{\"@type\":\"WebSite\",\"@id\":\"https:\/\/www.eurotherm.com\/es\/#website\",\"url\":\"https:\/\/www.eurotherm.com\/es\/\",\"name\":\"Eurotherm Limited\",\"description\":\"Temperature Control, Process Control, Measurement and Data Recording Solutions\",\"potentialAction\":[{\"@type\":\"SearchAction\",\"target\":{\"@type\":\"EntryPoint\",\"urlTemplate\":\"https:\/\/www.eurotherm.com\/es\/?s={search_term_string}\"},\"query-input\":{\"@type\":\"PropertyValueSpecification\",\"valueRequired\":true,\"valueName\":\"search_term_string\"}}],\"inLanguage\":\"es\"}]}<\/script>\n<!-- \/ Yoast SEO plugin. -->","yoast_head_json":{"title":"Videoregistradores 6100A\/6180A | Eurotherm Limited","description":"Videoregistradores 6100A\/6180A | Registro seguro de datos Pantalla t\u00e1ctil a todo color de m\u00e1xima resoluci\u00f3n Hasta 48 canales","robots":{"index":"index","follow":"follow","max-snippet":"max-snippet:-1","max-image-preview":"max-image-preview:large","max-video-preview":"max-video-preview:-1"},"og_locale":"es_ES","og_type":"article","og_title":"Videoregistradores 6100A\/6180A | Eurotherm Limited","og_description":"Videoregistradores 6100A\/6180A | La serie 6000 A ofrece una precisi\u00f3n de entrada inigualable con una velocidad de muestreo total de 125 ms para un m\u00e1ximo de 48 canales de entrada.","og_url":"https:\/\/www.eurotherm.com\/es\/products\/registradores-y-adquisicion-de-datos\/registradores-graficos\/6100a-6180a-paperless-graphic-recorder\/","og_site_name":"Eurotherm Limited","article_modified_time":"2025-05-07T16:00:20+00:00","og_image":[{"width":500,"height":500,"url":"https:\/\/www.eurotherm.com\/wp-content\/uploads\/2018\/10\/6000_series.jpg","type":"image\/jpeg"}],"twitter_card":"summary_large_image","twitter_misc":{"Tiempo de lectura":"3 minutos"},"schema":{"@context":"https:\/\/schema.org","@graph":[{"@type":"WebPage","@id":"https:\/\/www.eurotherm.com\/es\/products\/registradores-y-adquisicion-de-datos\/registradores-graficos\/6100a-6180a-paperless-graphic-recorder\/","url":"https:\/\/www.eurotherm.com\/es\/products\/registradores-y-adquisicion-de-datos\/registradores-graficos\/6100a-6180a-paperless-graphic-recorder\/","name":"Videoregistradores 6100A\/6180A | Eurotherm Limited","isPartOf":{"@id":"https:\/\/www.eurotherm.com\/es\/#website"},"primaryImageOfPage":{"@id":"https:\/\/www.eurotherm.com\/es\/products\/registradores-y-adquisicion-de-datos\/registradores-graficos\/6100a-6180a-paperless-graphic-recorder\/#primaryimage"},"image":{"@id":"https:\/\/www.eurotherm.com\/es\/products\/registradores-y-adquisicion-de-datos\/registradores-graficos\/6100a-6180a-paperless-graphic-recorder\/#primaryimage"},"thumbnailUrl":"https:\/\/www.eurotherm.com\/wp-content\/uploads\/2018\/10\/6000_series.jpg","datePublished":"2018-10-15T08:49:41+00:00","dateModified":"2025-05-07T16:00:20+00:00","description":"Videoregistradores 6100A\/6180A | La serie 6000 A ofrece una precisi\u00f3n de entrada inigualable con una velocidad de muestreo total de 125 ms para un m\u00e1ximo de 48 canales de entrada.","breadcrumb":{"@id":"https:\/\/www.eurotherm.com\/es\/products\/registradores-y-adquisicion-de-datos\/registradores-graficos\/6100a-6180a-paperless-graphic-recorder\/#breadcrumb"},"inLanguage":"es","potentialAction":[{"@type":"ReadAction","target":["https:\/\/www.eurotherm.com\/es\/products\/registradores-y-adquisicion-de-datos\/registradores-graficos\/6100a-6180a-paperless-graphic-recorder\/"]}]},{"@type":"ImageObject","inLanguage":"es","@id":"https:\/\/www.eurotherm.com\/es\/products\/registradores-y-adquisicion-de-datos\/registradores-graficos\/6100a-6180a-paperless-graphic-recorder\/#primaryimage","url":"https:\/\/www.eurotherm.com\/wp-content\/uploads\/2018\/10\/6000_series.jpg","contentUrl":"https:\/\/www.eurotherm.com\/wp-content\/uploads\/2018\/10\/6000_series.jpg","width":500,"height":500},{"@type":"BreadcrumbList","@id":"https:\/\/www.eurotherm.com\/es\/products\/registradores-y-adquisicion-de-datos\/registradores-graficos\/6100a-6180a-paperless-graphic-recorder\/#breadcrumb","itemListElement":[{"@type":"ListItem","position":1,"name":"Home","item":"https:\/\/www.eurotherm.com\/es\/"},{"@type":"ListItem","position":2,"name":"Product Catalogue","item":"https:\/\/www.eurotherm.com\/es\/product-catalogue\/"},{"@type":"ListItem","position":3,"name":"Registradores y Adquisici\u00f3n de Datos","item":"https:\/\/www.eurotherm.com\/es\/eurotherm-products\/registradores-y-adquisicion-de-datos\/"},{"@type":"ListItem","position":4,"name":"Registradores gr\u00e1ficos","item":"https:\/\/www.eurotherm.com\/es\/eurotherm-products\/registradores-y-adquisicion-de-datos\/registradores-graficos\/"},{"@type":"ListItem","position":5,"name":"Videoregistradores 6100A\/6180A"}]},{"@type":"WebSite","@id":"https:\/\/www.eurotherm.com\/es\/#website","url":"https:\/\/www.eurotherm.com\/es\/","name":"Eurotherm Limited","description":"Temperature Control, Process Control, Measurement and Data Recording Solutions","potentialAction":[{"@type":"SearchAction","target":{"@type":"EntryPoint","urlTemplate":"https:\/\/www.eurotherm.com\/es\/?s={search_term_string}"},"query-input":{"@type":"PropertyValueSpecification","valueRequired":true,"valueName":"search_term_string"}}],"inLanguage":"es"}]}},"ACF":{"product_file":[126577,126576,126575,123059,97238,29386,27454,27116,28188,27923,27928,27594,27595,27593,28506,27143,28954,29384,27092,27117,27120,27130,27131,27129,26594,27132,27473,27497,27498,27584,27942,27866,28557,27088,29382,27084,27086,27099,89076,83059,98003,105978,137170,139290,157328,157327],"product_status":"Active Product","enable_watlow_configurator":true,"watlow_product_type":"Multiple","watlow_configurator_links":[{"watlow_name":"6100A 5.5\" Display","watlow_link":"https:\/\/www.watlow.com\/Products\/Controllers\/Eurotherm\/6100a-6180a-paperless-graphic-recorder?econfig=6100A"},{"watlow_name":"6180A 12.1\" Display","watlow_link":"https:\/\/www.watlow.com\/Products\/Controllers\/Eurotherm\/6100a-6180a-paperless-graphic-recorder?econfig=6180A"}]},"jetpack_sharing_enabled":true,"_links":{"self":[{"href":"https:\/\/www.eurotherm.com\/es\/wp-json\/wp\/v2\/product\/21163","targetHints":{"allow":["GET"]}}],"collection":[{"href":"https:\/\/www.eurotherm.com\/es\/wp-json\/wp\/v2\/product"}],"about":[{"href":"https:\/\/www.eurotherm.com\/es\/wp-json\/wp\/v2\/types\/product"}],"wp:featuredmedia":[{"embeddable":true,"href":"https:\/\/www.eurotherm.com\/es\/wp-json\/wp\/v2\/media\/6055"}],"wp:attachment":[{"href":"https:\/\/www.eurotherm.com\/es\/wp-json\/wp\/v2\/media?parent=21163"}],"wp:term":[{"taxonomy":"product_brand","embeddable":true,"href":"https:\/\/www.eurotherm.com\/es\/wp-json\/wp\/v2\/product_brand?post=21163"},{"taxonomy":"product_cat","embeddable":true,"href":"https:\/\/www.eurotherm.com\/es\/wp-json\/wp\/v2\/product_cat?post=21163"},{"taxonomy":"product_tag","embeddable":true,"href":"https:\/\/www.eurotherm.com\/es\/wp-json\/wp\/v2\/product_tag?post=21163"}],"curies":[{"name":"wp","href":"https:\/\/api.w.org\/{rel}","templated":true}]}}