{"id":21162,"date":"2018-10-15T08:49:41","date_gmt":"2018-10-15T08:49:41","guid":{"rendered":"https:\/\/www.eurotherm.com\/product\/videoregistradores-6000xio\/"},"modified":"2023-08-22T17:35:41","modified_gmt":"2023-08-22T09:35:41","slug":"6000xio-distributed-graphic-recorders","status":"publish","type":"product","link":"https:\/\/www.eurotherm.com\/es\/products\/registradores-y-adquisicion-de-datos\/registradores-graficos\/6000xio-distributed-graphic-recorders\/","title":{"rendered":"Videoregistradores 6000XIO"},"content":{"rendered":"<ul>\n<li>Opciones de pantallas XGA de 12,1&#8243; y VGA de 5,5&#8243; y \u00bc<\/li>\n<li>Visualizaci\u00f3n y configuraci\u00f3n a distancia<\/li>\n<li>Almacenamiento de datos en memoria flash integrada de 32 MB<\/li>\n<li>Modbus Master<\/li>\n<li>Funciones de lotes<\/li>\n<li>Pantallas t\u00e1ctiles en color de 16 bits<\/li>\n<li>Visualizaci\u00f3n gr\u00e1fica personalizable<\/li>\n<\/ul>\n<p>Cada instrumento 6000XIO tiene una intuitiva pantalla t\u00e1ctil que permite a los operarios visualizar con claridad los datos de proceso en diferentes formatos. Todos ellos est\u00e1n equipados con almacenamiento de datos en la memoria flash integrada, comunicaciones Ethernet y tarjetas CF para el archivado de datos. Los datos se almacenan en un formato binario a prueba de manipulaci\u00f3n que puede utilizarse a modo de registro seguro y a largo plazo de su proceso. El 6000XIO est\u00e1 dise\u00f1ado para un mundo conectado; es posible acceder al instrumento a trav\u00e9s de una red de \u00e1rea local, una conexi\u00f3n telef\u00f3nica, intranet o internet.<\/p>\n<h2>Registro y archivado de datos<\/h2>\n<p>Los registradores 6000XIO tienen una memoria flash interna para almacenar datos de forma segura. Tambi\u00e9n aceptan diferentes tipos de soportes extra\u00edbles (tarjetas CF o unidades de memoria USB). Los datos almacenados en la memoria interna pueden archivarse en soportes extra\u00edbles bajo demanda o a intervalos predefinidos. El 6000XIO informa de cu\u00e1nto durar\u00e1 su memoria interna y el soporte extra\u00edble instalado en funci\u00f3n de la configuraci\u00f3n del registrador.<\/p>\n<p>Todos los 6000XIO tienen comunicaciones v\u00eda Ethernet. Pueden configurarse para archivar en el soporte extra\u00edble y\/o a trav\u00e9s de Ethernet. Almacenar los archivos a trav\u00e9s de Ethernet proporciona una capacidad infinita de archivado seguro.<\/p>\n<p><strong>IDEAL PARA:<\/strong><\/p>\n<ul>\n<li>Aplicaciones de supervisi\u00f3n a distancia<\/li>\n<li>Soluciones de agua y depuradoras<\/li>\n<li>Distribuci\u00f3n de suministros<\/li>\n<li>Generaci\u00f3n el\u00e9ctrica<\/li>\n<li>Aplicaciones seg\u00fan 21 CFR parte 11<\/li>\n<li>Aplicaciones seg\u00fan <a href=\"\/heat-treatment-solutions\/ams2750f-pyrometry-solutions\/\">AMS2750F<\/a>\/Nadcap<\/li>\n<\/ul>\n<p><strong>CARACTER\u00cdSTICAS:<\/strong><\/p>\n<ul>\n<li>Modbus master<\/li>\n<li>Ethernet TCP\/IP<\/li>\n<li>Comunicaci\u00f3n en serie<\/li>\n<li>Hasta 176 canales de comunicaciones<\/li>\n<li>Funciones de lotes<\/li>\n<li>Ruta de auditor\u00eda<\/li>\n<li>Cuentas de usuario individuales<\/li>\n<li>Protecci\u00f3n mediante contrase\u00f1a software<\/li>\n<li>Conectores USB \u00abconectar y listo\u00bb<\/li>\n<li>Servidor web<\/li>\n<li>Cuatro alarmas por canal<\/li>\n<li>24 visualizaciones personalizadas<\/li>\n<li>Hasta 32 unidades esclavas Modbus<\/li>\n<\/ul>\n","protected":false},"excerpt":{"rendered":"<p>Cada instrumento 6000XIO tiene una intuitiva pantalla t\u00e1ctil que permite a los operarios visualizar con claridad los datos de proceso en diferentes formatos. Todos ellos est\u00e1n equipados con almacenamiento de datos en la memoria flash integrada, comunicaciones Ethernet y tarjetas CF para el archivado de datos.<\/p>\n","protected":false},"featured_media":6069,"template":"","meta":{"_acf_changed":false},"product_brand":[],"product_cat":[12705,12707,952,12708,12706],"product_tag":[],"class_list":{"0":"post-21162","1":"product","2":"type-product","3":"status-publish","4":"has-post-thumbnail","6":"product_cat-furnaces-atmosphere-and-vacuum-es","7":"product_cat-heat-treat-products-es","8":"product_cat-productos-spain","9":"product_cat-registradores-y-adquisicion-de-datos","10":"product_cat-registradores-graficos","11":"product_shipping_class-1-es","13":"first","14":"instock","15":"purchasable","16":"product-type-simple"},"acf":[],"yoast_head":"<!-- This site is optimized with the Yoast SEO plugin v27.2 - https:\/\/yoast.com\/product\/yoast-seo-wordpress\/ -->\n<title>Videoregistradores 6000XIO | Eurotherm Limited<\/title>\n<meta name=\"description\" content=\"Videoregistradores 6000XIO | Opciones de pantallas XGA de 12,1&quot; y VGA de 5,5&quot; y \u00bc Visualizaci\u00f3n y configuraci\u00f3n a distancia\" \/>\n<meta name=\"robots\" content=\"index, follow, max-snippet:-1, max-image-preview:large, max-video-preview:-1\" \/>\n<meta property=\"og:locale\" content=\"es_ES\" \/>\n<meta property=\"og:type\" content=\"article\" \/>\n<meta property=\"og:title\" content=\"Videoregistradores 6000XIO | Eurotherm Limited\" \/>\n<meta property=\"og:description\" content=\"Videoregistradores 6000XIO | Cada instrumento 6000XIO tiene una intuitiva pantalla t\u00e1ctil que permite a los operarios visualizar con claridad los datos de proceso en diferentes formatos. Todos ellos est\u00e1n equipados con almacenamiento de datos en la memoria flash integrada, comunicaciones Ethernet y tarjetas CF para el archivado de datos.\" \/>\n<meta property=\"og:url\" content=\"https:\/\/www.eurotherm.com\/es\/products\/registradores-y-adquisicion-de-datos\/registradores-graficos\/6000xio-distributed-graphic-recorders\/\" \/>\n<meta property=\"og:site_name\" content=\"Eurotherm Limited\" \/>\n<meta property=\"article:modified_time\" content=\"2023-08-22T09:35:41+00:00\" \/>\n<meta property=\"og:image\" content=\"https:\/\/www.eurotherm.com\/wp-content\/uploads\/2018\/10\/6000xio.jpg\" \/>\n\t<meta property=\"og:image:width\" content=\"500\" \/>\n\t<meta property=\"og:image:height\" content=\"500\" \/>\n\t<meta property=\"og:image:type\" content=\"image\/jpeg\" \/>\n<meta name=\"twitter:card\" content=\"summary_large_image\" \/>\n<meta name=\"twitter:label1\" content=\"Tiempo de lectura\" \/>\n\t<meta name=\"twitter:data1\" content=\"2 minutos\" \/>\n<script type=\"application\/ld+json\" class=\"yoast-schema-graph\">{\"@context\":\"https:\/\/schema.org\",\"@graph\":[{\"@type\":\"WebPage\",\"@id\":\"https:\/\/www.eurotherm.com\/es\/products\/registradores-y-adquisicion-de-datos\/registradores-graficos\/6000xio-distributed-graphic-recorders\/\",\"url\":\"https:\/\/www.eurotherm.com\/es\/products\/registradores-y-adquisicion-de-datos\/registradores-graficos\/6000xio-distributed-graphic-recorders\/\",\"name\":\"Videoregistradores 6000XIO | Eurotherm Limited\",\"isPartOf\":{\"@id\":\"https:\/\/www.eurotherm.com\/es\/#website\"},\"primaryImageOfPage\":{\"@id\":\"https:\/\/www.eurotherm.com\/es\/products\/registradores-y-adquisicion-de-datos\/registradores-graficos\/6000xio-distributed-graphic-recorders\/#primaryimage\"},\"image\":{\"@id\":\"https:\/\/www.eurotherm.com\/es\/products\/registradores-y-adquisicion-de-datos\/registradores-graficos\/6000xio-distributed-graphic-recorders\/#primaryimage\"},\"thumbnailUrl\":\"https:\/\/www.eurotherm.com\/wp-content\/uploads\/2018\/10\/6000xio.jpg\",\"datePublished\":\"2018-10-15T08:49:41+00:00\",\"dateModified\":\"2023-08-22T09:35:41+00:00\",\"description\":\"Videoregistradores 6000XIO | Cada instrumento 6000XIO tiene una intuitiva pantalla t\u00e1ctil que permite a los operarios visualizar con claridad los datos de proceso en diferentes formatos. Todos ellos est\u00e1n equipados con almacenamiento de datos en la memoria flash integrada, comunicaciones Ethernet y tarjetas CF para el archivado de datos.\",\"breadcrumb\":{\"@id\":\"https:\/\/www.eurotherm.com\/es\/products\/registradores-y-adquisicion-de-datos\/registradores-graficos\/6000xio-distributed-graphic-recorders\/#breadcrumb\"},\"inLanguage\":\"es\",\"potentialAction\":[{\"@type\":\"ReadAction\",\"target\":[\"https:\/\/www.eurotherm.com\/es\/products\/registradores-y-adquisicion-de-datos\/registradores-graficos\/6000xio-distributed-graphic-recorders\/\"]}]},{\"@type\":\"ImageObject\",\"inLanguage\":\"es\",\"@id\":\"https:\/\/www.eurotherm.com\/es\/products\/registradores-y-adquisicion-de-datos\/registradores-graficos\/6000xio-distributed-graphic-recorders\/#primaryimage\",\"url\":\"https:\/\/www.eurotherm.com\/wp-content\/uploads\/2018\/10\/6000xio.jpg\",\"contentUrl\":\"https:\/\/www.eurotherm.com\/wp-content\/uploads\/2018\/10\/6000xio.jpg\",\"width\":500,\"height\":500},{\"@type\":\"BreadcrumbList\",\"@id\":\"https:\/\/www.eurotherm.com\/es\/products\/registradores-y-adquisicion-de-datos\/registradores-graficos\/6000xio-distributed-graphic-recorders\/#breadcrumb\",\"itemListElement\":[{\"@type\":\"ListItem\",\"position\":1,\"name\":\"Home\",\"item\":\"https:\/\/www.eurotherm.com\/es\/\"},{\"@type\":\"ListItem\",\"position\":2,\"name\":\"Product Catalogue\",\"item\":\"https:\/\/www.eurotherm.com\/es\/product-catalogue\/\"},{\"@type\":\"ListItem\",\"position\":3,\"name\":\"Registradores y Adquisici\u00f3n de Datos\",\"item\":\"https:\/\/www.eurotherm.com\/es\/eurotherm-products\/registradores-y-adquisicion-de-datos\/\"},{\"@type\":\"ListItem\",\"position\":4,\"name\":\"Registradores gr\u00e1ficos\",\"item\":\"https:\/\/www.eurotherm.com\/es\/eurotherm-products\/registradores-y-adquisicion-de-datos\/registradores-graficos\/\"},{\"@type\":\"ListItem\",\"position\":5,\"name\":\"Videoregistradores 6000XIO\"}]},{\"@type\":\"WebSite\",\"@id\":\"https:\/\/www.eurotherm.com\/es\/#website\",\"url\":\"https:\/\/www.eurotherm.com\/es\/\",\"name\":\"Eurotherm Limited\",\"description\":\"Temperature Control, Process Control, Measurement and Data Recording Solutions\",\"potentialAction\":[{\"@type\":\"SearchAction\",\"target\":{\"@type\":\"EntryPoint\",\"urlTemplate\":\"https:\/\/www.eurotherm.com\/es\/?s={search_term_string}\"},\"query-input\":{\"@type\":\"PropertyValueSpecification\",\"valueRequired\":true,\"valueName\":\"search_term_string\"}}],\"inLanguage\":\"es\"}]}<\/script>\n<!-- \/ Yoast SEO plugin. -->","yoast_head_json":{"title":"Videoregistradores 6000XIO | Eurotherm Limited","description":"Videoregistradores 6000XIO | Opciones de pantallas XGA de 12,1\" y VGA de 5,5\" y \u00bc Visualizaci\u00f3n y configuraci\u00f3n a distancia","robots":{"index":"index","follow":"follow","max-snippet":"max-snippet:-1","max-image-preview":"max-image-preview:large","max-video-preview":"max-video-preview:-1"},"og_locale":"es_ES","og_type":"article","og_title":"Videoregistradores 6000XIO | Eurotherm Limited","og_description":"Videoregistradores 6000XIO | Cada instrumento 6000XIO tiene una intuitiva pantalla t\u00e1ctil que permite a los operarios visualizar con claridad los datos de proceso en diferentes formatos. Todos ellos est\u00e1n equipados con almacenamiento de datos en la memoria flash integrada, comunicaciones Ethernet y tarjetas CF para el archivado de datos.","og_url":"https:\/\/www.eurotherm.com\/es\/products\/registradores-y-adquisicion-de-datos\/registradores-graficos\/6000xio-distributed-graphic-recorders\/","og_site_name":"Eurotherm Limited","article_modified_time":"2023-08-22T09:35:41+00:00","og_image":[{"width":500,"height":500,"url":"https:\/\/www.eurotherm.com\/wp-content\/uploads\/2018\/10\/6000xio.jpg","type":"image\/jpeg"}],"twitter_card":"summary_large_image","twitter_misc":{"Tiempo de lectura":"2 minutos"},"schema":{"@context":"https:\/\/schema.org","@graph":[{"@type":"WebPage","@id":"https:\/\/www.eurotherm.com\/es\/products\/registradores-y-adquisicion-de-datos\/registradores-graficos\/6000xio-distributed-graphic-recorders\/","url":"https:\/\/www.eurotherm.com\/es\/products\/registradores-y-adquisicion-de-datos\/registradores-graficos\/6000xio-distributed-graphic-recorders\/","name":"Videoregistradores 6000XIO | Eurotherm Limited","isPartOf":{"@id":"https:\/\/www.eurotherm.com\/es\/#website"},"primaryImageOfPage":{"@id":"https:\/\/www.eurotherm.com\/es\/products\/registradores-y-adquisicion-de-datos\/registradores-graficos\/6000xio-distributed-graphic-recorders\/#primaryimage"},"image":{"@id":"https:\/\/www.eurotherm.com\/es\/products\/registradores-y-adquisicion-de-datos\/registradores-graficos\/6000xio-distributed-graphic-recorders\/#primaryimage"},"thumbnailUrl":"https:\/\/www.eurotherm.com\/wp-content\/uploads\/2018\/10\/6000xio.jpg","datePublished":"2018-10-15T08:49:41+00:00","dateModified":"2023-08-22T09:35:41+00:00","description":"Videoregistradores 6000XIO | Cada instrumento 6000XIO tiene una intuitiva pantalla t\u00e1ctil que permite a los operarios visualizar con claridad los datos de proceso en diferentes formatos. Todos ellos est\u00e1n equipados con almacenamiento de datos en la memoria flash integrada, comunicaciones Ethernet y tarjetas CF para el archivado de datos.","breadcrumb":{"@id":"https:\/\/www.eurotherm.com\/es\/products\/registradores-y-adquisicion-de-datos\/registradores-graficos\/6000xio-distributed-graphic-recorders\/#breadcrumb"},"inLanguage":"es","potentialAction":[{"@type":"ReadAction","target":["https:\/\/www.eurotherm.com\/es\/products\/registradores-y-adquisicion-de-datos\/registradores-graficos\/6000xio-distributed-graphic-recorders\/"]}]},{"@type":"ImageObject","inLanguage":"es","@id":"https:\/\/www.eurotherm.com\/es\/products\/registradores-y-adquisicion-de-datos\/registradores-graficos\/6000xio-distributed-graphic-recorders\/#primaryimage","url":"https:\/\/www.eurotherm.com\/wp-content\/uploads\/2018\/10\/6000xio.jpg","contentUrl":"https:\/\/www.eurotherm.com\/wp-content\/uploads\/2018\/10\/6000xio.jpg","width":500,"height":500},{"@type":"BreadcrumbList","@id":"https:\/\/www.eurotherm.com\/es\/products\/registradores-y-adquisicion-de-datos\/registradores-graficos\/6000xio-distributed-graphic-recorders\/#breadcrumb","itemListElement":[{"@type":"ListItem","position":1,"name":"Home","item":"https:\/\/www.eurotherm.com\/es\/"},{"@type":"ListItem","position":2,"name":"Product Catalogue","item":"https:\/\/www.eurotherm.com\/es\/product-catalogue\/"},{"@type":"ListItem","position":3,"name":"Registradores y Adquisici\u00f3n de Datos","item":"https:\/\/www.eurotherm.com\/es\/eurotherm-products\/registradores-y-adquisicion-de-datos\/"},{"@type":"ListItem","position":4,"name":"Registradores gr\u00e1ficos","item":"https:\/\/www.eurotherm.com\/es\/eurotherm-products\/registradores-y-adquisicion-de-datos\/registradores-graficos\/"},{"@type":"ListItem","position":5,"name":"Videoregistradores 6000XIO"}]},{"@type":"WebSite","@id":"https:\/\/www.eurotherm.com\/es\/#website","url":"https:\/\/www.eurotherm.com\/es\/","name":"Eurotherm Limited","description":"Temperature Control, Process Control, Measurement and Data Recording Solutions","potentialAction":[{"@type":"SearchAction","target":{"@type":"EntryPoint","urlTemplate":"https:\/\/www.eurotherm.com\/es\/?s={search_term_string}"},"query-input":{"@type":"PropertyValueSpecification","valueRequired":true,"valueName":"search_term_string"}}],"inLanguage":"es"}]}},"ACF":{"product_file":[126577,126576,126575,97238,27454,27935,27143,27142,28954,29384,27144,27145,27097,27942,27866,27943,27939,29247,27497,27584,29382,27084,27086,83059,27098,27087,83669,83898,105978,27099,137178,139288],"product_status":"Active Product","enable_watlow_configurator":true,"watlow_product_type":"Multiple","watlow_configurator_links":[{"watlow_name":"6100XIO 5.5\" Display","watlow_link":"https:\/\/www.watlow.com\/Products\/Controllers\/Eurotherm\/6000xio-distributed-graphic-recorders?econfig=6100XIO"},{"watlow_name":"6180XIO 12.1\" Display","watlow_link":"https:\/\/www.watlow.com\/Products\/Controllers\/Eurotherm\/6000xio-distributed-graphic-recorders?econfig=6180XIO"}]},"jetpack_sharing_enabled":true,"_links":{"self":[{"href":"https:\/\/www.eurotherm.com\/es\/wp-json\/wp\/v2\/product\/21162","targetHints":{"allow":["GET"]}}],"collection":[{"href":"https:\/\/www.eurotherm.com\/es\/wp-json\/wp\/v2\/product"}],"about":[{"href":"https:\/\/www.eurotherm.com\/es\/wp-json\/wp\/v2\/types\/product"}],"wp:featuredmedia":[{"embeddable":true,"href":"https:\/\/www.eurotherm.com\/es\/wp-json\/wp\/v2\/media\/6069"}],"wp:attachment":[{"href":"https:\/\/www.eurotherm.com\/es\/wp-json\/wp\/v2\/media?parent=21162"}],"wp:term":[{"taxonomy":"product_brand","embeddable":true,"href":"https:\/\/www.eurotherm.com\/es\/wp-json\/wp\/v2\/product_brand?post=21162"},{"taxonomy":"product_cat","embeddable":true,"href":"https:\/\/www.eurotherm.com\/es\/wp-json\/wp\/v2\/product_cat?post=21162"},{"taxonomy":"product_tag","embeddable":true,"href":"https:\/\/www.eurotherm.com\/es\/wp-json\/wp\/v2\/product_tag?post=21162"}],"curies":[{"name":"wp","href":"https:\/\/api.w.org\/{rel}","templated":true}]}}