{"id":21146,"date":"2018-10-15T08:51:33","date_gmt":"2018-10-15T08:51:33","guid":{"rendered":"https:\/\/www.eurotherm.com\/product\/supervisores-visuales-eycon-20-y-eycon-10\/"},"modified":"2023-09-21T22:33:55","modified_gmt":"2023-09-21T14:33:55","slug":"eycon-10-20-visual-supervisor","status":"publish","type":"product","link":"https:\/\/www.eurotherm.com\/es\/products\/control-maquina-proceso-plc-y-pac\/hardware-pac\/eycon-10-20-visual-supervisor\/","title":{"rendered":"Supervisores visuales Eycon\u2122 20 y Eycon 10"},"content":{"rendered":"<ul>\n<li>Pantalla t\u00e1ctil en color<\/li>\n<li>Control continuo y secuencial<\/li>\n<li>Teclas de funci\u00f3n configurables por el usuario<\/li>\n<li>Programaci\u00f3n de m\u00faltiples puntos de consigna<\/li>\n<li>Control de lotes<\/li>\n<li>Gesti\u00f3n de recetas<\/li>\n<li>Rutas de auditor\u00eda<\/li>\n<li>Gran archivo de datos interno (46 MB)<\/li>\n<li>Registro seguro<\/li>\n<li>Gesti\u00f3n de alarmas\/eventos<\/li>\n<li>Compatibilidad con USB<\/li>\n<li>Comunicaciones punto a punto<\/li>\n<li>Maestro\/esclavo Modbus (serie o TCP)<\/li>\n<li>Ethernet 10\/100 Mb\/s<\/li>\n<\/ul>\n<p>La serie Eycon\u2122 de supervisores visuales ofrece m\u00faltiples funciones avanzadas de control, registro y visualizaci\u00f3n, combinando en una sola unidad toda la experiencia en control, adquisici\u00f3n de datos y automatizaci\u00f3n de procesos.<\/p>\n<p>Los Eycon 20 (XGA de 12,1 pulg.) y Eycon 10 (VGA de 5,5 pulg. y \u00bc) ofrecen pantallas TFT en color que permiten realizar control continuo, secuencial y l\u00f3gico mediante una unidad compacta.<\/p>\n<p>La tecnolog\u00eda de los supervisores visuales Eycon ofrece toda la funcionalidad necesaria para el total control de un proceso. Sus avanzadas prestaciones hacen que el supervisor visual Eycon funcione en la pr\u00e1ctica como un mini DCS, con toda la eficiencia y econom\u00eda de un sistema integrado en una sola unidad y la flexibilidad necesaria para ser un componente importante dentro de un sistema mayor.<\/p>\n<p>Los supervisores visuales Eycon utilizados como parte de un sistema mayor ofrecen comunicaciones P2P (Peer-to-Peer) a trav\u00e9s de Ethernet (ELIN), reduciendo as\u00ed los costes de ingenier\u00eda y aumentando la disponibilidad del sistema. Est\u00e1n dise\u00f1ados para reducir los costes de configuraci\u00f3n, integraci\u00f3n, instalaci\u00f3n y conexi\u00f3n, as\u00ed como para elevar los niveles de calidad y eficiencia gracias a su precisi\u00f3n de control. La versatilidad de los supervisores visuales Eycon los convierte en la opci\u00f3n ideal para una gran variedad de aplicaciones, como reactores qu\u00edmicos\/farmac\u00e9uticos, hornos de vidrio, hornos para tratamientos t\u00e9rmicos de m\u00faltiples zonas, sistemas de extrusi\u00f3n y moldeado por inyecci\u00f3n, sistemas de control de lotes, supervisi\u00f3n ambiental, sistemas de gesti\u00f3n de edificios y muchas otras.<\/p>\n<p>&nbsp;<\/p>\n<p><strong>IDEAL PARA:<\/strong><\/p>\n<ul>\n<li>Automatizaci\u00f3n de procesos<\/li>\n<li>Control multifunci\u00f3n<\/li>\n<li>Registro de procesos<\/li>\n<li>Visualizaci\u00f3n de procesos<\/li>\n<li>Reactores farmac\u00e9uticos\/qu\u00edmicos<\/li>\n<li>Hornos de vidrio<\/li>\n<li>Hornos de tratamiento t\u00e9rmico multizona<\/li>\n<li>Moldeado por inyecci\u00f3n<\/li>\n<li>Extrusi\u00f3n<\/li>\n<li>Control medioambiental<\/li>\n<li>Sistemas de gesti\u00f3n de edificios<\/li>\n<\/ul>\n","protected":false},"excerpt":{"rendered":"<h2>Combine control multifunci\u00f3n, registro y visualizaci\u00f3n en una sola unidad de administraci\u00f3n de procesos.<\/h2>\n<p>La serie Eycon\u2122 de supervisores visuales ofrece m\u00faltiples funciones avanzadas de control, registro y visualizaci\u00f3n, combinando en una sola unidad toda la experiencia en control, adquisici\u00f3n de datos y automatizaci\u00f3n de procesos.<\/p>\n","protected":false},"featured_media":7483,"template":"","meta":{"_acf_changed":false},"product_brand":[],"product_cat":[12724,12725,12726,952],"product_tag":[],"class_list":{"0":"post-21146","1":"product","2":"type-product","3":"status-publish","4":"has-post-thumbnail","6":"product_cat-control-maquina-proceso-plc-y-pac","7":"product_cat-hardware-pac","8":"product_cat-plc-and-pac-es","9":"product_cat-productos-spain","10":"product_shipping_class-1-es","12":"first","13":"instock","14":"purchasable","15":"product-type-simple"},"acf":[],"yoast_head":"<!-- This site is optimized with the Yoast SEO plugin v27.2 - https:\/\/yoast.com\/product\/yoast-seo-wordpress\/ -->\n<title>Supervisores visuales Eycon\u2122 20 y Eycon 10 | Eurotherm Limited<\/title>\n<meta name=\"description\" content=\"Supervisores visuales Eycon\u2122 20 y Eycon 10 | Pantalla t\u00e1ctil en color Control continuo y secuencial Teclas de funci\u00f3n config\" \/>\n<meta name=\"robots\" content=\"index, follow, max-snippet:-1, max-image-preview:large, max-video-preview:-1\" \/>\n<meta property=\"og:locale\" content=\"es_ES\" \/>\n<meta property=\"og:type\" content=\"article\" \/>\n<meta property=\"og:title\" content=\"Supervisores visuales Eycon\u2122 20 y Eycon 10 | Eurotherm Limited\" \/>\n<meta property=\"og:description\" content=\"Supervisores visuales Eycon\u2122 20 y Eycon 10 | Combine control multifunci\u00f3n, registro y visualizaci\u00f3n en una sola unidad de administraci\u00f3n de procesos. La serie Eycon\u2122 de supervisores visuales ofrece m\u00faltiples funciones avanzadas de control, registro y visualizaci\u00f3n, combinando en una sola unidad toda la experiencia en control, adquisici\u00f3n de datos y automatizaci\u00f3n de procesos.\" \/>\n<meta property=\"og:url\" content=\"https:\/\/www.eurotherm.com\/es\/products\/control-maquina-proceso-plc-y-pac\/hardware-pac\/eycon-10-20-visual-supervisor\/\" \/>\n<meta property=\"og:site_name\" content=\"Eurotherm Limited\" \/>\n<meta property=\"article:modified_time\" content=\"2023-09-21T14:33:55+00:00\" \/>\n<meta property=\"og:image\" content=\"https:\/\/www.eurotherm.com\/wp-content\/uploads\/2018\/10\/Eycon_10_20.jpg\" \/>\n\t<meta property=\"og:image:width\" content=\"500\" \/>\n\t<meta property=\"og:image:height\" content=\"500\" \/>\n\t<meta property=\"og:image:type\" content=\"image\/jpeg\" \/>\n<meta name=\"twitter:card\" content=\"summary_large_image\" \/>\n<meta name=\"twitter:label1\" content=\"Tiempo de lectura\" \/>\n\t<meta name=\"twitter:data1\" content=\"2 minutos\" \/>\n<script type=\"application\/ld+json\" class=\"yoast-schema-graph\">{\"@context\":\"https:\/\/schema.org\",\"@graph\":[{\"@type\":\"WebPage\",\"@id\":\"https:\/\/www.eurotherm.com\/es\/products\/control-maquina-proceso-plc-y-pac\/hardware-pac\/eycon-10-20-visual-supervisor\/\",\"url\":\"https:\/\/www.eurotherm.com\/es\/products\/control-maquina-proceso-plc-y-pac\/hardware-pac\/eycon-10-20-visual-supervisor\/\",\"name\":\"Supervisores visuales Eycon\u2122 20 y Eycon 10 | Eurotherm Limited\",\"isPartOf\":{\"@id\":\"https:\/\/www.eurotherm.com\/es\/#website\"},\"primaryImageOfPage\":{\"@id\":\"https:\/\/www.eurotherm.com\/es\/products\/control-maquina-proceso-plc-y-pac\/hardware-pac\/eycon-10-20-visual-supervisor\/#primaryimage\"},\"image\":{\"@id\":\"https:\/\/www.eurotherm.com\/es\/products\/control-maquina-proceso-plc-y-pac\/hardware-pac\/eycon-10-20-visual-supervisor\/#primaryimage\"},\"thumbnailUrl\":\"https:\/\/www.eurotherm.com\/wp-content\/uploads\/2018\/10\/Eycon_10_20.jpg\",\"datePublished\":\"2018-10-15T08:51:33+00:00\",\"dateModified\":\"2023-09-21T14:33:55+00:00\",\"description\":\"Supervisores visuales Eycon\u2122 20 y Eycon 10 | Combine control multifunci\u00f3n, registro y visualizaci\u00f3n en una sola unidad de administraci\u00f3n de procesos. La serie Eycon\u2122 de supervisores visuales ofrece m\u00faltiples funciones avanzadas de control, registro y visualizaci\u00f3n, combinando en una sola unidad toda la experiencia en control, adquisici\u00f3n de datos y automatizaci\u00f3n de procesos.\",\"breadcrumb\":{\"@id\":\"https:\/\/www.eurotherm.com\/es\/products\/control-maquina-proceso-plc-y-pac\/hardware-pac\/eycon-10-20-visual-supervisor\/#breadcrumb\"},\"inLanguage\":\"es\",\"potentialAction\":[{\"@type\":\"ReadAction\",\"target\":[\"https:\/\/www.eurotherm.com\/es\/products\/control-maquina-proceso-plc-y-pac\/hardware-pac\/eycon-10-20-visual-supervisor\/\"]}]},{\"@type\":\"ImageObject\",\"inLanguage\":\"es\",\"@id\":\"https:\/\/www.eurotherm.com\/es\/products\/control-maquina-proceso-plc-y-pac\/hardware-pac\/eycon-10-20-visual-supervisor\/#primaryimage\",\"url\":\"https:\/\/www.eurotherm.com\/wp-content\/uploads\/2018\/10\/Eycon_10_20.jpg\",\"contentUrl\":\"https:\/\/www.eurotherm.com\/wp-content\/uploads\/2018\/10\/Eycon_10_20.jpg\",\"width\":500,\"height\":500},{\"@type\":\"BreadcrumbList\",\"@id\":\"https:\/\/www.eurotherm.com\/es\/products\/control-maquina-proceso-plc-y-pac\/hardware-pac\/eycon-10-20-visual-supervisor\/#breadcrumb\",\"itemListElement\":[{\"@type\":\"ListItem\",\"position\":1,\"name\":\"Home\",\"item\":\"https:\/\/www.eurotherm.com\/es\/\"},{\"@type\":\"ListItem\",\"position\":2,\"name\":\"Product Catalogue\",\"item\":\"https:\/\/www.eurotherm.com\/es\/product-catalogue\/\"},{\"@type\":\"ListItem\",\"position\":3,\"name\":\"Control m\u00e1quina, proceso, PLC y PAC\",\"item\":\"https:\/\/www.eurotherm.com\/es\/eurotherm-products\/control-maquina-proceso-plc-y-pac\/\"},{\"@type\":\"ListItem\",\"position\":4,\"name\":\"Hardware PAC\",\"item\":\"https:\/\/www.eurotherm.com\/es\/eurotherm-products\/control-maquina-proceso-plc-y-pac\/hardware-pac\/\"},{\"@type\":\"ListItem\",\"position\":5,\"name\":\"Supervisores visuales Eycon\u2122 20 y Eycon 10\"}]},{\"@type\":\"WebSite\",\"@id\":\"https:\/\/www.eurotherm.com\/es\/#website\",\"url\":\"https:\/\/www.eurotherm.com\/es\/\",\"name\":\"Eurotherm Limited\",\"description\":\"Temperature Control, Process Control, Measurement and Data Recording Solutions\",\"potentialAction\":[{\"@type\":\"SearchAction\",\"target\":{\"@type\":\"EntryPoint\",\"urlTemplate\":\"https:\/\/www.eurotherm.com\/es\/?s={search_term_string}\"},\"query-input\":{\"@type\":\"PropertyValueSpecification\",\"valueRequired\":true,\"valueName\":\"search_term_string\"}}],\"inLanguage\":\"es\"}]}<\/script>\n<!-- \/ Yoast SEO plugin. -->","yoast_head_json":{"title":"Supervisores visuales Eycon\u2122 20 y Eycon 10 | Eurotherm Limited","description":"Supervisores visuales Eycon\u2122 20 y Eycon 10 | Pantalla t\u00e1ctil en color Control continuo y secuencial Teclas de funci\u00f3n config","robots":{"index":"index","follow":"follow","max-snippet":"max-snippet:-1","max-image-preview":"max-image-preview:large","max-video-preview":"max-video-preview:-1"},"og_locale":"es_ES","og_type":"article","og_title":"Supervisores visuales Eycon\u2122 20 y Eycon 10 | Eurotherm Limited","og_description":"Supervisores visuales Eycon\u2122 20 y Eycon 10 | Combine control multifunci\u00f3n, registro y visualizaci\u00f3n en una sola unidad de administraci\u00f3n de procesos. La serie Eycon\u2122 de supervisores visuales ofrece m\u00faltiples funciones avanzadas de control, registro y visualizaci\u00f3n, combinando en una sola unidad toda la experiencia en control, adquisici\u00f3n de datos y automatizaci\u00f3n de procesos.","og_url":"https:\/\/www.eurotherm.com\/es\/products\/control-maquina-proceso-plc-y-pac\/hardware-pac\/eycon-10-20-visual-supervisor\/","og_site_name":"Eurotherm Limited","article_modified_time":"2023-09-21T14:33:55+00:00","og_image":[{"width":500,"height":500,"url":"https:\/\/www.eurotherm.com\/wp-content\/uploads\/2018\/10\/Eycon_10_20.jpg","type":"image\/jpeg"}],"twitter_card":"summary_large_image","twitter_misc":{"Tiempo de lectura":"2 minutos"},"schema":{"@context":"https:\/\/schema.org","@graph":[{"@type":"WebPage","@id":"https:\/\/www.eurotherm.com\/es\/products\/control-maquina-proceso-plc-y-pac\/hardware-pac\/eycon-10-20-visual-supervisor\/","url":"https:\/\/www.eurotherm.com\/es\/products\/control-maquina-proceso-plc-y-pac\/hardware-pac\/eycon-10-20-visual-supervisor\/","name":"Supervisores visuales Eycon\u2122 20 y Eycon 10 | Eurotherm Limited","isPartOf":{"@id":"https:\/\/www.eurotherm.com\/es\/#website"},"primaryImageOfPage":{"@id":"https:\/\/www.eurotherm.com\/es\/products\/control-maquina-proceso-plc-y-pac\/hardware-pac\/eycon-10-20-visual-supervisor\/#primaryimage"},"image":{"@id":"https:\/\/www.eurotherm.com\/es\/products\/control-maquina-proceso-plc-y-pac\/hardware-pac\/eycon-10-20-visual-supervisor\/#primaryimage"},"thumbnailUrl":"https:\/\/www.eurotherm.com\/wp-content\/uploads\/2018\/10\/Eycon_10_20.jpg","datePublished":"2018-10-15T08:51:33+00:00","dateModified":"2023-09-21T14:33:55+00:00","description":"Supervisores visuales Eycon\u2122 20 y Eycon 10 | Combine control multifunci\u00f3n, registro y visualizaci\u00f3n en una sola unidad de administraci\u00f3n de procesos. La serie Eycon\u2122 de supervisores visuales ofrece m\u00faltiples funciones avanzadas de control, registro y visualizaci\u00f3n, combinando en una sola unidad toda la experiencia en control, adquisici\u00f3n de datos y automatizaci\u00f3n de procesos.","breadcrumb":{"@id":"https:\/\/www.eurotherm.com\/es\/products\/control-maquina-proceso-plc-y-pac\/hardware-pac\/eycon-10-20-visual-supervisor\/#breadcrumb"},"inLanguage":"es","potentialAction":[{"@type":"ReadAction","target":["https:\/\/www.eurotherm.com\/es\/products\/control-maquina-proceso-plc-y-pac\/hardware-pac\/eycon-10-20-visual-supervisor\/"]}]},{"@type":"ImageObject","inLanguage":"es","@id":"https:\/\/www.eurotherm.com\/es\/products\/control-maquina-proceso-plc-y-pac\/hardware-pac\/eycon-10-20-visual-supervisor\/#primaryimage","url":"https:\/\/www.eurotherm.com\/wp-content\/uploads\/2018\/10\/Eycon_10_20.jpg","contentUrl":"https:\/\/www.eurotherm.com\/wp-content\/uploads\/2018\/10\/Eycon_10_20.jpg","width":500,"height":500},{"@type":"BreadcrumbList","@id":"https:\/\/www.eurotherm.com\/es\/products\/control-maquina-proceso-plc-y-pac\/hardware-pac\/eycon-10-20-visual-supervisor\/#breadcrumb","itemListElement":[{"@type":"ListItem","position":1,"name":"Home","item":"https:\/\/www.eurotherm.com\/es\/"},{"@type":"ListItem","position":2,"name":"Product Catalogue","item":"https:\/\/www.eurotherm.com\/es\/product-catalogue\/"},{"@type":"ListItem","position":3,"name":"Control m\u00e1quina, proceso, PLC y PAC","item":"https:\/\/www.eurotherm.com\/es\/eurotherm-products\/control-maquina-proceso-plc-y-pac\/"},{"@type":"ListItem","position":4,"name":"Hardware PAC","item":"https:\/\/www.eurotherm.com\/es\/eurotherm-products\/control-maquina-proceso-plc-y-pac\/hardware-pac\/"},{"@type":"ListItem","position":5,"name":"Supervisores visuales Eycon\u2122 20 y Eycon 10"}]},{"@type":"WebSite","@id":"https:\/\/www.eurotherm.com\/es\/#website","url":"https:\/\/www.eurotherm.com\/es\/","name":"Eurotherm Limited","description":"Temperature Control, Process Control, Measurement and Data Recording Solutions","potentialAction":[{"@type":"SearchAction","target":{"@type":"EntryPoint","urlTemplate":"https:\/\/www.eurotherm.com\/es\/?s={search_term_string}"},"query-input":{"@type":"PropertyValueSpecification","valueRequired":true,"valueName":"search_term_string"}}],"inLanguage":"es"}]}},"ACF":{"product_file":[27454,28207,27990,27936,28185,27942,27866,27943,27939,29210,27898,27473,27809,27814,27804,27813,27953,27810,27806,27807,27932,27812,27811,27808,29290,27805,105978,114738,137178,139289,147319,149370],"product_status":"Active Product","enable_watlow_configurator":true,"watlow_product_type":"Multiple","watlow_configurator_links":[{"watlow_name":"Eycon 10: 5.5\" 1\/4 VGA Display","watlow_link":"https:\/\/www.watlow.com\/Products\/Controllers\/Eurotherm\/Eycon-10-20-Visual-Supervisor?econfig=EYCON-10"},{"watlow_name":"Eycon 20: 12.1\" XGA Display","watlow_link":"https:\/\/www.watlow.com\/Products\/Controllers\/Eurotherm\/Eycon-10-20-Visual-Supervisor?econfig=EYCON-20"}]},"jetpack_sharing_enabled":true,"_links":{"self":[{"href":"https:\/\/www.eurotherm.com\/es\/wp-json\/wp\/v2\/product\/21146","targetHints":{"allow":["GET"]}}],"collection":[{"href":"https:\/\/www.eurotherm.com\/es\/wp-json\/wp\/v2\/product"}],"about":[{"href":"https:\/\/www.eurotherm.com\/es\/wp-json\/wp\/v2\/types\/product"}],"wp:featuredmedia":[{"embeddable":true,"href":"https:\/\/www.eurotherm.com\/es\/wp-json\/wp\/v2\/media\/7483"}],"wp:attachment":[{"href":"https:\/\/www.eurotherm.com\/es\/wp-json\/wp\/v2\/media?parent=21146"}],"wp:term":[{"taxonomy":"product_brand","embeddable":true,"href":"https:\/\/www.eurotherm.com\/es\/wp-json\/wp\/v2\/product_brand?post=21146"},{"taxonomy":"product_cat","embeddable":true,"href":"https:\/\/www.eurotherm.com\/es\/wp-json\/wp\/v2\/product_cat?post=21146"},{"taxonomy":"product_tag","embeddable":true,"href":"https:\/\/www.eurotherm.com\/es\/wp-json\/wp\/v2\/product_tag?post=21146"}],"curies":[{"name":"wp","href":"https:\/\/api.w.org\/{rel}","templated":true}]}}