{"id":21100,"date":"2018-10-15T08:53:21","date_gmt":"2018-10-15T08:53:21","guid":{"rendered":"https:\/\/www.eurotherm.com\/product\/security-manager\/"},"modified":"2019-05-20T13:09:04","modified_gmt":"2019-05-20T13:09:04","slug":"security-manager","status":"publish","type":"product","link":"https:\/\/www.eurotherm.com\/es\/products\/control-maquina-proceso-plc-y-pac\/pac-software-es\/security-manager\/","title":{"rendered":"Security Manager"},"content":{"rendered":"<p>Esta tecnolog\u00eda presenta numerosas ventajas: al recogerse y accederse electr\u00f3nicamente a los datos, pueden transmitirse a cualquier ordenador en cualquier lugar del mundo a trav\u00e9s de una conexi\u00f3n LAN. Tambi\u00e9n permite a los usuarios acceder remotamente al sistema. Una desventaja es que el sistema (y, por lo tanto, los datos) podr\u00edan sufrir un ataque por parte de usuarios no autorizados.<\/p>\n<p>Security Manager reduce considerablemente el coste y los recursos necesarios para implementar modificaciones en sistemas seguros al permitir llevar a cabo la operaci\u00f3n desde un ordenador central o desde varios ordenadores designados.<\/p>\n<p>Security Manager es un sistema de seguridad centralizado donde se controlan los nombres de usuario, las contrase\u00f1as y los permisos de acceso. Dise\u00f1ado para ayudar con la normativa federal 21 CFR parte 11 para la industria farmac\u00e9utica, Security Manager se utiliza tambi\u00e9n para ayudar a los usuarios a cumplir las directrices detalladas en el Anexo 03 de \u00a0GAMP4 &#8211; Directrices de seguridad en sistemas automatizados.<\/p>\n<p>&nbsp;<\/p>\n<h2>Ruta de auditor\u00eda<\/h2>\n<p>Security Manager proporciona una ruta de auditor\u00eda a prueba de manipulaciones para los siguientes eventos:<\/p>\n<ul>\n<li>Inicio\/cierre de sesi\u00f3n<\/li>\n<li>Intentos de conexi\u00f3n fallidos<\/li>\n<li>Guardado de cambios de configuraci\u00f3n en la base de datos de Security Manager<\/li>\n<li>Despliegue de Security Manager<\/li>\n<li>Base de datos<\/li>\n<\/ul>\n<p>La ruta de auditor\u00eda de Security Manager puede examinarse mediante el software Review de Eurotherm.<\/p>\n<h2>\nContrase\u00f1a \u00fanica<\/h2>\n<p>Para garantizar que las contrase\u00f1as de usuario son \u00fanicas durante el ciclo de vida del producto, se conservan las ID de los usuarios retirados.<\/p>\n<h2>\nFirmas electr\u00f3nicas<\/h2>\n<p>Es posible configurar el uso de firmas electr\u00f3nicas en Security Manager; si se activan, el usuario deber\u00e1 introducir la firma de validaci\u00f3n y\/o inicio de sesi\u00f3n para actualizar la base de datos de Security Manager. Si se exigen firmas, solo aquellos usuarios con los permisos de acceso apropiados podr\u00e1n iniciar sesi\u00f3n y\/o validarse.<\/p>\n<ul>\n<li>Ruta de auditor\u00eda a prueba de manipulaci\u00f3n<\/li>\n<li>Contrase\u00f1a \u00fanica<\/li>\n<li>Firmas electr\u00f3nicas<\/li>\n<li>La soluci\u00f3n a los problemas de recogida y almacenamiento de datos<\/li>\n<li>Dise\u00f1ado para cumplir la norma 21 CFR parte 11<\/li>\n<li>Recogida y transmisi\u00f3n de datos a trav\u00e9s de una conexi\u00f3n LAN<\/li>\n<li>Acceso a sistemas remotos<\/li>\n<\/ul>\n","protected":false},"excerpt":{"rendered":"<h2>Security Manager, una herramienta de seguridad com\u00fan para distintas gamas<\/h2>\n<p>Permite mantener las cuentas de usuario y contrase\u00f1as desde una o varias ubicaciones.<\/p>\n<p>Security Manager es capaz de configurar:<\/p>\n<ul>\n<li>Registrador de la serie 5000<\/li>\n<li>Registrador de la serie 6000<\/li>\n<li>Supervisor visual Eycon<\/li>\n<li>Operations Viewer<\/li>\n<li>Review y Review QuickChart de Eurotherm<\/li>\n<\/ul>\n<p>Cada vez m\u00e1s empresas, est\u00e1n llevando a cabo la transici\u00f3n a las Tecnolog\u00edas IT para solucionar sus problemas de almacenamiento y recogida de datos.<\/p>\n","protected":false},"featured_media":15757,"template":"","meta":{"_acf_changed":false},"product_brand":[],"product_cat":[12724,12383,12726,952,12708,12387],"product_tag":[],"class_list":{"0":"post-21100","1":"product","2":"type-product","3":"status-publish","4":"has-post-thumbnail","6":"product_cat-control-maquina-proceso-plc-y-pac","7":"product_cat-pac-software-es","8":"product_cat-plc-and-pac-es","9":"product_cat-productos-spain","10":"product_cat-registradores-y-adquisicion-de-datos","11":"product_cat-recorders-software-es","12":"product_shipping_class-1-es","14":"first","15":"instock","16":"purchasable","17":"product-type-simple"},"acf":[],"yoast_head":"<!-- This site is optimized with the Yoast SEO plugin v27.2 - https:\/\/yoast.com\/product\/yoast-seo-wordpress\/ -->\n<title>Security Manager | Eurotherm Limited<\/title>\n<meta name=\"description\" content=\"Security Manager | Esta tecnolog\u00eda presenta numerosas ventajas: al recogerse y accederse electr\u00f3nicamente a los datos, pueden transmitirse a cualquier ordenador\" \/>\n<meta name=\"robots\" content=\"index, follow, max-snippet:-1, max-image-preview:large, max-video-preview:-1\" \/>\n<meta property=\"og:locale\" content=\"es_ES\" \/>\n<meta property=\"og:type\" content=\"article\" \/>\n<meta property=\"og:title\" content=\"Security Manager | Eurotherm Limited\" \/>\n<meta property=\"og:description\" content=\"Security Manager | Security Manager, una herramienta de seguridad com\u00fan para distintas gamas Permite mantener las cuentas de usuario y contrase\u00f1as desde una o varias ubicaciones.  Security Manager es capaz de configurar:   Registrador de la serie 5000  Registrador de la serie 6000  Supervisor visual Eycon  Operations Viewer  Review y Review QuickChart de Eurotherm  Cada vez m\u00e1s empresas, est\u00e1n llevando a cabo la transici\u00f3n a las Tecnolog\u00edas IT para solucionar sus problemas de almacenamiento y recogida de datos.\" \/>\n<meta property=\"og:url\" content=\"https:\/\/www.eurotherm.com\/es\/products\/control-maquina-proceso-plc-y-pac\/pac-software-es\/security-manager\/\" \/>\n<meta property=\"og:site_name\" content=\"Eurotherm Limited\" \/>\n<meta property=\"article:modified_time\" content=\"2019-05-20T13:09:04+00:00\" \/>\n<meta property=\"og:image\" content=\"https:\/\/www.eurotherm.com\/wp-content\/uploads\/2018\/10\/Security_manager.jpg\" \/>\n\t<meta property=\"og:image:width\" content=\"500\" \/>\n\t<meta property=\"og:image:height\" content=\"500\" \/>\n\t<meta property=\"og:image:type\" content=\"image\/jpeg\" \/>\n<meta name=\"twitter:card\" content=\"summary_large_image\" \/>\n<meta name=\"twitter:label1\" content=\"Tiempo de lectura\" \/>\n\t<meta name=\"twitter:data1\" content=\"2 minutos\" \/>\n<script type=\"application\/ld+json\" class=\"yoast-schema-graph\">{\"@context\":\"https:\/\/schema.org\",\"@graph\":[{\"@type\":\"WebPage\",\"@id\":\"https:\/\/www.eurotherm.com\/es\/products\/control-maquina-proceso-plc-y-pac\/pac-software-es\/security-manager\/\",\"url\":\"https:\/\/www.eurotherm.com\/es\/products\/control-maquina-proceso-plc-y-pac\/pac-software-es\/security-manager\/\",\"name\":\"Security Manager | Eurotherm Limited\",\"isPartOf\":{\"@id\":\"https:\/\/www.eurotherm.com\/es\/#website\"},\"primaryImageOfPage\":{\"@id\":\"https:\/\/www.eurotherm.com\/es\/products\/control-maquina-proceso-plc-y-pac\/pac-software-es\/security-manager\/#primaryimage\"},\"image\":{\"@id\":\"https:\/\/www.eurotherm.com\/es\/products\/control-maquina-proceso-plc-y-pac\/pac-software-es\/security-manager\/#primaryimage\"},\"thumbnailUrl\":\"https:\/\/www.eurotherm.com\/wp-content\/uploads\/2018\/10\/Security_manager.jpg\",\"datePublished\":\"2018-10-15T08:53:21+00:00\",\"dateModified\":\"2019-05-20T13:09:04+00:00\",\"description\":\"Security Manager | Security Manager, una herramienta de seguridad com\u00fan para distintas gamas Permite mantener las cuentas de usuario y contrase\u00f1as desde una o varias ubicaciones. Security Manager es capaz de configurar: Registrador de la serie 5000 Registrador de la serie 6000 Supervisor visual Eycon Operations Viewer Review y Review QuickChart de Eurotherm Cada vez m\u00e1s empresas, est\u00e1n llevando a cabo la transici\u00f3n a las Tecnolog\u00edas IT para solucionar sus problemas de almacenamiento y recogida de datos.\",\"breadcrumb\":{\"@id\":\"https:\/\/www.eurotherm.com\/es\/products\/control-maquina-proceso-plc-y-pac\/pac-software-es\/security-manager\/#breadcrumb\"},\"inLanguage\":\"es\",\"potentialAction\":[{\"@type\":\"ReadAction\",\"target\":[\"https:\/\/www.eurotherm.com\/es\/products\/control-maquina-proceso-plc-y-pac\/pac-software-es\/security-manager\/\"]}]},{\"@type\":\"ImageObject\",\"inLanguage\":\"es\",\"@id\":\"https:\/\/www.eurotherm.com\/es\/products\/control-maquina-proceso-plc-y-pac\/pac-software-es\/security-manager\/#primaryimage\",\"url\":\"https:\/\/www.eurotherm.com\/wp-content\/uploads\/2018\/10\/Security_manager.jpg\",\"contentUrl\":\"https:\/\/www.eurotherm.com\/wp-content\/uploads\/2018\/10\/Security_manager.jpg\",\"width\":500,\"height\":500},{\"@type\":\"BreadcrumbList\",\"@id\":\"https:\/\/www.eurotherm.com\/es\/products\/control-maquina-proceso-plc-y-pac\/pac-software-es\/security-manager\/#breadcrumb\",\"itemListElement\":[{\"@type\":\"ListItem\",\"position\":1,\"name\":\"Home\",\"item\":\"https:\/\/www.eurotherm.com\/es\/\"},{\"@type\":\"ListItem\",\"position\":2,\"name\":\"Product Catalogue\",\"item\":\"https:\/\/www.eurotherm.com\/es\/product-catalogue\/\"},{\"@type\":\"ListItem\",\"position\":3,\"name\":\"Control m\u00e1quina, proceso, PLC y PAC\",\"item\":\"https:\/\/www.eurotherm.com\/es\/eurotherm-products\/control-maquina-proceso-plc-y-pac\/\"},{\"@type\":\"ListItem\",\"position\":4,\"name\":\"PAC Software\",\"item\":\"https:\/\/www.eurotherm.com\/es\/eurotherm-products\/control-maquina-proceso-plc-y-pac\/pac-software-es\/\"},{\"@type\":\"ListItem\",\"position\":5,\"name\":\"Security Manager\"}]},{\"@type\":\"WebSite\",\"@id\":\"https:\/\/www.eurotherm.com\/es\/#website\",\"url\":\"https:\/\/www.eurotherm.com\/es\/\",\"name\":\"Eurotherm Limited\",\"description\":\"Temperature Control, Process Control, Measurement and Data Recording Solutions\",\"potentialAction\":[{\"@type\":\"SearchAction\",\"target\":{\"@type\":\"EntryPoint\",\"urlTemplate\":\"https:\/\/www.eurotherm.com\/es\/?s={search_term_string}\"},\"query-input\":{\"@type\":\"PropertyValueSpecification\",\"valueRequired\":true,\"valueName\":\"search_term_string\"}}],\"inLanguage\":\"es\"}]}<\/script>\n<!-- \/ Yoast SEO plugin. -->","yoast_head_json":{"title":"Security Manager | Eurotherm Limited","description":"Security Manager | Esta tecnolog\u00eda presenta numerosas ventajas: al recogerse y accederse electr\u00f3nicamente a los datos, pueden transmitirse a cualquier ordenador","robots":{"index":"index","follow":"follow","max-snippet":"max-snippet:-1","max-image-preview":"max-image-preview:large","max-video-preview":"max-video-preview:-1"},"og_locale":"es_ES","og_type":"article","og_title":"Security Manager | Eurotherm Limited","og_description":"Security Manager | Security Manager, una herramienta de seguridad com\u00fan para distintas gamas Permite mantener las cuentas de usuario y contrase\u00f1as desde una o varias ubicaciones.  Security Manager es capaz de configurar:   Registrador de la serie 5000  Registrador de la serie 6000  Supervisor visual Eycon  Operations Viewer  Review y Review QuickChart de Eurotherm  Cada vez m\u00e1s empresas, est\u00e1n llevando a cabo la transici\u00f3n a las Tecnolog\u00edas IT para solucionar sus problemas de almacenamiento y recogida de datos.","og_url":"https:\/\/www.eurotherm.com\/es\/products\/control-maquina-proceso-plc-y-pac\/pac-software-es\/security-manager\/","og_site_name":"Eurotherm Limited","article_modified_time":"2019-05-20T13:09:04+00:00","og_image":[{"width":500,"height":500,"url":"https:\/\/www.eurotherm.com\/wp-content\/uploads\/2018\/10\/Security_manager.jpg","type":"image\/jpeg"}],"twitter_card":"summary_large_image","twitter_misc":{"Tiempo de lectura":"2 minutos"},"schema":{"@context":"https:\/\/schema.org","@graph":[{"@type":"WebPage","@id":"https:\/\/www.eurotherm.com\/es\/products\/control-maquina-proceso-plc-y-pac\/pac-software-es\/security-manager\/","url":"https:\/\/www.eurotherm.com\/es\/products\/control-maquina-proceso-plc-y-pac\/pac-software-es\/security-manager\/","name":"Security Manager | Eurotherm Limited","isPartOf":{"@id":"https:\/\/www.eurotherm.com\/es\/#website"},"primaryImageOfPage":{"@id":"https:\/\/www.eurotherm.com\/es\/products\/control-maquina-proceso-plc-y-pac\/pac-software-es\/security-manager\/#primaryimage"},"image":{"@id":"https:\/\/www.eurotherm.com\/es\/products\/control-maquina-proceso-plc-y-pac\/pac-software-es\/security-manager\/#primaryimage"},"thumbnailUrl":"https:\/\/www.eurotherm.com\/wp-content\/uploads\/2018\/10\/Security_manager.jpg","datePublished":"2018-10-15T08:53:21+00:00","dateModified":"2019-05-20T13:09:04+00:00","description":"Security Manager | Security Manager, una herramienta de seguridad com\u00fan para distintas gamas Permite mantener las cuentas de usuario y contrase\u00f1as desde una o varias ubicaciones. Security Manager es capaz de configurar: Registrador de la serie 5000 Registrador de la serie 6000 Supervisor visual Eycon Operations Viewer Review y Review QuickChart de Eurotherm Cada vez m\u00e1s empresas, est\u00e1n llevando a cabo la transici\u00f3n a las Tecnolog\u00edas IT para solucionar sus problemas de almacenamiento y recogida de datos.","breadcrumb":{"@id":"https:\/\/www.eurotherm.com\/es\/products\/control-maquina-proceso-plc-y-pac\/pac-software-es\/security-manager\/#breadcrumb"},"inLanguage":"es","potentialAction":[{"@type":"ReadAction","target":["https:\/\/www.eurotherm.com\/es\/products\/control-maquina-proceso-plc-y-pac\/pac-software-es\/security-manager\/"]}]},{"@type":"ImageObject","inLanguage":"es","@id":"https:\/\/www.eurotherm.com\/es\/products\/control-maquina-proceso-plc-y-pac\/pac-software-es\/security-manager\/#primaryimage","url":"https:\/\/www.eurotherm.com\/wp-content\/uploads\/2018\/10\/Security_manager.jpg","contentUrl":"https:\/\/www.eurotherm.com\/wp-content\/uploads\/2018\/10\/Security_manager.jpg","width":500,"height":500},{"@type":"BreadcrumbList","@id":"https:\/\/www.eurotherm.com\/es\/products\/control-maquina-proceso-plc-y-pac\/pac-software-es\/security-manager\/#breadcrumb","itemListElement":[{"@type":"ListItem","position":1,"name":"Home","item":"https:\/\/www.eurotherm.com\/es\/"},{"@type":"ListItem","position":2,"name":"Product Catalogue","item":"https:\/\/www.eurotherm.com\/es\/product-catalogue\/"},{"@type":"ListItem","position":3,"name":"Control m\u00e1quina, proceso, PLC y PAC","item":"https:\/\/www.eurotherm.com\/es\/eurotherm-products\/control-maquina-proceso-plc-y-pac\/"},{"@type":"ListItem","position":4,"name":"PAC Software","item":"https:\/\/www.eurotherm.com\/es\/eurotherm-products\/control-maquina-proceso-plc-y-pac\/pac-software-es\/"},{"@type":"ListItem","position":5,"name":"Security Manager"}]},{"@type":"WebSite","@id":"https:\/\/www.eurotherm.com\/es\/#website","url":"https:\/\/www.eurotherm.com\/es\/","name":"Eurotherm Limited","description":"Temperature Control, Process Control, Measurement and Data Recording Solutions","potentialAction":[{"@type":"SearchAction","target":{"@type":"EntryPoint","urlTemplate":"https:\/\/www.eurotherm.com\/es\/?s={search_term_string}"},"query-input":{"@type":"PropertyValueSpecification","valueRequired":true,"valueName":"search_term_string"}}],"inLanguage":"es"}]}},"ACF":{"product_file":[29388,27454,28535,27942,27866,27943,27939,27899,27584,27938,27497,27501,27749,27493],"related_products":""},"jetpack_sharing_enabled":true,"_links":{"self":[{"href":"https:\/\/www.eurotherm.com\/es\/wp-json\/wp\/v2\/product\/21100","targetHints":{"allow":["GET"]}}],"collection":[{"href":"https:\/\/www.eurotherm.com\/es\/wp-json\/wp\/v2\/product"}],"about":[{"href":"https:\/\/www.eurotherm.com\/es\/wp-json\/wp\/v2\/types\/product"}],"wp:featuredmedia":[{"embeddable":true,"href":"https:\/\/www.eurotherm.com\/es\/wp-json\/wp\/v2\/media\/15757"}],"wp:attachment":[{"href":"https:\/\/www.eurotherm.com\/es\/wp-json\/wp\/v2\/media?parent=21100"}],"wp:term":[{"taxonomy":"product_brand","embeddable":true,"href":"https:\/\/www.eurotherm.com\/es\/wp-json\/wp\/v2\/product_brand?post=21100"},{"taxonomy":"product_cat","embeddable":true,"href":"https:\/\/www.eurotherm.com\/es\/wp-json\/wp\/v2\/product_cat?post=21100"},{"taxonomy":"product_tag","embeddable":true,"href":"https:\/\/www.eurotherm.com\/es\/wp-json\/wp\/v2\/product_tag?post=21100"}],"curies":[{"name":"wp","href":"https:\/\/api.w.org\/{rel}","templated":true}]}}