{"id":21088,"date":"2018-10-15T08:49:53","date_gmt":"2018-10-16T10:09:03","guid":{"rendered":"https:\/\/www.eurotherm.com\/product\/rele-de-estado-solido-monofasico-7100l\/"},"modified":"2018-10-16T10:09:08","modified_gmt":"2018-10-16T10:09:08","slug":"rele-de-estado-solido-monofasico-7100l","status":"publish","type":"product","link":"https:\/\/www.eurotherm.com\/es\/products\/discontinued-eurotherm-products-es\/rele-de-estado-solido-monofasico-7100l\/","title":{"rendered":"Rel\u00e9 de estado s\u00f3lido monof\u00e1sico &#8211; 7100L"},"content":{"rendered":"<p>Rel\u00e9 de estado s\u00f3lido monof\u00e1sico &#8211; 7100L<\/p>\n<p>IDEAL PARA:<\/p>\n<p>\tHornos peque\u00f1os<br \/>\n\tEnfriadoras<br \/>\n\tEsterilizadoras<br \/>\n\tSellado t\u00e9rmico<\/p>\n","protected":false},"excerpt":{"rendered":"<p>Rel\u00e9 de estado s\u00f3lido monof\u00e1sico &#8211; 7100L IDEAL PARA: Hornos peque\u00f1os Enfriadoras Esterilizadoras Sellado t\u00e9rmico<\/p>\n","protected":false},"featured_media":18247,"template":"","meta":{"_acf_changed":false},"product_brand":[],"product_cat":[15421],"product_tag":[],"class_list":{"0":"post-21088","1":"product","2":"type-product","3":"status-publish","4":"has-post-thumbnail","6":"product_cat-discontinued-eurotherm-products-es","7":"product_shipping_class-1-es","9":"first","10":"instock","11":"purchasable","12":"product-type-simple"},"acf":[],"yoast_head":"<!-- This site is optimized with the Yoast SEO plugin v27.2 - https:\/\/yoast.com\/product\/yoast-seo-wordpress\/ -->\n<title>Rel\u00e9 de estado s\u00f3lido monof\u00e1sico - 7100L | Eurotherm Limited<\/title>\n<meta name=\"description\" content=\"Rel\u00e9 de estado s\u00f3lido monof\u00e1sico &#8211; 7100L | Rel\u00e9 de estado s\u00f3lido monof\u00e1sico - 7100L IDEAL PARA: Hornos peque\u00f1os Enfriadoras Esterilizadoras Sellado\" \/>\n<meta name=\"robots\" content=\"index, follow, max-snippet:-1, max-image-preview:large, max-video-preview:-1\" \/>\n<meta property=\"og:locale\" content=\"es_ES\" \/>\n<meta property=\"og:type\" content=\"article\" \/>\n<meta property=\"og:title\" content=\"Rel\u00e9 de estado s\u00f3lido monof\u00e1sico - 7100L | Eurotherm Limited\" \/>\n<meta property=\"og:description\" content=\"Rel\u00e9 de estado s\u00f3lido monof\u00e1sico - 7100L | Rel\u00e9 de estado s\u00f3lido monof\u00e1sico - 7100L IDEAL PARA:  Hornos peque\u00f1os Enfriadoras Esterilizadoras Sellado t\u00e9rmico\" \/>\n<meta property=\"og:url\" content=\"https:\/\/www.eurotherm.com\/es\/products\/discontinued-eurotherm-products-es\/rele-de-estado-solido-monofasico-7100l\/\" \/>\n<meta property=\"og:site_name\" content=\"Eurotherm Limited\" \/>\n<meta property=\"article:modified_time\" content=\"2018-10-16T10:09:08+00:00\" \/>\n<meta property=\"og:image\" content=\"https:\/\/www.eurotherm.com\/wp-content\/uploads\/2016\/08\/7100l.jpg\" \/>\n\t<meta property=\"og:image:width\" content=\"500\" \/>\n\t<meta property=\"og:image:height\" content=\"500\" \/>\n\t<meta property=\"og:image:type\" content=\"image\/jpeg\" \/>\n<meta name=\"twitter:card\" content=\"summary_large_image\" \/>\n<script type=\"application\/ld+json\" class=\"yoast-schema-graph\">{\"@context\":\"https:\/\/schema.org\",\"@graph\":[{\"@type\":\"WebPage\",\"@id\":\"https:\/\/www.eurotherm.com\/es\/products\/discontinued-eurotherm-products-es\/rele-de-estado-solido-monofasico-7100l\/\",\"url\":\"https:\/\/www.eurotherm.com\/es\/products\/discontinued-eurotherm-products-es\/rele-de-estado-solido-monofasico-7100l\/\",\"name\":\"Rel\u00e9 de estado s\u00f3lido monof\u00e1sico - 7100L | Eurotherm Limited\",\"isPartOf\":{\"@id\":\"https:\/\/www.eurotherm.com\/es\/#website\"},\"primaryImageOfPage\":{\"@id\":\"https:\/\/www.eurotherm.com\/es\/products\/discontinued-eurotherm-products-es\/rele-de-estado-solido-monofasico-7100l\/#primaryimage\"},\"image\":{\"@id\":\"https:\/\/www.eurotherm.com\/es\/products\/discontinued-eurotherm-products-es\/rele-de-estado-solido-monofasico-7100l\/#primaryimage\"},\"thumbnailUrl\":\"https:\/\/www.eurotherm.com\/wp-content\/uploads\/2016\/08\/7100l.jpg\",\"datePublished\":\"2018-10-16T10:09:03+00:00\",\"dateModified\":\"2018-10-16T10:09:08+00:00\",\"description\":\"Rel\u00e9 de estado s\u00f3lido monof\u00e1sico - 7100L | Rel\u00e9 de estado s\u00f3lido monof\u00e1sico - 7100L IDEAL PARA: Hornos peque\u00f1os Enfriadoras Esterilizadoras Sellado t\u00e9rmico\",\"breadcrumb\":{\"@id\":\"https:\/\/www.eurotherm.com\/es\/products\/discontinued-eurotherm-products-es\/rele-de-estado-solido-monofasico-7100l\/#breadcrumb\"},\"inLanguage\":\"es\",\"potentialAction\":[{\"@type\":\"ReadAction\",\"target\":[\"https:\/\/www.eurotherm.com\/es\/products\/discontinued-eurotherm-products-es\/rele-de-estado-solido-monofasico-7100l\/\"]}]},{\"@type\":\"ImageObject\",\"inLanguage\":\"es\",\"@id\":\"https:\/\/www.eurotherm.com\/es\/products\/discontinued-eurotherm-products-es\/rele-de-estado-solido-monofasico-7100l\/#primaryimage\",\"url\":\"https:\/\/www.eurotherm.com\/wp-content\/uploads\/2016\/08\/7100l.jpg\",\"contentUrl\":\"https:\/\/www.eurotherm.com\/wp-content\/uploads\/2016\/08\/7100l.jpg\",\"width\":500,\"height\":500},{\"@type\":\"BreadcrumbList\",\"@id\":\"https:\/\/www.eurotherm.com\/es\/products\/discontinued-eurotherm-products-es\/rele-de-estado-solido-monofasico-7100l\/#breadcrumb\",\"itemListElement\":[{\"@type\":\"ListItem\",\"position\":1,\"name\":\"Home\",\"item\":\"https:\/\/www.eurotherm.com\/es\/\"},{\"@type\":\"ListItem\",\"position\":2,\"name\":\"Product Catalogue\",\"item\":\"https:\/\/www.eurotherm.com\/es\/product-catalogue\/\"},{\"@type\":\"ListItem\",\"position\":3,\"name\":\"Discontinued Eurotherm Products\",\"item\":\"https:\/\/www.eurotherm.com\/es\/eurotherm-products\/discontinued-eurotherm-products-es\/\"},{\"@type\":\"ListItem\",\"position\":4,\"name\":\"Rel\u00e9 de estado s\u00f3lido monof\u00e1sico &#8211; 7100L\"}]},{\"@type\":\"WebSite\",\"@id\":\"https:\/\/www.eurotherm.com\/es\/#website\",\"url\":\"https:\/\/www.eurotherm.com\/es\/\",\"name\":\"Eurotherm Limited\",\"description\":\"Temperature Control, Process Control, Measurement and Data Recording Solutions\",\"potentialAction\":[{\"@type\":\"SearchAction\",\"target\":{\"@type\":\"EntryPoint\",\"urlTemplate\":\"https:\/\/www.eurotherm.com\/es\/?s={search_term_string}\"},\"query-input\":{\"@type\":\"PropertyValueSpecification\",\"valueRequired\":true,\"valueName\":\"search_term_string\"}}],\"inLanguage\":\"es\"}]}<\/script>\n<!-- \/ Yoast SEO plugin. -->","yoast_head_json":{"title":"Rel\u00e9 de estado s\u00f3lido monof\u00e1sico - 7100L | Eurotherm Limited","description":"Rel\u00e9 de estado s\u00f3lido monof\u00e1sico &#8211; 7100L | Rel\u00e9 de estado s\u00f3lido monof\u00e1sico - 7100L IDEAL PARA: Hornos peque\u00f1os Enfriadoras Esterilizadoras Sellado","robots":{"index":"index","follow":"follow","max-snippet":"max-snippet:-1","max-image-preview":"max-image-preview:large","max-video-preview":"max-video-preview:-1"},"og_locale":"es_ES","og_type":"article","og_title":"Rel\u00e9 de estado s\u00f3lido monof\u00e1sico - 7100L | Eurotherm Limited","og_description":"Rel\u00e9 de estado s\u00f3lido monof\u00e1sico - 7100L | Rel\u00e9 de estado s\u00f3lido monof\u00e1sico - 7100L IDEAL PARA:  Hornos peque\u00f1os Enfriadoras Esterilizadoras Sellado t\u00e9rmico","og_url":"https:\/\/www.eurotherm.com\/es\/products\/discontinued-eurotherm-products-es\/rele-de-estado-solido-monofasico-7100l\/","og_site_name":"Eurotherm Limited","article_modified_time":"2018-10-16T10:09:08+00:00","og_image":[{"width":500,"height":500,"url":"https:\/\/www.eurotherm.com\/wp-content\/uploads\/2016\/08\/7100l.jpg","type":"image\/jpeg"}],"twitter_card":"summary_large_image","schema":{"@context":"https:\/\/schema.org","@graph":[{"@type":"WebPage","@id":"https:\/\/www.eurotherm.com\/es\/products\/discontinued-eurotherm-products-es\/rele-de-estado-solido-monofasico-7100l\/","url":"https:\/\/www.eurotherm.com\/es\/products\/discontinued-eurotherm-products-es\/rele-de-estado-solido-monofasico-7100l\/","name":"Rel\u00e9 de estado s\u00f3lido monof\u00e1sico - 7100L | Eurotherm Limited","isPartOf":{"@id":"https:\/\/www.eurotherm.com\/es\/#website"},"primaryImageOfPage":{"@id":"https:\/\/www.eurotherm.com\/es\/products\/discontinued-eurotherm-products-es\/rele-de-estado-solido-monofasico-7100l\/#primaryimage"},"image":{"@id":"https:\/\/www.eurotherm.com\/es\/products\/discontinued-eurotherm-products-es\/rele-de-estado-solido-monofasico-7100l\/#primaryimage"},"thumbnailUrl":"https:\/\/www.eurotherm.com\/wp-content\/uploads\/2016\/08\/7100l.jpg","datePublished":"2018-10-16T10:09:03+00:00","dateModified":"2018-10-16T10:09:08+00:00","description":"Rel\u00e9 de estado s\u00f3lido monof\u00e1sico - 7100L | Rel\u00e9 de estado s\u00f3lido monof\u00e1sico - 7100L IDEAL PARA: Hornos peque\u00f1os Enfriadoras Esterilizadoras Sellado t\u00e9rmico","breadcrumb":{"@id":"https:\/\/www.eurotherm.com\/es\/products\/discontinued-eurotherm-products-es\/rele-de-estado-solido-monofasico-7100l\/#breadcrumb"},"inLanguage":"es","potentialAction":[{"@type":"ReadAction","target":["https:\/\/www.eurotherm.com\/es\/products\/discontinued-eurotherm-products-es\/rele-de-estado-solido-monofasico-7100l\/"]}]},{"@type":"ImageObject","inLanguage":"es","@id":"https:\/\/www.eurotherm.com\/es\/products\/discontinued-eurotherm-products-es\/rele-de-estado-solido-monofasico-7100l\/#primaryimage","url":"https:\/\/www.eurotherm.com\/wp-content\/uploads\/2016\/08\/7100l.jpg","contentUrl":"https:\/\/www.eurotherm.com\/wp-content\/uploads\/2016\/08\/7100l.jpg","width":500,"height":500},{"@type":"BreadcrumbList","@id":"https:\/\/www.eurotherm.com\/es\/products\/discontinued-eurotherm-products-es\/rele-de-estado-solido-monofasico-7100l\/#breadcrumb","itemListElement":[{"@type":"ListItem","position":1,"name":"Home","item":"https:\/\/www.eurotherm.com\/es\/"},{"@type":"ListItem","position":2,"name":"Product Catalogue","item":"https:\/\/www.eurotherm.com\/es\/product-catalogue\/"},{"@type":"ListItem","position":3,"name":"Discontinued Eurotherm Products","item":"https:\/\/www.eurotherm.com\/es\/eurotherm-products\/discontinued-eurotherm-products-es\/"},{"@type":"ListItem","position":4,"name":"Rel\u00e9 de estado s\u00f3lido monof\u00e1sico &#8211; 7100L"}]},{"@type":"WebSite","@id":"https:\/\/www.eurotherm.com\/es\/#website","url":"https:\/\/www.eurotherm.com\/es\/","name":"Eurotherm Limited","description":"Temperature Control, Process Control, Measurement and Data Recording Solutions","potentialAction":[{"@type":"SearchAction","target":{"@type":"EntryPoint","urlTemplate":"https:\/\/www.eurotherm.com\/es\/?s={search_term_string}"},"query-input":{"@type":"PropertyValueSpecification","valueRequired":true,"valueName":"search_term_string"}}],"inLanguage":"es"}]}},"ACF":false,"jetpack_sharing_enabled":true,"_links":{"self":[{"href":"https:\/\/www.eurotherm.com\/es\/wp-json\/wp\/v2\/product\/21088","targetHints":{"allow":["GET"]}}],"collection":[{"href":"https:\/\/www.eurotherm.com\/es\/wp-json\/wp\/v2\/product"}],"about":[{"href":"https:\/\/www.eurotherm.com\/es\/wp-json\/wp\/v2\/types\/product"}],"wp:featuredmedia":[{"embeddable":true,"href":"https:\/\/www.eurotherm.com\/es\/wp-json\/wp\/v2\/media\/18247"}],"wp:attachment":[{"href":"https:\/\/www.eurotherm.com\/es\/wp-json\/wp\/v2\/media?parent=21088"}],"wp:term":[{"taxonomy":"product_brand","embeddable":true,"href":"https:\/\/www.eurotherm.com\/es\/wp-json\/wp\/v2\/product_brand?post=21088"},{"taxonomy":"product_cat","embeddable":true,"href":"https:\/\/www.eurotherm.com\/es\/wp-json\/wp\/v2\/product_cat?post=21088"},{"taxonomy":"product_tag","embeddable":true,"href":"https:\/\/www.eurotherm.com\/es\/wp-json\/wp\/v2\/product_tag?post=21088"}],"curies":[{"name":"wp","href":"https:\/\/api.w.org\/{rel}","templated":true}]}}