{"id":21087,"date":"2018-10-15T08:54:57","date_gmt":"2018-10-16T10:09:03","guid":{"rendered":"https:\/\/www.eurotherm.com\/product\/rele-de-estado-solido-te200s\/"},"modified":"2018-11-02T10:57:54","modified_gmt":"2018-11-02T10:57:54","slug":"rele-de-estado-solido-te200s","status":"publish","type":"product","link":"https:\/\/www.eurotherm.com\/es\/products\/discontinued-eurotherm-products-es\/rele-de-estado-solido-te200s\/","title":{"rendered":"Rel\u00e9 de estado s\u00f3lido &#8211; TE200S"},"content":{"rendered":"<ul>\n<li>Dise\u00f1o ergon\u00f3mico<\/li>\n<li>Se\u00f1al de entrada l\u00f3gica de CA o CC<\/li>\n<li>Modo de disparo: \u00a0l\u00f3gico, disparo en el paso por cero con indicaci\u00f3n LED<\/li>\n<li>Intensidad nominal por fase: 16-63 amperios a 45 \u00baC<\/li>\n<li>Tensi\u00f3n de alimentaci\u00f3n: desde 200 V de CA hasta 500 V de CA<\/li>\n<\/ul>\n<p>Es una sustituci\u00f3n ideal para un contactor mec\u00e1nico o de mercurio y acepta se\u00f1ales de entrada l\u00f3gica de CC o CA.<\/p>\n<p>El TE200S es una unidad robusta, compacta, c\u00f3moda y fiable. Se integra f\u00e1cilmente en un sistema de control gracias a su tama\u00f1o compacto, sencillez de cableado y c\u00f3modo montaje en panel o ra\u00edl DIN.<\/p>\n<p><strong>IDEAL PARA:<\/strong><\/p>\n<ul>\n<li>Tratamiento t\u00e9rmico<\/li>\n<li>Metalurgia<\/li>\n<li>Pl\u00e1sticos<\/li>\n<li>Procesamiento de alimentos<\/li>\n<li>Control de temperatura ambiental<\/li>\n<\/ul>\n","protected":false},"excerpt":{"rendered":"<h2>Rel\u00e9 de estado s\u00f3lido trif\u00e1sico con control sobre dos fases- TE200S<\/h2>\n<p>El TE200S es un contactor de estado s\u00f3lido dise\u00f1ado para aplicaciones trif\u00e1sicas de prop\u00f3sito general utilizando cargas resistivas tripolares.<\/p>\n<p>El TE200S conmuta dos de las tres fases, y la tercera se conecta directamente.<\/p>\n","protected":false},"featured_media":7595,"template":"","meta":{"_acf_changed":false},"product_brand":[],"product_cat":[15421],"product_tag":[],"class_list":{"0":"post-21087","1":"product","2":"type-product","3":"status-publish","4":"has-post-thumbnail","6":"product_cat-discontinued-eurotherm-products-es","7":"product_shipping_class-1-es","9":"first","10":"instock","11":"purchasable","12":"product-type-simple"},"acf":[],"yoast_head":"<!-- This site is optimized with the Yoast SEO plugin v27.2 - https:\/\/yoast.com\/product\/yoast-seo-wordpress\/ -->\n<title>Rel\u00e9 de estado s\u00f3lido - TE200S | Eurotherm Limited<\/title>\n<meta name=\"description\" content=\"Rel\u00e9 de estado s\u00f3lido &#8211; TE200S | Dise\u00f1o ergon\u00f3mico Se\u00f1al de entrada l\u00f3gica de CA o CC Modo de disparo: \u00a0l\u00f3gico, dispar\" \/>\n<meta name=\"robots\" content=\"index, follow, max-snippet:-1, max-image-preview:large, max-video-preview:-1\" \/>\n<meta property=\"og:locale\" content=\"es_ES\" \/>\n<meta property=\"og:type\" content=\"article\" \/>\n<meta property=\"og:title\" content=\"Rel\u00e9 de estado s\u00f3lido - TE200S | Eurotherm Limited\" \/>\n<meta property=\"og:description\" content=\"Rel\u00e9 de estado s\u00f3lido - TE200S | Rel\u00e9 de estado s\u00f3lido trif\u00e1sico con control sobre dos fases- TE200S El TE200S es un contactor de estado s\u00f3lido dise\u00f1ado para aplicaciones trif\u00e1sicas de prop\u00f3sito general utilizando cargas resistivas tripolares.  El TE200S conmuta dos de las tres fases, y la tercera se conecta directamente.\" \/>\n<meta property=\"og:url\" content=\"https:\/\/www.eurotherm.com\/es\/products\/discontinued-eurotherm-products-es\/rele-de-estado-solido-te200s\/\" \/>\n<meta property=\"og:site_name\" content=\"Eurotherm Limited\" \/>\n<meta property=\"article:modified_time\" content=\"2018-11-02T10:57:54+00:00\" \/>\n<meta property=\"og:image\" content=\"https:\/\/www.eurotherm.com\/wp-content\/uploads\/2018\/10\/TE200S.jpg\" \/>\n\t<meta property=\"og:image:width\" content=\"500\" \/>\n\t<meta property=\"og:image:height\" content=\"500\" \/>\n\t<meta property=\"og:image:type\" content=\"image\/jpeg\" \/>\n<meta name=\"twitter:card\" content=\"summary_large_image\" \/>\n<meta name=\"twitter:label1\" content=\"Tiempo de lectura\" \/>\n\t<meta name=\"twitter:data1\" content=\"1 minuto\" \/>\n<script type=\"application\/ld+json\" class=\"yoast-schema-graph\">{\"@context\":\"https:\/\/schema.org\",\"@graph\":[{\"@type\":\"WebPage\",\"@id\":\"https:\/\/www.eurotherm.com\/es\/products\/discontinued-eurotherm-products-es\/rele-de-estado-solido-te200s\/\",\"url\":\"https:\/\/www.eurotherm.com\/es\/products\/discontinued-eurotherm-products-es\/rele-de-estado-solido-te200s\/\",\"name\":\"Rel\u00e9 de estado s\u00f3lido - TE200S | Eurotherm Limited\",\"isPartOf\":{\"@id\":\"https:\/\/www.eurotherm.com\/es\/#website\"},\"primaryImageOfPage\":{\"@id\":\"https:\/\/www.eurotherm.com\/es\/products\/discontinued-eurotherm-products-es\/rele-de-estado-solido-te200s\/#primaryimage\"},\"image\":{\"@id\":\"https:\/\/www.eurotherm.com\/es\/products\/discontinued-eurotherm-products-es\/rele-de-estado-solido-te200s\/#primaryimage\"},\"thumbnailUrl\":\"https:\/\/www.eurotherm.com\/wp-content\/uploads\/2018\/10\/TE200S.jpg\",\"datePublished\":\"2018-10-16T10:09:03+00:00\",\"dateModified\":\"2018-11-02T10:57:54+00:00\",\"description\":\"Rel\u00e9 de estado s\u00f3lido - TE200S | Rel\u00e9 de estado s\u00f3lido trif\u00e1sico con control sobre dos fases- TE200S El TE200S es un contactor de estado s\u00f3lido dise\u00f1ado para aplicaciones trif\u00e1sicas de prop\u00f3sito general utilizando cargas resistivas tripolares. El TE200S conmuta dos de las tres fases, y la tercera se conecta directamente.\",\"breadcrumb\":{\"@id\":\"https:\/\/www.eurotherm.com\/es\/products\/discontinued-eurotherm-products-es\/rele-de-estado-solido-te200s\/#breadcrumb\"},\"inLanguage\":\"es\",\"potentialAction\":[{\"@type\":\"ReadAction\",\"target\":[\"https:\/\/www.eurotherm.com\/es\/products\/discontinued-eurotherm-products-es\/rele-de-estado-solido-te200s\/\"]}]},{\"@type\":\"ImageObject\",\"inLanguage\":\"es\",\"@id\":\"https:\/\/www.eurotherm.com\/es\/products\/discontinued-eurotherm-products-es\/rele-de-estado-solido-te200s\/#primaryimage\",\"url\":\"https:\/\/www.eurotherm.com\/wp-content\/uploads\/2018\/10\/TE200S.jpg\",\"contentUrl\":\"https:\/\/www.eurotherm.com\/wp-content\/uploads\/2018\/10\/TE200S.jpg\",\"width\":500,\"height\":500},{\"@type\":\"BreadcrumbList\",\"@id\":\"https:\/\/www.eurotherm.com\/es\/products\/discontinued-eurotherm-products-es\/rele-de-estado-solido-te200s\/#breadcrumb\",\"itemListElement\":[{\"@type\":\"ListItem\",\"position\":1,\"name\":\"Home\",\"item\":\"https:\/\/www.eurotherm.com\/es\/\"},{\"@type\":\"ListItem\",\"position\":2,\"name\":\"Product Catalogue\",\"item\":\"https:\/\/www.eurotherm.com\/es\/product-catalogue\/\"},{\"@type\":\"ListItem\",\"position\":3,\"name\":\"Discontinued Eurotherm Products\",\"item\":\"https:\/\/www.eurotherm.com\/es\/eurotherm-products\/discontinued-eurotherm-products-es\/\"},{\"@type\":\"ListItem\",\"position\":4,\"name\":\"Rel\u00e9 de estado s\u00f3lido &#8211; TE200S\"}]},{\"@type\":\"WebSite\",\"@id\":\"https:\/\/www.eurotherm.com\/es\/#website\",\"url\":\"https:\/\/www.eurotherm.com\/es\/\",\"name\":\"Eurotherm Limited\",\"description\":\"Temperature Control, Process Control, Measurement and Data Recording Solutions\",\"potentialAction\":[{\"@type\":\"SearchAction\",\"target\":{\"@type\":\"EntryPoint\",\"urlTemplate\":\"https:\/\/www.eurotherm.com\/es\/?s={search_term_string}\"},\"query-input\":{\"@type\":\"PropertyValueSpecification\",\"valueRequired\":true,\"valueName\":\"search_term_string\"}}],\"inLanguage\":\"es\"}]}<\/script>\n<!-- \/ Yoast SEO plugin. -->","yoast_head_json":{"title":"Rel\u00e9 de estado s\u00f3lido - TE200S | Eurotherm Limited","description":"Rel\u00e9 de estado s\u00f3lido &#8211; TE200S | Dise\u00f1o ergon\u00f3mico Se\u00f1al de entrada l\u00f3gica de CA o CC Modo de disparo: \u00a0l\u00f3gico, dispar","robots":{"index":"index","follow":"follow","max-snippet":"max-snippet:-1","max-image-preview":"max-image-preview:large","max-video-preview":"max-video-preview:-1"},"og_locale":"es_ES","og_type":"article","og_title":"Rel\u00e9 de estado s\u00f3lido - TE200S | Eurotherm Limited","og_description":"Rel\u00e9 de estado s\u00f3lido - TE200S | Rel\u00e9 de estado s\u00f3lido trif\u00e1sico con control sobre dos fases- TE200S El TE200S es un contactor de estado s\u00f3lido dise\u00f1ado para aplicaciones trif\u00e1sicas de prop\u00f3sito general utilizando cargas resistivas tripolares.  El TE200S conmuta dos de las tres fases, y la tercera se conecta directamente.","og_url":"https:\/\/www.eurotherm.com\/es\/products\/discontinued-eurotherm-products-es\/rele-de-estado-solido-te200s\/","og_site_name":"Eurotherm Limited","article_modified_time":"2018-11-02T10:57:54+00:00","og_image":[{"width":500,"height":500,"url":"https:\/\/www.eurotherm.com\/wp-content\/uploads\/2018\/10\/TE200S.jpg","type":"image\/jpeg"}],"twitter_card":"summary_large_image","twitter_misc":{"Tiempo de lectura":"1 minuto"},"schema":{"@context":"https:\/\/schema.org","@graph":[{"@type":"WebPage","@id":"https:\/\/www.eurotherm.com\/es\/products\/discontinued-eurotherm-products-es\/rele-de-estado-solido-te200s\/","url":"https:\/\/www.eurotherm.com\/es\/products\/discontinued-eurotherm-products-es\/rele-de-estado-solido-te200s\/","name":"Rel\u00e9 de estado s\u00f3lido - TE200S | Eurotherm Limited","isPartOf":{"@id":"https:\/\/www.eurotherm.com\/es\/#website"},"primaryImageOfPage":{"@id":"https:\/\/www.eurotherm.com\/es\/products\/discontinued-eurotherm-products-es\/rele-de-estado-solido-te200s\/#primaryimage"},"image":{"@id":"https:\/\/www.eurotherm.com\/es\/products\/discontinued-eurotherm-products-es\/rele-de-estado-solido-te200s\/#primaryimage"},"thumbnailUrl":"https:\/\/www.eurotherm.com\/wp-content\/uploads\/2018\/10\/TE200S.jpg","datePublished":"2018-10-16T10:09:03+00:00","dateModified":"2018-11-02T10:57:54+00:00","description":"Rel\u00e9 de estado s\u00f3lido - TE200S | Rel\u00e9 de estado s\u00f3lido trif\u00e1sico con control sobre dos fases- TE200S El TE200S es un contactor de estado s\u00f3lido dise\u00f1ado para aplicaciones trif\u00e1sicas de prop\u00f3sito general utilizando cargas resistivas tripolares. El TE200S conmuta dos de las tres fases, y la tercera se conecta directamente.","breadcrumb":{"@id":"https:\/\/www.eurotherm.com\/es\/products\/discontinued-eurotherm-products-es\/rele-de-estado-solido-te200s\/#breadcrumb"},"inLanguage":"es","potentialAction":[{"@type":"ReadAction","target":["https:\/\/www.eurotherm.com\/es\/products\/discontinued-eurotherm-products-es\/rele-de-estado-solido-te200s\/"]}]},{"@type":"ImageObject","inLanguage":"es","@id":"https:\/\/www.eurotherm.com\/es\/products\/discontinued-eurotherm-products-es\/rele-de-estado-solido-te200s\/#primaryimage","url":"https:\/\/www.eurotherm.com\/wp-content\/uploads\/2018\/10\/TE200S.jpg","contentUrl":"https:\/\/www.eurotherm.com\/wp-content\/uploads\/2018\/10\/TE200S.jpg","width":500,"height":500},{"@type":"BreadcrumbList","@id":"https:\/\/www.eurotherm.com\/es\/products\/discontinued-eurotherm-products-es\/rele-de-estado-solido-te200s\/#breadcrumb","itemListElement":[{"@type":"ListItem","position":1,"name":"Home","item":"https:\/\/www.eurotherm.com\/es\/"},{"@type":"ListItem","position":2,"name":"Product Catalogue","item":"https:\/\/www.eurotherm.com\/es\/product-catalogue\/"},{"@type":"ListItem","position":3,"name":"Discontinued Eurotherm Products","item":"https:\/\/www.eurotherm.com\/es\/eurotherm-products\/discontinued-eurotherm-products-es\/"},{"@type":"ListItem","position":4,"name":"Rel\u00e9 de estado s\u00f3lido &#8211; TE200S"}]},{"@type":"WebSite","@id":"https:\/\/www.eurotherm.com\/es\/#website","url":"https:\/\/www.eurotherm.com\/es\/","name":"Eurotherm Limited","description":"Temperature Control, Process Control, Measurement and Data Recording Solutions","potentialAction":[{"@type":"SearchAction","target":{"@type":"EntryPoint","urlTemplate":"https:\/\/www.eurotherm.com\/es\/?s={search_term_string}"},"query-input":{"@type":"PropertyValueSpecification","valueRequired":true,"valueName":"search_term_string"}}],"inLanguage":"es"}]}},"ACF":false,"jetpack_sharing_enabled":true,"_links":{"self":[{"href":"https:\/\/www.eurotherm.com\/es\/wp-json\/wp\/v2\/product\/21087","targetHints":{"allow":["GET"]}}],"collection":[{"href":"https:\/\/www.eurotherm.com\/es\/wp-json\/wp\/v2\/product"}],"about":[{"href":"https:\/\/www.eurotherm.com\/es\/wp-json\/wp\/v2\/types\/product"}],"wp:featuredmedia":[{"embeddable":true,"href":"https:\/\/www.eurotherm.com\/es\/wp-json\/wp\/v2\/media\/7595"}],"wp:attachment":[{"href":"https:\/\/www.eurotherm.com\/es\/wp-json\/wp\/v2\/media?parent=21087"}],"wp:term":[{"taxonomy":"product_brand","embeddable":true,"href":"https:\/\/www.eurotherm.com\/es\/wp-json\/wp\/v2\/product_brand?post=21087"},{"taxonomy":"product_cat","embeddable":true,"href":"https:\/\/www.eurotherm.com\/es\/wp-json\/wp\/v2\/product_cat?post=21087"},{"taxonomy":"product_tag","embeddable":true,"href":"https:\/\/www.eurotherm.com\/es\/wp-json\/wp\/v2\/product_tag?post=21087"}],"curies":[{"name":"wp","href":"https:\/\/api.w.org\/{rel}","templated":true}]}}