{"id":21086,"date":"2018-10-15T08:49:12","date_gmt":"2018-10-16T10:08:46","guid":{"rendered":"https:\/\/www.eurotherm.com\/product\/registradores-graficos-4102c-y-4102m\/"},"modified":"2018-10-16T10:08:58","modified_gmt":"2018-10-16T10:08:58","slug":"registradores-graficos-4102c-y-4102m","status":"publish","type":"product","link":"https:\/\/www.eurotherm.com\/es\/products\/discontinued-eurotherm-products-es\/registradores-graficos-4102c-y-4102m\/","title":{"rendered":"Registradores gr\u00e1ficos  &#8211; 4102C y 4102M"},"content":{"rendered":"<p>Registradores gr\u00e1ficos &nbsp;&#8211; 4102C y 4102M<\/p>\n<p>\tRegistradores gr\u00e1ficos en papel&nbsp;<br \/>\n\tRegistradores gr\u00e1ficos de uso general<br \/>\n\tPreconfigurados o configurables por el usuario<br \/>\n\tProductos de fabricantes de equipos originales<\/p>\n<p>Los 4102 son registradores gr\u00e1ficos en papel de 100 mm de bajo coste que permiten registrar hasta cuatro &nbsp;variables de proceso (trazo continuo) o seis (multipunto) . Estos registradores, dise\u00f1ados para ajustarse a aberturas est\u00e1ndares DIN (138 x 138 mm), presentan unas dimensiones del panel posterior extremadamente reducidas de 236 mm con la cubierta instalada: son ideales para instalaciones con limitaciones de espacio.<\/p>\n","protected":false},"excerpt":{"rendered":"<p>Registradores gr\u00e1ficos &nbsp;&#8211; 4102C y 4102M Registradores gr\u00e1ficos en papel&nbsp; Registradores gr\u00e1ficos de uso general Preconfigurados o configurables por el [&hellip;]<\/p>\n","protected":false},"featured_media":6013,"template":"","meta":{"_acf_changed":false},"product_brand":[],"product_cat":[15421],"product_tag":[],"class_list":{"0":"post-21086","1":"product","2":"type-product","3":"status-publish","4":"has-post-thumbnail","6":"product_cat-discontinued-eurotherm-products-es","7":"product_shipping_class-1-es","9":"first","10":"instock","11":"purchasable","12":"product-type-simple"},"acf":[],"yoast_head":"<!-- This site is optimized with the Yoast SEO plugin v27.5 - https:\/\/yoast.com\/product\/yoast-seo-wordpress\/ -->\n<title>Registradores gr\u00e1ficos - 4102C y 4102M | Eurotherm Limited<\/title>\n<meta name=\"description\" content=\"Registradores gr\u00e1ficos &#8211; 4102C y 4102M | Registradores gr\u00e1ficos &nbsp;- 4102C y 4102M Registradores gr\u00e1ficos en papel&nbsp; Registradores gr\u00e1ficos de\" \/>\n<meta name=\"robots\" content=\"index, follow, max-snippet:-1, max-image-preview:large, max-video-preview:-1\" \/>\n<meta property=\"og:locale\" content=\"es_ES\" \/>\n<meta property=\"og:type\" content=\"article\" \/>\n<meta property=\"og:title\" content=\"Registradores gr\u00e1ficos - 4102C y 4102M | Eurotherm Limited\" \/>\n<meta property=\"og:description\" content=\"Registradores gr\u00e1ficos - 4102C y 4102M | Registradores gr\u00e1ficos &nbsp;- 4102C y 4102M Registradores gr\u00e1ficos en papel&nbsp; Registradores gr\u00e1ficos de uso general Preconfigurados o configurables\" \/>\n<meta property=\"og:url\" content=\"https:\/\/www.eurotherm.com\/es\/products\/discontinued-eurotherm-products-es\/registradores-graficos-4102c-y-4102m\/\" \/>\n<meta property=\"og:site_name\" content=\"Eurotherm Limited\" \/>\n<meta property=\"article:modified_time\" content=\"2018-10-16T10:08:58+00:00\" \/>\n<meta property=\"og:image\" content=\"https:\/\/www.eurotherm.com\/wp-content\/uploads\/2018\/10\/4102_fv.jpg\" \/>\n\t<meta property=\"og:image:width\" content=\"500\" \/>\n\t<meta property=\"og:image:height\" content=\"500\" \/>\n\t<meta property=\"og:image:type\" content=\"image\/jpeg\" \/>\n<meta name=\"twitter:card\" content=\"summary_large_image\" \/>\n<script type=\"application\/ld+json\" class=\"yoast-schema-graph\">{\"@context\":\"https:\\\/\\\/schema.org\",\"@graph\":[{\"@type\":\"WebPage\",\"@id\":\"https:\\\/\\\/www.eurotherm.com\\\/es\\\/products\\\/discontinued-eurotherm-products-es\\\/registradores-graficos-4102c-y-4102m\\\/\",\"url\":\"https:\\\/\\\/www.eurotherm.com\\\/es\\\/products\\\/discontinued-eurotherm-products-es\\\/registradores-graficos-4102c-y-4102m\\\/\",\"name\":\"Registradores gr\u00e1ficos - 4102C y 4102M | Eurotherm Limited\",\"isPartOf\":{\"@id\":\"https:\\\/\\\/www.eurotherm.com\\\/es\\\/#website\"},\"primaryImageOfPage\":{\"@id\":\"https:\\\/\\\/www.eurotherm.com\\\/es\\\/products\\\/discontinued-eurotherm-products-es\\\/registradores-graficos-4102c-y-4102m\\\/#primaryimage\"},\"image\":{\"@id\":\"https:\\\/\\\/www.eurotherm.com\\\/es\\\/products\\\/discontinued-eurotherm-products-es\\\/registradores-graficos-4102c-y-4102m\\\/#primaryimage\"},\"thumbnailUrl\":\"https:\\\/\\\/www.eurotherm.com\\\/wp-content\\\/uploads\\\/2018\\\/10\\\/4102_fv.jpg\",\"datePublished\":\"2018-10-16T10:08:46+00:00\",\"dateModified\":\"2018-10-16T10:08:58+00:00\",\"description\":\"Registradores gr\u00e1ficos - 4102C y 4102M | Registradores gr\u00e1ficos &nbsp;- 4102C y 4102M Registradores gr\u00e1ficos en papel&nbsp; Registradores gr\u00e1ficos de uso general Preconfigurados o configurables\",\"breadcrumb\":{\"@id\":\"https:\\\/\\\/www.eurotherm.com\\\/es\\\/products\\\/discontinued-eurotherm-products-es\\\/registradores-graficos-4102c-y-4102m\\\/#breadcrumb\"},\"inLanguage\":\"es\",\"potentialAction\":[{\"@type\":\"ReadAction\",\"target\":[\"https:\\\/\\\/www.eurotherm.com\\\/es\\\/products\\\/discontinued-eurotherm-products-es\\\/registradores-graficos-4102c-y-4102m\\\/\"]}]},{\"@type\":\"ImageObject\",\"inLanguage\":\"es\",\"@id\":\"https:\\\/\\\/www.eurotherm.com\\\/es\\\/products\\\/discontinued-eurotherm-products-es\\\/registradores-graficos-4102c-y-4102m\\\/#primaryimage\",\"url\":\"https:\\\/\\\/www.eurotherm.com\\\/wp-content\\\/uploads\\\/2018\\\/10\\\/4102_fv.jpg\",\"contentUrl\":\"https:\\\/\\\/www.eurotherm.com\\\/wp-content\\\/uploads\\\/2018\\\/10\\\/4102_fv.jpg\",\"width\":500,\"height\":500},{\"@type\":\"BreadcrumbList\",\"@id\":\"https:\\\/\\\/www.eurotherm.com\\\/es\\\/products\\\/discontinued-eurotherm-products-es\\\/registradores-graficos-4102c-y-4102m\\\/#breadcrumb\",\"itemListElement\":[{\"@type\":\"ListItem\",\"position\":1,\"name\":\"Home\",\"item\":\"https:\\\/\\\/www.eurotherm.com\\\/es\\\/\"},{\"@type\":\"ListItem\",\"position\":2,\"name\":\"Product Catalogue\",\"item\":\"https:\\\/\\\/www.eurotherm.com\\\/es\\\/product-catalogue\\\/\"},{\"@type\":\"ListItem\",\"position\":3,\"name\":\"Discontinued Eurotherm Products\",\"item\":\"https:\\\/\\\/www.eurotherm.com\\\/es\\\/eurotherm-products\\\/discontinued-eurotherm-products-es\\\/\"},{\"@type\":\"ListItem\",\"position\":4,\"name\":\"Registradores gr\u00e1ficos &#8211; 4102C y 4102M\"}]},{\"@type\":\"WebSite\",\"@id\":\"https:\\\/\\\/www.eurotherm.com\\\/es\\\/#website\",\"url\":\"https:\\\/\\\/www.eurotherm.com\\\/es\\\/\",\"name\":\"Eurotherm Limited\",\"description\":\"Temperature Control, Process Control, Measurement and Data Recording Solutions\",\"potentialAction\":[{\"@type\":\"SearchAction\",\"target\":{\"@type\":\"EntryPoint\",\"urlTemplate\":\"https:\\\/\\\/www.eurotherm.com\\\/es\\\/?s={search_term_string}\"},\"query-input\":{\"@type\":\"PropertyValueSpecification\",\"valueRequired\":true,\"valueName\":\"search_term_string\"}}],\"inLanguage\":\"es\"}]}<\/script>\n<!-- \/ Yoast SEO plugin. -->","yoast_head_json":{"title":"Registradores gr\u00e1ficos - 4102C y 4102M | Eurotherm Limited","description":"Registradores gr\u00e1ficos &#8211; 4102C y 4102M | Registradores gr\u00e1ficos &nbsp;- 4102C y 4102M Registradores gr\u00e1ficos en papel&nbsp; Registradores gr\u00e1ficos de","robots":{"index":"index","follow":"follow","max-snippet":"max-snippet:-1","max-image-preview":"max-image-preview:large","max-video-preview":"max-video-preview:-1"},"og_locale":"es_ES","og_type":"article","og_title":"Registradores gr\u00e1ficos - 4102C y 4102M | Eurotherm Limited","og_description":"Registradores gr\u00e1ficos - 4102C y 4102M | Registradores gr\u00e1ficos &nbsp;- 4102C y 4102M Registradores gr\u00e1ficos en papel&nbsp; Registradores gr\u00e1ficos de uso general Preconfigurados o configurables","og_url":"https:\/\/www.eurotherm.com\/es\/products\/discontinued-eurotherm-products-es\/registradores-graficos-4102c-y-4102m\/","og_site_name":"Eurotherm Limited","article_modified_time":"2018-10-16T10:08:58+00:00","og_image":[{"width":500,"height":500,"url":"https:\/\/www.eurotherm.com\/wp-content\/uploads\/2018\/10\/4102_fv.jpg","type":"image\/jpeg"}],"twitter_card":"summary_large_image","schema":{"@context":"https:\/\/schema.org","@graph":[{"@type":"WebPage","@id":"https:\/\/www.eurotherm.com\/es\/products\/discontinued-eurotherm-products-es\/registradores-graficos-4102c-y-4102m\/","url":"https:\/\/www.eurotherm.com\/es\/products\/discontinued-eurotherm-products-es\/registradores-graficos-4102c-y-4102m\/","name":"Registradores gr\u00e1ficos - 4102C y 4102M | Eurotherm Limited","isPartOf":{"@id":"https:\/\/www.eurotherm.com\/es\/#website"},"primaryImageOfPage":{"@id":"https:\/\/www.eurotherm.com\/es\/products\/discontinued-eurotherm-products-es\/registradores-graficos-4102c-y-4102m\/#primaryimage"},"image":{"@id":"https:\/\/www.eurotherm.com\/es\/products\/discontinued-eurotherm-products-es\/registradores-graficos-4102c-y-4102m\/#primaryimage"},"thumbnailUrl":"https:\/\/www.eurotherm.com\/wp-content\/uploads\/2018\/10\/4102_fv.jpg","datePublished":"2018-10-16T10:08:46+00:00","dateModified":"2018-10-16T10:08:58+00:00","description":"Registradores gr\u00e1ficos - 4102C y 4102M | Registradores gr\u00e1ficos &nbsp;- 4102C y 4102M Registradores gr\u00e1ficos en papel&nbsp; Registradores gr\u00e1ficos de uso general Preconfigurados o configurables","breadcrumb":{"@id":"https:\/\/www.eurotherm.com\/es\/products\/discontinued-eurotherm-products-es\/registradores-graficos-4102c-y-4102m\/#breadcrumb"},"inLanguage":"es","potentialAction":[{"@type":"ReadAction","target":["https:\/\/www.eurotherm.com\/es\/products\/discontinued-eurotherm-products-es\/registradores-graficos-4102c-y-4102m\/"]}]},{"@type":"ImageObject","inLanguage":"es","@id":"https:\/\/www.eurotherm.com\/es\/products\/discontinued-eurotherm-products-es\/registradores-graficos-4102c-y-4102m\/#primaryimage","url":"https:\/\/www.eurotherm.com\/wp-content\/uploads\/2018\/10\/4102_fv.jpg","contentUrl":"https:\/\/www.eurotherm.com\/wp-content\/uploads\/2018\/10\/4102_fv.jpg","width":500,"height":500},{"@type":"BreadcrumbList","@id":"https:\/\/www.eurotherm.com\/es\/products\/discontinued-eurotherm-products-es\/registradores-graficos-4102c-y-4102m\/#breadcrumb","itemListElement":[{"@type":"ListItem","position":1,"name":"Home","item":"https:\/\/www.eurotherm.com\/es\/"},{"@type":"ListItem","position":2,"name":"Product Catalogue","item":"https:\/\/www.eurotherm.com\/es\/product-catalogue\/"},{"@type":"ListItem","position":3,"name":"Discontinued Eurotherm Products","item":"https:\/\/www.eurotherm.com\/es\/eurotherm-products\/discontinued-eurotherm-products-es\/"},{"@type":"ListItem","position":4,"name":"Registradores gr\u00e1ficos &#8211; 4102C y 4102M"}]},{"@type":"WebSite","@id":"https:\/\/www.eurotherm.com\/es\/#website","url":"https:\/\/www.eurotherm.com\/es\/","name":"Eurotherm Limited","description":"Temperature Control, Process Control, Measurement and Data Recording Solutions","potentialAction":[{"@type":"SearchAction","target":{"@type":"EntryPoint","urlTemplate":"https:\/\/www.eurotherm.com\/es\/?s={search_term_string}"},"query-input":{"@type":"PropertyValueSpecification","valueRequired":true,"valueName":"search_term_string"}}],"inLanguage":"es"}]}},"ACF":false,"jetpack_sharing_enabled":true,"_links":{"self":[{"href":"https:\/\/www.eurotherm.com\/es\/wp-json\/wp\/v2\/product\/21086","targetHints":{"allow":["GET"]}}],"collection":[{"href":"https:\/\/www.eurotherm.com\/es\/wp-json\/wp\/v2\/product"}],"about":[{"href":"https:\/\/www.eurotherm.com\/es\/wp-json\/wp\/v2\/types\/product"}],"wp:featuredmedia":[{"embeddable":true,"href":"https:\/\/www.eurotherm.com\/es\/wp-json\/wp\/v2\/media\/6013"}],"wp:attachment":[{"href":"https:\/\/www.eurotherm.com\/es\/wp-json\/wp\/v2\/media?parent=21086"}],"wp:term":[{"taxonomy":"product_brand","embeddable":true,"href":"https:\/\/www.eurotherm.com\/es\/wp-json\/wp\/v2\/product_brand?post=21086"},{"taxonomy":"product_cat","embeddable":true,"href":"https:\/\/www.eurotherm.com\/es\/wp-json\/wp\/v2\/product_cat?post=21086"},{"taxonomy":"product_tag","embeddable":true,"href":"https:\/\/www.eurotherm.com\/es\/wp-json\/wp\/v2\/product_tag?post=21086"}],"curies":[{"name":"wp","href":"https:\/\/api.w.org\/{rel}","templated":true}]}}