{"id":21084,"date":"2018-10-15T08:55:20","date_gmt":"2018-10-15T08:55:20","guid":{"rendered":"https:\/\/www.eurotherm.com\/product\/registrador-de-datos-escalable-versadac\/"},"modified":"2023-08-18T21:40:42","modified_gmt":"2023-08-18T13:40:42","slug":"versadac-scalable-data-recorder","status":"publish","type":"product","link":"https:\/\/www.eurotherm.com\/es\/products\/registradores-y-adquisicion-de-datos\/registradores-graficos\/versadac-scalable-data-recorder\/","title":{"rendered":"Registrador de datos escalable versadac\u2122"},"content":{"rendered":"<p>La completa seguridad e integridad de datos hace que sea ideal para su uso en sectores regulados, como farmac\u00e9utico o tratamiento t\u00e9rmico, o para cualquier aplicaci\u00f3n donde la p\u00e9rdida de datos durante un proceso de fabricaci\u00f3n producir\u00eda la p\u00e9rdida de ingresos debido a desechos y revisi\u00f3n. Los datos se registran en archivos binarios encriptados que no son manipulables (conocidos como UHH) y se almacenan en una memoria flash integrada. Las estrategias de archivo flexibles garantizan que los datos a largo plazo se mantienen seguros para su posterior recuperaci\u00f3n y an\u00e1lisis en caso necesario.<\/p>\n<p>La versatilidad de esta unidad descansa en una extensa gama de tama\u00f1os base y selecci\u00f3n de m\u00f3dulos de entrada y salida para adaptarse a las necesidades de sus aplicaciones espec\u00edficas. Hay disponible una amplia variedad de prestaciones de software, incluidos control, funciones matem\u00e1ticas, totalizadores, canales de comunicaciones y registro de auditor\u00eda. Tambi\u00e9n est\u00e1n disponibles firmas electr\u00f3nicas y una funci\u00f3n de control de contrase\u00f1as que cumple los requisitos de FDA 21 CFR parte 11. La actualizaci\u00f3n del software y el hardware puede realizarse con facilidad in situ para garantizar que el registrador versadac pueda crecer con sus necesidades de proceso.<\/p>\n<p id=\"tw-target-text\" class=\"tw-data-text tw-text-large tw-ta\" dir=\"ltr\" data-placeholder=\"Translation\"><span class=\"Y2IQFc\" lang=\"es\">La grabadora versadac se integra f\u00e1cilmente en sistemas m\u00e1s grandes con opciones de comunicaci\u00f3n Modbus Master o Slave. <\/span>El equipo modular tambi\u00e9n puede distribuirse por toda la planta en la mejor posici\u00f3n para reducir los costes de instalaci\u00f3n y cableado.<\/p>\n<p>La configuraci\u00f3n del registrador se realiza mediante el software iTools PC, muy f\u00e1cil de usar. Las configuraciones pueden guardarse y reutilizarse, y existen m\u00f3dulos preconfigurados disponibles para reducir los costes de ingenier\u00eda. Una vez instalados, los registradores pueden verse y gestionarse con seguridad desde cualquier lugar de la red, lo que mejora la eficiencia operativa. Los datos archivados pueden almacenarse autom\u00e1ticamente en servidores FTP designados o en la nube con Eurotherm Online Services (EOS) usando EOS Director.<\/p>\n<h3><\/h3>\n<h3>Registro<\/h3>\n<ul>\n<li>Seguro<\/li>\n<li>No pierda datos nunca<\/li>\n<li>Excepcional seguridad de acceso y datos<\/li>\n<li>Firmas electr\u00f3nicas<\/li>\n<li>Archivo de datos validado autorreparable<\/li>\n<\/ul>\n<p>&nbsp;<\/p>\n<h3>Gesti\u00f3n<\/h3>\n<ul>\n<li>Visualizaci\u00f3n de los datos desde cualquier lugar<\/li>\n<li>Amplia biblioteca de funciones para procesar sus datos<\/li>\n<li>Registro de datos desde dispositivos remotos<\/li>\n<li>Archivado inteligente de los datos<\/li>\n<li>Servidor web<\/li>\n<li>Notificaci\u00f3n por correo electr\u00f3nico<\/li>\n<\/ul>\n<p>&nbsp;<\/p>\n<h3>Optimizaci\u00f3n<\/h3>\n<ul>\n<li>Optimizaci\u00f3n de la instalaci\u00f3n registrando datos all\u00ed donde lo desee<\/li>\n<li>Ampliable para ajustarse al proceso con E\/S modular<\/li>\n<li>Integraci\u00f3n sencilla<\/li>\n<li>Instalaci\u00f3n sencilla y compacta<\/li>\n<li>Actualizaci\u00f3n sencilla<\/li>\n<\/ul>\n","protected":false},"excerpt":{"rendered":"<p>El registrador de datos escalable versadac\u2122 ofrece una soluci\u00f3n vers\u00e1til para el registro de datos en el punto de medida. La completa seguridad e integridad de datos hace que sea ideal para su uso en sectores regulados.<\/p>\n","protected":false},"featured_media":149981,"template":"","meta":{"_acf_changed":false},"product_brand":[],"product_cat":[12705,12707,952,12708,12706],"product_tag":[],"class_list":{"0":"post-21084","1":"product","2":"type-product","3":"status-publish","4":"has-post-thumbnail","6":"product_cat-furnaces-atmosphere-and-vacuum-es","7":"product_cat-heat-treat-products-es","8":"product_cat-productos-spain","9":"product_cat-registradores-y-adquisicion-de-datos","10":"product_cat-registradores-graficos","11":"product_shipping_class-1-es","13":"first","14":"instock","15":"purchasable","16":"product-type-simple"},"acf":[],"yoast_head":"<!-- This site is optimized with the Yoast SEO plugin v27.2 - https:\/\/yoast.com\/product\/yoast-seo-wordpress\/ -->\n<title>Registrador de datos escalable versadac\u2122 | Eurotherm Limited<\/title>\n<meta name=\"description\" content=\"Registrador de datos escalable versadac\u2122 | La completa seguridad e integridad de datos hace que sea ideal para su uso en sectores regulados, como farmac\u00e9utico o\" \/>\n<meta name=\"robots\" content=\"index, follow, max-snippet:-1, max-image-preview:large, max-video-preview:-1\" \/>\n<meta property=\"og:locale\" content=\"es_ES\" \/>\n<meta property=\"og:type\" content=\"article\" \/>\n<meta property=\"og:title\" content=\"Registrador de datos escalable versadac\u2122 | Eurotherm Limited\" \/>\n<meta property=\"og:description\" content=\"Registrador de datos escalable versadac\u2122 | El registrador de datos escalable versadac\u2122 ofrece una soluci\u00f3n vers\u00e1til para el registro de datos en el punto de medida. La completa seguridad e integridad de datos hace que sea ideal para su uso en sectores regulados.\" \/>\n<meta property=\"og:url\" content=\"https:\/\/www.eurotherm.com\/es\/products\/registradores-y-adquisicion-de-datos\/registradores-graficos\/versadac-scalable-data-recorder\/\" \/>\n<meta property=\"og:site_name\" content=\"Eurotherm Limited\" \/>\n<meta property=\"article:modified_time\" content=\"2023-08-18T13:40:42+00:00\" \/>\n<meta property=\"og:image\" content=\"https:\/\/www.eurotherm.com\/wp-content\/uploads\/2018\/10\/versadac-group-images.png\" \/>\n\t<meta property=\"og:image:width\" content=\"1235\" \/>\n\t<meta property=\"og:image:height\" content=\"904\" \/>\n\t<meta property=\"og:image:type\" content=\"image\/png\" \/>\n<meta name=\"twitter:card\" content=\"summary_large_image\" \/>\n<meta name=\"twitter:label1\" content=\"Tiempo de lectura\" \/>\n\t<meta name=\"twitter:data1\" content=\"2 minutos\" \/>\n<script type=\"application\/ld+json\" class=\"yoast-schema-graph\">{\"@context\":\"https:\/\/schema.org\",\"@graph\":[{\"@type\":\"WebPage\",\"@id\":\"https:\/\/www.eurotherm.com\/es\/products\/registradores-y-adquisicion-de-datos\/registradores-graficos\/versadac-scalable-data-recorder\/\",\"url\":\"https:\/\/www.eurotherm.com\/es\/products\/registradores-y-adquisicion-de-datos\/registradores-graficos\/versadac-scalable-data-recorder\/\",\"name\":\"Registrador de datos escalable versadac\u2122 | Eurotherm Limited\",\"isPartOf\":{\"@id\":\"https:\/\/www.eurotherm.com\/es\/#website\"},\"primaryImageOfPage\":{\"@id\":\"https:\/\/www.eurotherm.com\/es\/products\/registradores-y-adquisicion-de-datos\/registradores-graficos\/versadac-scalable-data-recorder\/#primaryimage\"},\"image\":{\"@id\":\"https:\/\/www.eurotherm.com\/es\/products\/registradores-y-adquisicion-de-datos\/registradores-graficos\/versadac-scalable-data-recorder\/#primaryimage\"},\"thumbnailUrl\":\"https:\/\/www.eurotherm.com\/wp-content\/uploads\/2018\/10\/versadac-group-images.png\",\"datePublished\":\"2018-10-15T08:55:20+00:00\",\"dateModified\":\"2023-08-18T13:40:42+00:00\",\"description\":\"Registrador de datos escalable versadac\u2122 | El registrador de datos escalable versadac\u2122 ofrece una soluci\u00f3n vers\u00e1til para el registro de datos en el punto de medida. La completa seguridad e integridad de datos hace que sea ideal para su uso en sectores regulados.\",\"breadcrumb\":{\"@id\":\"https:\/\/www.eurotherm.com\/es\/products\/registradores-y-adquisicion-de-datos\/registradores-graficos\/versadac-scalable-data-recorder\/#breadcrumb\"},\"inLanguage\":\"es\",\"potentialAction\":[{\"@type\":\"ReadAction\",\"target\":[\"https:\/\/www.eurotherm.com\/es\/products\/registradores-y-adquisicion-de-datos\/registradores-graficos\/versadac-scalable-data-recorder\/\"]}]},{\"@type\":\"ImageObject\",\"inLanguage\":\"es\",\"@id\":\"https:\/\/www.eurotherm.com\/es\/products\/registradores-y-adquisicion-de-datos\/registradores-graficos\/versadac-scalable-data-recorder\/#primaryimage\",\"url\":\"https:\/\/www.eurotherm.com\/wp-content\/uploads\/2018\/10\/versadac-group-images.png\",\"contentUrl\":\"https:\/\/www.eurotherm.com\/wp-content\/uploads\/2018\/10\/versadac-group-images.png\",\"width\":1235,\"height\":904},{\"@type\":\"BreadcrumbList\",\"@id\":\"https:\/\/www.eurotherm.com\/es\/products\/registradores-y-adquisicion-de-datos\/registradores-graficos\/versadac-scalable-data-recorder\/#breadcrumb\",\"itemListElement\":[{\"@type\":\"ListItem\",\"position\":1,\"name\":\"Home\",\"item\":\"https:\/\/www.eurotherm.com\/es\/\"},{\"@type\":\"ListItem\",\"position\":2,\"name\":\"Product Catalogue\",\"item\":\"https:\/\/www.eurotherm.com\/es\/product-catalogue\/\"},{\"@type\":\"ListItem\",\"position\":3,\"name\":\"Registradores y Adquisici\u00f3n de Datos\",\"item\":\"https:\/\/www.eurotherm.com\/es\/eurotherm-products\/registradores-y-adquisicion-de-datos\/\"},{\"@type\":\"ListItem\",\"position\":4,\"name\":\"Registradores gr\u00e1ficos\",\"item\":\"https:\/\/www.eurotherm.com\/es\/eurotherm-products\/registradores-y-adquisicion-de-datos\/registradores-graficos\/\"},{\"@type\":\"ListItem\",\"position\":5,\"name\":\"Registrador de datos escalable versadac\u2122\"}]},{\"@type\":\"WebSite\",\"@id\":\"https:\/\/www.eurotherm.com\/es\/#website\",\"url\":\"https:\/\/www.eurotherm.com\/es\/\",\"name\":\"Eurotherm Limited\",\"description\":\"Temperature Control, Process Control, Measurement and Data Recording Solutions\",\"potentialAction\":[{\"@type\":\"SearchAction\",\"target\":{\"@type\":\"EntryPoint\",\"urlTemplate\":\"https:\/\/www.eurotherm.com\/es\/?s={search_term_string}\"},\"query-input\":{\"@type\":\"PropertyValueSpecification\",\"valueRequired\":true,\"valueName\":\"search_term_string\"}}],\"inLanguage\":\"es\"}]}<\/script>\n<!-- \/ Yoast SEO plugin. -->","yoast_head_json":{"title":"Registrador de datos escalable versadac\u2122 | Eurotherm Limited","description":"Registrador de datos escalable versadac\u2122 | La completa seguridad e integridad de datos hace que sea ideal para su uso en sectores regulados, como farmac\u00e9utico o","robots":{"index":"index","follow":"follow","max-snippet":"max-snippet:-1","max-image-preview":"max-image-preview:large","max-video-preview":"max-video-preview:-1"},"og_locale":"es_ES","og_type":"article","og_title":"Registrador de datos escalable versadac\u2122 | Eurotherm Limited","og_description":"Registrador de datos escalable versadac\u2122 | El registrador de datos escalable versadac\u2122 ofrece una soluci\u00f3n vers\u00e1til para el registro de datos en el punto de medida. La completa seguridad e integridad de datos hace que sea ideal para su uso en sectores regulados.","og_url":"https:\/\/www.eurotherm.com\/es\/products\/registradores-y-adquisicion-de-datos\/registradores-graficos\/versadac-scalable-data-recorder\/","og_site_name":"Eurotherm Limited","article_modified_time":"2023-08-18T13:40:42+00:00","og_image":[{"width":1235,"height":904,"url":"https:\/\/www.eurotherm.com\/wp-content\/uploads\/2018\/10\/versadac-group-images.png","type":"image\/png"}],"twitter_card":"summary_large_image","twitter_misc":{"Tiempo de lectura":"2 minutos"},"schema":{"@context":"https:\/\/schema.org","@graph":[{"@type":"WebPage","@id":"https:\/\/www.eurotherm.com\/es\/products\/registradores-y-adquisicion-de-datos\/registradores-graficos\/versadac-scalable-data-recorder\/","url":"https:\/\/www.eurotherm.com\/es\/products\/registradores-y-adquisicion-de-datos\/registradores-graficos\/versadac-scalable-data-recorder\/","name":"Registrador de datos escalable versadac\u2122 | Eurotherm Limited","isPartOf":{"@id":"https:\/\/www.eurotherm.com\/es\/#website"},"primaryImageOfPage":{"@id":"https:\/\/www.eurotherm.com\/es\/products\/registradores-y-adquisicion-de-datos\/registradores-graficos\/versadac-scalable-data-recorder\/#primaryimage"},"image":{"@id":"https:\/\/www.eurotherm.com\/es\/products\/registradores-y-adquisicion-de-datos\/registradores-graficos\/versadac-scalable-data-recorder\/#primaryimage"},"thumbnailUrl":"https:\/\/www.eurotherm.com\/wp-content\/uploads\/2018\/10\/versadac-group-images.png","datePublished":"2018-10-15T08:55:20+00:00","dateModified":"2023-08-18T13:40:42+00:00","description":"Registrador de datos escalable versadac\u2122 | El registrador de datos escalable versadac\u2122 ofrece una soluci\u00f3n vers\u00e1til para el registro de datos en el punto de medida. La completa seguridad e integridad de datos hace que sea ideal para su uso en sectores regulados.","breadcrumb":{"@id":"https:\/\/www.eurotherm.com\/es\/products\/registradores-y-adquisicion-de-datos\/registradores-graficos\/versadac-scalable-data-recorder\/#breadcrumb"},"inLanguage":"es","potentialAction":[{"@type":"ReadAction","target":["https:\/\/www.eurotherm.com\/es\/products\/registradores-y-adquisicion-de-datos\/registradores-graficos\/versadac-scalable-data-recorder\/"]}]},{"@type":"ImageObject","inLanguage":"es","@id":"https:\/\/www.eurotherm.com\/es\/products\/registradores-y-adquisicion-de-datos\/registradores-graficos\/versadac-scalable-data-recorder\/#primaryimage","url":"https:\/\/www.eurotherm.com\/wp-content\/uploads\/2018\/10\/versadac-group-images.png","contentUrl":"https:\/\/www.eurotherm.com\/wp-content\/uploads\/2018\/10\/versadac-group-images.png","width":1235,"height":904},{"@type":"BreadcrumbList","@id":"https:\/\/www.eurotherm.com\/es\/products\/registradores-y-adquisicion-de-datos\/registradores-graficos\/versadac-scalable-data-recorder\/#breadcrumb","itemListElement":[{"@type":"ListItem","position":1,"name":"Home","item":"https:\/\/www.eurotherm.com\/es\/"},{"@type":"ListItem","position":2,"name":"Product Catalogue","item":"https:\/\/www.eurotherm.com\/es\/product-catalogue\/"},{"@type":"ListItem","position":3,"name":"Registradores y Adquisici\u00f3n de Datos","item":"https:\/\/www.eurotherm.com\/es\/eurotherm-products\/registradores-y-adquisicion-de-datos\/"},{"@type":"ListItem","position":4,"name":"Registradores gr\u00e1ficos","item":"https:\/\/www.eurotherm.com\/es\/eurotherm-products\/registradores-y-adquisicion-de-datos\/registradores-graficos\/"},{"@type":"ListItem","position":5,"name":"Registrador de datos escalable versadac\u2122"}]},{"@type":"WebSite","@id":"https:\/\/www.eurotherm.com\/es\/#website","url":"https:\/\/www.eurotherm.com\/es\/","name":"Eurotherm Limited","description":"Temperature Control, Process Control, Measurement and Data Recording Solutions","potentialAction":[{"@type":"SearchAction","target":{"@type":"EntryPoint","urlTemplate":"https:\/\/www.eurotherm.com\/es\/?s={search_term_string}"},"query-input":{"@type":"PropertyValueSpecification","valueRequired":true,"valueName":"search_term_string"}}],"inLanguage":"es"}]}},"ACF":{"product_file":[131821,27449,28034,28352,28978,28987,28979,28980,28981,28982,28983,28984,28985,28973,132028,28974,28975,28986,29374,28976,29336,28458,28990,28035,28033,29345,28988,28989,28977,28030,28991,28036,28290,27454,27942,27866,27943,27939,28077,27473,27584,27097,27145,27144,97992,105978,114739,106653,106654,137168],"product_status":"Active Product","enable_watlow_configurator":true,"watlow_product_type":"Single","watlow_configurator_link":"https:\/\/www.watlow.com\/Products\/Controllers\/Eurotherm\/versadac-Scalable-Data-Recorder?econfig=123"},"jetpack_sharing_enabled":true,"_links":{"self":[{"href":"https:\/\/www.eurotherm.com\/es\/wp-json\/wp\/v2\/product\/21084","targetHints":{"allow":["GET"]}}],"collection":[{"href":"https:\/\/www.eurotherm.com\/es\/wp-json\/wp\/v2\/product"}],"about":[{"href":"https:\/\/www.eurotherm.com\/es\/wp-json\/wp\/v2\/types\/product"}],"wp:featuredmedia":[{"embeddable":true,"href":"https:\/\/www.eurotherm.com\/es\/wp-json\/wp\/v2\/media\/149981"}],"wp:attachment":[{"href":"https:\/\/www.eurotherm.com\/es\/wp-json\/wp\/v2\/media?parent=21084"}],"wp:term":[{"taxonomy":"product_brand","embeddable":true,"href":"https:\/\/www.eurotherm.com\/es\/wp-json\/wp\/v2\/product_brand?post=21084"},{"taxonomy":"product_cat","embeddable":true,"href":"https:\/\/www.eurotherm.com\/es\/wp-json\/wp\/v2\/product_cat?post=21084"},{"taxonomy":"product_tag","embeddable":true,"href":"https:\/\/www.eurotherm.com\/es\/wp-json\/wp\/v2\/product_tag?post=21084"}],"curies":[{"name":"wp","href":"https:\/\/api.w.org\/{rel}","templated":true}]}}