{"id":21083,"date":"2018-10-15T08:53:09","date_gmt":"2018-10-15T08:53:09","guid":{"rendered":"https:\/\/www.eurotherm.com\/product\/project-studio-developer\/"},"modified":"2019-05-20T13:16:20","modified_gmt":"2019-05-20T13:16:20","slug":"project-studio-developer","status":"publish","type":"product","link":"https:\/\/www.eurotherm.com\/es\/products\/control-maquina-proceso-plc-y-pac\/pac-software-es\/project-studio-developer\/","title":{"rendered":"Project Studio \/ Developer"},"content":{"rendered":"<p>Este paquete de herramientas proporciona una herramienta de configuraci\u00f3n, prueba, documentaci\u00f3n y puesta en funcionamiento para todos los instrumentos de sistemas de automatizaci\u00f3n. Incluye configuraci\u00f3n gr\u00e1fica para control continuo y secuencial utilizando lenguajes IEC61131-3 como configuraci\u00f3n de bloques funcionales, gr\u00e1ficos de funciones secuenciales y l\u00f3gica de escalera que permite crear acciones y pasos.<\/p>\n<p>La inclusi\u00f3n de la configuraci\u00f3n en l\u00ednea en una instalaci\u00f3n de supervisi\u00f3n permite a los usuarios revisar e interactuar con las estrategias de control y secuenciaci\u00f3n que ejecutan los instrumentos en l\u00ednea. Se han a\u00f1adido prestaciones adicionales para simplificar todos los elementos de configuraci\u00f3n de un controlador en un sencillo esquema en \u00e1rbol. La implementaci\u00f3n y prueba de su esquema de control LIN son m\u00e1s f\u00e1ciles y r\u00e1pidas que nunca.<\/p>\n<p>Para soluciones que empleen varios dispositivos, Project Developer ofrece herramientas adicionales para gestionar todos los elementos de la soluci\u00f3n de un proyecto en un \u00fanico entorno. El modelo de la planta f\u00edsica, los tags, la asignaci\u00f3n de E\/S, los grupos de alarma, la visualizaci\u00f3n y la seguridad de los datos se introducen mediante pantallas apropiadas y se almacenan en una base de datos relacional centralizada.<\/p>\n<p>Existe una herramienta de comprobaci\u00f3n del sistema que se utiliza para comprobar que la configuraci\u00f3n del PC cumple los requisitos del software.<\/p>\n<h2>\nComunicaciones integradas<\/h2>\n<p>LINOPC es compatible con OPC V2.05, lo que permite a los clientes OPC comunicarse con cualquier dispositivo LIN a trav\u00e9s de comunicaciones ARCnet, Ethernet y serie.<\/p>\n<p>Network Explorer de Eurotherm proporciona una detallada vista de todos los dispositivos conectados a un PC.<\/p>\n<p>OPCScope es un cliente OPC que ofrece datos en tiempo real e informaci\u00f3n sobre tendencias.<\/p>\n<p>&nbsp;<\/p>\n<p><strong>Project Studio incluye:<\/strong><\/p>\n<ul>\n<li>LINtools\n<ul>\n<li>Juego com\u00fan de herramientas de ingenier\u00eda<\/li>\n<li>Potentes funciones de puesta en marcha online<\/li>\n<li>Documentaci\u00f3n autom\u00e1tica<\/li>\n<li>Configuraci\u00f3n gr\u00e1fica<\/li>\n<li>Completa biblioteca de m\u00f3dulos de contro<\/li>\n<\/ul>\n<\/li>\n<li>Editor de pantalla del usuario<\/li>\n<li>Editor de programas de puntos de consigna de supervisi\u00f3n visual<\/li>\n<li>Network Explorer<\/li>\n<li>Soporte de reconfiguraci\u00f3n en l\u00ednea<\/li>\n<li>Ayuda en l\u00ednea con libros en l\u00ednea<\/li>\n<li>Herramientas Modbus<\/li>\n<li>Herramienta de comprobaci\u00f3n del sistema<\/li>\n<li>Servidor OPC<\/li>\n<\/ul>\n<p><strong>Project Developer incluye:<\/strong><\/p>\n<ul>\n<li>Entorno de desarrollo orientado a proyectos<\/li>\n<li>Entorno de desarrollo integrado<\/li>\n<li>Dise\u00f1ado para configurar sistemas de cualquier tama\u00f1o, desde sistemas de un solo nodo hasta sistemas multired de varios nodos<\/li>\n<li>Posibilidad de crear y mantener diferentes proyectos en una misma plataforma<\/li>\n<li>Asistentes para simplificar la configuraci\u00f3n del sistema<\/li>\n<li>Generaci\u00f3n autom\u00e1tica de archivos de configuraci\u00f3n<\/li>\n<li>Considerable reducci\u00f3n del esfuerzo de ingenier\u00eda<\/li>\n<li>Herramientas de configuraci\u00f3n orientadas a objetos<\/li>\n<li>Lista de etiquetas de importaci\u00f3n\/exportaci\u00f3n<\/li>\n<li>Configuraci\u00f3n centralizada en una base de datos relacional<\/li>\n<li>Edici\u00f3n en masa de datos de tags<\/li>\n<li>Posibilidad de recorrer los tags<\/li>\n<li>Perfiles de tags para configurar el acceso de usuarios<\/li>\n<\/ul>\n","protected":false},"excerpt":{"rendered":"<ul>\n<li>Un paquete de herramientas vers\u00e1til y ampliable para ajustarse a las necesidades del usuario. Dise\u00f1ado para simplificar la configuraci\u00f3n y visualizaci\u00f3n de soluciones de sistemas flexibles.<\/li>\n<li>Ahorra esfuerzos de ingenier\u00eda: estructura para planificar, conocer, especificar, redactar y probar un entorno de proyecto definido.<\/li>\n<li>Las funciones de generaci\u00f3n autom\u00e1tica ahorran tiempo de configuraci\u00f3n.<\/li>\n<li>Metodolog\u00eda IEC61131-3 y S88.<\/li>\n<li>Funcionamiento intuitivo.<\/li>\n<li>Base de datos centralizada con entrada de tags sencilla.<\/li>\n<\/ul>\n","protected":false},"featured_media":7735,"template":"","meta":{"_acf_changed":false},"product_brand":[],"product_cat":[12724,12383,12726,952],"product_tag":[],"class_list":{"0":"post-21083","1":"product","2":"type-product","3":"status-publish","4":"has-post-thumbnail","6":"product_cat-control-maquina-proceso-plc-y-pac","7":"product_cat-pac-software-es","8":"product_cat-plc-and-pac-es","9":"product_cat-productos-spain","10":"product_shipping_class-1-es","12":"first","13":"instock","14":"purchasable","15":"product-type-simple"},"acf":[],"yoast_head":"<!-- This site is optimized with the Yoast SEO plugin v27.2 - https:\/\/yoast.com\/product\/yoast-seo-wordpress\/ -->\n<title>Project Studio \/ Developer | Eurotherm Limited<\/title>\n<meta name=\"description\" content=\"Project Studio \/ Developer | Este paquete de herramientas proporciona una herramienta de configuraci\u00f3n, prueba, documentaci\u00f3n y puesta en funcionamiento para to\" \/>\n<meta name=\"robots\" content=\"index, follow, max-snippet:-1, max-image-preview:large, max-video-preview:-1\" \/>\n<meta property=\"og:locale\" content=\"es_ES\" \/>\n<meta property=\"og:type\" content=\"article\" \/>\n<meta property=\"og:title\" content=\"Project Studio \/ Developer | Eurotherm Limited\" \/>\n<meta property=\"og:description\" content=\"Project Studio \/ Developer | Un paquete de herramientas vers\u00e1til y ampliable para ajustarse a las necesidades del usuario. Dise\u00f1ado para simplificar la configuraci\u00f3n y visualizaci\u00f3n de soluciones de sistemas flexibles.  Ahorra esfuerzos de ingenier\u00eda: estructura para planificar, conocer, especificar, redactar y probar un entorno de proyecto definido.  Las funciones de generaci\u00f3n autom\u00e1tica ahorran tiempo de configuraci\u00f3n.  Metodolog\u00eda IEC61131-3 y S88.  Funcionamiento intuitivo.  Base de datos centralizada con entrada de tags sencilla.\" \/>\n<meta property=\"og:url\" content=\"https:\/\/www.eurotherm.com\/es\/products\/control-maquina-proceso-plc-y-pac\/pac-software-es\/project-studio-developer\/\" \/>\n<meta property=\"og:site_name\" content=\"Eurotherm Limited\" \/>\n<meta property=\"article:modified_time\" content=\"2019-05-20T13:16:20+00:00\" \/>\n<meta property=\"og:image\" content=\"https:\/\/www.eurotherm.com\/wp-content\/uploads\/2018\/10\/prod-studio.jpg\" \/>\n\t<meta property=\"og:image:width\" content=\"858\" \/>\n\t<meta property=\"og:image:height\" content=\"597\" \/>\n\t<meta property=\"og:image:type\" content=\"image\/jpeg\" \/>\n<meta name=\"twitter:card\" content=\"summary_large_image\" \/>\n<meta name=\"twitter:label1\" content=\"Tiempo de lectura\" \/>\n\t<meta name=\"twitter:data1\" content=\"2 minutos\" \/>\n<script type=\"application\/ld+json\" class=\"yoast-schema-graph\">{\"@context\":\"https:\/\/schema.org\",\"@graph\":[{\"@type\":\"WebPage\",\"@id\":\"https:\/\/www.eurotherm.com\/es\/products\/control-maquina-proceso-plc-y-pac\/pac-software-es\/project-studio-developer\/\",\"url\":\"https:\/\/www.eurotherm.com\/es\/products\/control-maquina-proceso-plc-y-pac\/pac-software-es\/project-studio-developer\/\",\"name\":\"Project Studio \/ Developer | Eurotherm Limited\",\"isPartOf\":{\"@id\":\"https:\/\/www.eurotherm.com\/es\/#website\"},\"primaryImageOfPage\":{\"@id\":\"https:\/\/www.eurotherm.com\/es\/products\/control-maquina-proceso-plc-y-pac\/pac-software-es\/project-studio-developer\/#primaryimage\"},\"image\":{\"@id\":\"https:\/\/www.eurotherm.com\/es\/products\/control-maquina-proceso-plc-y-pac\/pac-software-es\/project-studio-developer\/#primaryimage\"},\"thumbnailUrl\":\"https:\/\/www.eurotherm.com\/wp-content\/uploads\/2018\/10\/prod-studio.jpg\",\"datePublished\":\"2018-10-15T08:53:09+00:00\",\"dateModified\":\"2019-05-20T13:16:20+00:00\",\"description\":\"Project Studio \/ Developer | Un paquete de herramientas vers\u00e1til y ampliable para ajustarse a las necesidades del usuario. Dise\u00f1ado para simplificar la configuraci\u00f3n y visualizaci\u00f3n de soluciones de sistemas flexibles. Ahorra esfuerzos de ingenier\u00eda: estructura para planificar, conocer, especificar, redactar y probar un entorno de proyecto definido. Las funciones de generaci\u00f3n autom\u00e1tica ahorran tiempo de configuraci\u00f3n. Metodolog\u00eda IEC61131-3 y S88. Funcionamiento intuitivo. Base de datos centralizada con entrada de tags sencilla.\",\"breadcrumb\":{\"@id\":\"https:\/\/www.eurotherm.com\/es\/products\/control-maquina-proceso-plc-y-pac\/pac-software-es\/project-studio-developer\/#breadcrumb\"},\"inLanguage\":\"es\",\"potentialAction\":[{\"@type\":\"ReadAction\",\"target\":[\"https:\/\/www.eurotherm.com\/es\/products\/control-maquina-proceso-plc-y-pac\/pac-software-es\/project-studio-developer\/\"]}]},{\"@type\":\"ImageObject\",\"inLanguage\":\"es\",\"@id\":\"https:\/\/www.eurotherm.com\/es\/products\/control-maquina-proceso-plc-y-pac\/pac-software-es\/project-studio-developer\/#primaryimage\",\"url\":\"https:\/\/www.eurotherm.com\/wp-content\/uploads\/2018\/10\/prod-studio.jpg\",\"contentUrl\":\"https:\/\/www.eurotherm.com\/wp-content\/uploads\/2018\/10\/prod-studio.jpg\",\"width\":858,\"height\":597},{\"@type\":\"BreadcrumbList\",\"@id\":\"https:\/\/www.eurotherm.com\/es\/products\/control-maquina-proceso-plc-y-pac\/pac-software-es\/project-studio-developer\/#breadcrumb\",\"itemListElement\":[{\"@type\":\"ListItem\",\"position\":1,\"name\":\"Home\",\"item\":\"https:\/\/www.eurotherm.com\/es\/\"},{\"@type\":\"ListItem\",\"position\":2,\"name\":\"Product Catalogue\",\"item\":\"https:\/\/www.eurotherm.com\/es\/product-catalogue\/\"},{\"@type\":\"ListItem\",\"position\":3,\"name\":\"Control m\u00e1quina, proceso, PLC y PAC\",\"item\":\"https:\/\/www.eurotherm.com\/es\/eurotherm-products\/control-maquina-proceso-plc-y-pac\/\"},{\"@type\":\"ListItem\",\"position\":4,\"name\":\"PAC Software\",\"item\":\"https:\/\/www.eurotherm.com\/es\/eurotherm-products\/control-maquina-proceso-plc-y-pac\/pac-software-es\/\"},{\"@type\":\"ListItem\",\"position\":5,\"name\":\"Project Studio \/ Developer\"}]},{\"@type\":\"WebSite\",\"@id\":\"https:\/\/www.eurotherm.com\/es\/#website\",\"url\":\"https:\/\/www.eurotherm.com\/es\/\",\"name\":\"Eurotherm Limited\",\"description\":\"Temperature Control, Process Control, Measurement and Data Recording Solutions\",\"potentialAction\":[{\"@type\":\"SearchAction\",\"target\":{\"@type\":\"EntryPoint\",\"urlTemplate\":\"https:\/\/www.eurotherm.com\/es\/?s={search_term_string}\"},\"query-input\":{\"@type\":\"PropertyValueSpecification\",\"valueRequired\":true,\"valueName\":\"search_term_string\"}}],\"inLanguage\":\"es\"}]}<\/script>\n<!-- \/ Yoast SEO plugin. -->","yoast_head_json":{"title":"Project Studio \/ Developer | Eurotherm Limited","description":"Project Studio \/ Developer | Este paquete de herramientas proporciona una herramienta de configuraci\u00f3n, prueba, documentaci\u00f3n y puesta en funcionamiento para to","robots":{"index":"index","follow":"follow","max-snippet":"max-snippet:-1","max-image-preview":"max-image-preview:large","max-video-preview":"max-video-preview:-1"},"og_locale":"es_ES","og_type":"article","og_title":"Project Studio \/ Developer | Eurotherm Limited","og_description":"Project Studio \/ Developer | Un paquete de herramientas vers\u00e1til y ampliable para ajustarse a las necesidades del usuario. Dise\u00f1ado para simplificar la configuraci\u00f3n y visualizaci\u00f3n de soluciones de sistemas flexibles.  Ahorra esfuerzos de ingenier\u00eda: estructura para planificar, conocer, especificar, redactar y probar un entorno de proyecto definido.  Las funciones de generaci\u00f3n autom\u00e1tica ahorran tiempo de configuraci\u00f3n.  Metodolog\u00eda IEC61131-3 y S88.  Funcionamiento intuitivo.  Base de datos centralizada con entrada de tags sencilla.","og_url":"https:\/\/www.eurotherm.com\/es\/products\/control-maquina-proceso-plc-y-pac\/pac-software-es\/project-studio-developer\/","og_site_name":"Eurotherm Limited","article_modified_time":"2019-05-20T13:16:20+00:00","og_image":[{"width":858,"height":597,"url":"https:\/\/www.eurotherm.com\/wp-content\/uploads\/2018\/10\/prod-studio.jpg","type":"image\/jpeg"}],"twitter_card":"summary_large_image","twitter_misc":{"Tiempo de lectura":"2 minutos"},"schema":{"@context":"https:\/\/schema.org","@graph":[{"@type":"WebPage","@id":"https:\/\/www.eurotherm.com\/es\/products\/control-maquina-proceso-plc-y-pac\/pac-software-es\/project-studio-developer\/","url":"https:\/\/www.eurotherm.com\/es\/products\/control-maquina-proceso-plc-y-pac\/pac-software-es\/project-studio-developer\/","name":"Project Studio \/ Developer | Eurotherm Limited","isPartOf":{"@id":"https:\/\/www.eurotherm.com\/es\/#website"},"primaryImageOfPage":{"@id":"https:\/\/www.eurotherm.com\/es\/products\/control-maquina-proceso-plc-y-pac\/pac-software-es\/project-studio-developer\/#primaryimage"},"image":{"@id":"https:\/\/www.eurotherm.com\/es\/products\/control-maquina-proceso-plc-y-pac\/pac-software-es\/project-studio-developer\/#primaryimage"},"thumbnailUrl":"https:\/\/www.eurotherm.com\/wp-content\/uploads\/2018\/10\/prod-studio.jpg","datePublished":"2018-10-15T08:53:09+00:00","dateModified":"2019-05-20T13:16:20+00:00","description":"Project Studio \/ Developer | Un paquete de herramientas vers\u00e1til y ampliable para ajustarse a las necesidades del usuario. Dise\u00f1ado para simplificar la configuraci\u00f3n y visualizaci\u00f3n de soluciones de sistemas flexibles. Ahorra esfuerzos de ingenier\u00eda: estructura para planificar, conocer, especificar, redactar y probar un entorno de proyecto definido. Las funciones de generaci\u00f3n autom\u00e1tica ahorran tiempo de configuraci\u00f3n. Metodolog\u00eda IEC61131-3 y S88. Funcionamiento intuitivo. Base de datos centralizada con entrada de tags sencilla.","breadcrumb":{"@id":"https:\/\/www.eurotherm.com\/es\/products\/control-maquina-proceso-plc-y-pac\/pac-software-es\/project-studio-developer\/#breadcrumb"},"inLanguage":"es","potentialAction":[{"@type":"ReadAction","target":["https:\/\/www.eurotherm.com\/es\/products\/control-maquina-proceso-plc-y-pac\/pac-software-es\/project-studio-developer\/"]}]},{"@type":"ImageObject","inLanguage":"es","@id":"https:\/\/www.eurotherm.com\/es\/products\/control-maquina-proceso-plc-y-pac\/pac-software-es\/project-studio-developer\/#primaryimage","url":"https:\/\/www.eurotherm.com\/wp-content\/uploads\/2018\/10\/prod-studio.jpg","contentUrl":"https:\/\/www.eurotherm.com\/wp-content\/uploads\/2018\/10\/prod-studio.jpg","width":858,"height":597},{"@type":"BreadcrumbList","@id":"https:\/\/www.eurotherm.com\/es\/products\/control-maquina-proceso-plc-y-pac\/pac-software-es\/project-studio-developer\/#breadcrumb","itemListElement":[{"@type":"ListItem","position":1,"name":"Home","item":"https:\/\/www.eurotherm.com\/es\/"},{"@type":"ListItem","position":2,"name":"Product Catalogue","item":"https:\/\/www.eurotherm.com\/es\/product-catalogue\/"},{"@type":"ListItem","position":3,"name":"Control m\u00e1quina, proceso, PLC y PAC","item":"https:\/\/www.eurotherm.com\/es\/eurotherm-products\/control-maquina-proceso-plc-y-pac\/"},{"@type":"ListItem","position":4,"name":"PAC Software","item":"https:\/\/www.eurotherm.com\/es\/eurotherm-products\/control-maquina-proceso-plc-y-pac\/pac-software-es\/"},{"@type":"ListItem","position":5,"name":"Project Studio \/ Developer"}]},{"@type":"WebSite","@id":"https:\/\/www.eurotherm.com\/es\/#website","url":"https:\/\/www.eurotherm.com\/es\/","name":"Eurotherm Limited","description":"Temperature Control, Process Control, Measurement and Data Recording Solutions","potentialAction":[{"@type":"SearchAction","target":{"@type":"EntryPoint","urlTemplate":"https:\/\/www.eurotherm.com\/es\/?s={search_term_string}"},"query-input":{"@type":"PropertyValueSpecification","valueRequired":true,"valueName":"search_term_string"}}],"inLanguage":"es"}]}},"ACF":{"related_products":"","product_file":[27454,28535,27942,27866,27943,27939,27737,27584,27748,27938,27497,125596]},"jetpack_sharing_enabled":true,"_links":{"self":[{"href":"https:\/\/www.eurotherm.com\/es\/wp-json\/wp\/v2\/product\/21083","targetHints":{"allow":["GET"]}}],"collection":[{"href":"https:\/\/www.eurotherm.com\/es\/wp-json\/wp\/v2\/product"}],"about":[{"href":"https:\/\/www.eurotherm.com\/es\/wp-json\/wp\/v2\/types\/product"}],"wp:featuredmedia":[{"embeddable":true,"href":"https:\/\/www.eurotherm.com\/es\/wp-json\/wp\/v2\/media\/7735"}],"wp:attachment":[{"href":"https:\/\/www.eurotherm.com\/es\/wp-json\/wp\/v2\/media?parent=21083"}],"wp:term":[{"taxonomy":"product_brand","embeddable":true,"href":"https:\/\/www.eurotherm.com\/es\/wp-json\/wp\/v2\/product_brand?post=21083"},{"taxonomy":"product_cat","embeddable":true,"href":"https:\/\/www.eurotherm.com\/es\/wp-json\/wp\/v2\/product_cat?post=21083"},{"taxonomy":"product_tag","embeddable":true,"href":"https:\/\/www.eurotherm.com\/es\/wp-json\/wp\/v2\/product_tag?post=21083"}],"curies":[{"name":"wp","href":"https:\/\/api.w.org\/{rel}","templated":true}]}}