{"id":21081,"date":"2018-10-15T08:53:09","date_gmt":"2018-10-15T08:53:09","guid":{"rendered":"https:\/\/www.eurotherm.com\/product\/process-viewer\/"},"modified":"2025-05-14T00:23:24","modified_gmt":"2025-05-13T16:23:24","slug":"process-viewer","status":"publish","type":"product","link":"https:\/\/www.eurotherm.com\/es\/products\/control-maquina-proceso-plc-y-pac\/pac-software-es\/process-viewer\/","title":{"rendered":"Process Viewer"},"content":{"rendered":"<p>Este paquete ofrece el software de visualizaci\u00f3n InTouch de Wonderware, un verdadero frontal gr\u00e1fico con el servidor OPC Modbus iTools de Eurotherm que proporciona visualizaciones est\u00e1ndares y f\u00e1ciles de configurar para todos los productos de Eurotherm compatibles con comunicaciones Modbus.<\/p>\n<p>Process Viewer ofrece conectividad r\u00e1pida y sencilla con los controladores 2000 y 3000 de Eurotherm, los registradores 4000, 5000 y 6000, y los sistemas de automatizaci\u00f3n.<\/p>\n<p>El software de visualizaci\u00f3n InTouch es una potente interfaz gr\u00e1fica hombre-m\u00e1quina (HMI) para automatizaci\u00f3n industrial, control de procesos y supervisi\u00f3n de vigilancia. La interfaz InTouch permite a los usuarios visualizar y controlar los procesos industriales, as\u00ed como ofrecer a los ingenieros un entorno de desarrollo f\u00e1cil de usar y con amplias funcionalidades para crear, probar e implementar con rapidez potentes aplicaciones de automatizaci\u00f3n que se conectan para suministrar informaci\u00f3n en tiempo real. El software InTouch es una HMI abierta y ampliable que garantiza la flexibilidad en el dise\u00f1o de aplicaciones personalizadas con conectividad con el juego m\u00e1s amplio de dispositivos de automatizaci\u00f3n del sector.<\/p>\n<p>&nbsp;<\/p>\n<h2>Opciones<\/h2>\n<p>Process Viewer est\u00e1 disponible en diversos tama\u00f1os y capacidades para adaptarse mejor a las aplicaciones concretas.<\/p>\n<p>Los siguientes sistemas est\u00e1n disponibles en tiempo de ejecuci\u00f3n, con y sin E\/S, y sistemas completos de desarrollo, como sigue:<\/p>\n<ul>\n<li>Nivel de acceso (20 bloques LIN\/64 tags)<\/li>\n<li>Base (20 bloques LIN\/500 tags)<\/li>\n<li>Peque\u00f1o (100 bloques LIN\/1.000 tags)<\/li>\n<li>Grande (300 bloques LIN\/3.000 tags)<\/li>\n<li>Extragrande (600 bloques LIN\/60.000 tags)<\/li>\n<\/ul>\n<p>&nbsp;<\/p>\n<ul>\n<li>F\u00e1cil de configurar<\/li>\n<li>Alarmas<\/li>\n<li>Tendencias hist\u00f3ricas y en tiempo real<\/li>\n<li>Recetas<\/li>\n<li>Scripts<\/li>\n<li>Seguridad<\/li>\n<li>Biblioteca de s\u00edmbolos<\/li>\n<li>Amplia conectividad<\/li>\n<\/ul>\n","protected":false},"excerpt":{"rendered":"<h2>Process Viewer le ofrece niveles \u00fanicos de integraci\u00f3n del sistema<\/h2>\n<ul>\n<li>HMI de bajo coste basado en el software de visualizaci\u00f3n InTouch\u00ae de Wonderware\u00ae<\/li>\n<li>Incluye iTools y el servidor OPC EuroMBUS<\/li>\n<li>LINtools y LIN servidor OPC<\/li>\n<li>Compatibilidad con comunicaciones serie y Ethernet para todos los productos de Eurotherm<\/li>\n<\/ul>\n<p>Con Process Viewer, Eurotherm ofrece niveles \u00fanicos de integraci\u00f3n del sistema con una soluci\u00f3n HMI de bajo coste capaz de visualizar todos los productos de Eurotherm. Satisfacemos este requisito al enlazar la herramienta l\u00edder InTouch HMI de Wonderware con la tecnolog\u00eda iTools\/EuroMBUS de Eurotherm y LINtools\/LINOPC para proporcionar una soluci\u00f3n extremadamente rentable.<\/p>\n","protected":false},"featured_media":16009,"template":"","meta":{"_acf_changed":false},"product_brand":[],"product_cat":[12724,12383,12726,952],"product_tag":[],"class_list":{"0":"post-21081","1":"product","2":"type-product","3":"status-publish","4":"has-post-thumbnail","6":"product_cat-control-maquina-proceso-plc-y-pac","7":"product_cat-pac-software-es","8":"product_cat-plc-and-pac-es","9":"product_cat-productos-spain","10":"product_shipping_class-1-es","12":"first","13":"instock","14":"purchasable","15":"product-type-simple"},"acf":[],"yoast_head":"<!-- This site is optimized with the Yoast SEO plugin v27.2 - https:\/\/yoast.com\/product\/yoast-seo-wordpress\/ -->\n<title>Process Viewer | Eurotherm Limited<\/title>\n<meta name=\"description\" content=\"Process Viewer | Este paquete ofrece el software de visualizaci\u00f3n InTouch de Wonderware, un verdadero frontal gr\u00e1fico con el servidor OPC Modbus iTools de Eurot\" \/>\n<meta name=\"robots\" content=\"index, follow, max-snippet:-1, max-image-preview:large, max-video-preview:-1\" \/>\n<meta property=\"og:locale\" content=\"es_ES\" \/>\n<meta property=\"og:type\" content=\"article\" \/>\n<meta property=\"og:title\" content=\"Process Viewer | Eurotherm Limited\" \/>\n<meta property=\"og:description\" content=\"Process Viewer | Process Viewer le ofrece niveles \u00fanicos de integraci\u00f3n del sistema   HMI de bajo coste basado en el software de visualizaci\u00f3n InTouch\u00ae de Wonderware\u00ae  Incluye iTools y el servidor OPC EuroMBUS  LINtools y LIN servidor OPC  Compatibilidad con comunicaciones serie y Ethernet para todos los productos de Eurotherm  Con Process Viewer, Eurotherm ofrece niveles \u00fanicos de integraci\u00f3n del sistema con una soluci\u00f3n HMI de bajo coste capaz de visualizar todos los productos de Eurotherm. Satisfacemos este requisito al enlazar la herramienta l\u00edder InTouch HMI de Wonderware con la tecnolog\u00eda iTools\/EuroMBUS de Eurotherm y LINtools\/LINOPC para proporcionar una soluci\u00f3n extremadamente rentable.\" \/>\n<meta property=\"og:url\" content=\"https:\/\/www.eurotherm.com\/es\/products\/control-maquina-proceso-plc-y-pac\/pac-software-es\/process-viewer\/\" \/>\n<meta property=\"og:site_name\" content=\"Eurotherm Limited\" \/>\n<meta property=\"article:modified_time\" content=\"2025-05-13T16:23:24+00:00\" \/>\n<meta property=\"og:image\" content=\"https:\/\/www.eurotherm.com\/wp-content\/uploads\/2018\/10\/Process_viewer.jpg\" \/>\n\t<meta property=\"og:image:width\" content=\"500\" \/>\n\t<meta property=\"og:image:height\" content=\"500\" \/>\n\t<meta property=\"og:image:type\" content=\"image\/jpeg\" \/>\n<meta name=\"twitter:card\" content=\"summary_large_image\" \/>\n<meta name=\"twitter:label1\" content=\"Tiempo de lectura\" \/>\n\t<meta name=\"twitter:data1\" content=\"2 minutos\" \/>\n<script type=\"application\/ld+json\" class=\"yoast-schema-graph\">{\"@context\":\"https:\/\/schema.org\",\"@graph\":[{\"@type\":\"WebPage\",\"@id\":\"https:\/\/www.eurotherm.com\/es\/products\/control-maquina-proceso-plc-y-pac\/pac-software-es\/process-viewer\/\",\"url\":\"https:\/\/www.eurotherm.com\/es\/products\/control-maquina-proceso-plc-y-pac\/pac-software-es\/process-viewer\/\",\"name\":\"Process Viewer | Eurotherm Limited\",\"isPartOf\":{\"@id\":\"https:\/\/www.eurotherm.com\/es\/#website\"},\"primaryImageOfPage\":{\"@id\":\"https:\/\/www.eurotherm.com\/es\/products\/control-maquina-proceso-plc-y-pac\/pac-software-es\/process-viewer\/#primaryimage\"},\"image\":{\"@id\":\"https:\/\/www.eurotherm.com\/es\/products\/control-maquina-proceso-plc-y-pac\/pac-software-es\/process-viewer\/#primaryimage\"},\"thumbnailUrl\":\"https:\/\/www.eurotherm.com\/wp-content\/uploads\/2018\/10\/Process_viewer.jpg\",\"datePublished\":\"2018-10-15T08:53:09+00:00\",\"dateModified\":\"2025-05-13T16:23:24+00:00\",\"description\":\"Process Viewer | Process Viewer le ofrece niveles \u00fanicos de integraci\u00f3n del sistema HMI de bajo coste basado en el software de visualizaci\u00f3n InTouch\u00ae de Wonderware\u00ae Incluye iTools y el servidor OPC EuroMBUS LINtools y LIN servidor OPC Compatibilidad con comunicaciones serie y Ethernet para todos los productos de Eurotherm Con Process Viewer, Eurotherm ofrece niveles \u00fanicos de integraci\u00f3n del sistema con una soluci\u00f3n HMI de bajo coste capaz de visualizar todos los productos de Eurotherm. Satisfacemos este requisito al enlazar la herramienta l\u00edder InTouch HMI de Wonderware con la tecnolog\u00eda iTools\/EuroMBUS de Eurotherm y LINtools\/LINOPC para proporcionar una soluci\u00f3n extremadamente rentable.\",\"breadcrumb\":{\"@id\":\"https:\/\/www.eurotherm.com\/es\/products\/control-maquina-proceso-plc-y-pac\/pac-software-es\/process-viewer\/#breadcrumb\"},\"inLanguage\":\"es\",\"potentialAction\":[{\"@type\":\"ReadAction\",\"target\":[\"https:\/\/www.eurotherm.com\/es\/products\/control-maquina-proceso-plc-y-pac\/pac-software-es\/process-viewer\/\"]}]},{\"@type\":\"ImageObject\",\"inLanguage\":\"es\",\"@id\":\"https:\/\/www.eurotherm.com\/es\/products\/control-maquina-proceso-plc-y-pac\/pac-software-es\/process-viewer\/#primaryimage\",\"url\":\"https:\/\/www.eurotherm.com\/wp-content\/uploads\/2018\/10\/Process_viewer.jpg\",\"contentUrl\":\"https:\/\/www.eurotherm.com\/wp-content\/uploads\/2018\/10\/Process_viewer.jpg\",\"width\":500,\"height\":500},{\"@type\":\"BreadcrumbList\",\"@id\":\"https:\/\/www.eurotherm.com\/es\/products\/control-maquina-proceso-plc-y-pac\/pac-software-es\/process-viewer\/#breadcrumb\",\"itemListElement\":[{\"@type\":\"ListItem\",\"position\":1,\"name\":\"Home\",\"item\":\"https:\/\/www.eurotherm.com\/es\/\"},{\"@type\":\"ListItem\",\"position\":2,\"name\":\"Product Catalogue\",\"item\":\"https:\/\/www.eurotherm.com\/es\/product-catalogue\/\"},{\"@type\":\"ListItem\",\"position\":3,\"name\":\"Control m\u00e1quina, proceso, PLC y PAC\",\"item\":\"https:\/\/www.eurotherm.com\/es\/eurotherm-products\/control-maquina-proceso-plc-y-pac\/\"},{\"@type\":\"ListItem\",\"position\":4,\"name\":\"PAC Software\",\"item\":\"https:\/\/www.eurotherm.com\/es\/eurotherm-products\/control-maquina-proceso-plc-y-pac\/pac-software-es\/\"},{\"@type\":\"ListItem\",\"position\":5,\"name\":\"Process Viewer\"}]},{\"@type\":\"WebSite\",\"@id\":\"https:\/\/www.eurotherm.com\/es\/#website\",\"url\":\"https:\/\/www.eurotherm.com\/es\/\",\"name\":\"Eurotherm Limited\",\"description\":\"Temperature Control, Process Control, Measurement and Data Recording Solutions\",\"potentialAction\":[{\"@type\":\"SearchAction\",\"target\":{\"@type\":\"EntryPoint\",\"urlTemplate\":\"https:\/\/www.eurotherm.com\/es\/?s={search_term_string}\"},\"query-input\":{\"@type\":\"PropertyValueSpecification\",\"valueRequired\":true,\"valueName\":\"search_term_string\"}}],\"inLanguage\":\"es\"}]}<\/script>\n<!-- \/ Yoast SEO plugin. -->","yoast_head_json":{"title":"Process Viewer | Eurotherm Limited","description":"Process Viewer | Este paquete ofrece el software de visualizaci\u00f3n InTouch de Wonderware, un verdadero frontal gr\u00e1fico con el servidor OPC Modbus iTools de Eurot","robots":{"index":"index","follow":"follow","max-snippet":"max-snippet:-1","max-image-preview":"max-image-preview:large","max-video-preview":"max-video-preview:-1"},"og_locale":"es_ES","og_type":"article","og_title":"Process Viewer | Eurotherm Limited","og_description":"Process Viewer | Process Viewer le ofrece niveles \u00fanicos de integraci\u00f3n del sistema   HMI de bajo coste basado en el software de visualizaci\u00f3n InTouch\u00ae de Wonderware\u00ae  Incluye iTools y el servidor OPC EuroMBUS  LINtools y LIN servidor OPC  Compatibilidad con comunicaciones serie y Ethernet para todos los productos de Eurotherm  Con Process Viewer, Eurotherm ofrece niveles \u00fanicos de integraci\u00f3n del sistema con una soluci\u00f3n HMI de bajo coste capaz de visualizar todos los productos de Eurotherm. Satisfacemos este requisito al enlazar la herramienta l\u00edder InTouch HMI de Wonderware con la tecnolog\u00eda iTools\/EuroMBUS de Eurotherm y LINtools\/LINOPC para proporcionar una soluci\u00f3n extremadamente rentable.","og_url":"https:\/\/www.eurotherm.com\/es\/products\/control-maquina-proceso-plc-y-pac\/pac-software-es\/process-viewer\/","og_site_name":"Eurotherm Limited","article_modified_time":"2025-05-13T16:23:24+00:00","og_image":[{"width":500,"height":500,"url":"https:\/\/www.eurotherm.com\/wp-content\/uploads\/2018\/10\/Process_viewer.jpg","type":"image\/jpeg"}],"twitter_card":"summary_large_image","twitter_misc":{"Tiempo de lectura":"2 minutos"},"schema":{"@context":"https:\/\/schema.org","@graph":[{"@type":"WebPage","@id":"https:\/\/www.eurotherm.com\/es\/products\/control-maquina-proceso-plc-y-pac\/pac-software-es\/process-viewer\/","url":"https:\/\/www.eurotherm.com\/es\/products\/control-maquina-proceso-plc-y-pac\/pac-software-es\/process-viewer\/","name":"Process Viewer | Eurotherm Limited","isPartOf":{"@id":"https:\/\/www.eurotherm.com\/es\/#website"},"primaryImageOfPage":{"@id":"https:\/\/www.eurotherm.com\/es\/products\/control-maquina-proceso-plc-y-pac\/pac-software-es\/process-viewer\/#primaryimage"},"image":{"@id":"https:\/\/www.eurotherm.com\/es\/products\/control-maquina-proceso-plc-y-pac\/pac-software-es\/process-viewer\/#primaryimage"},"thumbnailUrl":"https:\/\/www.eurotherm.com\/wp-content\/uploads\/2018\/10\/Process_viewer.jpg","datePublished":"2018-10-15T08:53:09+00:00","dateModified":"2025-05-13T16:23:24+00:00","description":"Process Viewer | Process Viewer le ofrece niveles \u00fanicos de integraci\u00f3n del sistema HMI de bajo coste basado en el software de visualizaci\u00f3n InTouch\u00ae de Wonderware\u00ae Incluye iTools y el servidor OPC EuroMBUS LINtools y LIN servidor OPC Compatibilidad con comunicaciones serie y Ethernet para todos los productos de Eurotherm Con Process Viewer, Eurotherm ofrece niveles \u00fanicos de integraci\u00f3n del sistema con una soluci\u00f3n HMI de bajo coste capaz de visualizar todos los productos de Eurotherm. Satisfacemos este requisito al enlazar la herramienta l\u00edder InTouch HMI de Wonderware con la tecnolog\u00eda iTools\/EuroMBUS de Eurotherm y LINtools\/LINOPC para proporcionar una soluci\u00f3n extremadamente rentable.","breadcrumb":{"@id":"https:\/\/www.eurotherm.com\/es\/products\/control-maquina-proceso-plc-y-pac\/pac-software-es\/process-viewer\/#breadcrumb"},"inLanguage":"es","potentialAction":[{"@type":"ReadAction","target":["https:\/\/www.eurotherm.com\/es\/products\/control-maquina-proceso-plc-y-pac\/pac-software-es\/process-viewer\/"]}]},{"@type":"ImageObject","inLanguage":"es","@id":"https:\/\/www.eurotherm.com\/es\/products\/control-maquina-proceso-plc-y-pac\/pac-software-es\/process-viewer\/#primaryimage","url":"https:\/\/www.eurotherm.com\/wp-content\/uploads\/2018\/10\/Process_viewer.jpg","contentUrl":"https:\/\/www.eurotherm.com\/wp-content\/uploads\/2018\/10\/Process_viewer.jpg","width":500,"height":500},{"@type":"BreadcrumbList","@id":"https:\/\/www.eurotherm.com\/es\/products\/control-maquina-proceso-plc-y-pac\/pac-software-es\/process-viewer\/#breadcrumb","itemListElement":[{"@type":"ListItem","position":1,"name":"Home","item":"https:\/\/www.eurotherm.com\/es\/"},{"@type":"ListItem","position":2,"name":"Product Catalogue","item":"https:\/\/www.eurotherm.com\/es\/product-catalogue\/"},{"@type":"ListItem","position":3,"name":"Control m\u00e1quina, proceso, PLC y PAC","item":"https:\/\/www.eurotherm.com\/es\/eurotherm-products\/control-maquina-proceso-plc-y-pac\/"},{"@type":"ListItem","position":4,"name":"PAC Software","item":"https:\/\/www.eurotherm.com\/es\/eurotherm-products\/control-maquina-proceso-plc-y-pac\/pac-software-es\/"},{"@type":"ListItem","position":5,"name":"Process Viewer"}]},{"@type":"WebSite","@id":"https:\/\/www.eurotherm.com\/es\/#website","url":"https:\/\/www.eurotherm.com\/es\/","name":"Eurotherm Limited","description":"Temperature Control, Process Control, Measurement and Data Recording Solutions","potentialAction":[{"@type":"SearchAction","target":{"@type":"EntryPoint","urlTemplate":"https:\/\/www.eurotherm.com\/es\/?s={search_term_string}"},"query-input":{"@type":"PropertyValueSpecification","valueRequired":true,"valueName":"search_term_string"}}],"inLanguage":"es"}]}},"ACF":{"product_file":[27454,27990,27942,27866,28730,27737,27584,27938,27497,27501,27749,27493,125596,28206,28229,159690],"product_status":"Active Product","enable_watlow_configurator":false},"jetpack_sharing_enabled":true,"_links":{"self":[{"href":"https:\/\/www.eurotherm.com\/es\/wp-json\/wp\/v2\/product\/21081","targetHints":{"allow":["GET"]}}],"collection":[{"href":"https:\/\/www.eurotherm.com\/es\/wp-json\/wp\/v2\/product"}],"about":[{"href":"https:\/\/www.eurotherm.com\/es\/wp-json\/wp\/v2\/types\/product"}],"wp:featuredmedia":[{"embeddable":true,"href":"https:\/\/www.eurotherm.com\/es\/wp-json\/wp\/v2\/media\/16009"}],"wp:attachment":[{"href":"https:\/\/www.eurotherm.com\/es\/wp-json\/wp\/v2\/media?parent=21081"}],"wp:term":[{"taxonomy":"product_brand","embeddable":true,"href":"https:\/\/www.eurotherm.com\/es\/wp-json\/wp\/v2\/product_brand?post=21081"},{"taxonomy":"product_cat","embeddable":true,"href":"https:\/\/www.eurotherm.com\/es\/wp-json\/wp\/v2\/product_cat?post=21081"},{"taxonomy":"product_tag","embeddable":true,"href":"https:\/\/www.eurotherm.com\/es\/wp-json\/wp\/v2\/product_tag?post=21081"}],"curies":[{"name":"wp","href":"https:\/\/api.w.org\/{rel}","templated":true}]}}