{"id":21079,"date":"2018-10-15T08:52:56","date_gmt":"2018-10-15T08:52:56","guid":{"rendered":"https:\/\/www.eurotherm.com\/product\/piccolo-controller-p116-p108-p104\/"},"modified":"2023-08-22T18:52:24","modified_gmt":"2023-08-22T10:52:24","slug":"piccolo-controller-p116-p108-p104","status":"publish","type":"product","link":"https:\/\/www.eurotherm.com\/es\/products\/controladores-pid\/monolazo\/piccolo-controller-p116-p108-p104\/","title":{"rendered":"piccolo\u2122 Controladores P116 \/ P108 \/ P104"},"content":{"rendered":"<p>Caracter\u00edsticas:<\/p>\n<ul>\n<li>Control PID de precisi\u00f3n<\/li>\n<li>F\u00e1cil de usar y aplicar<\/li>\n<li>Alta fiabilidad y calidad<\/li>\n<li>Tres a\u00f1os de garant\u00eda<\/li>\n<li>Temporizador de rampa y arranque progresivo<\/li>\n<li>Eliminaci\u00f3n de sobreimpulsos<\/li>\n<li>Estimaci\u00f3n del consumo de energ\u00eda<\/li>\n<li>Detecci\u00f3n de fallo del calentador<\/li>\n<li>Comunicaciones digitales Modbus RTU<\/li>\n<li>Retransmisi\u00f3n digital del punto de consigna<\/li>\n<li>Retransmisi\u00f3n anal\u00f3gica<\/li>\n<li>HMI de operador simplificado y personalizable<\/li>\n<li>Display LED de tres colores de alta visibilidad<\/li>\n<li>Display frontal lavable<\/li>\n<li>Funci\u00f3n de punto de recuperaci\u00f3n \u201cDeshacer\u201d<\/li>\n<li>Adaptador de configuraci\u00f3n<\/li>\n<li>Asistente iTools para configuraci\u00f3n desde PC<\/li>\n<\/ul>\n<p>Dise\u00f1ados para ofrecer un rendimiento destacado en un paquete asequible que proporciona una soluci\u00f3n completa para una amplia variedad de aplicaciones, esta gama garantiza un acceso extremadamente f\u00e1cil a la parametrizaci\u00f3n y operaci\u00f3n en una unidad de alta calidad.<\/p>\n<p>A pesar de sus avanzadas funcionalidades, los controladores son f\u00e1ciles de usar y pueden personalizarse para facilitar la operaci\u00f3n. Proporcionan autoajuste completo.<\/p>\n<h3>Temporizador de rampa y arranque progresivo<\/h3>\n<p>Para los perfiles de secuencias de temperatura basadas en tiempo se ofrece un temporizador de rampa-mantenimiento. Estos pueden utilizarse para variar gradualmente la temperatura en una zona de control antes de mantenerla en un nivel definido, y normalmente se usan para evitar el peligro de da\u00f1os debidos a un choque t\u00e9rmico.<\/p>\n<h4>Eliminaci\u00f3n de sobreimpulsos<\/h4>\n<p>El sistema de reducci\u00f3n exclusivo asegura un control preciso del punto de consigna y cuando se ajusta correctamente inhibe los sobreimpulsos de temperatura.<\/p>\n<p><strong>Ideal para:<\/strong><\/p>\n<ul>\n<li>Controlador PID de precisi\u00f3n<\/li>\n<li>Extrusi\u00f3n de pl\u00e1sticos<\/li>\n<li>Alimentaci\u00f3n y Bebidas<\/li>\n<li>Hornos y estufas<\/li>\n<li>Incubadoras<\/li>\n<li>Equipos de laboratorio<\/li>\n<\/ul>\n","protected":false},"excerpt":{"rendered":"<p>Controlador de Temperatura y Proceso de uso General<\/p>\n<p>Los controladores piccolo\u2122 ofrecen un control PID preciso de temperatura y otras variables con muchas con funcionalidades avanzadas que normalmente no se encuentran en esta clase de controladores.<\/p>\n","protected":false},"featured_media":8281,"template":"","meta":{"_acf_changed":false},"product_brand":[],"product_cat":[12389,12753,12749,12751,952],"product_tag":[],"class_list":{"0":"post-21079","1":"product","2":"type-product","3":"status-publish","4":"has-post-thumbnail","6":"product_cat-controladores-pid","7":"product_cat-monolazo","8":"product_cat-ero-electronic-es","9":"product_cat-piccolo-controller-es","10":"product_cat-productos-spain","11":"product_shipping_class-1-es","13":"first","14":"outofstock","15":"purchasable","16":"product-type-simple"},"acf":[],"yoast_head":"<!-- This site is optimized with the Yoast SEO plugin v27.2 - https:\/\/yoast.com\/product\/yoast-seo-wordpress\/ -->\n<title>piccolo\u2122 Controladores P116 \/ P108 \/ P104 | Eurotherm Limited<\/title>\n<meta name=\"description\" content=\"piccolo\u2122 Controladores P116 \/ P108 \/ P104 | Caracter\u00edsticas: Control PID de precisi\u00f3n F\u00e1cil de usar y aplicar Alta fiabilid\" \/>\n<meta name=\"robots\" content=\"index, follow, max-snippet:-1, max-image-preview:large, max-video-preview:-1\" \/>\n<meta property=\"og:locale\" content=\"es_ES\" \/>\n<meta property=\"og:type\" content=\"article\" \/>\n<meta property=\"og:title\" content=\"piccolo\u2122 Controladores P116 \/ P108 \/ P104 | Eurotherm Limited\" \/>\n<meta property=\"og:description\" content=\"piccolo\u2122 Controladores P116 \/ P108 \/ P104 | Controlador de Temperatura y Proceso de uso General  Los controladores piccolo\u2122 ofrecen un control PID preciso de temperatura y otras variables con muchas con funcionalidades avanzadas que normalmente no se encuentran en esta clase de controladores.\" \/>\n<meta property=\"og:url\" content=\"https:\/\/www.eurotherm.com\/es\/products\/controladores-pid\/monolazo\/piccolo-controller-p116-p108-p104\/\" \/>\n<meta property=\"og:site_name\" content=\"Eurotherm Limited\" \/>\n<meta property=\"article:modified_time\" content=\"2023-08-22T10:52:24+00:00\" \/>\n<meta property=\"og:image\" content=\"https:\/\/www.eurotherm.com\/wp-content\/uploads\/2018\/10\/piccolo_group.jpg\" \/>\n\t<meta property=\"og:image:width\" content=\"500\" \/>\n\t<meta property=\"og:image:height\" content=\"500\" \/>\n\t<meta property=\"og:image:type\" content=\"image\/jpeg\" \/>\n<meta name=\"twitter:card\" content=\"summary_large_image\" \/>\n<meta name=\"twitter:label1\" content=\"Tiempo de lectura\" \/>\n\t<meta name=\"twitter:data1\" content=\"2 minutos\" \/>\n<script type=\"application\/ld+json\" class=\"yoast-schema-graph\">{\"@context\":\"https:\/\/schema.org\",\"@graph\":[{\"@type\":\"WebPage\",\"@id\":\"https:\/\/www.eurotherm.com\/es\/products\/controladores-pid\/monolazo\/piccolo-controller-p116-p108-p104\/\",\"url\":\"https:\/\/www.eurotherm.com\/es\/products\/controladores-pid\/monolazo\/piccolo-controller-p116-p108-p104\/\",\"name\":\"piccolo\u2122 Controladores P116 \/ P108 \/ P104 | Eurotherm Limited\",\"isPartOf\":{\"@id\":\"https:\/\/www.eurotherm.com\/es\/#website\"},\"primaryImageOfPage\":{\"@id\":\"https:\/\/www.eurotherm.com\/es\/products\/controladores-pid\/monolazo\/piccolo-controller-p116-p108-p104\/#primaryimage\"},\"image\":{\"@id\":\"https:\/\/www.eurotherm.com\/es\/products\/controladores-pid\/monolazo\/piccolo-controller-p116-p108-p104\/#primaryimage\"},\"thumbnailUrl\":\"https:\/\/www.eurotherm.com\/wp-content\/uploads\/2018\/10\/piccolo_group.jpg\",\"datePublished\":\"2018-10-15T08:52:56+00:00\",\"dateModified\":\"2023-08-22T10:52:24+00:00\",\"description\":\"piccolo\u2122 Controladores P116 \/ P108 \/ P104 | Controlador de Temperatura y Proceso de uso General Los controladores piccolo\u2122 ofrecen un control PID preciso de temperatura y otras variables con muchas con funcionalidades avanzadas que normalmente no se encuentran en esta clase de controladores.\",\"breadcrumb\":{\"@id\":\"https:\/\/www.eurotherm.com\/es\/products\/controladores-pid\/monolazo\/piccolo-controller-p116-p108-p104\/#breadcrumb\"},\"inLanguage\":\"es\",\"potentialAction\":[{\"@type\":\"ReadAction\",\"target\":[\"https:\/\/www.eurotherm.com\/es\/products\/controladores-pid\/monolazo\/piccolo-controller-p116-p108-p104\/\"]}]},{\"@type\":\"ImageObject\",\"inLanguage\":\"es\",\"@id\":\"https:\/\/www.eurotherm.com\/es\/products\/controladores-pid\/monolazo\/piccolo-controller-p116-p108-p104\/#primaryimage\",\"url\":\"https:\/\/www.eurotherm.com\/wp-content\/uploads\/2018\/10\/piccolo_group.jpg\",\"contentUrl\":\"https:\/\/www.eurotherm.com\/wp-content\/uploads\/2018\/10\/piccolo_group.jpg\",\"width\":500,\"height\":500},{\"@type\":\"BreadcrumbList\",\"@id\":\"https:\/\/www.eurotherm.com\/es\/products\/controladores-pid\/monolazo\/piccolo-controller-p116-p108-p104\/#breadcrumb\",\"itemListElement\":[{\"@type\":\"ListItem\",\"position\":1,\"name\":\"Home\",\"item\":\"https:\/\/www.eurotherm.com\/es\/\"},{\"@type\":\"ListItem\",\"position\":2,\"name\":\"Product Catalogue\",\"item\":\"https:\/\/www.eurotherm.com\/es\/product-catalogue\/\"},{\"@type\":\"ListItem\",\"position\":3,\"name\":\"ERO Electronic\",\"item\":\"https:\/\/www.eurotherm.com\/es\/eurotherm-products\/ero-electronic-es\/\"},{\"@type\":\"ListItem\",\"position\":4,\"name\":\"Piccolo\u2122 Controller\",\"item\":\"https:\/\/www.eurotherm.com\/es\/eurotherm-products\/piccolo-controller-es\/\"},{\"@type\":\"ListItem\",\"position\":5,\"name\":\"piccolo\u2122 Controladores P116 \/ P108 \/ P104\"}]},{\"@type\":\"WebSite\",\"@id\":\"https:\/\/www.eurotherm.com\/es\/#website\",\"url\":\"https:\/\/www.eurotherm.com\/es\/\",\"name\":\"Eurotherm Limited\",\"description\":\"Temperature Control, Process Control, Measurement and Data Recording Solutions\",\"potentialAction\":[{\"@type\":\"SearchAction\",\"target\":{\"@type\":\"EntryPoint\",\"urlTemplate\":\"https:\/\/www.eurotherm.com\/es\/?s={search_term_string}\"},\"query-input\":{\"@type\":\"PropertyValueSpecification\",\"valueRequired\":true,\"valueName\":\"search_term_string\"}}],\"inLanguage\":\"es\"}]}<\/script>\n<!-- \/ Yoast SEO plugin. -->","yoast_head_json":{"title":"piccolo\u2122 Controladores P116 \/ P108 \/ P104 | Eurotherm Limited","description":"piccolo\u2122 Controladores P116 \/ P108 \/ P104 | Caracter\u00edsticas: Control PID de precisi\u00f3n F\u00e1cil de usar y aplicar Alta fiabilid","robots":{"index":"index","follow":"follow","max-snippet":"max-snippet:-1","max-image-preview":"max-image-preview:large","max-video-preview":"max-video-preview:-1"},"og_locale":"es_ES","og_type":"article","og_title":"piccolo\u2122 Controladores P116 \/ P108 \/ P104 | Eurotherm Limited","og_description":"piccolo\u2122 Controladores P116 \/ P108 \/ P104 | Controlador de Temperatura y Proceso de uso General  Los controladores piccolo\u2122 ofrecen un control PID preciso de temperatura y otras variables con muchas con funcionalidades avanzadas que normalmente no se encuentran en esta clase de controladores.","og_url":"https:\/\/www.eurotherm.com\/es\/products\/controladores-pid\/monolazo\/piccolo-controller-p116-p108-p104\/","og_site_name":"Eurotherm Limited","article_modified_time":"2023-08-22T10:52:24+00:00","og_image":[{"width":500,"height":500,"url":"https:\/\/www.eurotherm.com\/wp-content\/uploads\/2018\/10\/piccolo_group.jpg","type":"image\/jpeg"}],"twitter_card":"summary_large_image","twitter_misc":{"Tiempo de lectura":"2 minutos"},"schema":{"@context":"https:\/\/schema.org","@graph":[{"@type":"WebPage","@id":"https:\/\/www.eurotherm.com\/es\/products\/controladores-pid\/monolazo\/piccolo-controller-p116-p108-p104\/","url":"https:\/\/www.eurotherm.com\/es\/products\/controladores-pid\/monolazo\/piccolo-controller-p116-p108-p104\/","name":"piccolo\u2122 Controladores P116 \/ P108 \/ P104 | Eurotherm Limited","isPartOf":{"@id":"https:\/\/www.eurotherm.com\/es\/#website"},"primaryImageOfPage":{"@id":"https:\/\/www.eurotherm.com\/es\/products\/controladores-pid\/monolazo\/piccolo-controller-p116-p108-p104\/#primaryimage"},"image":{"@id":"https:\/\/www.eurotherm.com\/es\/products\/controladores-pid\/monolazo\/piccolo-controller-p116-p108-p104\/#primaryimage"},"thumbnailUrl":"https:\/\/www.eurotherm.com\/wp-content\/uploads\/2018\/10\/piccolo_group.jpg","datePublished":"2018-10-15T08:52:56+00:00","dateModified":"2023-08-22T10:52:24+00:00","description":"piccolo\u2122 Controladores P116 \/ P108 \/ P104 | Controlador de Temperatura y Proceso de uso General Los controladores piccolo\u2122 ofrecen un control PID preciso de temperatura y otras variables con muchas con funcionalidades avanzadas que normalmente no se encuentran en esta clase de controladores.","breadcrumb":{"@id":"https:\/\/www.eurotherm.com\/es\/products\/controladores-pid\/monolazo\/piccolo-controller-p116-p108-p104\/#breadcrumb"},"inLanguage":"es","potentialAction":[{"@type":"ReadAction","target":["https:\/\/www.eurotherm.com\/es\/products\/controladores-pid\/monolazo\/piccolo-controller-p116-p108-p104\/"]}]},{"@type":"ImageObject","inLanguage":"es","@id":"https:\/\/www.eurotherm.com\/es\/products\/controladores-pid\/monolazo\/piccolo-controller-p116-p108-p104\/#primaryimage","url":"https:\/\/www.eurotherm.com\/wp-content\/uploads\/2018\/10\/piccolo_group.jpg","contentUrl":"https:\/\/www.eurotherm.com\/wp-content\/uploads\/2018\/10\/piccolo_group.jpg","width":500,"height":500},{"@type":"BreadcrumbList","@id":"https:\/\/www.eurotherm.com\/es\/products\/controladores-pid\/monolazo\/piccolo-controller-p116-p108-p104\/#breadcrumb","itemListElement":[{"@type":"ListItem","position":1,"name":"Home","item":"https:\/\/www.eurotherm.com\/es\/"},{"@type":"ListItem","position":2,"name":"Product Catalogue","item":"https:\/\/www.eurotherm.com\/es\/product-catalogue\/"},{"@type":"ListItem","position":3,"name":"ERO Electronic","item":"https:\/\/www.eurotherm.com\/es\/eurotherm-products\/ero-electronic-es\/"},{"@type":"ListItem","position":4,"name":"Piccolo\u2122 Controller","item":"https:\/\/www.eurotherm.com\/es\/eurotherm-products\/piccolo-controller-es\/"},{"@type":"ListItem","position":5,"name":"piccolo\u2122 Controladores P116 \/ P108 \/ P104"}]},{"@type":"WebSite","@id":"https:\/\/www.eurotherm.com\/es\/#website","url":"https:\/\/www.eurotherm.com\/es\/","name":"Eurotherm Limited","description":"Temperature Control, Process Control, Measurement and Data Recording Solutions","potentialAction":[{"@type":"SearchAction","target":{"@type":"EntryPoint","urlTemplate":"https:\/\/www.eurotherm.com\/es\/?s={search_term_string}"},"query-input":{"@type":"PropertyValueSpecification","valueRequired":true,"valueName":"search_term_string"}}],"inLanguage":"es"}]}},"ACF":{"product_file":[28290,29381,29221,27454,29352,28027,28026,27942,27866,27943,27939,28507,29337,28028,28025,28444,28445,28446,28447,28448,29376,28449,27446,28523,28525,28647,28024,28022,28023,29324,28524,27596,28619,137176],"product_status":"Active Product","enable_watlow_configurator":true,"watlow_product_type":"Multiple","watlow_configurator_links":[{"watlow_name":"piccolo P104 1\/4 DIN","watlow_link":"https:\/\/www.watlow.com\/Products\/Controllers\/Eurotherm\/Piccolo-Controller-P116-P108-P104?econfig=P104"},{"watlow_name":"piccolo P108 1\/8 DIN","watlow_link":"https:\/\/www.watlow.com\/Products\/Controllers\/Eurotherm\/Piccolo-Controller-P116-P108-P104?econfig=P108"},{"watlow_name":"piccolo P116 1\/16 DIN","watlow_link":"https:\/\/www.watlow.com\/Products\/Controllers\/Eurotherm\/Piccolo-Controller-P116-P108-P104?econfig=P116"}]},"jetpack_sharing_enabled":true,"_links":{"self":[{"href":"https:\/\/www.eurotherm.com\/es\/wp-json\/wp\/v2\/product\/21079","targetHints":{"allow":["GET"]}}],"collection":[{"href":"https:\/\/www.eurotherm.com\/es\/wp-json\/wp\/v2\/product"}],"about":[{"href":"https:\/\/www.eurotherm.com\/es\/wp-json\/wp\/v2\/types\/product"}],"wp:featuredmedia":[{"embeddable":true,"href":"https:\/\/www.eurotherm.com\/es\/wp-json\/wp\/v2\/media\/8281"}],"wp:attachment":[{"href":"https:\/\/www.eurotherm.com\/es\/wp-json\/wp\/v2\/media?parent=21079"}],"wp:term":[{"taxonomy":"product_brand","embeddable":true,"href":"https:\/\/www.eurotherm.com\/es\/wp-json\/wp\/v2\/product_brand?post=21079"},{"taxonomy":"product_cat","embeddable":true,"href":"https:\/\/www.eurotherm.com\/es\/wp-json\/wp\/v2\/product_cat?post=21079"},{"taxonomy":"product_tag","embeddable":true,"href":"https:\/\/www.eurotherm.com\/es\/wp-json\/wp\/v2\/product_tag?post=21079"}],"curies":[{"name":"wp","href":"https:\/\/api.w.org\/{rel}","templated":true}]}}