{"id":21072,"date":"2018-10-15T08:52:45","date_gmt":"2018-10-15T08:52:45","guid":{"rendered":"https:\/\/www.eurotherm.com\/product\/operations-server-y-operations-viewer\/"},"modified":"2025-05-14T00:19:49","modified_gmt":"2025-05-13T16:19:49","slug":"operation-server-and-viewer","status":"publish","type":"product","link":"https:\/\/www.eurotherm.com\/es\/products\/control-maquina-proceso-plc-y-pac\/pac-software-es\/operation-server-and-viewer\/","title":{"rendered":"Operations Server y Operations Viewer"},"content":{"rendered":"<h2>Operations Server<\/h2>\n<p>Operations Server es una aplicaci\u00f3n de visualizaci\u00f3n InTouch de Wonderware completamente funcional que proporciona conectividad de servidor con la red de control Eurotherm. Mediante la tecnolog\u00eda software de Wonderware, las aplicaciones pueden distribuirse a trav\u00e9s de las fronteras geogr\u00e1ficas y organizativas.<\/p>\n<p>&nbsp;<\/p>\n<h2>Servidor de E\/S de alto rendimiento<\/h2>\n<p>Es posible acceder a todos los datos de control mediante el servidor E\/S SuiteLink. Como opci\u00f3n, los datos tambi\u00e9n est\u00e1n disponibles a trav\u00e9s de OPC y DDE. Todos los datos de los bloques de tags est\u00e1n accesibles y se limita el n\u00famero m\u00e1ximo de bloques mediante licencias de software.<\/p>\n<p>&nbsp;<\/p>\n<h2>Proveedor de alarmas<\/h2>\n<p>Un proveedor de alarmas controla la distribuci\u00f3n de todas las alarmas de los bloques para ofrecer el t\u00edtulo de alarma, la pantalla resumen, funciones de impresi\u00f3n e historial de alarmas.<\/p>\n<p>Disponibilidad con funciones de servidor maestro\/de respaldo. Se incluyen pantallas de diagn\u00f3stico.<\/p>\n<h2>Configuraci\u00f3n<\/h2>\n<p>Todos los datos de configuraci\u00f3n y del sistema se definen en la base de datos del proyecto, lo que evita la necesidad de duplicar la configuraci\u00f3n en los nodos de HMI.<\/p>\n<p>&nbsp;<\/p>\n<h2>Protocolos<\/h2>\n<p>LIN a trav\u00e9s de ARCnet y Ethernet, servidor OPC, Modbus com y Modbus TCP.<\/p>\n<h2>Operations Viewer<\/h2>\n<p>Operations Viewer es una aplicaci\u00f3n de software InTouch HMI completamente funcional que suministra datos a diferentes \u00e1reas, como operaciones, ingenier\u00eda, gesti\u00f3n de la planta y asuntos corporativos.<\/p>\n<p>Las funciones con las herramientas de configuraci\u00f3n generan autom\u00e1ticamente la aplicaci\u00f3n desde la base de datos central del proyecto.<\/p>\n<p>Operations Viewer est\u00e1\u00a0<strong>dise\u00f1ado para suministrar datos en tiempo real, a diferentes funciones, como operarios, ingenieros, supervisores y gerentes, de forma r\u00e1pida y comprensible<\/strong>. La estructura de visualizaci\u00f3n f\u00e1cil de usar ofrece una interfaz HMI r\u00e1pida e intuitiva que se compone de una aplicaci\u00f3n cliente InTouch HMI predise\u00f1ada.<\/p>\n<p>&nbsp;<\/p>\n<p><strong>OPERATIONS SERVER:<\/strong><\/p>\n<ul>\n<li>Disponibilidad de informaci\u00f3n en todo el sistema<\/li>\n<li>Arquitectura de cliente\/servidor con servidores maestro\/de reserva<\/li>\n<li>Entorno de desarrollo integrado<\/li>\n<li>Conectividad abierta al nivel del sistema y E\/S<\/li>\n<li>Incluye la funcionalidad de servidor OPC<\/li>\n<li>Integraci\u00f3n de alarmas<\/li>\n<li>M\u00faltiples impresoras de alarmas<\/li>\n<li>Navegador de tags<\/li>\n<\/ul>\n<p><strong>OPERATIONS VIEWER:<\/strong><\/p>\n<ul>\n<li>Interfaz del operario con configuraci\u00f3n autom\u00e1tica<\/li>\n<li>Nombres de tag disponibles al instante en los entornos de configuraci\u00f3n y online<\/li>\n<li>Im\u00e1genes en miniatura de todos los objetos disponibles con posibilidad de lectura\/grabaci\u00f3n<\/li>\n<li>P\u00e1ginas para acceder a todos los datos de ingenier\u00eda de los tags<\/li>\n<li>F\u00e1cil navegaci\u00f3n gr\u00e1fica<\/li>\n<li>Tendencias de cualquier par\u00e1metro en tiempo real<\/li>\n<li>Historial a largo plazo<\/li>\n<li>Simulaci\u00f3n<\/li>\n<li>Navegaci\u00f3n de tags online, incluido el acceso a todos los datos de las mismas<\/li>\n<\/ul>\n","protected":false},"excerpt":{"rendered":"<ul>\n<li>Incluye la \u00faltima versi\u00f3n del software InTouch\u00ae de Wonderware\u00ae<\/li>\n<li>Funciones completas de seguridad y autorizaci\u00f3n de usuarios, disponible a trav\u00e9s del gestor de seguridad<\/li>\n<li>Compatible con conexiones Ethernet, ARCnet y serie<\/li>\n<li>Funciones de auditor\u00eda para cumplir la directiva 21 CFR parte 11<\/li>\n<\/ul>\n<p>Operations Server y Operations Viewer componen una arquitectura cliente\/servidor con interfaces especializadas para proporcionar alarmas y transferencia de datos de forma r\u00e1pida y eficiente desde los nodos de control a las pantallas de HMI. Operations Server establece una conexi\u00f3n directa con la red de control y es compatible con comunicaciones Ethernet TCP\/IP, ARCnet y serie. La compatibilidad con protocolos de red de control incluye Eurotherm LIN y Modbus.<\/p>\n","protected":false},"featured_media":16219,"template":"","meta":{"_acf_changed":false},"product_brand":[],"product_cat":[12724,12383,12726,952],"product_tag":[],"class_list":{"0":"post-21072","1":"product","2":"type-product","3":"status-publish","4":"has-post-thumbnail","6":"product_cat-control-maquina-proceso-plc-y-pac","7":"product_cat-pac-software-es","8":"product_cat-plc-and-pac-es","9":"product_cat-productos-spain","10":"product_shipping_class-1-es","12":"first","13":"instock","14":"purchasable","15":"product-type-simple"},"acf":[],"yoast_head":"<!-- This site is optimized with the Yoast SEO plugin v27.2 - https:\/\/yoast.com\/product\/yoast-seo-wordpress\/ -->\n<title>Operations Server y Operations Viewer | Eurotherm Limited<\/title>\n<meta name=\"description\" content=\"Operations Server y Operations Viewer | Operations Server Operations Server es una aplicaci\u00f3n de visualizaci\u00f3n InTouch de Wonderware completamente fun\" \/>\n<meta name=\"robots\" content=\"index, follow, max-snippet:-1, max-image-preview:large, max-video-preview:-1\" \/>\n<meta property=\"og:locale\" content=\"es_ES\" \/>\n<meta property=\"og:type\" content=\"article\" \/>\n<meta property=\"og:title\" content=\"Operations Server y Operations Viewer | Eurotherm Limited\" \/>\n<meta property=\"og:description\" content=\"Operations Server y Operations Viewer | Incluye la \u00faltima versi\u00f3n del software InTouch\u00ae de Wonderware\u00ae  Funciones completas de seguridad y autorizaci\u00f3n de usuarios, disponible a trav\u00e9s del gestor de seguridad  Compatible con conexiones Ethernet, ARCnet y serie  Funciones de auditor\u00eda para cumplir la directiva 21 CFR parte 11  Operations Server y Operations Viewer componen una arquitectura cliente\/servidor con interfaces especializadas para proporcionar alarmas y transferencia de datos de forma r\u00e1pida y eficiente desde los nodos de control a las pantallas de HMI. Operations Server establece una conexi\u00f3n directa con la red de control y es compatible con comunicaciones Ethernet TCP\/IP, ARCnet y serie. La compatibilidad con protocolos de red de control incluye Eurotherm LIN y Modbus.\" \/>\n<meta property=\"og:url\" content=\"https:\/\/www.eurotherm.com\/es\/products\/control-maquina-proceso-plc-y-pac\/pac-software-es\/operation-server-and-viewer\/\" \/>\n<meta property=\"og:site_name\" content=\"Eurotherm Limited\" \/>\n<meta property=\"article:modified_time\" content=\"2025-05-13T16:19:49+00:00\" \/>\n<meta property=\"og:image\" content=\"https:\/\/www.eurotherm.com\/wp-content\/uploads\/2018\/10\/Operations_server.jpg\" \/>\n\t<meta property=\"og:image:width\" content=\"500\" \/>\n\t<meta property=\"og:image:height\" content=\"500\" \/>\n\t<meta property=\"og:image:type\" content=\"image\/jpeg\" \/>\n<meta name=\"twitter:card\" content=\"summary_large_image\" \/>\n<meta name=\"twitter:label1\" content=\"Tiempo de lectura\" \/>\n\t<meta name=\"twitter:data1\" content=\"2 minutos\" \/>\n<script type=\"application\/ld+json\" class=\"yoast-schema-graph\">{\"@context\":\"https:\/\/schema.org\",\"@graph\":[{\"@type\":\"WebPage\",\"@id\":\"https:\/\/www.eurotherm.com\/es\/products\/control-maquina-proceso-plc-y-pac\/pac-software-es\/operation-server-and-viewer\/\",\"url\":\"https:\/\/www.eurotherm.com\/es\/products\/control-maquina-proceso-plc-y-pac\/pac-software-es\/operation-server-and-viewer\/\",\"name\":\"Operations Server y Operations Viewer | Eurotherm Limited\",\"isPartOf\":{\"@id\":\"https:\/\/www.eurotherm.com\/es\/#website\"},\"primaryImageOfPage\":{\"@id\":\"https:\/\/www.eurotherm.com\/es\/products\/control-maquina-proceso-plc-y-pac\/pac-software-es\/operation-server-and-viewer\/#primaryimage\"},\"image\":{\"@id\":\"https:\/\/www.eurotherm.com\/es\/products\/control-maquina-proceso-plc-y-pac\/pac-software-es\/operation-server-and-viewer\/#primaryimage\"},\"thumbnailUrl\":\"https:\/\/www.eurotherm.com\/wp-content\/uploads\/2018\/10\/Operations_server.jpg\",\"datePublished\":\"2018-10-15T08:52:45+00:00\",\"dateModified\":\"2025-05-13T16:19:49+00:00\",\"description\":\"Operations Server y Operations Viewer | Incluye la \u00faltima versi\u00f3n del software InTouch\u00ae de Wonderware\u00ae Funciones completas de seguridad y autorizaci\u00f3n de usuarios, disponible a trav\u00e9s del gestor de seguridad Compatible con conexiones Ethernet, ARCnet y serie Funciones de auditor\u00eda para cumplir la directiva 21 CFR parte 11 Operations Server y Operations Viewer componen una arquitectura cliente\/servidor con interfaces especializadas para proporcionar alarmas y transferencia de datos de forma r\u00e1pida y eficiente desde los nodos de control a las pantallas de HMI. Operations Server establece una conexi\u00f3n directa con la red de control y es compatible con comunicaciones Ethernet TCP\/IP, ARCnet y serie. La compatibilidad con protocolos de red de control incluye Eurotherm LIN y Modbus.\",\"breadcrumb\":{\"@id\":\"https:\/\/www.eurotherm.com\/es\/products\/control-maquina-proceso-plc-y-pac\/pac-software-es\/operation-server-and-viewer\/#breadcrumb\"},\"inLanguage\":\"es\",\"potentialAction\":[{\"@type\":\"ReadAction\",\"target\":[\"https:\/\/www.eurotherm.com\/es\/products\/control-maquina-proceso-plc-y-pac\/pac-software-es\/operation-server-and-viewer\/\"]}]},{\"@type\":\"ImageObject\",\"inLanguage\":\"es\",\"@id\":\"https:\/\/www.eurotherm.com\/es\/products\/control-maquina-proceso-plc-y-pac\/pac-software-es\/operation-server-and-viewer\/#primaryimage\",\"url\":\"https:\/\/www.eurotherm.com\/wp-content\/uploads\/2018\/10\/Operations_server.jpg\",\"contentUrl\":\"https:\/\/www.eurotherm.com\/wp-content\/uploads\/2018\/10\/Operations_server.jpg\",\"width\":500,\"height\":500},{\"@type\":\"BreadcrumbList\",\"@id\":\"https:\/\/www.eurotherm.com\/es\/products\/control-maquina-proceso-plc-y-pac\/pac-software-es\/operation-server-and-viewer\/#breadcrumb\",\"itemListElement\":[{\"@type\":\"ListItem\",\"position\":1,\"name\":\"Home\",\"item\":\"https:\/\/www.eurotherm.com\/es\/\"},{\"@type\":\"ListItem\",\"position\":2,\"name\":\"Product Catalogue\",\"item\":\"https:\/\/www.eurotherm.com\/es\/product-catalogue\/\"},{\"@type\":\"ListItem\",\"position\":3,\"name\":\"Control m\u00e1quina, proceso, PLC y PAC\",\"item\":\"https:\/\/www.eurotherm.com\/es\/eurotherm-products\/control-maquina-proceso-plc-y-pac\/\"},{\"@type\":\"ListItem\",\"position\":4,\"name\":\"PAC Software\",\"item\":\"https:\/\/www.eurotherm.com\/es\/eurotherm-products\/control-maquina-proceso-plc-y-pac\/pac-software-es\/\"},{\"@type\":\"ListItem\",\"position\":5,\"name\":\"Operations Server y Operations Viewer\"}]},{\"@type\":\"WebSite\",\"@id\":\"https:\/\/www.eurotherm.com\/es\/#website\",\"url\":\"https:\/\/www.eurotherm.com\/es\/\",\"name\":\"Eurotherm Limited\",\"description\":\"Temperature Control, Process Control, Measurement and Data Recording Solutions\",\"potentialAction\":[{\"@type\":\"SearchAction\",\"target\":{\"@type\":\"EntryPoint\",\"urlTemplate\":\"https:\/\/www.eurotherm.com\/es\/?s={search_term_string}\"},\"query-input\":{\"@type\":\"PropertyValueSpecification\",\"valueRequired\":true,\"valueName\":\"search_term_string\"}}],\"inLanguage\":\"es\"}]}<\/script>\n<!-- \/ Yoast SEO plugin. -->","yoast_head_json":{"title":"Operations Server y Operations Viewer | Eurotherm Limited","description":"Operations Server y Operations Viewer | Operations Server Operations Server es una aplicaci\u00f3n de visualizaci\u00f3n InTouch de Wonderware completamente fun","robots":{"index":"index","follow":"follow","max-snippet":"max-snippet:-1","max-image-preview":"max-image-preview:large","max-video-preview":"max-video-preview:-1"},"og_locale":"es_ES","og_type":"article","og_title":"Operations Server y Operations Viewer | Eurotherm Limited","og_description":"Operations Server y Operations Viewer | Incluye la \u00faltima versi\u00f3n del software InTouch\u00ae de Wonderware\u00ae  Funciones completas de seguridad y autorizaci\u00f3n de usuarios, disponible a trav\u00e9s del gestor de seguridad  Compatible con conexiones Ethernet, ARCnet y serie  Funciones de auditor\u00eda para cumplir la directiva 21 CFR parte 11  Operations Server y Operations Viewer componen una arquitectura cliente\/servidor con interfaces especializadas para proporcionar alarmas y transferencia de datos de forma r\u00e1pida y eficiente desde los nodos de control a las pantallas de HMI. Operations Server establece una conexi\u00f3n directa con la red de control y es compatible con comunicaciones Ethernet TCP\/IP, ARCnet y serie. La compatibilidad con protocolos de red de control incluye Eurotherm LIN y Modbus.","og_url":"https:\/\/www.eurotherm.com\/es\/products\/control-maquina-proceso-plc-y-pac\/pac-software-es\/operation-server-and-viewer\/","og_site_name":"Eurotherm Limited","article_modified_time":"2025-05-13T16:19:49+00:00","og_image":[{"width":500,"height":500,"url":"https:\/\/www.eurotherm.com\/wp-content\/uploads\/2018\/10\/Operations_server.jpg","type":"image\/jpeg"}],"twitter_card":"summary_large_image","twitter_misc":{"Tiempo de lectura":"2 minutos"},"schema":{"@context":"https:\/\/schema.org","@graph":[{"@type":"WebPage","@id":"https:\/\/www.eurotherm.com\/es\/products\/control-maquina-proceso-plc-y-pac\/pac-software-es\/operation-server-and-viewer\/","url":"https:\/\/www.eurotherm.com\/es\/products\/control-maquina-proceso-plc-y-pac\/pac-software-es\/operation-server-and-viewer\/","name":"Operations Server y Operations Viewer | Eurotherm Limited","isPartOf":{"@id":"https:\/\/www.eurotherm.com\/es\/#website"},"primaryImageOfPage":{"@id":"https:\/\/www.eurotherm.com\/es\/products\/control-maquina-proceso-plc-y-pac\/pac-software-es\/operation-server-and-viewer\/#primaryimage"},"image":{"@id":"https:\/\/www.eurotherm.com\/es\/products\/control-maquina-proceso-plc-y-pac\/pac-software-es\/operation-server-and-viewer\/#primaryimage"},"thumbnailUrl":"https:\/\/www.eurotherm.com\/wp-content\/uploads\/2018\/10\/Operations_server.jpg","datePublished":"2018-10-15T08:52:45+00:00","dateModified":"2025-05-13T16:19:49+00:00","description":"Operations Server y Operations Viewer | Incluye la \u00faltima versi\u00f3n del software InTouch\u00ae de Wonderware\u00ae Funciones completas de seguridad y autorizaci\u00f3n de usuarios, disponible a trav\u00e9s del gestor de seguridad Compatible con conexiones Ethernet, ARCnet y serie Funciones de auditor\u00eda para cumplir la directiva 21 CFR parte 11 Operations Server y Operations Viewer componen una arquitectura cliente\/servidor con interfaces especializadas para proporcionar alarmas y transferencia de datos de forma r\u00e1pida y eficiente desde los nodos de control a las pantallas de HMI. Operations Server establece una conexi\u00f3n directa con la red de control y es compatible con comunicaciones Ethernet TCP\/IP, ARCnet y serie. La compatibilidad con protocolos de red de control incluye Eurotherm LIN y Modbus.","breadcrumb":{"@id":"https:\/\/www.eurotherm.com\/es\/products\/control-maquina-proceso-plc-y-pac\/pac-software-es\/operation-server-and-viewer\/#breadcrumb"},"inLanguage":"es","potentialAction":[{"@type":"ReadAction","target":["https:\/\/www.eurotherm.com\/es\/products\/control-maquina-proceso-plc-y-pac\/pac-software-es\/operation-server-and-viewer\/"]}]},{"@type":"ImageObject","inLanguage":"es","@id":"https:\/\/www.eurotherm.com\/es\/products\/control-maquina-proceso-plc-y-pac\/pac-software-es\/operation-server-and-viewer\/#primaryimage","url":"https:\/\/www.eurotherm.com\/wp-content\/uploads\/2018\/10\/Operations_server.jpg","contentUrl":"https:\/\/www.eurotherm.com\/wp-content\/uploads\/2018\/10\/Operations_server.jpg","width":500,"height":500},{"@type":"BreadcrumbList","@id":"https:\/\/www.eurotherm.com\/es\/products\/control-maquina-proceso-plc-y-pac\/pac-software-es\/operation-server-and-viewer\/#breadcrumb","itemListElement":[{"@type":"ListItem","position":1,"name":"Home","item":"https:\/\/www.eurotherm.com\/es\/"},{"@type":"ListItem","position":2,"name":"Product Catalogue","item":"https:\/\/www.eurotherm.com\/es\/product-catalogue\/"},{"@type":"ListItem","position":3,"name":"Control m\u00e1quina, proceso, PLC y PAC","item":"https:\/\/www.eurotherm.com\/es\/eurotherm-products\/control-maquina-proceso-plc-y-pac\/"},{"@type":"ListItem","position":4,"name":"PAC Software","item":"https:\/\/www.eurotherm.com\/es\/eurotherm-products\/control-maquina-proceso-plc-y-pac\/pac-software-es\/"},{"@type":"ListItem","position":5,"name":"Operations Server y Operations Viewer"}]},{"@type":"WebSite","@id":"https:\/\/www.eurotherm.com\/es\/#website","url":"https:\/\/www.eurotherm.com\/es\/","name":"Eurotherm Limited","description":"Temperature Control, Process Control, Measurement and Data Recording Solutions","potentialAction":[{"@type":"SearchAction","target":{"@type":"EntryPoint","urlTemplate":"https:\/\/www.eurotherm.com\/es\/?s={search_term_string}"},"query-input":{"@type":"PropertyValueSpecification","valueRequired":true,"valueName":"search_term_string"}}],"inLanguage":"es"}]}},"ACF":{"product_file":[27454,27990,28150,28206,27942,27866,27584,27747,27938,27497,29261,27736,28438,27987,27493,125596,28229,159690],"product_status":"Active Product","enable_watlow_configurator":false},"jetpack_sharing_enabled":true,"_links":{"self":[{"href":"https:\/\/www.eurotherm.com\/es\/wp-json\/wp\/v2\/product\/21072","targetHints":{"allow":["GET"]}}],"collection":[{"href":"https:\/\/www.eurotherm.com\/es\/wp-json\/wp\/v2\/product"}],"about":[{"href":"https:\/\/www.eurotherm.com\/es\/wp-json\/wp\/v2\/types\/product"}],"wp:featuredmedia":[{"embeddable":true,"href":"https:\/\/www.eurotherm.com\/es\/wp-json\/wp\/v2\/media\/16219"}],"wp:attachment":[{"href":"https:\/\/www.eurotherm.com\/es\/wp-json\/wp\/v2\/media?parent=21072"}],"wp:term":[{"taxonomy":"product_brand","embeddable":true,"href":"https:\/\/www.eurotherm.com\/es\/wp-json\/wp\/v2\/product_brand?post=21072"},{"taxonomy":"product_cat","embeddable":true,"href":"https:\/\/www.eurotherm.com\/es\/wp-json\/wp\/v2\/product_cat?post=21072"},{"taxonomy":"product_tag","embeddable":true,"href":"https:\/\/www.eurotherm.com\/es\/wp-json\/wp\/v2\/product_tag?post=21072"}],"curies":[{"name":"wp","href":"https:\/\/api.w.org\/{rel}","templated":true}]}}