{"id":21069,"date":"2018-10-15T08:52:45","date_gmt":"2018-10-15T08:52:45","guid":{"rendered":"https:\/\/www.eurotherm.com\/product\/nanodac-registrador-controlador\/"},"modified":"2023-11-09T05:01:36","modified_gmt":"2023-11-08T21:01:36","slug":"nanodac-recorder-controller","status":"publish","type":"product","link":"https:\/\/www.eurotherm.com\/es\/products\/registradores-y-adquisicion-de-datos\/registradores-graficos\/nanodac-recorder-controller\/","title":{"rendered":"nanodac\u2122 Registrador \/ controlador"},"content":{"rendered":"<h3>N\u00edtida pantalla a color<\/h3>\n<p>La pantalla TFT de 3,5 pulgadas ofrece una visualizaci\u00f3n extremadamente n\u00edtida de los par\u00e1metros de proceso con una amplia selecci\u00f3n de vistas que pueden configurarse a la medida de la aplicaci\u00f3n. Las vistas incluyen tendencias horizontales y verticales, gr\u00e1ficos de barras horizontales y verticales, num\u00e9ricas, estado de alarma y lazos de control. La unidad tambi\u00e9n ofrece conexiones de usuario en la parte delantera del producto para una configuraci\u00f3n detallada sin necesidad de conectarlo al PC.<\/p>\n<h3>Adquisici\u00f3n y registro de datos<\/h3>\n<p>La funci\u00f3n de registro del nanodac emplea estrategias seguras y el formato UHH desarrollado por Eurotherm durante a\u00f1os de experiencia en el registro de datos. Adem\u00e1s de las numerosas vistas en tiempo real e hist\u00f3ricas del producto, incluye varias estrategias de archivado de datos mediante la memoria flash integrada de 50 MB, USB extra\u00edble y transferencia de datos mediante FTP a un servidor elegido. Los cuatro canales de entrada universales ofrecen una elevada precisi\u00f3n (v\u00e1lidos para su uso en aplicaciones Nadcap) y muestreo en paralelo a 125 ms. Es posible usar otros catorce canales virtuales para proporcionar funciones matem\u00e1ticas, contador, comunicaciones esclavas y totalizador en el instrumento. El software Review tambi\u00e9n puede usarse para iniciar la extracci\u00f3n autom\u00e1tica de los datos a una base de datos Review a trav\u00e9s de la red Ethernet. Es posible usar el software Review y Dream Report\u2122 para generar informes que respondan a las necesidades de su proceso.<\/p>\n<h3>Lazos de control PID<\/h3>\n<p>El instrumento nanodac tambi\u00e9n puede ofrecer dos lazos de control independientes (opcional). Esta funci\u00f3n de control emplea el avanzado algoritmo PID de Eurotherm que confiere un elevado rendimiento y fiabilidad a su proceso. Entre sus funciones se incluye uno de los mejores sistemas de autoajuste disponibles, adem\u00e1s de la inhibici\u00f3n de sobreimpulsos (cortes), compensaci\u00f3n de fluctuaciones de alimentaci\u00f3n mediante realimentaci\u00f3n de potencia, y enfriamiento lineal, ventilador, aceite y agua.<\/p>\n<ul>\n<li>Registro seguro de datos<\/li>\n<li>Dos lazos de control PID<\/li>\n<li>Entradas universales de alta precisi\u00f3n<\/li>\n<li>Almacenamiento de datos extra\u00edble en USB<\/li>\n<li>Dise\u00f1o compacto<\/li>\n<li>Memoria flash de 50 MB<\/li>\n<li>Comunicaciones v\u00eda Ethernet<\/li>\n<li>\u00bc N\u00edtida pantalla VGA<\/li>\n<li>14 canales virtuales<\/li>\n<\/ul>\n","protected":false},"excerpt":{"rendered":"<p>El registrador\/controlador nanodac\u2122 ofrece lo \u00faltimo en registro gr\u00e1fico combinado con control PID para un producto de su tama\u00f1o. La compacta unidad con montaje en panel de \u00bc DIN ofrece cuatro entradas universales de alta precisi\u00f3n para registro de datos y control PID. Este dispositivo de registro de datos seguros con control preciso incluye una pantalla a todo color de \u00bc VGA para equipar con una interfaz de usuario absolutamente n\u00edtida hasta a las m\u00e1quinas m\u00e1s peque\u00f1as.<\/p>\n","protected":false},"featured_media":6167,"template":"","meta":{"_acf_changed":false},"product_brand":[],"product_cat":[12389,12788,952,12706,12708],"product_tag":[],"class_list":{"0":"post-21069","1":"product","2":"type-product","3":"status-publish","4":"has-post-thumbnail","6":"industry-food-beverage-es-2","7":"industry-heat-treatment-es-2","8":"industry-life-sciences-es-2","9":"industry-oem-custom-solutions-es-2","10":"industry-semiconductor-es-2","11":"product_cat-controladores-pid","12":"product_cat-multilazo","13":"product_cat-productos-spain","14":"product_cat-registradores-graficos","15":"product_cat-registradores-y-adquisicion-de-datos","16":"product_shipping_class-1-es","18":"first","19":"instock","20":"purchasable","21":"product-type-simple"},"acf":[],"yoast_head":"<!-- This site is optimized with the Yoast SEO plugin v27.5 - https:\/\/yoast.com\/product\/yoast-seo-wordpress\/ -->\n<title>nanodac\u2122 Registrador \/ controlador | Eurotherm Limited<\/title>\n<meta name=\"description\" content=\"nanodac\u2122 Registrador \/ controlador | N\u00edtida pantalla a color La pantalla TFT de 3,5 pulgadas ofrece una visualizaci\u00f3n extremadamente n\u00edtida de los par\" \/>\n<meta name=\"robots\" content=\"index, follow, max-snippet:-1, max-image-preview:large, max-video-preview:-1\" \/>\n<meta property=\"og:locale\" content=\"es_ES\" \/>\n<meta property=\"og:type\" content=\"article\" \/>\n<meta property=\"og:title\" content=\"nanodac\u2122 Registrador \/ controlador | Eurotherm Limited\" \/>\n<meta property=\"og:description\" content=\"nanodac\u2122 Registrador \/ controlador | El registrador\/controlador nanodac\u2122 ofrece lo \u00faltimo en registro gr\u00e1fico combinado con control PID para un producto de su tama\u00f1o. La compacta unidad con montaje en panel de \u00bc DIN ofrece cuatro entradas universales de alta precisi\u00f3n para registro de datos y control PID. Este dispositivo de registro de datos seguros con control preciso incluye una pantalla a todo color de \u00bc VGA para equipar con una interfaz de usuario absolutamente n\u00edtida hasta a las m\u00e1quinas m\u00e1s peque\u00f1as.\" \/>\n<meta property=\"og:url\" content=\"https:\/\/www.eurotherm.com\/es\/products\/registradores-y-adquisicion-de-datos\/registradores-graficos\/nanodac-recorder-controller\/\" \/>\n<meta property=\"og:site_name\" content=\"Eurotherm Limited\" \/>\n<meta property=\"article:modified_time\" content=\"2023-11-08T21:01:36+00:00\" \/>\n<meta property=\"og:image\" content=\"https:\/\/www.eurotherm.com\/wp-content\/uploads\/2018\/10\/nanodac_Loop.jpg\" \/>\n\t<meta property=\"og:image:width\" content=\"500\" \/>\n\t<meta property=\"og:image:height\" content=\"500\" \/>\n\t<meta property=\"og:image:type\" content=\"image\/jpeg\" \/>\n<meta name=\"twitter:card\" content=\"summary_large_image\" \/>\n<meta name=\"twitter:label1\" content=\"Tiempo de lectura\" \/>\n\t<meta name=\"twitter:data1\" content=\"2 minutos\" \/>\n<script type=\"application\/ld+json\" class=\"yoast-schema-graph\">{\"@context\":\"https:\\\/\\\/schema.org\",\"@graph\":[{\"@type\":\"WebPage\",\"@id\":\"https:\\\/\\\/www.eurotherm.com\\\/es\\\/products\\\/registradores-y-adquisicion-de-datos\\\/registradores-graficos\\\/nanodac-recorder-controller\\\/\",\"url\":\"https:\\\/\\\/www.eurotherm.com\\\/es\\\/products\\\/registradores-y-adquisicion-de-datos\\\/registradores-graficos\\\/nanodac-recorder-controller\\\/\",\"name\":\"nanodac\u2122 Registrador \\\/ controlador | Eurotherm Limited\",\"isPartOf\":{\"@id\":\"https:\\\/\\\/www.eurotherm.com\\\/es\\\/#website\"},\"primaryImageOfPage\":{\"@id\":\"https:\\\/\\\/www.eurotherm.com\\\/es\\\/products\\\/registradores-y-adquisicion-de-datos\\\/registradores-graficos\\\/nanodac-recorder-controller\\\/#primaryimage\"},\"image\":{\"@id\":\"https:\\\/\\\/www.eurotherm.com\\\/es\\\/products\\\/registradores-y-adquisicion-de-datos\\\/registradores-graficos\\\/nanodac-recorder-controller\\\/#primaryimage\"},\"thumbnailUrl\":\"https:\\\/\\\/www.eurotherm.com\\\/wp-content\\\/uploads\\\/2018\\\/10\\\/nanodac_Loop.jpg\",\"datePublished\":\"2018-10-15T08:52:45+00:00\",\"dateModified\":\"2023-11-08T21:01:36+00:00\",\"description\":\"nanodac\u2122 Registrador \\\/ controlador | El registrador\\\/controlador nanodac\u2122 ofrece lo \u00faltimo en registro gr\u00e1fico combinado con control PID para un producto de su tama\u00f1o. La compacta unidad con montaje en panel de \u00bc DIN ofrece cuatro entradas universales de alta precisi\u00f3n para registro de datos y control PID. Este dispositivo de registro de datos seguros con control preciso incluye una pantalla a todo color de \u00bc VGA para equipar con una interfaz de usuario absolutamente n\u00edtida hasta a las m\u00e1quinas m\u00e1s peque\u00f1as.\",\"breadcrumb\":{\"@id\":\"https:\\\/\\\/www.eurotherm.com\\\/es\\\/products\\\/registradores-y-adquisicion-de-datos\\\/registradores-graficos\\\/nanodac-recorder-controller\\\/#breadcrumb\"},\"inLanguage\":\"es\",\"potentialAction\":[{\"@type\":\"ReadAction\",\"target\":[\"https:\\\/\\\/www.eurotherm.com\\\/es\\\/products\\\/registradores-y-adquisicion-de-datos\\\/registradores-graficos\\\/nanodac-recorder-controller\\\/\"]}]},{\"@type\":\"ImageObject\",\"inLanguage\":\"es\",\"@id\":\"https:\\\/\\\/www.eurotherm.com\\\/es\\\/products\\\/registradores-y-adquisicion-de-datos\\\/registradores-graficos\\\/nanodac-recorder-controller\\\/#primaryimage\",\"url\":\"https:\\\/\\\/www.eurotherm.com\\\/wp-content\\\/uploads\\\/2018\\\/10\\\/nanodac_Loop.jpg\",\"contentUrl\":\"https:\\\/\\\/www.eurotherm.com\\\/wp-content\\\/uploads\\\/2018\\\/10\\\/nanodac_Loop.jpg\",\"width\":500,\"height\":500,\"caption\":\"Loop\"},{\"@type\":\"BreadcrumbList\",\"@id\":\"https:\\\/\\\/www.eurotherm.com\\\/es\\\/products\\\/registradores-y-adquisicion-de-datos\\\/registradores-graficos\\\/nanodac-recorder-controller\\\/#breadcrumb\",\"itemListElement\":[{\"@type\":\"ListItem\",\"position\":1,\"name\":\"Home\",\"item\":\"https:\\\/\\\/www.eurotherm.com\\\/es\\\/\"},{\"@type\":\"ListItem\",\"position\":2,\"name\":\"Product Catalogue\",\"item\":\"https:\\\/\\\/www.eurotherm.com\\\/es\\\/product-catalogue\\\/\"},{\"@type\":\"ListItem\",\"position\":3,\"name\":\"Registradores y Adquisici\u00f3n de Datos\",\"item\":\"https:\\\/\\\/www.eurotherm.com\\\/es\\\/eurotherm-products\\\/registradores-y-adquisicion-de-datos\\\/\"},{\"@type\":\"ListItem\",\"position\":4,\"name\":\"Registradores gr\u00e1ficos\",\"item\":\"https:\\\/\\\/www.eurotherm.com\\\/es\\\/eurotherm-products\\\/registradores-y-adquisicion-de-datos\\\/registradores-graficos\\\/\"},{\"@type\":\"ListItem\",\"position\":5,\"name\":\"nanodac\u2122 Registrador \\\/ controlador\"}]},{\"@type\":\"WebSite\",\"@id\":\"https:\\\/\\\/www.eurotherm.com\\\/es\\\/#website\",\"url\":\"https:\\\/\\\/www.eurotherm.com\\\/es\\\/\",\"name\":\"Eurotherm Limited\",\"description\":\"Temperature Control, Process Control, Measurement and Data Recording Solutions\",\"potentialAction\":[{\"@type\":\"SearchAction\",\"target\":{\"@type\":\"EntryPoint\",\"urlTemplate\":\"https:\\\/\\\/www.eurotherm.com\\\/es\\\/?s={search_term_string}\"},\"query-input\":{\"@type\":\"PropertyValueSpecification\",\"valueRequired\":true,\"valueName\":\"search_term_string\"}}],\"inLanguage\":\"es\"}]}<\/script>\n<!-- \/ Yoast SEO plugin. -->","yoast_head_json":{"title":"nanodac\u2122 Registrador \/ controlador | Eurotherm Limited","description":"nanodac\u2122 Registrador \/ controlador | N\u00edtida pantalla a color La pantalla TFT de 3,5 pulgadas ofrece una visualizaci\u00f3n extremadamente n\u00edtida de los par","robots":{"index":"index","follow":"follow","max-snippet":"max-snippet:-1","max-image-preview":"max-image-preview:large","max-video-preview":"max-video-preview:-1"},"og_locale":"es_ES","og_type":"article","og_title":"nanodac\u2122 Registrador \/ controlador | Eurotherm Limited","og_description":"nanodac\u2122 Registrador \/ controlador | El registrador\/controlador nanodac\u2122 ofrece lo \u00faltimo en registro gr\u00e1fico combinado con control PID para un producto de su tama\u00f1o. La compacta unidad con montaje en panel de \u00bc DIN ofrece cuatro entradas universales de alta precisi\u00f3n para registro de datos y control PID. Este dispositivo de registro de datos seguros con control preciso incluye una pantalla a todo color de \u00bc VGA para equipar con una interfaz de usuario absolutamente n\u00edtida hasta a las m\u00e1quinas m\u00e1s peque\u00f1as.","og_url":"https:\/\/www.eurotherm.com\/es\/products\/registradores-y-adquisicion-de-datos\/registradores-graficos\/nanodac-recorder-controller\/","og_site_name":"Eurotherm Limited","article_modified_time":"2023-11-08T21:01:36+00:00","og_image":[{"width":500,"height":500,"url":"https:\/\/www.eurotherm.com\/wp-content\/uploads\/2018\/10\/nanodac_Loop.jpg","type":"image\/jpeg"}],"twitter_card":"summary_large_image","twitter_misc":{"Tiempo de lectura":"2 minutos"},"schema":{"@context":"https:\/\/schema.org","@graph":[{"@type":"WebPage","@id":"https:\/\/www.eurotherm.com\/es\/products\/registradores-y-adquisicion-de-datos\/registradores-graficos\/nanodac-recorder-controller\/","url":"https:\/\/www.eurotherm.com\/es\/products\/registradores-y-adquisicion-de-datos\/registradores-graficos\/nanodac-recorder-controller\/","name":"nanodac\u2122 Registrador \/ controlador | Eurotherm Limited","isPartOf":{"@id":"https:\/\/www.eurotherm.com\/es\/#website"},"primaryImageOfPage":{"@id":"https:\/\/www.eurotherm.com\/es\/products\/registradores-y-adquisicion-de-datos\/registradores-graficos\/nanodac-recorder-controller\/#primaryimage"},"image":{"@id":"https:\/\/www.eurotherm.com\/es\/products\/registradores-y-adquisicion-de-datos\/registradores-graficos\/nanodac-recorder-controller\/#primaryimage"},"thumbnailUrl":"https:\/\/www.eurotherm.com\/wp-content\/uploads\/2018\/10\/nanodac_Loop.jpg","datePublished":"2018-10-15T08:52:45+00:00","dateModified":"2023-11-08T21:01:36+00:00","description":"nanodac\u2122 Registrador \/ controlador | El registrador\/controlador nanodac\u2122 ofrece lo \u00faltimo en registro gr\u00e1fico combinado con control PID para un producto de su tama\u00f1o. La compacta unidad con montaje en panel de \u00bc DIN ofrece cuatro entradas universales de alta precisi\u00f3n para registro de datos y control PID. Este dispositivo de registro de datos seguros con control preciso incluye una pantalla a todo color de \u00bc VGA para equipar con una interfaz de usuario absolutamente n\u00edtida hasta a las m\u00e1quinas m\u00e1s peque\u00f1as.","breadcrumb":{"@id":"https:\/\/www.eurotherm.com\/es\/products\/registradores-y-adquisicion-de-datos\/registradores-graficos\/nanodac-recorder-controller\/#breadcrumb"},"inLanguage":"es","potentialAction":[{"@type":"ReadAction","target":["https:\/\/www.eurotherm.com\/es\/products\/registradores-y-adquisicion-de-datos\/registradores-graficos\/nanodac-recorder-controller\/"]}]},{"@type":"ImageObject","inLanguage":"es","@id":"https:\/\/www.eurotherm.com\/es\/products\/registradores-y-adquisicion-de-datos\/registradores-graficos\/nanodac-recorder-controller\/#primaryimage","url":"https:\/\/www.eurotherm.com\/wp-content\/uploads\/2018\/10\/nanodac_Loop.jpg","contentUrl":"https:\/\/www.eurotherm.com\/wp-content\/uploads\/2018\/10\/nanodac_Loop.jpg","width":500,"height":500,"caption":"Loop"},{"@type":"BreadcrumbList","@id":"https:\/\/www.eurotherm.com\/es\/products\/registradores-y-adquisicion-de-datos\/registradores-graficos\/nanodac-recorder-controller\/#breadcrumb","itemListElement":[{"@type":"ListItem","position":1,"name":"Home","item":"https:\/\/www.eurotherm.com\/es\/"},{"@type":"ListItem","position":2,"name":"Product Catalogue","item":"https:\/\/www.eurotherm.com\/es\/product-catalogue\/"},{"@type":"ListItem","position":3,"name":"Registradores y Adquisici\u00f3n de Datos","item":"https:\/\/www.eurotherm.com\/es\/eurotherm-products\/registradores-y-adquisicion-de-datos\/"},{"@type":"ListItem","position":4,"name":"Registradores gr\u00e1ficos","item":"https:\/\/www.eurotherm.com\/es\/eurotherm-products\/registradores-y-adquisicion-de-datos\/registradores-graficos\/"},{"@type":"ListItem","position":5,"name":"nanodac\u2122 Registrador \/ controlador"}]},{"@type":"WebSite","@id":"https:\/\/www.eurotherm.com\/es\/#website","url":"https:\/\/www.eurotherm.com\/es\/","name":"Eurotherm Limited","description":"Temperature Control, Process Control, Measurement and Data Recording Solutions","potentialAction":[{"@type":"SearchAction","target":{"@type":"EntryPoint","urlTemplate":"https:\/\/www.eurotherm.com\/es\/?s={search_term_string}"},"query-input":{"@type":"PropertyValueSpecification","valueRequired":true,"valueName":"search_term_string"}}],"inLanguage":"es"}]}},"ACF":{"product_file":[27445,28414,28415,28417,27341,27796,27343,27342,27344,27346,27345,27340,29325,28014,28410,28404,28408,28409,28406,28405,28081,28146,29326,28403,29177,27577,27576,28006,28420,27993,28401,27998,27996,28000,28001,27997,27999,27797,27992,28456,28002,28004,28402,28007,28416,28021,29328,27759,28413,28005,28003,28407,28290,27454,27942,28999,28039,28419,122608,83654,105978,122663,104513,104230,133630,137167,127667],"product_status":"Active Product","enable_watlow_configurator":true,"watlow_product_type":"Single","watlow_configurator_link":"https:\/\/www.watlow.com\/Products\/Controllers\/Eurotherm\/nanodac-recorder-controller?econfig=123"},"jetpack_sharing_enabled":true,"_links":{"self":[{"href":"https:\/\/www.eurotherm.com\/es\/wp-json\/wp\/v2\/product\/21069","targetHints":{"allow":["GET"]}}],"collection":[{"href":"https:\/\/www.eurotherm.com\/es\/wp-json\/wp\/v2\/product"}],"about":[{"href":"https:\/\/www.eurotherm.com\/es\/wp-json\/wp\/v2\/types\/product"}],"wp:featuredmedia":[{"embeddable":true,"href":"https:\/\/www.eurotherm.com\/es\/wp-json\/wp\/v2\/media\/6167"}],"wp:attachment":[{"href":"https:\/\/www.eurotherm.com\/es\/wp-json\/wp\/v2\/media?parent=21069"}],"wp:term":[{"taxonomy":"product_brand","embeddable":true,"href":"https:\/\/www.eurotherm.com\/es\/wp-json\/wp\/v2\/product_brand?post=21069"},{"taxonomy":"product_cat","embeddable":true,"href":"https:\/\/www.eurotherm.com\/es\/wp-json\/wp\/v2\/product_cat?post=21069"},{"taxonomy":"product_tag","embeddable":true,"href":"https:\/\/www.eurotherm.com\/es\/wp-json\/wp\/v2\/product_tag?post=21069"}],"curies":[{"name":"wp","href":"https:\/\/api.w.org\/{rel}","templated":true}]}}