{"id":21048,"date":"2018-10-15T08:51:33","date_gmt":"2018-10-15T08:51:33","guid":{"rendered":"https:\/\/www.eurotherm.com\/product\/interruptor-de-potencia-electronico-eswitch\/"},"modified":"2023-08-18T21:53:42","modified_gmt":"2023-08-18T13:53:42","slug":"eswitch-power-switch","status":"publish","type":"product","link":"https:\/\/www.eurotherm.com\/es\/products\/contol-de-potencia\/interruptores-de-potencia-electronicos\/eswitch-power-switch\/","title":{"rendered":"Interruptor de Potencia electr\u00f3nico ESwitch"},"content":{"rendered":"<h3>\u00a1La soluci\u00f3n que le ayudar\u00e1 a ahorrar dinero!<\/h3>\n<p><span title=\"\">Los contactores mec\u00e1nicos que controlan los elementos calefactores pueden funcionar tres millones de veces al a\u00f1o.<\/span> <span title=\"\">La vida \u00fatil de estos contactores es de entre 1 y 3 a\u00f1os;<\/span> <span title=\"\">por lo tanto, deben reemplazarse peri\u00f3dicamente durante la vida \u00fatil t\u00edpica de una m\u00e1quina industrial.<\/span><\/p>\n<p><span title=\"\">ESwitch es una soluci\u00f3n interesante para solucionar este problema.<\/span> <span title=\"\">Debido a que el contacto es electr\u00f3nico, la vida \u00fatil se extiende significativamente.<\/span> <span title=\"\">Su cableado es tan simple como el de un contactor mec\u00e1nico y el montaje es muy sencillo: \u00a1basta con sujetarlo a un carril DIN!<\/span> <span title=\"\">Cuenta con una amplia gama de se\u00f1ales de comando de CA y CC con un LED frontal para mostrar el estado de la entrada para ayudar en la puesta en servicio y el diagn\u00f3stico.<\/span><\/p>\n<h4>Extender la vida de los elementos calefactores<\/h4>\n<p><span title=\"\">Las pruebas realizadas por un conocido proveedor de calentadores han demostrado que los calentadores pueden durar hasta siete veces m\u00e1s cuando se usan con un rel\u00e9 de estado s\u00f3lido.<\/span> <span title=\"\">Los tiempos de ciclo de on\/off m\u00e1s r\u00e1pidos causan menos expansi\u00f3n y contracci\u00f3n t\u00e9rmica y, por lo tanto, reducen la rotura debido a la fatiga y la tensi\u00f3n termomec\u00e1nica.<\/span> <span title=\"\">Entonces, al preservar los elementos calefactores, ESwitch le permitir\u00e1 maximizar su ROI:<\/span><\/p>\n<ul>\n<li>Aumenta la vida \u00fatil de los elementos calefactores\u200b<\/li>\n<li>Reduce los tiempos muestros<\/li>\n<li>Minimiza la chatarra<\/li>\n<li>\n<div class=\"container\">\n<div class=\"frame\">\n<div class=\"page tlid-homepage homepage translate-text\">\n<div class=\"homepage-content-wrap\">\n<div class=\"tlid-source-target main-header\">\n<div class=\"source-target-row\">\n<div class=\"tlid-results-container results-container\">\n<div class=\"tlid-result result-dict-wrapper\">\n<div class=\"result tlid-copy-target\">\n<div class=\"text-wrap tlid-copy-target\">\n<div class=\"result-shield-container tlid-copy-target\" tabindex=\"0\"><span class=\"tlid-translation translation\" lang=\"es\"><span title=\"\">Mejorar el rendimiento y la productividad<\/span><\/span><\/div>\n<\/div>\n<\/div>\n<\/div>\n<\/div>\n<\/div>\n<\/div>\n<\/div>\n<\/div>\n<\/div>\n<\/div>\n<\/li>\n<\/ul>\n<p>Al combinar robustez, seguridad de operaciones con simplicidad de integraci\u00f3n y uso, ESwitch ofrece la mejor relaci\u00f3n de &#8216;rendimiento versus precio&#8217; para el mercado de interruptores de potencia.<\/p>\n<p>Ideal para<\/p>\n<ul>\n<li>Moldeo por inyecci\u00f3n<\/li>\n<li>Termoformado<\/li>\n<li>Calentamiento multizona<\/li>\n<li>Autoclaves<\/li>\n<li>Hornos<\/li>\n<\/ul>\n","protected":false},"excerpt":{"rendered":"<h2>F\u00e1cil reemplazo para contactores mec\u00e1nicos<\/h2>\n<p><strong>F\u00e1cil<\/strong><\/p>\n<ul>\n<li>Sin configuraci\u00f3n<\/li>\n<li>Instalaci\u00f3n sencilla<\/li>\n<li>Cumple con todos los est\u00e1ndares internacionales<\/li>\n<\/ul>\n<p><strong>Robusto<\/strong><\/p>\n<ul>\n<li>Reduce costes de mantenimiento<\/li>\n<li>Reduce tiempos muertos<\/li>\n<li>Operaciones fiables<\/li>\n<\/ul>\n<p><strong>Seguro<\/strong><\/p>\n<ul>\n<li>Alarma de fallo parcial de carga<\/li>\n<li>Prevenci\u00f3n de disfunci\u00f3n del circuito de calefacci\u00f3n<\/li>\n<li>Luz roja de detecci\u00f3n PLF<\/li>\n<\/ul>\n","protected":false},"featured_media":6965,"template":"","meta":{"_acf_changed":false},"product_brand":[],"product_cat":[12705,12707,12822,12823,952],"product_tag":[],"class_list":{"0":"post-21048","1":"product","2":"type-product","3":"status-publish","4":"has-post-thumbnail","6":"industry-food-beverage-es-2","7":"industry-semiconductor-es-2","8":"product_cat-furnaces-atmosphere-and-vacuum-es","9":"product_cat-heat-treat-products-es","10":"product_cat-contol-de-potencia","11":"product_cat-interruptores-de-potencia-electronicos","12":"product_cat-productos-spain","13":"product_shipping_class-1-es","15":"first","16":"outofstock","17":"purchasable","18":"product-type-simple"},"acf":[],"yoast_head":"<!-- This site is optimized with the Yoast SEO plugin v27.2 - https:\/\/yoast.com\/product\/yoast-seo-wordpress\/ -->\n<title>Interruptor de Potencia electr\u00f3nico ESwitch | Eurotherm Limited<\/title>\n<meta name=\"description\" content=\"Interruptor de Potencia electr\u00f3nico ESwitch | \u00a1La soluci\u00f3n que le ayudar\u00e1 a ahorrar dinero! Los contactores mec\u00e1nicos que controlan los\" \/>\n<meta name=\"robots\" content=\"index, follow, max-snippet:-1, max-image-preview:large, max-video-preview:-1\" \/>\n<meta property=\"og:locale\" content=\"es_ES\" \/>\n<meta property=\"og:type\" content=\"article\" \/>\n<meta property=\"og:title\" content=\"Interruptor de Potencia electr\u00f3nico ESwitch | Eurotherm Limited\" \/>\n<meta property=\"og:description\" content=\"Interruptor de Potencia electr\u00f3nico ESwitch | F\u00e1cil reemplazo para contactores mec\u00e1nicos F\u00e1cil   Sin configuraci\u00f3n  Instalaci\u00f3n sencilla  Cumple con todos los est\u00e1ndares internacionales  Robusto   Reduce costes de mantenimiento  Reduce tiempos muertos  Operaciones fiables  Seguro   Alarma de fallo parcial de carga  Prevenci\u00f3n de disfunci\u00f3n del circuito de calefacci\u00f3n  Luz roja de detecci\u00f3n PLF\" \/>\n<meta property=\"og:url\" content=\"https:\/\/www.eurotherm.com\/es\/products\/contol-de-potencia\/interruptores-de-potencia-electronicos\/eswitch-power-switch\/\" \/>\n<meta property=\"og:site_name\" content=\"Eurotherm Limited\" \/>\n<meta property=\"article:modified_time\" content=\"2023-08-18T13:53:42+00:00\" \/>\n<meta property=\"og:image\" content=\"https:\/\/www.eurotherm.com\/wp-content\/uploads\/2018\/10\/eswitch.jpg\" \/>\n\t<meta property=\"og:image:width\" content=\"900\" \/>\n\t<meta property=\"og:image:height\" content=\"692\" \/>\n\t<meta property=\"og:image:type\" content=\"image\/jpeg\" \/>\n<meta name=\"twitter:card\" content=\"summary_large_image\" \/>\n<meta name=\"twitter:label1\" content=\"Tiempo de lectura\" \/>\n\t<meta name=\"twitter:data1\" content=\"2 minutos\" \/>\n<script type=\"application\/ld+json\" class=\"yoast-schema-graph\">{\"@context\":\"https:\/\/schema.org\",\"@graph\":[{\"@type\":\"WebPage\",\"@id\":\"https:\/\/www.eurotherm.com\/es\/products\/contol-de-potencia\/interruptores-de-potencia-electronicos\/eswitch-power-switch\/\",\"url\":\"https:\/\/www.eurotherm.com\/es\/products\/contol-de-potencia\/interruptores-de-potencia-electronicos\/eswitch-power-switch\/\",\"name\":\"Interruptor de Potencia electr\u00f3nico ESwitch | Eurotherm Limited\",\"isPartOf\":{\"@id\":\"https:\/\/www.eurotherm.com\/es\/#website\"},\"primaryImageOfPage\":{\"@id\":\"https:\/\/www.eurotherm.com\/es\/products\/contol-de-potencia\/interruptores-de-potencia-electronicos\/eswitch-power-switch\/#primaryimage\"},\"image\":{\"@id\":\"https:\/\/www.eurotherm.com\/es\/products\/contol-de-potencia\/interruptores-de-potencia-electronicos\/eswitch-power-switch\/#primaryimage\"},\"thumbnailUrl\":\"https:\/\/www.eurotherm.com\/wp-content\/uploads\/2018\/10\/eswitch.jpg\",\"datePublished\":\"2018-10-15T08:51:33+00:00\",\"dateModified\":\"2023-08-18T13:53:42+00:00\",\"description\":\"Interruptor de Potencia electr\u00f3nico ESwitch | F\u00e1cil reemplazo para contactores mec\u00e1nicos F\u00e1cil Sin configuraci\u00f3n Instalaci\u00f3n sencilla Cumple con todos los est\u00e1ndares internacionales Robusto Reduce costes de mantenimiento Reduce tiempos muertos Operaciones fiables Seguro Alarma de fallo parcial de carga Prevenci\u00f3n de disfunci\u00f3n del circuito de calefacci\u00f3n Luz roja de detecci\u00f3n PLF\",\"breadcrumb\":{\"@id\":\"https:\/\/www.eurotherm.com\/es\/products\/contol-de-potencia\/interruptores-de-potencia-electronicos\/eswitch-power-switch\/#breadcrumb\"},\"inLanguage\":\"es\",\"potentialAction\":[{\"@type\":\"ReadAction\",\"target\":[\"https:\/\/www.eurotherm.com\/es\/products\/contol-de-potencia\/interruptores-de-potencia-electronicos\/eswitch-power-switch\/\"]}]},{\"@type\":\"ImageObject\",\"inLanguage\":\"es\",\"@id\":\"https:\/\/www.eurotherm.com\/es\/products\/contol-de-potencia\/interruptores-de-potencia-electronicos\/eswitch-power-switch\/#primaryimage\",\"url\":\"https:\/\/www.eurotherm.com\/wp-content\/uploads\/2018\/10\/eswitch.jpg\",\"contentUrl\":\"https:\/\/www.eurotherm.com\/wp-content\/uploads\/2018\/10\/eswitch.jpg\",\"width\":900,\"height\":692},{\"@type\":\"BreadcrumbList\",\"@id\":\"https:\/\/www.eurotherm.com\/es\/products\/contol-de-potencia\/interruptores-de-potencia-electronicos\/eswitch-power-switch\/#breadcrumb\",\"itemListElement\":[{\"@type\":\"ListItem\",\"position\":1,\"name\":\"Home\",\"item\":\"https:\/\/www.eurotherm.com\/es\/\"},{\"@type\":\"ListItem\",\"position\":2,\"name\":\"Product Catalogue\",\"item\":\"https:\/\/www.eurotherm.com\/es\/product-catalogue\/\"},{\"@type\":\"ListItem\",\"position\":3,\"name\":\"Contol de Potencia\",\"item\":\"https:\/\/www.eurotherm.com\/es\/eurotherm-products\/contol-de-potencia\/\"},{\"@type\":\"ListItem\",\"position\":4,\"name\":\"Interruptores de Potencia electr\u00f3nicos\",\"item\":\"https:\/\/www.eurotherm.com\/es\/eurotherm-products\/contol-de-potencia\/interruptores-de-potencia-electronicos\/\"},{\"@type\":\"ListItem\",\"position\":5,\"name\":\"Interruptor de Potencia electr\u00f3nico ESwitch\"}]},{\"@type\":\"WebSite\",\"@id\":\"https:\/\/www.eurotherm.com\/es\/#website\",\"url\":\"https:\/\/www.eurotherm.com\/es\/\",\"name\":\"Eurotherm Limited\",\"description\":\"Temperature Control, Process Control, Measurement and Data Recording Solutions\",\"potentialAction\":[{\"@type\":\"SearchAction\",\"target\":{\"@type\":\"EntryPoint\",\"urlTemplate\":\"https:\/\/www.eurotherm.com\/es\/?s={search_term_string}\"},\"query-input\":{\"@type\":\"PropertyValueSpecification\",\"valueRequired\":true,\"valueName\":\"search_term_string\"}}],\"inLanguage\":\"es\"}]}<\/script>\n<!-- \/ Yoast SEO plugin. -->","yoast_head_json":{"title":"Interruptor de Potencia electr\u00f3nico ESwitch | Eurotherm Limited","description":"Interruptor de Potencia electr\u00f3nico ESwitch | \u00a1La soluci\u00f3n que le ayudar\u00e1 a ahorrar dinero! Los contactores mec\u00e1nicos que controlan los","robots":{"index":"index","follow":"follow","max-snippet":"max-snippet:-1","max-image-preview":"max-image-preview:large","max-video-preview":"max-video-preview:-1"},"og_locale":"es_ES","og_type":"article","og_title":"Interruptor de Potencia electr\u00f3nico ESwitch | Eurotherm Limited","og_description":"Interruptor de Potencia electr\u00f3nico ESwitch | F\u00e1cil reemplazo para contactores mec\u00e1nicos F\u00e1cil   Sin configuraci\u00f3n  Instalaci\u00f3n sencilla  Cumple con todos los est\u00e1ndares internacionales  Robusto   Reduce costes de mantenimiento  Reduce tiempos muertos  Operaciones fiables  Seguro   Alarma de fallo parcial de carga  Prevenci\u00f3n de disfunci\u00f3n del circuito de calefacci\u00f3n  Luz roja de detecci\u00f3n PLF","og_url":"https:\/\/www.eurotherm.com\/es\/products\/contol-de-potencia\/interruptores-de-potencia-electronicos\/eswitch-power-switch\/","og_site_name":"Eurotherm Limited","article_modified_time":"2023-08-18T13:53:42+00:00","og_image":[{"width":900,"height":692,"url":"https:\/\/www.eurotherm.com\/wp-content\/uploads\/2018\/10\/eswitch.jpg","type":"image\/jpeg"}],"twitter_card":"summary_large_image","twitter_misc":{"Tiempo de lectura":"2 minutos"},"schema":{"@context":"https:\/\/schema.org","@graph":[{"@type":"WebPage","@id":"https:\/\/www.eurotherm.com\/es\/products\/contol-de-potencia\/interruptores-de-potencia-electronicos\/eswitch-power-switch\/","url":"https:\/\/www.eurotherm.com\/es\/products\/contol-de-potencia\/interruptores-de-potencia-electronicos\/eswitch-power-switch\/","name":"Interruptor de Potencia electr\u00f3nico ESwitch | Eurotherm Limited","isPartOf":{"@id":"https:\/\/www.eurotherm.com\/es\/#website"},"primaryImageOfPage":{"@id":"https:\/\/www.eurotherm.com\/es\/products\/contol-de-potencia\/interruptores-de-potencia-electronicos\/eswitch-power-switch\/#primaryimage"},"image":{"@id":"https:\/\/www.eurotherm.com\/es\/products\/contol-de-potencia\/interruptores-de-potencia-electronicos\/eswitch-power-switch\/#primaryimage"},"thumbnailUrl":"https:\/\/www.eurotherm.com\/wp-content\/uploads\/2018\/10\/eswitch.jpg","datePublished":"2018-10-15T08:51:33+00:00","dateModified":"2023-08-18T13:53:42+00:00","description":"Interruptor de Potencia electr\u00f3nico ESwitch | F\u00e1cil reemplazo para contactores mec\u00e1nicos F\u00e1cil Sin configuraci\u00f3n Instalaci\u00f3n sencilla Cumple con todos los est\u00e1ndares internacionales Robusto Reduce costes de mantenimiento Reduce tiempos muertos Operaciones fiables Seguro Alarma de fallo parcial de carga Prevenci\u00f3n de disfunci\u00f3n del circuito de calefacci\u00f3n Luz roja de detecci\u00f3n PLF","breadcrumb":{"@id":"https:\/\/www.eurotherm.com\/es\/products\/contol-de-potencia\/interruptores-de-potencia-electronicos\/eswitch-power-switch\/#breadcrumb"},"inLanguage":"es","potentialAction":[{"@type":"ReadAction","target":["https:\/\/www.eurotherm.com\/es\/products\/contol-de-potencia\/interruptores-de-potencia-electronicos\/eswitch-power-switch\/"]}]},{"@type":"ImageObject","inLanguage":"es","@id":"https:\/\/www.eurotherm.com\/es\/products\/contol-de-potencia\/interruptores-de-potencia-electronicos\/eswitch-power-switch\/#primaryimage","url":"https:\/\/www.eurotherm.com\/wp-content\/uploads\/2018\/10\/eswitch.jpg","contentUrl":"https:\/\/www.eurotherm.com\/wp-content\/uploads\/2018\/10\/eswitch.jpg","width":900,"height":692},{"@type":"BreadcrumbList","@id":"https:\/\/www.eurotherm.com\/es\/products\/contol-de-potencia\/interruptores-de-potencia-electronicos\/eswitch-power-switch\/#breadcrumb","itemListElement":[{"@type":"ListItem","position":1,"name":"Home","item":"https:\/\/www.eurotherm.com\/es\/"},{"@type":"ListItem","position":2,"name":"Product Catalogue","item":"https:\/\/www.eurotherm.com\/es\/product-catalogue\/"},{"@type":"ListItem","position":3,"name":"Contol de Potencia","item":"https:\/\/www.eurotherm.com\/es\/eurotherm-products\/contol-de-potencia\/"},{"@type":"ListItem","position":4,"name":"Interruptores de Potencia electr\u00f3nicos","item":"https:\/\/www.eurotherm.com\/es\/eurotherm-products\/contol-de-potencia\/interruptores-de-potencia-electronicos\/"},{"@type":"ListItem","position":5,"name":"Interruptor de Potencia electr\u00f3nico ESwitch"}]},{"@type":"WebSite","@id":"https:\/\/www.eurotherm.com\/es\/#website","url":"https:\/\/www.eurotherm.com\/es\/","name":"Eurotherm Limited","description":"Temperature Control, Process Control, Measurement and Data Recording Solutions","potentialAction":[{"@type":"SearchAction","target":{"@type":"EntryPoint","urlTemplate":"https:\/\/www.eurotherm.com\/es\/?s={search_term_string}"},"query-input":{"@type":"PropertyValueSpecification","valueRequired":true,"valueName":"search_term_string"}}],"inLanguage":"es"}]}},"ACF":{"product_file":[27454,27751,28072,27942,27866,27943,27939,29211,27584,27750,28645,29366,27752,137174],"product_status":"Active Product","enable_watlow_configurator":true,"watlow_product_type":"Single","watlow_configurator_link":"https:\/\/www.watlow.com\/Products\/Controllers\/Eurotherm\/ESwitch-Power-Switch?econfig=123"},"jetpack_sharing_enabled":true,"_links":{"self":[{"href":"https:\/\/www.eurotherm.com\/es\/wp-json\/wp\/v2\/product\/21048","targetHints":{"allow":["GET"]}}],"collection":[{"href":"https:\/\/www.eurotherm.com\/es\/wp-json\/wp\/v2\/product"}],"about":[{"href":"https:\/\/www.eurotherm.com\/es\/wp-json\/wp\/v2\/types\/product"}],"wp:featuredmedia":[{"embeddable":true,"href":"https:\/\/www.eurotherm.com\/es\/wp-json\/wp\/v2\/media\/6965"}],"wp:attachment":[{"href":"https:\/\/www.eurotherm.com\/es\/wp-json\/wp\/v2\/media?parent=21048"}],"wp:term":[{"taxonomy":"product_brand","embeddable":true,"href":"https:\/\/www.eurotherm.com\/es\/wp-json\/wp\/v2\/product_brand?post=21048"},{"taxonomy":"product_cat","embeddable":true,"href":"https:\/\/www.eurotherm.com\/es\/wp-json\/wp\/v2\/product_cat?post=21048"},{"taxonomy":"product_tag","embeddable":true,"href":"https:\/\/www.eurotherm.com\/es\/wp-json\/wp\/v2\/product_tag?post=21048"}],"curies":[{"name":"wp","href":"https:\/\/api.w.org\/{rel}","templated":true}]}}