{"id":21043,"date":"2018-10-15T08:46:55","date_gmt":"2018-10-16T10:05:25","guid":{"rendered":"https:\/\/www.eurotherm.com\/product\/indicador-y-unidad-de-alarma-2400i\/"},"modified":"2022-08-01T18:59:40","modified_gmt":"2022-08-01T10:59:40","slug":"indicador-y-unidad-de-alarma-2400i","status":"publish","type":"product","link":"https:\/\/www.eurotherm.com\/es\/products\/controladores-pid\/indicator-and-alarm-units-es\/indicador-y-unidad-de-alarma-2400i\/","title":{"rendered":"Indicador y unidad de alarma: 2400i"},"content":{"rendered":"<ul>\n<li>Gran pantalla de 5 d\u00edgitos que ofrece una visibilidad excelente<\/li>\n<li>L\u00edmites de temperatura excesiva del horno<\/li>\n<li>Indicaci\u00f3n y alarmas de la presi\u00f3n de fusi\u00f3n para extrusi\u00f3n<\/li>\n<li>Comunicaciones con diferentes buses de campo que permiten la integraci\u00f3n del sistema<\/li>\n<li>Segunda entrada de proceso para proporcionar estrategias de alarma adicionales<\/li>\n<li>Construcci\u00f3n modular que ofrece mayor flexibilidad de E\/S<\/li>\n<\/ul>\n<p>La entrada universal permite elegir nueve tipos de sensores almacenados internamente. Las entradas lineales se ampl\u00edan hasta el rango deseado. Es posible descargar otras linearizaciones de entrada en el momento del pedido o mediante iTools. Puede usarse una linearizaci\u00f3n de quince puntos para ofrecer una indicaci\u00f3n precisa de se\u00f1ales no est\u00e1ndares.<\/p>\n<p>Su gran pantalla de cinco d\u00edgitos, disponible en rojo o verde, proporciona claras indicaciones sobre los valores del proceso. Se puede utilizar una segunda entrada de proceso opcional para mostrar y emitir alarmas sobre la media, la diferencia, el m\u00ednimo o el m\u00e1ximo de dos valores.<\/p>\n<p>Es posible instalar hasta tres m\u00f3dulos E\/S de una selecci\u00f3n total de nueve, incluidos rel\u00e9s, l\u00f3gica, anal\u00f3gica y alimentaci\u00f3n de transmisor, para aportar una excelente flexibilidad en una amplia gama de aplicaciones.<\/p>\n<p>La integraci\u00f3n del sistema se alcanza mediante la retransmisi\u00f3n anal\u00f3gica convencional o por medio de comunicaciones digitales. La 2408i es compatible con el protocolo Modbus tanto en sus formatos Ethernet y serie como en formato Devicenet y Profibus DP.<\/p>\n<p><strong>IDEAL para:<\/strong><\/p>\n<ul>\n<li>Indicaci\u00f3n de procesos y temperaturas<\/li>\n<li>Protecci\u00f3n de procesos<\/li>\n<li>Temperatura excesiva del horno<\/li>\n<li>Presi\u00f3n de fusi\u00f3n para extrusi\u00f3n<\/li>\n<li>Plataforma de pesado<\/li>\n<\/ul>\n<p><strong>CARACTER\u00cdSTICAS:\u00a0<\/strong><\/p>\n<ul>\n<li>Entrada universal<\/li>\n<li>Entrada de medida de deformaci\u00f3n<\/li>\n<li>Pantalla roja o verde<\/li>\n<li>Retransmisi\u00f3n de la variable de proceso<\/li>\n<li>Comunicaciones Modbus\u2122 serie<\/li>\n<li>Profibus DP<\/li>\n<li>Devicenet<\/li>\n<\/ul>\n","protected":false},"excerpt":{"rendered":"<h2>Indicador y unidad de alarma: 2400i<\/h2>\n<p>La 2408i le ofrece alarmas e informaci\u00f3n precisa de las mediciones del proceso y de las temperaturas. Las alarmas de proceso, que incluyen l\u00edmites de sobretemperatura del horno, se implementan mediante salidas de rel\u00e9s.<\/p>\n<p><strong>Discontinuado:<\/strong> septiembre de 2022<br \/>\n<strong>Fin del servicio:<\/strong> septiembre de 2027<\/p>\n<p>Para ver nuestra alternativa recomendada, 3200i, haga clic <a href=\"\/products\/temperature-controllers\/indicator-and-alarm-units\/3200i-indicator-and-alarm-unit\/\">aqu\u00ed<\/a>.<\/p>\n","protected":false},"featured_media":9303,"template":"","meta":{"_acf_changed":false},"product_brand":[],"product_cat":[12389,12750],"product_tag":[],"class_list":{"0":"post-21043","1":"product","2":"type-product","3":"status-publish","4":"has-post-thumbnail","6":"product_cat-controladores-pid","7":"product_cat-indicator-and-alarm-units-es","8":"product_shipping_class-1-es","10":"first","11":"instock","12":"purchasable","13":"product-type-simple"},"acf":[],"yoast_head":"<!-- This site is optimized with the Yoast SEO plugin v27.2 - https:\/\/yoast.com\/product\/yoast-seo-wordpress\/ -->\n<title>Indicador y unidad de alarma: 2400i | Eurotherm Limited<\/title>\n<meta name=\"description\" content=\"Indicador y unidad de alarma: 2400i | Gran pantalla de 5 d\u00edgitos que ofrece una visibilidad excelente L\u00edmites de temperatura excesiva de\" \/>\n<meta name=\"robots\" content=\"index, follow, max-snippet:-1, max-image-preview:large, max-video-preview:-1\" \/>\n<meta property=\"og:locale\" content=\"es_ES\" \/>\n<meta property=\"og:type\" content=\"article\" \/>\n<meta property=\"og:title\" content=\"Indicador y unidad de alarma: 2400i | Eurotherm Limited\" \/>\n<meta property=\"og:description\" content=\"Indicador y unidad de alarma: 2400i | Indicador y unidad de alarma: 2400i La 2408i le ofrece alarmas e informaci\u00f3n precisa de las mediciones del proceso y de las temperaturas. Las alarmas de proceso, que incluyen l\u00edmites de sobretemperatura del horno, se implementan mediante salidas de rel\u00e9s.  Discontinuado: septiembre de 2022 Fin del servicio: septiembre de 2027  Para ver nuestra alternativa recomendada, 3200i, haga clic aqu\u00ed.\" \/>\n<meta property=\"og:url\" content=\"https:\/\/www.eurotherm.com\/es\/products\/controladores-pid\/indicator-and-alarm-units-es\/indicador-y-unidad-de-alarma-2400i\/\" \/>\n<meta property=\"og:site_name\" content=\"Eurotherm Limited\" \/>\n<meta property=\"article:modified_time\" content=\"2022-08-01T10:59:40+00:00\" \/>\n<meta property=\"og:image\" content=\"https:\/\/www.eurotherm.com\/wp-content\/uploads\/2018\/10\/2408i.jpg\" \/>\n\t<meta property=\"og:image:width\" content=\"500\" \/>\n\t<meta property=\"og:image:height\" content=\"500\" \/>\n\t<meta property=\"og:image:type\" content=\"image\/jpeg\" \/>\n<meta name=\"twitter:card\" content=\"summary_large_image\" \/>\n<meta name=\"twitter:label1\" content=\"Tiempo de lectura\" \/>\n\t<meta name=\"twitter:data1\" content=\"2 minutos\" \/>\n<script type=\"application\/ld+json\" class=\"yoast-schema-graph\">{\"@context\":\"https:\/\/schema.org\",\"@graph\":[{\"@type\":\"WebPage\",\"@id\":\"https:\/\/www.eurotherm.com\/es\/products\/controladores-pid\/indicator-and-alarm-units-es\/indicador-y-unidad-de-alarma-2400i\/\",\"url\":\"https:\/\/www.eurotherm.com\/es\/products\/controladores-pid\/indicator-and-alarm-units-es\/indicador-y-unidad-de-alarma-2400i\/\",\"name\":\"Indicador y unidad de alarma: 2400i | Eurotherm Limited\",\"isPartOf\":{\"@id\":\"https:\/\/www.eurotherm.com\/es\/#website\"},\"primaryImageOfPage\":{\"@id\":\"https:\/\/www.eurotherm.com\/es\/products\/controladores-pid\/indicator-and-alarm-units-es\/indicador-y-unidad-de-alarma-2400i\/#primaryimage\"},\"image\":{\"@id\":\"https:\/\/www.eurotherm.com\/es\/products\/controladores-pid\/indicator-and-alarm-units-es\/indicador-y-unidad-de-alarma-2400i\/#primaryimage\"},\"thumbnailUrl\":\"https:\/\/www.eurotherm.com\/wp-content\/uploads\/2018\/10\/2408i.jpg\",\"datePublished\":\"2018-10-16T10:05:25+00:00\",\"dateModified\":\"2022-08-01T10:59:40+00:00\",\"description\":\"Indicador y unidad de alarma: 2400i | Indicador y unidad de alarma: 2400i La 2408i le ofrece alarmas e informaci\u00f3n precisa de las mediciones del proceso y de las temperaturas. Las alarmas de proceso, que incluyen l\u00edmites de sobretemperatura del horno, se implementan mediante salidas de rel\u00e9s. Discontinuado: septiembre de 2022 Fin del servicio: septiembre de 2027 Para ver nuestra alternativa recomendada, 3200i, haga clic aqu\u00ed.\",\"breadcrumb\":{\"@id\":\"https:\/\/www.eurotherm.com\/es\/products\/controladores-pid\/indicator-and-alarm-units-es\/indicador-y-unidad-de-alarma-2400i\/#breadcrumb\"},\"inLanguage\":\"es\",\"potentialAction\":[{\"@type\":\"ReadAction\",\"target\":[\"https:\/\/www.eurotherm.com\/es\/products\/controladores-pid\/indicator-and-alarm-units-es\/indicador-y-unidad-de-alarma-2400i\/\"]}]},{\"@type\":\"ImageObject\",\"inLanguage\":\"es\",\"@id\":\"https:\/\/www.eurotherm.com\/es\/products\/controladores-pid\/indicator-and-alarm-units-es\/indicador-y-unidad-de-alarma-2400i\/#primaryimage\",\"url\":\"https:\/\/www.eurotherm.com\/wp-content\/uploads\/2018\/10\/2408i.jpg\",\"contentUrl\":\"https:\/\/www.eurotherm.com\/wp-content\/uploads\/2018\/10\/2408i.jpg\",\"width\":500,\"height\":500},{\"@type\":\"BreadcrumbList\",\"@id\":\"https:\/\/www.eurotherm.com\/es\/products\/controladores-pid\/indicator-and-alarm-units-es\/indicador-y-unidad-de-alarma-2400i\/#breadcrumb\",\"itemListElement\":[{\"@type\":\"ListItem\",\"position\":1,\"name\":\"Home\",\"item\":\"https:\/\/www.eurotherm.com\/es\/\"},{\"@type\":\"ListItem\",\"position\":2,\"name\":\"Product Catalogue\",\"item\":\"https:\/\/www.eurotherm.com\/es\/product-catalogue\/\"},{\"@type\":\"ListItem\",\"position\":3,\"name\":\"Controladores PID\",\"item\":\"https:\/\/www.eurotherm.com\/es\/eurotherm-products\/controladores-pid\/\"},{\"@type\":\"ListItem\",\"position\":4,\"name\":\"Indicator and Alarm Units\",\"item\":\"https:\/\/www.eurotherm.com\/es\/eurotherm-products\/controladores-pid\/indicator-and-alarm-units-es\/\"},{\"@type\":\"ListItem\",\"position\":5,\"name\":\"Indicador y unidad de alarma: 2400i\"}]},{\"@type\":\"WebSite\",\"@id\":\"https:\/\/www.eurotherm.com\/es\/#website\",\"url\":\"https:\/\/www.eurotherm.com\/es\/\",\"name\":\"Eurotherm Limited\",\"description\":\"Temperature Control, Process Control, Measurement and Data Recording Solutions\",\"potentialAction\":[{\"@type\":\"SearchAction\",\"target\":{\"@type\":\"EntryPoint\",\"urlTemplate\":\"https:\/\/www.eurotherm.com\/es\/?s={search_term_string}\"},\"query-input\":{\"@type\":\"PropertyValueSpecification\",\"valueRequired\":true,\"valueName\":\"search_term_string\"}}],\"inLanguage\":\"es\"}]}<\/script>\n<!-- \/ Yoast SEO plugin. -->","yoast_head_json":{"title":"Indicador y unidad de alarma: 2400i | Eurotherm Limited","description":"Indicador y unidad de alarma: 2400i | Gran pantalla de 5 d\u00edgitos que ofrece una visibilidad excelente L\u00edmites de temperatura excesiva de","robots":{"index":"index","follow":"follow","max-snippet":"max-snippet:-1","max-image-preview":"max-image-preview:large","max-video-preview":"max-video-preview:-1"},"og_locale":"es_ES","og_type":"article","og_title":"Indicador y unidad de alarma: 2400i | Eurotherm Limited","og_description":"Indicador y unidad de alarma: 2400i | Indicador y unidad de alarma: 2400i La 2408i le ofrece alarmas e informaci\u00f3n precisa de las mediciones del proceso y de las temperaturas. Las alarmas de proceso, que incluyen l\u00edmites de sobretemperatura del horno, se implementan mediante salidas de rel\u00e9s.  Discontinuado: septiembre de 2022 Fin del servicio: septiembre de 2027  Para ver nuestra alternativa recomendada, 3200i, haga clic aqu\u00ed.","og_url":"https:\/\/www.eurotherm.com\/es\/products\/controladores-pid\/indicator-and-alarm-units-es\/indicador-y-unidad-de-alarma-2400i\/","og_site_name":"Eurotherm Limited","article_modified_time":"2022-08-01T10:59:40+00:00","og_image":[{"width":500,"height":500,"url":"https:\/\/www.eurotherm.com\/wp-content\/uploads\/2018\/10\/2408i.jpg","type":"image\/jpeg"}],"twitter_card":"summary_large_image","twitter_misc":{"Tiempo de lectura":"2 minutos"},"schema":{"@context":"https:\/\/schema.org","@graph":[{"@type":"WebPage","@id":"https:\/\/www.eurotherm.com\/es\/products\/controladores-pid\/indicator-and-alarm-units-es\/indicador-y-unidad-de-alarma-2400i\/","url":"https:\/\/www.eurotherm.com\/es\/products\/controladores-pid\/indicator-and-alarm-units-es\/indicador-y-unidad-de-alarma-2400i\/","name":"Indicador y unidad de alarma: 2400i | Eurotherm Limited","isPartOf":{"@id":"https:\/\/www.eurotherm.com\/es\/#website"},"primaryImageOfPage":{"@id":"https:\/\/www.eurotherm.com\/es\/products\/controladores-pid\/indicator-and-alarm-units-es\/indicador-y-unidad-de-alarma-2400i\/#primaryimage"},"image":{"@id":"https:\/\/www.eurotherm.com\/es\/products\/controladores-pid\/indicator-and-alarm-units-es\/indicador-y-unidad-de-alarma-2400i\/#primaryimage"},"thumbnailUrl":"https:\/\/www.eurotherm.com\/wp-content\/uploads\/2018\/10\/2408i.jpg","datePublished":"2018-10-16T10:05:25+00:00","dateModified":"2022-08-01T10:59:40+00:00","description":"Indicador y unidad de alarma: 2400i | Indicador y unidad de alarma: 2400i La 2408i le ofrece alarmas e informaci\u00f3n precisa de las mediciones del proceso y de las temperaturas. Las alarmas de proceso, que incluyen l\u00edmites de sobretemperatura del horno, se implementan mediante salidas de rel\u00e9s. Discontinuado: septiembre de 2022 Fin del servicio: septiembre de 2027 Para ver nuestra alternativa recomendada, 3200i, haga clic aqu\u00ed.","breadcrumb":{"@id":"https:\/\/www.eurotherm.com\/es\/products\/controladores-pid\/indicator-and-alarm-units-es\/indicador-y-unidad-de-alarma-2400i\/#breadcrumb"},"inLanguage":"es","potentialAction":[{"@type":"ReadAction","target":["https:\/\/www.eurotherm.com\/es\/products\/controladores-pid\/indicator-and-alarm-units-es\/indicador-y-unidad-de-alarma-2400i\/"]}]},{"@type":"ImageObject","inLanguage":"es","@id":"https:\/\/www.eurotherm.com\/es\/products\/controladores-pid\/indicator-and-alarm-units-es\/indicador-y-unidad-de-alarma-2400i\/#primaryimage","url":"https:\/\/www.eurotherm.com\/wp-content\/uploads\/2018\/10\/2408i.jpg","contentUrl":"https:\/\/www.eurotherm.com\/wp-content\/uploads\/2018\/10\/2408i.jpg","width":500,"height":500},{"@type":"BreadcrumbList","@id":"https:\/\/www.eurotherm.com\/es\/products\/controladores-pid\/indicator-and-alarm-units-es\/indicador-y-unidad-de-alarma-2400i\/#breadcrumb","itemListElement":[{"@type":"ListItem","position":1,"name":"Home","item":"https:\/\/www.eurotherm.com\/es\/"},{"@type":"ListItem","position":2,"name":"Product Catalogue","item":"https:\/\/www.eurotherm.com\/es\/product-catalogue\/"},{"@type":"ListItem","position":3,"name":"Controladores PID","item":"https:\/\/www.eurotherm.com\/es\/eurotherm-products\/controladores-pid\/"},{"@type":"ListItem","position":4,"name":"Indicator and Alarm Units","item":"https:\/\/www.eurotherm.com\/es\/eurotherm-products\/controladores-pid\/indicator-and-alarm-units-es\/"},{"@type":"ListItem","position":5,"name":"Indicador y unidad de alarma: 2400i"}]},{"@type":"WebSite","@id":"https:\/\/www.eurotherm.com\/es\/#website","url":"https:\/\/www.eurotherm.com\/es\/","name":"Eurotherm Limited","description":"Temperature Control, Process Control, Measurement and Data Recording Solutions","potentialAction":[{"@type":"SearchAction","target":{"@type":"EntryPoint","urlTemplate":"https:\/\/www.eurotherm.com\/es\/?s={search_term_string}"},"query-input":{"@type":"PropertyValueSpecification","valueRequired":true,"valueName":"search_term_string"}}],"inLanguage":"es"}]}},"ACF":{"product_file":[28290,27454,28535,27942,27866,27943,27939,26712,27444,27995,27584,27332,26714,29344,26705,26706,26707,26691,26693,28336,26700,26692,27876,26686,26695,29310,29309,26704,27875,26696,28614,26702,26701,26699,26711,26708,27886,26716,26709,26710,26715,26713,28268,28267,137166]},"jetpack_sharing_enabled":true,"_links":{"self":[{"href":"https:\/\/www.eurotherm.com\/es\/wp-json\/wp\/v2\/product\/21043","targetHints":{"allow":["GET"]}}],"collection":[{"href":"https:\/\/www.eurotherm.com\/es\/wp-json\/wp\/v2\/product"}],"about":[{"href":"https:\/\/www.eurotherm.com\/es\/wp-json\/wp\/v2\/types\/product"}],"wp:featuredmedia":[{"embeddable":true,"href":"https:\/\/www.eurotherm.com\/es\/wp-json\/wp\/v2\/media\/9303"}],"wp:attachment":[{"href":"https:\/\/www.eurotherm.com\/es\/wp-json\/wp\/v2\/media?parent=21043"}],"wp:term":[{"taxonomy":"product_brand","embeddable":true,"href":"https:\/\/www.eurotherm.com\/es\/wp-json\/wp\/v2\/product_brand?post=21043"},{"taxonomy":"product_cat","embeddable":true,"href":"https:\/\/www.eurotherm.com\/es\/wp-json\/wp\/v2\/product_cat?post=21043"},{"taxonomy":"product_tag","embeddable":true,"href":"https:\/\/www.eurotherm.com\/es\/wp-json\/wp\/v2\/product_tag?post=21043"}],"curies":[{"name":"wp","href":"https:\/\/api.w.org\/{rel}","templated":true}]}}