{"id":21012,"date":"2018-10-15T08:50:47","date_gmt":"2018-10-15T08:50:47","guid":{"rendered":"https:\/\/www.eurotherm.com\/product\/eplc100-un-plc-preciso-y-compacto\/"},"modified":"2021-11-05T23:25:12","modified_gmt":"2021-11-05T15:25:12","slug":"eplc100-combination-plc","status":"publish","type":"product","link":"https:\/\/www.eurotherm.com\/es\/products\/discontinued-eurotherm-products-es\/eplc100-combination-plc\/","title":{"rendered":"E+PLC100 &#8211; Un PLC preciso, y compacto"},"content":{"rendered":"<h3>Todas las piezas de su rompecabezas de proceso en una peque\u00f1a caja muy ingeniosa<\/h3>\n<p>Esta soluci\u00f3n excepcionalmente compacta combina la funcionalidad PLC completa con el mejor control PID y registro de su clase. Ofrece una interfaz de operador intensa que utiliza controles familiares de pantalla t\u00e1ctil para asegurar una operaci\u00f3n intuitiva. Para su tama\u00f1o, posee una impresionante variedad de E\/S de precisi\u00f3n y es una soluci\u00f3n ideal completa para aplicaciones m\u00e1s peque\u00f1as.<\/p>\n<h3>Medici\u00f3n de precisi\u00f3n<\/h3>\n<p>Para controlar con precisi\u00f3n, es necesario medir con precisi\u00f3n. Para su tama\u00f1o, el, E+PLC100 tiene una impresionante variedad de E\/S de precisi\u00f3n que permite un control y registro precisos. Tiene cuatro entradas anal\u00f3gicas, dos entradas digitales y hasta dos salidas l\u00f3gicas, tres salidas de rel\u00e9 y tres salidas CC. Sus E\/S de alto rendimiento ofrecen mediciones precisas, permiten un control m\u00e1s estricto y un registro hist\u00f3rico exacto de un proceso.<\/p>\n<p><strong>Una soluci\u00f3n completa para m\u00e1quinas peque\u00f1as\u00a0<\/strong><\/p>\n<h3>Mejor en el control<\/h3>\n<p>E+PLC100 incorpora m\u00e1s de 50 a\u00f1os de conocimiento de control, incluidos los algoritmos PID de auto ajuste fino exclusivos de Eurotherm, que proporcionan un control de rendimiento superior.<\/p>\n<ul>\n<li>Reduce los tiempos de proceso llegando al punto de consigna r\u00e1pidamente<\/li>\n<li>Optimizan el consumo de energ\u00eda mediante la eliminaci\u00f3n de sobrepicos o subpicos sin dejar de ofrecer una respuesta de control r\u00e1pida<\/li>\n<li>Mejora la calidad ofreciendo un rendimiento de control estable con tolerancias m\u00e1s estrictas<\/li>\n<li>Suministrado en forma de bloque de funciones predise\u00f1ados que solo hay que parametrizar<\/li>\n<\/ul>\n<p><strong>Control de rendimiento superior y rentable &#8211; \u00bfPor qu\u00e9 arriesgar?\u00a0<\/strong><\/p>\n<h3>F\u00e1cil programaci\u00f3n de puntos de consigna<\/h3>\n<p>Rico en funciones, el E+PLC100 incluye programaci\u00f3n del punto de consigna f\u00e1cilmente programable y altamente flexible. Al utilizar un formato del tipo hoja de c\u00e1lculo, pueden configurarse r\u00e1pidamente m\u00faltiples programas con numerosos segmentos, asegurando un f\u00e1cil ajuste de recetas y eficiencia operativa mejorada.<\/p>\n<p><strong>Operaci\u00f3n garantizada que puede reducir los costes de procesamiento\u00a0<\/strong><\/p>\n<h3>Mejor en registro<\/h3>\n<p>E+PLC100 dispone de capacidad de registro integrada con estrategias de gesti\u00f3n de datos por lotes altamente eficiente para asegurar la integridad y seguridad total de los datos. Proporciona una completa tranquilidad con d\u00e9cadas de experiencia en registro para asegurar el cumplimiento de las normas, reguladoras y de calidad, a trav\u00e9s de:<\/p>\n<ul>\n<li>Registro contin\u00fao seguro en el punto de medida<\/li>\n<li>La incorporaci\u00f3n de estrategias de fallo de energ\u00eda y red asegura la completa integridad de los datos<\/li>\n<li>Trazabilidad completa de registros\/lotes con todos los procesos y metadatos almacenados juntos de manera segura<\/li>\n<li>Gesti\u00f3n eficiente de archivos y datos mediante el uso de USB local, servidores FTP y la innovadora herramienta Eurotherm Online Services: EOS Director<\/li>\n<li>Estrategias de archivo que proporcionan estrategias de autocuraci\u00f3n y registros plenamente validados<\/li>\n<li>Gesti\u00f3n segura de registros y datos de lotes proporcionada en forma de bloques de funciones, f\u00e1cilmente parametrizados<\/li>\n<\/ul>\n<p><strong>Gesti\u00f3n eficiente de datos de los registros de proceso totalmente segura\u00a0<\/strong><\/p>\n<h3>Ingenier\u00eda reducida<\/h3>\n<p>El E+PLC100 utilizar la plataforma l\u00edder CODESYS para proporcionar un entorno de programaci\u00f3n familiar y reducir los costes de energ\u00eda.<\/p>\n<p>La soluci\u00f3n completa se realiza desde este \u00fanico y entorno de programaci\u00f3n.. Incluye control avanzado PID de Eurotherm y la capacidad de registro en forma de bloques de funciones f\u00e1ciles de usar conjuntamente con el dise\u00f1o integrado de elementos de visualizaci\u00f3n.\u00a0E+PLC100 le ofrece una soluci\u00f3n PLC completa y de alto rendimiento para su proceso en un formato compacto que nunca ha sido m\u00e1s f\u00e1cil de configurar.<\/p>\n<p>Entre las herramientas de programaci\u00f3n que reducir\u00e1n su tiempo de ingenier\u00eda se incluyen:<\/p>\n<ul>\n<li>Gran variedad de bloques de funciones f\u00e1ciles de usar\n<ul>\n<li>Control PID de ajuste fino autom\u00e1tico<\/li>\n<li>Registro seguro<\/li>\n<li>Gesti\u00f3n de datos por lotes<\/li>\n<li>Entrada de sonda de zirconia<\/li>\n<\/ul>\n<\/li>\n<li>Bibliotecas de bloques de funciones de PLC integrales incorporadas<\/li>\n<li>Un \u00fanico entorno de programaci\u00f3n integrado para dise\u00f1ar una soluci\u00f3n de proceso completa, incluyendo PLC, control PID, registro y visualizaci\u00f3n<\/li>\n<\/ul>\n<p><strong>La creaci\u00f3n de una soluci\u00f3n PLC completa y de alto rendimiento nunca ha sido tan f\u00e1cil\u00a0<\/strong><\/p>\n<p><strong>PLC abierto con f\u00e1cil control y registro\u00a0<\/strong><\/p>\n<ul>\n<li>Soluci\u00f3n en una \u00fanica caja<\/li>\n<li>Programaci\u00f3n IEC 61131-3 est\u00e1ndar<\/li>\n<li>Entorno de programaci\u00f3n CODESYS integrado \u00fanico que ofrece PLC, control PID, registro y visualizaci\u00f3n<\/li>\n<li>Bloques de funciones pre-validados para una r\u00e1pida ingenier\u00eda<\/li>\n<\/ul>\n<p><strong>Control PID de precisi\u00f3n en un PLC\u00a0<\/strong><\/p>\n<ul>\n<li>Rendimiento de control estable y preciso<\/li>\n<li>Reduce los tiempos de procesamiento<\/li>\n<li>Incrementa la productividad<\/li>\n<li>Optimiza el uso de energ\u00eda<\/li>\n<li>Mejora la calidad<\/li>\n<li>Minimiza los desechos\/reelaboraci\u00f3n<\/li>\n<\/ul>\n<p><strong>Registro seguro en un PLC\u00a0<\/strong><\/p>\n<ul>\n<li>Cumplimiento normativo m\u00e1s f\u00e1cil<\/li>\n<li>Medici\u00f3n de precisi\u00f3n de variables de proceso<\/li>\n<li>Registro de datos seguro en el punto de medida<\/li>\n<li>Registros completos, precisos y trazables<\/li>\n<\/ul>\n<p><strong>Un PLC con visualizaci\u00f3n integrada<\/strong><\/p>\n<ul>\n<li>Display de pantalla t\u00e1ctil integrado e intuitivo<\/li>\n<li>Visualizaci\u00f3n en movilidad del proceso en ordenadores y tableta<\/li>\n<\/ul>\n","protected":false},"excerpt":{"rendered":"<h2>&#8230; con el mejor rendimiento en control PID y registro<\/h2>\n<p>E+PLC<sup>100<\/sup>\u00a0es un controlador PID, registrador y PLC ingeniosamente dise\u00f1ado, todo en un s\u00f3lo instrumento compacto con una pantalla t\u00e1ctil de color de 3,5&#8243; TFT. Al utilizar una plataforma est\u00e1ndar industrial abierto (IEC61131-3) y un entorno de programaci\u00f3n \u00fanico e integrado, reduce significativamente el tiempo sin dejar de ofrecer el mejor rendimiento del proceso y un cumplimiento normativo m\u00e1s f\u00e1cil. Leer m\u00e1s ..<\/p>\n","protected":false},"featured_media":52348,"template":"","meta":{"_acf_changed":false},"product_brand":[],"product_cat":[15421],"product_tag":[],"class_list":{"0":"post-21012","1":"product","2":"type-product","3":"status-publish","4":"has-post-thumbnail","6":"product_cat-discontinued-eurotherm-products-es","7":"product_shipping_class-1-es","9":"first","10":"instock","11":"purchasable","12":"product-type-simple"},"acf":[],"yoast_head":"<!-- This site is optimized with the Yoast SEO plugin v27.2 - https:\/\/yoast.com\/product\/yoast-seo-wordpress\/ -->\n<title>E+PLC100 - Un PLC preciso, y compacto | Eurotherm Limited<\/title>\n<meta name=\"description\" content=\"E+PLC100 &#8211; Un PLC preciso, y compacto | Todas las piezas de su rompecabezas de proceso en una peque\u00f1a caja muy ingeniosa Esta soluci\u00f3n excepcion\" \/>\n<meta name=\"robots\" content=\"index, follow, max-snippet:-1, max-image-preview:large, max-video-preview:-1\" \/>\n<meta property=\"og:locale\" content=\"es_ES\" \/>\n<meta property=\"og:type\" content=\"article\" \/>\n<meta property=\"og:title\" content=\"E+PLC100 - Un PLC preciso, y compacto | Eurotherm Limited\" \/>\n<meta property=\"og:description\" content=\"E+PLC100 - Un PLC preciso, y compacto | ... con el mejor rendimiento en control PID y registro E+PLC100\u00a0es un controlador PID, registrador y PLC ingeniosamente dise\u00f1ado, todo en un s\u00f3lo instrumento compacto con una pantalla t\u00e1ctil de color de 3,5&quot; TFT. Al utilizar una plataforma est\u00e1ndar industrial abierto (IEC61131-3) y un entorno de programaci\u00f3n \u00fanico e integrado, reduce significativamente el tiempo sin dejar de ofrecer el mejor rendimiento del proceso y un cumplimiento normativo m\u00e1s f\u00e1cil. Leer m\u00e1s ..\" \/>\n<meta property=\"og:url\" content=\"https:\/\/www.eurotherm.com\/es\/products\/discontinued-eurotherm-products-es\/eplc100-combination-plc\/\" \/>\n<meta property=\"og:site_name\" content=\"Eurotherm Limited\" \/>\n<meta property=\"article:modified_time\" content=\"2021-11-05T15:25:12+00:00\" \/>\n<meta property=\"og:image\" content=\"https:\/\/www.eurotherm.com\/wp-content\/uploads\/2018\/10\/EPLC100_34_L_numeric_screen-500x500.jpg\" \/>\n\t<meta property=\"og:image:width\" content=\"500\" \/>\n\t<meta property=\"og:image:height\" content=\"500\" \/>\n\t<meta property=\"og:image:type\" content=\"image\/jpeg\" \/>\n<meta name=\"twitter:card\" content=\"summary_large_image\" \/>\n<meta name=\"twitter:label1\" content=\"Tiempo de lectura\" \/>\n\t<meta name=\"twitter:data1\" content=\"4 minutos\" \/>\n<script type=\"application\/ld+json\" class=\"yoast-schema-graph\">{\"@context\":\"https:\/\/schema.org\",\"@graph\":[{\"@type\":\"WebPage\",\"@id\":\"https:\/\/www.eurotherm.com\/es\/products\/discontinued-eurotherm-products-es\/eplc100-combination-plc\/\",\"url\":\"https:\/\/www.eurotherm.com\/es\/products\/discontinued-eurotherm-products-es\/eplc100-combination-plc\/\",\"name\":\"E+PLC100 - Un PLC preciso, y compacto | Eurotherm Limited\",\"isPartOf\":{\"@id\":\"https:\/\/www.eurotherm.com\/es\/#website\"},\"primaryImageOfPage\":{\"@id\":\"https:\/\/www.eurotherm.com\/es\/products\/discontinued-eurotherm-products-es\/eplc100-combination-plc\/#primaryimage\"},\"image\":{\"@id\":\"https:\/\/www.eurotherm.com\/es\/products\/discontinued-eurotherm-products-es\/eplc100-combination-plc\/#primaryimage\"},\"thumbnailUrl\":\"https:\/\/www.eurotherm.com\/wp-content\/uploads\/2018\/10\/EPLC100_34_L_numeric_screen-500x500.jpg\",\"datePublished\":\"2018-10-15T08:50:47+00:00\",\"dateModified\":\"2021-11-05T15:25:12+00:00\",\"description\":\"E+PLC100 - Un PLC preciso, y compacto | ... con el mejor rendimiento en control PID y registro E+PLC100\u00a0es un controlador PID, registrador y PLC ingeniosamente dise\u00f1ado, todo en un s\u00f3lo instrumento compacto con una pantalla t\u00e1ctil de color de 3,5\\\" TFT. Al utilizar una plataforma est\u00e1ndar industrial abierto (IEC61131-3) y un entorno de programaci\u00f3n \u00fanico e integrado, reduce significativamente el tiempo sin dejar de ofrecer el mejor rendimiento del proceso y un cumplimiento normativo m\u00e1s f\u00e1cil. Leer m\u00e1s ..\",\"breadcrumb\":{\"@id\":\"https:\/\/www.eurotherm.com\/es\/products\/discontinued-eurotherm-products-es\/eplc100-combination-plc\/#breadcrumb\"},\"inLanguage\":\"es\",\"potentialAction\":[{\"@type\":\"ReadAction\",\"target\":[\"https:\/\/www.eurotherm.com\/es\/products\/discontinued-eurotherm-products-es\/eplc100-combination-plc\/\"]}]},{\"@type\":\"ImageObject\",\"inLanguage\":\"es\",\"@id\":\"https:\/\/www.eurotherm.com\/es\/products\/discontinued-eurotherm-products-es\/eplc100-combination-plc\/#primaryimage\",\"url\":\"https:\/\/www.eurotherm.com\/wp-content\/uploads\/2018\/10\/EPLC100_34_L_numeric_screen-500x500.jpg\",\"contentUrl\":\"https:\/\/www.eurotherm.com\/wp-content\/uploads\/2018\/10\/EPLC100_34_L_numeric_screen-500x500.jpg\",\"width\":500,\"height\":500},{\"@type\":\"BreadcrumbList\",\"@id\":\"https:\/\/www.eurotherm.com\/es\/products\/discontinued-eurotherm-products-es\/eplc100-combination-plc\/#breadcrumb\",\"itemListElement\":[{\"@type\":\"ListItem\",\"position\":1,\"name\":\"Home\",\"item\":\"https:\/\/www.eurotherm.com\/es\/\"},{\"@type\":\"ListItem\",\"position\":2,\"name\":\"Product Catalogue\",\"item\":\"https:\/\/www.eurotherm.com\/es\/product-catalogue\/\"},{\"@type\":\"ListItem\",\"position\":3,\"name\":\"Discontinued Eurotherm Products\",\"item\":\"https:\/\/www.eurotherm.com\/es\/eurotherm-products\/discontinued-eurotherm-products-es\/\"},{\"@type\":\"ListItem\",\"position\":4,\"name\":\"E+PLC100 &#8211; Un PLC preciso, y compacto\"}]},{\"@type\":\"WebSite\",\"@id\":\"https:\/\/www.eurotherm.com\/es\/#website\",\"url\":\"https:\/\/www.eurotherm.com\/es\/\",\"name\":\"Eurotherm Limited\",\"description\":\"Temperature Control, Process Control, Measurement and Data Recording Solutions\",\"potentialAction\":[{\"@type\":\"SearchAction\",\"target\":{\"@type\":\"EntryPoint\",\"urlTemplate\":\"https:\/\/www.eurotherm.com\/es\/?s={search_term_string}\"},\"query-input\":{\"@type\":\"PropertyValueSpecification\",\"valueRequired\":true,\"valueName\":\"search_term_string\"}}],\"inLanguage\":\"es\"}]}<\/script>\n<!-- \/ Yoast SEO plugin. -->","yoast_head_json":{"title":"E+PLC100 - Un PLC preciso, y compacto | Eurotherm Limited","description":"E+PLC100 &#8211; Un PLC preciso, y compacto | Todas las piezas de su rompecabezas de proceso en una peque\u00f1a caja muy ingeniosa Esta soluci\u00f3n excepcion","robots":{"index":"index","follow":"follow","max-snippet":"max-snippet:-1","max-image-preview":"max-image-preview:large","max-video-preview":"max-video-preview:-1"},"og_locale":"es_ES","og_type":"article","og_title":"E+PLC100 - Un PLC preciso, y compacto | Eurotherm Limited","og_description":"E+PLC100 - Un PLC preciso, y compacto | ... con el mejor rendimiento en control PID y registro E+PLC100\u00a0es un controlador PID, registrador y PLC ingeniosamente dise\u00f1ado, todo en un s\u00f3lo instrumento compacto con una pantalla t\u00e1ctil de color de 3,5\" TFT. Al utilizar una plataforma est\u00e1ndar industrial abierto (IEC61131-3) y un entorno de programaci\u00f3n \u00fanico e integrado, reduce significativamente el tiempo sin dejar de ofrecer el mejor rendimiento del proceso y un cumplimiento normativo m\u00e1s f\u00e1cil. Leer m\u00e1s ..","og_url":"https:\/\/www.eurotherm.com\/es\/products\/discontinued-eurotherm-products-es\/eplc100-combination-plc\/","og_site_name":"Eurotherm Limited","article_modified_time":"2021-11-05T15:25:12+00:00","og_image":[{"width":500,"height":500,"url":"https:\/\/www.eurotherm.com\/wp-content\/uploads\/2018\/10\/EPLC100_34_L_numeric_screen-500x500.jpg","type":"image\/jpeg"}],"twitter_card":"summary_large_image","twitter_misc":{"Tiempo de lectura":"4 minutos"},"schema":{"@context":"https:\/\/schema.org","@graph":[{"@type":"WebPage","@id":"https:\/\/www.eurotherm.com\/es\/products\/discontinued-eurotherm-products-es\/eplc100-combination-plc\/","url":"https:\/\/www.eurotherm.com\/es\/products\/discontinued-eurotherm-products-es\/eplc100-combination-plc\/","name":"E+PLC100 - Un PLC preciso, y compacto | Eurotherm Limited","isPartOf":{"@id":"https:\/\/www.eurotherm.com\/es\/#website"},"primaryImageOfPage":{"@id":"https:\/\/www.eurotherm.com\/es\/products\/discontinued-eurotherm-products-es\/eplc100-combination-plc\/#primaryimage"},"image":{"@id":"https:\/\/www.eurotherm.com\/es\/products\/discontinued-eurotherm-products-es\/eplc100-combination-plc\/#primaryimage"},"thumbnailUrl":"https:\/\/www.eurotherm.com\/wp-content\/uploads\/2018\/10\/EPLC100_34_L_numeric_screen-500x500.jpg","datePublished":"2018-10-15T08:50:47+00:00","dateModified":"2021-11-05T15:25:12+00:00","description":"E+PLC100 - Un PLC preciso, y compacto | ... con el mejor rendimiento en control PID y registro E+PLC100\u00a0es un controlador PID, registrador y PLC ingeniosamente dise\u00f1ado, todo en un s\u00f3lo instrumento compacto con una pantalla t\u00e1ctil de color de 3,5\" TFT. Al utilizar una plataforma est\u00e1ndar industrial abierto (IEC61131-3) y un entorno de programaci\u00f3n \u00fanico e integrado, reduce significativamente el tiempo sin dejar de ofrecer el mejor rendimiento del proceso y un cumplimiento normativo m\u00e1s f\u00e1cil. Leer m\u00e1s ..","breadcrumb":{"@id":"https:\/\/www.eurotherm.com\/es\/products\/discontinued-eurotherm-products-es\/eplc100-combination-plc\/#breadcrumb"},"inLanguage":"es","potentialAction":[{"@type":"ReadAction","target":["https:\/\/www.eurotherm.com\/es\/products\/discontinued-eurotherm-products-es\/eplc100-combination-plc\/"]}]},{"@type":"ImageObject","inLanguage":"es","@id":"https:\/\/www.eurotherm.com\/es\/products\/discontinued-eurotherm-products-es\/eplc100-combination-plc\/#primaryimage","url":"https:\/\/www.eurotherm.com\/wp-content\/uploads\/2018\/10\/EPLC100_34_L_numeric_screen-500x500.jpg","contentUrl":"https:\/\/www.eurotherm.com\/wp-content\/uploads\/2018\/10\/EPLC100_34_L_numeric_screen-500x500.jpg","width":500,"height":500},{"@type":"BreadcrumbList","@id":"https:\/\/www.eurotherm.com\/es\/products\/discontinued-eurotherm-products-es\/eplc100-combination-plc\/#breadcrumb","itemListElement":[{"@type":"ListItem","position":1,"name":"Home","item":"https:\/\/www.eurotherm.com\/es\/"},{"@type":"ListItem","position":2,"name":"Product Catalogue","item":"https:\/\/www.eurotherm.com\/es\/product-catalogue\/"},{"@type":"ListItem","position":3,"name":"Discontinued Eurotherm Products","item":"https:\/\/www.eurotherm.com\/es\/eurotherm-products\/discontinued-eurotherm-products-es\/"},{"@type":"ListItem","position":4,"name":"E+PLC100 &#8211; Un PLC preciso, y compacto"}]},{"@type":"WebSite","@id":"https:\/\/www.eurotherm.com\/es\/#website","url":"https:\/\/www.eurotherm.com\/es\/","name":"Eurotherm Limited","description":"Temperature Control, Process Control, Measurement and Data Recording Solutions","potentialAction":[{"@type":"SearchAction","target":{"@type":"EntryPoint","urlTemplate":"https:\/\/www.eurotherm.com\/es\/?s={search_term_string}"},"query-input":{"@type":"PropertyValueSpecification","valueRequired":true,"valueName":"search_term_string"}}],"inLanguage":"es"}]}},"ACF":{"discontinued_date":"31st December 2021","end_of_service_date":"31st December 2026","alternative_products":[{"ID":21013,"post_author":"4","post_date":"2018-10-15 08:50:47","post_date_gmt":"2018-10-15 08:50:47","post_content":"E+PLC<sup>400<\/sup> is a modular PLC designed to meet the stringent regulatory requirements of thermal and other advanced manufacturing industries.\r\n\r\nBy utilizing the open industry standard IEC61131-3 CODESYS\u00ae platform, E+PLC enables simplified engineering through a single integrated programming and visualization environment. Includes advanced function block libraries for:\r\n<ul>\r\n \t<li>Heat treatment applications<\/li>\r\n \t<li>Control and data recording<\/li>\r\n \t<li>\u2018OEM security\u2019 and customization<\/li>\r\n<\/ul>\r\nUnique PID control functions designed by Eurotherm<sup>TM<\/sup> are built in, enabling faster commissioning and tighter control of the overall process, as well as easing conformance to regulatory and end-customer requirements, including:\r\n<ul>\r\n \t<li>6 PID sets to help maintain tight control at specific setpoints<\/li>\r\n \t<li>Intelligent auto-tune for optimal control and commissioning<\/li>\r\n \t<li>Specialized cutback function for overshoot control<\/li>\r\n<\/ul>\r\nData management embedded in E+PLC helps manufacturers meet strict regulatory process data requirements, including:\r\n<ul>\r\n \t<li>Eurotherm tamper-resistant UHH file format (a superior alternative to editable csv files commonly found in PLCs)<\/li>\r\n<\/ul>\r\nEthernet communication offers connectivity to IIoT (Industrial Internet of Things) and Industry 4.0 technologies.\r\n\r\nTo assist with operational efficiency, E+PLC400 includes an embedded webserver for remote viewing on mobile devices, and can be offered with any touch screen operator interface panels which support https communication for local visualization.","post_title":"E+PLC400 Versatile Precision PLC","post_excerpt":"Advanced control, data management and visualization in a modular platform solution\r\n<ul>\r\n \t<li>A modular combination PLC with selectable base sizes to suit your application<\/li>\r\n \t<li>Precise control, setpoint programmer and tamper resistant recording fully integrated within a PLC application<\/li>\r\n \t<li>Minimizes engineering and commissioning costs while maximizing process performance<\/li>\r\n \t<li>Inbuilt advanced PID and setpoint programmer functions<\/li>\r\n \t<li>Continuous and batch recording<\/li>\r\n \t<li>Visualization remotely browsable from multiple devices<\/li>\r\n \t<li>More processing power and I\/O, make it suitable for larger machines with more complex functionality<\/li>\r\n \t<li>Larger memory allows more extensive use of ladder logic and sequencing programs<\/li>\r\n<\/ul>","post_status":"publish","comment_status":"closed","ping_status":"closed","post_password":"","post_name":"eplc400-combination-plc","to_ping":"","pinged":"","post_modified":"2023-08-18 22:01:08","post_modified_gmt":"2023-08-18 14:01:08","post_content_filtered":"","post_parent":0,"guid":"https:\/\/www.eurotherm.com\/product\/eplc400-versatile-precision-plc\/","menu_order":0,"post_type":"product","post_mime_type":"","comment_count":"0","filter":"raw"},{"ID":21069,"post_author":"4","post_date":"2018-10-15 08:52:45","post_date_gmt":"2018-10-15 08:52:45","post_content":"<h3>N\u00edtida pantalla a color<\/h3>\r\nLa pantalla TFT de 3,5 pulgadas ofrece una visualizaci\u00f3n extremadamente n\u00edtida de los par\u00e1metros de proceso con una amplia selecci\u00f3n de vistas que pueden configurarse a la medida de la aplicaci\u00f3n. Las vistas incluyen tendencias horizontales y verticales, gr\u00e1ficos de barras horizontales y verticales, num\u00e9ricas, estado de alarma y lazos de control. La unidad tambi\u00e9n ofrece conexiones de usuario en la parte delantera del producto para una configuraci\u00f3n detallada sin necesidad de conectarlo al PC.\r\n<h3>Adquisici\u00f3n y registro de datos<\/h3>\r\nLa funci\u00f3n de registro del nanodac emplea estrategias seguras y el formato UHH desarrollado por Eurotherm durante a\u00f1os de experiencia en el registro de datos. Adem\u00e1s de las numerosas vistas en tiempo real e hist\u00f3ricas del producto, incluye varias estrategias de archivado de datos mediante la memoria flash integrada de 50 MB, USB extra\u00edble y transferencia de datos mediante FTP a un servidor elegido. Los cuatro canales de entrada universales ofrecen una elevada precisi\u00f3n (v\u00e1lidos para su uso en aplicaciones Nadcap) y muestreo en paralelo a 125 ms. Es posible usar otros catorce canales virtuales para proporcionar funciones matem\u00e1ticas, contador, comunicaciones esclavas y totalizador en el instrumento. El software Review tambi\u00e9n puede usarse para iniciar la extracci\u00f3n autom\u00e1tica de los datos a una base de datos Review a trav\u00e9s de la red Ethernet. Es posible usar el software Review y Dream Report\u2122 para generar informes que respondan a las necesidades de su proceso.\r\n<h3>Lazos de control PID<\/h3>\r\nEl instrumento nanodac tambi\u00e9n puede ofrecer dos lazos de control independientes (opcional). Esta funci\u00f3n de control emplea el avanzado algoritmo PID de Eurotherm que confiere un elevado rendimiento y fiabilidad a su proceso. Entre sus funciones se incluye uno de los mejores sistemas de autoajuste disponibles, adem\u00e1s de la inhibici\u00f3n de sobreimpulsos (cortes), compensaci\u00f3n de fluctuaciones de alimentaci\u00f3n mediante realimentaci\u00f3n de potencia, y enfriamiento lineal, ventilador, aceite y agua.\r\n<ul>\r\n \t<li>Registro seguro de datos<\/li>\r\n \t<li>Dos lazos de control PID<\/li>\r\n \t<li>Entradas universales de alta precisi\u00f3n<\/li>\r\n \t<li>Almacenamiento de datos extra\u00edble en USB<\/li>\r\n \t<li>Dise\u00f1o compacto<\/li>\r\n \t<li>Memoria flash de 50 MB<\/li>\r\n \t<li>Comunicaciones v\u00eda Ethernet<\/li>\r\n \t<li>\u00bc N\u00edtida pantalla VGA<\/li>\r\n \t<li>14 canales virtuales<\/li>\r\n<\/ul>","post_title":"nanodac\u2122 Registrador \/ controlador","post_excerpt":"El registrador\/controlador nanodac\u2122 ofrece lo \u00faltimo en registro gr\u00e1fico combinado con control PID para un producto de su tama\u00f1o. La compacta unidad con montaje en panel de \u00bc DIN ofrece cuatro entradas universales de alta precisi\u00f3n para registro de datos y control PID. Este dispositivo de registro de datos seguros con control preciso incluye una pantalla a todo color de \u00bc VGA para equipar con una interfaz de usuario absolutamente n\u00edtida hasta a las m\u00e1quinas m\u00e1s peque\u00f1as.","post_status":"publish","comment_status":"closed","ping_status":"closed","post_password":"","post_name":"nanodac-recorder-controller","to_ping":"","pinged":"","post_modified":"2023-11-09 05:01:36","post_modified_gmt":"2023-11-08 21:01:36","post_content_filtered":"","post_parent":0,"guid":"https:\/\/www.eurotherm.com\/product\/nanodac-registrador-controlador\/","menu_order":0,"post_type":"product","post_mime_type":"","comment_count":"0","filter":"raw"}],"product_file":[27454,29317,27679,28535,29341,27538,27680,27539,27682,27681,27540,29357,29220,28061,28063,28064,28062,27683,29165,28456,28258,27942,28071,27866,28069,28140,27943,27939,27584,28120,28970,100562,101943,100563,105978,137167]},"jetpack_sharing_enabled":true,"_links":{"self":[{"href":"https:\/\/www.eurotherm.com\/es\/wp-json\/wp\/v2\/product\/21012","targetHints":{"allow":["GET"]}}],"collection":[{"href":"https:\/\/www.eurotherm.com\/es\/wp-json\/wp\/v2\/product"}],"about":[{"href":"https:\/\/www.eurotherm.com\/es\/wp-json\/wp\/v2\/types\/product"}],"wp:featuredmedia":[{"embeddable":true,"href":"https:\/\/www.eurotherm.com\/es\/wp-json\/wp\/v2\/media\/52348"}],"wp:attachment":[{"href":"https:\/\/www.eurotherm.com\/es\/wp-json\/wp\/v2\/media?parent=21012"}],"wp:term":[{"taxonomy":"product_brand","embeddable":true,"href":"https:\/\/www.eurotherm.com\/es\/wp-json\/wp\/v2\/product_brand?post=21012"},{"taxonomy":"product_cat","embeddable":true,"href":"https:\/\/www.eurotherm.com\/es\/wp-json\/wp\/v2\/product_cat?post=21012"},{"taxonomy":"product_tag","embeddable":true,"href":"https:\/\/www.eurotherm.com\/es\/wp-json\/wp\/v2\/product_tag?post=21012"}],"curies":[{"name":"wp","href":"https:\/\/api.w.org\/{rel}","templated":true}]}}