{"id":21008,"date":"2018-10-15T08:50:47","date_gmt":"2018-10-15T08:50:47","guid":{"rendered":"https:\/\/www.eurotherm.com\/product\/dream-report\/"},"modified":"2020-01-29T12:02:35","modified_gmt":"2020-01-29T12:02:35","slug":"dream-report","status":"publish","type":"product","link":"https:\/\/www.eurotherm.com\/es\/products\/control-maquina-proceso-plc-y-pac\/pac-software-es\/dream-report\/","title":{"rendered":"Dream Report"},"content":{"rendered":"<h2>Recogida de datos<\/h2>\n<p>El software Dream Report incluye un controlador Eurotherm Review y una plantilla de informes que permiten obtener datos hist\u00f3ricos desde dispositivos como registrador gr\u00e1fico de la serie 6000, controlador de automatizaci\u00f3n programable T2550 y supervisor visual Eycon TM. Es posible recoger los datos autom\u00e1ticamente a trav\u00e9s de una red Ethernet o manualmente mediante soportes extra\u00edbles.<br \/>\nSe instala un \u00a0n\u00facleo de comunicaciones que permite recoger datos y alarmas desde distintas fuentes hist\u00f3ricas y en tiempo real utilizando los est\u00e1ndares OP, OLE y ODBC para garantizar una interfaz com\u00fan entre las fuentes de distintos fabricantes.<\/p>\n<p>&nbsp;<\/p>\n<h2>Generaci\u00f3n de informes<\/h2>\n<p>En el modo autom\u00e1tico, la generaci\u00f3n y distribuci\u00f3n de los informes puede lanzarse con un evento o programarse previamente. En el modo manual, una aplicaci\u00f3n adicional (Dynamic Report GeneratorTM) permite programar la generaci\u00f3n del informe o generar un informe bajo pedido en cualquier momento.<\/p>\n<p>&nbsp;<\/p>\n<h2>Registro de datos<\/h2>\n<p>El software Dream Report, con sus potentes funciones de historial, registro por grupos, datos y alarmas desde:<\/p>\n<ul>\n<li>Servidores OPC<\/li>\n<li>Otras fuentes en tiempo real conectadas, como ODBC, OLE, etc<\/li>\n<li>Informaci\u00f3n anal\u00edtica definida en los informes<\/li>\n<\/ul>\n<p>Con un n\u00famero ilimitado de grupos configurados con condiciones de registro espec\u00edficas para cada uno, se obtienen unos datos limpios y precisos que se registran de manera predeterminada en MSDE desde SQL Server. Tambi\u00e9n pueden utilizarse otras bases de datos abiertas, como Oracle, MySql, Access o Information Manager de Eurotherm.<\/p>\n<p>&nbsp;<\/p>\n<h2>Objetos<\/h2>\n<ul>\n<li><strong>Representaci\u00f3n textual:<\/strong>\u00a0permite extraer y mostrar an\u00e1lisis de una base de datos hist\u00f3rica, como Review.<\/li>\n<li><strong>Tablas:<\/strong>\u00a0numerosas opciones para extraer datos y alarmas en diferentes tablas. Los usuarios pueden seleccionar las tablas preformateadas o crear las suyas en SQL.<\/li>\n<li><strong>Barras y pastel:<\/strong>\u00a0los gr\u00e1ficos de barras y pastel muestran diversos valores estad\u00edsticos y alarmas con funciones de visualizaci\u00f3n avanzada (%, leyenda, valores, etc.).<\/li>\n<li><strong>Gr\u00e1ficos:<\/strong>\u00a0los usuarios pueden definir gr\u00e1ficos XY basados en tiempo. Es posible combinar gr\u00e1ficos de diferentes plazos de tiempo para visualizar y comparar los resultados con rapidez. Adem\u00e1s, el objeto gr\u00e1fico admite distintos tipos de datos, como valores, valores medios y regresiones lineales. los usuarios pueden visualizar y ajustar distintas escalas de forma autom\u00e1tica o manual.<\/li>\n<\/ul>\n<p>&nbsp;<\/p>\n<p><strong>CARACTER\u00cdSTICAS F\u00c1CILES DE USAR PARA:<\/strong><\/p>\n<ul>\n<li>Recogida de datos<\/li>\n<li>Extracci\u00f3n y an\u00e1lisis de datos<\/li>\n<li>Dise\u00f1o de informes<\/li>\n<li>Generaci\u00f3n de informes<\/li>\n<li>Distribuci\u00f3n de informes<\/li>\n<\/ul>\n","protected":false},"excerpt":{"rendered":"<p>El software Dream ReportTM de Eurotherm es una soluci\u00f3n integrada de informes para sistemas de automatizaci\u00f3n industrial. Est\u00e1 dise\u00f1ada para ser un soluci\u00f3n sencilla capaz de extraer datos de casi cualquier fuente y de generar informes autom\u00e1ticamente para cualquier usuario, en cualquier lugar. Basado en tecnolog\u00edas modernas, el software Dream Report se adapta perfectamente a las aplicaciones de procesos continuos y por lotes.<\/p>\n<ul>\n<li>Generaci\u00f3n de informes manual y autom\u00e1tica<\/li>\n<li>Reduce el tiempo de ingenier\u00eda<\/li>\n<li>Portal web para intercambiar informaci\u00f3n<\/li>\n<li>Informes continuos y por lotes<\/li>\n<li>Generaci\u00f3n de PDF protegidos y exportaci\u00f3n a Excel<\/li>\n<li>M\u00f3dulo de administraci\u00f3n de usuarios para proteger sus datos<\/li>\n<li>Informaci\u00f3n en distintos idiomas<\/li>\n<\/ul>\n","protected":false},"featured_media":95453,"template":"","meta":{"_acf_changed":false},"product_brand":[],"product_cat":[12724,12383,12726,952,12708,12387],"product_tag":[],"class_list":{"0":"post-21008","1":"product","2":"type-product","3":"status-publish","4":"has-post-thumbnail","6":"product_cat-control-maquina-proceso-plc-y-pac","7":"product_cat-pac-software-es","8":"product_cat-plc-and-pac-es","9":"product_cat-productos-spain","10":"product_cat-registradores-y-adquisicion-de-datos","11":"product_cat-recorders-software-es","12":"product_shipping_class-1-es","14":"first","15":"instock","16":"purchasable","17":"product-type-simple"},"acf":[],"yoast_head":"<!-- This site is optimized with the Yoast SEO plugin v27.5 - https:\/\/yoast.com\/product\/yoast-seo-wordpress\/ -->\n<title>Dream Report | Eurotherm Limited<\/title>\n<meta name=\"description\" content=\"Dream Report | Recogida de datos El software Dream Report incluye un controlador Eurotherm Review y una plantilla de informes que permiten obtener dat\" \/>\n<meta name=\"robots\" content=\"index, follow, max-snippet:-1, max-image-preview:large, max-video-preview:-1\" \/>\n<meta property=\"og:locale\" content=\"es_ES\" \/>\n<meta property=\"og:type\" content=\"article\" \/>\n<meta property=\"og:title\" content=\"Dream Report | Eurotherm Limited\" \/>\n<meta property=\"og:description\" content=\"Dream Report | El software Dream ReportTM de Eurotherm es una soluci\u00f3n integrada de informes para sistemas de automatizaci\u00f3n industrial. Est\u00e1 dise\u00f1ada para ser un soluci\u00f3n sencilla capaz de extraer datos de casi cualquier fuente y de generar informes autom\u00e1ticamente para cualquier usuario, en cualquier lugar. Basado en tecnolog\u00edas modernas, el software Dream Report se adapta perfectamente a las aplicaciones de procesos continuos y por lotes.   Generaci\u00f3n de informes manual y autom\u00e1tica  Reduce el tiempo de ingenier\u00eda  Portal web para intercambiar informaci\u00f3n  Informes continuos y por lotes  Generaci\u00f3n de PDF protegidos y exportaci\u00f3n a Excel  M\u00f3dulo de administraci\u00f3n de usuarios para proteger sus datos  Informaci\u00f3n en distintos idiomas\" \/>\n<meta property=\"og:url\" content=\"https:\/\/www.eurotherm.com\/es\/products\/control-maquina-proceso-plc-y-pac\/pac-software-es\/dream-report\/\" \/>\n<meta property=\"og:site_name\" content=\"Eurotherm Limited\" \/>\n<meta property=\"article:modified_time\" content=\"2020-01-29T12:02:35+00:00\" \/>\n<meta property=\"og:image\" content=\"https:\/\/www.eurotherm.com\/wp-content\/uploads\/2018\/10\/Dream-report.jpg\" \/>\n\t<meta property=\"og:image:width\" content=\"500\" \/>\n\t<meta property=\"og:image:height\" content=\"500\" \/>\n\t<meta property=\"og:image:type\" content=\"image\/jpeg\" \/>\n<meta name=\"twitter:card\" content=\"summary_large_image\" \/>\n<meta name=\"twitter:label1\" content=\"Tiempo de lectura\" \/>\n\t<meta name=\"twitter:data1\" content=\"2 minutos\" \/>\n<script type=\"application\/ld+json\" class=\"yoast-schema-graph\">{\"@context\":\"https:\\\/\\\/schema.org\",\"@graph\":[{\"@type\":\"WebPage\",\"@id\":\"https:\\\/\\\/www.eurotherm.com\\\/es\\\/products\\\/control-maquina-proceso-plc-y-pac\\\/pac-software-es\\\/dream-report\\\/\",\"url\":\"https:\\\/\\\/www.eurotherm.com\\\/es\\\/products\\\/control-maquina-proceso-plc-y-pac\\\/pac-software-es\\\/dream-report\\\/\",\"name\":\"Dream Report | Eurotherm Limited\",\"isPartOf\":{\"@id\":\"https:\\\/\\\/www.eurotherm.com\\\/es\\\/#website\"},\"primaryImageOfPage\":{\"@id\":\"https:\\\/\\\/www.eurotherm.com\\\/es\\\/products\\\/control-maquina-proceso-plc-y-pac\\\/pac-software-es\\\/dream-report\\\/#primaryimage\"},\"image\":{\"@id\":\"https:\\\/\\\/www.eurotherm.com\\\/es\\\/products\\\/control-maquina-proceso-plc-y-pac\\\/pac-software-es\\\/dream-report\\\/#primaryimage\"},\"thumbnailUrl\":\"https:\\\/\\\/www.eurotherm.com\\\/wp-content\\\/uploads\\\/2018\\\/10\\\/Dream-report.jpg\",\"datePublished\":\"2018-10-15T08:50:47+00:00\",\"dateModified\":\"2020-01-29T12:02:35+00:00\",\"description\":\"Dream Report | El software Dream ReportTM de Eurotherm es una soluci\u00f3n integrada de informes para sistemas de automatizaci\u00f3n industrial. Est\u00e1 dise\u00f1ada para ser un soluci\u00f3n sencilla capaz de extraer datos de casi cualquier fuente y de generar informes autom\u00e1ticamente para cualquier usuario, en cualquier lugar. Basado en tecnolog\u00edas modernas, el software Dream Report se adapta perfectamente a las aplicaciones de procesos continuos y por lotes. Generaci\u00f3n de informes manual y autom\u00e1tica Reduce el tiempo de ingenier\u00eda Portal web para intercambiar informaci\u00f3n Informes continuos y por lotes Generaci\u00f3n de PDF protegidos y exportaci\u00f3n a Excel M\u00f3dulo de administraci\u00f3n de usuarios para proteger sus datos Informaci\u00f3n en distintos idiomas\",\"breadcrumb\":{\"@id\":\"https:\\\/\\\/www.eurotherm.com\\\/es\\\/products\\\/control-maquina-proceso-plc-y-pac\\\/pac-software-es\\\/dream-report\\\/#breadcrumb\"},\"inLanguage\":\"es\",\"potentialAction\":[{\"@type\":\"ReadAction\",\"target\":[\"https:\\\/\\\/www.eurotherm.com\\\/es\\\/products\\\/control-maquina-proceso-plc-y-pac\\\/pac-software-es\\\/dream-report\\\/\"]}]},{\"@type\":\"ImageObject\",\"inLanguage\":\"es\",\"@id\":\"https:\\\/\\\/www.eurotherm.com\\\/es\\\/products\\\/control-maquina-proceso-plc-y-pac\\\/pac-software-es\\\/dream-report\\\/#primaryimage\",\"url\":\"https:\\\/\\\/www.eurotherm.com\\\/wp-content\\\/uploads\\\/2018\\\/10\\\/Dream-report.jpg\",\"contentUrl\":\"https:\\\/\\\/www.eurotherm.com\\\/wp-content\\\/uploads\\\/2018\\\/10\\\/Dream-report.jpg\",\"width\":500,\"height\":500},{\"@type\":\"BreadcrumbList\",\"@id\":\"https:\\\/\\\/www.eurotherm.com\\\/es\\\/products\\\/control-maquina-proceso-plc-y-pac\\\/pac-software-es\\\/dream-report\\\/#breadcrumb\",\"itemListElement\":[{\"@type\":\"ListItem\",\"position\":1,\"name\":\"Home\",\"item\":\"https:\\\/\\\/www.eurotherm.com\\\/es\\\/\"},{\"@type\":\"ListItem\",\"position\":2,\"name\":\"Product Catalogue\",\"item\":\"https:\\\/\\\/www.eurotherm.com\\\/es\\\/product-catalogue\\\/\"},{\"@type\":\"ListItem\",\"position\":3,\"name\":\"Registradores y Adquisici\u00f3n de Datos\",\"item\":\"https:\\\/\\\/www.eurotherm.com\\\/es\\\/eurotherm-products\\\/registradores-y-adquisicion-de-datos\\\/\"},{\"@type\":\"ListItem\",\"position\":4,\"name\":\"Software de registradores\",\"item\":\"https:\\\/\\\/www.eurotherm.com\\\/es\\\/eurotherm-products\\\/registradores-y-adquisicion-de-datos\\\/recorders-software-es\\\/\"},{\"@type\":\"ListItem\",\"position\":5,\"name\":\"Dream Report\"}]},{\"@type\":\"WebSite\",\"@id\":\"https:\\\/\\\/www.eurotherm.com\\\/es\\\/#website\",\"url\":\"https:\\\/\\\/www.eurotherm.com\\\/es\\\/\",\"name\":\"Eurotherm Limited\",\"description\":\"Temperature Control, Process Control, Measurement and Data Recording Solutions\",\"potentialAction\":[{\"@type\":\"SearchAction\",\"target\":{\"@type\":\"EntryPoint\",\"urlTemplate\":\"https:\\\/\\\/www.eurotherm.com\\\/es\\\/?s={search_term_string}\"},\"query-input\":{\"@type\":\"PropertyValueSpecification\",\"valueRequired\":true,\"valueName\":\"search_term_string\"}}],\"inLanguage\":\"es\"}]}<\/script>\n<!-- \/ Yoast SEO plugin. -->","yoast_head_json":{"title":"Dream Report | Eurotherm Limited","description":"Dream Report | Recogida de datos El software Dream Report incluye un controlador Eurotherm Review y una plantilla de informes que permiten obtener dat","robots":{"index":"index","follow":"follow","max-snippet":"max-snippet:-1","max-image-preview":"max-image-preview:large","max-video-preview":"max-video-preview:-1"},"og_locale":"es_ES","og_type":"article","og_title":"Dream Report | Eurotherm Limited","og_description":"Dream Report | El software Dream ReportTM de Eurotherm es una soluci\u00f3n integrada de informes para sistemas de automatizaci\u00f3n industrial. Est\u00e1 dise\u00f1ada para ser un soluci\u00f3n sencilla capaz de extraer datos de casi cualquier fuente y de generar informes autom\u00e1ticamente para cualquier usuario, en cualquier lugar. Basado en tecnolog\u00edas modernas, el software Dream Report se adapta perfectamente a las aplicaciones de procesos continuos y por lotes.   Generaci\u00f3n de informes manual y autom\u00e1tica  Reduce el tiempo de ingenier\u00eda  Portal web para intercambiar informaci\u00f3n  Informes continuos y por lotes  Generaci\u00f3n de PDF protegidos y exportaci\u00f3n a Excel  M\u00f3dulo de administraci\u00f3n de usuarios para proteger sus datos  Informaci\u00f3n en distintos idiomas","og_url":"https:\/\/www.eurotherm.com\/es\/products\/control-maquina-proceso-plc-y-pac\/pac-software-es\/dream-report\/","og_site_name":"Eurotherm Limited","article_modified_time":"2020-01-29T12:02:35+00:00","og_image":[{"width":500,"height":500,"url":"https:\/\/www.eurotherm.com\/wp-content\/uploads\/2018\/10\/Dream-report.jpg","type":"image\/jpeg"}],"twitter_card":"summary_large_image","twitter_misc":{"Tiempo de lectura":"2 minutos"},"schema":{"@context":"https:\/\/schema.org","@graph":[{"@type":"WebPage","@id":"https:\/\/www.eurotherm.com\/es\/products\/control-maquina-proceso-plc-y-pac\/pac-software-es\/dream-report\/","url":"https:\/\/www.eurotherm.com\/es\/products\/control-maquina-proceso-plc-y-pac\/pac-software-es\/dream-report\/","name":"Dream Report | Eurotherm Limited","isPartOf":{"@id":"https:\/\/www.eurotherm.com\/es\/#website"},"primaryImageOfPage":{"@id":"https:\/\/www.eurotherm.com\/es\/products\/control-maquina-proceso-plc-y-pac\/pac-software-es\/dream-report\/#primaryimage"},"image":{"@id":"https:\/\/www.eurotherm.com\/es\/products\/control-maquina-proceso-plc-y-pac\/pac-software-es\/dream-report\/#primaryimage"},"thumbnailUrl":"https:\/\/www.eurotherm.com\/wp-content\/uploads\/2018\/10\/Dream-report.jpg","datePublished":"2018-10-15T08:50:47+00:00","dateModified":"2020-01-29T12:02:35+00:00","description":"Dream Report | El software Dream ReportTM de Eurotherm es una soluci\u00f3n integrada de informes para sistemas de automatizaci\u00f3n industrial. Est\u00e1 dise\u00f1ada para ser un soluci\u00f3n sencilla capaz de extraer datos de casi cualquier fuente y de generar informes autom\u00e1ticamente para cualquier usuario, en cualquier lugar. Basado en tecnolog\u00edas modernas, el software Dream Report se adapta perfectamente a las aplicaciones de procesos continuos y por lotes. Generaci\u00f3n de informes manual y autom\u00e1tica Reduce el tiempo de ingenier\u00eda Portal web para intercambiar informaci\u00f3n Informes continuos y por lotes Generaci\u00f3n de PDF protegidos y exportaci\u00f3n a Excel M\u00f3dulo de administraci\u00f3n de usuarios para proteger sus datos Informaci\u00f3n en distintos idiomas","breadcrumb":{"@id":"https:\/\/www.eurotherm.com\/es\/products\/control-maquina-proceso-plc-y-pac\/pac-software-es\/dream-report\/#breadcrumb"},"inLanguage":"es","potentialAction":[{"@type":"ReadAction","target":["https:\/\/www.eurotherm.com\/es\/products\/control-maquina-proceso-plc-y-pac\/pac-software-es\/dream-report\/"]}]},{"@type":"ImageObject","inLanguage":"es","@id":"https:\/\/www.eurotherm.com\/es\/products\/control-maquina-proceso-plc-y-pac\/pac-software-es\/dream-report\/#primaryimage","url":"https:\/\/www.eurotherm.com\/wp-content\/uploads\/2018\/10\/Dream-report.jpg","contentUrl":"https:\/\/www.eurotherm.com\/wp-content\/uploads\/2018\/10\/Dream-report.jpg","width":500,"height":500},{"@type":"BreadcrumbList","@id":"https:\/\/www.eurotherm.com\/es\/products\/control-maquina-proceso-plc-y-pac\/pac-software-es\/dream-report\/#breadcrumb","itemListElement":[{"@type":"ListItem","position":1,"name":"Home","item":"https:\/\/www.eurotherm.com\/es\/"},{"@type":"ListItem","position":2,"name":"Product Catalogue","item":"https:\/\/www.eurotherm.com\/es\/product-catalogue\/"},{"@type":"ListItem","position":3,"name":"Registradores y Adquisici\u00f3n de Datos","item":"https:\/\/www.eurotherm.com\/es\/eurotherm-products\/registradores-y-adquisicion-de-datos\/"},{"@type":"ListItem","position":4,"name":"Software de registradores","item":"https:\/\/www.eurotherm.com\/es\/eurotherm-products\/registradores-y-adquisicion-de-datos\/recorders-software-es\/"},{"@type":"ListItem","position":5,"name":"Dream Report"}]},{"@type":"WebSite","@id":"https:\/\/www.eurotherm.com\/es\/#website","url":"https:\/\/www.eurotherm.com\/es\/","name":"Eurotherm Limited","description":"Temperature Control, Process Control, Measurement and Data Recording Solutions","potentialAction":[{"@type":"SearchAction","target":{"@type":"EntryPoint","urlTemplate":"https:\/\/www.eurotherm.com\/es\/?s={search_term_string}"},"query-input":{"@type":"PropertyValueSpecification","valueRequired":true,"valueName":"search_term_string"}}],"inLanguage":"es"}]}},"ACF":{"product_file":[29388,27454,28535,27942,27466,27866,27943,27939,27584,27439,29343,27497,27749,27526],"related_products":""},"jetpack_sharing_enabled":true,"_links":{"self":[{"href":"https:\/\/www.eurotherm.com\/es\/wp-json\/wp\/v2\/product\/21008","targetHints":{"allow":["GET"]}}],"collection":[{"href":"https:\/\/www.eurotherm.com\/es\/wp-json\/wp\/v2\/product"}],"about":[{"href":"https:\/\/www.eurotherm.com\/es\/wp-json\/wp\/v2\/types\/product"}],"wp:featuredmedia":[{"embeddable":true,"href":"https:\/\/www.eurotherm.com\/es\/wp-json\/wp\/v2\/media\/95453"}],"wp:attachment":[{"href":"https:\/\/www.eurotherm.com\/es\/wp-json\/wp\/v2\/media?parent=21008"}],"wp:term":[{"taxonomy":"product_brand","embeddable":true,"href":"https:\/\/www.eurotherm.com\/es\/wp-json\/wp\/v2\/product_brand?post=21008"},{"taxonomy":"product_cat","embeddable":true,"href":"https:\/\/www.eurotherm.com\/es\/wp-json\/wp\/v2\/product_cat?post=21008"},{"taxonomy":"product_tag","embeddable":true,"href":"https:\/\/www.eurotherm.com\/es\/wp-json\/wp\/v2\/product_tag?post=21008"}],"curies":[{"name":"wp","href":"https:\/\/api.w.org\/{rel}","templated":true}]}}