{"id":21005,"date":"2018-10-15T08:46:55","date_gmt":"2018-10-16T10:01:23","guid":{"rendered":"https:\/\/www.eurotherm.com\/product\/controladores-programadores-de-la-serie-2200\/"},"modified":"2024-12-05T00:38:54","modified_gmt":"2024-12-04T16:38:54","slug":"controladores-programadores-de-la-serie-2200","status":"publish","type":"product","link":"https:\/\/www.eurotherm.com\/es\/products\/controladores-pid\/monolazo\/controladores-programadores-de-la-serie-2200\/","title":{"rendered":"Controladores\/programadores de la serie 2200"},"content":{"rendered":"<ul>\n<li>Controladores de temperatura o procesos vers\u00e1tiles y estables<\/li>\n<li>Ajuste autom\u00e1tico con inhibici\u00f3n de sobreimpulsos<\/li>\n<li>Salidas de calentamiento y enfriamiento<\/li>\n<li>Hardware modular<\/li>\n<li>Visualizaci\u00f3n de operario personalizada<\/li>\n<li>Comunicaciones digitales<\/li>\n<\/ul>\n<p>Presentan una construcci\u00f3n modular con la opci\u00f3n de dos salidas de control, dos rel\u00e9s de alarmas y un m\u00f3dulo de comunicaciones.<\/p>\n<p>El hardware puede configurarse para calentamiento, enfriamiento o alarmas. Todos los instrumentos se configuran por completo in situ.<\/p>\n<h2>Salidas de calentamiento y enfriamiento. Equipo modular<\/h2>\n<p>Se incluyen salidas de calentamiento y enfriamiento modulares con la posibilidad de elegir una o dos salidas de rel\u00e9s de alarma. Las unidades DIN 1\/8 y 1\/4 tienen dos entradas digitales para seleccionar transferencia manual o autom\u00e1tica, modo de espera, punto de consigna secundario o reconocimiento de alarma.<\/p>\n<h2>Conexi\u00f3n sencilla mediante comunicaciones digitales<\/h2>\n<p>Dispone de comunicaciones digitales a trav\u00e9s de los protocolos est\u00e1ndares del sector, incluidas comunicaciones Modbus y DeviceNetTM, para su f\u00e1cil conexi\u00f3n a sistemas de control y registro de datos.<\/p>\n<h2>Perfiles de tratamiento t\u00e9rmico sencillos<\/h2>\n<p>Es posible programar perfiles de tratamiento t\u00e9rmico sencillos mediante el generador de rampa interno y el temporizador de intervalos.<\/p>\n<h2>Supervisi\u00f3n avanzada de la intensidad de carga<\/h2>\n<p>Evita la necesidad de utilizar amper\u00edmetros mediante la funci\u00f3n de supervisi\u00f3n avanzada de la intensidad de carga. Permite mostrar la intensidad del calefactor y detectar aver\u00edas de cortocircuito o circuito abierto.<\/p>\n<p><strong>IDEAL PARA:<\/strong><\/p>\n<ul>\n<li>Extrusi\u00f3n con algoritmos optimizados de refrigeraci\u00f3n por ventiladores o agua<\/li>\n<li>Hornos y estufas<\/li>\n<li>C\u00e1maras clim\u00e1ticas<\/li>\n<li>M\u00e1quinas envasadoras<\/li>\n<li>Industria alimentaria<\/li>\n<\/ul>\n<p><strong>CARACTER\u00cdSTICAS:<\/strong><\/p>\n<ul>\n<li>Entrada universal<\/li>\n<li>Salidas de calentamiento y refrigeraci\u00f3n<\/li>\n<li>Salida de v\u00e1lvula motorizada<\/li>\n<li>Hasta tres rel\u00e9s de alarma<\/li>\n<li>L\u00edmite de variaci\u00f3n del punto de consigna con funci\u00f3n de temporizador<\/li>\n<li>Visualizaci\u00f3n de intensidad del calefactor<\/li>\n<li>Diagn\u00f3sticos de carga<\/li>\n<\/ul>\n","protected":false},"excerpt":{"rendered":"<p>Los 2216e\/2208e\/2204e son una gama de controladores de temperatura o procesos vers\u00e1tiles y estables con ajuste autom\u00e1tico en tama\u00f1os DIN 1\/16, 1\/8 y 1\/4.<\/p>\n[gdpr-youtube id=\"pEPybtlbfLo\"]\n<p>La mayor\u00eda de las opciones de los controladores 22xxE no est\u00e1n disponibles. Para ver nuestra propuesta de reemplazo con los controladores programables EPC3000, haga clic <a href=\"https:\/\/www.eurotherm.com\/es\/products\/controladores-pid\/monolazo\/epc3000-programmable-controllers\/\">aqu\u00ed<\/a>.<\/p>\n","protected":false},"featured_media":9191,"template":"","meta":{"_acf_changed":false},"product_brand":[],"product_cat":[12389,12753],"product_tag":[],"class_list":{"0":"post-21005","1":"product","2":"type-product","3":"status-publish","4":"has-post-thumbnail","6":"product_cat-controladores-pid","7":"product_cat-monolazo","8":"product_shipping_class-1-es","10":"first","11":"instock","12":"purchasable","13":"product-type-simple"},"acf":[],"yoast_head":"<!-- This site is optimized with the Yoast SEO plugin v27.2 - https:\/\/yoast.com\/product\/yoast-seo-wordpress\/ -->\n<title>Controladores\/programadores de la serie 2200 | Eurotherm Limited<\/title>\n<meta name=\"description\" content=\"Controladores\/programadores de la serie 2200 | Controladores de temperatura o procesos vers\u00e1tiles y estables Ajuste autom\u00e1tico con inhib\" \/>\n<meta name=\"robots\" content=\"index, follow, max-snippet:-1, max-image-preview:large, max-video-preview:-1\" \/>\n<meta property=\"og:locale\" content=\"es_ES\" \/>\n<meta property=\"og:type\" content=\"article\" \/>\n<meta property=\"og:title\" content=\"Controladores\/programadores de la serie 2200 | Eurotherm Limited\" \/>\n<meta property=\"og:description\" content=\"Controladores\/programadores de la serie 2200 | Los 2216e\/2208e\/2204e son una gama de controladores de temperatura o procesos vers\u00e1tiles y estables con ajuste autom\u00e1tico en tama\u00f1os DIN 1\/16, 1\/8 y 1\/4.    La mayor\u00eda de las opciones de los controladores 22xxE no est\u00e1n disponibles. Para ver nuestra propuesta de reemplazo con los controladores programables EPC3000, haga clic aqu\u00ed.\" \/>\n<meta property=\"og:url\" content=\"https:\/\/www.eurotherm.com\/es\/products\/controladores-pid\/monolazo\/controladores-programadores-de-la-serie-2200\/\" \/>\n<meta property=\"og:site_name\" content=\"Eurotherm Limited\" \/>\n<meta property=\"article:modified_time\" content=\"2024-12-04T16:38:54+00:00\" \/>\n<meta property=\"og:image\" content=\"https:\/\/www.eurotherm.com\/wp-content\/uploads\/2018\/10\/2200_Series.jpg\" \/>\n\t<meta property=\"og:image:width\" content=\"500\" \/>\n\t<meta property=\"og:image:height\" content=\"500\" \/>\n\t<meta property=\"og:image:type\" content=\"image\/jpeg\" \/>\n<meta name=\"twitter:card\" content=\"summary_large_image\" \/>\n<meta name=\"twitter:label1\" content=\"Tiempo de lectura\" \/>\n\t<meta name=\"twitter:data1\" content=\"2 minutos\" \/>\n<script type=\"application\/ld+json\" class=\"yoast-schema-graph\">{\"@context\":\"https:\/\/schema.org\",\"@graph\":[{\"@type\":\"WebPage\",\"@id\":\"https:\/\/www.eurotherm.com\/es\/products\/controladores-pid\/monolazo\/controladores-programadores-de-la-serie-2200\/\",\"url\":\"https:\/\/www.eurotherm.com\/es\/products\/controladores-pid\/monolazo\/controladores-programadores-de-la-serie-2200\/\",\"name\":\"Controladores\/programadores de la serie 2200 | Eurotherm Limited\",\"isPartOf\":{\"@id\":\"https:\/\/www.eurotherm.com\/es\/#website\"},\"primaryImageOfPage\":{\"@id\":\"https:\/\/www.eurotherm.com\/es\/products\/controladores-pid\/monolazo\/controladores-programadores-de-la-serie-2200\/#primaryimage\"},\"image\":{\"@id\":\"https:\/\/www.eurotherm.com\/es\/products\/controladores-pid\/monolazo\/controladores-programadores-de-la-serie-2200\/#primaryimage\"},\"thumbnailUrl\":\"https:\/\/www.eurotherm.com\/wp-content\/uploads\/2018\/10\/2200_Series.jpg\",\"datePublished\":\"2018-10-16T10:01:23+00:00\",\"dateModified\":\"2024-12-04T16:38:54+00:00\",\"description\":\"Controladores\/programadores de la serie 2200 | Los 2216e\/2208e\/2204e son una gama de controladores de temperatura o procesos vers\u00e1tiles y estables con ajuste autom\u00e1tico en tama\u00f1os DIN 1\/16, 1\/8 y 1\/4. La mayor\u00eda de las opciones de los controladores 22xxE no est\u00e1n disponibles. Para ver nuestra propuesta de reemplazo con los controladores programables EPC3000, haga clic aqu\u00ed.\",\"breadcrumb\":{\"@id\":\"https:\/\/www.eurotherm.com\/es\/products\/controladores-pid\/monolazo\/controladores-programadores-de-la-serie-2200\/#breadcrumb\"},\"inLanguage\":\"es\",\"potentialAction\":[{\"@type\":\"ReadAction\",\"target\":[\"https:\/\/www.eurotherm.com\/es\/products\/controladores-pid\/monolazo\/controladores-programadores-de-la-serie-2200\/\"]}]},{\"@type\":\"ImageObject\",\"inLanguage\":\"es\",\"@id\":\"https:\/\/www.eurotherm.com\/es\/products\/controladores-pid\/monolazo\/controladores-programadores-de-la-serie-2200\/#primaryimage\",\"url\":\"https:\/\/www.eurotherm.com\/wp-content\/uploads\/2018\/10\/2200_Series.jpg\",\"contentUrl\":\"https:\/\/www.eurotherm.com\/wp-content\/uploads\/2018\/10\/2200_Series.jpg\",\"width\":500,\"height\":500},{\"@type\":\"BreadcrumbList\",\"@id\":\"https:\/\/www.eurotherm.com\/es\/products\/controladores-pid\/monolazo\/controladores-programadores-de-la-serie-2200\/#breadcrumb\",\"itemListElement\":[{\"@type\":\"ListItem\",\"position\":1,\"name\":\"Home\",\"item\":\"https:\/\/www.eurotherm.com\/es\/\"},{\"@type\":\"ListItem\",\"position\":2,\"name\":\"Product Catalogue\",\"item\":\"https:\/\/www.eurotherm.com\/es\/product-catalogue\/\"},{\"@type\":\"ListItem\",\"position\":3,\"name\":\"Controladores PID\",\"item\":\"https:\/\/www.eurotherm.com\/es\/eurotherm-products\/controladores-pid\/\"},{\"@type\":\"ListItem\",\"position\":4,\"name\":\"Monolazo\",\"item\":\"https:\/\/www.eurotherm.com\/es\/eurotherm-products\/controladores-pid\/monolazo\/\"},{\"@type\":\"ListItem\",\"position\":5,\"name\":\"Controladores\/programadores de la serie 2200\"}]},{\"@type\":\"WebSite\",\"@id\":\"https:\/\/www.eurotherm.com\/es\/#website\",\"url\":\"https:\/\/www.eurotherm.com\/es\/\",\"name\":\"Eurotherm Limited\",\"description\":\"Temperature Control, Process Control, Measurement and Data Recording Solutions\",\"potentialAction\":[{\"@type\":\"SearchAction\",\"target\":{\"@type\":\"EntryPoint\",\"urlTemplate\":\"https:\/\/www.eurotherm.com\/es\/?s={search_term_string}\"},\"query-input\":{\"@type\":\"PropertyValueSpecification\",\"valueRequired\":true,\"valueName\":\"search_term_string\"}}],\"inLanguage\":\"es\"}]}<\/script>\n<!-- \/ Yoast SEO plugin. -->","yoast_head_json":{"title":"Controladores\/programadores de la serie 2200 | Eurotherm Limited","description":"Controladores\/programadores de la serie 2200 | Controladores de temperatura o procesos vers\u00e1tiles y estables Ajuste autom\u00e1tico con inhib","robots":{"index":"index","follow":"follow","max-snippet":"max-snippet:-1","max-image-preview":"max-image-preview:large","max-video-preview":"max-video-preview:-1"},"og_locale":"es_ES","og_type":"article","og_title":"Controladores\/programadores de la serie 2200 | Eurotherm Limited","og_description":"Controladores\/programadores de la serie 2200 | Los 2216e\/2208e\/2204e son una gama de controladores de temperatura o procesos vers\u00e1tiles y estables con ajuste autom\u00e1tico en tama\u00f1os DIN 1\/16, 1\/8 y 1\/4.    La mayor\u00eda de las opciones de los controladores 22xxE no est\u00e1n disponibles. Para ver nuestra propuesta de reemplazo con los controladores programables EPC3000, haga clic aqu\u00ed.","og_url":"https:\/\/www.eurotherm.com\/es\/products\/controladores-pid\/monolazo\/controladores-programadores-de-la-serie-2200\/","og_site_name":"Eurotherm Limited","article_modified_time":"2024-12-04T16:38:54+00:00","og_image":[{"width":500,"height":500,"url":"https:\/\/www.eurotherm.com\/wp-content\/uploads\/2018\/10\/2200_Series.jpg","type":"image\/jpeg"}],"twitter_card":"summary_large_image","twitter_misc":{"Tiempo de lectura":"2 minutos"},"schema":{"@context":"https:\/\/schema.org","@graph":[{"@type":"WebPage","@id":"https:\/\/www.eurotherm.com\/es\/products\/controladores-pid\/monolazo\/controladores-programadores-de-la-serie-2200\/","url":"https:\/\/www.eurotherm.com\/es\/products\/controladores-pid\/monolazo\/controladores-programadores-de-la-serie-2200\/","name":"Controladores\/programadores de la serie 2200 | Eurotherm Limited","isPartOf":{"@id":"https:\/\/www.eurotherm.com\/es\/#website"},"primaryImageOfPage":{"@id":"https:\/\/www.eurotherm.com\/es\/products\/controladores-pid\/monolazo\/controladores-programadores-de-la-serie-2200\/#primaryimage"},"image":{"@id":"https:\/\/www.eurotherm.com\/es\/products\/controladores-pid\/monolazo\/controladores-programadores-de-la-serie-2200\/#primaryimage"},"thumbnailUrl":"https:\/\/www.eurotherm.com\/wp-content\/uploads\/2018\/10\/2200_Series.jpg","datePublished":"2018-10-16T10:01:23+00:00","dateModified":"2024-12-04T16:38:54+00:00","description":"Controladores\/programadores de la serie 2200 | Los 2216e\/2208e\/2204e son una gama de controladores de temperatura o procesos vers\u00e1tiles y estables con ajuste autom\u00e1tico en tama\u00f1os DIN 1\/16, 1\/8 y 1\/4. La mayor\u00eda de las opciones de los controladores 22xxE no est\u00e1n disponibles. Para ver nuestra propuesta de reemplazo con los controladores programables EPC3000, haga clic aqu\u00ed.","breadcrumb":{"@id":"https:\/\/www.eurotherm.com\/es\/products\/controladores-pid\/monolazo\/controladores-programadores-de-la-serie-2200\/#breadcrumb"},"inLanguage":"es","potentialAction":[{"@type":"ReadAction","target":["https:\/\/www.eurotherm.com\/es\/products\/controladores-pid\/monolazo\/controladores-programadores-de-la-serie-2200\/"]}]},{"@type":"ImageObject","inLanguage":"es","@id":"https:\/\/www.eurotherm.com\/es\/products\/controladores-pid\/monolazo\/controladores-programadores-de-la-serie-2200\/#primaryimage","url":"https:\/\/www.eurotherm.com\/wp-content\/uploads\/2018\/10\/2200_Series.jpg","contentUrl":"https:\/\/www.eurotherm.com\/wp-content\/uploads\/2018\/10\/2200_Series.jpg","width":500,"height":500},{"@type":"BreadcrumbList","@id":"https:\/\/www.eurotherm.com\/es\/products\/controladores-pid\/monolazo\/controladores-programadores-de-la-serie-2200\/#breadcrumb","itemListElement":[{"@type":"ListItem","position":1,"name":"Home","item":"https:\/\/www.eurotherm.com\/es\/"},{"@type":"ListItem","position":2,"name":"Product Catalogue","item":"https:\/\/www.eurotherm.com\/es\/product-catalogue\/"},{"@type":"ListItem","position":3,"name":"Controladores PID","item":"https:\/\/www.eurotherm.com\/es\/eurotherm-products\/controladores-pid\/"},{"@type":"ListItem","position":4,"name":"Monolazo","item":"https:\/\/www.eurotherm.com\/es\/eurotherm-products\/controladores-pid\/monolazo\/"},{"@type":"ListItem","position":5,"name":"Controladores\/programadores de la serie 2200"}]},{"@type":"WebSite","@id":"https:\/\/www.eurotherm.com\/es\/#website","url":"https:\/\/www.eurotherm.com\/es\/","name":"Eurotherm Limited","description":"Temperature Control, Process Control, Measurement and Data Recording Solutions","potentialAction":[{"@type":"SearchAction","target":{"@type":"EntryPoint","urlTemplate":"https:\/\/www.eurotherm.com\/es\/?s={search_term_string}"},"query-input":{"@type":"PropertyValueSpecification","valueRequired":true,"valueName":"search_term_string"}}],"inLanguage":"es"}]}},"ACF":{"product_file":[27667,28128,28089,90351,28122,78478,28134,28090,27669,27671,27781,27780,27779,28121,27670,28093,87369,97153,27665,92216,104011,78477,28116,89545,78464,78479,28130,78465,28124,29213,28127,28123,28129,28149,28136,78487,97248,28132,90357,27668,27673,28113,28088,28133,28135,87015,28138,90350,27778,27672,27777,28115,26567,27597,28508,90352,28091,66535,26664,26662,26683,26673,29135,26684,26655,27888,26654,27963,27968,27962,28353,26658,26659,26657,29311,29347,27879,26661,26660,26665,26666,26663,26682,26669,28347,26668,26667,26670,26671,26680,26676,26681,26675,26678,26679,26672,26674,26656,26653,28348,26677,29348,29377,28536,26613,27877,28334,26618,26617,26616,90348],"product_status":"To Be Discontinued","enable_watlow_configurator":false},"jetpack_sharing_enabled":true,"_links":{"self":[{"href":"https:\/\/www.eurotherm.com\/es\/wp-json\/wp\/v2\/product\/21005","targetHints":{"allow":["GET"]}}],"collection":[{"href":"https:\/\/www.eurotherm.com\/es\/wp-json\/wp\/v2\/product"}],"about":[{"href":"https:\/\/www.eurotherm.com\/es\/wp-json\/wp\/v2\/types\/product"}],"wp:featuredmedia":[{"embeddable":true,"href":"https:\/\/www.eurotherm.com\/es\/wp-json\/wp\/v2\/media\/9191"}],"wp:attachment":[{"href":"https:\/\/www.eurotherm.com\/es\/wp-json\/wp\/v2\/media?parent=21005"}],"wp:term":[{"taxonomy":"product_brand","embeddable":true,"href":"https:\/\/www.eurotherm.com\/es\/wp-json\/wp\/v2\/product_brand?post=21005"},{"taxonomy":"product_cat","embeddable":true,"href":"https:\/\/www.eurotherm.com\/es\/wp-json\/wp\/v2\/product_cat?post=21005"},{"taxonomy":"product_tag","embeddable":true,"href":"https:\/\/www.eurotherm.com\/es\/wp-json\/wp\/v2\/product_tag?post=21005"}],"curies":[{"name":"wp","href":"https:\/\/api.w.org\/{rel}","templated":true}]}}